{"id":61327,"date":"2025-11-06T19:17:52","date_gmt":"2025-11-06T18:17:52","guid":{"rendered":"https:\/\/www.zazito.ooo\/?post_type=product&#038;p=61327"},"modified":"2026-03-20T12:08:44","modified_gmt":"2026-03-20T11:08:44","slug":"darcekovy-poukaz-divny-dom","status":"publish","type":"product","link":"https:\/\/www.zazito.ooo\/en\/hra\/darcekovy-poukaz-divny-dom\/","title":{"rendered":"Dar\u010dekov\u00fd poukaz &#8211; Divn\u00fd Dom"},"content":{"rendered":"<p>Chceli by ste bli\u017e\u0161ie spozna\u0165 svojho nov\u00e9ho kolegu \u010di partnera?<br \/>\nLep\u0161ia cesta ako <strong>\u00fanikov\u00e1 hra<\/strong> nejestvuje. Zistite, ako va\u0161i priatelia reaguj\u00fa pod tlakom, \u010di dok\u00e1\u017eu triezvo a logicky uva\u017eova\u0165, a pritom nestr\u00e1caj\u00fa humor.<br \/>\n<strong>Dar\u010dekov\u00fd poukaz na hru <span style=\"color: #e43d4e;\"><a style=\"color: #e43d4e;\" href=\"https:\/\/www.zazito.ooo\/en\/hra\/divna-basa\/\">Divn<\/a>\u00fd Dom<\/span><\/strong> m\u00f4\u017ee vyu\u017ei\u0165 cel\u00e9 osadenstvo va\u0161ej kancel\u00e1rie, a tak sa nielen zbav\u00ed stereotypu, ale mo\u017eno aj v\u0161etk\u00fdch z\u00e1bran&#8230;<\/p>\n<p>&nbsp;<\/p>\n<h3><strong>Platnos\u0165: <\/strong>12 mesiacov<\/h3>\n<p>&nbsp;<\/p>\n<h3><strong>Rezerv\u00e1cia:<\/strong> ide\u00e1lne aspo\u0148 t\u00fd\u017ede\u0148 vopred, cez rezerva\u010dn\u00fd online syst\u00e9m<\/h3>","protected":false},"excerpt":{"rendered":"<p>Chceli by ste bli\u017e\u0161ie spozna\u0165 svojho nov\u00e9ho kolegu \u010di partnera? Lep\u0161ia cesta ako \u00fanikov\u00e1 hra nejestvuje. Zistite, ako va\u0161i priatelia reaguj\u00fa pod tlakom, \u010di dok\u00e1\u017eu triezvo a logicky uva\u017eova\u0165, a pritom nestr\u00e1caj\u00fa humor. Dar\u010dekov\u00fd poukaz na hru Divn\u00fd Dom m\u00f4\u017ee vyu\u017ei\u0165 cel\u00e9 osadenstvo va\u0161ej kancel\u00e1rie, a tak sa nielen zbav\u00ed stereotypu, ale mo\u017eno aj v\u0161etk\u00fdch&hellip;<\/p>","protected":false},"featured_media":61328,"comment_status":"open","ping_status":"closed","template":"","meta":[],"product_brand":[],"product_cat":[17],"product_tag":[],"class_list":{"0":"post-61327","1":"product","2":"type-product","3":"status-publish","4":"has-post-thumbnail","6":"product_cat-zazitkove-darceky","8":"first","9":"instock","10":"taxable","11":"shipping-taxable","12":"purchasable","13":"product-type-simple"},"yoast_head":"<!-- This site is optimized with the Yoast SEO plugin v27.2 - https:\/\/yoast.com\/product\/yoast-seo-wordpress\/ -->\n<title>Dar\u010dekov\u00fd poukaz - Divn\u00fd Dom - Zazito.ooo<\/title>\n<meta name=\"robots\" content=\"index, follow, max-snippet:-1, max-image-preview:large, max-video-preview:-1\" \/>\n<link rel=\"canonical\" href=\"https:\/\/www.zazito.ooo\/en\/hra\/darcekovy-poukaz-divny-dom\/\" \/>\n<meta property=\"og:locale\" content=\"en_US\" \/>\n<meta property=\"og:type\" content=\"article\" \/>\n<meta property=\"og:title\" content=\"Dar\u010dekov\u00fd poukaz - Divn\u00fd Dom - Zazito.ooo\" \/>\n<meta property=\"og:description\" content=\"Chceli by ste bli\u017e\u0161ie spozna\u0165 svojho nov\u00e9ho kolegu \u010di partnera? Lep\u0161ia cesta ako \u00fanikov\u00e1 hra nejestvuje. Zistite, ako va\u0161i priatelia reaguj\u00fa pod tlakom, \u010di dok\u00e1\u017eu triezvo a logicky uva\u017eova\u0165, a pritom nestr\u00e1caj\u00fa humor. Dar\u010dekov\u00fd poukaz na hru Divn\u00fd Dom m\u00f4\u017ee vyu\u017ei\u0165 cel\u00e9 osadenstvo va\u0161ej kancel\u00e1rie, a tak sa nielen zbav\u00ed stereotypu, ale mo\u017eno aj v\u0161etk\u00fdch&hellip;\" \/>\n<meta property=\"og:url\" content=\"https:\/\/www.zazito.ooo\/en\/hra\/darcekovy-poukaz-divny-dom\/\" \/>\n<meta property=\"og:site_name\" content=\"Zazito.ooo\" \/>\n<meta property=\"article:publisher\" content=\"https:\/\/www.facebook.com\/zazitooo\/\" \/>\n<meta property=\"article:modified_time\" content=\"2026-03-20T11:08:44+00:00\" \/>\n<meta name=\"twitter:card\" content=\"summary_large_image\" \/>\n<meta name=\"twitter:label1\" content=\"Est. reading time\" \/>\n\t<meta name=\"twitter:data1\" content=\"1 minute\" \/>\n<script type=\"application\/ld+json\" class=\"yoast-schema-graph\">{\"@context\":\"https:\/\/schema.org\",\"@graph\":[{\"@type\":\"WebPage\",\"@id\":\"https:\/\/www.zazito.ooo\/en\/hra\/darcekovy-poukaz-divny-dom\/\",\"url\":\"https:\/\/www.zazito.ooo\/en\/hra\/darcekovy-poukaz-divny-dom\/\",\"name\":\"Dar\u010dekov\u00fd poukaz - Divn\u00fd Dom - Zazito.ooo\",\"isPartOf\":{\"@id\":\"https:\/\/www.zazito.ooo\/en\/#website\"},\"primaryImageOfPage\":{\"@id\":\"https:\/\/www.zazito.ooo\/en\/hra\/darcekovy-poukaz-divny-dom\/#primaryimage\"},\"image\":{\"@id\":\"https:\/\/www.zazito.ooo\/en\/hra\/darcekovy-poukaz-divny-dom\/#primaryimage\"},\"thumbnailUrl\":\"https:\/\/www.zazito.ooo\/wp-content\/uploads\/2025\/11\/divny-dom-darcek-DL-1-pdf.jpg\",\"datePublished\":\"2025-11-06T18:17:52+00:00\",\"dateModified\":\"2026-03-20T11:08:44+00:00\",\"breadcrumb\":{\"@id\":\"https:\/\/www.zazito.ooo\/en\/hra\/darcekovy-poukaz-divny-dom\/#breadcrumb\"},\"inLanguage\":\"en-US\",\"potentialAction\":[{\"@type\":\"ReadAction\",\"target\":[\"https:\/\/www.zazito.ooo\/en\/hra\/darcekovy-poukaz-divny-dom\/\"]}]},{\"@type\":\"ImageObject\",\"inLanguage\":\"en-US\",\"@id\":\"https:\/\/www.zazito.ooo\/en\/hra\/darcekovy-poukaz-divny-dom\/#primaryimage\",\"url\":\"https:\/\/www.zazito.ooo\/wp-content\/uploads\/2025\/11\/divny-dom-darcek-DL-1-pdf.jpg\",\"contentUrl\":\"https:\/\/www.zazito.ooo\/wp-content\/uploads\/2025\/11\/divny-dom-darcek-DL-1-pdf.jpg\"},{\"@type\":\"BreadcrumbList\",\"@id\":\"https:\/\/www.zazito.ooo\/en\/hra\/darcekovy-poukaz-divny-dom\/#breadcrumb\",\"itemListElement\":[{\"@type\":\"ListItem\",\"position\":1,\"name\":\"Home\",\"item\":\"https:\/\/www.zazito.ooo\/\"},{\"@type\":\"ListItem\",\"position\":2,\"name\":\"Obchod\",\"item\":\"https:\/\/www.zazito.ooo\/obchod\/\"},{\"@type\":\"ListItem\",\"position\":3,\"name\":\"Dar\u010dekov\u00fd poukaz &#8211; Divn\u00fd Dom\"}]},{\"@type\":\"WebSite\",\"@id\":\"https:\/\/www.zazito.ooo\/en\/#website\",\"url\":\"https:\/\/www.zazito.ooo\/en\/\",\"name\":\"Zazito.ooo\",\"description\":\"origin\u00e1lne escape games v Bratislave\",\"publisher\":{\"@id\":\"https:\/\/www.zazito.ooo\/en\/#organization\"},\"potentialAction\":[{\"@type\":\"SearchAction\",\"target\":{\"@type\":\"EntryPoint\",\"urlTemplate\":\"https:\/\/www.zazito.ooo\/en\/?s={search_term_string}\"},\"query-input\":{\"@type\":\"PropertyValueSpecification\",\"valueRequired\":true,\"valueName\":\"search_term_string\"}}],\"inLanguage\":\"en-US\"},{\"@type\":\"Organization\",\"@id\":\"https:\/\/www.zazito.ooo\/en\/#organization\",\"name\":\"Zazito, s.r.o.\",\"url\":\"https:\/\/www.zazito.ooo\/en\/\",\"logo\":{\"@type\":\"ImageObject\",\"inLanguage\":\"en-US\",\"@id\":\"https:\/\/www.zazito.ooo\/en\/#\/schema\/logo\/image\/\",\"url\":\"https:\/\/www.zazito.ooo\/wp-content\/uploads\/2019\/08\/zazito_logo.jpg\",\"contentUrl\":\"https:\/\/www.zazito.ooo\/wp-content\/uploads\/2019\/08\/zazito_logo.jpg\",\"width\":1080,\"height\":1080,\"caption\":\"Zazito, s.r.o.\"},\"image\":{\"@id\":\"https:\/\/www.zazito.ooo\/en\/#\/schema\/logo\/image\/\"},\"sameAs\":[\"https:\/\/www.facebook.com\/zazitooo\/\",\"https:\/\/www.instagram.com\/zazito.ooo\/?hl=sk\"]}]}<\/script>\n<!-- \/ Yoast SEO plugin. -->","yoast_head_json":{"title":"Dar\u010dekov\u00fd poukaz - Divn\u00fd Dom - Zazito.ooo","robots":{"index":"index","follow":"follow","max-snippet":"max-snippet:-1","max-image-preview":"max-image-preview:large","max-video-preview":"max-video-preview:-1"},"canonical":"https:\/\/www.zazito.ooo\/en\/hra\/darcekovy-poukaz-divny-dom\/","og_locale":"en_US","og_type":"article","og_title":"Dar\u010dekov\u00fd poukaz - Divn\u00fd Dom - Zazito.ooo","og_description":"Chceli by ste bli\u017e\u0161ie spozna\u0165 svojho nov\u00e9ho kolegu \u010di partnera? Lep\u0161ia cesta ako \u00fanikov\u00e1 hra nejestvuje. Zistite, ako va\u0161i priatelia reaguj\u00fa pod tlakom, \u010di dok\u00e1\u017eu triezvo a logicky uva\u017eova\u0165, a pritom nestr\u00e1caj\u00fa humor. Dar\u010dekov\u00fd poukaz na hru Divn\u00fd Dom m\u00f4\u017ee vyu\u017ei\u0165 cel\u00e9 osadenstvo va\u0161ej kancel\u00e1rie, a tak sa nielen zbav\u00ed stereotypu, ale mo\u017eno aj v\u0161etk\u00fdch&hellip;","og_url":"https:\/\/www.zazito.ooo\/en\/hra\/darcekovy-poukaz-divny-dom\/","og_site_name":"Zazito.ooo","article_publisher":"https:\/\/www.facebook.com\/zazitooo\/","article_modified_time":"2026-03-20T11:08:44+00:00","twitter_card":"summary_large_image","twitter_misc":{"Est. reading time":"1 minute"},"schema":{"@context":"https:\/\/schema.org","@graph":[{"@type":"WebPage","@id":"https:\/\/www.zazito.ooo\/en\/hra\/darcekovy-poukaz-divny-dom\/","url":"https:\/\/www.zazito.ooo\/en\/hra\/darcekovy-poukaz-divny-dom\/","name":"Dar\u010dekov\u00fd poukaz - Divn\u00fd Dom - Zazito.ooo","isPartOf":{"@id":"https:\/\/www.zazito.ooo\/en\/#website"},"primaryImageOfPage":{"@id":"https:\/\/www.zazito.ooo\/en\/hra\/darcekovy-poukaz-divny-dom\/#primaryimage"},"image":{"@id":"https:\/\/www.zazito.ooo\/en\/hra\/darcekovy-poukaz-divny-dom\/#primaryimage"},"thumbnailUrl":"https:\/\/www.zazito.ooo\/wp-content\/uploads\/2025\/11\/divny-dom-darcek-DL-1-pdf.jpg","datePublished":"2025-11-06T18:17:52+00:00","dateModified":"2026-03-20T11:08:44+00:00","breadcrumb":{"@id":"https:\/\/www.zazito.ooo\/en\/hra\/darcekovy-poukaz-divny-dom\/#breadcrumb"},"inLanguage":"en-US","potentialAction":[{"@type":"ReadAction","target":["https:\/\/www.zazito.ooo\/en\/hra\/darcekovy-poukaz-divny-dom\/"]}]},{"@type":"ImageObject","inLanguage":"en-US","@id":"https:\/\/www.zazito.ooo\/en\/hra\/darcekovy-poukaz-divny-dom\/#primaryimage","url":"https:\/\/www.zazito.ooo\/wp-content\/uploads\/2025\/11\/divny-dom-darcek-DL-1-pdf.jpg","contentUrl":"https:\/\/www.zazito.ooo\/wp-content\/uploads\/2025\/11\/divny-dom-darcek-DL-1-pdf.jpg"},{"@type":"BreadcrumbList","@id":"https:\/\/www.zazito.ooo\/en\/hra\/darcekovy-poukaz-divny-dom\/#breadcrumb","itemListElement":[{"@type":"ListItem","position":1,"name":"Home","item":"https:\/\/www.zazito.ooo\/"},{"@type":"ListItem","position":2,"name":"Obchod","item":"https:\/\/www.zazito.ooo\/obchod\/"},{"@type":"ListItem","position":3,"name":"Dar\u010dekov\u00fd poukaz &#8211; Divn\u00fd Dom"}]},{"@type":"WebSite","@id":"https:\/\/www.zazito.ooo\/en\/#website","url":"https:\/\/www.zazito.ooo\/en\/","name":"Zazito.ooo","description":"origin\u00e1lne escape games v Bratislave","publisher":{"@id":"https:\/\/www.zazito.ooo\/en\/#organization"},"potentialAction":[{"@type":"SearchAction","target":{"@type":"EntryPoint","urlTemplate":"https:\/\/www.zazito.ooo\/en\/?s={search_term_string}"},"query-input":{"@type":"PropertyValueSpecification","valueRequired":true,"valueName":"search_term_string"}}],"inLanguage":"en-US"},{"@type":"Organization","@id":"https:\/\/www.zazito.ooo\/en\/#organization","name":"Zazito, s.r.o.","url":"https:\/\/www.zazito.ooo\/en\/","logo":{"@type":"ImageObject","inLanguage":"en-US","@id":"https:\/\/www.zazito.ooo\/en\/#\/schema\/logo\/image\/","url":"https:\/\/www.zazito.ooo\/wp-content\/uploads\/2019\/08\/zazito_logo.jpg","contentUrl":"https:\/\/www.zazito.ooo\/wp-content\/uploads\/2019\/08\/zazito_logo.jpg","width":1080,"height":1080,"caption":"Zazito, s.r.o."},"image":{"@id":"https:\/\/www.zazito.ooo\/en\/#\/schema\/logo\/image\/"},"sameAs":["https:\/\/www.facebook.com\/zazitooo\/","https:\/\/www.instagram.com\/zazito.ooo\/?hl=sk"]}]}},"_links":{"self":[{"href":"https:\/\/www.zazito.ooo\/en\/wp-json\/wp\/v2\/product\/61327","targetHints":{"allow":["GET"]}}],"collection":[{"href":"https:\/\/www.zazito.ooo\/en\/wp-json\/wp\/v2\/product"}],"about":[{"href":"https:\/\/www.zazito.ooo\/en\/wp-json\/wp\/v2\/types\/product"}],"replies":[{"embeddable":true,"href":"https:\/\/www.zazito.ooo\/en\/wp-json\/wp\/v2\/comments?post=61327"}],"wp:featuredmedia":[{"embeddable":true,"href":"https:\/\/www.zazito.ooo\/en\/wp-json\/wp\/v2\/media\/61328"}],"wp:attachment":[{"href":"https:\/\/www.zazito.ooo\/en\/wp-json\/wp\/v2\/media?parent=61327"}],"wp:term":[{"taxonomy":"product_brand","embeddable":true,"href":"https:\/\/www.zazito.ooo\/en\/wp-json\/wp\/v2\/product_brand?post=61327"},{"taxonomy":"product_cat","embeddable":true,"href":"https:\/\/www.zazito.ooo\/en\/wp-json\/wp\/v2\/product_cat?post=61327"},{"taxonomy":"product_tag","embeddable":true,"href":"https:\/\/www.zazito.ooo\/en\/wp-json\/wp\/v2\/product_tag?post=61327"}],"curies":[{"name":"wp","href":"https:\/\/api.w.org\/{rel}","templated":true}]}}