{"id":61095,"date":"2025-11-01T20:30:59","date_gmt":"2025-11-01T19:30:59","guid":{"rendered":"https:\/\/www.zazito.ooo\/?post_type=product&#038;p=61095"},"modified":"2025-11-24T21:13:25","modified_gmt":"2025-11-24T20:13:25","slug":"posledna-polovacka-detektivka-bratislava","status":"publish","type":"product","link":"https:\/\/www.zazito.ooo\/en\/hra\/posledna-polovacka-detektivka-bratislava\/","title":{"rendered":"Posledn\u00e1 po\u013eova\u010dka \u2013 detekt\u00edvka Bratislava"},"content":{"rendered":"<p><strong>Posledn\u00e1 po\u013eova\u010dka<\/strong><\/p>\n<p>V po\u013eovn\u00edcky zariadenej kancel\u00e1rii podnikate\u013ea\u00a0<strong>Du\u0161ana Gregu<\/strong>\u00a0sa odohrala brut\u00e1lna vra\u017eda. Mu\u017e, ktor\u00fd roky staval svoju poves\u0165 na loveck\u00fdch \u00faspechoch a politick\u00fdch zn\u00e1mostiach, sa stal tentoraz\u00a0<strong>s\u00e1m koris\u0165ou<\/strong>.<\/p>\n<p>Hr\u00e1\u010di sa ocitn\u00fa uprostred vy\u0161etrovania, kde ni\u010d nie je tak\u00e9, ako sa zd\u00e1. Brat, matka, milenka, obchodn\u00fd partner, dokonca aj priate\u013e rodiny \u2013 ka\u017ed\u00fd mohol ma\u0165 d\u00f4vod siahnu\u0165 mu na \u017eivot. Z kancel\u00e1rie mizn\u00fa dokumenty, v \u0161upl\u00edkoch sa objavuj\u00fa skryt\u00e9 listy, star\u00e9 fotografie z po\u013eova\u010diek odha\u013euj\u00fa nepr\u00edjemn\u00e9 tajomstv\u00e1.<\/p>\n<p>\u00dalohou t\u00edmu je postupne zbiera\u0165 stopy, vypo\u010d\u00fava\u0165 podozriv\u00fdch a rozl\u00fa\u0161ti\u0165, kto stoj\u00ed za vra\u017edou. Budete h\u013eada\u0165\u00a0<strong>pravdu o rodine Gregovcov, n\u00e1bojniciach, ktor\u00e9 nikdy nemali by\u0165 n\u00e1jden\u00e9, a palici, ktor\u00e1 ukr\u00fdvala smr\u0165<\/strong>.<\/p>\n<p><strong>Posledn\u00e1 po\u013eova\u010dka<\/strong>\u00a0\u2013 detekt\u00edvna hra pln\u00e1 rodinn\u00fdch intr\u00edg, l\u017e\u00ed a skryt\u00fdch mot\u00edvov. Lov za\u010d\u00edna\u2026<\/p>","protected":false},"excerpt":{"rendered":"<p>Posledn\u00e1 po\u013eova\u010dka V po\u013eovn\u00edcky zariadenej kancel\u00e1rii podnikate\u013ea\u00a0Du\u0161ana Gregu\u00a0sa odohrala brut\u00e1lna vra\u017eda. Mu\u017e, ktor\u00fd roky staval svoju poves\u0165 na loveck\u00fdch \u00faspechoch a politick\u00fdch zn\u00e1mostiach, sa stal tentoraz\u00a0s\u00e1m koris\u0165ou. Hr\u00e1\u010di sa ocitn\u00fa uprostred vy\u0161etrovania, kde ni\u010d nie je tak\u00e9, ako sa zd\u00e1. Brat, matka, milenka, obchodn\u00fd partner, dokonca aj priate\u013e rodiny \u2013 ka\u017ed\u00fd mohol ma\u0165 d\u00f4vod siahnu\u0165&hellip;<\/p>","protected":false},"featured_media":61190,"comment_status":"open","ping_status":"closed","template":"","meta":[],"product_brand":[],"product_cat":[32,15],"product_tag":[55],"class_list":{"0":"post-61095","1":"product","2":"type-product","3":"status-publish","4":"has-post-thumbnail","6":"product_cat-detektivne-hry","7":"product_cat-hry","8":"product_tag-s-rezervacnym-detektivka","10":"first","11":"instock","12":"taxable","13":"shipping-taxable","14":"purchasable","15":"product-type-simple"},"yoast_head":"<!-- This site is optimized with the Yoast SEO plugin v27.2 - https:\/\/yoast.com\/product\/yoast-seo-wordpress\/ -->\n<title>Posledn\u00e1 po\u013eova\u010dka \u2013 detekt\u00edvka Bratislava - Zazito.ooo<\/title>\n<meta name=\"robots\" content=\"index, follow, max-snippet:-1, max-image-preview:large, max-video-preview:-1\" \/>\n<link rel=\"canonical\" href=\"https:\/\/www.zazito.ooo\/en\/hra\/posledna-polovacka-detektivka-bratislava\/\" \/>\n<meta property=\"og:locale\" content=\"en_US\" \/>\n<meta property=\"og:type\" content=\"article\" \/>\n<meta property=\"og:title\" content=\"Posledn\u00e1 po\u013eova\u010dka \u2013 detekt\u00edvka Bratislava - Zazito.ooo\" \/>\n<meta property=\"og:description\" content=\"Posledn\u00e1 po\u013eova\u010dka V po\u013eovn\u00edcky zariadenej kancel\u00e1rii podnikate\u013ea\u00a0Du\u0161ana Gregu\u00a0sa odohrala brut\u00e1lna vra\u017eda. Mu\u017e, ktor\u00fd roky staval svoju poves\u0165 na loveck\u00fdch \u00faspechoch a politick\u00fdch zn\u00e1mostiach, sa stal tentoraz\u00a0s\u00e1m koris\u0165ou. Hr\u00e1\u010di sa ocitn\u00fa uprostred vy\u0161etrovania, kde ni\u010d nie je tak\u00e9, ako sa zd\u00e1. Brat, matka, milenka, obchodn\u00fd partner, dokonca aj priate\u013e rodiny \u2013 ka\u017ed\u00fd mohol ma\u0165 d\u00f4vod siahnu\u0165&hellip;\" \/>\n<meta property=\"og:url\" content=\"https:\/\/www.zazito.ooo\/en\/hra\/posledna-polovacka-detektivka-bratislava\/\" \/>\n<meta property=\"og:site_name\" content=\"Zazito.ooo\" \/>\n<meta property=\"article:publisher\" content=\"https:\/\/www.facebook.com\/zazitooo\/\" \/>\n<meta property=\"article:modified_time\" content=\"2025-11-24T20:13:25+00:00\" \/>\n<meta property=\"og:image\" content=\"https:\/\/www.zazito.ooo\/wp-content\/uploads\/2025\/10\/ChatGPT-Image-13.-10.-2025-14_59_20-1024x683.png\" \/>\n\t<meta property=\"og:image:width\" content=\"1024\" \/>\n\t<meta property=\"og:image:height\" content=\"683\" \/>\n\t<meta property=\"og:image:type\" content=\"image\/png\" \/>\n<meta name=\"twitter:card\" content=\"summary_large_image\" \/>\n<meta name=\"twitter:label1\" content=\"Est. reading time\" \/>\n\t<meta name=\"twitter:data1\" content=\"1 minute\" \/>\n<script type=\"application\/ld+json\" class=\"yoast-schema-graph\">{\"@context\":\"https:\/\/schema.org\",\"@graph\":[{\"@type\":\"WebPage\",\"@id\":\"https:\/\/www.zazito.ooo\/en\/hra\/posledna-polovacka-detektivka-bratislava\/\",\"url\":\"https:\/\/www.zazito.ooo\/en\/hra\/posledna-polovacka-detektivka-bratislava\/\",\"name\":\"Posledn\u00e1 po\u013eova\u010dka \u2013 detekt\u00edvka Bratislava - Zazito.ooo\",\"isPartOf\":{\"@id\":\"https:\/\/www.zazito.ooo\/en\/#website\"},\"primaryImageOfPage\":{\"@id\":\"https:\/\/www.zazito.ooo\/en\/hra\/posledna-polovacka-detektivka-bratislava\/#primaryimage\"},\"image\":{\"@id\":\"https:\/\/www.zazito.ooo\/en\/hra\/posledna-polovacka-detektivka-bratislava\/#primaryimage\"},\"thumbnailUrl\":\"https:\/\/www.zazito.ooo\/wp-content\/uploads\/2025\/10\/ChatGPT-Image-13.-10.-2025-14_59_20.png\",\"datePublished\":\"2025-11-01T19:30:59+00:00\",\"dateModified\":\"2025-11-24T20:13:25+00:00\",\"breadcrumb\":{\"@id\":\"https:\/\/www.zazito.ooo\/en\/hra\/posledna-polovacka-detektivka-bratislava\/#breadcrumb\"},\"inLanguage\":\"en-US\",\"potentialAction\":[{\"@type\":\"ReadAction\",\"target\":[\"https:\/\/www.zazito.ooo\/en\/hra\/posledna-polovacka-detektivka-bratislava\/\"]}]},{\"@type\":\"ImageObject\",\"inLanguage\":\"en-US\",\"@id\":\"https:\/\/www.zazito.ooo\/en\/hra\/posledna-polovacka-detektivka-bratislava\/#primaryimage\",\"url\":\"https:\/\/www.zazito.ooo\/wp-content\/uploads\/2025\/10\/ChatGPT-Image-13.-10.-2025-14_59_20.png\",\"contentUrl\":\"https:\/\/www.zazito.ooo\/wp-content\/uploads\/2025\/10\/ChatGPT-Image-13.-10.-2025-14_59_20.png\",\"width\":1536,\"height\":1024},{\"@type\":\"BreadcrumbList\",\"@id\":\"https:\/\/www.zazito.ooo\/en\/hra\/posledna-polovacka-detektivka-bratislava\/#breadcrumb\",\"itemListElement\":[{\"@type\":\"ListItem\",\"position\":1,\"name\":\"Home\",\"item\":\"https:\/\/www.zazito.ooo\/\"},{\"@type\":\"ListItem\",\"position\":2,\"name\":\"Obchod\",\"item\":\"https:\/\/www.zazito.ooo\/obchod\/\"},{\"@type\":\"ListItem\",\"position\":3,\"name\":\"Posledn\u00e1 po\u013eova\u010dka \u2013 detekt\u00edvka Bratislava\"}]},{\"@type\":\"WebSite\",\"@id\":\"https:\/\/www.zazito.ooo\/en\/#website\",\"url\":\"https:\/\/www.zazito.ooo\/en\/\",\"name\":\"Zazito.ooo\",\"description\":\"origin\u00e1lne escape games v Bratislave\",\"publisher\":{\"@id\":\"https:\/\/www.zazito.ooo\/en\/#organization\"},\"potentialAction\":[{\"@type\":\"SearchAction\",\"target\":{\"@type\":\"EntryPoint\",\"urlTemplate\":\"https:\/\/www.zazito.ooo\/en\/?s={search_term_string}\"},\"query-input\":{\"@type\":\"PropertyValueSpecification\",\"valueRequired\":true,\"valueName\":\"search_term_string\"}}],\"inLanguage\":\"en-US\"},{\"@type\":\"Organization\",\"@id\":\"https:\/\/www.zazito.ooo\/en\/#organization\",\"name\":\"Zazito, s.r.o.\",\"url\":\"https:\/\/www.zazito.ooo\/en\/\",\"logo\":{\"@type\":\"ImageObject\",\"inLanguage\":\"en-US\",\"@id\":\"https:\/\/www.zazito.ooo\/en\/#\/schema\/logo\/image\/\",\"url\":\"https:\/\/www.zazito.ooo\/wp-content\/uploads\/2019\/08\/zazito_logo.jpg\",\"contentUrl\":\"https:\/\/www.zazito.ooo\/wp-content\/uploads\/2019\/08\/zazito_logo.jpg\",\"width\":1080,\"height\":1080,\"caption\":\"Zazito, s.r.o.\"},\"image\":{\"@id\":\"https:\/\/www.zazito.ooo\/en\/#\/schema\/logo\/image\/\"},\"sameAs\":[\"https:\/\/www.facebook.com\/zazitooo\/\",\"https:\/\/www.instagram.com\/zazito.ooo\/?hl=sk\"]}]}<\/script>\n<!-- \/ Yoast SEO plugin. -->","yoast_head_json":{"title":"Posledn\u00e1 po\u013eova\u010dka \u2013 detekt\u00edvka Bratislava - Zazito.ooo","robots":{"index":"index","follow":"follow","max-snippet":"max-snippet:-1","max-image-preview":"max-image-preview:large","max-video-preview":"max-video-preview:-1"},"canonical":"https:\/\/www.zazito.ooo\/en\/hra\/posledna-polovacka-detektivka-bratislava\/","og_locale":"en_US","og_type":"article","og_title":"Posledn\u00e1 po\u013eova\u010dka \u2013 detekt\u00edvka Bratislava - Zazito.ooo","og_description":"Posledn\u00e1 po\u013eova\u010dka V po\u013eovn\u00edcky zariadenej kancel\u00e1rii podnikate\u013ea\u00a0Du\u0161ana Gregu\u00a0sa odohrala brut\u00e1lna vra\u017eda. Mu\u017e, ktor\u00fd roky staval svoju poves\u0165 na loveck\u00fdch \u00faspechoch a politick\u00fdch zn\u00e1mostiach, sa stal tentoraz\u00a0s\u00e1m koris\u0165ou. Hr\u00e1\u010di sa ocitn\u00fa uprostred vy\u0161etrovania, kde ni\u010d nie je tak\u00e9, ako sa zd\u00e1. Brat, matka, milenka, obchodn\u00fd partner, dokonca aj priate\u013e rodiny \u2013 ka\u017ed\u00fd mohol ma\u0165 d\u00f4vod siahnu\u0165&hellip;","og_url":"https:\/\/www.zazito.ooo\/en\/hra\/posledna-polovacka-detektivka-bratislava\/","og_site_name":"Zazito.ooo","article_publisher":"https:\/\/www.facebook.com\/zazitooo\/","article_modified_time":"2025-11-24T20:13:25+00:00","og_image":[{"width":1024,"height":683,"url":"https:\/\/www.zazito.ooo\/wp-content\/uploads\/2025\/10\/ChatGPT-Image-13.-10.-2025-14_59_20-1024x683.png","type":"image\/png"}],"twitter_card":"summary_large_image","twitter_misc":{"Est. reading time":"1 minute"},"schema":{"@context":"https:\/\/schema.org","@graph":[{"@type":"WebPage","@id":"https:\/\/www.zazito.ooo\/en\/hra\/posledna-polovacka-detektivka-bratislava\/","url":"https:\/\/www.zazito.ooo\/en\/hra\/posledna-polovacka-detektivka-bratislava\/","name":"Posledn\u00e1 po\u013eova\u010dka \u2013 detekt\u00edvka Bratislava - Zazito.ooo","isPartOf":{"@id":"https:\/\/www.zazito.ooo\/en\/#website"},"primaryImageOfPage":{"@id":"https:\/\/www.zazito.ooo\/en\/hra\/posledna-polovacka-detektivka-bratislava\/#primaryimage"},"image":{"@id":"https:\/\/www.zazito.ooo\/en\/hra\/posledna-polovacka-detektivka-bratislava\/#primaryimage"},"thumbnailUrl":"https:\/\/www.zazito.ooo\/wp-content\/uploads\/2025\/10\/ChatGPT-Image-13.-10.-2025-14_59_20.png","datePublished":"2025-11-01T19:30:59+00:00","dateModified":"2025-11-24T20:13:25+00:00","breadcrumb":{"@id":"https:\/\/www.zazito.ooo\/en\/hra\/posledna-polovacka-detektivka-bratislava\/#breadcrumb"},"inLanguage":"en-US","potentialAction":[{"@type":"ReadAction","target":["https:\/\/www.zazito.ooo\/en\/hra\/posledna-polovacka-detektivka-bratislava\/"]}]},{"@type":"ImageObject","inLanguage":"en-US","@id":"https:\/\/www.zazito.ooo\/en\/hra\/posledna-polovacka-detektivka-bratislava\/#primaryimage","url":"https:\/\/www.zazito.ooo\/wp-content\/uploads\/2025\/10\/ChatGPT-Image-13.-10.-2025-14_59_20.png","contentUrl":"https:\/\/www.zazito.ooo\/wp-content\/uploads\/2025\/10\/ChatGPT-Image-13.-10.-2025-14_59_20.png","width":1536,"height":1024},{"@type":"BreadcrumbList","@id":"https:\/\/www.zazito.ooo\/en\/hra\/posledna-polovacka-detektivka-bratislava\/#breadcrumb","itemListElement":[{"@type":"ListItem","position":1,"name":"Home","item":"https:\/\/www.zazito.ooo\/"},{"@type":"ListItem","position":2,"name":"Obchod","item":"https:\/\/www.zazito.ooo\/obchod\/"},{"@type":"ListItem","position":3,"name":"Posledn\u00e1 po\u013eova\u010dka \u2013 detekt\u00edvka Bratislava"}]},{"@type":"WebSite","@id":"https:\/\/www.zazito.ooo\/en\/#website","url":"https:\/\/www.zazito.ooo\/en\/","name":"Zazito.ooo","description":"origin\u00e1lne escape games v Bratislave","publisher":{"@id":"https:\/\/www.zazito.ooo\/en\/#organization"},"potentialAction":[{"@type":"SearchAction","target":{"@type":"EntryPoint","urlTemplate":"https:\/\/www.zazito.ooo\/en\/?s={search_term_string}"},"query-input":{"@type":"PropertyValueSpecification","valueRequired":true,"valueName":"search_term_string"}}],"inLanguage":"en-US"},{"@type":"Organization","@id":"https:\/\/www.zazito.ooo\/en\/#organization","name":"Zazito, s.r.o.","url":"https:\/\/www.zazito.ooo\/en\/","logo":{"@type":"ImageObject","inLanguage":"en-US","@id":"https:\/\/www.zazito.ooo\/en\/#\/schema\/logo\/image\/","url":"https:\/\/www.zazito.ooo\/wp-content\/uploads\/2019\/08\/zazito_logo.jpg","contentUrl":"https:\/\/www.zazito.ooo\/wp-content\/uploads\/2019\/08\/zazito_logo.jpg","width":1080,"height":1080,"caption":"Zazito, s.r.o."},"image":{"@id":"https:\/\/www.zazito.ooo\/en\/#\/schema\/logo\/image\/"},"sameAs":["https:\/\/www.facebook.com\/zazitooo\/","https:\/\/www.instagram.com\/zazito.ooo\/?hl=sk"]}]}},"_links":{"self":[{"href":"https:\/\/www.zazito.ooo\/en\/wp-json\/wp\/v2\/product\/61095","targetHints":{"allow":["GET"]}}],"collection":[{"href":"https:\/\/www.zazito.ooo\/en\/wp-json\/wp\/v2\/product"}],"about":[{"href":"https:\/\/www.zazito.ooo\/en\/wp-json\/wp\/v2\/types\/product"}],"replies":[{"embeddable":true,"href":"https:\/\/www.zazito.ooo\/en\/wp-json\/wp\/v2\/comments?post=61095"}],"wp:featuredmedia":[{"embeddable":true,"href":"https:\/\/www.zazito.ooo\/en\/wp-json\/wp\/v2\/media\/61190"}],"wp:attachment":[{"href":"https:\/\/www.zazito.ooo\/en\/wp-json\/wp\/v2\/media?parent=61095"}],"wp:term":[{"taxonomy":"product_brand","embeddable":true,"href":"https:\/\/www.zazito.ooo\/en\/wp-json\/wp\/v2\/product_brand?post=61095"},{"taxonomy":"product_cat","embeddable":true,"href":"https:\/\/www.zazito.ooo\/en\/wp-json\/wp\/v2\/product_cat?post=61095"},{"taxonomy":"product_tag","embeddable":true,"href":"https:\/\/www.zazito.ooo\/en\/wp-json\/wp\/v2\/product_tag?post=61095"}],"curies":[{"name":"wp","href":"https:\/\/api.w.org\/{rel}","templated":true}]}}