{"id":61087,"date":"2025-10-01T21:28:10","date_gmt":"2025-10-01T19:28:10","guid":{"rendered":"https:\/\/www.zazito.ooo\/?post_type=product&#038;p=61087"},"modified":"2025-11-06T20:20:56","modified_gmt":"2025-11-06T19:20:56","slug":"sarlatan-detektivka-zlate-moravce","status":"publish","type":"product","link":"https:\/\/www.zazito.ooo\/en\/hra\/sarlatan-detektivka-zlate-moravce\/","title":{"rendered":"\u0160arlat\u00e1n \u2013 detekt\u00edvka Zlat\u00e9 Moravce"},"content":{"rendered":"<p>Alternat\u00edvna medic\u00edna m\u00e1 svoju temn\u00fa str\u00e1nku&#8230;<\/p>\n<p>&nbsp;<\/p>\n<p>V\u00a0Ambulancii alternat\u00edvnej medic\u00edny do\u0161lo k \u0161okuj\u00facej vra\u017ede!<\/p>\n<p>Zavra\u017eden\u00fd je kontroverzn\u00fd alternat\u00edvny doktor \u2013 \u0161arlat\u00e1n, ktor\u00fd s\u013euboval z\u00e1zra\u010dn\u00e9 vylie\u010denie bez ch\u00e9mie.<\/p>\n<p>Ale komu z pacientov pre\u0161la trpezlivos\u0165?<\/p>\n<p>Kto mal mot\u00edv?<\/p>\n<p>A kto prekro\u010dil hranicu medzi zdrav\u00edm a smr\u0165ou?<\/p>\n<p>&nbsp;<\/p>\n<p>Ty a tvoj t\u00edm sa stanete detekt\u00edvmi, ktor\u00ed musia rozl\u00fasknu\u0165 tento zamotan\u00fd pr\u00edpad!<\/p>\n<p>Ka\u017ed\u00fd pacient nie\u010do skr\u00fdva \u2013 a ka\u017ed\u00fd mohol ma\u0165 d\u00f4vod vra\u017edi\u0165. V tejto hre p\u00f4jde o logiku, intu\u00efciu aj schopnos\u0165 \u010d\u00edta\u0165 medzi riadkami.<\/p>\n<p>&nbsp;<\/p>\n<p>Ide\u00e1lne na teambuildingy, ve\u010dierky aj s\u00fakromn\u00e9 p\u00e1rty<\/p>\n<p>Zistite, komu lie\u010dba neposta\u010dovala&#8230; a kto si lie\u010dil vlastn\u00fa t\u00fa\u017ebu po pomste.<\/p>\n<p>Zahraj sa na detekt\u00edva. Odha\u013e vraha. Ale pozor \u2013 nikomu never!<\/p>\n<p><strong>\u017diadame v\u00e1s aby ste si po zak\u00fapen\u00ed hry dohodli term\u00edn telefonicky na telef\u00f3nnom \u010d\u00edsle <\/strong><strong><a href=\"http:\/\/0950716905\"><span class=\"elementor-icon-list-text\">0950716905<\/span><\/a><\/strong><\/p>","protected":false},"excerpt":{"rendered":"<p>Alternat\u00edvna medic\u00edna m\u00e1 svoju temn\u00fa str\u00e1nku&#8230;<\/p>\n<p>&nbsp;<\/p>\n<p>V\u00a0Ambulancii alternat\u00edvnej medic\u00edny do\u0161lo k \u0161okuj\u00facej vra\u017ede!<\/p>\n<p>Zavra\u017eden\u00fd je kontroverzn\u00fd alternat\u00edvny doktor \u2013 \u0161arlat\u00e1n, ktor\u00fd s\u013euboval z\u00e1zra\u010dn\u00e9 vylie\u010denie bez ch\u00e9mie.<\/p>\n<p>Ale komu z pacientov pre\u0161la trpezlivos\u0165?<\/p>\n<p>Kto mal mot\u00edv?<\/p>\n<p>A kto prekro\u010dil hranicu medzi zdrav\u00edm a smr\u0165ou?<\/p>\n<p>&nbsp;<\/p>\n<p>&nbsp;<\/p>\n<p>Ty a tvoj t\u00edm sa stanete detekt\u00edvmi, ktor\u00ed musia rozl\u00fasknu\u0165 tento zamotan\u00fd pr\u00edpad!<\/p>\n<p>Ka\u017ed\u00fd pacient nie\u010do skr\u00fdva \u2013 a ka\u017ed\u00fd mohol ma\u0165 d\u00f4vod vra\u017edi\u0165. V tejto hre p\u00f4jde o logiku, intu\u00efciu aj schopnos\u0165 \u010d\u00edta\u0165 medzi riadkami.<\/p>\n<p>&nbsp;<\/p>\n<p>Ide\u00e1lne na teambuildingy, ve\u010dierky aj s\u00fakromn\u00e9 p\u00e1rty<\/p>\n<p>Zistite, komu lie\u010dba neposta\u010dovala&#8230; a kto si lie\u010dil vlastn\u00fa t\u00fa\u017ebu po pomste.<\/p>\n<p>Zahraj sa na detekt\u00edva. Odha\u013e vraha. Ale pozor \u2013 nikomu never!<\/p>","protected":false},"featured_media":61178,"comment_status":"open","ping_status":"closed","template":"","meta":[],"product_brand":[],"product_cat":[32,15,54],"product_tag":[],"class_list":{"0":"post-61087","1":"product","2":"type-product","3":"status-publish","4":"has-post-thumbnail","6":"product_cat-detektivne-hry","7":"product_cat-hry","8":"product_cat-zlatemoravce","10":"first","11":"instock","12":"virtual","13":"taxable","14":"purchasable","15":"product-type-simple"},"yoast_head":"<!-- This site is optimized with the Yoast SEO plugin v27.2 - https:\/\/yoast.com\/product\/yoast-seo-wordpress\/ -->\n<title>\u0160arlat\u00e1n \u2013 detekt\u00edvka Zlat\u00e9 Moravce - Zazito.ooo<\/title>\n<meta name=\"robots\" content=\"index, follow, max-snippet:-1, max-image-preview:large, max-video-preview:-1\" \/>\n<link rel=\"canonical\" href=\"https:\/\/www.zazito.ooo\/en\/hra\/sarlatan-detektivka-zlate-moravce\/\" \/>\n<meta property=\"og:locale\" content=\"en_US\" \/>\n<meta property=\"og:type\" content=\"article\" \/>\n<meta property=\"og:title\" content=\"\u0160arlat\u00e1n \u2013 detekt\u00edvka Zlat\u00e9 Moravce - Zazito.ooo\" \/>\n<meta property=\"og:description\" content=\"Alternat\u00edvna medic\u00edna m\u00e1 svoju temn\u00fa str\u00e1nku...  &nbsp;  V\u00a0Ambulancii alternat\u00edvnej medic\u00edny do\u0161lo k \u0161okuj\u00facej vra\u017ede!  Zavra\u017eden\u00fd je kontroverzn\u00fd alternat\u00edvny doktor \u2013 \u0161arlat\u00e1n, ktor\u00fd s\u013euboval z\u00e1zra\u010dn\u00e9 vylie\u010denie bez ch\u00e9mie.  Ale komu z pacientov pre\u0161la trpezlivos\u0165?  Kto mal mot\u00edv?  A kto prekro\u010dil hranicu medzi zdrav\u00edm a smr\u0165ou?  &nbsp;  &nbsp;  Ty a tvoj t\u00edm sa stanete detekt\u00edvmi, ktor\u00ed musia rozl\u00fasknu\u0165 tento zamotan\u00fd pr\u00edpad!  Ka\u017ed\u00fd pacient nie\u010do skr\u00fdva \u2013 a ka\u017ed\u00fd mohol ma\u0165 d\u00f4vod vra\u017edi\u0165. V tejto hre p\u00f4jde o logiku, intu\u00efciu aj schopnos\u0165 \u010d\u00edta\u0165 medzi riadkami.  &nbsp;  Ide\u00e1lne na teambuildingy, ve\u010dierky aj s\u00fakromn\u00e9 p\u00e1rty  Zistite, komu lie\u010dba neposta\u010dovala... a kto si lie\u010dil vlastn\u00fa t\u00fa\u017ebu po pomste.  Zahraj sa na detekt\u00edva. Odha\u013e vraha. Ale pozor \u2013 nikomu never!\" \/>\n<meta property=\"og:url\" content=\"https:\/\/www.zazito.ooo\/en\/hra\/sarlatan-detektivka-zlate-moravce\/\" \/>\n<meta property=\"og:site_name\" content=\"Zazito.ooo\" \/>\n<meta property=\"article:publisher\" content=\"https:\/\/www.facebook.com\/zazitooo\/\" \/>\n<meta property=\"article:modified_time\" content=\"2025-11-06T19:20:56+00:00\" \/>\n<meta property=\"og:image\" content=\"https:\/\/www.zazito.ooo\/wp-content\/uploads\/2025\/10\/Sarlatasn-1024x683.png\" \/>\n\t<meta property=\"og:image:width\" content=\"1024\" \/>\n\t<meta property=\"og:image:height\" content=\"683\" \/>\n\t<meta property=\"og:image:type\" content=\"image\/png\" \/>\n<meta name=\"twitter:card\" content=\"summary_large_image\" \/>\n<meta name=\"twitter:label1\" content=\"Est. reading time\" \/>\n\t<meta name=\"twitter:data1\" content=\"1 minute\" \/>\n<script type=\"application\/ld+json\" class=\"yoast-schema-graph\">{\"@context\":\"https:\/\/schema.org\",\"@graph\":[{\"@type\":\"WebPage\",\"@id\":\"https:\/\/www.zazito.ooo\/en\/hra\/sarlatan-detektivka-zlate-moravce\/\",\"url\":\"https:\/\/www.zazito.ooo\/en\/hra\/sarlatan-detektivka-zlate-moravce\/\",\"name\":\"\u0160arlat\u00e1n \u2013 detekt\u00edvka Zlat\u00e9 Moravce - Zazito.ooo\",\"isPartOf\":{\"@id\":\"https:\/\/www.zazito.ooo\/en\/#website\"},\"primaryImageOfPage\":{\"@id\":\"https:\/\/www.zazito.ooo\/en\/hra\/sarlatan-detektivka-zlate-moravce\/#primaryimage\"},\"image\":{\"@id\":\"https:\/\/www.zazito.ooo\/en\/hra\/sarlatan-detektivka-zlate-moravce\/#primaryimage\"},\"thumbnailUrl\":\"https:\/\/www.zazito.ooo\/wp-content\/uploads\/2025\/10\/Sarlatasn.png\",\"datePublished\":\"2025-10-01T19:28:10+00:00\",\"dateModified\":\"2025-11-06T19:20:56+00:00\",\"breadcrumb\":{\"@id\":\"https:\/\/www.zazito.ooo\/en\/hra\/sarlatan-detektivka-zlate-moravce\/#breadcrumb\"},\"inLanguage\":\"en-US\",\"potentialAction\":[{\"@type\":\"ReadAction\",\"target\":[\"https:\/\/www.zazito.ooo\/en\/hra\/sarlatan-detektivka-zlate-moravce\/\"]}]},{\"@type\":\"ImageObject\",\"inLanguage\":\"en-US\",\"@id\":\"https:\/\/www.zazito.ooo\/en\/hra\/sarlatan-detektivka-zlate-moravce\/#primaryimage\",\"url\":\"https:\/\/www.zazito.ooo\/wp-content\/uploads\/2025\/10\/Sarlatasn.png\",\"contentUrl\":\"https:\/\/www.zazito.ooo\/wp-content\/uploads\/2025\/10\/Sarlatasn.png\",\"width\":1536,\"height\":1024},{\"@type\":\"BreadcrumbList\",\"@id\":\"https:\/\/www.zazito.ooo\/en\/hra\/sarlatan-detektivka-zlate-moravce\/#breadcrumb\",\"itemListElement\":[{\"@type\":\"ListItem\",\"position\":1,\"name\":\"Home\",\"item\":\"https:\/\/www.zazito.ooo\/\"},{\"@type\":\"ListItem\",\"position\":2,\"name\":\"Obchod\",\"item\":\"https:\/\/www.zazito.ooo\/obchod\/\"},{\"@type\":\"ListItem\",\"position\":3,\"name\":\"\u0160arlat\u00e1n \u2013 detekt\u00edvka Zlat\u00e9 Moravce\"}]},{\"@type\":\"WebSite\",\"@id\":\"https:\/\/www.zazito.ooo\/en\/#website\",\"url\":\"https:\/\/www.zazito.ooo\/en\/\",\"name\":\"Zazito.ooo\",\"description\":\"origin\u00e1lne escape games v Bratislave\",\"publisher\":{\"@id\":\"https:\/\/www.zazito.ooo\/en\/#organization\"},\"potentialAction\":[{\"@type\":\"SearchAction\",\"target\":{\"@type\":\"EntryPoint\",\"urlTemplate\":\"https:\/\/www.zazito.ooo\/en\/?s={search_term_string}\"},\"query-input\":{\"@type\":\"PropertyValueSpecification\",\"valueRequired\":true,\"valueName\":\"search_term_string\"}}],\"inLanguage\":\"en-US\"},{\"@type\":\"Organization\",\"@id\":\"https:\/\/www.zazito.ooo\/en\/#organization\",\"name\":\"Zazito, s.r.o.\",\"url\":\"https:\/\/www.zazito.ooo\/en\/\",\"logo\":{\"@type\":\"ImageObject\",\"inLanguage\":\"en-US\",\"@id\":\"https:\/\/www.zazito.ooo\/en\/#\/schema\/logo\/image\/\",\"url\":\"https:\/\/www.zazito.ooo\/wp-content\/uploads\/2019\/08\/zazito_logo.jpg\",\"contentUrl\":\"https:\/\/www.zazito.ooo\/wp-content\/uploads\/2019\/08\/zazito_logo.jpg\",\"width\":1080,\"height\":1080,\"caption\":\"Zazito, s.r.o.\"},\"image\":{\"@id\":\"https:\/\/www.zazito.ooo\/en\/#\/schema\/logo\/image\/\"},\"sameAs\":[\"https:\/\/www.facebook.com\/zazitooo\/\",\"https:\/\/www.instagram.com\/zazito.ooo\/?hl=sk\"]}]}<\/script>\n<!-- \/ Yoast SEO plugin. -->","yoast_head_json":{"title":"\u0160arlat\u00e1n \u2013 detekt\u00edvka Zlat\u00e9 Moravce - Zazito.ooo","robots":{"index":"index","follow":"follow","max-snippet":"max-snippet:-1","max-image-preview":"max-image-preview:large","max-video-preview":"max-video-preview:-1"},"canonical":"https:\/\/www.zazito.ooo\/en\/hra\/sarlatan-detektivka-zlate-moravce\/","og_locale":"en_US","og_type":"article","og_title":"\u0160arlat\u00e1n \u2013 detekt\u00edvka Zlat\u00e9 Moravce - Zazito.ooo","og_description":"Alternat\u00edvna medic\u00edna m\u00e1 svoju temn\u00fa str\u00e1nku...  &nbsp;  V\u00a0Ambulancii alternat\u00edvnej medic\u00edny do\u0161lo k \u0161okuj\u00facej vra\u017ede!  Zavra\u017eden\u00fd je kontroverzn\u00fd alternat\u00edvny doktor \u2013 \u0161arlat\u00e1n, ktor\u00fd s\u013euboval z\u00e1zra\u010dn\u00e9 vylie\u010denie bez ch\u00e9mie.  Ale komu z pacientov pre\u0161la trpezlivos\u0165?  Kto mal mot\u00edv?  A kto prekro\u010dil hranicu medzi zdrav\u00edm a smr\u0165ou?  &nbsp;  &nbsp;  Ty a tvoj t\u00edm sa stanete detekt\u00edvmi, ktor\u00ed musia rozl\u00fasknu\u0165 tento zamotan\u00fd pr\u00edpad!  Ka\u017ed\u00fd pacient nie\u010do skr\u00fdva \u2013 a ka\u017ed\u00fd mohol ma\u0165 d\u00f4vod vra\u017edi\u0165. V tejto hre p\u00f4jde o logiku, intu\u00efciu aj schopnos\u0165 \u010d\u00edta\u0165 medzi riadkami.  &nbsp;  Ide\u00e1lne na teambuildingy, ve\u010dierky aj s\u00fakromn\u00e9 p\u00e1rty  Zistite, komu lie\u010dba neposta\u010dovala... a kto si lie\u010dil vlastn\u00fa t\u00fa\u017ebu po pomste.  Zahraj sa na detekt\u00edva. Odha\u013e vraha. Ale pozor \u2013 nikomu never!","og_url":"https:\/\/www.zazito.ooo\/en\/hra\/sarlatan-detektivka-zlate-moravce\/","og_site_name":"Zazito.ooo","article_publisher":"https:\/\/www.facebook.com\/zazitooo\/","article_modified_time":"2025-11-06T19:20:56+00:00","og_image":[{"width":1024,"height":683,"url":"https:\/\/www.zazito.ooo\/wp-content\/uploads\/2025\/10\/Sarlatasn-1024x683.png","type":"image\/png"}],"twitter_card":"summary_large_image","twitter_misc":{"Est. reading time":"1 minute"},"schema":{"@context":"https:\/\/schema.org","@graph":[{"@type":"WebPage","@id":"https:\/\/www.zazito.ooo\/en\/hra\/sarlatan-detektivka-zlate-moravce\/","url":"https:\/\/www.zazito.ooo\/en\/hra\/sarlatan-detektivka-zlate-moravce\/","name":"\u0160arlat\u00e1n \u2013 detekt\u00edvka Zlat\u00e9 Moravce - Zazito.ooo","isPartOf":{"@id":"https:\/\/www.zazito.ooo\/en\/#website"},"primaryImageOfPage":{"@id":"https:\/\/www.zazito.ooo\/en\/hra\/sarlatan-detektivka-zlate-moravce\/#primaryimage"},"image":{"@id":"https:\/\/www.zazito.ooo\/en\/hra\/sarlatan-detektivka-zlate-moravce\/#primaryimage"},"thumbnailUrl":"https:\/\/www.zazito.ooo\/wp-content\/uploads\/2025\/10\/Sarlatasn.png","datePublished":"2025-10-01T19:28:10+00:00","dateModified":"2025-11-06T19:20:56+00:00","breadcrumb":{"@id":"https:\/\/www.zazito.ooo\/en\/hra\/sarlatan-detektivka-zlate-moravce\/#breadcrumb"},"inLanguage":"en-US","potentialAction":[{"@type":"ReadAction","target":["https:\/\/www.zazito.ooo\/en\/hra\/sarlatan-detektivka-zlate-moravce\/"]}]},{"@type":"ImageObject","inLanguage":"en-US","@id":"https:\/\/www.zazito.ooo\/en\/hra\/sarlatan-detektivka-zlate-moravce\/#primaryimage","url":"https:\/\/www.zazito.ooo\/wp-content\/uploads\/2025\/10\/Sarlatasn.png","contentUrl":"https:\/\/www.zazito.ooo\/wp-content\/uploads\/2025\/10\/Sarlatasn.png","width":1536,"height":1024},{"@type":"BreadcrumbList","@id":"https:\/\/www.zazito.ooo\/en\/hra\/sarlatan-detektivka-zlate-moravce\/#breadcrumb","itemListElement":[{"@type":"ListItem","position":1,"name":"Home","item":"https:\/\/www.zazito.ooo\/"},{"@type":"ListItem","position":2,"name":"Obchod","item":"https:\/\/www.zazito.ooo\/obchod\/"},{"@type":"ListItem","position":3,"name":"\u0160arlat\u00e1n \u2013 detekt\u00edvka Zlat\u00e9 Moravce"}]},{"@type":"WebSite","@id":"https:\/\/www.zazito.ooo\/en\/#website","url":"https:\/\/www.zazito.ooo\/en\/","name":"Zazito.ooo","description":"origin\u00e1lne escape games v Bratislave","publisher":{"@id":"https:\/\/www.zazito.ooo\/en\/#organization"},"potentialAction":[{"@type":"SearchAction","target":{"@type":"EntryPoint","urlTemplate":"https:\/\/www.zazito.ooo\/en\/?s={search_term_string}"},"query-input":{"@type":"PropertyValueSpecification","valueRequired":true,"valueName":"search_term_string"}}],"inLanguage":"en-US"},{"@type":"Organization","@id":"https:\/\/www.zazito.ooo\/en\/#organization","name":"Zazito, s.r.o.","url":"https:\/\/www.zazito.ooo\/en\/","logo":{"@type":"ImageObject","inLanguage":"en-US","@id":"https:\/\/www.zazito.ooo\/en\/#\/schema\/logo\/image\/","url":"https:\/\/www.zazito.ooo\/wp-content\/uploads\/2019\/08\/zazito_logo.jpg","contentUrl":"https:\/\/www.zazito.ooo\/wp-content\/uploads\/2019\/08\/zazito_logo.jpg","width":1080,"height":1080,"caption":"Zazito, s.r.o."},"image":{"@id":"https:\/\/www.zazito.ooo\/en\/#\/schema\/logo\/image\/"},"sameAs":["https:\/\/www.facebook.com\/zazitooo\/","https:\/\/www.instagram.com\/zazito.ooo\/?hl=sk"]}]}},"_links":{"self":[{"href":"https:\/\/www.zazito.ooo\/en\/wp-json\/wp\/v2\/product\/61087","targetHints":{"allow":["GET"]}}],"collection":[{"href":"https:\/\/www.zazito.ooo\/en\/wp-json\/wp\/v2\/product"}],"about":[{"href":"https:\/\/www.zazito.ooo\/en\/wp-json\/wp\/v2\/types\/product"}],"replies":[{"embeddable":true,"href":"https:\/\/www.zazito.ooo\/en\/wp-json\/wp\/v2\/comments?post=61087"}],"wp:featuredmedia":[{"embeddable":true,"href":"https:\/\/www.zazito.ooo\/en\/wp-json\/wp\/v2\/media\/61178"}],"wp:attachment":[{"href":"https:\/\/www.zazito.ooo\/en\/wp-json\/wp\/v2\/media?parent=61087"}],"wp:term":[{"taxonomy":"product_brand","embeddable":true,"href":"https:\/\/www.zazito.ooo\/en\/wp-json\/wp\/v2\/product_brand?post=61087"},{"taxonomy":"product_cat","embeddable":true,"href":"https:\/\/www.zazito.ooo\/en\/wp-json\/wp\/v2\/product_cat?post=61087"},{"taxonomy":"product_tag","embeddable":true,"href":"https:\/\/www.zazito.ooo\/en\/wp-json\/wp\/v2\/product_tag?post=61087"}],"curies":[{"name":"wp","href":"https:\/\/api.w.org\/{rel}","templated":true}]}}