{"id":61082,"date":"2025-11-01T20:21:52","date_gmt":"2025-11-01T19:21:52","guid":{"rendered":"https:\/\/www.zazito.ooo\/?post_type=product&#038;p=61082"},"modified":"2025-11-06T20:40:31","modified_gmt":"2025-11-06T19:40:31","slug":"divny-dom-ii-posledna-vecera-silvestra-zlate-moravce","status":"publish","type":"product","link":"https:\/\/www.zazito.ooo\/en\/hra\/divny-dom-ii-posledna-vecera-silvestra-zlate-moravce\/","title":{"rendered":"Divn\u00fd Dom II. Posledn\u00e1 ve\u010dera Silvestra ,Zlat\u00e9 Moravce"},"content":{"rendered":"<p>Teraz, v Zlat\u00fdch Moravciach, sa otv\u00e1ra nov\u00fd pr\u00edbeh.<\/p>\n<p>V malom meste\u010dku mizn\u00fa mlad\u00ed mu\u017ei \u2013 jeden po druhom, bez stopy. Pol\u00edcia si nevie rady, no v\u0161etky stopy ved\u00fa k star\u00e9mu po\u013eovn\u00edckemu domu na kraji lesa. Na poh\u013ead vyzer\u00e1 oby\u010dajne, no v jeho sten\u00e1ch sa skr\u00fdva nie\u010do, \u010do by tam nemalo by\u0165. Hovor\u00ed sa, \u017ee po\u013eovn\u00edk si vyber\u00e1 svoju \u201eposledn\u00fa ve\u010deru\u201c a nikto z pozvan\u00fdch sa nikdy nevr\u00e1til. Odv\u00e1\u017ei\u0161 sa vst\u00fapi\u0165 dnu a zisti\u0165, \u010do sa tam skuto\u010dne deje? Alebo sa prid\u00e1\u0161 k men\u00e1m na jeho krvavom zozname?<\/p>\n<p>&nbsp;<\/p>\n<p>In\u00fd dom. Rovnak\u00fd pocit strachu, neistoty a ot\u00e1zky:<\/p>\n<p>Unikn\u00fa\u0165 nesta\u010d\u00ed. Divn\u00fd dom 2 \u2013 pokra\u010dovanie za\u010d\u00edna.<\/p>\n<p>Zabudn\u00fa\u0165 bolo \u013eah\u0161ie. Vr\u00e1ti\u0165 sa je nevyhnutn\u00e9.<\/p>\n<p>&nbsp;<\/p>\n<p><strong>PRAVIDL\u00c1:<\/strong><\/p>\n<ol>\n<li>Escape room je z\u00e1\u017eitkov\u00e1 hra, ktor\u00e1 prebieha v\u00a0<strong>uzavret\u00fdch a \u010diasto\u010dne stiesnen\u00fdch priestoroch<\/strong>.<\/li>\n<li>Po\u010das hry sa pou\u017e\u00edvaj\u00fa\u00a0<strong>zvukov\u00e9 a sveteln\u00e9 efekty<\/strong>, vr\u00e1tane z\u00e1bleskov, hlasn\u00fdch zvukov a temn\u00e9ho prostredia.<\/li>\n<li>Hra nie je vhodn\u00e1 pre osoby trpiace\u00a0<strong>epilepsiou, klaustrof\u00f3biou, kardiovaskul\u00e1rnymi ochoreniami<\/strong>\u00a0alebo in\u00fdmi zdravotn\u00fdmi probl\u00e9mami, ktor\u00e9 m\u00f4\u017eu by\u0165 ovplyvnen\u00e9 stresom \u010di \u0161peci\u00e1lnymi efektmi.<\/li>\n<li>Organiz\u00e1tor nenesie zodpovednos\u0165 za \u00farazy, ktor\u00e9 vznikn\u00fa v d\u00f4sledku\u00a0<strong>nedodr\u017eania pokynov<\/strong>\u00a0person\u00e1lu alebo\u00a0<strong>riskantn\u00e9ho spr\u00e1vania<\/strong>\u00a0\u00fa\u010dastn\u00edkov.<\/li>\n<li>Vstup je povolen\u00fd len osob\u00e1m star\u0161\u00edm ako\u00a0<strong>15 rokov<\/strong>\u00a0alebo v sprievode dospelej osoby.<\/li>\n<li>Po\u010das hry je\u00a0<strong>zak\u00e1zan\u00e9 pou\u017e\u00edva\u0165 mobiln\u00e9 telef\u00f3ny, kamery a in\u00e9 z\u00e1znamov\u00e9 zariadenia<\/strong>.<\/li>\n<li>\u00da\u010dastn\u00edci s\u00fa povinn\u00ed riadi\u0165 sa pokynmi obsluhy. V pr\u00edpade nevo\u013enosti alebo paniky je mo\u017en\u00e9 kedyko\u013evek po\u017eiada\u0165 o ukon\u010denie hry.<\/li>\n<\/ol>\n<ol start=\"8\">\n<li>Ka\u017ed\u00fd hr\u00e1\u010d s\u00fahlas\u00ed so vstupom do domu na vlastn\u00e9 riziko.<\/li>\n<li>Pav\u00faky, hady ani in\u00e1 h\u00e1ve\u010f sa v hre CIELENE nenach\u00e1dza.<\/li>\n<\/ol>\n<p>&nbsp;<\/p>\n<p><strong>\u017diadame v\u00e1s aby ste si po zak\u00fapen\u00ed hry dohodli term\u00edn telefonicky na telef\u00f3nnom \u010d\u00edsle <\/strong><strong><a href=\"http:\/\/0950716905\"><span class=\"elementor-icon-list-text\">0950716905<\/span><\/a><\/strong><\/p>\n<p>&nbsp;<\/p>\n<p>&nbsp;<\/p>\n<p><strong>KDE SA HRA NACH\u00c1DZA?\u00a0<\/strong><br \/>\nChyzeroveck\u00e1 67, Zlat\u00e9 Moravce<\/p>","protected":false},"excerpt":{"rendered":"<p>Teraz, v Zlat\u00fdch Moravciach, sa otv\u00e1ra nov\u00fd pr\u00edbeh. V malom meste\u010dku mizn\u00fa mlad\u00ed mu\u017ei \u2013 jeden po druhom, bez stopy. Pol\u00edcia si nevie rady, no v\u0161etky stopy ved\u00fa k star\u00e9mu po\u013eovn\u00edckemu domu na kraji lesa. Na poh\u013ead vyzer\u00e1 oby\u010dajne, no v jeho sten\u00e1ch sa skr\u00fdva nie\u010do, \u010do by tam nemalo by\u0165. Hovor\u00ed sa, \u017ee po\u013eovn\u00edk&hellip;<\/p>","protected":false},"featured_media":61189,"comment_status":"open","ping_status":"closed","template":"","meta":[],"product_brand":[],"product_cat":[15,27,54],"product_tag":[56],"class_list":{"0":"post-61082","1":"product","2":"type-product","3":"status-publish","4":"has-post-thumbnail","6":"product_cat-hry","7":"product_cat-klasicke-escape-hry","8":"product_cat-zlatemoravce","9":"product_tag-divny-dom-2-s-tlacitkom-kupit","11":"first","12":"instock","13":"virtual","14":"taxable","15":"purchasable","16":"product-type-simple"},"yoast_head":"<!-- This site is optimized with the Yoast SEO plugin v27.2 - https:\/\/yoast.com\/product\/yoast-seo-wordpress\/ -->\n<title>Divn\u00fd Dom II. Posledn\u00e1 ve\u010dera Silvestra ,Zlat\u00e9 Moravce - Zazito.ooo<\/title>\n<meta name=\"robots\" content=\"index, follow, max-snippet:-1, max-image-preview:large, max-video-preview:-1\" \/>\n<link rel=\"canonical\" href=\"https:\/\/www.zazito.ooo\/en\/hra\/divny-dom-ii-posledna-vecera-silvestra-zlate-moravce\/\" \/>\n<meta property=\"og:locale\" content=\"en_US\" \/>\n<meta property=\"og:type\" content=\"article\" \/>\n<meta property=\"og:title\" content=\"Divn\u00fd Dom II. Posledn\u00e1 ve\u010dera Silvestra ,Zlat\u00e9 Moravce - Zazito.ooo\" \/>\n<meta property=\"og:description\" content=\"Teraz, v Zlat\u00fdch Moravciach, sa otv\u00e1ra nov\u00fd pr\u00edbeh. V malom meste\u010dku mizn\u00fa mlad\u00ed mu\u017ei \u2013 jeden po druhom, bez stopy. Pol\u00edcia si nevie rady, no v\u0161etky stopy ved\u00fa k star\u00e9mu po\u013eovn\u00edckemu domu na kraji lesa. Na poh\u013ead vyzer\u00e1 oby\u010dajne, no v jeho sten\u00e1ch sa skr\u00fdva nie\u010do, \u010do by tam nemalo by\u0165. Hovor\u00ed sa, \u017ee po\u013eovn\u00edk&hellip;\" \/>\n<meta property=\"og:url\" content=\"https:\/\/www.zazito.ooo\/en\/hra\/divny-dom-ii-posledna-vecera-silvestra-zlate-moravce\/\" \/>\n<meta property=\"og:site_name\" content=\"Zazito.ooo\" \/>\n<meta property=\"article:publisher\" content=\"https:\/\/www.facebook.com\/zazitooo\/\" \/>\n<meta property=\"article:modified_time\" content=\"2025-11-06T19:40:31+00:00\" \/>\n<meta property=\"og:image\" content=\"https:\/\/www.zazito.ooo\/wp-content\/uploads\/2025\/10\/dd2-2.jpg\" \/>\n\t<meta property=\"og:image:width\" content=\"1302\" \/>\n\t<meta property=\"og:image:height\" content=\"771\" \/>\n\t<meta property=\"og:image:type\" content=\"image\/jpeg\" \/>\n<meta name=\"twitter:card\" content=\"summary_large_image\" \/>\n<meta name=\"twitter:label1\" content=\"Est. reading time\" \/>\n\t<meta name=\"twitter:data1\" content=\"2 minutes\" \/>\n<script type=\"application\/ld+json\" class=\"yoast-schema-graph\">{\"@context\":\"https:\/\/schema.org\",\"@graph\":[{\"@type\":\"WebPage\",\"@id\":\"https:\/\/www.zazito.ooo\/en\/hra\/divny-dom-ii-posledna-vecera-silvestra-zlate-moravce\/\",\"url\":\"https:\/\/www.zazito.ooo\/en\/hra\/divny-dom-ii-posledna-vecera-silvestra-zlate-moravce\/\",\"name\":\"Divn\u00fd Dom II. Posledn\u00e1 ve\u010dera Silvestra ,Zlat\u00e9 Moravce - Zazito.ooo\",\"isPartOf\":{\"@id\":\"https:\/\/www.zazito.ooo\/en\/#website\"},\"primaryImageOfPage\":{\"@id\":\"https:\/\/www.zazito.ooo\/en\/hra\/divny-dom-ii-posledna-vecera-silvestra-zlate-moravce\/#primaryimage\"},\"image\":{\"@id\":\"https:\/\/www.zazito.ooo\/en\/hra\/divny-dom-ii-posledna-vecera-silvestra-zlate-moravce\/#primaryimage\"},\"thumbnailUrl\":\"https:\/\/www.zazito.ooo\/wp-content\/uploads\/2025\/10\/dd2-2.jpg\",\"datePublished\":\"2025-11-01T19:21:52+00:00\",\"dateModified\":\"2025-11-06T19:40:31+00:00\",\"breadcrumb\":{\"@id\":\"https:\/\/www.zazito.ooo\/en\/hra\/divny-dom-ii-posledna-vecera-silvestra-zlate-moravce\/#breadcrumb\"},\"inLanguage\":\"en-US\",\"potentialAction\":[{\"@type\":\"ReadAction\",\"target\":[\"https:\/\/www.zazito.ooo\/en\/hra\/divny-dom-ii-posledna-vecera-silvestra-zlate-moravce\/\"]}]},{\"@type\":\"ImageObject\",\"inLanguage\":\"en-US\",\"@id\":\"https:\/\/www.zazito.ooo\/en\/hra\/divny-dom-ii-posledna-vecera-silvestra-zlate-moravce\/#primaryimage\",\"url\":\"https:\/\/www.zazito.ooo\/wp-content\/uploads\/2025\/10\/dd2-2.jpg\",\"contentUrl\":\"https:\/\/www.zazito.ooo\/wp-content\/uploads\/2025\/10\/dd2-2.jpg\",\"width\":1302,\"height\":771},{\"@type\":\"BreadcrumbList\",\"@id\":\"https:\/\/www.zazito.ooo\/en\/hra\/divny-dom-ii-posledna-vecera-silvestra-zlate-moravce\/#breadcrumb\",\"itemListElement\":[{\"@type\":\"ListItem\",\"position\":1,\"name\":\"Home\",\"item\":\"https:\/\/www.zazito.ooo\/\"},{\"@type\":\"ListItem\",\"position\":2,\"name\":\"Obchod\",\"item\":\"https:\/\/www.zazito.ooo\/obchod\/\"},{\"@type\":\"ListItem\",\"position\":3,\"name\":\"Divn\u00fd Dom II. Posledn\u00e1 ve\u010dera Silvestra ,Zlat\u00e9 Moravce\"}]},{\"@type\":\"WebSite\",\"@id\":\"https:\/\/www.zazito.ooo\/en\/#website\",\"url\":\"https:\/\/www.zazito.ooo\/en\/\",\"name\":\"Zazito.ooo\",\"description\":\"origin\u00e1lne escape games v Bratislave\",\"publisher\":{\"@id\":\"https:\/\/www.zazito.ooo\/en\/#organization\"},\"potentialAction\":[{\"@type\":\"SearchAction\",\"target\":{\"@type\":\"EntryPoint\",\"urlTemplate\":\"https:\/\/www.zazito.ooo\/en\/?s={search_term_string}\"},\"query-input\":{\"@type\":\"PropertyValueSpecification\",\"valueRequired\":true,\"valueName\":\"search_term_string\"}}],\"inLanguage\":\"en-US\"},{\"@type\":\"Organization\",\"@id\":\"https:\/\/www.zazito.ooo\/en\/#organization\",\"name\":\"Zazito, s.r.o.\",\"url\":\"https:\/\/www.zazito.ooo\/en\/\",\"logo\":{\"@type\":\"ImageObject\",\"inLanguage\":\"en-US\",\"@id\":\"https:\/\/www.zazito.ooo\/en\/#\/schema\/logo\/image\/\",\"url\":\"https:\/\/www.zazito.ooo\/wp-content\/uploads\/2019\/08\/zazito_logo.jpg\",\"contentUrl\":\"https:\/\/www.zazito.ooo\/wp-content\/uploads\/2019\/08\/zazito_logo.jpg\",\"width\":1080,\"height\":1080,\"caption\":\"Zazito, s.r.o.\"},\"image\":{\"@id\":\"https:\/\/www.zazito.ooo\/en\/#\/schema\/logo\/image\/\"},\"sameAs\":[\"https:\/\/www.facebook.com\/zazitooo\/\",\"https:\/\/www.instagram.com\/zazito.ooo\/?hl=sk\"]}]}<\/script>\n<!-- \/ Yoast SEO plugin. -->","yoast_head_json":{"title":"Divn\u00fd Dom II. Posledn\u00e1 ve\u010dera Silvestra ,Zlat\u00e9 Moravce - Zazito.ooo","robots":{"index":"index","follow":"follow","max-snippet":"max-snippet:-1","max-image-preview":"max-image-preview:large","max-video-preview":"max-video-preview:-1"},"canonical":"https:\/\/www.zazito.ooo\/en\/hra\/divny-dom-ii-posledna-vecera-silvestra-zlate-moravce\/","og_locale":"en_US","og_type":"article","og_title":"Divn\u00fd Dom II. Posledn\u00e1 ve\u010dera Silvestra ,Zlat\u00e9 Moravce - Zazito.ooo","og_description":"Teraz, v Zlat\u00fdch Moravciach, sa otv\u00e1ra nov\u00fd pr\u00edbeh. V malom meste\u010dku mizn\u00fa mlad\u00ed mu\u017ei \u2013 jeden po druhom, bez stopy. Pol\u00edcia si nevie rady, no v\u0161etky stopy ved\u00fa k star\u00e9mu po\u013eovn\u00edckemu domu na kraji lesa. Na poh\u013ead vyzer\u00e1 oby\u010dajne, no v jeho sten\u00e1ch sa skr\u00fdva nie\u010do, \u010do by tam nemalo by\u0165. Hovor\u00ed sa, \u017ee po\u013eovn\u00edk&hellip;","og_url":"https:\/\/www.zazito.ooo\/en\/hra\/divny-dom-ii-posledna-vecera-silvestra-zlate-moravce\/","og_site_name":"Zazito.ooo","article_publisher":"https:\/\/www.facebook.com\/zazitooo\/","article_modified_time":"2025-11-06T19:40:31+00:00","og_image":[{"width":1302,"height":771,"url":"https:\/\/www.zazito.ooo\/wp-content\/uploads\/2025\/10\/dd2-2.jpg","type":"image\/jpeg"}],"twitter_card":"summary_large_image","twitter_misc":{"Est. reading time":"2 minutes"},"schema":{"@context":"https:\/\/schema.org","@graph":[{"@type":"WebPage","@id":"https:\/\/www.zazito.ooo\/en\/hra\/divny-dom-ii-posledna-vecera-silvestra-zlate-moravce\/","url":"https:\/\/www.zazito.ooo\/en\/hra\/divny-dom-ii-posledna-vecera-silvestra-zlate-moravce\/","name":"Divn\u00fd Dom II. Posledn\u00e1 ve\u010dera Silvestra ,Zlat\u00e9 Moravce - Zazito.ooo","isPartOf":{"@id":"https:\/\/www.zazito.ooo\/en\/#website"},"primaryImageOfPage":{"@id":"https:\/\/www.zazito.ooo\/en\/hra\/divny-dom-ii-posledna-vecera-silvestra-zlate-moravce\/#primaryimage"},"image":{"@id":"https:\/\/www.zazito.ooo\/en\/hra\/divny-dom-ii-posledna-vecera-silvestra-zlate-moravce\/#primaryimage"},"thumbnailUrl":"https:\/\/www.zazito.ooo\/wp-content\/uploads\/2025\/10\/dd2-2.jpg","datePublished":"2025-11-01T19:21:52+00:00","dateModified":"2025-11-06T19:40:31+00:00","breadcrumb":{"@id":"https:\/\/www.zazito.ooo\/en\/hra\/divny-dom-ii-posledna-vecera-silvestra-zlate-moravce\/#breadcrumb"},"inLanguage":"en-US","potentialAction":[{"@type":"ReadAction","target":["https:\/\/www.zazito.ooo\/en\/hra\/divny-dom-ii-posledna-vecera-silvestra-zlate-moravce\/"]}]},{"@type":"ImageObject","inLanguage":"en-US","@id":"https:\/\/www.zazito.ooo\/en\/hra\/divny-dom-ii-posledna-vecera-silvestra-zlate-moravce\/#primaryimage","url":"https:\/\/www.zazito.ooo\/wp-content\/uploads\/2025\/10\/dd2-2.jpg","contentUrl":"https:\/\/www.zazito.ooo\/wp-content\/uploads\/2025\/10\/dd2-2.jpg","width":1302,"height":771},{"@type":"BreadcrumbList","@id":"https:\/\/www.zazito.ooo\/en\/hra\/divny-dom-ii-posledna-vecera-silvestra-zlate-moravce\/#breadcrumb","itemListElement":[{"@type":"ListItem","position":1,"name":"Home","item":"https:\/\/www.zazito.ooo\/"},{"@type":"ListItem","position":2,"name":"Obchod","item":"https:\/\/www.zazito.ooo\/obchod\/"},{"@type":"ListItem","position":3,"name":"Divn\u00fd Dom II. Posledn\u00e1 ve\u010dera Silvestra ,Zlat\u00e9 Moravce"}]},{"@type":"WebSite","@id":"https:\/\/www.zazito.ooo\/en\/#website","url":"https:\/\/www.zazito.ooo\/en\/","name":"Zazito.ooo","description":"origin\u00e1lne escape games v Bratislave","publisher":{"@id":"https:\/\/www.zazito.ooo\/en\/#organization"},"potentialAction":[{"@type":"SearchAction","target":{"@type":"EntryPoint","urlTemplate":"https:\/\/www.zazito.ooo\/en\/?s={search_term_string}"},"query-input":{"@type":"PropertyValueSpecification","valueRequired":true,"valueName":"search_term_string"}}],"inLanguage":"en-US"},{"@type":"Organization","@id":"https:\/\/www.zazito.ooo\/en\/#organization","name":"Zazito, s.r.o.","url":"https:\/\/www.zazito.ooo\/en\/","logo":{"@type":"ImageObject","inLanguage":"en-US","@id":"https:\/\/www.zazito.ooo\/en\/#\/schema\/logo\/image\/","url":"https:\/\/www.zazito.ooo\/wp-content\/uploads\/2019\/08\/zazito_logo.jpg","contentUrl":"https:\/\/www.zazito.ooo\/wp-content\/uploads\/2019\/08\/zazito_logo.jpg","width":1080,"height":1080,"caption":"Zazito, s.r.o."},"image":{"@id":"https:\/\/www.zazito.ooo\/en\/#\/schema\/logo\/image\/"},"sameAs":["https:\/\/www.facebook.com\/zazitooo\/","https:\/\/www.instagram.com\/zazito.ooo\/?hl=sk"]}]}},"_links":{"self":[{"href":"https:\/\/www.zazito.ooo\/en\/wp-json\/wp\/v2\/product\/61082","targetHints":{"allow":["GET"]}}],"collection":[{"href":"https:\/\/www.zazito.ooo\/en\/wp-json\/wp\/v2\/product"}],"about":[{"href":"https:\/\/www.zazito.ooo\/en\/wp-json\/wp\/v2\/types\/product"}],"replies":[{"embeddable":true,"href":"https:\/\/www.zazito.ooo\/en\/wp-json\/wp\/v2\/comments?post=61082"}],"wp:featuredmedia":[{"embeddable":true,"href":"https:\/\/www.zazito.ooo\/en\/wp-json\/wp\/v2\/media\/61189"}],"wp:attachment":[{"href":"https:\/\/www.zazito.ooo\/en\/wp-json\/wp\/v2\/media?parent=61082"}],"wp:term":[{"taxonomy":"product_brand","embeddable":true,"href":"https:\/\/www.zazito.ooo\/en\/wp-json\/wp\/v2\/product_brand?post=61082"},{"taxonomy":"product_cat","embeddable":true,"href":"https:\/\/www.zazito.ooo\/en\/wp-json\/wp\/v2\/product_cat?post=61082"},{"taxonomy":"product_tag","embeddable":true,"href":"https:\/\/www.zazito.ooo\/en\/wp-json\/wp\/v2\/product_tag?post=61082"}],"curies":[{"name":"wp","href":"https:\/\/api.w.org\/{rel}","templated":true}]}}