{"id":58376,"date":"2024-11-28T09:01:07","date_gmt":"2024-11-28T08:01:07","guid":{"rendered":"https:\/\/www.zazito.ooo\/?post_type=product&#038;p=58376"},"modified":"2025-09-25T06:48:05","modified_gmt":"2025-09-25T04:48:05","slug":"umlcane-v-tme","status":"publish","type":"product","link":"https:\/\/www.zazito.ooo\/en\/hra\/umlcane-v-tme\/","title":{"rendered":"Uml\u010dan\u00e9 v\u00a0TME"},"content":{"rendered":"<div class=\"single-product__title\">\n<h2>Psychologicko-detekt\u00edvna hra od tvorcov podcastu <strong>VRA\u017dEDN\u00c9 PSYCH\u00c9<\/strong><\/h2>\n<p>Vst\u00fapte do temn\u00e9ho sveta zlo\u010dinu s na\u0161ou detekt\u00edvnou hrou! Po vy\u0161e roku intenz\u00edvneho v\u00fdvoja s odborn\u00edkmi na psychol\u00f3giu a detekt\u00edvne narat\u00edvy v\u00e1m prin\u00e1\u0161ame hru, ktor\u00e1 sp\u00e1ja nap\u00ednav\u00fd pr\u00edbeh s interakt\u00edvnymi prvkami. Postavte sa do role detekt\u00edva a odha\u013ete vraha. Sta\u0148te sa s\u00fa\u010das\u0165ou tohto vzru\u0161uj\u00faceho dobrodru\u017estva a pom\u00f4\u017ete n\u00e1m pri vzniku hry, ktor\u00e1 nadchne v\u0161etk\u00fdch fan\u00fa\u0161ikov detekt\u00edvnych pr\u00edbehov !<\/p>\n<p>&nbsp;<\/p>\n<h3><strong>O \u010dom je hra?<\/strong><\/h3>\n<p>Hra v\u00e1s postav\u00ed do role detekt\u00edva, ktor\u00fd mus\u00ed analyzova\u0165 rozmanit\u00e9 d\u00f4kazy, vypo\u010du\u0165 svedkov a urobi\u0165 k\u013e\u00fa\u010dov\u00e9 rozhodnutia, ktor\u00e9 m\u00f4\u017eu zmeni\u0165 priebeh vy\u0161etrovania. Ka\u017ed\u00e9 rozhodnutie prin\u00e1\u0161a svoje rizik\u00e1 a d\u00f4sledky, \u010do zvy\u0161uje nap\u00e4tie a autentickos\u0165. Rovnako ako v re\u00e1lnom svete, nie ka\u017ed\u00e1 stopa vedie k rie\u0161eniu a nie ka\u017ed\u00fd podozriv\u00fd je vinn\u00fd.<\/p>\n<p>&nbsp;<\/p>\n<\/div>\n<h4>O autoroch:<\/h4>\n<p><strong>Richard Ma\u017eonas<\/strong> \u2013 autor n\u00e1metu Vra\u017eedn\u00e9 psych\u00e9, kreat\u00edvna du\u0161a a nad\u0161enec pre krimin\u00e1lne pr\u00edbehy. Ako sk\u00fasen\u00fd pr\u00e1vnik s dlhoro\u010dnou praxou v oblasti podcastingu a dokument\u00e1rnej tvorby prin\u00e1\u0161a fascinuj\u00face pr\u00edbehy z re\u00e1lneho \u017eivota priamo k publiku, pri\u010dom jeho cie\u013eom je nielen zauja\u0165, ale aj otv\u00e1ra\u0165 diskusie o zlo\u017eit\u00fdch t\u00e9mach.<\/p>\n<p><strong>MUDr. Svetoz\u00e1r Droba<\/strong> &#8211; renomovan\u00fd slovensk\u00fd s\u00fadny lek\u00e1r a forenzn\u00fd odborn\u00edk, ktor\u00fd sa podie\u013eal na vy\u0161etrovan\u00ed viacer\u00fdch k\u013e\u00fa\u010dov\u00fdch krimin\u00e1lnych pr\u00edpadov na Slovensku. S hlbokou \u0161pecializ\u00e1ciou vo forenznej medic\u00edne sa zameriava na detailn\u00e9 sk\u00famanie d\u00f4kazov, ktor\u00e9 \u010dasto zohr\u00e1vaj\u00fa rozhoduj\u00facu rolu v s\u00fadnych procesoch. Okrem svojej odbornej praxe p\u00f4sob\u00ed aj ako podcaster, kde posluch\u00e1\u010dom prin\u00e1\u0161a fascinuj\u00face a mraziv\u00e9 anal\u00fdzy pr\u00edpadov z poh\u013eadu s\u00fadneho lek\u00e1ra. Vo svojich epiz\u00f3dach zdie\u013ea odborn\u00e9 poh\u013eady na vy\u0161etrovanie a rozober\u00e1 z\u00e1kulisie s\u00fadnych procesov, \u010d\u00edm pribli\u017euje verejnosti pr\u00e1cu forenzn\u00e9ho experta a jeho \u00falohu v odha\u013eovan\u00ed pravdy.<\/p>\n<p><strong>Du\u0161an Budz\u00e1k<\/strong> \u2013 talentovan\u00fd spisovate\u013e a scen\u00e1rista, ktor\u00fd hre dod\u00e1va prec\u00edzne nap\u00edsan\u00e9 dial\u00f3gy a p\u00fatav\u00e9 z\u00e1pletky. V\u010faka jeho pr\u00e1ci hra o\u017e\u00edva prostredn\u00edctvom hlbok\u00fdch post\u00e1v a premyslenej psychol\u00f3gie, ktor\u00e1 hr\u00e1\u010dom umo\u017e\u0148uje pre\u017e\u00edva\u0165 nap\u00e4tie a em\u00f3cie na \u00faplne novej \u00farovni.<\/p>\n<p><strong>Peter Brestovansk\u00fd<\/strong> \u2013 hern\u00fd in\u017einier a tvorca hernej mechaniky. S jeho dlhoro\u010dn\u00fdmi sk\u00fasenos\u0165ami v hernom priemysle je z\u00e1rukou, \u017ee hra bude nielen p\u00fatav\u00e1, ale aj plynul\u00e1 a intuit\u00edvna. Petrove odborn\u00e9<\/p>\n<p>znalosti zohr\u00e1vaj\u00fa k\u013e\u00fa\u010dov\u00fa \u00falohu pri vytv\u00e1ran\u00ed hern\u00e9ho z\u00e1\u017eitku, ktor\u00fd<br \/>\nje funk\u010dn\u00fd aj z\u00e1bavn\u00fd.<\/p>\n<hr \/>\n<p>&nbsp;<\/p>\n<h4>V celkovej cene je zahrnut\u00e9 po\u0161tovn\u00e9 a baln\u00e9 v hodnote 3,50\u20ac<\/h4>","protected":false},"excerpt":{"rendered":"<p>Psychologicko-detekt\u00edvna hra od tvorcov podcastu VRA\u017dEDN\u00c9 PSYCH\u00c9 Vst\u00fapte do temn\u00e9ho sveta zlo\u010dinu s na\u0161ou detekt\u00edvnou hrou! Po vy\u0161e roku intenz\u00edvneho v\u00fdvoja s odborn\u00edkmi na psychol\u00f3giu a detekt\u00edvne narat\u00edvy v\u00e1m prin\u00e1\u0161ame hru, ktor\u00e1 sp\u00e1ja nap\u00ednav\u00fd pr\u00edbeh s interakt\u00edvnymi prvkami. Postavte sa do role detekt\u00edva a odha\u013ete vraha. Sta\u0148te sa s\u00fa\u010das\u0165ou tohto vzru\u0161uj\u00faceho dobrodru\u017estva a pom\u00f4\u017ete n\u00e1m&hellip;<\/p>","protected":false},"featured_media":58379,"comment_status":"open","ping_status":"closed","template":"","meta":[],"product_brand":[],"product_cat":[32],"product_tag":[],"class_list":{"0":"post-58376","1":"product","2":"type-product","3":"status-publish","4":"has-post-thumbnail","6":"product_cat-detektivne-hry","8":"first","9":"outofstock","10":"virtual","11":"taxable","12":"purchasable","13":"product-type-simple"},"yoast_head":"<!-- This site is optimized with the Yoast SEO plugin v27.2 - https:\/\/yoast.com\/product\/yoast-seo-wordpress\/ -->\n<title>Uml\u010dan\u00e9 v\u00a0TME - Zazito.ooo<\/title>\n<meta name=\"robots\" content=\"index, follow, max-snippet:-1, max-image-preview:large, max-video-preview:-1\" \/>\n<link rel=\"canonical\" href=\"https:\/\/www.zazito.ooo\/en\/hra\/umlcane-v-tme\/\" \/>\n<meta property=\"og:locale\" content=\"en_US\" \/>\n<meta property=\"og:type\" content=\"article\" \/>\n<meta property=\"og:title\" content=\"Uml\u010dan\u00e9 v\u00a0TME - Zazito.ooo\" \/>\n<meta property=\"og:description\" content=\"Psychologicko-detekt\u00edvna hra od tvorcov podcastu VRA\u017dEDN\u00c9 PSYCH\u00c9 Vst\u00fapte do temn\u00e9ho sveta zlo\u010dinu s na\u0161ou detekt\u00edvnou hrou! Po vy\u0161e roku intenz\u00edvneho v\u00fdvoja s odborn\u00edkmi na psychol\u00f3giu a detekt\u00edvne narat\u00edvy v\u00e1m prin\u00e1\u0161ame hru, ktor\u00e1 sp\u00e1ja nap\u00ednav\u00fd pr\u00edbeh s interakt\u00edvnymi prvkami. Postavte sa do role detekt\u00edva a odha\u013ete vraha. Sta\u0148te sa s\u00fa\u010das\u0165ou tohto vzru\u0161uj\u00faceho dobrodru\u017estva a pom\u00f4\u017ete n\u00e1m&hellip;\" \/>\n<meta property=\"og:url\" content=\"https:\/\/www.zazito.ooo\/en\/hra\/umlcane-v-tme\/\" \/>\n<meta property=\"og:site_name\" content=\"Zazito.ooo\" \/>\n<meta property=\"article:publisher\" content=\"https:\/\/www.facebook.com\/zazitooo\/\" \/>\n<meta property=\"article:modified_time\" content=\"2025-09-25T04:48:05+00:00\" \/>\n<meta property=\"og:image\" content=\"https:\/\/www.zazito.ooo\/wp-content\/uploads\/2024\/11\/18998-fa27b29-vrazednepsychevizual01-copy.jpg\" \/>\n\t<meta property=\"og:image:width\" content=\"600\" \/>\n\t<meta property=\"og:image:height\" content=\"400\" \/>\n\t<meta property=\"og:image:type\" content=\"image\/jpeg\" \/>\n<meta name=\"twitter:card\" content=\"summary_large_image\" \/>\n<meta name=\"twitter:label1\" content=\"Est. reading time\" \/>\n\t<meta name=\"twitter:data1\" content=\"3 minutes\" \/>\n<script type=\"application\/ld+json\" class=\"yoast-schema-graph\">{\"@context\":\"https:\/\/schema.org\",\"@graph\":[{\"@type\":\"WebPage\",\"@id\":\"https:\/\/www.zazito.ooo\/en\/hra\/umlcane-v-tme\/\",\"url\":\"https:\/\/www.zazito.ooo\/en\/hra\/umlcane-v-tme\/\",\"name\":\"Uml\u010dan\u00e9 v\u00a0TME - Zazito.ooo\",\"isPartOf\":{\"@id\":\"https:\/\/www.zazito.ooo\/en\/#website\"},\"primaryImageOfPage\":{\"@id\":\"https:\/\/www.zazito.ooo\/en\/hra\/umlcane-v-tme\/#primaryimage\"},\"image\":{\"@id\":\"https:\/\/www.zazito.ooo\/en\/hra\/umlcane-v-tme\/#primaryimage\"},\"thumbnailUrl\":\"https:\/\/www.zazito.ooo\/wp-content\/uploads\/2024\/11\/18998-fa27b29-vrazednepsychevizual01-copy.jpg\",\"datePublished\":\"2024-11-28T08:01:07+00:00\",\"dateModified\":\"2025-09-25T04:48:05+00:00\",\"breadcrumb\":{\"@id\":\"https:\/\/www.zazito.ooo\/en\/hra\/umlcane-v-tme\/#breadcrumb\"},\"inLanguage\":\"en-US\",\"potentialAction\":[{\"@type\":\"ReadAction\",\"target\":[\"https:\/\/www.zazito.ooo\/en\/hra\/umlcane-v-tme\/\"]}]},{\"@type\":\"ImageObject\",\"inLanguage\":\"en-US\",\"@id\":\"https:\/\/www.zazito.ooo\/en\/hra\/umlcane-v-tme\/#primaryimage\",\"url\":\"https:\/\/www.zazito.ooo\/wp-content\/uploads\/2024\/11\/18998-fa27b29-vrazednepsychevizual01-copy.jpg\",\"contentUrl\":\"https:\/\/www.zazito.ooo\/wp-content\/uploads\/2024\/11\/18998-fa27b29-vrazednepsychevizual01-copy.jpg\",\"width\":600,\"height\":400},{\"@type\":\"BreadcrumbList\",\"@id\":\"https:\/\/www.zazito.ooo\/en\/hra\/umlcane-v-tme\/#breadcrumb\",\"itemListElement\":[{\"@type\":\"ListItem\",\"position\":1,\"name\":\"Home\",\"item\":\"https:\/\/www.zazito.ooo\/\"},{\"@type\":\"ListItem\",\"position\":2,\"name\":\"Obchod\",\"item\":\"https:\/\/www.zazito.ooo\/obchod\/\"},{\"@type\":\"ListItem\",\"position\":3,\"name\":\"Uml\u010dan\u00e9 v\u00a0TME\"}]},{\"@type\":\"WebSite\",\"@id\":\"https:\/\/www.zazito.ooo\/en\/#website\",\"url\":\"https:\/\/www.zazito.ooo\/en\/\",\"name\":\"Zazito.ooo\",\"description\":\"origin\u00e1lne escape games v Bratislave\",\"publisher\":{\"@id\":\"https:\/\/www.zazito.ooo\/en\/#organization\"},\"potentialAction\":[{\"@type\":\"SearchAction\",\"target\":{\"@type\":\"EntryPoint\",\"urlTemplate\":\"https:\/\/www.zazito.ooo\/en\/?s={search_term_string}\"},\"query-input\":{\"@type\":\"PropertyValueSpecification\",\"valueRequired\":true,\"valueName\":\"search_term_string\"}}],\"inLanguage\":\"en-US\"},{\"@type\":\"Organization\",\"@id\":\"https:\/\/www.zazito.ooo\/en\/#organization\",\"name\":\"Zazito, s.r.o.\",\"url\":\"https:\/\/www.zazito.ooo\/en\/\",\"logo\":{\"@type\":\"ImageObject\",\"inLanguage\":\"en-US\",\"@id\":\"https:\/\/www.zazito.ooo\/en\/#\/schema\/logo\/image\/\",\"url\":\"https:\/\/www.zazito.ooo\/wp-content\/uploads\/2019\/08\/zazito_logo.jpg\",\"contentUrl\":\"https:\/\/www.zazito.ooo\/wp-content\/uploads\/2019\/08\/zazito_logo.jpg\",\"width\":1080,\"height\":1080,\"caption\":\"Zazito, s.r.o.\"},\"image\":{\"@id\":\"https:\/\/www.zazito.ooo\/en\/#\/schema\/logo\/image\/\"},\"sameAs\":[\"https:\/\/www.facebook.com\/zazitooo\/\",\"https:\/\/www.instagram.com\/zazito.ooo\/?hl=sk\"]}]}<\/script>\n<!-- \/ Yoast SEO plugin. -->","yoast_head_json":{"title":"Uml\u010dan\u00e9 v\u00a0TME - Zazito.ooo","robots":{"index":"index","follow":"follow","max-snippet":"max-snippet:-1","max-image-preview":"max-image-preview:large","max-video-preview":"max-video-preview:-1"},"canonical":"https:\/\/www.zazito.ooo\/en\/hra\/umlcane-v-tme\/","og_locale":"en_US","og_type":"article","og_title":"Uml\u010dan\u00e9 v\u00a0TME - Zazito.ooo","og_description":"Psychologicko-detekt\u00edvna hra od tvorcov podcastu VRA\u017dEDN\u00c9 PSYCH\u00c9 Vst\u00fapte do temn\u00e9ho sveta zlo\u010dinu s na\u0161ou detekt\u00edvnou hrou! Po vy\u0161e roku intenz\u00edvneho v\u00fdvoja s odborn\u00edkmi na psychol\u00f3giu a detekt\u00edvne narat\u00edvy v\u00e1m prin\u00e1\u0161ame hru, ktor\u00e1 sp\u00e1ja nap\u00ednav\u00fd pr\u00edbeh s interakt\u00edvnymi prvkami. Postavte sa do role detekt\u00edva a odha\u013ete vraha. Sta\u0148te sa s\u00fa\u010das\u0165ou tohto vzru\u0161uj\u00faceho dobrodru\u017estva a pom\u00f4\u017ete n\u00e1m&hellip;","og_url":"https:\/\/www.zazito.ooo\/en\/hra\/umlcane-v-tme\/","og_site_name":"Zazito.ooo","article_publisher":"https:\/\/www.facebook.com\/zazitooo\/","article_modified_time":"2025-09-25T04:48:05+00:00","og_image":[{"width":600,"height":400,"url":"https:\/\/www.zazito.ooo\/wp-content\/uploads\/2024\/11\/18998-fa27b29-vrazednepsychevizual01-copy.jpg","type":"image\/jpeg"}],"twitter_card":"summary_large_image","twitter_misc":{"Est. reading time":"3 minutes"},"schema":{"@context":"https:\/\/schema.org","@graph":[{"@type":"WebPage","@id":"https:\/\/www.zazito.ooo\/en\/hra\/umlcane-v-tme\/","url":"https:\/\/www.zazito.ooo\/en\/hra\/umlcane-v-tme\/","name":"Uml\u010dan\u00e9 v\u00a0TME - Zazito.ooo","isPartOf":{"@id":"https:\/\/www.zazito.ooo\/en\/#website"},"primaryImageOfPage":{"@id":"https:\/\/www.zazito.ooo\/en\/hra\/umlcane-v-tme\/#primaryimage"},"image":{"@id":"https:\/\/www.zazito.ooo\/en\/hra\/umlcane-v-tme\/#primaryimage"},"thumbnailUrl":"https:\/\/www.zazito.ooo\/wp-content\/uploads\/2024\/11\/18998-fa27b29-vrazednepsychevizual01-copy.jpg","datePublished":"2024-11-28T08:01:07+00:00","dateModified":"2025-09-25T04:48:05+00:00","breadcrumb":{"@id":"https:\/\/www.zazito.ooo\/en\/hra\/umlcane-v-tme\/#breadcrumb"},"inLanguage":"en-US","potentialAction":[{"@type":"ReadAction","target":["https:\/\/www.zazito.ooo\/en\/hra\/umlcane-v-tme\/"]}]},{"@type":"ImageObject","inLanguage":"en-US","@id":"https:\/\/www.zazito.ooo\/en\/hra\/umlcane-v-tme\/#primaryimage","url":"https:\/\/www.zazito.ooo\/wp-content\/uploads\/2024\/11\/18998-fa27b29-vrazednepsychevizual01-copy.jpg","contentUrl":"https:\/\/www.zazito.ooo\/wp-content\/uploads\/2024\/11\/18998-fa27b29-vrazednepsychevizual01-copy.jpg","width":600,"height":400},{"@type":"BreadcrumbList","@id":"https:\/\/www.zazito.ooo\/en\/hra\/umlcane-v-tme\/#breadcrumb","itemListElement":[{"@type":"ListItem","position":1,"name":"Home","item":"https:\/\/www.zazito.ooo\/"},{"@type":"ListItem","position":2,"name":"Obchod","item":"https:\/\/www.zazito.ooo\/obchod\/"},{"@type":"ListItem","position":3,"name":"Uml\u010dan\u00e9 v\u00a0TME"}]},{"@type":"WebSite","@id":"https:\/\/www.zazito.ooo\/en\/#website","url":"https:\/\/www.zazito.ooo\/en\/","name":"Zazito.ooo","description":"origin\u00e1lne escape games v Bratislave","publisher":{"@id":"https:\/\/www.zazito.ooo\/en\/#organization"},"potentialAction":[{"@type":"SearchAction","target":{"@type":"EntryPoint","urlTemplate":"https:\/\/www.zazito.ooo\/en\/?s={search_term_string}"},"query-input":{"@type":"PropertyValueSpecification","valueRequired":true,"valueName":"search_term_string"}}],"inLanguage":"en-US"},{"@type":"Organization","@id":"https:\/\/www.zazito.ooo\/en\/#organization","name":"Zazito, s.r.o.","url":"https:\/\/www.zazito.ooo\/en\/","logo":{"@type":"ImageObject","inLanguage":"en-US","@id":"https:\/\/www.zazito.ooo\/en\/#\/schema\/logo\/image\/","url":"https:\/\/www.zazito.ooo\/wp-content\/uploads\/2019\/08\/zazito_logo.jpg","contentUrl":"https:\/\/www.zazito.ooo\/wp-content\/uploads\/2019\/08\/zazito_logo.jpg","width":1080,"height":1080,"caption":"Zazito, s.r.o."},"image":{"@id":"https:\/\/www.zazito.ooo\/en\/#\/schema\/logo\/image\/"},"sameAs":["https:\/\/www.facebook.com\/zazitooo\/","https:\/\/www.instagram.com\/zazito.ooo\/?hl=sk"]}]}},"_links":{"self":[{"href":"https:\/\/www.zazito.ooo\/en\/wp-json\/wp\/v2\/product\/58376","targetHints":{"allow":["GET"]}}],"collection":[{"href":"https:\/\/www.zazito.ooo\/en\/wp-json\/wp\/v2\/product"}],"about":[{"href":"https:\/\/www.zazito.ooo\/en\/wp-json\/wp\/v2\/types\/product"}],"replies":[{"embeddable":true,"href":"https:\/\/www.zazito.ooo\/en\/wp-json\/wp\/v2\/comments?post=58376"}],"wp:featuredmedia":[{"embeddable":true,"href":"https:\/\/www.zazito.ooo\/en\/wp-json\/wp\/v2\/media\/58379"}],"wp:attachment":[{"href":"https:\/\/www.zazito.ooo\/en\/wp-json\/wp\/v2\/media?parent=58376"}],"wp:term":[{"taxonomy":"product_brand","embeddable":true,"href":"https:\/\/www.zazito.ooo\/en\/wp-json\/wp\/v2\/product_brand?post=58376"},{"taxonomy":"product_cat","embeddable":true,"href":"https:\/\/www.zazito.ooo\/en\/wp-json\/wp\/v2\/product_cat?post=58376"},{"taxonomy":"product_tag","embeddable":true,"href":"https:\/\/www.zazito.ooo\/en\/wp-json\/wp\/v2\/product_tag?post=58376"}],"curies":[{"name":"wp","href":"https:\/\/api.w.org\/{rel}","templated":true}]}}