{"id":58,"date":"2019-06-11T12:35:34","date_gmt":"2019-06-11T10:35:34","guid":{"rendered":"https:\/\/www.new.zazito.ooo\/?post_type=product&#038;p=58"},"modified":"2025-11-24T21:14:18","modified_gmt":"2025-11-24T20:14:18","slug":"divna-basa","status":"publish","type":"product","link":"https:\/\/www.zazito.ooo\/en\/hra\/divna-basa\/","title":{"rendered":"Strange prison"},"content":{"rendered":"<h4><span style=\"color: #808080;\">Escape room<\/span><\/h4>\n<p><strong>All together, yet each for themselves.<\/strong>In a peculiar facility <strong>hidden in the remote streets of Bratislava<\/strong>\u00a0budete v\u0161etci spolu, ale ka\u017ed\u00fd S\u00c1M vo svojej cele. Tu sa uk\u00e1\u017ee, kto z v\u00e1s to zvl\u00e1dne \u00faplne s\u00e1m a bude schopn\u00fd pom\u00f4c\u0165 ostatn\u00fdm a kto je ten, \u010do sa vo v\u0161etk\u00fdch izb\u00e1ch doteraz iba \u201eviezol\u201c!<\/p>\n<p>&nbsp;<\/p>\n<p>Nezabudnite ale na to, \u017ee po vysloboden\u00ed sa z cely v\u00e1s \u010dak\u00e1 e\u0161te spolo\u010dn\u00e1 \u00faloha, a to <strong>ESCAPE FROM THE BASE -<\/strong> \u2013 a mo\u017eno ani to nebude sta\u010di\u0165&#8230;<\/p>\n<p>&nbsp;<\/p>\n<p>V cel\u00e1ch ne\u010dakajte \u017eiadne extra vybavenie, zabudnite na kni\u017enice pln\u00e9 kn\u00edh, na star\u00e9 fotografie, kufre a na mili\u00f3n \u010fal\u0161\u00edch zbyto\u010dnost\u00ed. Za \u017eelezn\u00fdmi mre\u017eami skon\u010d\u00edte len s t\u00fdm najnutnej\u0161\u00edm, \u010do v\u00e4ze\u0148 potrebuje.<\/p>\n<p>&nbsp;<\/p>\n<p>Mo\u017eno to bude o to \u0165a\u017e\u0161ie a mo\u017eno o to jednoduch\u0161ie, to nech\u00e1me zisti\u0165 v\u00e1s.<\/p>\n<p><span style=\"color: #e43d4e;\"><b><br>\n<br>\nDuring the game, you might get dirty, so wear sturdy shoes, and remember that the hall is not heated in the winter.<\/b>.<\/span><\/p>","protected":false},"excerpt":{"rendered":"<p>Escape room V\u0161etci spolu a predsa prv\u00fdkr\u00e1t ka\u017ed\u00fd za seba. V jednej DIVNEJ BASE, schovanej v od\u013eahl\u00fdch uliciach Bratislavy,\u00a0budete v\u0161etci spolu, ale ka\u017ed\u00fd S\u00c1M vo svojej cele. Tu sa uk\u00e1\u017ee, kto z v\u00e1s to zvl\u00e1dne \u00faplne s\u00e1m a bude schopn\u00fd pom\u00f4c\u0165 ostatn\u00fdm a kto je ten, \u010do sa vo v\u0161etk\u00fdch izb\u00e1ch doteraz iba \u201eviezol\u201c! &nbsp;&hellip;<\/p>","protected":false},"featured_media":56801,"comment_status":"open","ping_status":"closed","template":"","meta":[],"product_brand":[],"product_cat":[15,27,30],"product_tag":[],"class_list":{"0":"post-58","1":"product","2":"type-product","3":"status-publish","4":"has-post-thumbnail","6":"product_cat-hry","7":"product_cat-klasicke-escape-hry","8":"product_cat-mozne-hrat-v-anglictine","10":"first","11":"instock","12":"virtual","13":"taxable","14":"purchasable","15":"product-type-simple"},"yoast_head":"<!-- This site is optimized with the Yoast SEO plugin v27.2 - https:\/\/yoast.com\/product\/yoast-seo-wordpress\/ -->\n<title>Divn\u00e1 basa - \u00fatek z v\u00e4zenia - escape room Bratislava | Zazito.ooo<\/title>\n<meta name=\"description\" content=\"Dok\u00e1\u017eete utiec\u0165 z v\u00e4zenia? Vysk\u00fa\u0161ajte si to v na\u0161ej escape room Divn\u00e1 Basa, kde ste v\u0161etci spolu, ale ka\u017ed\u00fd za seba. Pre\u010d\u00edtajte si viac na na\u0161om webe.\" \/>\n<meta name=\"robots\" content=\"index, follow, max-snippet:-1, max-image-preview:large, max-video-preview:-1\" \/>\n<link rel=\"canonical\" href=\"https:\/\/www.zazito.ooo\/en\/hra\/divna-basa\/\" \/>\n<meta property=\"og:locale\" content=\"en_US\" \/>\n<meta property=\"og:type\" content=\"article\" \/>\n<meta property=\"og:title\" content=\"Divn\u00e1 basa - \u00fatek z v\u00e4zenia - escape room Bratislava | Zazito.ooo\" \/>\n<meta property=\"og:description\" content=\"Dok\u00e1\u017eete utiec\u0165 z v\u00e4zenia? Vysk\u00fa\u0161ajte si to v na\u0161ej escape room Divn\u00e1 Basa, kde ste v\u0161etci spolu, ale ka\u017ed\u00fd za seba. Pre\u010d\u00edtajte si viac na na\u0161om webe.\" \/>\n<meta property=\"og:url\" content=\"https:\/\/www.zazito.ooo\/en\/hra\/divna-basa\/\" \/>\n<meta property=\"og:site_name\" content=\"Zazito.ooo\" \/>\n<meta property=\"article:publisher\" content=\"https:\/\/www.facebook.com\/zazitooo\/\" \/>\n<meta property=\"article:modified_time\" content=\"2025-11-24T20:14:18+00:00\" \/>\n<meta property=\"og:image\" content=\"https:\/\/www.zazito.ooo\/wp-content\/uploads\/2019\/06\/zazito-img-landscape-divna-basa-1-2.webp\" \/>\n\t<meta property=\"og:image:width\" content=\"1920\" \/>\n\t<meta property=\"og:image:height\" content=\"1080\" \/>\n\t<meta property=\"og:image:type\" content=\"image\/webp\" \/>\n<meta name=\"twitter:card\" content=\"summary_large_image\" \/>\n<meta name=\"twitter:label1\" content=\"Est. reading time\" \/>\n\t<meta name=\"twitter:data1\" content=\"1 minute\" \/>\n<script type=\"application\/ld+json\" class=\"yoast-schema-graph\">{\"@context\":\"https:\/\/schema.org\",\"@graph\":[{\"@type\":\"WebPage\",\"@id\":\"https:\/\/www.zazito.ooo\/en\/hra\/divna-basa\/\",\"url\":\"https:\/\/www.zazito.ooo\/en\/hra\/divna-basa\/\",\"name\":\"Divn\u00e1 basa - \u00fatek z v\u00e4zenia - escape room Bratislava | Zazito.ooo\",\"isPartOf\":{\"@id\":\"https:\/\/www.zazito.ooo\/en\/#website\"},\"primaryImageOfPage\":{\"@id\":\"https:\/\/www.zazito.ooo\/en\/hra\/divna-basa\/#primaryimage\"},\"image\":{\"@id\":\"https:\/\/www.zazito.ooo\/en\/hra\/divna-basa\/#primaryimage\"},\"thumbnailUrl\":\"https:\/\/www.zazito.ooo\/wp-content\/uploads\/2019\/06\/zazito-img-landscape-divna-basa-1-2.webp\",\"datePublished\":\"2019-06-11T10:35:34+00:00\",\"dateModified\":\"2025-11-24T20:14:18+00:00\",\"description\":\"Dok\u00e1\u017eete utiec\u0165 z v\u00e4zenia? Vysk\u00fa\u0161ajte si to v na\u0161ej escape room Divn\u00e1 Basa, kde ste v\u0161etci spolu, ale ka\u017ed\u00fd za seba. Pre\u010d\u00edtajte si viac na na\u0161om webe.\",\"breadcrumb\":{\"@id\":\"https:\/\/www.zazito.ooo\/en\/hra\/divna-basa\/#breadcrumb\"},\"inLanguage\":\"en-US\",\"potentialAction\":[{\"@type\":\"ReadAction\",\"target\":[\"https:\/\/www.zazito.ooo\/en\/hra\/divna-basa\/\"]}]},{\"@type\":\"ImageObject\",\"inLanguage\":\"en-US\",\"@id\":\"https:\/\/www.zazito.ooo\/en\/hra\/divna-basa\/#primaryimage\",\"url\":\"https:\/\/www.zazito.ooo\/wp-content\/uploads\/2019\/06\/zazito-img-landscape-divna-basa-1-2.webp\",\"contentUrl\":\"https:\/\/www.zazito.ooo\/wp-content\/uploads\/2019\/06\/zazito-img-landscape-divna-basa-1-2.webp\",\"width\":1920,\"height\":1080,\"caption\":\"Escape room divn\u00e1 basa\"},{\"@type\":\"BreadcrumbList\",\"@id\":\"https:\/\/www.zazito.ooo\/en\/hra\/divna-basa\/#breadcrumb\",\"itemListElement\":[{\"@type\":\"ListItem\",\"position\":1,\"name\":\"Home\",\"item\":\"https:\/\/www.zazito.ooo\/\"},{\"@type\":\"ListItem\",\"position\":2,\"name\":\"Obchod\",\"item\":\"https:\/\/www.zazito.ooo\/obchod\/\"},{\"@type\":\"ListItem\",\"position\":3,\"name\":\"Divn\u00e1 Basa\"}]},{\"@type\":\"WebSite\",\"@id\":\"https:\/\/www.zazito.ooo\/en\/#website\",\"url\":\"https:\/\/www.zazito.ooo\/en\/\",\"name\":\"Zazito.ooo\",\"description\":\"origin\u00e1lne escape games v Bratislave\",\"publisher\":{\"@id\":\"https:\/\/www.zazito.ooo\/en\/#organization\"},\"potentialAction\":[{\"@type\":\"SearchAction\",\"target\":{\"@type\":\"EntryPoint\",\"urlTemplate\":\"https:\/\/www.zazito.ooo\/en\/?s={search_term_string}\"},\"query-input\":{\"@type\":\"PropertyValueSpecification\",\"valueRequired\":true,\"valueName\":\"search_term_string\"}}],\"inLanguage\":\"en-US\"},{\"@type\":\"Organization\",\"@id\":\"https:\/\/www.zazito.ooo\/en\/#organization\",\"name\":\"Zazito, s.r.o.\",\"url\":\"https:\/\/www.zazito.ooo\/en\/\",\"logo\":{\"@type\":\"ImageObject\",\"inLanguage\":\"en-US\",\"@id\":\"https:\/\/www.zazito.ooo\/en\/#\/schema\/logo\/image\/\",\"url\":\"https:\/\/www.zazito.ooo\/wp-content\/uploads\/2019\/08\/zazito_logo.jpg\",\"contentUrl\":\"https:\/\/www.zazito.ooo\/wp-content\/uploads\/2019\/08\/zazito_logo.jpg\",\"width\":1080,\"height\":1080,\"caption\":\"Zazito, s.r.o.\"},\"image\":{\"@id\":\"https:\/\/www.zazito.ooo\/en\/#\/schema\/logo\/image\/\"},\"sameAs\":[\"https:\/\/www.facebook.com\/zazitooo\/\",\"https:\/\/www.instagram.com\/zazito.ooo\/?hl=sk\"]}]}<\/script>\n<!-- \/ Yoast SEO plugin. -->","yoast_head_json":{"title":"Divn\u00e1 basa - \u00fatek z v\u00e4zenia - escape room Bratislava | Zazito.ooo","description":"Dok\u00e1\u017eete utiec\u0165 z v\u00e4zenia? Vysk\u00fa\u0161ajte si to v na\u0161ej escape room Divn\u00e1 Basa, kde ste v\u0161etci spolu, ale ka\u017ed\u00fd za seba. Pre\u010d\u00edtajte si viac na na\u0161om webe.","robots":{"index":"index","follow":"follow","max-snippet":"max-snippet:-1","max-image-preview":"max-image-preview:large","max-video-preview":"max-video-preview:-1"},"canonical":"https:\/\/www.zazito.ooo\/en\/hra\/divna-basa\/","og_locale":"en_US","og_type":"article","og_title":"Divn\u00e1 basa - \u00fatek z v\u00e4zenia - escape room Bratislava | Zazito.ooo","og_description":"Dok\u00e1\u017eete utiec\u0165 z v\u00e4zenia? Vysk\u00fa\u0161ajte si to v na\u0161ej escape room Divn\u00e1 Basa, kde ste v\u0161etci spolu, ale ka\u017ed\u00fd za seba. Pre\u010d\u00edtajte si viac na na\u0161om webe.","og_url":"https:\/\/www.zazito.ooo\/en\/hra\/divna-basa\/","og_site_name":"Zazito.ooo","article_publisher":"https:\/\/www.facebook.com\/zazitooo\/","article_modified_time":"2025-11-24T20:14:18+00:00","og_image":[{"width":1920,"height":1080,"url":"https:\/\/www.zazito.ooo\/wp-content\/uploads\/2019\/06\/zazito-img-landscape-divna-basa-1-2.webp","type":"image\/webp"}],"twitter_card":"summary_large_image","twitter_misc":{"Est. reading time":"1 minute"},"schema":{"@context":"https:\/\/schema.org","@graph":[{"@type":"WebPage","@id":"https:\/\/www.zazito.ooo\/en\/hra\/divna-basa\/","url":"https:\/\/www.zazito.ooo\/en\/hra\/divna-basa\/","name":"Divn\u00e1 basa - \u00fatek z v\u00e4zenia - escape room Bratislava | Zazito.ooo","isPartOf":{"@id":"https:\/\/www.zazito.ooo\/en\/#website"},"primaryImageOfPage":{"@id":"https:\/\/www.zazito.ooo\/en\/hra\/divna-basa\/#primaryimage"},"image":{"@id":"https:\/\/www.zazito.ooo\/en\/hra\/divna-basa\/#primaryimage"},"thumbnailUrl":"https:\/\/www.zazito.ooo\/wp-content\/uploads\/2019\/06\/zazito-img-landscape-divna-basa-1-2.webp","datePublished":"2019-06-11T10:35:34+00:00","dateModified":"2025-11-24T20:14:18+00:00","description":"Dok\u00e1\u017eete utiec\u0165 z v\u00e4zenia? Vysk\u00fa\u0161ajte si to v na\u0161ej escape room Divn\u00e1 Basa, kde ste v\u0161etci spolu, ale ka\u017ed\u00fd za seba. Pre\u010d\u00edtajte si viac na na\u0161om webe.","breadcrumb":{"@id":"https:\/\/www.zazito.ooo\/en\/hra\/divna-basa\/#breadcrumb"},"inLanguage":"en-US","potentialAction":[{"@type":"ReadAction","target":["https:\/\/www.zazito.ooo\/en\/hra\/divna-basa\/"]}]},{"@type":"ImageObject","inLanguage":"en-US","@id":"https:\/\/www.zazito.ooo\/en\/hra\/divna-basa\/#primaryimage","url":"https:\/\/www.zazito.ooo\/wp-content\/uploads\/2019\/06\/zazito-img-landscape-divna-basa-1-2.webp","contentUrl":"https:\/\/www.zazito.ooo\/wp-content\/uploads\/2019\/06\/zazito-img-landscape-divna-basa-1-2.webp","width":1920,"height":1080,"caption":"Escape room divn\u00e1 basa"},{"@type":"BreadcrumbList","@id":"https:\/\/www.zazito.ooo\/en\/hra\/divna-basa\/#breadcrumb","itemListElement":[{"@type":"ListItem","position":1,"name":"Home","item":"https:\/\/www.zazito.ooo\/"},{"@type":"ListItem","position":2,"name":"Obchod","item":"https:\/\/www.zazito.ooo\/obchod\/"},{"@type":"ListItem","position":3,"name":"Divn\u00e1 Basa"}]},{"@type":"WebSite","@id":"https:\/\/www.zazito.ooo\/en\/#website","url":"https:\/\/www.zazito.ooo\/en\/","name":"Zazito.ooo","description":"origin\u00e1lne escape games v Bratislave","publisher":{"@id":"https:\/\/www.zazito.ooo\/en\/#organization"},"potentialAction":[{"@type":"SearchAction","target":{"@type":"EntryPoint","urlTemplate":"https:\/\/www.zazito.ooo\/en\/?s={search_term_string}"},"query-input":{"@type":"PropertyValueSpecification","valueRequired":true,"valueName":"search_term_string"}}],"inLanguage":"en-US"},{"@type":"Organization","@id":"https:\/\/www.zazito.ooo\/en\/#organization","name":"Zazito, s.r.o.","url":"https:\/\/www.zazito.ooo\/en\/","logo":{"@type":"ImageObject","inLanguage":"en-US","@id":"https:\/\/www.zazito.ooo\/en\/#\/schema\/logo\/image\/","url":"https:\/\/www.zazito.ooo\/wp-content\/uploads\/2019\/08\/zazito_logo.jpg","contentUrl":"https:\/\/www.zazito.ooo\/wp-content\/uploads\/2019\/08\/zazito_logo.jpg","width":1080,"height":1080,"caption":"Zazito, s.r.o."},"image":{"@id":"https:\/\/www.zazito.ooo\/en\/#\/schema\/logo\/image\/"},"sameAs":["https:\/\/www.facebook.com\/zazitooo\/","https:\/\/www.instagram.com\/zazito.ooo\/?hl=sk"]}]}},"_links":{"self":[{"href":"https:\/\/www.zazito.ooo\/en\/wp-json\/wp\/v2\/product\/58","targetHints":{"allow":["GET"]}}],"collection":[{"href":"https:\/\/www.zazito.ooo\/en\/wp-json\/wp\/v2\/product"}],"about":[{"href":"https:\/\/www.zazito.ooo\/en\/wp-json\/wp\/v2\/types\/product"}],"replies":[{"embeddable":true,"href":"https:\/\/www.zazito.ooo\/en\/wp-json\/wp\/v2\/comments?post=58"}],"wp:featuredmedia":[{"embeddable":true,"href":"https:\/\/www.zazito.ooo\/en\/wp-json\/wp\/v2\/media\/56801"}],"wp:attachment":[{"href":"https:\/\/www.zazito.ooo\/en\/wp-json\/wp\/v2\/media?parent=58"}],"wp:term":[{"taxonomy":"product_brand","embeddable":true,"href":"https:\/\/www.zazito.ooo\/en\/wp-json\/wp\/v2\/product_brand?post=58"},{"taxonomy":"product_cat","embeddable":true,"href":"https:\/\/www.zazito.ooo\/en\/wp-json\/wp\/v2\/product_cat?post=58"},{"taxonomy":"product_tag","embeddable":true,"href":"https:\/\/www.zazito.ooo\/en\/wp-json\/wp\/v2\/product_tag?post=58"}],"curies":[{"name":"wp","href":"https:\/\/api.w.org\/{rel}","templated":true}]}}