{"id":572,"date":"2019-06-26T12:43:23","date_gmt":"2019-06-26T10:43:23","guid":{"rendered":"https:\/\/www.new.zazito.ooo\/?post_type=product&#038;p=572"},"modified":"2023-07-05T22:33:41","modified_gmt":"2023-07-05T20:33:41","slug":"fantom-bratislavy-darcek","status":"publish","type":"product","link":"https:\/\/www.zazito.ooo\/en\/hra\/fantom-bratislavy-darcek\/","title":{"rendered":"Gift voucher - Phantom of Bratislava"},"content":{"rendered":"<p><strong>Modern\u00e9 mestsk\u00e9 outdoor hry<\/strong> sa s ob\u013eubou vyu\u017e\u00edvaj\u00fa i ako <strong>s\u00fa\u010das\u0165 teambuildingu<\/strong>, preto sa nev\u00e1hajte so svoj\u00edm pracovn\u00fdm t\u00edmom zapoji\u0165 aj vy.<br \/>\nVenujte kolegom <strong>dar\u010dekov\u00fd poukaz na hru Fant\u00f3m Bratislavy<\/strong>, pom\u00f4\u017ete chyti\u0165 h\u013eadan\u00e9ho zlo\u010dinca a skvelo sa zabavte a spoznajte navz\u00e1jom seba aj na\u0161e hlavn\u00e9 mesto. <strong>Hra <span style=\"color: #e43d4e;\"><a style=\"color: #e43d4e;\" href=\"https:\/\/www.zazito.ooo\/en\/hra\/fantom-bratislavy\/\">Fant\u00f3m Bratislavy<\/a><\/span><\/strong> za\u017eenie nudu i \u0161tudentom na intern\u00e1toch \u010di ka\u017ed\u00e9mu, kto si ove\u013ea rad\u0161ej ako kino vychutn\u00e1 svie\u017ei vzduch.<\/p>\n<p>&nbsp;<\/p>\n<h3><strong>Platnos\u0165: <\/strong>12 mesiacov<\/h3>\n<p>&nbsp;<\/p>\n<h3><strong>Rezerv\u00e1cia:<\/strong> ide\u00e1lne aspo\u0148 t\u00fd\u017ede\u0148 vopred, cez rezerva\u010dn\u00fd online syst\u00e9m<\/h3>","protected":false},"excerpt":{"rendered":"<p>Modern\u00e9 mestsk\u00e9 outdoor hry sa s ob\u013eubou vyu\u017e\u00edvaj\u00fa i ako s\u00fa\u010das\u0165 teambuildingu, preto sa nev\u00e1hajte so svoj\u00edm pracovn\u00fdm t\u00edmom zapoji\u0165 aj vy. Venujte kolegom dar\u010dekov\u00fd poukaz na hru Fant\u00f3m Bratislavy, pom\u00f4\u017ete chyti\u0165 h\u013eadan\u00e9ho zlo\u010dinca a skvelo sa zabavte a spoznajte navz\u00e1jom seba aj na\u0161e hlavn\u00e9 mesto. Hra Fant\u00f3m Bratislavy za\u017eenie nudu i \u0161tudentom na intern\u00e1toch&hellip;<\/p>","protected":false},"featured_media":573,"comment_status":"open","ping_status":"closed","template":"","meta":[],"product_brand":[],"product_cat":[17],"product_tag":[],"class_list":{"0":"post-572","1":"product","2":"type-product","3":"status-publish","4":"has-post-thumbnail","6":"product_cat-zazitkove-darceky","8":"first","9":"instock","10":"virtual","11":"taxable","12":"purchasable","13":"product-type-simple"},"yoast_head":"<!-- This site is optimized with the Yoast SEO plugin v27.2 - https:\/\/yoast.com\/product\/yoast-seo-wordpress\/ -->\n<title>Dar\u010dekov\u00fd poukaz - Fant\u00f3m Bratislavy - Zazito.ooo<\/title>\n<meta name=\"description\" content=\"K ob\u013e\u00fabenej outdoorovej hre Fant\u00f3m Bratislavy v\u00e1m pon\u00fakame aj dar\u010dekov\u00e9 poukazy. Prekvapte svoj t\u00edm \u010di priate\u013eov.\" \/>\n<meta name=\"robots\" content=\"index, follow, max-snippet:-1, max-image-preview:large, max-video-preview:-1\" \/>\n<link rel=\"canonical\" href=\"https:\/\/www.zazito.ooo\/en\/hra\/fantom-bratislavy-darcek\/\" \/>\n<meta property=\"og:locale\" content=\"en_US\" \/>\n<meta property=\"og:type\" content=\"article\" \/>\n<meta property=\"og:title\" content=\"Dar\u010dekov\u00fd poukaz - Fant\u00f3m Bratislavy - Zazito.ooo\" \/>\n<meta property=\"og:description\" content=\"K ob\u013e\u00fabenej outdoorovej hre Fant\u00f3m Bratislavy v\u00e1m pon\u00fakame aj dar\u010dekov\u00e9 poukazy. Prekvapte svoj t\u00edm \u010di priate\u013eov.\" \/>\n<meta property=\"og:url\" content=\"https:\/\/www.zazito.ooo\/en\/hra\/fantom-bratislavy-darcek\/\" \/>\n<meta property=\"og:site_name\" content=\"Zazito.ooo\" \/>\n<meta property=\"article:publisher\" content=\"https:\/\/www.facebook.com\/zazitooo\/\" \/>\n<meta property=\"article:modified_time\" content=\"2023-07-05T20:33:41+00:00\" \/>\n<meta property=\"og:image\" content=\"https:\/\/www.zazito.ooo\/wp-content\/uploads\/2019\/06\/zazito.ooo-fantom-bratislavy-darcekovy-poukaz.jpg\" \/>\n\t<meta property=\"og:image:width\" content=\"1090\" \/>\n\t<meta property=\"og:image:height\" content=\"519\" \/>\n\t<meta property=\"og:image:type\" content=\"image\/jpeg\" \/>\n<meta name=\"twitter:card\" content=\"summary_large_image\" \/>\n<meta name=\"twitter:label1\" content=\"Est. reading time\" \/>\n\t<meta name=\"twitter:data1\" content=\"1 minute\" \/>\n<script type=\"application\/ld+json\" class=\"yoast-schema-graph\">{\"@context\":\"https:\/\/schema.org\",\"@graph\":[{\"@type\":\"WebPage\",\"@id\":\"https:\/\/www.zazito.ooo\/en\/hra\/fantom-bratislavy-darcek\/\",\"url\":\"https:\/\/www.zazito.ooo\/en\/hra\/fantom-bratislavy-darcek\/\",\"name\":\"Dar\u010dekov\u00fd poukaz - Fant\u00f3m Bratislavy - Zazito.ooo\",\"isPartOf\":{\"@id\":\"https:\/\/www.zazito.ooo\/en\/#website\"},\"primaryImageOfPage\":{\"@id\":\"https:\/\/www.zazito.ooo\/en\/hra\/fantom-bratislavy-darcek\/#primaryimage\"},\"image\":{\"@id\":\"https:\/\/www.zazito.ooo\/en\/hra\/fantom-bratislavy-darcek\/#primaryimage\"},\"thumbnailUrl\":\"https:\/\/www.zazito.ooo\/wp-content\/uploads\/2019\/06\/zazito.ooo-fantom-bratislavy-darcekovy-poukaz.jpg\",\"datePublished\":\"2019-06-26T10:43:23+00:00\",\"dateModified\":\"2023-07-05T20:33:41+00:00\",\"description\":\"K ob\u013e\u00fabenej outdoorovej hre Fant\u00f3m Bratislavy v\u00e1m pon\u00fakame aj dar\u010dekov\u00e9 poukazy. Prekvapte svoj t\u00edm \u010di priate\u013eov.\",\"breadcrumb\":{\"@id\":\"https:\/\/www.zazito.ooo\/en\/hra\/fantom-bratislavy-darcek\/#breadcrumb\"},\"inLanguage\":\"en-US\",\"potentialAction\":[{\"@type\":\"ReadAction\",\"target\":[\"https:\/\/www.zazito.ooo\/en\/hra\/fantom-bratislavy-darcek\/\"]}]},{\"@type\":\"ImageObject\",\"inLanguage\":\"en-US\",\"@id\":\"https:\/\/www.zazito.ooo\/en\/hra\/fantom-bratislavy-darcek\/#primaryimage\",\"url\":\"https:\/\/www.zazito.ooo\/wp-content\/uploads\/2019\/06\/zazito.ooo-fantom-bratislavy-darcekovy-poukaz.jpg\",\"contentUrl\":\"https:\/\/www.zazito.ooo\/wp-content\/uploads\/2019\/06\/zazito.ooo-fantom-bratislavy-darcekovy-poukaz.jpg\",\"width\":1090,\"height\":519,\"caption\":\"Dar\u010dekov\u00fd poukaz escape room - fant\u00f3m Bratislavy | zazito.ooo\"},{\"@type\":\"BreadcrumbList\",\"@id\":\"https:\/\/www.zazito.ooo\/en\/hra\/fantom-bratislavy-darcek\/#breadcrumb\",\"itemListElement\":[{\"@type\":\"ListItem\",\"position\":1,\"name\":\"Home\",\"item\":\"https:\/\/www.zazito.ooo\/\"},{\"@type\":\"ListItem\",\"position\":2,\"name\":\"Obchod\",\"item\":\"https:\/\/www.zazito.ooo\/obchod\/\"},{\"@type\":\"ListItem\",\"position\":3,\"name\":\"Dar\u010dekov\u00fd poukaz &#8211; Fant\u00f3m Bratislavy\"}]},{\"@type\":\"WebSite\",\"@id\":\"https:\/\/www.zazito.ooo\/en\/#website\",\"url\":\"https:\/\/www.zazito.ooo\/en\/\",\"name\":\"Zazito.ooo\",\"description\":\"origin\u00e1lne escape games v Bratislave\",\"publisher\":{\"@id\":\"https:\/\/www.zazito.ooo\/en\/#organization\"},\"potentialAction\":[{\"@type\":\"SearchAction\",\"target\":{\"@type\":\"EntryPoint\",\"urlTemplate\":\"https:\/\/www.zazito.ooo\/en\/?s={search_term_string}\"},\"query-input\":{\"@type\":\"PropertyValueSpecification\",\"valueRequired\":true,\"valueName\":\"search_term_string\"}}],\"inLanguage\":\"en-US\"},{\"@type\":\"Organization\",\"@id\":\"https:\/\/www.zazito.ooo\/en\/#organization\",\"name\":\"Zazito, s.r.o.\",\"url\":\"https:\/\/www.zazito.ooo\/en\/\",\"logo\":{\"@type\":\"ImageObject\",\"inLanguage\":\"en-US\",\"@id\":\"https:\/\/www.zazito.ooo\/en\/#\/schema\/logo\/image\/\",\"url\":\"https:\/\/www.zazito.ooo\/wp-content\/uploads\/2019\/08\/zazito_logo.jpg\",\"contentUrl\":\"https:\/\/www.zazito.ooo\/wp-content\/uploads\/2019\/08\/zazito_logo.jpg\",\"width\":1080,\"height\":1080,\"caption\":\"Zazito, s.r.o.\"},\"image\":{\"@id\":\"https:\/\/www.zazito.ooo\/en\/#\/schema\/logo\/image\/\"},\"sameAs\":[\"https:\/\/www.facebook.com\/zazitooo\/\",\"https:\/\/www.instagram.com\/zazito.ooo\/?hl=sk\"]}]}<\/script>\n<!-- \/ Yoast SEO plugin. -->","yoast_head_json":{"title":"Dar\u010dekov\u00fd poukaz - Fant\u00f3m Bratislavy - Zazito.ooo","description":"K ob\u013e\u00fabenej outdoorovej hre Fant\u00f3m Bratislavy v\u00e1m pon\u00fakame aj dar\u010dekov\u00e9 poukazy. Prekvapte svoj t\u00edm \u010di priate\u013eov.","robots":{"index":"index","follow":"follow","max-snippet":"max-snippet:-1","max-image-preview":"max-image-preview:large","max-video-preview":"max-video-preview:-1"},"canonical":"https:\/\/www.zazito.ooo\/en\/hra\/fantom-bratislavy-darcek\/","og_locale":"en_US","og_type":"article","og_title":"Dar\u010dekov\u00fd poukaz - Fant\u00f3m Bratislavy - Zazito.ooo","og_description":"K ob\u013e\u00fabenej outdoorovej hre Fant\u00f3m Bratislavy v\u00e1m pon\u00fakame aj dar\u010dekov\u00e9 poukazy. Prekvapte svoj t\u00edm \u010di priate\u013eov.","og_url":"https:\/\/www.zazito.ooo\/en\/hra\/fantom-bratislavy-darcek\/","og_site_name":"Zazito.ooo","article_publisher":"https:\/\/www.facebook.com\/zazitooo\/","article_modified_time":"2023-07-05T20:33:41+00:00","og_image":[{"width":1090,"height":519,"url":"https:\/\/www.zazito.ooo\/wp-content\/uploads\/2019\/06\/zazito.ooo-fantom-bratislavy-darcekovy-poukaz.jpg","type":"image\/jpeg"}],"twitter_card":"summary_large_image","twitter_misc":{"Est. reading time":"1 minute"},"schema":{"@context":"https:\/\/schema.org","@graph":[{"@type":"WebPage","@id":"https:\/\/www.zazito.ooo\/en\/hra\/fantom-bratislavy-darcek\/","url":"https:\/\/www.zazito.ooo\/en\/hra\/fantom-bratislavy-darcek\/","name":"Dar\u010dekov\u00fd poukaz - Fant\u00f3m Bratislavy - Zazito.ooo","isPartOf":{"@id":"https:\/\/www.zazito.ooo\/en\/#website"},"primaryImageOfPage":{"@id":"https:\/\/www.zazito.ooo\/en\/hra\/fantom-bratislavy-darcek\/#primaryimage"},"image":{"@id":"https:\/\/www.zazito.ooo\/en\/hra\/fantom-bratislavy-darcek\/#primaryimage"},"thumbnailUrl":"https:\/\/www.zazito.ooo\/wp-content\/uploads\/2019\/06\/zazito.ooo-fantom-bratislavy-darcekovy-poukaz.jpg","datePublished":"2019-06-26T10:43:23+00:00","dateModified":"2023-07-05T20:33:41+00:00","description":"K ob\u013e\u00fabenej outdoorovej hre Fant\u00f3m Bratislavy v\u00e1m pon\u00fakame aj dar\u010dekov\u00e9 poukazy. Prekvapte svoj t\u00edm \u010di priate\u013eov.","breadcrumb":{"@id":"https:\/\/www.zazito.ooo\/en\/hra\/fantom-bratislavy-darcek\/#breadcrumb"},"inLanguage":"en-US","potentialAction":[{"@type":"ReadAction","target":["https:\/\/www.zazito.ooo\/en\/hra\/fantom-bratislavy-darcek\/"]}]},{"@type":"ImageObject","inLanguage":"en-US","@id":"https:\/\/www.zazito.ooo\/en\/hra\/fantom-bratislavy-darcek\/#primaryimage","url":"https:\/\/www.zazito.ooo\/wp-content\/uploads\/2019\/06\/zazito.ooo-fantom-bratislavy-darcekovy-poukaz.jpg","contentUrl":"https:\/\/www.zazito.ooo\/wp-content\/uploads\/2019\/06\/zazito.ooo-fantom-bratislavy-darcekovy-poukaz.jpg","width":1090,"height":519,"caption":"Dar\u010dekov\u00fd poukaz escape room - fant\u00f3m Bratislavy | zazito.ooo"},{"@type":"BreadcrumbList","@id":"https:\/\/www.zazito.ooo\/en\/hra\/fantom-bratislavy-darcek\/#breadcrumb","itemListElement":[{"@type":"ListItem","position":1,"name":"Home","item":"https:\/\/www.zazito.ooo\/"},{"@type":"ListItem","position":2,"name":"Obchod","item":"https:\/\/www.zazito.ooo\/obchod\/"},{"@type":"ListItem","position":3,"name":"Dar\u010dekov\u00fd poukaz &#8211; Fant\u00f3m Bratislavy"}]},{"@type":"WebSite","@id":"https:\/\/www.zazito.ooo\/en\/#website","url":"https:\/\/www.zazito.ooo\/en\/","name":"Zazito.ooo","description":"origin\u00e1lne escape games v Bratislave","publisher":{"@id":"https:\/\/www.zazito.ooo\/en\/#organization"},"potentialAction":[{"@type":"SearchAction","target":{"@type":"EntryPoint","urlTemplate":"https:\/\/www.zazito.ooo\/en\/?s={search_term_string}"},"query-input":{"@type":"PropertyValueSpecification","valueRequired":true,"valueName":"search_term_string"}}],"inLanguage":"en-US"},{"@type":"Organization","@id":"https:\/\/www.zazito.ooo\/en\/#organization","name":"Zazito, s.r.o.","url":"https:\/\/www.zazito.ooo\/en\/","logo":{"@type":"ImageObject","inLanguage":"en-US","@id":"https:\/\/www.zazito.ooo\/en\/#\/schema\/logo\/image\/","url":"https:\/\/www.zazito.ooo\/wp-content\/uploads\/2019\/08\/zazito_logo.jpg","contentUrl":"https:\/\/www.zazito.ooo\/wp-content\/uploads\/2019\/08\/zazito_logo.jpg","width":1080,"height":1080,"caption":"Zazito, s.r.o."},"image":{"@id":"https:\/\/www.zazito.ooo\/en\/#\/schema\/logo\/image\/"},"sameAs":["https:\/\/www.facebook.com\/zazitooo\/","https:\/\/www.instagram.com\/zazito.ooo\/?hl=sk"]}]}},"_links":{"self":[{"href":"https:\/\/www.zazito.ooo\/en\/wp-json\/wp\/v2\/product\/572","targetHints":{"allow":["GET"]}}],"collection":[{"href":"https:\/\/www.zazito.ooo\/en\/wp-json\/wp\/v2\/product"}],"about":[{"href":"https:\/\/www.zazito.ooo\/en\/wp-json\/wp\/v2\/types\/product"}],"replies":[{"embeddable":true,"href":"https:\/\/www.zazito.ooo\/en\/wp-json\/wp\/v2\/comments?post=572"}],"wp:featuredmedia":[{"embeddable":true,"href":"https:\/\/www.zazito.ooo\/en\/wp-json\/wp\/v2\/media\/573"}],"wp:attachment":[{"href":"https:\/\/www.zazito.ooo\/en\/wp-json\/wp\/v2\/media?parent=572"}],"wp:term":[{"taxonomy":"product_brand","embeddable":true,"href":"https:\/\/www.zazito.ooo\/en\/wp-json\/wp\/v2\/product_brand?post=572"},{"taxonomy":"product_cat","embeddable":true,"href":"https:\/\/www.zazito.ooo\/en\/wp-json\/wp\/v2\/product_cat?post=572"},{"taxonomy":"product_tag","embeddable":true,"href":"https:\/\/www.zazito.ooo\/en\/wp-json\/wp\/v2\/product_tag?post=572"}],"curies":[{"name":"wp","href":"https:\/\/api.w.org\/{rel}","templated":true}]}}