{"id":570,"date":"2024-04-26T12:42:10","date_gmt":"2024-04-26T10:42:10","guid":{"rendered":"https:\/\/www.new.zazito.ooo\/?post_type=product&#038;p=570"},"modified":"2026-01-12T16:21:26","modified_gmt":"2026-01-12T15:21:26","slug":"divny-bus-darcek","status":"publish","type":"product","link":"https:\/\/www.zazito.ooo\/en\/hra\/divny-bus-darcek\/","title":{"rendered":"Gift voucher - Strange bus"},"content":{"rendered":"<p><strong>\u00danik z autobusu<\/strong> u\u017e nemus\u00edme sledova\u0165 len v ak\u010dn\u00fdch filmoch.<br \/>\nZa\u017ei\u0165 sa d\u00e1 aj na vlastnej ko\u017ei. Sta\u010d\u00ed by\u0165 bystr\u00fd a vyl\u00fa\u0161ti\u0165 v\u0161etky ind\u00edcie. <strong>Dar\u010dekov\u00fd poukaz na hru <span style=\"color: #e43d4e;\"><a style=\"color: #e43d4e;\" href=\"https:\/\/www.zazito.ooo\/en\/hra\/divny-bus\/\">strange bus<\/a><\/span><\/strong> m\u00f4\u017eete venova\u0165 svojim spolu\u017eiakom i kolegom (napr. autobus\u00e1rom), jednoducho ka\u017ed\u00e9mu, kto si r\u00e1d vysk\u00fa\u0161a <strong>modern\u00fa escape hru v re\u00e1lnom dopravnom prostriedku<\/strong>.<\/p>\n<p>&nbsp;<\/p>\n<h3><strong>Platnos\u0165: <\/strong>12 mesiacov<\/h3>\n<p>&nbsp;<\/p>\n<h3><strong>Rezerv\u00e1cia:<\/strong> ide\u00e1lne aspo\u0148 t\u00fd\u017ede\u0148 vopred, cez rezerva\u010dn\u00fd online syst\u00e9m<\/h3>\n<p><\/p>\n<p><span style=\"color: #e43d4e;\"><b>Please note that we do not run the game when temperatures exceed 25\u00b0C.<\/b>.<\/span><\/p>","protected":false},"excerpt":{"rendered":"<p>\u00danik z autobusu u\u017e nemus\u00edme sledova\u0165 len v ak\u010dn\u00fdch filmoch. Za\u017ei\u0165 sa d\u00e1 aj na vlastnej ko\u017ei. Sta\u010d\u00ed by\u0165 bystr\u00fd a vyl\u00fa\u0161ti\u0165 v\u0161etky ind\u00edcie. Dar\u010dekov\u00fd poukaz na hru Divn\u00fd bus m\u00f4\u017eete venova\u0165 svojim spolu\u017eiakom i kolegom (napr. autobus\u00e1rom), jednoducho ka\u017ed\u00e9mu, kto si r\u00e1d vysk\u00fa\u0161a modern\u00fa escape hru v re\u00e1lnom dopravnom prostriedku. &nbsp; Platnos\u0165: 12 mesiacov&hellip;<\/p>","protected":false},"featured_media":571,"comment_status":"open","ping_status":"closed","template":"","meta":[],"product_brand":[],"product_cat":[17],"product_tag":[],"class_list":{"0":"post-570","1":"product","2":"type-product","3":"status-publish","4":"has-post-thumbnail","6":"product_cat-zazitkove-darceky","8":"first","9":"outofstock","10":"virtual","11":"taxable","12":"purchasable","13":"product-type-simple"},"yoast_head":"<!-- This site is optimized with the Yoast SEO plugin v27.2 - https:\/\/yoast.com\/product\/yoast-seo-wordpress\/ -->\n<title>Dar\u010dekov\u00fd poukaz - Divn\u00fd bus - Zazito.ooo<\/title>\n<meta name=\"description\" content=\"Escape hra Divn\u00fd bus predstavuje super dar\u010dek pre priate\u013eov i mo\u017enos\u0165 sceli\u0165 t\u00edm. H\u013eadajte u n\u00e1s dar\u010dekov\u00fd poukaz.\" \/>\n<meta name=\"robots\" content=\"index, follow, max-snippet:-1, max-image-preview:large, max-video-preview:-1\" \/>\n<link rel=\"canonical\" href=\"https:\/\/www.zazito.ooo\/en\/hra\/divny-bus-darcek\/\" \/>\n<meta property=\"og:locale\" content=\"en_US\" \/>\n<meta property=\"og:type\" content=\"article\" \/>\n<meta property=\"og:title\" content=\"Dar\u010dekov\u00fd poukaz - Divn\u00fd bus - Zazito.ooo\" \/>\n<meta property=\"og:description\" content=\"Escape hra Divn\u00fd bus predstavuje super dar\u010dek pre priate\u013eov i mo\u017enos\u0165 sceli\u0165 t\u00edm. H\u013eadajte u n\u00e1s dar\u010dekov\u00fd poukaz.\" \/>\n<meta property=\"og:url\" content=\"https:\/\/www.zazito.ooo\/en\/hra\/divny-bus-darcek\/\" \/>\n<meta property=\"og:site_name\" content=\"Zazito.ooo\" \/>\n<meta property=\"article:publisher\" content=\"https:\/\/www.facebook.com\/zazitooo\/\" \/>\n<meta property=\"article:modified_time\" content=\"2026-01-12T15:21:26+00:00\" \/>\n<meta property=\"og:image\" content=\"https:\/\/www.zazito.ooo\/wp-content\/uploads\/2019\/06\/zazito.ooo-divny-bus-darcekovy-poukaz.jpg\" \/>\n\t<meta property=\"og:image:width\" content=\"1654\" \/>\n\t<meta property=\"og:image:height\" content=\"788\" \/>\n\t<meta property=\"og:image:type\" content=\"image\/jpeg\" \/>\n<meta name=\"twitter:card\" content=\"summary_large_image\" \/>\n<script type=\"application\/ld+json\" class=\"yoast-schema-graph\">{\"@context\":\"https:\/\/schema.org\",\"@graph\":[{\"@type\":\"WebPage\",\"@id\":\"https:\/\/www.zazito.ooo\/en\/hra\/divny-bus-darcek\/\",\"url\":\"https:\/\/www.zazito.ooo\/en\/hra\/divny-bus-darcek\/\",\"name\":\"Dar\u010dekov\u00fd poukaz - Divn\u00fd bus - Zazito.ooo\",\"isPartOf\":{\"@id\":\"https:\/\/www.zazito.ooo\/en\/#website\"},\"primaryImageOfPage\":{\"@id\":\"https:\/\/www.zazito.ooo\/en\/hra\/divny-bus-darcek\/#primaryimage\"},\"image\":{\"@id\":\"https:\/\/www.zazito.ooo\/en\/hra\/divny-bus-darcek\/#primaryimage\"},\"thumbnailUrl\":\"https:\/\/www.zazito.ooo\/wp-content\/uploads\/2019\/06\/zazito.ooo-divny-bus-darcekovy-poukaz.jpg\",\"datePublished\":\"2024-04-26T10:42:10+00:00\",\"dateModified\":\"2026-01-12T15:21:26+00:00\",\"description\":\"Escape hra Divn\u00fd bus predstavuje super dar\u010dek pre priate\u013eov i mo\u017enos\u0165 sceli\u0165 t\u00edm. H\u013eadajte u n\u00e1s dar\u010dekov\u00fd poukaz.\",\"breadcrumb\":{\"@id\":\"https:\/\/www.zazito.ooo\/en\/hra\/divny-bus-darcek\/#breadcrumb\"},\"inLanguage\":\"en-US\",\"potentialAction\":[{\"@type\":\"ReadAction\",\"target\":[\"https:\/\/www.zazito.ooo\/en\/hra\/divny-bus-darcek\/\"]}]},{\"@type\":\"ImageObject\",\"inLanguage\":\"en-US\",\"@id\":\"https:\/\/www.zazito.ooo\/en\/hra\/divny-bus-darcek\/#primaryimage\",\"url\":\"https:\/\/www.zazito.ooo\/wp-content\/uploads\/2019\/06\/zazito.ooo-divny-bus-darcekovy-poukaz.jpg\",\"contentUrl\":\"https:\/\/www.zazito.ooo\/wp-content\/uploads\/2019\/06\/zazito.ooo-divny-bus-darcekovy-poukaz.jpg\",\"width\":1654,\"height\":788,\"caption\":\"Dar\u010dekov\u00fd poukaz escape room - divn\u00fd bus | zazito.ooo\"},{\"@type\":\"BreadcrumbList\",\"@id\":\"https:\/\/www.zazito.ooo\/en\/hra\/divny-bus-darcek\/#breadcrumb\",\"itemListElement\":[{\"@type\":\"ListItem\",\"position\":1,\"name\":\"Home\",\"item\":\"https:\/\/www.zazito.ooo\/\"},{\"@type\":\"ListItem\",\"position\":2,\"name\":\"Obchod\",\"item\":\"https:\/\/www.zazito.ooo\/obchod\/\"},{\"@type\":\"ListItem\",\"position\":3,\"name\":\"Dar\u010dekov\u00fd poukaz &#8211; Divn\u00fd bus\"}]},{\"@type\":\"WebSite\",\"@id\":\"https:\/\/www.zazito.ooo\/en\/#website\",\"url\":\"https:\/\/www.zazito.ooo\/en\/\",\"name\":\"Zazito.ooo\",\"description\":\"origin\u00e1lne escape games v Bratislave\",\"publisher\":{\"@id\":\"https:\/\/www.zazito.ooo\/en\/#organization\"},\"potentialAction\":[{\"@type\":\"SearchAction\",\"target\":{\"@type\":\"EntryPoint\",\"urlTemplate\":\"https:\/\/www.zazito.ooo\/en\/?s={search_term_string}\"},\"query-input\":{\"@type\":\"PropertyValueSpecification\",\"valueRequired\":true,\"valueName\":\"search_term_string\"}}],\"inLanguage\":\"en-US\"},{\"@type\":\"Organization\",\"@id\":\"https:\/\/www.zazito.ooo\/en\/#organization\",\"name\":\"Zazito, s.r.o.\",\"url\":\"https:\/\/www.zazito.ooo\/en\/\",\"logo\":{\"@type\":\"ImageObject\",\"inLanguage\":\"en-US\",\"@id\":\"https:\/\/www.zazito.ooo\/en\/#\/schema\/logo\/image\/\",\"url\":\"https:\/\/www.zazito.ooo\/wp-content\/uploads\/2019\/08\/zazito_logo.jpg\",\"contentUrl\":\"https:\/\/www.zazito.ooo\/wp-content\/uploads\/2019\/08\/zazito_logo.jpg\",\"width\":1080,\"height\":1080,\"caption\":\"Zazito, s.r.o.\"},\"image\":{\"@id\":\"https:\/\/www.zazito.ooo\/en\/#\/schema\/logo\/image\/\"},\"sameAs\":[\"https:\/\/www.facebook.com\/zazitooo\/\",\"https:\/\/www.instagram.com\/zazito.ooo\/?hl=sk\"]}]}<\/script>\n<!-- \/ Yoast SEO plugin. -->","yoast_head_json":{"title":"Dar\u010dekov\u00fd poukaz - Divn\u00fd bus - Zazito.ooo","description":"Escape hra Divn\u00fd bus predstavuje super dar\u010dek pre priate\u013eov i mo\u017enos\u0165 sceli\u0165 t\u00edm. H\u013eadajte u n\u00e1s dar\u010dekov\u00fd poukaz.","robots":{"index":"index","follow":"follow","max-snippet":"max-snippet:-1","max-image-preview":"max-image-preview:large","max-video-preview":"max-video-preview:-1"},"canonical":"https:\/\/www.zazito.ooo\/en\/hra\/divny-bus-darcek\/","og_locale":"en_US","og_type":"article","og_title":"Dar\u010dekov\u00fd poukaz - Divn\u00fd bus - Zazito.ooo","og_description":"Escape hra Divn\u00fd bus predstavuje super dar\u010dek pre priate\u013eov i mo\u017enos\u0165 sceli\u0165 t\u00edm. H\u013eadajte u n\u00e1s dar\u010dekov\u00fd poukaz.","og_url":"https:\/\/www.zazito.ooo\/en\/hra\/divny-bus-darcek\/","og_site_name":"Zazito.ooo","article_publisher":"https:\/\/www.facebook.com\/zazitooo\/","article_modified_time":"2026-01-12T15:21:26+00:00","og_image":[{"width":1654,"height":788,"url":"https:\/\/www.zazito.ooo\/wp-content\/uploads\/2019\/06\/zazito.ooo-divny-bus-darcekovy-poukaz.jpg","type":"image\/jpeg"}],"twitter_card":"summary_large_image","schema":{"@context":"https:\/\/schema.org","@graph":[{"@type":"WebPage","@id":"https:\/\/www.zazito.ooo\/en\/hra\/divny-bus-darcek\/","url":"https:\/\/www.zazito.ooo\/en\/hra\/divny-bus-darcek\/","name":"Dar\u010dekov\u00fd poukaz - Divn\u00fd bus - Zazito.ooo","isPartOf":{"@id":"https:\/\/www.zazito.ooo\/en\/#website"},"primaryImageOfPage":{"@id":"https:\/\/www.zazito.ooo\/en\/hra\/divny-bus-darcek\/#primaryimage"},"image":{"@id":"https:\/\/www.zazito.ooo\/en\/hra\/divny-bus-darcek\/#primaryimage"},"thumbnailUrl":"https:\/\/www.zazito.ooo\/wp-content\/uploads\/2019\/06\/zazito.ooo-divny-bus-darcekovy-poukaz.jpg","datePublished":"2024-04-26T10:42:10+00:00","dateModified":"2026-01-12T15:21:26+00:00","description":"Escape hra Divn\u00fd bus predstavuje super dar\u010dek pre priate\u013eov i mo\u017enos\u0165 sceli\u0165 t\u00edm. H\u013eadajte u n\u00e1s dar\u010dekov\u00fd poukaz.","breadcrumb":{"@id":"https:\/\/www.zazito.ooo\/en\/hra\/divny-bus-darcek\/#breadcrumb"},"inLanguage":"en-US","potentialAction":[{"@type":"ReadAction","target":["https:\/\/www.zazito.ooo\/en\/hra\/divny-bus-darcek\/"]}]},{"@type":"ImageObject","inLanguage":"en-US","@id":"https:\/\/www.zazito.ooo\/en\/hra\/divny-bus-darcek\/#primaryimage","url":"https:\/\/www.zazito.ooo\/wp-content\/uploads\/2019\/06\/zazito.ooo-divny-bus-darcekovy-poukaz.jpg","contentUrl":"https:\/\/www.zazito.ooo\/wp-content\/uploads\/2019\/06\/zazito.ooo-divny-bus-darcekovy-poukaz.jpg","width":1654,"height":788,"caption":"Dar\u010dekov\u00fd poukaz escape room - divn\u00fd bus | zazito.ooo"},{"@type":"BreadcrumbList","@id":"https:\/\/www.zazito.ooo\/en\/hra\/divny-bus-darcek\/#breadcrumb","itemListElement":[{"@type":"ListItem","position":1,"name":"Home","item":"https:\/\/www.zazito.ooo\/"},{"@type":"ListItem","position":2,"name":"Obchod","item":"https:\/\/www.zazito.ooo\/obchod\/"},{"@type":"ListItem","position":3,"name":"Dar\u010dekov\u00fd poukaz &#8211; Divn\u00fd bus"}]},{"@type":"WebSite","@id":"https:\/\/www.zazito.ooo\/en\/#website","url":"https:\/\/www.zazito.ooo\/en\/","name":"Zazito.ooo","description":"origin\u00e1lne escape games v Bratislave","publisher":{"@id":"https:\/\/www.zazito.ooo\/en\/#organization"},"potentialAction":[{"@type":"SearchAction","target":{"@type":"EntryPoint","urlTemplate":"https:\/\/www.zazito.ooo\/en\/?s={search_term_string}"},"query-input":{"@type":"PropertyValueSpecification","valueRequired":true,"valueName":"search_term_string"}}],"inLanguage":"en-US"},{"@type":"Organization","@id":"https:\/\/www.zazito.ooo\/en\/#organization","name":"Zazito, s.r.o.","url":"https:\/\/www.zazito.ooo\/en\/","logo":{"@type":"ImageObject","inLanguage":"en-US","@id":"https:\/\/www.zazito.ooo\/en\/#\/schema\/logo\/image\/","url":"https:\/\/www.zazito.ooo\/wp-content\/uploads\/2019\/08\/zazito_logo.jpg","contentUrl":"https:\/\/www.zazito.ooo\/wp-content\/uploads\/2019\/08\/zazito_logo.jpg","width":1080,"height":1080,"caption":"Zazito, s.r.o."},"image":{"@id":"https:\/\/www.zazito.ooo\/en\/#\/schema\/logo\/image\/"},"sameAs":["https:\/\/www.facebook.com\/zazitooo\/","https:\/\/www.instagram.com\/zazito.ooo\/?hl=sk"]}]}},"_links":{"self":[{"href":"https:\/\/www.zazito.ooo\/en\/wp-json\/wp\/v2\/product\/570","targetHints":{"allow":["GET"]}}],"collection":[{"href":"https:\/\/www.zazito.ooo\/en\/wp-json\/wp\/v2\/product"}],"about":[{"href":"https:\/\/www.zazito.ooo\/en\/wp-json\/wp\/v2\/types\/product"}],"replies":[{"embeddable":true,"href":"https:\/\/www.zazito.ooo\/en\/wp-json\/wp\/v2\/comments?post=570"}],"wp:featuredmedia":[{"embeddable":true,"href":"https:\/\/www.zazito.ooo\/en\/wp-json\/wp\/v2\/media\/571"}],"wp:attachment":[{"href":"https:\/\/www.zazito.ooo\/en\/wp-json\/wp\/v2\/media?parent=570"}],"wp:term":[{"taxonomy":"product_brand","embeddable":true,"href":"https:\/\/www.zazito.ooo\/en\/wp-json\/wp\/v2\/product_brand?post=570"},{"taxonomy":"product_cat","embeddable":true,"href":"https:\/\/www.zazito.ooo\/en\/wp-json\/wp\/v2\/product_cat?post=570"},{"taxonomy":"product_tag","embeddable":true,"href":"https:\/\/www.zazito.ooo\/en\/wp-json\/wp\/v2\/product_tag?post=570"}],"curies":[{"name":"wp","href":"https:\/\/api.w.org\/{rel}","templated":true}]}}