{"id":562,"date":"2019-06-26T11:33:52","date_gmt":"2019-06-26T09:33:52","guid":{"rendered":"https:\/\/www.new.zazito.ooo\/?post_type=product&#038;p=562"},"modified":"2023-07-05T22:38:31","modified_gmt":"2023-07-05T20:38:31","slug":"rozbijacka-darcek","status":"publish","type":"product","link":"https:\/\/www.zazito.ooo\/en\/hra\/rozbijacka-darcek\/","title":{"rendered":"Gift voucher - Unbreaker"},"content":{"rendered":"<p>Zl\u00fd de\u0148? Pozn\u00e1me sp\u00f4sob, ako ho zospomienok vymaza\u0165.<br \/>\nV\u010faka <strong>origin\u00e1lnej hre <span style=\"color: #e43d4e;\"><a style=\"color: #e43d4e;\" href=\"https:\/\/www.zazito.ooo\/en\/hra\/rozbijacka\/\">Rozb\u00edja\u010dka<\/a><\/span><\/strong> m\u00f4\u017eu va\u0161a man\u017eelka, priate\u013e, \u0161\u00e9f \u010di kolegy\u0148a rozml\u00e1ti\u0165 v\u0161etko, \u010do sa im dostane pod ruku, a \u013eahko sa zbavia stresu. \u010c\u00edm viac predmetov zni\u010dia, t\u00fdm viac mo\u017enost\u00ed na rozb\u00edjanie sa im vynor\u00ed.<br \/>\n<strong>Dar\u010dekov\u00fd poukaz na hru Rozb\u00edja\u010dka<\/strong> je t\u00e1 spr\u00e1vna cesta, ako druh\u00fdch don\u00fati\u0165 vyventilova\u0165 sa.<br \/>\nNiekomu jednoducho medit\u00e1cia nesta\u010d\u00ed&#8230;<\/p>\n<p>&nbsp;<\/p>\n<h3><strong>Platnos\u0165: <\/strong>12 mesiacov<\/h3>\n<p>&nbsp;<\/p>\n<h3><strong>Rezerv\u00e1cia:<\/strong> ide\u00e1lne aspo\u0148 t\u00fd\u017ede\u0148 vopred, cez rezerva\u010dn\u00fd online syst\u00e9m<\/h3>","protected":false},"excerpt":{"rendered":"<p>Zl\u00fd de\u0148? Pozn\u00e1me sp\u00f4sob, ako ho zospomienok vymaza\u0165. V\u010faka origin\u00e1lnej hre Rozb\u00edja\u010dka m\u00f4\u017eu va\u0161a man\u017eelka, priate\u013e, \u0161\u00e9f \u010di kolegy\u0148a rozml\u00e1ti\u0165 v\u0161etko, \u010do sa im dostane pod ruku, a \u013eahko sa zbavia stresu. \u010c\u00edm viac predmetov zni\u010dia, t\u00fdm viac mo\u017enost\u00ed na rozb\u00edjanie sa im vynor\u00ed. Dar\u010dekov\u00fd poukaz na hru Rozb\u00edja\u010dka je t\u00e1 spr\u00e1vna cesta, ako druh\u00fdch&hellip;<\/p>","protected":false},"featured_media":563,"comment_status":"open","ping_status":"closed","template":"","meta":[],"product_brand":[],"product_cat":[17],"product_tag":[],"class_list":{"0":"post-562","1":"product","2":"type-product","3":"status-publish","4":"has-post-thumbnail","6":"product_cat-zazitkove-darceky","8":"first","9":"instock","10":"virtual","11":"taxable","12":"purchasable","13":"product-type-simple"},"yoast_head":"<!-- This site is optimized with the Yoast SEO plugin v27.2 - https:\/\/yoast.com\/product\/yoast-seo-wordpress\/ -->\n<title>Dar\u010dekov\u00fd poukaz - Rozb\u00edja\u010dka - Zazito.ooo<\/title>\n<meta name=\"description\" content=\"Ob\u010das sa treba vyventilova\u0165. Dar\u010dekov\u00fd poukaz na adrenal\u00ednov\u00fa akciu Rozb\u00edja\u010dka je ako liek. Venujte ho vystresovan\u00fdm bl\u00edzkym.\" \/>\n<meta name=\"robots\" content=\"index, follow, max-snippet:-1, max-image-preview:large, max-video-preview:-1\" \/>\n<link rel=\"canonical\" href=\"https:\/\/www.zazito.ooo\/en\/hra\/rozbijacka-darcek\/\" \/>\n<meta property=\"og:locale\" content=\"en_US\" \/>\n<meta property=\"og:type\" content=\"article\" \/>\n<meta property=\"og:title\" content=\"Dar\u010dekov\u00fd poukaz - Rozb\u00edja\u010dka - Zazito.ooo\" \/>\n<meta property=\"og:description\" content=\"Ob\u010das sa treba vyventilova\u0165. Dar\u010dekov\u00fd poukaz na adrenal\u00ednov\u00fa akciu Rozb\u00edja\u010dka je ako liek. Venujte ho vystresovan\u00fdm bl\u00edzkym.\" \/>\n<meta property=\"og:url\" content=\"https:\/\/www.zazito.ooo\/en\/hra\/rozbijacka-darcek\/\" \/>\n<meta property=\"og:site_name\" content=\"Zazito.ooo\" \/>\n<meta property=\"article:publisher\" content=\"https:\/\/www.facebook.com\/zazitooo\/\" \/>\n<meta property=\"article:modified_time\" content=\"2023-07-05T20:38:31+00:00\" \/>\n<meta property=\"og:image\" content=\"https:\/\/www.zazito.ooo\/wp-content\/uploads\/2019\/06\/zazito.ooo-rozbijacka-darcekovy-poukaz.jpg\" \/>\n\t<meta property=\"og:image:width\" content=\"1654\" \/>\n\t<meta property=\"og:image:height\" content=\"788\" \/>\n\t<meta property=\"og:image:type\" content=\"image\/jpeg\" \/>\n<meta name=\"twitter:card\" content=\"summary_large_image\" \/>\n<meta name=\"twitter:label1\" content=\"Est. reading time\" \/>\n\t<meta name=\"twitter:data1\" content=\"1 minute\" \/>\n<script type=\"application\/ld+json\" class=\"yoast-schema-graph\">{\"@context\":\"https:\/\/schema.org\",\"@graph\":[{\"@type\":\"WebPage\",\"@id\":\"https:\/\/www.zazito.ooo\/en\/hra\/rozbijacka-darcek\/\",\"url\":\"https:\/\/www.zazito.ooo\/en\/hra\/rozbijacka-darcek\/\",\"name\":\"Dar\u010dekov\u00fd poukaz - Rozb\u00edja\u010dka - Zazito.ooo\",\"isPartOf\":{\"@id\":\"https:\/\/www.zazito.ooo\/en\/#website\"},\"primaryImageOfPage\":{\"@id\":\"https:\/\/www.zazito.ooo\/en\/hra\/rozbijacka-darcek\/#primaryimage\"},\"image\":{\"@id\":\"https:\/\/www.zazito.ooo\/en\/hra\/rozbijacka-darcek\/#primaryimage\"},\"thumbnailUrl\":\"https:\/\/www.zazito.ooo\/wp-content\/uploads\/2019\/06\/zazito.ooo-rozbijacka-darcekovy-poukaz.jpg\",\"datePublished\":\"2019-06-26T09:33:52+00:00\",\"dateModified\":\"2023-07-05T20:38:31+00:00\",\"description\":\"Ob\u010das sa treba vyventilova\u0165. Dar\u010dekov\u00fd poukaz na adrenal\u00ednov\u00fa akciu Rozb\u00edja\u010dka je ako liek. Venujte ho vystresovan\u00fdm bl\u00edzkym.\",\"breadcrumb\":{\"@id\":\"https:\/\/www.zazito.ooo\/en\/hra\/rozbijacka-darcek\/#breadcrumb\"},\"inLanguage\":\"en-US\",\"potentialAction\":[{\"@type\":\"ReadAction\",\"target\":[\"https:\/\/www.zazito.ooo\/en\/hra\/rozbijacka-darcek\/\"]}]},{\"@type\":\"ImageObject\",\"inLanguage\":\"en-US\",\"@id\":\"https:\/\/www.zazito.ooo\/en\/hra\/rozbijacka-darcek\/#primaryimage\",\"url\":\"https:\/\/www.zazito.ooo\/wp-content\/uploads\/2019\/06\/zazito.ooo-rozbijacka-darcekovy-poukaz.jpg\",\"contentUrl\":\"https:\/\/www.zazito.ooo\/wp-content\/uploads\/2019\/06\/zazito.ooo-rozbijacka-darcekovy-poukaz.jpg\",\"width\":1654,\"height\":788,\"caption\":\"titulok\"},{\"@type\":\"BreadcrumbList\",\"@id\":\"https:\/\/www.zazito.ooo\/en\/hra\/rozbijacka-darcek\/#breadcrumb\",\"itemListElement\":[{\"@type\":\"ListItem\",\"position\":1,\"name\":\"Home\",\"item\":\"https:\/\/www.zazito.ooo\/\"},{\"@type\":\"ListItem\",\"position\":2,\"name\":\"Obchod\",\"item\":\"https:\/\/www.zazito.ooo\/obchod\/\"},{\"@type\":\"ListItem\",\"position\":3,\"name\":\"Dar\u010dekov\u00fd poukaz &#8211; Rozb\u00edja\u010dka\"}]},{\"@type\":\"WebSite\",\"@id\":\"https:\/\/www.zazito.ooo\/en\/#website\",\"url\":\"https:\/\/www.zazito.ooo\/en\/\",\"name\":\"Zazito.ooo\",\"description\":\"origin\u00e1lne escape games v Bratislave\",\"publisher\":{\"@id\":\"https:\/\/www.zazito.ooo\/en\/#organization\"},\"potentialAction\":[{\"@type\":\"SearchAction\",\"target\":{\"@type\":\"EntryPoint\",\"urlTemplate\":\"https:\/\/www.zazito.ooo\/en\/?s={search_term_string}\"},\"query-input\":{\"@type\":\"PropertyValueSpecification\",\"valueRequired\":true,\"valueName\":\"search_term_string\"}}],\"inLanguage\":\"en-US\"},{\"@type\":\"Organization\",\"@id\":\"https:\/\/www.zazito.ooo\/en\/#organization\",\"name\":\"Zazito, s.r.o.\",\"url\":\"https:\/\/www.zazito.ooo\/en\/\",\"logo\":{\"@type\":\"ImageObject\",\"inLanguage\":\"en-US\",\"@id\":\"https:\/\/www.zazito.ooo\/en\/#\/schema\/logo\/image\/\",\"url\":\"https:\/\/www.zazito.ooo\/wp-content\/uploads\/2019\/08\/zazito_logo.jpg\",\"contentUrl\":\"https:\/\/www.zazito.ooo\/wp-content\/uploads\/2019\/08\/zazito_logo.jpg\",\"width\":1080,\"height\":1080,\"caption\":\"Zazito, s.r.o.\"},\"image\":{\"@id\":\"https:\/\/www.zazito.ooo\/en\/#\/schema\/logo\/image\/\"},\"sameAs\":[\"https:\/\/www.facebook.com\/zazitooo\/\",\"https:\/\/www.instagram.com\/zazito.ooo\/?hl=sk\"]}]}<\/script>\n<!-- \/ Yoast SEO plugin. -->","yoast_head_json":{"title":"Dar\u010dekov\u00fd poukaz - Rozb\u00edja\u010dka - Zazito.ooo","description":"Ob\u010das sa treba vyventilova\u0165. Dar\u010dekov\u00fd poukaz na adrenal\u00ednov\u00fa akciu Rozb\u00edja\u010dka je ako liek. Venujte ho vystresovan\u00fdm bl\u00edzkym.","robots":{"index":"index","follow":"follow","max-snippet":"max-snippet:-1","max-image-preview":"max-image-preview:large","max-video-preview":"max-video-preview:-1"},"canonical":"https:\/\/www.zazito.ooo\/en\/hra\/rozbijacka-darcek\/","og_locale":"en_US","og_type":"article","og_title":"Dar\u010dekov\u00fd poukaz - Rozb\u00edja\u010dka - Zazito.ooo","og_description":"Ob\u010das sa treba vyventilova\u0165. Dar\u010dekov\u00fd poukaz na adrenal\u00ednov\u00fa akciu Rozb\u00edja\u010dka je ako liek. Venujte ho vystresovan\u00fdm bl\u00edzkym.","og_url":"https:\/\/www.zazito.ooo\/en\/hra\/rozbijacka-darcek\/","og_site_name":"Zazito.ooo","article_publisher":"https:\/\/www.facebook.com\/zazitooo\/","article_modified_time":"2023-07-05T20:38:31+00:00","og_image":[{"width":1654,"height":788,"url":"https:\/\/www.zazito.ooo\/wp-content\/uploads\/2019\/06\/zazito.ooo-rozbijacka-darcekovy-poukaz.jpg","type":"image\/jpeg"}],"twitter_card":"summary_large_image","twitter_misc":{"Est. reading time":"1 minute"},"schema":{"@context":"https:\/\/schema.org","@graph":[{"@type":"WebPage","@id":"https:\/\/www.zazito.ooo\/en\/hra\/rozbijacka-darcek\/","url":"https:\/\/www.zazito.ooo\/en\/hra\/rozbijacka-darcek\/","name":"Dar\u010dekov\u00fd poukaz - Rozb\u00edja\u010dka - Zazito.ooo","isPartOf":{"@id":"https:\/\/www.zazito.ooo\/en\/#website"},"primaryImageOfPage":{"@id":"https:\/\/www.zazito.ooo\/en\/hra\/rozbijacka-darcek\/#primaryimage"},"image":{"@id":"https:\/\/www.zazito.ooo\/en\/hra\/rozbijacka-darcek\/#primaryimage"},"thumbnailUrl":"https:\/\/www.zazito.ooo\/wp-content\/uploads\/2019\/06\/zazito.ooo-rozbijacka-darcekovy-poukaz.jpg","datePublished":"2019-06-26T09:33:52+00:00","dateModified":"2023-07-05T20:38:31+00:00","description":"Ob\u010das sa treba vyventilova\u0165. Dar\u010dekov\u00fd poukaz na adrenal\u00ednov\u00fa akciu Rozb\u00edja\u010dka je ako liek. Venujte ho vystresovan\u00fdm bl\u00edzkym.","breadcrumb":{"@id":"https:\/\/www.zazito.ooo\/en\/hra\/rozbijacka-darcek\/#breadcrumb"},"inLanguage":"en-US","potentialAction":[{"@type":"ReadAction","target":["https:\/\/www.zazito.ooo\/en\/hra\/rozbijacka-darcek\/"]}]},{"@type":"ImageObject","inLanguage":"en-US","@id":"https:\/\/www.zazito.ooo\/en\/hra\/rozbijacka-darcek\/#primaryimage","url":"https:\/\/www.zazito.ooo\/wp-content\/uploads\/2019\/06\/zazito.ooo-rozbijacka-darcekovy-poukaz.jpg","contentUrl":"https:\/\/www.zazito.ooo\/wp-content\/uploads\/2019\/06\/zazito.ooo-rozbijacka-darcekovy-poukaz.jpg","width":1654,"height":788,"caption":"titulok"},{"@type":"BreadcrumbList","@id":"https:\/\/www.zazito.ooo\/en\/hra\/rozbijacka-darcek\/#breadcrumb","itemListElement":[{"@type":"ListItem","position":1,"name":"Home","item":"https:\/\/www.zazito.ooo\/"},{"@type":"ListItem","position":2,"name":"Obchod","item":"https:\/\/www.zazito.ooo\/obchod\/"},{"@type":"ListItem","position":3,"name":"Dar\u010dekov\u00fd poukaz &#8211; Rozb\u00edja\u010dka"}]},{"@type":"WebSite","@id":"https:\/\/www.zazito.ooo\/en\/#website","url":"https:\/\/www.zazito.ooo\/en\/","name":"Zazito.ooo","description":"origin\u00e1lne escape games v Bratislave","publisher":{"@id":"https:\/\/www.zazito.ooo\/en\/#organization"},"potentialAction":[{"@type":"SearchAction","target":{"@type":"EntryPoint","urlTemplate":"https:\/\/www.zazito.ooo\/en\/?s={search_term_string}"},"query-input":{"@type":"PropertyValueSpecification","valueRequired":true,"valueName":"search_term_string"}}],"inLanguage":"en-US"},{"@type":"Organization","@id":"https:\/\/www.zazito.ooo\/en\/#organization","name":"Zazito, s.r.o.","url":"https:\/\/www.zazito.ooo\/en\/","logo":{"@type":"ImageObject","inLanguage":"en-US","@id":"https:\/\/www.zazito.ooo\/en\/#\/schema\/logo\/image\/","url":"https:\/\/www.zazito.ooo\/wp-content\/uploads\/2019\/08\/zazito_logo.jpg","contentUrl":"https:\/\/www.zazito.ooo\/wp-content\/uploads\/2019\/08\/zazito_logo.jpg","width":1080,"height":1080,"caption":"Zazito, s.r.o."},"image":{"@id":"https:\/\/www.zazito.ooo\/en\/#\/schema\/logo\/image\/"},"sameAs":["https:\/\/www.facebook.com\/zazitooo\/","https:\/\/www.instagram.com\/zazito.ooo\/?hl=sk"]}]}},"_links":{"self":[{"href":"https:\/\/www.zazito.ooo\/en\/wp-json\/wp\/v2\/product\/562","targetHints":{"allow":["GET"]}}],"collection":[{"href":"https:\/\/www.zazito.ooo\/en\/wp-json\/wp\/v2\/product"}],"about":[{"href":"https:\/\/www.zazito.ooo\/en\/wp-json\/wp\/v2\/types\/product"}],"replies":[{"embeddable":true,"href":"https:\/\/www.zazito.ooo\/en\/wp-json\/wp\/v2\/comments?post=562"}],"wp:featuredmedia":[{"embeddable":true,"href":"https:\/\/www.zazito.ooo\/en\/wp-json\/wp\/v2\/media\/563"}],"wp:attachment":[{"href":"https:\/\/www.zazito.ooo\/en\/wp-json\/wp\/v2\/media?parent=562"}],"wp:term":[{"taxonomy":"product_brand","embeddable":true,"href":"https:\/\/www.zazito.ooo\/en\/wp-json\/wp\/v2\/product_brand?post=562"},{"taxonomy":"product_cat","embeddable":true,"href":"https:\/\/www.zazito.ooo\/en\/wp-json\/wp\/v2\/product_cat?post=562"},{"taxonomy":"product_tag","embeddable":true,"href":"https:\/\/www.zazito.ooo\/en\/wp-json\/wp\/v2\/product_tag?post=562"}],"curies":[{"name":"wp","href":"https:\/\/api.w.org\/{rel}","templated":true}]}}