{"id":558,"date":"2019-06-26T11:19:45","date_gmt":"2019-06-26T09:19:45","guid":{"rendered":"https:\/\/www.new.zazito.ooo\/?post_type=product&#038;p=558"},"modified":"2024-12-04T19:14:53","modified_gmt":"2024-12-04T18:14:53","slug":"divna-krabicka-darcek","status":"publish","type":"product","link":"https:\/\/www.zazito.ooo\/en\/hra\/divna-krabicka-darcek\/","title":{"rendered":"Gift Voucher - Strange Box"},"content":{"rendered":"<p>Ka\u017ed\u00e9mu z n\u00e1s by sa p\u00e1\u010dilo, keby sme si mohli dar\u010dek vybra\u0165 pod\u013ea seba. Preto m\u00f4\u017eete tak\u00fato rados\u0165 spravi\u0165 aj va\u0161im zn\u00e1mym.<\/p>\n<p>&nbsp;<\/p>\n<p>Venujte im <strong>Divn\u00fa krabi\u010dku s univerz\u00e1lnym poukazom na \u013eubovo\u013en\u00fa hru z na\u0161ej ponuky escape hier \u010di mestsk\u00fdch hier<\/strong>. Ide\u00e1lny dar\u010dek, najm\u00e4 pokia\u013e netu\u0161\u00edte, ktor\u00e1 z hier by doty\u010dn\u00e9ho zaujala najviac.<\/p>\n<p>&nbsp;<\/p>\n<p>S Divnou krabi\u010dkou ur\u010dite ni\u010d nepokaz\u00edte.<\/p>\n<p>&#8212;&#8212;<\/p>\n<p><strong>Krabi\u010dka, v ktorej je pouk\u00e1\u017eka, je z\u00e1rove\u0148 hlavolamom<\/strong>.<br \/>\nZa\u010dnite sa hra\u0165, hne\u010f ako dar\u010dek dostanete.<br \/>\nNajprv je potrebn\u00e9 vyrie\u0161i\u0165 hlavolam a otvori\u0165 krabi\u010dku a v nej sa nach\u00e1dza univerz\u00e1lny poukaz na hru.<br \/>\nObdarovan\u00fd si m\u00f4\u017ee vybra\u0165 <strong>ak\u00fako\u013evek hru zo \u0161irok\u00e9ho portf\u00f3lia agent\u00fary ZA\u017dITO<\/strong>.<\/p>\n<p>&nbsp;<\/p>\n<h2>CENA: \u00a0 80 \u20ac<\/h2>","protected":false},"excerpt":{"rendered":"<p>Ka\u017ed\u00e9mu z n\u00e1s by sa p\u00e1\u010dilo, keby sme si mohli dar\u010dek vybra\u0165 pod\u013ea seba. Preto m\u00f4\u017eete tak\u00fato rados\u0165 spravi\u0165 aj va\u0161im zn\u00e1mym. &nbsp; Venujte im Divn\u00fa krabi\u010dku s univerz\u00e1lnym poukazom na \u013eubovo\u013en\u00fa hru z na\u0161ej ponuky escape hier \u010di mestsk\u00fdch hier. Ide\u00e1lny dar\u010dek, najm\u00e4 pokia\u013e netu\u0161\u00edte, ktor\u00e1 z hier by doty\u010dn\u00e9ho zaujala najviac. &nbsp; S&hellip;<\/p>","protected":false},"featured_media":559,"comment_status":"open","ping_status":"closed","template":"","meta":[],"product_brand":[],"product_cat":[17],"product_tag":[],"class_list":{"0":"post-558","1":"product","2":"type-product","3":"status-publish","4":"has-post-thumbnail","6":"product_cat-zazitkove-darceky","8":"first","9":"instock","10":"virtual","11":"taxable","12":"purchasable","13":"product-type-simple"},"yoast_head":"<!-- This site is optimized with the Yoast SEO plugin v27.2 - https:\/\/yoast.com\/product\/yoast-seo-wordpress\/ -->\n<title>Dar\u010dekov\u00fd poukaz - Divn\u00e1 krabi\u010dka - Zazito.ooo<\/title>\n<meta name=\"description\" content=\"Dar\u010dekov\u00fd poukaz na \u013eubovo\u013en\u00fa hru z na\u0161ej ponuky escape hier sa skr\u00fdva v divnej krabi\u010dke. Rozl\u00fa\u0161tite, ako ju otvori\u0165!\" \/>\n<meta name=\"robots\" content=\"index, follow, max-snippet:-1, max-image-preview:large, max-video-preview:-1\" \/>\n<link rel=\"canonical\" href=\"https:\/\/www.zazito.ooo\/en\/hra\/divna-krabicka-darcek\/\" \/>\n<meta property=\"og:locale\" content=\"en_US\" \/>\n<meta property=\"og:type\" content=\"article\" \/>\n<meta property=\"og:title\" content=\"Dar\u010dekov\u00fd poukaz - Divn\u00e1 krabi\u010dka - Zazito.ooo\" \/>\n<meta property=\"og:description\" content=\"Dar\u010dekov\u00fd poukaz na \u013eubovo\u013en\u00fa hru z na\u0161ej ponuky escape hier sa skr\u00fdva v divnej krabi\u010dke. Rozl\u00fa\u0161tite, ako ju otvori\u0165!\" \/>\n<meta property=\"og:url\" content=\"https:\/\/www.zazito.ooo\/en\/hra\/divna-krabicka-darcek\/\" \/>\n<meta property=\"og:site_name\" content=\"Zazito.ooo\" \/>\n<meta property=\"article:publisher\" content=\"https:\/\/www.facebook.com\/zazitooo\/\" \/>\n<meta property=\"article:modified_time\" content=\"2024-12-04T18:14:53+00:00\" \/>\n<meta property=\"og:image\" content=\"https:\/\/www.zazito.ooo\/wp-content\/uploads\/2019\/06\/zazito.ooo-divna-krabicka.jpg\" \/>\n\t<meta property=\"og:image:width\" content=\"700\" \/>\n\t<meta property=\"og:image:height\" content=\"700\" \/>\n\t<meta property=\"og:image:type\" content=\"image\/jpeg\" \/>\n<meta name=\"twitter:card\" content=\"summary_large_image\" \/>\n<meta name=\"twitter:label1\" content=\"Est. reading time\" \/>\n\t<meta name=\"twitter:data1\" content=\"1 minute\" \/>\n<script type=\"application\/ld+json\" class=\"yoast-schema-graph\">{\"@context\":\"https:\/\/schema.org\",\"@graph\":[{\"@type\":\"WebPage\",\"@id\":\"https:\/\/www.zazito.ooo\/en\/hra\/divna-krabicka-darcek\/\",\"url\":\"https:\/\/www.zazito.ooo\/en\/hra\/divna-krabicka-darcek\/\",\"name\":\"Dar\u010dekov\u00fd poukaz - Divn\u00e1 krabi\u010dka - Zazito.ooo\",\"isPartOf\":{\"@id\":\"https:\/\/www.zazito.ooo\/en\/#website\"},\"primaryImageOfPage\":{\"@id\":\"https:\/\/www.zazito.ooo\/en\/hra\/divna-krabicka-darcek\/#primaryimage\"},\"image\":{\"@id\":\"https:\/\/www.zazito.ooo\/en\/hra\/divna-krabicka-darcek\/#primaryimage\"},\"thumbnailUrl\":\"https:\/\/www.zazito.ooo\/wp-content\/uploads\/2019\/06\/zazito.ooo-divna-krabicka.jpg\",\"datePublished\":\"2019-06-26T09:19:45+00:00\",\"dateModified\":\"2024-12-04T18:14:53+00:00\",\"description\":\"Dar\u010dekov\u00fd poukaz na \u013eubovo\u013en\u00fa hru z na\u0161ej ponuky escape hier sa skr\u00fdva v divnej krabi\u010dke. Rozl\u00fa\u0161tite, ako ju otvori\u0165!\",\"breadcrumb\":{\"@id\":\"https:\/\/www.zazito.ooo\/en\/hra\/divna-krabicka-darcek\/#breadcrumb\"},\"inLanguage\":\"en-US\",\"potentialAction\":[{\"@type\":\"ReadAction\",\"target\":[\"https:\/\/www.zazito.ooo\/en\/hra\/divna-krabicka-darcek\/\"]}]},{\"@type\":\"ImageObject\",\"inLanguage\":\"en-US\",\"@id\":\"https:\/\/www.zazito.ooo\/en\/hra\/divna-krabicka-darcek\/#primaryimage\",\"url\":\"https:\/\/www.zazito.ooo\/wp-content\/uploads\/2019\/06\/zazito.ooo-divna-krabicka.jpg\",\"contentUrl\":\"https:\/\/www.zazito.ooo\/wp-content\/uploads\/2019\/06\/zazito.ooo-divna-krabicka.jpg\",\"width\":700,\"height\":700,\"caption\":\"Escape room - divn\u00e1 krabi\u010dka | zazito.ooo\"},{\"@type\":\"BreadcrumbList\",\"@id\":\"https:\/\/www.zazito.ooo\/en\/hra\/divna-krabicka-darcek\/#breadcrumb\",\"itemListElement\":[{\"@type\":\"ListItem\",\"position\":1,\"name\":\"Home\",\"item\":\"https:\/\/www.zazito.ooo\/\"},{\"@type\":\"ListItem\",\"position\":2,\"name\":\"Obchod\",\"item\":\"https:\/\/www.zazito.ooo\/obchod\/\"},{\"@type\":\"ListItem\",\"position\":3,\"name\":\"Dar\u010dekov\u00fd poukaz &#8211; Divn\u00e1 krabi\u010dka\"}]},{\"@type\":\"WebSite\",\"@id\":\"https:\/\/www.zazito.ooo\/en\/#website\",\"url\":\"https:\/\/www.zazito.ooo\/en\/\",\"name\":\"Zazito.ooo\",\"description\":\"origin\u00e1lne escape games v Bratislave\",\"publisher\":{\"@id\":\"https:\/\/www.zazito.ooo\/en\/#organization\"},\"potentialAction\":[{\"@type\":\"SearchAction\",\"target\":{\"@type\":\"EntryPoint\",\"urlTemplate\":\"https:\/\/www.zazito.ooo\/en\/?s={search_term_string}\"},\"query-input\":{\"@type\":\"PropertyValueSpecification\",\"valueRequired\":true,\"valueName\":\"search_term_string\"}}],\"inLanguage\":\"en-US\"},{\"@type\":\"Organization\",\"@id\":\"https:\/\/www.zazito.ooo\/en\/#organization\",\"name\":\"Zazito, s.r.o.\",\"url\":\"https:\/\/www.zazito.ooo\/en\/\",\"logo\":{\"@type\":\"ImageObject\",\"inLanguage\":\"en-US\",\"@id\":\"https:\/\/www.zazito.ooo\/en\/#\/schema\/logo\/image\/\",\"url\":\"https:\/\/www.zazito.ooo\/wp-content\/uploads\/2019\/08\/zazito_logo.jpg\",\"contentUrl\":\"https:\/\/www.zazito.ooo\/wp-content\/uploads\/2019\/08\/zazito_logo.jpg\",\"width\":1080,\"height\":1080,\"caption\":\"Zazito, s.r.o.\"},\"image\":{\"@id\":\"https:\/\/www.zazito.ooo\/en\/#\/schema\/logo\/image\/\"},\"sameAs\":[\"https:\/\/www.facebook.com\/zazitooo\/\",\"https:\/\/www.instagram.com\/zazito.ooo\/?hl=sk\"]}]}<\/script>\n<!-- \/ Yoast SEO plugin. -->","yoast_head_json":{"title":"Dar\u010dekov\u00fd poukaz - Divn\u00e1 krabi\u010dka - Zazito.ooo","description":"Dar\u010dekov\u00fd poukaz na \u013eubovo\u013en\u00fa hru z na\u0161ej ponuky escape hier sa skr\u00fdva v divnej krabi\u010dke. Rozl\u00fa\u0161tite, ako ju otvori\u0165!","robots":{"index":"index","follow":"follow","max-snippet":"max-snippet:-1","max-image-preview":"max-image-preview:large","max-video-preview":"max-video-preview:-1"},"canonical":"https:\/\/www.zazito.ooo\/en\/hra\/divna-krabicka-darcek\/","og_locale":"en_US","og_type":"article","og_title":"Dar\u010dekov\u00fd poukaz - Divn\u00e1 krabi\u010dka - Zazito.ooo","og_description":"Dar\u010dekov\u00fd poukaz na \u013eubovo\u013en\u00fa hru z na\u0161ej ponuky escape hier sa skr\u00fdva v divnej krabi\u010dke. Rozl\u00fa\u0161tite, ako ju otvori\u0165!","og_url":"https:\/\/www.zazito.ooo\/en\/hra\/divna-krabicka-darcek\/","og_site_name":"Zazito.ooo","article_publisher":"https:\/\/www.facebook.com\/zazitooo\/","article_modified_time":"2024-12-04T18:14:53+00:00","og_image":[{"width":700,"height":700,"url":"https:\/\/www.zazito.ooo\/wp-content\/uploads\/2019\/06\/zazito.ooo-divna-krabicka.jpg","type":"image\/jpeg"}],"twitter_card":"summary_large_image","twitter_misc":{"Est. reading time":"1 minute"},"schema":{"@context":"https:\/\/schema.org","@graph":[{"@type":"WebPage","@id":"https:\/\/www.zazito.ooo\/en\/hra\/divna-krabicka-darcek\/","url":"https:\/\/www.zazito.ooo\/en\/hra\/divna-krabicka-darcek\/","name":"Dar\u010dekov\u00fd poukaz - Divn\u00e1 krabi\u010dka - Zazito.ooo","isPartOf":{"@id":"https:\/\/www.zazito.ooo\/en\/#website"},"primaryImageOfPage":{"@id":"https:\/\/www.zazito.ooo\/en\/hra\/divna-krabicka-darcek\/#primaryimage"},"image":{"@id":"https:\/\/www.zazito.ooo\/en\/hra\/divna-krabicka-darcek\/#primaryimage"},"thumbnailUrl":"https:\/\/www.zazito.ooo\/wp-content\/uploads\/2019\/06\/zazito.ooo-divna-krabicka.jpg","datePublished":"2019-06-26T09:19:45+00:00","dateModified":"2024-12-04T18:14:53+00:00","description":"Dar\u010dekov\u00fd poukaz na \u013eubovo\u013en\u00fa hru z na\u0161ej ponuky escape hier sa skr\u00fdva v divnej krabi\u010dke. Rozl\u00fa\u0161tite, ako ju otvori\u0165!","breadcrumb":{"@id":"https:\/\/www.zazito.ooo\/en\/hra\/divna-krabicka-darcek\/#breadcrumb"},"inLanguage":"en-US","potentialAction":[{"@type":"ReadAction","target":["https:\/\/www.zazito.ooo\/en\/hra\/divna-krabicka-darcek\/"]}]},{"@type":"ImageObject","inLanguage":"en-US","@id":"https:\/\/www.zazito.ooo\/en\/hra\/divna-krabicka-darcek\/#primaryimage","url":"https:\/\/www.zazito.ooo\/wp-content\/uploads\/2019\/06\/zazito.ooo-divna-krabicka.jpg","contentUrl":"https:\/\/www.zazito.ooo\/wp-content\/uploads\/2019\/06\/zazito.ooo-divna-krabicka.jpg","width":700,"height":700,"caption":"Escape room - divn\u00e1 krabi\u010dka | zazito.ooo"},{"@type":"BreadcrumbList","@id":"https:\/\/www.zazito.ooo\/en\/hra\/divna-krabicka-darcek\/#breadcrumb","itemListElement":[{"@type":"ListItem","position":1,"name":"Home","item":"https:\/\/www.zazito.ooo\/"},{"@type":"ListItem","position":2,"name":"Obchod","item":"https:\/\/www.zazito.ooo\/obchod\/"},{"@type":"ListItem","position":3,"name":"Dar\u010dekov\u00fd poukaz &#8211; Divn\u00e1 krabi\u010dka"}]},{"@type":"WebSite","@id":"https:\/\/www.zazito.ooo\/en\/#website","url":"https:\/\/www.zazito.ooo\/en\/","name":"Zazito.ooo","description":"origin\u00e1lne escape games v Bratislave","publisher":{"@id":"https:\/\/www.zazito.ooo\/en\/#organization"},"potentialAction":[{"@type":"SearchAction","target":{"@type":"EntryPoint","urlTemplate":"https:\/\/www.zazito.ooo\/en\/?s={search_term_string}"},"query-input":{"@type":"PropertyValueSpecification","valueRequired":true,"valueName":"search_term_string"}}],"inLanguage":"en-US"},{"@type":"Organization","@id":"https:\/\/www.zazito.ooo\/en\/#organization","name":"Zazito, s.r.o.","url":"https:\/\/www.zazito.ooo\/en\/","logo":{"@type":"ImageObject","inLanguage":"en-US","@id":"https:\/\/www.zazito.ooo\/en\/#\/schema\/logo\/image\/","url":"https:\/\/www.zazito.ooo\/wp-content\/uploads\/2019\/08\/zazito_logo.jpg","contentUrl":"https:\/\/www.zazito.ooo\/wp-content\/uploads\/2019\/08\/zazito_logo.jpg","width":1080,"height":1080,"caption":"Zazito, s.r.o."},"image":{"@id":"https:\/\/www.zazito.ooo\/en\/#\/schema\/logo\/image\/"},"sameAs":["https:\/\/www.facebook.com\/zazitooo\/","https:\/\/www.instagram.com\/zazito.ooo\/?hl=sk"]}]}},"_links":{"self":[{"href":"https:\/\/www.zazito.ooo\/en\/wp-json\/wp\/v2\/product\/558","targetHints":{"allow":["GET"]}}],"collection":[{"href":"https:\/\/www.zazito.ooo\/en\/wp-json\/wp\/v2\/product"}],"about":[{"href":"https:\/\/www.zazito.ooo\/en\/wp-json\/wp\/v2\/types\/product"}],"replies":[{"embeddable":true,"href":"https:\/\/www.zazito.ooo\/en\/wp-json\/wp\/v2\/comments?post=558"}],"wp:featuredmedia":[{"embeddable":true,"href":"https:\/\/www.zazito.ooo\/en\/wp-json\/wp\/v2\/media\/559"}],"wp:attachment":[{"href":"https:\/\/www.zazito.ooo\/en\/wp-json\/wp\/v2\/media?parent=558"}],"wp:term":[{"taxonomy":"product_brand","embeddable":true,"href":"https:\/\/www.zazito.ooo\/en\/wp-json\/wp\/v2\/product_brand?post=558"},{"taxonomy":"product_cat","embeddable":true,"href":"https:\/\/www.zazito.ooo\/en\/wp-json\/wp\/v2\/product_cat?post=558"},{"taxonomy":"product_tag","embeddable":true,"href":"https:\/\/www.zazito.ooo\/en\/wp-json\/wp\/v2\/product_tag?post=558"}],"curies":[{"name":"wp","href":"https:\/\/api.w.org\/{rel}","templated":true}]}}