{"id":54443,"date":"2024-01-13T00:11:43","date_gmt":"2024-01-12T23:11:43","guid":{"rendered":"https:\/\/www.zazito.ooo\/?post_type=product&#038;p=54443"},"modified":"2025-11-24T02:27:08","modified_gmt":"2025-11-24T01:27:08","slug":"mystery-dinner-vrazda-u-batu-10-13-hracov","status":"publish","type":"product","link":"https:\/\/www.zazito.ooo\/en\/hra\/mystery-dinner-vrazda-u-batu-10-13-hracov\/","title":{"rendered":"Mystery dinner &#8211; Vra\u017eda u\u00a0Ba\u0165u 10-13 hr\u00e1\u010dov"},"content":{"rendered":"<h4><span style=\"color: #808080;\">Z\u00e1\u017eitkov\u00e1 hra Mystery Dinner &#8211; Vra\u017eda u Ba\u0165u<\/span><\/h4>\n<p>Sed\u00edte pri jednom stole so svojimi kamar\u00e1tmi, kolegami zn\u00e1mymi ale tentokr\u00e1t v\u00a0roku 1935 v\u00a0Ba\u0165ovom z\u00e1vode. Z\u00a0Pe\u0165a, Maro\u0161a \u010di Janky je zrazu samotn\u00fd p\u00e1n Ba\u0165a, here\u010dka A\u010fa Mandlov\u00e1 \u010di n\u00e1dejn\u00fd mlad\u00fd futbalista Tom\u00e1\u0161. V\u0161etci ste boli v\u00a0budove ke\u010f sa udiala vra\u017eda obuvn\u00edka. Mus\u00edte zisti\u0165 kto je vrah, no ka\u017ed\u00fd m\u00e1 svoje tajomstv\u00e1 a\u00a0nakoniec to k\u013eudne m\u00f4\u017eete by\u0165 aj Vy. V\u00a0hre v\u00e1s sprev\u00e1dza moder\u00e1tor v\u00a0roli dozoruj\u00faceho vy\u0161etrovate\u013ea. Hra prebieha v\u00a0re\u0161taur\u00e1ci\u00ed \u0160tef\u00e1nka by Pulitzer. S\u00fa\u010das\u0165ou ceny nie je konzumn\u00e9. N\u00e1poje aj jedlo si v\u0161ak je mo\u017en\u00e9 objedn\u00e1va\u0165 \u013eubovo\u013ene aj po\u010das hry a\u00a0to s ba\u0165ovou z\u013eavou 9,99%.<\/p>\n<h3><strong>Ako hra prebieha ?<\/strong><\/h3>\n<p>Na\u0161ou domovskou re\u0161taur\u00e1ciou je \u0160tef\u00e1nka by Pulitzer. Hra\u0165 je mo\u017en\u00e9 aj v inej re\u0161taur\u00e1ci\u00ed, no je potrebn\u00fd ve\u013ek\u00fd st\u00f4l pre v\u0161etk\u00fdch hr\u00e1\u010dov. Pr\u00eds\u0165 na hru je potrebn\u00e9 presne v stanoven\u00fd \u010das maxim\u00e1lne 5min. sk\u00f4r. St\u00f4l sa pred hrou pripravuje \u2013 za\u010diatok hry u\u017e je samotn\u00fd pr\u00edchod a rozdelenie rol\u00ed. Hra trv\u00e1 od 90-120min\u00fat. Hra je vymyslen\u00e1 tak aby sa po\u010das nej dalo bezprobl\u00e9movo ve\u010dera\u0165. Nie je mo\u017en\u00e9 hra\u0165 v po\u010dte menej ako sedem hr\u00e1\u010dov.<\/p>","protected":false},"excerpt":{"rendered":"<h3>10 \u2013 13 players 190\u20ac<\/h3>\n<h3>Minimum age 15 years<\/h3>","protected":false},"featured_media":56639,"comment_status":"open","ping_status":"closed","template":"","meta":[],"product_brand":[37],"product_cat":[15,30,29],"product_tag":[],"class_list":{"0":"post-54443","1":"product","2":"type-product","3":"status-publish","4":"has-post-thumbnail","6":"product_brand-mystery","7":"product_cat-hry","8":"product_cat-mozne-hrat-v-anglictine","9":"product_cat-zazitkove-hry","11":"first","12":"instock","13":"virtual","14":"taxable","15":"purchasable","16":"product-type-simple"},"yoast_head":"<!-- This site is optimized with the Yoast SEO plugin v27.2 - https:\/\/yoast.com\/product\/yoast-seo-wordpress\/ -->\n<title>Mystery dinner - Vra\u017eda u\u00a0Ba\u0165u 10-13 hr\u00e1\u010dov - Zazito.ooo<\/title>\n<meta name=\"robots\" content=\"index, follow, max-snippet:-1, max-image-preview:large, max-video-preview:-1\" \/>\n<link rel=\"canonical\" href=\"https:\/\/www.zazito.ooo\/en\/hra\/mystery-dinner-vrazda-u-batu-10-13-hracov\/\" \/>\n<meta property=\"og:locale\" content=\"en_US\" \/>\n<meta property=\"og:type\" content=\"article\" \/>\n<meta property=\"og:title\" content=\"Mystery dinner - Vra\u017eda u\u00a0Ba\u0165u 10-13 hr\u00e1\u010dov - Zazito.ooo\" \/>\n<meta property=\"og:description\" content=\"10 - 13 os\u00f4b 190\u20ac Vek min. 15 rokov\" \/>\n<meta property=\"og:url\" content=\"https:\/\/www.zazito.ooo\/en\/hra\/mystery-dinner-vrazda-u-batu-10-13-hracov\/\" \/>\n<meta property=\"og:site_name\" content=\"Zazito.ooo\" \/>\n<meta property=\"article:publisher\" content=\"https:\/\/www.facebook.com\/zazitooo\/\" \/>\n<meta property=\"article:modified_time\" content=\"2025-11-24T01:27:08+00:00\" \/>\n<meta property=\"og:image\" content=\"https:\/\/www.zazito.ooo\/wp-content\/uploads\/2024\/07\/Bata-279.webp\" \/>\n\t<meta property=\"og:image:width\" content=\"2048\" \/>\n\t<meta property=\"og:image:height\" content=\"1362\" \/>\n\t<meta property=\"og:image:type\" content=\"image\/webp\" \/>\n<meta name=\"twitter:card\" content=\"summary_large_image\" \/>\n<meta name=\"twitter:label1\" content=\"Est. reading time\" \/>\n\t<meta name=\"twitter:data1\" content=\"2 minutes\" \/>\n<script type=\"application\/ld+json\" class=\"yoast-schema-graph\">{\"@context\":\"https:\/\/schema.org\",\"@graph\":[{\"@type\":\"WebPage\",\"@id\":\"https:\/\/www.zazito.ooo\/en\/hra\/mystery-dinner-vrazda-u-batu-10-13-hracov\/\",\"url\":\"https:\/\/www.zazito.ooo\/en\/hra\/mystery-dinner-vrazda-u-batu-10-13-hracov\/\",\"name\":\"Mystery dinner - Vra\u017eda u\u00a0Ba\u0165u 10-13 hr\u00e1\u010dov - Zazito.ooo\",\"isPartOf\":{\"@id\":\"https:\/\/www.zazito.ooo\/en\/#website\"},\"primaryImageOfPage\":{\"@id\":\"https:\/\/www.zazito.ooo\/en\/hra\/mystery-dinner-vrazda-u-batu-10-13-hracov\/#primaryimage\"},\"image\":{\"@id\":\"https:\/\/www.zazito.ooo\/en\/hra\/mystery-dinner-vrazda-u-batu-10-13-hracov\/#primaryimage\"},\"thumbnailUrl\":\"https:\/\/www.zazito.ooo\/wp-content\/uploads\/2024\/07\/Bata-279.webp\",\"datePublished\":\"2024-01-12T23:11:43+00:00\",\"dateModified\":\"2025-11-24T01:27:08+00:00\",\"breadcrumb\":{\"@id\":\"https:\/\/www.zazito.ooo\/en\/hra\/mystery-dinner-vrazda-u-batu-10-13-hracov\/#breadcrumb\"},\"inLanguage\":\"en-US\",\"potentialAction\":[{\"@type\":\"ReadAction\",\"target\":[\"https:\/\/www.zazito.ooo\/en\/hra\/mystery-dinner-vrazda-u-batu-10-13-hracov\/\"]}]},{\"@type\":\"ImageObject\",\"inLanguage\":\"en-US\",\"@id\":\"https:\/\/www.zazito.ooo\/en\/hra\/mystery-dinner-vrazda-u-batu-10-13-hracov\/#primaryimage\",\"url\":\"https:\/\/www.zazito.ooo\/wp-content\/uploads\/2024\/07\/Bata-279.webp\",\"contentUrl\":\"https:\/\/www.zazito.ooo\/wp-content\/uploads\/2024\/07\/Bata-279.webp\",\"width\":2048,\"height\":1362,\"caption\":\"mystery dinner\"},{\"@type\":\"BreadcrumbList\",\"@id\":\"https:\/\/www.zazito.ooo\/en\/hra\/mystery-dinner-vrazda-u-batu-10-13-hracov\/#breadcrumb\",\"itemListElement\":[{\"@type\":\"ListItem\",\"position\":1,\"name\":\"Home\",\"item\":\"https:\/\/www.zazito.ooo\/\"},{\"@type\":\"ListItem\",\"position\":2,\"name\":\"Obchod\",\"item\":\"https:\/\/www.zazito.ooo\/obchod\/\"},{\"@type\":\"ListItem\",\"position\":3,\"name\":\"Mystery dinner &#8211; Vra\u017eda u\u00a0Ba\u0165u 10-13 hr\u00e1\u010dov\"}]},{\"@type\":\"WebSite\",\"@id\":\"https:\/\/www.zazito.ooo\/en\/#website\",\"url\":\"https:\/\/www.zazito.ooo\/en\/\",\"name\":\"Zazito.ooo\",\"description\":\"origin\u00e1lne escape games v Bratislave\",\"publisher\":{\"@id\":\"https:\/\/www.zazito.ooo\/en\/#organization\"},\"potentialAction\":[{\"@type\":\"SearchAction\",\"target\":{\"@type\":\"EntryPoint\",\"urlTemplate\":\"https:\/\/www.zazito.ooo\/en\/?s={search_term_string}\"},\"query-input\":{\"@type\":\"PropertyValueSpecification\",\"valueRequired\":true,\"valueName\":\"search_term_string\"}}],\"inLanguage\":\"en-US\"},{\"@type\":\"Organization\",\"@id\":\"https:\/\/www.zazito.ooo\/en\/#organization\",\"name\":\"Zazito, s.r.o.\",\"url\":\"https:\/\/www.zazito.ooo\/en\/\",\"logo\":{\"@type\":\"ImageObject\",\"inLanguage\":\"en-US\",\"@id\":\"https:\/\/www.zazito.ooo\/en\/#\/schema\/logo\/image\/\",\"url\":\"https:\/\/www.zazito.ooo\/wp-content\/uploads\/2019\/08\/zazito_logo.jpg\",\"contentUrl\":\"https:\/\/www.zazito.ooo\/wp-content\/uploads\/2019\/08\/zazito_logo.jpg\",\"width\":1080,\"height\":1080,\"caption\":\"Zazito, s.r.o.\"},\"image\":{\"@id\":\"https:\/\/www.zazito.ooo\/en\/#\/schema\/logo\/image\/\"},\"sameAs\":[\"https:\/\/www.facebook.com\/zazitooo\/\",\"https:\/\/www.instagram.com\/zazito.ooo\/?hl=sk\"]}]}<\/script>\n<!-- \/ Yoast SEO plugin. -->","yoast_head_json":{"title":"Mystery dinner - Vra\u017eda u\u00a0Ba\u0165u 10-13 hr\u00e1\u010dov - Zazito.ooo","robots":{"index":"index","follow":"follow","max-snippet":"max-snippet:-1","max-image-preview":"max-image-preview:large","max-video-preview":"max-video-preview:-1"},"canonical":"https:\/\/www.zazito.ooo\/en\/hra\/mystery-dinner-vrazda-u-batu-10-13-hracov\/","og_locale":"en_US","og_type":"article","og_title":"Mystery dinner - Vra\u017eda u\u00a0Ba\u0165u 10-13 hr\u00e1\u010dov - Zazito.ooo","og_description":"10 - 13 os\u00f4b 190\u20ac Vek min. 15 rokov","og_url":"https:\/\/www.zazito.ooo\/en\/hra\/mystery-dinner-vrazda-u-batu-10-13-hracov\/","og_site_name":"Zazito.ooo","article_publisher":"https:\/\/www.facebook.com\/zazitooo\/","article_modified_time":"2025-11-24T01:27:08+00:00","og_image":[{"width":2048,"height":1362,"url":"https:\/\/www.zazito.ooo\/wp-content\/uploads\/2024\/07\/Bata-279.webp","type":"image\/webp"}],"twitter_card":"summary_large_image","twitter_misc":{"Est. reading time":"2 minutes"},"schema":{"@context":"https:\/\/schema.org","@graph":[{"@type":"WebPage","@id":"https:\/\/www.zazito.ooo\/en\/hra\/mystery-dinner-vrazda-u-batu-10-13-hracov\/","url":"https:\/\/www.zazito.ooo\/en\/hra\/mystery-dinner-vrazda-u-batu-10-13-hracov\/","name":"Mystery dinner - Vra\u017eda u\u00a0Ba\u0165u 10-13 hr\u00e1\u010dov - Zazito.ooo","isPartOf":{"@id":"https:\/\/www.zazito.ooo\/en\/#website"},"primaryImageOfPage":{"@id":"https:\/\/www.zazito.ooo\/en\/hra\/mystery-dinner-vrazda-u-batu-10-13-hracov\/#primaryimage"},"image":{"@id":"https:\/\/www.zazito.ooo\/en\/hra\/mystery-dinner-vrazda-u-batu-10-13-hracov\/#primaryimage"},"thumbnailUrl":"https:\/\/www.zazito.ooo\/wp-content\/uploads\/2024\/07\/Bata-279.webp","datePublished":"2024-01-12T23:11:43+00:00","dateModified":"2025-11-24T01:27:08+00:00","breadcrumb":{"@id":"https:\/\/www.zazito.ooo\/en\/hra\/mystery-dinner-vrazda-u-batu-10-13-hracov\/#breadcrumb"},"inLanguage":"en-US","potentialAction":[{"@type":"ReadAction","target":["https:\/\/www.zazito.ooo\/en\/hra\/mystery-dinner-vrazda-u-batu-10-13-hracov\/"]}]},{"@type":"ImageObject","inLanguage":"en-US","@id":"https:\/\/www.zazito.ooo\/en\/hra\/mystery-dinner-vrazda-u-batu-10-13-hracov\/#primaryimage","url":"https:\/\/www.zazito.ooo\/wp-content\/uploads\/2024\/07\/Bata-279.webp","contentUrl":"https:\/\/www.zazito.ooo\/wp-content\/uploads\/2024\/07\/Bata-279.webp","width":2048,"height":1362,"caption":"mystery dinner"},{"@type":"BreadcrumbList","@id":"https:\/\/www.zazito.ooo\/en\/hra\/mystery-dinner-vrazda-u-batu-10-13-hracov\/#breadcrumb","itemListElement":[{"@type":"ListItem","position":1,"name":"Home","item":"https:\/\/www.zazito.ooo\/"},{"@type":"ListItem","position":2,"name":"Obchod","item":"https:\/\/www.zazito.ooo\/obchod\/"},{"@type":"ListItem","position":3,"name":"Mystery dinner &#8211; Vra\u017eda u\u00a0Ba\u0165u 10-13 hr\u00e1\u010dov"}]},{"@type":"WebSite","@id":"https:\/\/www.zazito.ooo\/en\/#website","url":"https:\/\/www.zazito.ooo\/en\/","name":"Zazito.ooo","description":"origin\u00e1lne escape games v Bratislave","publisher":{"@id":"https:\/\/www.zazito.ooo\/en\/#organization"},"potentialAction":[{"@type":"SearchAction","target":{"@type":"EntryPoint","urlTemplate":"https:\/\/www.zazito.ooo\/en\/?s={search_term_string}"},"query-input":{"@type":"PropertyValueSpecification","valueRequired":true,"valueName":"search_term_string"}}],"inLanguage":"en-US"},{"@type":"Organization","@id":"https:\/\/www.zazito.ooo\/en\/#organization","name":"Zazito, s.r.o.","url":"https:\/\/www.zazito.ooo\/en\/","logo":{"@type":"ImageObject","inLanguage":"en-US","@id":"https:\/\/www.zazito.ooo\/en\/#\/schema\/logo\/image\/","url":"https:\/\/www.zazito.ooo\/wp-content\/uploads\/2019\/08\/zazito_logo.jpg","contentUrl":"https:\/\/www.zazito.ooo\/wp-content\/uploads\/2019\/08\/zazito_logo.jpg","width":1080,"height":1080,"caption":"Zazito, s.r.o."},"image":{"@id":"https:\/\/www.zazito.ooo\/en\/#\/schema\/logo\/image\/"},"sameAs":["https:\/\/www.facebook.com\/zazitooo\/","https:\/\/www.instagram.com\/zazito.ooo\/?hl=sk"]}]}},"_links":{"self":[{"href":"https:\/\/www.zazito.ooo\/en\/wp-json\/wp\/v2\/product\/54443","targetHints":{"allow":["GET"]}}],"collection":[{"href":"https:\/\/www.zazito.ooo\/en\/wp-json\/wp\/v2\/product"}],"about":[{"href":"https:\/\/www.zazito.ooo\/en\/wp-json\/wp\/v2\/types\/product"}],"replies":[{"embeddable":true,"href":"https:\/\/www.zazito.ooo\/en\/wp-json\/wp\/v2\/comments?post=54443"}],"wp:featuredmedia":[{"embeddable":true,"href":"https:\/\/www.zazito.ooo\/en\/wp-json\/wp\/v2\/media\/56639"}],"wp:attachment":[{"href":"https:\/\/www.zazito.ooo\/en\/wp-json\/wp\/v2\/media?parent=54443"}],"wp:term":[{"taxonomy":"product_brand","embeddable":true,"href":"https:\/\/www.zazito.ooo\/en\/wp-json\/wp\/v2\/product_brand?post=54443"},{"taxonomy":"product_cat","embeddable":true,"href":"https:\/\/www.zazito.ooo\/en\/wp-json\/wp\/v2\/product_cat?post=54443"},{"taxonomy":"product_tag","embeddable":true,"href":"https:\/\/www.zazito.ooo\/en\/wp-json\/wp\/v2\/product_tag?post=54443"}],"curies":[{"name":"wp","href":"https:\/\/api.w.org\/{rel}","templated":true}]}}