{"id":36550,"date":"2024-11-04T08:23:07","date_gmt":"2024-11-04T07:23:07","guid":{"rendered":"https:\/\/www.zazito.ooo\/?post_type=product&#038;p=36550"},"modified":"2025-11-24T02:25:36","modified_gmt":"2025-11-24T01:25:36","slug":"resident-evil","status":"publish","type":"product","link":"https:\/\/www.zazito.ooo\/en\/hra\/resident-evil\/","title":{"rendered":"Resident Evil"},"content":{"rendered":"<h4>Escape hra v Ru\u017einove<\/h4>\n<p><span style=\"font-weight: 400;\">Vl\u00e1dna organiz\u00e1cia SKAZA Corporation, zaoberaj\u00faca sa genetick\u00fdm v\u00fdskumom, realizuje vo svojich tajn\u00fdch podzemn\u00fdch laborat\u00f3ri\u00e1ch, ve\u013emi nebezpe\u010dn\u00e9 pokusy na zvierat\u00e1ch a \u013eu\u010foch pod veden\u00edm \u0161ialen\u00e9ho mikrobiol\u00f3ga doc. MuDr. Henricha Dostovojevi\u010da. Pri jednom pokuse sa v\u0161ak nie\u010do nepodar\u00ed a unik\u00e1 smrtiaci v\u00edrus. Doc. Prof. Henrich uzatv\u00e1ra cel\u00fa oblas\u0165 podzemn\u00e9ho laborat\u00f3ria zasiahnut\u00e9ho nebezpe\u010dn\u00fdm v\u00edrusom, nech\u00e1va zamestnancov vo vn\u00fatri cel\u00e9ho pekla a zamyk\u00e1 sa vo svojej kancel\u00e1ri\u00ed v snahe zachr\u00e1ni\u0165 si hol\u00fd \u017eivot. Dost\u00e1va \u00falohu, ktor\u00e1 je ot\u00e1zkou \u017eivota a smrti \u2013 zisti\u0165 pr\u00ed\u010dinu a izolova\u0165 v\u00edrus, ktor\u00fd ohrozuje cel\u00e9 \u013eudstvo. \u010coskoro zis\u0165uje, \u017ee v\u0161etko je e\u0161te hor\u0161ie ako \u010dakal \u2013 v\u00edrusom zasiahnut\u00ed zamestnanci nie s\u00fa ani \u017eiv\u00ed ani m\u0155tvi. Zmenili sa na mimoriadne agres\u00edvne zombie, nem\u0155tve be\u0161tie. Jedin\u00e9 ich \u0161krabnutie alebo uhryznutie infikuje zasiahnut\u00e9ho, ktor\u00fd sa okam\u017eite za\u010dne meni\u0165 v ich druh. SKAZA v\u0161ak s profesorom stratila kontakt a potrebuje va\u0161u pomoc. <\/span><\/p>\n<p><span style=\"font-weight: 400;\">Tvoj t\u00edm ma 80 min\u00fa\u0165 na dokon\u010denie misie, ne\u017e v\u00edrus a zombie prenikn\u00fa medzi \u013eud\u00ed. <\/span><\/p>\n<p><span style=\"font-weight: 400;\">\u010cak\u00e1 \u0165a mno\u017estvo \u0161ialen\u00fdch \u00faloh, ktor\u00e9 mus\u00ed\u0161 so svoj\u00edm t\u00edmom rozl\u00fa\u0161ti\u0165 a \u010fal\u0161ie desiv\u00e9 prekvapenia vo vn\u00fatri laborat\u00f3ria a in\u00e9 v\u00fdsledky experimentov. Alebo je v\u0161etko \u00faplne inak? Pom\u00f4\u017ee\u0161 zachr\u00e1ni\u0165 \u013eudstvo pred skazou?<\/span><\/p>","protected":false},"excerpt":{"rendered":"<p>Escape hra v Ru\u017einove Vl\u00e1dna organiz\u00e1cia SKAZA Corporation, zaoberaj\u00faca sa genetick\u00fdm v\u00fdskumom, realizuje vo svojich tajn\u00fdch podzemn\u00fdch laborat\u00f3ri\u00e1ch, ve\u013emi nebezpe\u010dn\u00e9 pokusy na zvierat\u00e1ch a \u013eu\u010foch pod veden\u00edm \u0161ialen\u00e9ho mikrobiol\u00f3ga doc. MuDr. Henricha Dostovojevi\u010da. Pri jednom pokuse sa v\u0161ak nie\u010do nepodar\u00ed a unik\u00e1 smrtiaci v\u00edrus. Doc. Prof. Henrich uzatv\u00e1ra cel\u00fa oblas\u0165 podzemn\u00e9ho laborat\u00f3ria zasiahnut\u00e9ho nebezpe\u010dn\u00fdm v\u00edrusom,&hellip;<\/p>","protected":false},"featured_media":56729,"comment_status":"open","ping_status":"closed","template":"","meta":[],"product_brand":[],"product_cat":[15,27],"product_tag":[],"class_list":{"0":"post-36550","1":"product","2":"type-product","3":"status-publish","4":"has-post-thumbnail","6":"product_cat-hry","7":"product_cat-klasicke-escape-hry","9":"first","10":"instock","11":"virtual","12":"taxable","13":"purchasable","14":"product-type-simple"},"yoast_head":"<!-- This site is optimized with the Yoast SEO plugin v27.2 - https:\/\/yoast.com\/product\/yoast-seo-wordpress\/ -->\n<title>Divn\u00fd dom - escape room Bratislava - Petr\u017ealka | Zazito.ooo<\/title>\n<meta name=\"description\" content=\"\u010co sa stalo v tomto divnom dome uprostred Petr\u017ealky a ako sa z neho dosta\u0165 von? Pr\u00ed\u010fte to zisti\u0165! Rezervujte si escape room Divn\u00fd dom cez n\u00e1\u0161 web.\" \/>\n<meta name=\"robots\" content=\"index, follow, max-snippet:-1, max-image-preview:large, max-video-preview:-1\" \/>\n<link rel=\"canonical\" href=\"https:\/\/www.zazito.ooo\/en\/hra\/resident-evil\/\" \/>\n<meta property=\"og:locale\" content=\"en_US\" \/>\n<meta property=\"og:type\" content=\"article\" \/>\n<meta property=\"og:title\" content=\"Divn\u00fd dom - escape room Bratislava - Petr\u017ealka | Zazito.ooo\" \/>\n<meta property=\"og:description\" content=\"\u010co sa stalo v tomto divnom dome uprostred Petr\u017ealky a ako sa z neho dosta\u0165 von? Pr\u00ed\u010fte to zisti\u0165! Rezervujte si escape room Divn\u00fd dom cez n\u00e1\u0161 web.\" \/>\n<meta property=\"og:url\" content=\"https:\/\/www.zazito.ooo\/en\/hra\/resident-evil\/\" \/>\n<meta property=\"og:site_name\" content=\"Zazito.ooo\" \/>\n<meta property=\"article:publisher\" content=\"https:\/\/www.facebook.com\/zazitooo\/\" \/>\n<meta property=\"article:modified_time\" content=\"2025-11-24T01:25:36+00:00\" \/>\n<meta property=\"og:image\" content=\"https:\/\/www.zazito.ooo\/wp-content\/uploads\/2023\/11\/IMG_20180902_152719_HHT-scaled.webp\" \/>\n\t<meta property=\"og:image:width\" content=\"2560\" \/>\n\t<meta property=\"og:image:height\" content=\"1920\" \/>\n\t<meta property=\"og:image:type\" content=\"image\/webp\" \/>\n<meta name=\"twitter:card\" content=\"summary_large_image\" \/>\n<meta name=\"twitter:label1\" content=\"Est. reading time\" \/>\n\t<meta name=\"twitter:data1\" content=\"2 minutes\" \/>\n<script type=\"application\/ld+json\" class=\"yoast-schema-graph\">{\"@context\":\"https:\/\/schema.org\",\"@graph\":[{\"@type\":\"WebPage\",\"@id\":\"https:\/\/www.zazito.ooo\/en\/hra\/resident-evil\/\",\"url\":\"https:\/\/www.zazito.ooo\/en\/hra\/resident-evil\/\",\"name\":\"Divn\u00fd dom - escape room Bratislava - Petr\u017ealka | Zazito.ooo\",\"isPartOf\":{\"@id\":\"https:\/\/www.zazito.ooo\/en\/#website\"},\"primaryImageOfPage\":{\"@id\":\"https:\/\/www.zazito.ooo\/en\/hra\/resident-evil\/#primaryimage\"},\"image\":{\"@id\":\"https:\/\/www.zazito.ooo\/en\/hra\/resident-evil\/#primaryimage\"},\"thumbnailUrl\":\"https:\/\/www.zazito.ooo\/wp-content\/uploads\/2023\/11\/IMG_20180902_152719_HHT-scaled.webp\",\"datePublished\":\"2024-11-04T07:23:07+00:00\",\"dateModified\":\"2025-11-24T01:25:36+00:00\",\"description\":\"\u010co sa stalo v tomto divnom dome uprostred Petr\u017ealky a ako sa z neho dosta\u0165 von? Pr\u00ed\u010fte to zisti\u0165! Rezervujte si escape room Divn\u00fd dom cez n\u00e1\u0161 web.\",\"breadcrumb\":{\"@id\":\"https:\/\/www.zazito.ooo\/en\/hra\/resident-evil\/#breadcrumb\"},\"inLanguage\":\"en-US\",\"potentialAction\":[{\"@type\":\"ReadAction\",\"target\":[\"https:\/\/www.zazito.ooo\/en\/hra\/resident-evil\/\"]}]},{\"@type\":\"ImageObject\",\"inLanguage\":\"en-US\",\"@id\":\"https:\/\/www.zazito.ooo\/en\/hra\/resident-evil\/#primaryimage\",\"url\":\"https:\/\/www.zazito.ooo\/wp-content\/uploads\/2023\/11\/IMG_20180902_152719_HHT-scaled.webp\",\"contentUrl\":\"https:\/\/www.zazito.ooo\/wp-content\/uploads\/2023\/11\/IMG_20180902_152719_HHT-scaled.webp\",\"width\":2560,\"height\":1920,\"caption\":\"resident-evil-darcek-poukaz\"},{\"@type\":\"BreadcrumbList\",\"@id\":\"https:\/\/www.zazito.ooo\/en\/hra\/resident-evil\/#breadcrumb\",\"itemListElement\":[{\"@type\":\"ListItem\",\"position\":1,\"name\":\"Home\",\"item\":\"https:\/\/www.zazito.ooo\/\"},{\"@type\":\"ListItem\",\"position\":2,\"name\":\"Obchod\",\"item\":\"https:\/\/www.zazito.ooo\/obchod\/\"},{\"@type\":\"ListItem\",\"position\":3,\"name\":\"Resident Evil\"}]},{\"@type\":\"WebSite\",\"@id\":\"https:\/\/www.zazito.ooo\/en\/#website\",\"url\":\"https:\/\/www.zazito.ooo\/en\/\",\"name\":\"Zazito.ooo\",\"description\":\"origin\u00e1lne escape games v Bratislave\",\"publisher\":{\"@id\":\"https:\/\/www.zazito.ooo\/en\/#organization\"},\"potentialAction\":[{\"@type\":\"SearchAction\",\"target\":{\"@type\":\"EntryPoint\",\"urlTemplate\":\"https:\/\/www.zazito.ooo\/en\/?s={search_term_string}\"},\"query-input\":{\"@type\":\"PropertyValueSpecification\",\"valueRequired\":true,\"valueName\":\"search_term_string\"}}],\"inLanguage\":\"en-US\"},{\"@type\":\"Organization\",\"@id\":\"https:\/\/www.zazito.ooo\/en\/#organization\",\"name\":\"Zazito, s.r.o.\",\"url\":\"https:\/\/www.zazito.ooo\/en\/\",\"logo\":{\"@type\":\"ImageObject\",\"inLanguage\":\"en-US\",\"@id\":\"https:\/\/www.zazito.ooo\/en\/#\/schema\/logo\/image\/\",\"url\":\"https:\/\/www.zazito.ooo\/wp-content\/uploads\/2019\/08\/zazito_logo.jpg\",\"contentUrl\":\"https:\/\/www.zazito.ooo\/wp-content\/uploads\/2019\/08\/zazito_logo.jpg\",\"width\":1080,\"height\":1080,\"caption\":\"Zazito, s.r.o.\"},\"image\":{\"@id\":\"https:\/\/www.zazito.ooo\/en\/#\/schema\/logo\/image\/\"},\"sameAs\":[\"https:\/\/www.facebook.com\/zazitooo\/\",\"https:\/\/www.instagram.com\/zazito.ooo\/?hl=sk\"]}]}<\/script>\n<!-- \/ Yoast SEO plugin. -->","yoast_head_json":{"title":"Divn\u00fd dom - escape room Bratislava - Petr\u017ealka | Zazito.ooo","description":"\u010co sa stalo v tomto divnom dome uprostred Petr\u017ealky a ako sa z neho dosta\u0165 von? Pr\u00ed\u010fte to zisti\u0165! Rezervujte si escape room Divn\u00fd dom cez n\u00e1\u0161 web.","robots":{"index":"index","follow":"follow","max-snippet":"max-snippet:-1","max-image-preview":"max-image-preview:large","max-video-preview":"max-video-preview:-1"},"canonical":"https:\/\/www.zazito.ooo\/en\/hra\/resident-evil\/","og_locale":"en_US","og_type":"article","og_title":"Divn\u00fd dom - escape room Bratislava - Petr\u017ealka | Zazito.ooo","og_description":"\u010co sa stalo v tomto divnom dome uprostred Petr\u017ealky a ako sa z neho dosta\u0165 von? Pr\u00ed\u010fte to zisti\u0165! Rezervujte si escape room Divn\u00fd dom cez n\u00e1\u0161 web.","og_url":"https:\/\/www.zazito.ooo\/en\/hra\/resident-evil\/","og_site_name":"Zazito.ooo","article_publisher":"https:\/\/www.facebook.com\/zazitooo\/","article_modified_time":"2025-11-24T01:25:36+00:00","og_image":[{"width":2560,"height":1920,"url":"https:\/\/www.zazito.ooo\/wp-content\/uploads\/2023\/11\/IMG_20180902_152719_HHT-scaled.webp","type":"image\/webp"}],"twitter_card":"summary_large_image","twitter_misc":{"Est. reading time":"2 minutes"},"schema":{"@context":"https:\/\/schema.org","@graph":[{"@type":"WebPage","@id":"https:\/\/www.zazito.ooo\/en\/hra\/resident-evil\/","url":"https:\/\/www.zazito.ooo\/en\/hra\/resident-evil\/","name":"Divn\u00fd dom - escape room Bratislava - Petr\u017ealka | Zazito.ooo","isPartOf":{"@id":"https:\/\/www.zazito.ooo\/en\/#website"},"primaryImageOfPage":{"@id":"https:\/\/www.zazito.ooo\/en\/hra\/resident-evil\/#primaryimage"},"image":{"@id":"https:\/\/www.zazito.ooo\/en\/hra\/resident-evil\/#primaryimage"},"thumbnailUrl":"https:\/\/www.zazito.ooo\/wp-content\/uploads\/2023\/11\/IMG_20180902_152719_HHT-scaled.webp","datePublished":"2024-11-04T07:23:07+00:00","dateModified":"2025-11-24T01:25:36+00:00","description":"\u010co sa stalo v tomto divnom dome uprostred Petr\u017ealky a ako sa z neho dosta\u0165 von? Pr\u00ed\u010fte to zisti\u0165! Rezervujte si escape room Divn\u00fd dom cez n\u00e1\u0161 web.","breadcrumb":{"@id":"https:\/\/www.zazito.ooo\/en\/hra\/resident-evil\/#breadcrumb"},"inLanguage":"en-US","potentialAction":[{"@type":"ReadAction","target":["https:\/\/www.zazito.ooo\/en\/hra\/resident-evil\/"]}]},{"@type":"ImageObject","inLanguage":"en-US","@id":"https:\/\/www.zazito.ooo\/en\/hra\/resident-evil\/#primaryimage","url":"https:\/\/www.zazito.ooo\/wp-content\/uploads\/2023\/11\/IMG_20180902_152719_HHT-scaled.webp","contentUrl":"https:\/\/www.zazito.ooo\/wp-content\/uploads\/2023\/11\/IMG_20180902_152719_HHT-scaled.webp","width":2560,"height":1920,"caption":"resident-evil-darcek-poukaz"},{"@type":"BreadcrumbList","@id":"https:\/\/www.zazito.ooo\/en\/hra\/resident-evil\/#breadcrumb","itemListElement":[{"@type":"ListItem","position":1,"name":"Home","item":"https:\/\/www.zazito.ooo\/"},{"@type":"ListItem","position":2,"name":"Obchod","item":"https:\/\/www.zazito.ooo\/obchod\/"},{"@type":"ListItem","position":3,"name":"Resident Evil"}]},{"@type":"WebSite","@id":"https:\/\/www.zazito.ooo\/en\/#website","url":"https:\/\/www.zazito.ooo\/en\/","name":"Zazito.ooo","description":"origin\u00e1lne escape games v Bratislave","publisher":{"@id":"https:\/\/www.zazito.ooo\/en\/#organization"},"potentialAction":[{"@type":"SearchAction","target":{"@type":"EntryPoint","urlTemplate":"https:\/\/www.zazito.ooo\/en\/?s={search_term_string}"},"query-input":{"@type":"PropertyValueSpecification","valueRequired":true,"valueName":"search_term_string"}}],"inLanguage":"en-US"},{"@type":"Organization","@id":"https:\/\/www.zazito.ooo\/en\/#organization","name":"Zazito, s.r.o.","url":"https:\/\/www.zazito.ooo\/en\/","logo":{"@type":"ImageObject","inLanguage":"en-US","@id":"https:\/\/www.zazito.ooo\/en\/#\/schema\/logo\/image\/","url":"https:\/\/www.zazito.ooo\/wp-content\/uploads\/2019\/08\/zazito_logo.jpg","contentUrl":"https:\/\/www.zazito.ooo\/wp-content\/uploads\/2019\/08\/zazito_logo.jpg","width":1080,"height":1080,"caption":"Zazito, s.r.o."},"image":{"@id":"https:\/\/www.zazito.ooo\/en\/#\/schema\/logo\/image\/"},"sameAs":["https:\/\/www.facebook.com\/zazitooo\/","https:\/\/www.instagram.com\/zazito.ooo\/?hl=sk"]}]}},"_links":{"self":[{"href":"https:\/\/www.zazito.ooo\/en\/wp-json\/wp\/v2\/product\/36550","targetHints":{"allow":["GET"]}}],"collection":[{"href":"https:\/\/www.zazito.ooo\/en\/wp-json\/wp\/v2\/product"}],"about":[{"href":"https:\/\/www.zazito.ooo\/en\/wp-json\/wp\/v2\/types\/product"}],"replies":[{"embeddable":true,"href":"https:\/\/www.zazito.ooo\/en\/wp-json\/wp\/v2\/comments?post=36550"}],"wp:featuredmedia":[{"embeddable":true,"href":"https:\/\/www.zazito.ooo\/en\/wp-json\/wp\/v2\/media\/56729"}],"wp:attachment":[{"href":"https:\/\/www.zazito.ooo\/en\/wp-json\/wp\/v2\/media?parent=36550"}],"wp:term":[{"taxonomy":"product_brand","embeddable":true,"href":"https:\/\/www.zazito.ooo\/en\/wp-json\/wp\/v2\/product_brand?post=36550"},{"taxonomy":"product_cat","embeddable":true,"href":"https:\/\/www.zazito.ooo\/en\/wp-json\/wp\/v2\/product_cat?post=36550"},{"taxonomy":"product_tag","embeddable":true,"href":"https:\/\/www.zazito.ooo\/en\/wp-json\/wp\/v2\/product_tag?post=36550"}],"curies":[{"name":"wp","href":"https:\/\/api.w.org\/{rel}","templated":true}]}}