{"id":35817,"date":"2022-10-14T06:11:03","date_gmt":"2022-10-14T04:11:03","guid":{"rendered":"https:\/\/www.zazito.ooo\/?post_type=product&#038;p=35817"},"modified":"2024-07-30T11:03:51","modified_gmt":"2024-07-30T09:03:51","slug":"podklobukom","status":"publish","type":"product","link":"https:\/\/www.zazito.ooo\/en\/hra\/podklobukom\/","title":{"rendered":"Pod Klob\u00fakom &#8211; hra n\u00e1\u0161ho partnera"},"content":{"rendered":"<p style=\"font-weight: 400;\"><span style=\"color: #0000ff;\"><a style=\"color: #0000ff;\" href=\"http:\/\/www.podklobukom.sk\"><u>Sta\u010d\u00ed klikn\u00fa\u0165<\/u><\/a><\/span> ni\u017e\u0161ie a prenesiete sa na ich str\u00e1nku.<\/p>\n<p style=\"font-weight: 400;\">3\u00a0MESTSK\u00c9 HRY V\u00a0BRATISLAVRE<\/p>\n<p style=\"font-weight: 400;\">3 MESTSK\u00c9 HRY V\u00a0PRAHE<\/p>\n<p style=\"font-weight: 400;\">MESTSK\u00c1 HRA V\u00a0\u017dILINE<\/p>\n<p style=\"font-weight: 400;\">SKVEL\u00c9 ONLINE HRY<\/p>\n<p style=\"font-weight: 400;\">\u010eAL\u0160IE Z\u00c1\u017dITKOV\u00c9 HRY<\/p>","protected":false},"excerpt":{"rendered":"<p>Sta\u010d\u00ed klikn\u00fa\u0165 ni\u017e\u0161ie a prenesiete sa na ich str\u00e1nku. 3\u00a0MESTSK\u00c9 HRY V\u00a0BRATISLAVRE 3 MESTSK\u00c9 HRY V\u00a0PRAHE MESTSK\u00c1 HRA V\u00a0\u017dILINE SKVEL\u00c9 ONLINE HRY \u010eAL\u0160IE Z\u00c1\u017dITKOV\u00c9 HRY<\/p>","protected":false},"featured_media":56741,"comment_status":"open","ping_status":"closed","template":"","meta":[],"product_brand":[],"product_cat":[15,28],"product_tag":[],"class_list":{"0":"post-35817","1":"product","2":"type-product","3":"status-publish","4":"has-post-thumbnail","6":"product_cat-hry","7":"product_cat-mestske-hry","9":"first","10":"instock","11":"taxable","12":"shipping-taxable","13":"product-type-external"},"yoast_head":"<!-- This site is optimized with the Yoast SEO plugin v27.2 - https:\/\/yoast.com\/product\/yoast-seo-wordpress\/ -->\n<title>Stopy Dominika D\u00e1na | Zazito.ooo<\/title>\n<meta name=\"robots\" content=\"index, follow, max-snippet:-1, max-image-preview:large, max-video-preview:-1\" \/>\n<link rel=\"canonical\" href=\"https:\/\/www.zazito.ooo\/en\/hra\/podklobukom\/\" \/>\n<meta property=\"og:locale\" content=\"en_US\" \/>\n<meta property=\"og:type\" content=\"article\" \/>\n<meta property=\"og:title\" content=\"Stopy Dominika D\u00e1na | Zazito.ooo\" \/>\n<meta property=\"og:description\" content=\"Sta\u010d\u00ed klikn\u00fa\u0165 ni\u017e\u0161ie a prenesiete sa na ich str\u00e1nku. 3\u00a0MESTSK\u00c9 HRY V\u00a0BRATISLAVRE 3 MESTSK\u00c9 HRY V\u00a0PRAHE MESTSK\u00c1 HRA V\u00a0\u017dILINE SKVEL\u00c9 ONLINE HRY \u010eAL\u0160IE Z\u00c1\u017dITKOV\u00c9 HRY\" \/>\n<meta property=\"og:url\" content=\"https:\/\/www.zazito.ooo\/en\/hra\/podklobukom\/\" \/>\n<meta property=\"og:site_name\" content=\"Zazito.ooo\" \/>\n<meta property=\"article:publisher\" content=\"https:\/\/www.facebook.com\/zazitooo\/\" \/>\n<meta property=\"article:modified_time\" content=\"2024-07-30T09:03:51+00:00\" \/>\n<meta property=\"og:image\" content=\"https:\/\/www.zazito.ooo\/wp-content\/uploads\/2022\/10\/pod-klobukom-na-zazito-web.webp\" \/>\n\t<meta property=\"og:image:width\" content=\"932\" \/>\n\t<meta property=\"og:image:height\" content=\"608\" \/>\n\t<meta property=\"og:image:type\" content=\"image\/webp\" \/>\n<meta name=\"twitter:card\" content=\"summary_large_image\" \/>\n<meta name=\"twitter:label1\" content=\"Est. reading time\" \/>\n\t<meta name=\"twitter:data1\" content=\"1 minute\" \/>\n<script type=\"application\/ld+json\" class=\"yoast-schema-graph\">{\"@context\":\"https:\/\/schema.org\",\"@graph\":[{\"@type\":\"WebPage\",\"@id\":\"https:\/\/www.zazito.ooo\/en\/hra\/podklobukom\/\",\"url\":\"https:\/\/www.zazito.ooo\/en\/hra\/podklobukom\/\",\"name\":\"Stopy Dominika D\u00e1na | Zazito.ooo\",\"isPartOf\":{\"@id\":\"https:\/\/www.zazito.ooo\/en\/#website\"},\"primaryImageOfPage\":{\"@id\":\"https:\/\/www.zazito.ooo\/en\/hra\/podklobukom\/#primaryimage\"},\"image\":{\"@id\":\"https:\/\/www.zazito.ooo\/en\/hra\/podklobukom\/#primaryimage\"},\"thumbnailUrl\":\"https:\/\/www.zazito.ooo\/wp-content\/uploads\/2022\/10\/pod-klobukom-na-zazito-web.webp\",\"datePublished\":\"2022-10-14T04:11:03+00:00\",\"dateModified\":\"2024-07-30T09:03:51+00:00\",\"breadcrumb\":{\"@id\":\"https:\/\/www.zazito.ooo\/en\/hra\/podklobukom\/#breadcrumb\"},\"inLanguage\":\"en-US\",\"potentialAction\":[{\"@type\":\"ReadAction\",\"target\":[\"https:\/\/www.zazito.ooo\/en\/hra\/podklobukom\/\"]}]},{\"@type\":\"ImageObject\",\"inLanguage\":\"en-US\",\"@id\":\"https:\/\/www.zazito.ooo\/en\/hra\/podklobukom\/#primaryimage\",\"url\":\"https:\/\/www.zazito.ooo\/wp-content\/uploads\/2022\/10\/pod-klobukom-na-zazito-web.webp\",\"contentUrl\":\"https:\/\/www.zazito.ooo\/wp-content\/uploads\/2022\/10\/pod-klobukom-na-zazito-web.webp\",\"width\":932,\"height\":608,\"caption\":\"pod-klobukom-na-zazito-\"},{\"@type\":\"BreadcrumbList\",\"@id\":\"https:\/\/www.zazito.ooo\/en\/hra\/podklobukom\/#breadcrumb\",\"itemListElement\":[{\"@type\":\"ListItem\",\"position\":1,\"name\":\"Home\",\"item\":\"https:\/\/www.zazito.ooo\/\"},{\"@type\":\"ListItem\",\"position\":2,\"name\":\"Obchod\",\"item\":\"https:\/\/www.zazito.ooo\/obchod\/\"},{\"@type\":\"ListItem\",\"position\":3,\"name\":\"Pod Klob\u00fakom &#8211; hra n\u00e1\u0161ho partnera\"}]},{\"@type\":\"WebSite\",\"@id\":\"https:\/\/www.zazito.ooo\/en\/#website\",\"url\":\"https:\/\/www.zazito.ooo\/en\/\",\"name\":\"Zazito.ooo\",\"description\":\"origin\u00e1lne escape games v Bratislave\",\"publisher\":{\"@id\":\"https:\/\/www.zazito.ooo\/en\/#organization\"},\"potentialAction\":[{\"@type\":\"SearchAction\",\"target\":{\"@type\":\"EntryPoint\",\"urlTemplate\":\"https:\/\/www.zazito.ooo\/en\/?s={search_term_string}\"},\"query-input\":{\"@type\":\"PropertyValueSpecification\",\"valueRequired\":true,\"valueName\":\"search_term_string\"}}],\"inLanguage\":\"en-US\"},{\"@type\":\"Organization\",\"@id\":\"https:\/\/www.zazito.ooo\/en\/#organization\",\"name\":\"Zazito, s.r.o.\",\"url\":\"https:\/\/www.zazito.ooo\/en\/\",\"logo\":{\"@type\":\"ImageObject\",\"inLanguage\":\"en-US\",\"@id\":\"https:\/\/www.zazito.ooo\/en\/#\/schema\/logo\/image\/\",\"url\":\"https:\/\/www.zazito.ooo\/wp-content\/uploads\/2019\/08\/zazito_logo.jpg\",\"contentUrl\":\"https:\/\/www.zazito.ooo\/wp-content\/uploads\/2019\/08\/zazito_logo.jpg\",\"width\":1080,\"height\":1080,\"caption\":\"Zazito, s.r.o.\"},\"image\":{\"@id\":\"https:\/\/www.zazito.ooo\/en\/#\/schema\/logo\/image\/\"},\"sameAs\":[\"https:\/\/www.facebook.com\/zazitooo\/\",\"https:\/\/www.instagram.com\/zazito.ooo\/?hl=sk\"]}]}<\/script>\n<!-- \/ Yoast SEO plugin. -->","yoast_head_json":{"title":"Stopy Dominika D\u00e1na | Zazito.ooo","robots":{"index":"index","follow":"follow","max-snippet":"max-snippet:-1","max-image-preview":"max-image-preview:large","max-video-preview":"max-video-preview:-1"},"canonical":"https:\/\/www.zazito.ooo\/en\/hra\/podklobukom\/","og_locale":"en_US","og_type":"article","og_title":"Stopy Dominika D\u00e1na | Zazito.ooo","og_description":"Sta\u010d\u00ed klikn\u00fa\u0165 ni\u017e\u0161ie a prenesiete sa na ich str\u00e1nku. 3\u00a0MESTSK\u00c9 HRY V\u00a0BRATISLAVRE 3 MESTSK\u00c9 HRY V\u00a0PRAHE MESTSK\u00c1 HRA V\u00a0\u017dILINE SKVEL\u00c9 ONLINE HRY \u010eAL\u0160IE Z\u00c1\u017dITKOV\u00c9 HRY","og_url":"https:\/\/www.zazito.ooo\/en\/hra\/podklobukom\/","og_site_name":"Zazito.ooo","article_publisher":"https:\/\/www.facebook.com\/zazitooo\/","article_modified_time":"2024-07-30T09:03:51+00:00","og_image":[{"width":932,"height":608,"url":"https:\/\/www.zazito.ooo\/wp-content\/uploads\/2022\/10\/pod-klobukom-na-zazito-web.webp","type":"image\/webp"}],"twitter_card":"summary_large_image","twitter_misc":{"Est. reading time":"1 minute"},"schema":{"@context":"https:\/\/schema.org","@graph":[{"@type":"WebPage","@id":"https:\/\/www.zazito.ooo\/en\/hra\/podklobukom\/","url":"https:\/\/www.zazito.ooo\/en\/hra\/podklobukom\/","name":"Stopy Dominika D\u00e1na | Zazito.ooo","isPartOf":{"@id":"https:\/\/www.zazito.ooo\/en\/#website"},"primaryImageOfPage":{"@id":"https:\/\/www.zazito.ooo\/en\/hra\/podklobukom\/#primaryimage"},"image":{"@id":"https:\/\/www.zazito.ooo\/en\/hra\/podklobukom\/#primaryimage"},"thumbnailUrl":"https:\/\/www.zazito.ooo\/wp-content\/uploads\/2022\/10\/pod-klobukom-na-zazito-web.webp","datePublished":"2022-10-14T04:11:03+00:00","dateModified":"2024-07-30T09:03:51+00:00","breadcrumb":{"@id":"https:\/\/www.zazito.ooo\/en\/hra\/podklobukom\/#breadcrumb"},"inLanguage":"en-US","potentialAction":[{"@type":"ReadAction","target":["https:\/\/www.zazito.ooo\/en\/hra\/podklobukom\/"]}]},{"@type":"ImageObject","inLanguage":"en-US","@id":"https:\/\/www.zazito.ooo\/en\/hra\/podklobukom\/#primaryimage","url":"https:\/\/www.zazito.ooo\/wp-content\/uploads\/2022\/10\/pod-klobukom-na-zazito-web.webp","contentUrl":"https:\/\/www.zazito.ooo\/wp-content\/uploads\/2022\/10\/pod-klobukom-na-zazito-web.webp","width":932,"height":608,"caption":"pod-klobukom-na-zazito-"},{"@type":"BreadcrumbList","@id":"https:\/\/www.zazito.ooo\/en\/hra\/podklobukom\/#breadcrumb","itemListElement":[{"@type":"ListItem","position":1,"name":"Home","item":"https:\/\/www.zazito.ooo\/"},{"@type":"ListItem","position":2,"name":"Obchod","item":"https:\/\/www.zazito.ooo\/obchod\/"},{"@type":"ListItem","position":3,"name":"Pod Klob\u00fakom &#8211; hra n\u00e1\u0161ho partnera"}]},{"@type":"WebSite","@id":"https:\/\/www.zazito.ooo\/en\/#website","url":"https:\/\/www.zazito.ooo\/en\/","name":"Zazito.ooo","description":"origin\u00e1lne escape games v Bratislave","publisher":{"@id":"https:\/\/www.zazito.ooo\/en\/#organization"},"potentialAction":[{"@type":"SearchAction","target":{"@type":"EntryPoint","urlTemplate":"https:\/\/www.zazito.ooo\/en\/?s={search_term_string}"},"query-input":{"@type":"PropertyValueSpecification","valueRequired":true,"valueName":"search_term_string"}}],"inLanguage":"en-US"},{"@type":"Organization","@id":"https:\/\/www.zazito.ooo\/en\/#organization","name":"Zazito, s.r.o.","url":"https:\/\/www.zazito.ooo\/en\/","logo":{"@type":"ImageObject","inLanguage":"en-US","@id":"https:\/\/www.zazito.ooo\/en\/#\/schema\/logo\/image\/","url":"https:\/\/www.zazito.ooo\/wp-content\/uploads\/2019\/08\/zazito_logo.jpg","contentUrl":"https:\/\/www.zazito.ooo\/wp-content\/uploads\/2019\/08\/zazito_logo.jpg","width":1080,"height":1080,"caption":"Zazito, s.r.o."},"image":{"@id":"https:\/\/www.zazito.ooo\/en\/#\/schema\/logo\/image\/"},"sameAs":["https:\/\/www.facebook.com\/zazitooo\/","https:\/\/www.instagram.com\/zazito.ooo\/?hl=sk"]}]}},"_links":{"self":[{"href":"https:\/\/www.zazito.ooo\/en\/wp-json\/wp\/v2\/product\/35817","targetHints":{"allow":["GET"]}}],"collection":[{"href":"https:\/\/www.zazito.ooo\/en\/wp-json\/wp\/v2\/product"}],"about":[{"href":"https:\/\/www.zazito.ooo\/en\/wp-json\/wp\/v2\/types\/product"}],"replies":[{"embeddable":true,"href":"https:\/\/www.zazito.ooo\/en\/wp-json\/wp\/v2\/comments?post=35817"}],"wp:featuredmedia":[{"embeddable":true,"href":"https:\/\/www.zazito.ooo\/en\/wp-json\/wp\/v2\/media\/56741"}],"wp:attachment":[{"href":"https:\/\/www.zazito.ooo\/en\/wp-json\/wp\/v2\/media?parent=35817"}],"wp:term":[{"taxonomy":"product_brand","embeddable":true,"href":"https:\/\/www.zazito.ooo\/en\/wp-json\/wp\/v2\/product_brand?post=35817"},{"taxonomy":"product_cat","embeddable":true,"href":"https:\/\/www.zazito.ooo\/en\/wp-json\/wp\/v2\/product_cat?post=35817"},{"taxonomy":"product_tag","embeddable":true,"href":"https:\/\/www.zazito.ooo\/en\/wp-json\/wp\/v2\/product_tag?post=35817"}],"curies":[{"name":"wp","href":"https:\/\/api.w.org\/{rel}","templated":true}]}}