{"id":28952,"date":"2024-11-11T15:37:49","date_gmt":"2024-11-11T14:37:49","guid":{"rendered":"https:\/\/www.zazito.ooo\/?post_type=product&#038;p=28952"},"modified":"2026-03-20T12:08:06","modified_gmt":"2026-03-20T11:08:06","slug":"resident-evil-ll","status":"publish","type":"product","link":"https:\/\/www.zazito.ooo\/en\/hra\/resident-evil-ll\/","title":{"rendered":"Resident Evil II"},"content":{"rendered":"<h4><span style=\"color: #808080;\">Escape hra v Ru\u017einove<\/span><\/h4>\n<p>Stalo sa nie\u010do \u010do nikto ne\u010dakal. V zru\u0161en\u00fdch podzemn\u00fdch krytoch civilnej ochrany v ktor\u00fdch organiz\u00e1cia SKAZA vykon\u00e1vala svoje nechutn\u00e9 a nebezpe\u010dn\u00e9 experimenty sa objavili \u010fal\u0161ie zamurovan\u00e9 miestnosti. Pod\u013ea na\u0161ich zisten\u00ed sa v t\u00fdchto \u010dastiach laborat\u00f3ri\u00ed vykon\u00e1vali pokusy v\u00fdlu\u010dne na \u013eudsk\u00fdch bytostiach. Pohybov\u00e9 senzory zaznamenali aktivitu aj tu. Nem\u0155tvy sa sem ur\u010dite dostali.<br \/>\nV minulej \u010dasti sa V\u00e1m podarilo izolova\u0165 v\u00edrus a zabr\u00e1ni\u0165 jeho roz\u0161\u00edreniu do ul\u00edc. Dnes ale mus\u00edte zisti\u0165 \u010do sa v druhej \u010dasti krytu roky dialo. Nem\u00e1me inform\u00e1cie \u010do MuDr. Henrich Dostojevi\u010d a jeho kolega Doc. Prof. Henrich sk\u00famali a ko\u013eko \u013eud\u00ed sa stalo obe\u0165ami ich experimentov . Nem\u0155tvi zmutovan\u00edm pokusmi z v\u00fdskumu m\u00f4\u017eu by\u0165 a\u017e toxicky nebezpe\u010dn\u00ed. Bu\u010fte preto pri ve\u013emi opatrn\u00ed. Za\u010dnete u\u017e v zn\u00e1mych priestoroch vl\u00e1dnej organiz\u00e1cie SKAZA, no objavi\u0165 mus\u00edte v\u0161etky nov\u00e9 miestnosti. Pom\u00f4\u017ete aj tentokr\u00e1t. Zistite pravdu o t\u00fdchto ne\u013eudsk\u00fdch experimentoch. Vzduch v miestnostiach by v\u00e1m mal vydr\u017ea\u0165 90 min\u00fat.<\/p>","protected":false},"excerpt":{"rendered":"<p>Escape hra v Ru\u017einove Stalo sa nie\u010do \u010do nikto ne\u010dakal. V zru\u0161en\u00fdch podzemn\u00fdch krytoch civilnej ochrany v ktor\u00fdch organiz\u00e1cia SKAZA vykon\u00e1vala svoje nechutn\u00e9 a nebezpe\u010dn\u00e9 experimenty sa objavili \u010fal\u0161ie zamurovan\u00e9 miestnosti. Pod\u013ea na\u0161ich zisten\u00ed sa v t\u00fdchto \u010dastiach laborat\u00f3ri\u00ed vykon\u00e1vali pokusy v\u00fdlu\u010dne na \u013eudsk\u00fdch bytostiach. Pohybov\u00e9 senzory zaznamenali aktivitu aj tu. Nem\u0155tvy sa sem ur\u010dite&hellip;<\/p>","protected":false},"featured_media":54317,"comment_status":"open","ping_status":"closed","template":"","meta":[],"product_brand":[],"product_cat":[15,27],"product_tag":[],"class_list":{"0":"post-28952","1":"product","2":"type-product","3":"status-publish","4":"has-post-thumbnail","6":"product_cat-hry","7":"product_cat-klasicke-escape-hry","9":"first","10":"instock","11":"virtual","12":"taxable","13":"purchasable","14":"product-type-simple"},"yoast_head":"<!-- This site is optimized with the Yoast SEO plugin v27.2 - https:\/\/yoast.com\/product\/yoast-seo-wordpress\/ -->\n<title>Resident evil - ESCAPE hra v Bratislave<\/title>\n<meta name=\"description\" content=\"Tvoj t\u00edm ma 80 min\u00fa\u0165 na dokon\u010denie misie, ne\u017e v\u00edrus a zombie prenikn\u00fa medzi \u013eud\u00ed. \u010cak\u00e1 \u0165a mno\u017estvo \u0161ialen\u00fdch \u00faloh. Pom\u00f4\u017ee\u0161 zachr\u00e1ni\u0165 \u013eudstvo pred skazou?\" \/>\n<meta name=\"robots\" content=\"index, follow, max-snippet:-1, max-image-preview:large, max-video-preview:-1\" \/>\n<link rel=\"canonical\" href=\"https:\/\/www.zazito.ooo\/en\/hra\/resident-evil-ll\/\" \/>\n<meta property=\"og:locale\" content=\"en_US\" \/>\n<meta property=\"og:type\" content=\"article\" \/>\n<meta property=\"og:title\" content=\"Resident evil - ESCAPE hra v Bratislave\" \/>\n<meta property=\"og:description\" content=\"Tvoj t\u00edm ma 80 min\u00fa\u0165 na dokon\u010denie misie, ne\u017e v\u00edrus a zombie prenikn\u00fa medzi \u013eud\u00ed. \u010cak\u00e1 \u0165a mno\u017estvo \u0161ialen\u00fdch \u00faloh. Pom\u00f4\u017ee\u0161 zachr\u00e1ni\u0165 \u013eudstvo pred skazou?\" \/>\n<meta property=\"og:url\" content=\"https:\/\/www.zazito.ooo\/en\/hra\/resident-evil-ll\/\" \/>\n<meta property=\"og:site_name\" content=\"Zazito.ooo\" \/>\n<meta property=\"article:publisher\" content=\"https:\/\/www.facebook.com\/zazitooo\/\" \/>\n<meta property=\"article:modified_time\" content=\"2026-03-20T11:08:06+00:00\" \/>\n<meta property=\"og:image\" content=\"https:\/\/www.zazito.ooo\/wp-content\/uploads\/2023\/03\/20231124_123443-1.jpg\" \/>\n\t<meta property=\"og:image:width\" content=\"3000\" \/>\n\t<meta property=\"og:image:height\" content=\"2249\" \/>\n\t<meta property=\"og:image:type\" content=\"image\/jpeg\" \/>\n<meta name=\"twitter:card\" content=\"summary_large_image\" \/>\n<meta name=\"twitter:label1\" content=\"Est. reading time\" \/>\n\t<meta name=\"twitter:data1\" content=\"2 minutes\" \/>\n<script type=\"application\/ld+json\" class=\"yoast-schema-graph\">{\"@context\":\"https:\/\/schema.org\",\"@graph\":[{\"@type\":\"WebPage\",\"@id\":\"https:\/\/www.zazito.ooo\/en\/hra\/resident-evil-ll\/\",\"url\":\"https:\/\/www.zazito.ooo\/en\/hra\/resident-evil-ll\/\",\"name\":\"Resident evil - ESCAPE hra v Bratislave\",\"isPartOf\":{\"@id\":\"https:\/\/www.zazito.ooo\/en\/#website\"},\"primaryImageOfPage\":{\"@id\":\"https:\/\/www.zazito.ooo\/en\/hra\/resident-evil-ll\/#primaryimage\"},\"image\":{\"@id\":\"https:\/\/www.zazito.ooo\/en\/hra\/resident-evil-ll\/#primaryimage\"},\"thumbnailUrl\":\"https:\/\/www.zazito.ooo\/wp-content\/uploads\/2023\/03\/20231124_123443-1.jpg\",\"datePublished\":\"2024-11-11T14:37:49+00:00\",\"dateModified\":\"2026-03-20T11:08:06+00:00\",\"description\":\"Tvoj t\u00edm ma 80 min\u00fa\u0165 na dokon\u010denie misie, ne\u017e v\u00edrus a zombie prenikn\u00fa medzi \u013eud\u00ed. \u010cak\u00e1 \u0165a mno\u017estvo \u0161ialen\u00fdch \u00faloh. Pom\u00f4\u017ee\u0161 zachr\u00e1ni\u0165 \u013eudstvo pred skazou?\",\"breadcrumb\":{\"@id\":\"https:\/\/www.zazito.ooo\/en\/hra\/resident-evil-ll\/#breadcrumb\"},\"inLanguage\":\"en-US\",\"potentialAction\":[{\"@type\":\"ReadAction\",\"target\":[\"https:\/\/www.zazito.ooo\/en\/hra\/resident-evil-ll\/\"]}]},{\"@type\":\"ImageObject\",\"inLanguage\":\"en-US\",\"@id\":\"https:\/\/www.zazito.ooo\/en\/hra\/resident-evil-ll\/#primaryimage\",\"url\":\"https:\/\/www.zazito.ooo\/wp-content\/uploads\/2023\/03\/20231124_123443-1.jpg\",\"contentUrl\":\"https:\/\/www.zazito.ooo\/wp-content\/uploads\/2023\/03\/20231124_123443-1.jpg\",\"width\":3000,\"height\":2249,\"caption\":\"rezident evil\"},{\"@type\":\"BreadcrumbList\",\"@id\":\"https:\/\/www.zazito.ooo\/en\/hra\/resident-evil-ll\/#breadcrumb\",\"itemListElement\":[{\"@type\":\"ListItem\",\"position\":1,\"name\":\"Home\",\"item\":\"https:\/\/www.zazito.ooo\/\"},{\"@type\":\"ListItem\",\"position\":2,\"name\":\"Obchod\",\"item\":\"https:\/\/www.zazito.ooo\/obchod\/\"},{\"@type\":\"ListItem\",\"position\":3,\"name\":\"Resident Evil II\"}]},{\"@type\":\"WebSite\",\"@id\":\"https:\/\/www.zazito.ooo\/en\/#website\",\"url\":\"https:\/\/www.zazito.ooo\/en\/\",\"name\":\"Zazito.ooo\",\"description\":\"origin\u00e1lne escape games v Bratislave\",\"publisher\":{\"@id\":\"https:\/\/www.zazito.ooo\/en\/#organization\"},\"potentialAction\":[{\"@type\":\"SearchAction\",\"target\":{\"@type\":\"EntryPoint\",\"urlTemplate\":\"https:\/\/www.zazito.ooo\/en\/?s={search_term_string}\"},\"query-input\":{\"@type\":\"PropertyValueSpecification\",\"valueRequired\":true,\"valueName\":\"search_term_string\"}}],\"inLanguage\":\"en-US\"},{\"@type\":\"Organization\",\"@id\":\"https:\/\/www.zazito.ooo\/en\/#organization\",\"name\":\"Zazito, s.r.o.\",\"url\":\"https:\/\/www.zazito.ooo\/en\/\",\"logo\":{\"@type\":\"ImageObject\",\"inLanguage\":\"en-US\",\"@id\":\"https:\/\/www.zazito.ooo\/en\/#\/schema\/logo\/image\/\",\"url\":\"https:\/\/www.zazito.ooo\/wp-content\/uploads\/2019\/08\/zazito_logo.jpg\",\"contentUrl\":\"https:\/\/www.zazito.ooo\/wp-content\/uploads\/2019\/08\/zazito_logo.jpg\",\"width\":1080,\"height\":1080,\"caption\":\"Zazito, s.r.o.\"},\"image\":{\"@id\":\"https:\/\/www.zazito.ooo\/en\/#\/schema\/logo\/image\/\"},\"sameAs\":[\"https:\/\/www.facebook.com\/zazitooo\/\",\"https:\/\/www.instagram.com\/zazito.ooo\/?hl=sk\"]}]}<\/script>\n<!-- \/ Yoast SEO plugin. -->","yoast_head_json":{"title":"Resident evil - ESCAPE hra v Bratislave","description":"Tvoj t\u00edm ma 80 min\u00fa\u0165 na dokon\u010denie misie, ne\u017e v\u00edrus a zombie prenikn\u00fa medzi \u013eud\u00ed. \u010cak\u00e1 \u0165a mno\u017estvo \u0161ialen\u00fdch \u00faloh. Pom\u00f4\u017ee\u0161 zachr\u00e1ni\u0165 \u013eudstvo pred skazou?","robots":{"index":"index","follow":"follow","max-snippet":"max-snippet:-1","max-image-preview":"max-image-preview:large","max-video-preview":"max-video-preview:-1"},"canonical":"https:\/\/www.zazito.ooo\/en\/hra\/resident-evil-ll\/","og_locale":"en_US","og_type":"article","og_title":"Resident evil - ESCAPE hra v Bratislave","og_description":"Tvoj t\u00edm ma 80 min\u00fa\u0165 na dokon\u010denie misie, ne\u017e v\u00edrus a zombie prenikn\u00fa medzi \u013eud\u00ed. \u010cak\u00e1 \u0165a mno\u017estvo \u0161ialen\u00fdch \u00faloh. Pom\u00f4\u017ee\u0161 zachr\u00e1ni\u0165 \u013eudstvo pred skazou?","og_url":"https:\/\/www.zazito.ooo\/en\/hra\/resident-evil-ll\/","og_site_name":"Zazito.ooo","article_publisher":"https:\/\/www.facebook.com\/zazitooo\/","article_modified_time":"2026-03-20T11:08:06+00:00","og_image":[{"width":3000,"height":2249,"url":"https:\/\/www.zazito.ooo\/wp-content\/uploads\/2023\/03\/20231124_123443-1.jpg","type":"image\/jpeg"}],"twitter_card":"summary_large_image","twitter_misc":{"Est. reading time":"2 minutes"},"schema":{"@context":"https:\/\/schema.org","@graph":[{"@type":"WebPage","@id":"https:\/\/www.zazito.ooo\/en\/hra\/resident-evil-ll\/","url":"https:\/\/www.zazito.ooo\/en\/hra\/resident-evil-ll\/","name":"Resident evil - ESCAPE hra v Bratislave","isPartOf":{"@id":"https:\/\/www.zazito.ooo\/en\/#website"},"primaryImageOfPage":{"@id":"https:\/\/www.zazito.ooo\/en\/hra\/resident-evil-ll\/#primaryimage"},"image":{"@id":"https:\/\/www.zazito.ooo\/en\/hra\/resident-evil-ll\/#primaryimage"},"thumbnailUrl":"https:\/\/www.zazito.ooo\/wp-content\/uploads\/2023\/03\/20231124_123443-1.jpg","datePublished":"2024-11-11T14:37:49+00:00","dateModified":"2026-03-20T11:08:06+00:00","description":"Tvoj t\u00edm ma 80 min\u00fa\u0165 na dokon\u010denie misie, ne\u017e v\u00edrus a zombie prenikn\u00fa medzi \u013eud\u00ed. \u010cak\u00e1 \u0165a mno\u017estvo \u0161ialen\u00fdch \u00faloh. Pom\u00f4\u017ee\u0161 zachr\u00e1ni\u0165 \u013eudstvo pred skazou?","breadcrumb":{"@id":"https:\/\/www.zazito.ooo\/en\/hra\/resident-evil-ll\/#breadcrumb"},"inLanguage":"en-US","potentialAction":[{"@type":"ReadAction","target":["https:\/\/www.zazito.ooo\/en\/hra\/resident-evil-ll\/"]}]},{"@type":"ImageObject","inLanguage":"en-US","@id":"https:\/\/www.zazito.ooo\/en\/hra\/resident-evil-ll\/#primaryimage","url":"https:\/\/www.zazito.ooo\/wp-content\/uploads\/2023\/03\/20231124_123443-1.jpg","contentUrl":"https:\/\/www.zazito.ooo\/wp-content\/uploads\/2023\/03\/20231124_123443-1.jpg","width":3000,"height":2249,"caption":"rezident evil"},{"@type":"BreadcrumbList","@id":"https:\/\/www.zazito.ooo\/en\/hra\/resident-evil-ll\/#breadcrumb","itemListElement":[{"@type":"ListItem","position":1,"name":"Home","item":"https:\/\/www.zazito.ooo\/"},{"@type":"ListItem","position":2,"name":"Obchod","item":"https:\/\/www.zazito.ooo\/obchod\/"},{"@type":"ListItem","position":3,"name":"Resident Evil II"}]},{"@type":"WebSite","@id":"https:\/\/www.zazito.ooo\/en\/#website","url":"https:\/\/www.zazito.ooo\/en\/","name":"Zazito.ooo","description":"origin\u00e1lne escape games v Bratislave","publisher":{"@id":"https:\/\/www.zazito.ooo\/en\/#organization"},"potentialAction":[{"@type":"SearchAction","target":{"@type":"EntryPoint","urlTemplate":"https:\/\/www.zazito.ooo\/en\/?s={search_term_string}"},"query-input":{"@type":"PropertyValueSpecification","valueRequired":true,"valueName":"search_term_string"}}],"inLanguage":"en-US"},{"@type":"Organization","@id":"https:\/\/www.zazito.ooo\/en\/#organization","name":"Zazito, s.r.o.","url":"https:\/\/www.zazito.ooo\/en\/","logo":{"@type":"ImageObject","inLanguage":"en-US","@id":"https:\/\/www.zazito.ooo\/en\/#\/schema\/logo\/image\/","url":"https:\/\/www.zazito.ooo\/wp-content\/uploads\/2019\/08\/zazito_logo.jpg","contentUrl":"https:\/\/www.zazito.ooo\/wp-content\/uploads\/2019\/08\/zazito_logo.jpg","width":1080,"height":1080,"caption":"Zazito, s.r.o."},"image":{"@id":"https:\/\/www.zazito.ooo\/en\/#\/schema\/logo\/image\/"},"sameAs":["https:\/\/www.facebook.com\/zazitooo\/","https:\/\/www.instagram.com\/zazito.ooo\/?hl=sk"]}]}},"_links":{"self":[{"href":"https:\/\/www.zazito.ooo\/en\/wp-json\/wp\/v2\/product\/28952","targetHints":{"allow":["GET"]}}],"collection":[{"href":"https:\/\/www.zazito.ooo\/en\/wp-json\/wp\/v2\/product"}],"about":[{"href":"https:\/\/www.zazito.ooo\/en\/wp-json\/wp\/v2\/types\/product"}],"replies":[{"embeddable":true,"href":"https:\/\/www.zazito.ooo\/en\/wp-json\/wp\/v2\/comments?post=28952"}],"wp:featuredmedia":[{"embeddable":true,"href":"https:\/\/www.zazito.ooo\/en\/wp-json\/wp\/v2\/media\/54317"}],"wp:attachment":[{"href":"https:\/\/www.zazito.ooo\/en\/wp-json\/wp\/v2\/media?parent=28952"}],"wp:term":[{"taxonomy":"product_brand","embeddable":true,"href":"https:\/\/www.zazito.ooo\/en\/wp-json\/wp\/v2\/product_brand?post=28952"},{"taxonomy":"product_cat","embeddable":true,"href":"https:\/\/www.zazito.ooo\/en\/wp-json\/wp\/v2\/product_cat?post=28952"},{"taxonomy":"product_tag","embeddable":true,"href":"https:\/\/www.zazito.ooo\/en\/wp-json\/wp\/v2\/product_tag?post=28952"}],"curies":[{"name":"wp","href":"https:\/\/api.w.org\/{rel}","templated":true}]}}