{"id":266,"date":"2019-06-17T22:29:39","date_gmt":"2019-06-17T20:29:39","guid":{"rendered":"https:\/\/www.new.zazito.ooo\/?post_type=product&#038;p=266"},"modified":"2025-12-03T21:24:50","modified_gmt":"2025-12-03T20:24:50","slug":"rozbijacka","status":"publish","type":"product","link":"https:\/\/www.zazito.ooo\/en\/hra\/rozbijacka\/","title":{"rendered":"Rozb\u00edja\u010dka"},"content":{"rendered":"<h4><span style=\"color: #808080;\">Antistresov\u00e1 hra<\/span><\/h4>\n<p><strong>Rozb\u00edjanie pre 2-3 osoby:<\/strong><\/p>\n<p>&nbsp;<\/p>\n<p>\u010co v\u00e1s viac upokoj\u00ed, ako ke\u010f m\u00f4\u017eete v\u0161etko okolo seba rozml\u00e1ti\u0165? <strong>Pr\u00ed\u010fte si vybi\u0165 stres netradi\u010dn\u00fdm sp\u00f4sobom a poriadne sa vyventilova\u0165<\/strong> od ka\u017edodenn\u00fdch probl\u00e9mov v pr\u00e1ci ale aj doma! Za\u010dnite rozb\u00edja\u0165 hol\u00fdmi rukami a v\u010faka \u010fal\u0161iemu ni\u010deniu a rozb\u00edjaniu sa dopracujete k lep\u0161\u00edm demola\u010dn\u00fdm n\u00e1strojom a k \u010fal\u0161\u00edm veciam, ktor\u00e9 m\u00f4\u017eete rozbi\u0165. Vybite si stres a dobite energiu u n\u00e1s v netradi\u010dnej bratislavskej <strong>ROZB\u00cdJA\u010cKE<\/strong>.<\/p>\n<p><span style=\"color: #ff0000;\"><strong>Trvanie rozb\u00edja\u010dky je 15 a\u017e 20 min\u00fat !<\/strong><\/span><\/p>","protected":false},"excerpt":{"rendered":"<p>Antistresov\u00e1 hra Rozb\u00edjanie pre 2-3 osoby: &nbsp; \u010co v\u00e1s viac upokoj\u00ed, ako ke\u010f m\u00f4\u017eete v\u0161etko okolo seba rozml\u00e1ti\u0165? Pr\u00ed\u010fte si vybi\u0165 stres netradi\u010dn\u00fdm sp\u00f4sobom a poriadne sa vyventilova\u0165 od ka\u017edodenn\u00fdch probl\u00e9mov v pr\u00e1ci ale aj doma! Za\u010dnite rozb\u00edja\u0165 hol\u00fdmi rukami a v\u010faka \u010fal\u0161iemu ni\u010deniu a rozb\u00edjaniu sa dopracujete k lep\u0161\u00edm demola\u010dn\u00fdm n\u00e1strojom a k \u010fal\u0161\u00edm&hellip;<\/p>","protected":false},"featured_media":2639,"comment_status":"open","ping_status":"closed","template":"","meta":[],"product_brand":[],"product_cat":[15,29],"product_tag":[],"class_list":{"0":"post-266","1":"product","2":"type-product","3":"status-publish","4":"has-post-thumbnail","6":"product_cat-hry","7":"product_cat-zazitkove-hry","9":"first","10":"instock","11":"virtual","12":"taxable","13":"purchasable","14":"product-type-simple"},"yoast_head":"<!-- This site is optimized with the Yoast SEO plugin v27.2 - https:\/\/yoast.com\/product\/yoast-seo-wordpress\/ -->\n<title>Rozb\u00edja\u010dka - antistresov\u00e1 hra pre dospel\u00fdch - Bratislava | Zazito.ooo<\/title>\n<meta name=\"description\" content=\"Potrebujete si vybi\u0165 stres a dobi\u0165 energiu? Rezervujte si na\u0161u antistresov\u00fa hru Rozb\u00edja\u010dka, kde m\u00f4\u017eete zni\u010di\u0165 v\u0161etko, \u010do v\u00e1m pr\u00edde pod ruky. Viac na webe.\" \/>\n<meta name=\"robots\" content=\"index, follow, max-snippet:-1, max-image-preview:large, max-video-preview:-1\" \/>\n<link rel=\"canonical\" href=\"https:\/\/www.zazito.ooo\/en\/hra\/rozbijacka\/\" \/>\n<meta property=\"og:locale\" content=\"en_US\" \/>\n<meta property=\"og:type\" content=\"article\" \/>\n<meta property=\"og:title\" content=\"Rozb\u00edja\u010dka - antistresov\u00e1 hra pre dospel\u00fdch - Bratislava | Zazito.ooo\" \/>\n<meta property=\"og:description\" content=\"Potrebujete si vybi\u0165 stres a dobi\u0165 energiu? Rezervujte si na\u0161u antistresov\u00fa hru Rozb\u00edja\u010dka, kde m\u00f4\u017eete zni\u010di\u0165 v\u0161etko, \u010do v\u00e1m pr\u00edde pod ruky. Viac na webe.\" \/>\n<meta property=\"og:url\" content=\"https:\/\/www.zazito.ooo\/en\/hra\/rozbijacka\/\" \/>\n<meta property=\"og:site_name\" content=\"Zazito.ooo\" \/>\n<meta property=\"article:publisher\" content=\"https:\/\/www.facebook.com\/zazitooo\/\" \/>\n<meta property=\"article:modified_time\" content=\"2025-12-03T20:24:50+00:00\" \/>\n<meta property=\"og:image\" content=\"https:\/\/www.zazito.ooo\/wp-content\/uploads\/2019\/09\/zazito-img-landscape-rozbijacka-4.jpg\" \/>\n\t<meta property=\"og:image:width\" content=\"1920\" \/>\n\t<meta property=\"og:image:height\" content=\"1080\" \/>\n\t<meta property=\"og:image:type\" content=\"image\/jpeg\" \/>\n<meta name=\"twitter:card\" content=\"summary_large_image\" \/>\n<meta name=\"twitter:label1\" content=\"Est. reading time\" \/>\n\t<meta name=\"twitter:data1\" content=\"1 minute\" \/>\n<script type=\"application\/ld+json\" class=\"yoast-schema-graph\">{\"@context\":\"https:\/\/schema.org\",\"@graph\":[{\"@type\":\"WebPage\",\"@id\":\"https:\/\/www.zazito.ooo\/en\/hra\/rozbijacka\/\",\"url\":\"https:\/\/www.zazito.ooo\/en\/hra\/rozbijacka\/\",\"name\":\"Rozb\u00edja\u010dka - antistresov\u00e1 hra pre dospel\u00fdch - Bratislava | Zazito.ooo\",\"isPartOf\":{\"@id\":\"https:\/\/www.zazito.ooo\/en\/#website\"},\"primaryImageOfPage\":{\"@id\":\"https:\/\/www.zazito.ooo\/en\/hra\/rozbijacka\/#primaryimage\"},\"image\":{\"@id\":\"https:\/\/www.zazito.ooo\/en\/hra\/rozbijacka\/#primaryimage\"},\"thumbnailUrl\":\"https:\/\/www.zazito.ooo\/wp-content\/uploads\/2019\/09\/zazito-img-landscape-rozbijacka-4.jpg\",\"datePublished\":\"2019-06-17T20:29:39+00:00\",\"dateModified\":\"2025-12-03T20:24:50+00:00\",\"description\":\"Potrebujete si vybi\u0165 stres a dobi\u0165 energiu? Rezervujte si na\u0161u antistresov\u00fa hru Rozb\u00edja\u010dka, kde m\u00f4\u017eete zni\u010di\u0165 v\u0161etko, \u010do v\u00e1m pr\u00edde pod ruky. Viac na webe.\",\"breadcrumb\":{\"@id\":\"https:\/\/www.zazito.ooo\/en\/hra\/rozbijacka\/#breadcrumb\"},\"inLanguage\":\"en-US\",\"potentialAction\":[{\"@type\":\"ReadAction\",\"target\":[\"https:\/\/www.zazito.ooo\/en\/hra\/rozbijacka\/\"]}]},{\"@type\":\"ImageObject\",\"inLanguage\":\"en-US\",\"@id\":\"https:\/\/www.zazito.ooo\/en\/hra\/rozbijacka\/#primaryimage\",\"url\":\"https:\/\/www.zazito.ooo\/wp-content\/uploads\/2019\/09\/zazito-img-landscape-rozbijacka-4.jpg\",\"contentUrl\":\"https:\/\/www.zazito.ooo\/wp-content\/uploads\/2019\/09\/zazito-img-landscape-rozbijacka-4.jpg\",\"width\":1920,\"height\":1080,\"caption\":\"Hra na odreagovanie - Rozb\u00edja\u010dka | Zazito.ooo\"},{\"@type\":\"BreadcrumbList\",\"@id\":\"https:\/\/www.zazito.ooo\/en\/hra\/rozbijacka\/#breadcrumb\",\"itemListElement\":[{\"@type\":\"ListItem\",\"position\":1,\"name\":\"Home\",\"item\":\"https:\/\/www.zazito.ooo\/\"},{\"@type\":\"ListItem\",\"position\":2,\"name\":\"Obchod\",\"item\":\"https:\/\/www.zazito.ooo\/obchod\/\"},{\"@type\":\"ListItem\",\"position\":3,\"name\":\"Rozb\u00edja\u010dka\"}]},{\"@type\":\"WebSite\",\"@id\":\"https:\/\/www.zazito.ooo\/en\/#website\",\"url\":\"https:\/\/www.zazito.ooo\/en\/\",\"name\":\"Zazito.ooo\",\"description\":\"origin\u00e1lne escape games v Bratislave\",\"publisher\":{\"@id\":\"https:\/\/www.zazito.ooo\/en\/#organization\"},\"potentialAction\":[{\"@type\":\"SearchAction\",\"target\":{\"@type\":\"EntryPoint\",\"urlTemplate\":\"https:\/\/www.zazito.ooo\/en\/?s={search_term_string}\"},\"query-input\":{\"@type\":\"PropertyValueSpecification\",\"valueRequired\":true,\"valueName\":\"search_term_string\"}}],\"inLanguage\":\"en-US\"},{\"@type\":\"Organization\",\"@id\":\"https:\/\/www.zazito.ooo\/en\/#organization\",\"name\":\"Zazito, s.r.o.\",\"url\":\"https:\/\/www.zazito.ooo\/en\/\",\"logo\":{\"@type\":\"ImageObject\",\"inLanguage\":\"en-US\",\"@id\":\"https:\/\/www.zazito.ooo\/en\/#\/schema\/logo\/image\/\",\"url\":\"https:\/\/www.zazito.ooo\/wp-content\/uploads\/2019\/08\/zazito_logo.jpg\",\"contentUrl\":\"https:\/\/www.zazito.ooo\/wp-content\/uploads\/2019\/08\/zazito_logo.jpg\",\"width\":1080,\"height\":1080,\"caption\":\"Zazito, s.r.o.\"},\"image\":{\"@id\":\"https:\/\/www.zazito.ooo\/en\/#\/schema\/logo\/image\/\"},\"sameAs\":[\"https:\/\/www.facebook.com\/zazitooo\/\",\"https:\/\/www.instagram.com\/zazito.ooo\/?hl=sk\"]}]}<\/script>\n<!-- \/ Yoast SEO plugin. -->","yoast_head_json":{"title":"Rozb\u00edja\u010dka - antistresov\u00e1 hra pre dospel\u00fdch - Bratislava | Zazito.ooo","description":"Potrebujete si vybi\u0165 stres a dobi\u0165 energiu? Rezervujte si na\u0161u antistresov\u00fa hru Rozb\u00edja\u010dka, kde m\u00f4\u017eete zni\u010di\u0165 v\u0161etko, \u010do v\u00e1m pr\u00edde pod ruky. Viac na webe.","robots":{"index":"index","follow":"follow","max-snippet":"max-snippet:-1","max-image-preview":"max-image-preview:large","max-video-preview":"max-video-preview:-1"},"canonical":"https:\/\/www.zazito.ooo\/en\/hra\/rozbijacka\/","og_locale":"en_US","og_type":"article","og_title":"Rozb\u00edja\u010dka - antistresov\u00e1 hra pre dospel\u00fdch - Bratislava | Zazito.ooo","og_description":"Potrebujete si vybi\u0165 stres a dobi\u0165 energiu? Rezervujte si na\u0161u antistresov\u00fa hru Rozb\u00edja\u010dka, kde m\u00f4\u017eete zni\u010di\u0165 v\u0161etko, \u010do v\u00e1m pr\u00edde pod ruky. Viac na webe.","og_url":"https:\/\/www.zazito.ooo\/en\/hra\/rozbijacka\/","og_site_name":"Zazito.ooo","article_publisher":"https:\/\/www.facebook.com\/zazitooo\/","article_modified_time":"2025-12-03T20:24:50+00:00","og_image":[{"width":1920,"height":1080,"url":"https:\/\/www.zazito.ooo\/wp-content\/uploads\/2019\/09\/zazito-img-landscape-rozbijacka-4.jpg","type":"image\/jpeg"}],"twitter_card":"summary_large_image","twitter_misc":{"Est. reading time":"1 minute"},"schema":{"@context":"https:\/\/schema.org","@graph":[{"@type":"WebPage","@id":"https:\/\/www.zazito.ooo\/en\/hra\/rozbijacka\/","url":"https:\/\/www.zazito.ooo\/en\/hra\/rozbijacka\/","name":"Rozb\u00edja\u010dka - antistresov\u00e1 hra pre dospel\u00fdch - Bratislava | Zazito.ooo","isPartOf":{"@id":"https:\/\/www.zazito.ooo\/en\/#website"},"primaryImageOfPage":{"@id":"https:\/\/www.zazito.ooo\/en\/hra\/rozbijacka\/#primaryimage"},"image":{"@id":"https:\/\/www.zazito.ooo\/en\/hra\/rozbijacka\/#primaryimage"},"thumbnailUrl":"https:\/\/www.zazito.ooo\/wp-content\/uploads\/2019\/09\/zazito-img-landscape-rozbijacka-4.jpg","datePublished":"2019-06-17T20:29:39+00:00","dateModified":"2025-12-03T20:24:50+00:00","description":"Potrebujete si vybi\u0165 stres a dobi\u0165 energiu? Rezervujte si na\u0161u antistresov\u00fa hru Rozb\u00edja\u010dka, kde m\u00f4\u017eete zni\u010di\u0165 v\u0161etko, \u010do v\u00e1m pr\u00edde pod ruky. Viac na webe.","breadcrumb":{"@id":"https:\/\/www.zazito.ooo\/en\/hra\/rozbijacka\/#breadcrumb"},"inLanguage":"en-US","potentialAction":[{"@type":"ReadAction","target":["https:\/\/www.zazito.ooo\/en\/hra\/rozbijacka\/"]}]},{"@type":"ImageObject","inLanguage":"en-US","@id":"https:\/\/www.zazito.ooo\/en\/hra\/rozbijacka\/#primaryimage","url":"https:\/\/www.zazito.ooo\/wp-content\/uploads\/2019\/09\/zazito-img-landscape-rozbijacka-4.jpg","contentUrl":"https:\/\/www.zazito.ooo\/wp-content\/uploads\/2019\/09\/zazito-img-landscape-rozbijacka-4.jpg","width":1920,"height":1080,"caption":"Hra na odreagovanie - Rozb\u00edja\u010dka | Zazito.ooo"},{"@type":"BreadcrumbList","@id":"https:\/\/www.zazito.ooo\/en\/hra\/rozbijacka\/#breadcrumb","itemListElement":[{"@type":"ListItem","position":1,"name":"Home","item":"https:\/\/www.zazito.ooo\/"},{"@type":"ListItem","position":2,"name":"Obchod","item":"https:\/\/www.zazito.ooo\/obchod\/"},{"@type":"ListItem","position":3,"name":"Rozb\u00edja\u010dka"}]},{"@type":"WebSite","@id":"https:\/\/www.zazito.ooo\/en\/#website","url":"https:\/\/www.zazito.ooo\/en\/","name":"Zazito.ooo","description":"origin\u00e1lne escape games v Bratislave","publisher":{"@id":"https:\/\/www.zazito.ooo\/en\/#organization"},"potentialAction":[{"@type":"SearchAction","target":{"@type":"EntryPoint","urlTemplate":"https:\/\/www.zazito.ooo\/en\/?s={search_term_string}"},"query-input":{"@type":"PropertyValueSpecification","valueRequired":true,"valueName":"search_term_string"}}],"inLanguage":"en-US"},{"@type":"Organization","@id":"https:\/\/www.zazito.ooo\/en\/#organization","name":"Zazito, s.r.o.","url":"https:\/\/www.zazito.ooo\/en\/","logo":{"@type":"ImageObject","inLanguage":"en-US","@id":"https:\/\/www.zazito.ooo\/en\/#\/schema\/logo\/image\/","url":"https:\/\/www.zazito.ooo\/wp-content\/uploads\/2019\/08\/zazito_logo.jpg","contentUrl":"https:\/\/www.zazito.ooo\/wp-content\/uploads\/2019\/08\/zazito_logo.jpg","width":1080,"height":1080,"caption":"Zazito, s.r.o."},"image":{"@id":"https:\/\/www.zazito.ooo\/en\/#\/schema\/logo\/image\/"},"sameAs":["https:\/\/www.facebook.com\/zazitooo\/","https:\/\/www.instagram.com\/zazito.ooo\/?hl=sk"]}]}},"_links":{"self":[{"href":"https:\/\/www.zazito.ooo\/en\/wp-json\/wp\/v2\/product\/266","targetHints":{"allow":["GET"]}}],"collection":[{"href":"https:\/\/www.zazito.ooo\/en\/wp-json\/wp\/v2\/product"}],"about":[{"href":"https:\/\/www.zazito.ooo\/en\/wp-json\/wp\/v2\/types\/product"}],"replies":[{"embeddable":true,"href":"https:\/\/www.zazito.ooo\/en\/wp-json\/wp\/v2\/comments?post=266"}],"wp:featuredmedia":[{"embeddable":true,"href":"https:\/\/www.zazito.ooo\/en\/wp-json\/wp\/v2\/media\/2639"}],"wp:attachment":[{"href":"https:\/\/www.zazito.ooo\/en\/wp-json\/wp\/v2\/media?parent=266"}],"wp:term":[{"taxonomy":"product_brand","embeddable":true,"href":"https:\/\/www.zazito.ooo\/en\/wp-json\/wp\/v2\/product_brand?post=266"},{"taxonomy":"product_cat","embeddable":true,"href":"https:\/\/www.zazito.ooo\/en\/wp-json\/wp\/v2\/product_cat?post=266"},{"taxonomy":"product_tag","embeddable":true,"href":"https:\/\/www.zazito.ooo\/en\/wp-json\/wp\/v2\/product_tag?post=266"}],"curies":[{"name":"wp","href":"https:\/\/api.w.org\/{rel}","templated":true}]}}