{"id":25581,"date":"2021-11-30T22:04:29","date_gmt":"2021-11-30T21:04:29","guid":{"rendered":"https:\/\/www.zazito.ooo\/?post_type=product&#038;p=25581"},"modified":"2021-11-30T22:12:18","modified_gmt":"2021-11-30T21:12:18","slug":"darcekovy-poukaz-noc-demonov-xl-darcek","status":"publish","type":"product","link":"https:\/\/www.zazito.ooo\/en\/hra\/darcekovy-poukaz-noc-demonov-xl-darcek\/","title":{"rendered":"Gift Voucher - Night of the Demons (11-13 players)"},"content":{"rendered":"<h4><span style=\"color: #808080;\">Mystery dinner experience game<\/h4>\n<p>Preneste sa do podsvetia prostredn\u00edctvom scifi-demonicko-crazy post\u00e1v. Upr\u00edrka, bosor\u00e1k, trpasl\u00edk \u010di l\u00fado\u017er\u00fat, ka\u017ed\u00fd mohol unies\u0165 \u010di dokonca zabi\u0165 trojhlav\u00e9ho str\u00e1\u017ecu podsvetia Kerberosa. Ak \u0161\u00e9fovi podsvetia Kerberosa nen\u00e1jdu, bude ve\u013emi zle. Najva\u010d\u0161\u00edm trestom bude, \u017ee v\u0161etci pr\u00eddu o\u00a0nesmrte\u013enos\u0165.<br \/>\nHra prebieha v\u00a0re\u0161taur\u00e1ci\u00ed \u0160tef\u00e1nka by Pulitzer. S\u00fa\u010das\u0165ou ceny nie je konzumn\u00e9. N\u00e1poje aj jedlo si v\u0161ak je mo\u017en\u00e9 objedn\u00e1va\u0165 \u013eubovo\u013ene aj po\u010das hry a\u00a0to s ba\u0165ovou z\u013eavou 9,99%.<\/p>","protected":false},"excerpt":{"rendered":"<h3>Cena: 247\u20ac \/ 11-13 hr\u00e1\u010dov<\/h3>\n<h3>Minimum age 15 years<\/h3>","protected":false},"featured_media":25558,"comment_status":"open","ping_status":"closed","template":"","meta":[],"product_brand":[],"product_cat":[17],"product_tag":[],"class_list":{"0":"post-25581","1":"product","2":"type-product","3":"status-publish","4":"has-post-thumbnail","6":"product_cat-zazitkove-darceky","8":"first","9":"instock","10":"virtual","11":"taxable","12":"purchasable","13":"product-type-simple"},"yoast_head":"<!-- This site is optimized with the Yoast SEO plugin v27.2 - https:\/\/yoast.com\/product\/yoast-seo-wordpress\/ -->\n<title>Dar\u010dekov\u00fd poukaz - Noc d\u00e9monov (11-13 hr\u00e1\u010dov) - Zazito.ooo<\/title>\n<meta name=\"robots\" content=\"index, follow, max-snippet:-1, max-image-preview:large, max-video-preview:-1\" \/>\n<link rel=\"canonical\" href=\"https:\/\/www.zazito.ooo\/en\/hra\/darcekovy-poukaz-noc-demonov-xl-darcek\/\" \/>\n<meta property=\"og:locale\" content=\"en_US\" \/>\n<meta property=\"og:type\" content=\"article\" \/>\n<meta property=\"og:title\" content=\"Dar\u010dekov\u00fd poukaz - Noc d\u00e9monov (11-13 hr\u00e1\u010dov) - Zazito.ooo\" \/>\n<meta property=\"og:description\" content=\"Cena: 247\u20ac \/ 11-13 hr\u00e1\u010dov Vek min. 15 rokov\" \/>\n<meta property=\"og:url\" content=\"https:\/\/www.zazito.ooo\/en\/hra\/darcekovy-poukaz-noc-demonov-xl-darcek\/\" \/>\n<meta property=\"og:site_name\" content=\"Zazito.ooo\" \/>\n<meta property=\"article:publisher\" content=\"https:\/\/www.facebook.com\/zazitooo\/\" \/>\n<meta property=\"article:modified_time\" content=\"2021-11-30T21:12:18+00:00\" \/>\n<meta property=\"og:image\" content=\"https:\/\/www.zazito.ooo\/wp-content\/uploads\/2021\/11\/background-noc-demonov-darcek-DL.jpg\" \/>\n\t<meta property=\"og:image:width\" content=\"2551\" \/>\n\t<meta property=\"og:image:height\" content=\"1252\" \/>\n\t<meta property=\"og:image:type\" content=\"image\/jpeg\" \/>\n<meta name=\"twitter:card\" content=\"summary_large_image\" \/>\n<meta name=\"twitter:label1\" content=\"Est. reading time\" \/>\n\t<meta name=\"twitter:data1\" content=\"1 minute\" \/>\n<script type=\"application\/ld+json\" class=\"yoast-schema-graph\">{\"@context\":\"https:\/\/schema.org\",\"@graph\":[{\"@type\":\"WebPage\",\"@id\":\"https:\/\/www.zazito.ooo\/en\/hra\/darcekovy-poukaz-noc-demonov-xl-darcek\/\",\"url\":\"https:\/\/www.zazito.ooo\/en\/hra\/darcekovy-poukaz-noc-demonov-xl-darcek\/\",\"name\":\"Dar\u010dekov\u00fd poukaz - Noc d\u00e9monov (11-13 hr\u00e1\u010dov) - Zazito.ooo\",\"isPartOf\":{\"@id\":\"https:\/\/www.zazito.ooo\/en\/#website\"},\"primaryImageOfPage\":{\"@id\":\"https:\/\/www.zazito.ooo\/en\/hra\/darcekovy-poukaz-noc-demonov-xl-darcek\/#primaryimage\"},\"image\":{\"@id\":\"https:\/\/www.zazito.ooo\/en\/hra\/darcekovy-poukaz-noc-demonov-xl-darcek\/#primaryimage\"},\"thumbnailUrl\":\"https:\/\/www.zazito.ooo\/wp-content\/uploads\/2021\/11\/background-noc-demonov-darcek-DL.jpg\",\"datePublished\":\"2021-11-30T21:04:29+00:00\",\"dateModified\":\"2021-11-30T21:12:18+00:00\",\"breadcrumb\":{\"@id\":\"https:\/\/www.zazito.ooo\/en\/hra\/darcekovy-poukaz-noc-demonov-xl-darcek\/#breadcrumb\"},\"inLanguage\":\"en-US\",\"potentialAction\":[{\"@type\":\"ReadAction\",\"target\":[\"https:\/\/www.zazito.ooo\/en\/hra\/darcekovy-poukaz-noc-demonov-xl-darcek\/\"]}]},{\"@type\":\"ImageObject\",\"inLanguage\":\"en-US\",\"@id\":\"https:\/\/www.zazito.ooo\/en\/hra\/darcekovy-poukaz-noc-demonov-xl-darcek\/#primaryimage\",\"url\":\"https:\/\/www.zazito.ooo\/wp-content\/uploads\/2021\/11\/background-noc-demonov-darcek-DL.jpg\",\"contentUrl\":\"https:\/\/www.zazito.ooo\/wp-content\/uploads\/2021\/11\/background-noc-demonov-darcek-DL.jpg\",\"width\":2551,\"height\":1252,\"caption\":\"zazito.ooo\"},{\"@type\":\"BreadcrumbList\",\"@id\":\"https:\/\/www.zazito.ooo\/en\/hra\/darcekovy-poukaz-noc-demonov-xl-darcek\/#breadcrumb\",\"itemListElement\":[{\"@type\":\"ListItem\",\"position\":1,\"name\":\"Home\",\"item\":\"https:\/\/www.zazito.ooo\/\"},{\"@type\":\"ListItem\",\"position\":2,\"name\":\"Obchod\",\"item\":\"https:\/\/www.zazito.ooo\/obchod\/\"},{\"@type\":\"ListItem\",\"position\":3,\"name\":\"Dar\u010dekov\u00fd poukaz &#8211; Noc d\u00e9monov (11-13 hr\u00e1\u010dov)\"}]},{\"@type\":\"WebSite\",\"@id\":\"https:\/\/www.zazito.ooo\/en\/#website\",\"url\":\"https:\/\/www.zazito.ooo\/en\/\",\"name\":\"Zazito.ooo\",\"description\":\"origin\u00e1lne escape games v Bratislave\",\"publisher\":{\"@id\":\"https:\/\/www.zazito.ooo\/en\/#organization\"},\"potentialAction\":[{\"@type\":\"SearchAction\",\"target\":{\"@type\":\"EntryPoint\",\"urlTemplate\":\"https:\/\/www.zazito.ooo\/en\/?s={search_term_string}\"},\"query-input\":{\"@type\":\"PropertyValueSpecification\",\"valueRequired\":true,\"valueName\":\"search_term_string\"}}],\"inLanguage\":\"en-US\"},{\"@type\":\"Organization\",\"@id\":\"https:\/\/www.zazito.ooo\/en\/#organization\",\"name\":\"Zazito, s.r.o.\",\"url\":\"https:\/\/www.zazito.ooo\/en\/\",\"logo\":{\"@type\":\"ImageObject\",\"inLanguage\":\"en-US\",\"@id\":\"https:\/\/www.zazito.ooo\/en\/#\/schema\/logo\/image\/\",\"url\":\"https:\/\/www.zazito.ooo\/wp-content\/uploads\/2019\/08\/zazito_logo.jpg\",\"contentUrl\":\"https:\/\/www.zazito.ooo\/wp-content\/uploads\/2019\/08\/zazito_logo.jpg\",\"width\":1080,\"height\":1080,\"caption\":\"Zazito, s.r.o.\"},\"image\":{\"@id\":\"https:\/\/www.zazito.ooo\/en\/#\/schema\/logo\/image\/\"},\"sameAs\":[\"https:\/\/www.facebook.com\/zazitooo\/\",\"https:\/\/www.instagram.com\/zazito.ooo\/?hl=sk\"]}]}<\/script>\n<!-- \/ Yoast SEO plugin. -->","yoast_head_json":{"title":"Dar\u010dekov\u00fd poukaz - Noc d\u00e9monov (11-13 hr\u00e1\u010dov) - Zazito.ooo","robots":{"index":"index","follow":"follow","max-snippet":"max-snippet:-1","max-image-preview":"max-image-preview:large","max-video-preview":"max-video-preview:-1"},"canonical":"https:\/\/www.zazito.ooo\/en\/hra\/darcekovy-poukaz-noc-demonov-xl-darcek\/","og_locale":"en_US","og_type":"article","og_title":"Dar\u010dekov\u00fd poukaz - Noc d\u00e9monov (11-13 hr\u00e1\u010dov) - Zazito.ooo","og_description":"Cena: 247\u20ac \/ 11-13 hr\u00e1\u010dov Vek min. 15 rokov","og_url":"https:\/\/www.zazito.ooo\/en\/hra\/darcekovy-poukaz-noc-demonov-xl-darcek\/","og_site_name":"Zazito.ooo","article_publisher":"https:\/\/www.facebook.com\/zazitooo\/","article_modified_time":"2021-11-30T21:12:18+00:00","og_image":[{"width":2551,"height":1252,"url":"https:\/\/www.zazito.ooo\/wp-content\/uploads\/2021\/11\/background-noc-demonov-darcek-DL.jpg","type":"image\/jpeg"}],"twitter_card":"summary_large_image","twitter_misc":{"Est. reading time":"1 minute"},"schema":{"@context":"https:\/\/schema.org","@graph":[{"@type":"WebPage","@id":"https:\/\/www.zazito.ooo\/en\/hra\/darcekovy-poukaz-noc-demonov-xl-darcek\/","url":"https:\/\/www.zazito.ooo\/en\/hra\/darcekovy-poukaz-noc-demonov-xl-darcek\/","name":"Dar\u010dekov\u00fd poukaz - Noc d\u00e9monov (11-13 hr\u00e1\u010dov) - Zazito.ooo","isPartOf":{"@id":"https:\/\/www.zazito.ooo\/en\/#website"},"primaryImageOfPage":{"@id":"https:\/\/www.zazito.ooo\/en\/hra\/darcekovy-poukaz-noc-demonov-xl-darcek\/#primaryimage"},"image":{"@id":"https:\/\/www.zazito.ooo\/en\/hra\/darcekovy-poukaz-noc-demonov-xl-darcek\/#primaryimage"},"thumbnailUrl":"https:\/\/www.zazito.ooo\/wp-content\/uploads\/2021\/11\/background-noc-demonov-darcek-DL.jpg","datePublished":"2021-11-30T21:04:29+00:00","dateModified":"2021-11-30T21:12:18+00:00","breadcrumb":{"@id":"https:\/\/www.zazito.ooo\/en\/hra\/darcekovy-poukaz-noc-demonov-xl-darcek\/#breadcrumb"},"inLanguage":"en-US","potentialAction":[{"@type":"ReadAction","target":["https:\/\/www.zazito.ooo\/en\/hra\/darcekovy-poukaz-noc-demonov-xl-darcek\/"]}]},{"@type":"ImageObject","inLanguage":"en-US","@id":"https:\/\/www.zazito.ooo\/en\/hra\/darcekovy-poukaz-noc-demonov-xl-darcek\/#primaryimage","url":"https:\/\/www.zazito.ooo\/wp-content\/uploads\/2021\/11\/background-noc-demonov-darcek-DL.jpg","contentUrl":"https:\/\/www.zazito.ooo\/wp-content\/uploads\/2021\/11\/background-noc-demonov-darcek-DL.jpg","width":2551,"height":1252,"caption":"zazito.ooo"},{"@type":"BreadcrumbList","@id":"https:\/\/www.zazito.ooo\/en\/hra\/darcekovy-poukaz-noc-demonov-xl-darcek\/#breadcrumb","itemListElement":[{"@type":"ListItem","position":1,"name":"Home","item":"https:\/\/www.zazito.ooo\/"},{"@type":"ListItem","position":2,"name":"Obchod","item":"https:\/\/www.zazito.ooo\/obchod\/"},{"@type":"ListItem","position":3,"name":"Dar\u010dekov\u00fd poukaz &#8211; Noc d\u00e9monov (11-13 hr\u00e1\u010dov)"}]},{"@type":"WebSite","@id":"https:\/\/www.zazito.ooo\/en\/#website","url":"https:\/\/www.zazito.ooo\/en\/","name":"Zazito.ooo","description":"origin\u00e1lne escape games v Bratislave","publisher":{"@id":"https:\/\/www.zazito.ooo\/en\/#organization"},"potentialAction":[{"@type":"SearchAction","target":{"@type":"EntryPoint","urlTemplate":"https:\/\/www.zazito.ooo\/en\/?s={search_term_string}"},"query-input":{"@type":"PropertyValueSpecification","valueRequired":true,"valueName":"search_term_string"}}],"inLanguage":"en-US"},{"@type":"Organization","@id":"https:\/\/www.zazito.ooo\/en\/#organization","name":"Zazito, s.r.o.","url":"https:\/\/www.zazito.ooo\/en\/","logo":{"@type":"ImageObject","inLanguage":"en-US","@id":"https:\/\/www.zazito.ooo\/en\/#\/schema\/logo\/image\/","url":"https:\/\/www.zazito.ooo\/wp-content\/uploads\/2019\/08\/zazito_logo.jpg","contentUrl":"https:\/\/www.zazito.ooo\/wp-content\/uploads\/2019\/08\/zazito_logo.jpg","width":1080,"height":1080,"caption":"Zazito, s.r.o."},"image":{"@id":"https:\/\/www.zazito.ooo\/en\/#\/schema\/logo\/image\/"},"sameAs":["https:\/\/www.facebook.com\/zazitooo\/","https:\/\/www.instagram.com\/zazito.ooo\/?hl=sk"]}]}},"_links":{"self":[{"href":"https:\/\/www.zazito.ooo\/en\/wp-json\/wp\/v2\/product\/25581","targetHints":{"allow":["GET"]}}],"collection":[{"href":"https:\/\/www.zazito.ooo\/en\/wp-json\/wp\/v2\/product"}],"about":[{"href":"https:\/\/www.zazito.ooo\/en\/wp-json\/wp\/v2\/types\/product"}],"replies":[{"embeddable":true,"href":"https:\/\/www.zazito.ooo\/en\/wp-json\/wp\/v2\/comments?post=25581"}],"wp:featuredmedia":[{"embeddable":true,"href":"https:\/\/www.zazito.ooo\/en\/wp-json\/wp\/v2\/media\/25558"}],"wp:attachment":[{"href":"https:\/\/www.zazito.ooo\/en\/wp-json\/wp\/v2\/media?parent=25581"}],"wp:term":[{"taxonomy":"product_brand","embeddable":true,"href":"https:\/\/www.zazito.ooo\/en\/wp-json\/wp\/v2\/product_brand?post=25581"},{"taxonomy":"product_cat","embeddable":true,"href":"https:\/\/www.zazito.ooo\/en\/wp-json\/wp\/v2\/product_cat?post=25581"},{"taxonomy":"product_tag","embeddable":true,"href":"https:\/\/www.zazito.ooo\/en\/wp-json\/wp\/v2\/product_tag?post=25581"}],"curies":[{"name":"wp","href":"https:\/\/api.w.org\/{rel}","templated":true}]}}