{"id":25579,"date":"2021-11-30T21:55:09","date_gmt":"2021-11-30T20:55:09","guid":{"rendered":"https:\/\/www.zazito.ooo\/?post_type=product&#038;p=25579"},"modified":"2025-02-03T21:31:04","modified_gmt":"2025-02-03T20:31:04","slug":"darcekovy-poukaz-vrazda-u-batu-xl-darcek","status":"publish","type":"product","link":"https:\/\/www.zazito.ooo\/en\/hra\/darcekovy-poukaz-vrazda-u-batu-xl-darcek\/","title":{"rendered":"Gift voucher - Murder at Bata's (10-13 players)"},"content":{"rendered":"<h4><span style=\"color: #808080;\">Z\u00e1\u017eitkov\u00e1 hra Mystery Dinner &#8211; Vra\u017eda u Ba\u0165u<\/h4>\n<p>You are sitting at one table with your friends, colleagues, acquaintances, but this time, it's the year 1935 at the Ba\u0165a factory. Instead of Pe\u0165o, Maro\u0161, or Janka, you find yourself in the company of Mr. Ba\u0165a himself, actress A\u010fa Mandlov\u00e1, and the promising young footballer Tom\u00e1\u0161. You were all in the building when the shoemaker was murdered. You must find out who the killer is, but everyone has their secrets, and in the end, it could even be you. A moderator takes on the role of overseeing investigator in the game.\nThe game takes place at the \u0160tef\u00e1nka by Pulitzer restaurant. Consumables are not included in the price, but you can order drinks and food freely during the game with a Ba\u0165a discount of 9.99%.<\/p>","protected":false},"excerpt":{"rendered":"<h3>7 \u2013 9 players 135\u20ac<\/h3>\n<h3>10 \u2013 13 players 190\u20ac<\/h3>\n<h3>Minimum age 15 years<\/h3>","protected":false},"featured_media":25560,"comment_status":"open","ping_status":"closed","template":"","meta":[],"product_brand":[],"product_cat":[17],"product_tag":[],"class_list":{"0":"post-25579","1":"product","2":"type-product","3":"status-publish","4":"has-post-thumbnail","6":"product_cat-zazitkove-darceky","8":"first","9":"instock","10":"virtual","11":"taxable","12":"purchasable","13":"product-type-simple"},"yoast_head":"<!-- This site is optimized with the Yoast SEO plugin v27.2 - https:\/\/yoast.com\/product\/yoast-seo-wordpress\/ -->\n<title>Dar\u010dekov\u00fd poukaz - Vra\u017eda u\u00a0Ba\u0165u (10-13 hr\u00e1\u010dov) - Zazito.ooo<\/title>\n<meta name=\"robots\" content=\"index, follow, max-snippet:-1, max-image-preview:large, max-video-preview:-1\" \/>\n<link rel=\"canonical\" href=\"https:\/\/www.zazito.ooo\/en\/hra\/darcekovy-poukaz-vrazda-u-batu-xl-darcek\/\" \/>\n<meta property=\"og:locale\" content=\"en_US\" \/>\n<meta property=\"og:type\" content=\"article\" \/>\n<meta property=\"og:title\" content=\"Dar\u010dekov\u00fd poukaz - Vra\u017eda u\u00a0Ba\u0165u (10-13 hr\u00e1\u010dov) - Zazito.ooo\" \/>\n<meta property=\"og:description\" content=\"7 - 9 os\u00f4b 135\u20ac 10 - 13 os\u00f4b 190\u20ac Vek min. 15 rokov\" \/>\n<meta property=\"og:url\" content=\"https:\/\/www.zazito.ooo\/en\/hra\/darcekovy-poukaz-vrazda-u-batu-xl-darcek\/\" \/>\n<meta property=\"og:site_name\" content=\"Zazito.ooo\" \/>\n<meta property=\"article:publisher\" content=\"https:\/\/www.facebook.com\/zazitooo\/\" \/>\n<meta property=\"article:modified_time\" content=\"2025-02-03T20:31:04+00:00\" \/>\n<meta property=\"og:image\" content=\"https:\/\/www.zazito.ooo\/wp-content\/uploads\/2021\/11\/background-vrazda-u-batu-darcek-DL.jpg\" \/>\n\t<meta property=\"og:image:width\" content=\"2551\" \/>\n\t<meta property=\"og:image:height\" content=\"1252\" \/>\n\t<meta property=\"og:image:type\" content=\"image\/jpeg\" \/>\n<meta name=\"twitter:card\" content=\"summary_large_image\" \/>\n<meta name=\"twitter:label1\" content=\"Est. reading time\" \/>\n\t<meta name=\"twitter:data1\" content=\"1 minute\" \/>\n<script type=\"application\/ld+json\" class=\"yoast-schema-graph\">{\"@context\":\"https:\/\/schema.org\",\"@graph\":[{\"@type\":\"WebPage\",\"@id\":\"https:\/\/www.zazito.ooo\/en\/hra\/darcekovy-poukaz-vrazda-u-batu-xl-darcek\/\",\"url\":\"https:\/\/www.zazito.ooo\/en\/hra\/darcekovy-poukaz-vrazda-u-batu-xl-darcek\/\",\"name\":\"Dar\u010dekov\u00fd poukaz - Vra\u017eda u\u00a0Ba\u0165u (10-13 hr\u00e1\u010dov) - Zazito.ooo\",\"isPartOf\":{\"@id\":\"https:\/\/www.zazito.ooo\/en\/#website\"},\"primaryImageOfPage\":{\"@id\":\"https:\/\/www.zazito.ooo\/en\/hra\/darcekovy-poukaz-vrazda-u-batu-xl-darcek\/#primaryimage\"},\"image\":{\"@id\":\"https:\/\/www.zazito.ooo\/en\/hra\/darcekovy-poukaz-vrazda-u-batu-xl-darcek\/#primaryimage\"},\"thumbnailUrl\":\"https:\/\/www.zazito.ooo\/wp-content\/uploads\/2021\/11\/background-vrazda-u-batu-darcek-DL.jpg\",\"datePublished\":\"2021-11-30T20:55:09+00:00\",\"dateModified\":\"2025-02-03T20:31:04+00:00\",\"breadcrumb\":{\"@id\":\"https:\/\/www.zazito.ooo\/en\/hra\/darcekovy-poukaz-vrazda-u-batu-xl-darcek\/#breadcrumb\"},\"inLanguage\":\"en-US\",\"potentialAction\":[{\"@type\":\"ReadAction\",\"target\":[\"https:\/\/www.zazito.ooo\/en\/hra\/darcekovy-poukaz-vrazda-u-batu-xl-darcek\/\"]}]},{\"@type\":\"ImageObject\",\"inLanguage\":\"en-US\",\"@id\":\"https:\/\/www.zazito.ooo\/en\/hra\/darcekovy-poukaz-vrazda-u-batu-xl-darcek\/#primaryimage\",\"url\":\"https:\/\/www.zazito.ooo\/wp-content\/uploads\/2021\/11\/background-vrazda-u-batu-darcek-DL.jpg\",\"contentUrl\":\"https:\/\/www.zazito.ooo\/wp-content\/uploads\/2021\/11\/background-vrazda-u-batu-darcek-DL.jpg\",\"width\":2551,\"height\":1252,\"caption\":\"zazito.ooo\"},{\"@type\":\"BreadcrumbList\",\"@id\":\"https:\/\/www.zazito.ooo\/en\/hra\/darcekovy-poukaz-vrazda-u-batu-xl-darcek\/#breadcrumb\",\"itemListElement\":[{\"@type\":\"ListItem\",\"position\":1,\"name\":\"Home\",\"item\":\"https:\/\/www.zazito.ooo\/\"},{\"@type\":\"ListItem\",\"position\":2,\"name\":\"Obchod\",\"item\":\"https:\/\/www.zazito.ooo\/obchod\/\"},{\"@type\":\"ListItem\",\"position\":3,\"name\":\"Dar\u010dekov\u00fd poukaz &#8211; Vra\u017eda u\u00a0Ba\u0165u (10-13 hr\u00e1\u010dov)\"}]},{\"@type\":\"WebSite\",\"@id\":\"https:\/\/www.zazito.ooo\/en\/#website\",\"url\":\"https:\/\/www.zazito.ooo\/en\/\",\"name\":\"Zazito.ooo\",\"description\":\"origin\u00e1lne escape games v Bratislave\",\"publisher\":{\"@id\":\"https:\/\/www.zazito.ooo\/en\/#organization\"},\"potentialAction\":[{\"@type\":\"SearchAction\",\"target\":{\"@type\":\"EntryPoint\",\"urlTemplate\":\"https:\/\/www.zazito.ooo\/en\/?s={search_term_string}\"},\"query-input\":{\"@type\":\"PropertyValueSpecification\",\"valueRequired\":true,\"valueName\":\"search_term_string\"}}],\"inLanguage\":\"en-US\"},{\"@type\":\"Organization\",\"@id\":\"https:\/\/www.zazito.ooo\/en\/#organization\",\"name\":\"Zazito, s.r.o.\",\"url\":\"https:\/\/www.zazito.ooo\/en\/\",\"logo\":{\"@type\":\"ImageObject\",\"inLanguage\":\"en-US\",\"@id\":\"https:\/\/www.zazito.ooo\/en\/#\/schema\/logo\/image\/\",\"url\":\"https:\/\/www.zazito.ooo\/wp-content\/uploads\/2019\/08\/zazito_logo.jpg\",\"contentUrl\":\"https:\/\/www.zazito.ooo\/wp-content\/uploads\/2019\/08\/zazito_logo.jpg\",\"width\":1080,\"height\":1080,\"caption\":\"Zazito, s.r.o.\"},\"image\":{\"@id\":\"https:\/\/www.zazito.ooo\/en\/#\/schema\/logo\/image\/\"},\"sameAs\":[\"https:\/\/www.facebook.com\/zazitooo\/\",\"https:\/\/www.instagram.com\/zazito.ooo\/?hl=sk\"]}]}<\/script>\n<!-- \/ Yoast SEO plugin. -->","yoast_head_json":{"title":"Dar\u010dekov\u00fd poukaz - Vra\u017eda u\u00a0Ba\u0165u (10-13 hr\u00e1\u010dov) - Zazito.ooo","robots":{"index":"index","follow":"follow","max-snippet":"max-snippet:-1","max-image-preview":"max-image-preview:large","max-video-preview":"max-video-preview:-1"},"canonical":"https:\/\/www.zazito.ooo\/en\/hra\/darcekovy-poukaz-vrazda-u-batu-xl-darcek\/","og_locale":"en_US","og_type":"article","og_title":"Dar\u010dekov\u00fd poukaz - Vra\u017eda u\u00a0Ba\u0165u (10-13 hr\u00e1\u010dov) - Zazito.ooo","og_description":"7 - 9 os\u00f4b 135\u20ac 10 - 13 os\u00f4b 190\u20ac Vek min. 15 rokov","og_url":"https:\/\/www.zazito.ooo\/en\/hra\/darcekovy-poukaz-vrazda-u-batu-xl-darcek\/","og_site_name":"Zazito.ooo","article_publisher":"https:\/\/www.facebook.com\/zazitooo\/","article_modified_time":"2025-02-03T20:31:04+00:00","og_image":[{"width":2551,"height":1252,"url":"https:\/\/www.zazito.ooo\/wp-content\/uploads\/2021\/11\/background-vrazda-u-batu-darcek-DL.jpg","type":"image\/jpeg"}],"twitter_card":"summary_large_image","twitter_misc":{"Est. reading time":"1 minute"},"schema":{"@context":"https:\/\/schema.org","@graph":[{"@type":"WebPage","@id":"https:\/\/www.zazito.ooo\/en\/hra\/darcekovy-poukaz-vrazda-u-batu-xl-darcek\/","url":"https:\/\/www.zazito.ooo\/en\/hra\/darcekovy-poukaz-vrazda-u-batu-xl-darcek\/","name":"Dar\u010dekov\u00fd poukaz - Vra\u017eda u\u00a0Ba\u0165u (10-13 hr\u00e1\u010dov) - Zazito.ooo","isPartOf":{"@id":"https:\/\/www.zazito.ooo\/en\/#website"},"primaryImageOfPage":{"@id":"https:\/\/www.zazito.ooo\/en\/hra\/darcekovy-poukaz-vrazda-u-batu-xl-darcek\/#primaryimage"},"image":{"@id":"https:\/\/www.zazito.ooo\/en\/hra\/darcekovy-poukaz-vrazda-u-batu-xl-darcek\/#primaryimage"},"thumbnailUrl":"https:\/\/www.zazito.ooo\/wp-content\/uploads\/2021\/11\/background-vrazda-u-batu-darcek-DL.jpg","datePublished":"2021-11-30T20:55:09+00:00","dateModified":"2025-02-03T20:31:04+00:00","breadcrumb":{"@id":"https:\/\/www.zazito.ooo\/en\/hra\/darcekovy-poukaz-vrazda-u-batu-xl-darcek\/#breadcrumb"},"inLanguage":"en-US","potentialAction":[{"@type":"ReadAction","target":["https:\/\/www.zazito.ooo\/en\/hra\/darcekovy-poukaz-vrazda-u-batu-xl-darcek\/"]}]},{"@type":"ImageObject","inLanguage":"en-US","@id":"https:\/\/www.zazito.ooo\/en\/hra\/darcekovy-poukaz-vrazda-u-batu-xl-darcek\/#primaryimage","url":"https:\/\/www.zazito.ooo\/wp-content\/uploads\/2021\/11\/background-vrazda-u-batu-darcek-DL.jpg","contentUrl":"https:\/\/www.zazito.ooo\/wp-content\/uploads\/2021\/11\/background-vrazda-u-batu-darcek-DL.jpg","width":2551,"height":1252,"caption":"zazito.ooo"},{"@type":"BreadcrumbList","@id":"https:\/\/www.zazito.ooo\/en\/hra\/darcekovy-poukaz-vrazda-u-batu-xl-darcek\/#breadcrumb","itemListElement":[{"@type":"ListItem","position":1,"name":"Home","item":"https:\/\/www.zazito.ooo\/"},{"@type":"ListItem","position":2,"name":"Obchod","item":"https:\/\/www.zazito.ooo\/obchod\/"},{"@type":"ListItem","position":3,"name":"Dar\u010dekov\u00fd poukaz &#8211; Vra\u017eda u\u00a0Ba\u0165u (10-13 hr\u00e1\u010dov)"}]},{"@type":"WebSite","@id":"https:\/\/www.zazito.ooo\/en\/#website","url":"https:\/\/www.zazito.ooo\/en\/","name":"Zazito.ooo","description":"origin\u00e1lne escape games v Bratislave","publisher":{"@id":"https:\/\/www.zazito.ooo\/en\/#organization"},"potentialAction":[{"@type":"SearchAction","target":{"@type":"EntryPoint","urlTemplate":"https:\/\/www.zazito.ooo\/en\/?s={search_term_string}"},"query-input":{"@type":"PropertyValueSpecification","valueRequired":true,"valueName":"search_term_string"}}],"inLanguage":"en-US"},{"@type":"Organization","@id":"https:\/\/www.zazito.ooo\/en\/#organization","name":"Zazito, s.r.o.","url":"https:\/\/www.zazito.ooo\/en\/","logo":{"@type":"ImageObject","inLanguage":"en-US","@id":"https:\/\/www.zazito.ooo\/en\/#\/schema\/logo\/image\/","url":"https:\/\/www.zazito.ooo\/wp-content\/uploads\/2019\/08\/zazito_logo.jpg","contentUrl":"https:\/\/www.zazito.ooo\/wp-content\/uploads\/2019\/08\/zazito_logo.jpg","width":1080,"height":1080,"caption":"Zazito, s.r.o."},"image":{"@id":"https:\/\/www.zazito.ooo\/en\/#\/schema\/logo\/image\/"},"sameAs":["https:\/\/www.facebook.com\/zazitooo\/","https:\/\/www.instagram.com\/zazito.ooo\/?hl=sk"]}]}},"_links":{"self":[{"href":"https:\/\/www.zazito.ooo\/en\/wp-json\/wp\/v2\/product\/25579","targetHints":{"allow":["GET"]}}],"collection":[{"href":"https:\/\/www.zazito.ooo\/en\/wp-json\/wp\/v2\/product"}],"about":[{"href":"https:\/\/www.zazito.ooo\/en\/wp-json\/wp\/v2\/types\/product"}],"replies":[{"embeddable":true,"href":"https:\/\/www.zazito.ooo\/en\/wp-json\/wp\/v2\/comments?post=25579"}],"wp:featuredmedia":[{"embeddable":true,"href":"https:\/\/www.zazito.ooo\/en\/wp-json\/wp\/v2\/media\/25560"}],"wp:attachment":[{"href":"https:\/\/www.zazito.ooo\/en\/wp-json\/wp\/v2\/media?parent=25579"}],"wp:term":[{"taxonomy":"product_brand","embeddable":true,"href":"https:\/\/www.zazito.ooo\/en\/wp-json\/wp\/v2\/product_brand?post=25579"},{"taxonomy":"product_cat","embeddable":true,"href":"https:\/\/www.zazito.ooo\/en\/wp-json\/wp\/v2\/product_cat?post=25579"},{"taxonomy":"product_tag","embeddable":true,"href":"https:\/\/www.zazito.ooo\/en\/wp-json\/wp\/v2\/product_tag?post=25579"}],"curies":[{"name":"wp","href":"https:\/\/api.w.org\/{rel}","templated":true}]}}