{"id":253,"date":"2019-06-10T22:19:02","date_gmt":"2019-06-10T20:19:02","guid":{"rendered":"https:\/\/www.new.zazito.ooo\/?post_type=product&#038;p=253"},"modified":"2025-04-17T10:23:05","modified_gmt":"2025-04-17T08:23:05","slug":"poklady-divnej-bratislavy","status":"publish","type":"product","link":"https:\/\/www.zazito.ooo\/en\/hra\/poklady-divnej-bratislavy\/","title":{"rendered":"Poklady Divnej Bratislavy"},"content":{"rendered":"<h4><span style=\"color: #808080;\">Rodinn\u00e1 mestsk\u00e1 hra<\/span><\/h4>\n<p><strong>Ide o prv\u00fa mestsk\u00fa hru ur\u010den\u00fa pre rodiny s de\u0165mi<\/strong>, v ktorej spolo\u010dne za\u017eijete fenom\u00e9n s\u00fa\u010dasnosti, ktor\u00fd je v\u00e4\u010d\u0161inou ur\u010den\u00fd len svetu dospel\u00fdch.\u00a0 Preto s\u00fa aj samotn\u00e9 \u00falohy prisp\u00f4soben\u00e9 tomu, aby ich deti vedeli rie\u0161i\u0165 aj sam\u00e9. V r\u00e1mci tohto <strong>dobrodr\u00fa\u017estva v uliciach Bratislavy<\/strong> deti uvidia miesta, kde pob\u00fdval dunajsk\u00fd vodn\u00edk, \u010dert, ktor\u00fd robil \u013eu\u010fom v Bratislave zle, ale aj bosorku s havranmi. S\u00fa\u010das\u0165ou tejto hry je aj <strong>mal\u00e1 escape roomka<\/strong>.<\/p>\n<p>&nbsp;<\/p>\n<p>Prostredn\u00edctvom tejto hry si deti <strong>vysk\u00fa\u0161aj\u00fa aj pr\u00e1cu s jednoduchou mapou<\/strong>, v\u010faka ktorej ich <strong>hravou formou nau\u010d\u00edte pohybova\u0165 sa v uliciach hlavn\u00e9ho mesta<\/strong>. Uk\u00e1\u017ete svojim de\u0165om, kde ste <strong>v Bratislave za\u017eili nie\u010do mimoriadne<\/strong> <strong>a prejdite sa aj divn\u00fdmi z\u00e1kutiami Bratislavy<\/strong>, o ktor\u00fdch ste ani netu\u0161ili! V meste je potrebn\u00e9 na z\u00e1klade \u00faloh n\u00e1js\u0165 v\u017edy nov\u00fa \u010das\u0165 cesty, a\u017e nakoniec n\u00e1jdete miesto, to divn\u00e9 miesto a tam\u2026 cestu mestom mus\u00edte stihn\u00fa\u0165 za 2 hodiny.<\/p>\n<p>&nbsp;<\/p>\n<p>V t\u00edme mus\u00ed by\u0165 v\u017edy aspo\u0148 jedna osoba nad 18 rokov. Hra je odpor\u00fa\u010dan\u00e1 pre deti vo veku 5 \u2013 13 rokov.<\/p>\n<p><strong>Vydajte sa h\u013eada\u0165 poklady divnej Bratislavy! <\/strong><\/p>","protected":false},"excerpt":{"rendered":"<p>Rodinn\u00e1 mestsk\u00e1 hra Ide o prv\u00fa mestsk\u00fa hru ur\u010den\u00fa pre rodiny s de\u0165mi, v ktorej spolo\u010dne za\u017eijete fenom\u00e9n s\u00fa\u010dasnosti, ktor\u00fd je v\u00e4\u010d\u0161inou ur\u010den\u00fd len svetu dospel\u00fdch.\u00a0 Preto s\u00fa aj samotn\u00e9 \u00falohy prisp\u00f4soben\u00e9 tomu, aby ich deti vedeli rie\u0161i\u0165 aj sam\u00e9. V r\u00e1mci tohto dobrodr\u00fa\u017estva v uliciach Bratislavy deti uvidia miesta, kde pob\u00fdval dunajsk\u00fd vodn\u00edk, \u010dert,&hellip;<\/p>","protected":false},"featured_media":56812,"comment_status":"open","ping_status":"closed","template":"","meta":[],"product_brand":[],"product_cat":[15,28],"product_tag":[],"class_list":{"0":"post-253","1":"product","2":"type-product","3":"status-publish","4":"has-post-thumbnail","6":"product_cat-hry","7":"product_cat-mestske-hry","9":"first","10":"instock","11":"virtual","12":"taxable","13":"purchasable","14":"product-type-simple"},"yoast_head":"<!-- This site is optimized with the Yoast SEO plugin v27.2 - https:\/\/yoast.com\/product\/yoast-seo-wordpress\/ -->\n<title>Poklady Divnej Bratislavy - mestsk\u00e1 hra pre rodiny s detmi | Zazito.ooo<\/title>\n<meta name=\"description\" content=\"Zabavte sa s de\u0165mi pri spozn\u00e1van\u00ed Bratislavy. N\u00e1jdite Poklady Divnej Bratislavy s na\u0161ou prvou mestskou hrou ur\u010denou pre rodiny s de\u0165mi. Rezervujte online.\" \/>\n<meta name=\"robots\" content=\"index, follow, max-snippet:-1, max-image-preview:large, max-video-preview:-1\" \/>\n<link rel=\"canonical\" href=\"https:\/\/www.zazito.ooo\/en\/hra\/poklady-divnej-bratislavy\/\" \/>\n<meta property=\"og:locale\" content=\"en_US\" \/>\n<meta property=\"og:type\" content=\"article\" \/>\n<meta property=\"og:title\" content=\"Poklady Divnej Bratislavy - mestsk\u00e1 hra pre rodiny s detmi | Zazito.ooo\" \/>\n<meta property=\"og:description\" content=\"Zabavte sa s de\u0165mi pri spozn\u00e1van\u00ed Bratislavy. N\u00e1jdite Poklady Divnej Bratislavy s na\u0161ou prvou mestskou hrou ur\u010denou pre rodiny s de\u0165mi. Rezervujte online.\" \/>\n<meta property=\"og:url\" content=\"https:\/\/www.zazito.ooo\/en\/hra\/poklady-divnej-bratislavy\/\" \/>\n<meta property=\"og:site_name\" content=\"Zazito.ooo\" \/>\n<meta property=\"article:publisher\" content=\"https:\/\/www.facebook.com\/zazitooo\/\" \/>\n<meta property=\"article:modified_time\" content=\"2025-04-17T08:23:05+00:00\" \/>\n<meta property=\"og:image\" content=\"https:\/\/www.zazito.ooo\/wp-content\/uploads\/2019\/06\/poklady-divnej-bratislavy.webp\" \/>\n\t<meta property=\"og:image:width\" content=\"2000\" \/>\n\t<meta property=\"og:image:height\" content=\"1500\" \/>\n\t<meta property=\"og:image:type\" content=\"image\/webp\" \/>\n<meta name=\"twitter:card\" content=\"summary_large_image\" \/>\n<meta name=\"twitter:label1\" content=\"Est. reading time\" \/>\n\t<meta name=\"twitter:data1\" content=\"2 minutes\" \/>\n<script type=\"application\/ld+json\" class=\"yoast-schema-graph\">{\"@context\":\"https:\/\/schema.org\",\"@graph\":[{\"@type\":\"WebPage\",\"@id\":\"https:\/\/www.zazito.ooo\/en\/hra\/poklady-divnej-bratislavy\/\",\"url\":\"https:\/\/www.zazito.ooo\/en\/hra\/poklady-divnej-bratislavy\/\",\"name\":\"Poklady Divnej Bratislavy - mestsk\u00e1 hra pre rodiny s detmi | Zazito.ooo\",\"isPartOf\":{\"@id\":\"https:\/\/www.zazito.ooo\/en\/#website\"},\"primaryImageOfPage\":{\"@id\":\"https:\/\/www.zazito.ooo\/en\/hra\/poklady-divnej-bratislavy\/#primaryimage\"},\"image\":{\"@id\":\"https:\/\/www.zazito.ooo\/en\/hra\/poklady-divnej-bratislavy\/#primaryimage\"},\"thumbnailUrl\":\"https:\/\/www.zazito.ooo\/wp-content\/uploads\/2019\/06\/poklady-divnej-bratislavy.webp\",\"datePublished\":\"2019-06-10T20:19:02+00:00\",\"dateModified\":\"2025-04-17T08:23:05+00:00\",\"description\":\"Zabavte sa s de\u0165mi pri spozn\u00e1van\u00ed Bratislavy. N\u00e1jdite Poklady Divnej Bratislavy s na\u0161ou prvou mestskou hrou ur\u010denou pre rodiny s de\u0165mi. Rezervujte online.\",\"breadcrumb\":{\"@id\":\"https:\/\/www.zazito.ooo\/en\/hra\/poklady-divnej-bratislavy\/#breadcrumb\"},\"inLanguage\":\"en-US\",\"potentialAction\":[{\"@type\":\"ReadAction\",\"target\":[\"https:\/\/www.zazito.ooo\/en\/hra\/poklady-divnej-bratislavy\/\"]}]},{\"@type\":\"ImageObject\",\"inLanguage\":\"en-US\",\"@id\":\"https:\/\/www.zazito.ooo\/en\/hra\/poklady-divnej-bratislavy\/#primaryimage\",\"url\":\"https:\/\/www.zazito.ooo\/wp-content\/uploads\/2019\/06\/poklady-divnej-bratislavy.webp\",\"contentUrl\":\"https:\/\/www.zazito.ooo\/wp-content\/uploads\/2019\/06\/poklady-divnej-bratislavy.webp\",\"width\":2000,\"height\":1500,\"caption\":\"poklady-divnej-bratislavy\"},{\"@type\":\"BreadcrumbList\",\"@id\":\"https:\/\/www.zazito.ooo\/en\/hra\/poklady-divnej-bratislavy\/#breadcrumb\",\"itemListElement\":[{\"@type\":\"ListItem\",\"position\":1,\"name\":\"Home\",\"item\":\"https:\/\/www.zazito.ooo\/\"},{\"@type\":\"ListItem\",\"position\":2,\"name\":\"Obchod\",\"item\":\"https:\/\/www.zazito.ooo\/obchod\/\"},{\"@type\":\"ListItem\",\"position\":3,\"name\":\"Poklady Divnej Bratislavy\"}]},{\"@type\":\"WebSite\",\"@id\":\"https:\/\/www.zazito.ooo\/en\/#website\",\"url\":\"https:\/\/www.zazito.ooo\/en\/\",\"name\":\"Zazito.ooo\",\"description\":\"origin\u00e1lne escape games v Bratislave\",\"publisher\":{\"@id\":\"https:\/\/www.zazito.ooo\/en\/#organization\"},\"potentialAction\":[{\"@type\":\"SearchAction\",\"target\":{\"@type\":\"EntryPoint\",\"urlTemplate\":\"https:\/\/www.zazito.ooo\/en\/?s={search_term_string}\"},\"query-input\":{\"@type\":\"PropertyValueSpecification\",\"valueRequired\":true,\"valueName\":\"search_term_string\"}}],\"inLanguage\":\"en-US\"},{\"@type\":\"Organization\",\"@id\":\"https:\/\/www.zazito.ooo\/en\/#organization\",\"name\":\"Zazito, s.r.o.\",\"url\":\"https:\/\/www.zazito.ooo\/en\/\",\"logo\":{\"@type\":\"ImageObject\",\"inLanguage\":\"en-US\",\"@id\":\"https:\/\/www.zazito.ooo\/en\/#\/schema\/logo\/image\/\",\"url\":\"https:\/\/www.zazito.ooo\/wp-content\/uploads\/2019\/08\/zazito_logo.jpg\",\"contentUrl\":\"https:\/\/www.zazito.ooo\/wp-content\/uploads\/2019\/08\/zazito_logo.jpg\",\"width\":1080,\"height\":1080,\"caption\":\"Zazito, s.r.o.\"},\"image\":{\"@id\":\"https:\/\/www.zazito.ooo\/en\/#\/schema\/logo\/image\/\"},\"sameAs\":[\"https:\/\/www.facebook.com\/zazitooo\/\",\"https:\/\/www.instagram.com\/zazito.ooo\/?hl=sk\"]}]}<\/script>\n<!-- \/ Yoast SEO plugin. -->","yoast_head_json":{"title":"Poklady Divnej Bratislavy - mestsk\u00e1 hra pre rodiny s detmi | Zazito.ooo","description":"Zabavte sa s de\u0165mi pri spozn\u00e1van\u00ed Bratislavy. N\u00e1jdite Poklady Divnej Bratislavy s na\u0161ou prvou mestskou hrou ur\u010denou pre rodiny s de\u0165mi. Rezervujte online.","robots":{"index":"index","follow":"follow","max-snippet":"max-snippet:-1","max-image-preview":"max-image-preview:large","max-video-preview":"max-video-preview:-1"},"canonical":"https:\/\/www.zazito.ooo\/en\/hra\/poklady-divnej-bratislavy\/","og_locale":"en_US","og_type":"article","og_title":"Poklady Divnej Bratislavy - mestsk\u00e1 hra pre rodiny s detmi | Zazito.ooo","og_description":"Zabavte sa s de\u0165mi pri spozn\u00e1van\u00ed Bratislavy. N\u00e1jdite Poklady Divnej Bratislavy s na\u0161ou prvou mestskou hrou ur\u010denou pre rodiny s de\u0165mi. Rezervujte online.","og_url":"https:\/\/www.zazito.ooo\/en\/hra\/poklady-divnej-bratislavy\/","og_site_name":"Zazito.ooo","article_publisher":"https:\/\/www.facebook.com\/zazitooo\/","article_modified_time":"2025-04-17T08:23:05+00:00","og_image":[{"width":2000,"height":1500,"url":"https:\/\/www.zazito.ooo\/wp-content\/uploads\/2019\/06\/poklady-divnej-bratislavy.webp","type":"image\/webp"}],"twitter_card":"summary_large_image","twitter_misc":{"Est. reading time":"2 minutes"},"schema":{"@context":"https:\/\/schema.org","@graph":[{"@type":"WebPage","@id":"https:\/\/www.zazito.ooo\/en\/hra\/poklady-divnej-bratislavy\/","url":"https:\/\/www.zazito.ooo\/en\/hra\/poklady-divnej-bratislavy\/","name":"Poklady Divnej Bratislavy - mestsk\u00e1 hra pre rodiny s detmi | Zazito.ooo","isPartOf":{"@id":"https:\/\/www.zazito.ooo\/en\/#website"},"primaryImageOfPage":{"@id":"https:\/\/www.zazito.ooo\/en\/hra\/poklady-divnej-bratislavy\/#primaryimage"},"image":{"@id":"https:\/\/www.zazito.ooo\/en\/hra\/poklady-divnej-bratislavy\/#primaryimage"},"thumbnailUrl":"https:\/\/www.zazito.ooo\/wp-content\/uploads\/2019\/06\/poklady-divnej-bratislavy.webp","datePublished":"2019-06-10T20:19:02+00:00","dateModified":"2025-04-17T08:23:05+00:00","description":"Zabavte sa s de\u0165mi pri spozn\u00e1van\u00ed Bratislavy. N\u00e1jdite Poklady Divnej Bratislavy s na\u0161ou prvou mestskou hrou ur\u010denou pre rodiny s de\u0165mi. Rezervujte online.","breadcrumb":{"@id":"https:\/\/www.zazito.ooo\/en\/hra\/poklady-divnej-bratislavy\/#breadcrumb"},"inLanguage":"en-US","potentialAction":[{"@type":"ReadAction","target":["https:\/\/www.zazito.ooo\/en\/hra\/poklady-divnej-bratislavy\/"]}]},{"@type":"ImageObject","inLanguage":"en-US","@id":"https:\/\/www.zazito.ooo\/en\/hra\/poklady-divnej-bratislavy\/#primaryimage","url":"https:\/\/www.zazito.ooo\/wp-content\/uploads\/2019\/06\/poklady-divnej-bratislavy.webp","contentUrl":"https:\/\/www.zazito.ooo\/wp-content\/uploads\/2019\/06\/poklady-divnej-bratislavy.webp","width":2000,"height":1500,"caption":"poklady-divnej-bratislavy"},{"@type":"BreadcrumbList","@id":"https:\/\/www.zazito.ooo\/en\/hra\/poklady-divnej-bratislavy\/#breadcrumb","itemListElement":[{"@type":"ListItem","position":1,"name":"Home","item":"https:\/\/www.zazito.ooo\/"},{"@type":"ListItem","position":2,"name":"Obchod","item":"https:\/\/www.zazito.ooo\/obchod\/"},{"@type":"ListItem","position":3,"name":"Poklady Divnej Bratislavy"}]},{"@type":"WebSite","@id":"https:\/\/www.zazito.ooo\/en\/#website","url":"https:\/\/www.zazito.ooo\/en\/","name":"Zazito.ooo","description":"origin\u00e1lne escape games v Bratislave","publisher":{"@id":"https:\/\/www.zazito.ooo\/en\/#organization"},"potentialAction":[{"@type":"SearchAction","target":{"@type":"EntryPoint","urlTemplate":"https:\/\/www.zazito.ooo\/en\/?s={search_term_string}"},"query-input":{"@type":"PropertyValueSpecification","valueRequired":true,"valueName":"search_term_string"}}],"inLanguage":"en-US"},{"@type":"Organization","@id":"https:\/\/www.zazito.ooo\/en\/#organization","name":"Zazito, s.r.o.","url":"https:\/\/www.zazito.ooo\/en\/","logo":{"@type":"ImageObject","inLanguage":"en-US","@id":"https:\/\/www.zazito.ooo\/en\/#\/schema\/logo\/image\/","url":"https:\/\/www.zazito.ooo\/wp-content\/uploads\/2019\/08\/zazito_logo.jpg","contentUrl":"https:\/\/www.zazito.ooo\/wp-content\/uploads\/2019\/08\/zazito_logo.jpg","width":1080,"height":1080,"caption":"Zazito, s.r.o."},"image":{"@id":"https:\/\/www.zazito.ooo\/en\/#\/schema\/logo\/image\/"},"sameAs":["https:\/\/www.facebook.com\/zazitooo\/","https:\/\/www.instagram.com\/zazito.ooo\/?hl=sk"]}]}},"_links":{"self":[{"href":"https:\/\/www.zazito.ooo\/en\/wp-json\/wp\/v2\/product\/253","targetHints":{"allow":["GET"]}}],"collection":[{"href":"https:\/\/www.zazito.ooo\/en\/wp-json\/wp\/v2\/product"}],"about":[{"href":"https:\/\/www.zazito.ooo\/en\/wp-json\/wp\/v2\/types\/product"}],"replies":[{"embeddable":true,"href":"https:\/\/www.zazito.ooo\/en\/wp-json\/wp\/v2\/comments?post=253"}],"wp:featuredmedia":[{"embeddable":true,"href":"https:\/\/www.zazito.ooo\/en\/wp-json\/wp\/v2\/media\/56812"}],"wp:attachment":[{"href":"https:\/\/www.zazito.ooo\/en\/wp-json\/wp\/v2\/media?parent=253"}],"wp:term":[{"taxonomy":"product_brand","embeddable":true,"href":"https:\/\/www.zazito.ooo\/en\/wp-json\/wp\/v2\/product_brand?post=253"},{"taxonomy":"product_cat","embeddable":true,"href":"https:\/\/www.zazito.ooo\/en\/wp-json\/wp\/v2\/product_cat?post=253"},{"taxonomy":"product_tag","embeddable":true,"href":"https:\/\/www.zazito.ooo\/en\/wp-json\/wp\/v2\/product_tag?post=253"}],"curies":[{"name":"wp","href":"https:\/\/api.w.org\/{rel}","templated":true}]}}