{"id":195,"date":"2019-06-13T23:47:49","date_gmt":"2019-06-13T21:47:49","guid":{"rendered":"https:\/\/www.new.zazito.ooo\/?post_type=product&#038;p=195"},"modified":"2020-02-14T13:39:07","modified_gmt":"2020-02-14T12:39:07","slug":"divna-bratislava-darcek","status":"publish","type":"product","link":"https:\/\/www.zazito.ooo\/en\/hra\/divna-bratislava-darcek\/","title":{"rendered":"Gift voucher - Strange Bratislava"},"content":{"rendered":"<p><strong>Mestsk\u00e1 hra <span style=\"color: #e43d4e;\"><a style=\"color: #e43d4e;\" href=\"https:\/\/www.zazito.ooo\/en\/hra\/divna-bratislava\/\">Divn\u00e1 Bratislava<\/a><\/span><\/strong> pote\u0161\u00ed v\u0161etk\u00fdch, \u010do radi tr\u00e1via vo\u013en\u00fd \u010das plnohodnotne. Ak sa spoj\u00ed pobyt na \u010derstvom vzduchu a z\u00e1bavno-n\u00e1u\u010dn\u00e1 hra, nem\u00f4\u017ee z toho vznikn\u00fa\u0165 ni\u010d in\u00e9 ako perfektn\u00fd z\u00e1\u017eitok, ktor\u00fd si budete chcie\u0165 zopakova\u0165. Podarujte <strong>dar\u010dekov\u00fd poukaz na hru Divn\u00e1 Bratislava<\/strong> svojmu najlep\u0161iemu priate\u013eovi a mo\u017eno budete onedlho po ind\u00edci\u00e1ch a z\u00e1kutiach mesta p\u00e1tra\u0165 spolo\u010dne.<\/p>","protected":false},"excerpt":{"rendered":"<p>Mestsk\u00e1 hra Divn\u00e1 Bratislava pote\u0161\u00ed v\u0161etk\u00fdch, \u010do radi tr\u00e1via vo\u013en\u00fd \u010das plnohodnotne. Ak sa spoj\u00ed pobyt na \u010derstvom vzduchu a z\u00e1bavno-n\u00e1u\u010dn\u00e1 hra, nem\u00f4\u017ee z toho vznikn\u00fa\u0165 ni\u010d in\u00e9 ako perfektn\u00fd z\u00e1\u017eitok, ktor\u00fd si budete chcie\u0165 zopakova\u0165. Podarujte dar\u010dekov\u00fd poukaz na hru Divn\u00e1 Bratislava svojmu najlep\u0161iemu priate\u013eovi a mo\u017eno budete onedlho po ind\u00edci\u00e1ch a z\u00e1kutiach mesta&hellip;<\/p>","protected":false},"featured_media":235,"comment_status":"open","ping_status":"closed","template":"","meta":[],"product_brand":[],"product_cat":[17],"product_tag":[],"class_list":{"0":"post-195","1":"product","2":"type-product","3":"status-publish","4":"has-post-thumbnail","6":"product_cat-zazitkove-darceky","8":"first","9":"instock","10":"virtual","11":"taxable","12":"purchasable","13":"product-type-simple"},"yoast_head":"<!-- This site is optimized with the Yoast SEO plugin v27.2 - https:\/\/yoast.com\/product\/yoast-seo-wordpress\/ -->\n<title>Dar\u010dekov\u00fd poukaz - Divn\u00e1 Bratislava - Zazito.ooo<\/title>\n<meta name=\"description\" content=\"Darujte poukaz na escape hru Divn\u00e1 Bratislava svojim kolegom \u010di kamo\u0161om. Objavte spolu divn\u00e9 z\u00e1kutia mesta.\" \/>\n<meta name=\"robots\" content=\"index, follow, max-snippet:-1, max-image-preview:large, max-video-preview:-1\" \/>\n<link rel=\"canonical\" href=\"https:\/\/www.zazito.ooo\/en\/hra\/divna-bratislava-darcek\/\" \/>\n<meta property=\"og:locale\" content=\"en_US\" \/>\n<meta property=\"og:type\" content=\"article\" \/>\n<meta property=\"og:title\" content=\"Dar\u010dekov\u00fd poukaz - Divn\u00e1 Bratislava - Zazito.ooo\" \/>\n<meta property=\"og:description\" content=\"Darujte poukaz na escape hru Divn\u00e1 Bratislava svojim kolegom \u010di kamo\u0161om. Objavte spolu divn\u00e9 z\u00e1kutia mesta.\" \/>\n<meta property=\"og:url\" content=\"https:\/\/www.zazito.ooo\/en\/hra\/divna-bratislava-darcek\/\" \/>\n<meta property=\"og:site_name\" content=\"Zazito.ooo\" \/>\n<meta property=\"article:publisher\" content=\"https:\/\/www.facebook.com\/zazitooo\/\" \/>\n<meta property=\"article:modified_time\" content=\"2020-02-14T12:39:07+00:00\" \/>\n<meta property=\"og:image\" content=\"https:\/\/www.zazito.ooo\/wp-content\/uploads\/2019\/06\/dar_bratislava.jpg\" \/>\n\t<meta property=\"og:image:width\" content=\"1654\" \/>\n\t<meta property=\"og:image:height\" content=\"788\" \/>\n\t<meta property=\"og:image:type\" content=\"image\/jpeg\" \/>\n<meta name=\"twitter:card\" content=\"summary_large_image\" \/>\n<script type=\"application\/ld+json\" class=\"yoast-schema-graph\">{\"@context\":\"https:\/\/schema.org\",\"@graph\":[{\"@type\":\"WebPage\",\"@id\":\"https:\/\/www.zazito.ooo\/en\/hra\/divna-bratislava-darcek\/\",\"url\":\"https:\/\/www.zazito.ooo\/en\/hra\/divna-bratislava-darcek\/\",\"name\":\"Dar\u010dekov\u00fd poukaz - Divn\u00e1 Bratislava - Zazito.ooo\",\"isPartOf\":{\"@id\":\"https:\/\/www.zazito.ooo\/en\/#website\"},\"primaryImageOfPage\":{\"@id\":\"https:\/\/www.zazito.ooo\/en\/hra\/divna-bratislava-darcek\/#primaryimage\"},\"image\":{\"@id\":\"https:\/\/www.zazito.ooo\/en\/hra\/divna-bratislava-darcek\/#primaryimage\"},\"thumbnailUrl\":\"https:\/\/www.zazito.ooo\/wp-content\/uploads\/2019\/06\/dar_bratislava.jpg\",\"datePublished\":\"2019-06-13T21:47:49+00:00\",\"dateModified\":\"2020-02-14T12:39:07+00:00\",\"description\":\"Darujte poukaz na escape hru Divn\u00e1 Bratislava svojim kolegom \u010di kamo\u0161om. Objavte spolu divn\u00e9 z\u00e1kutia mesta.\",\"breadcrumb\":{\"@id\":\"https:\/\/www.zazito.ooo\/en\/hra\/divna-bratislava-darcek\/#breadcrumb\"},\"inLanguage\":\"en-US\",\"potentialAction\":[{\"@type\":\"ReadAction\",\"target\":[\"https:\/\/www.zazito.ooo\/en\/hra\/divna-bratislava-darcek\/\"]}]},{\"@type\":\"ImageObject\",\"inLanguage\":\"en-US\",\"@id\":\"https:\/\/www.zazito.ooo\/en\/hra\/divna-bratislava-darcek\/#primaryimage\",\"url\":\"https:\/\/www.zazito.ooo\/wp-content\/uploads\/2019\/06\/dar_bratislava.jpg\",\"contentUrl\":\"https:\/\/www.zazito.ooo\/wp-content\/uploads\/2019\/06\/dar_bratislava.jpg\",\"width\":1654,\"height\":788,\"caption\":\"Escape room Bratislava - dar\u010dekov\u00fd poukaz - Divn\u00e1 Bratislava | zazito.ooo\"},{\"@type\":\"BreadcrumbList\",\"@id\":\"https:\/\/www.zazito.ooo\/en\/hra\/divna-bratislava-darcek\/#breadcrumb\",\"itemListElement\":[{\"@type\":\"ListItem\",\"position\":1,\"name\":\"Home\",\"item\":\"https:\/\/www.zazito.ooo\/\"},{\"@type\":\"ListItem\",\"position\":2,\"name\":\"Obchod\",\"item\":\"https:\/\/www.zazito.ooo\/obchod\/\"},{\"@type\":\"ListItem\",\"position\":3,\"name\":\"Dar\u010dekov\u00fd poukaz &#8211; Divn\u00e1 Bratislava\"}]},{\"@type\":\"WebSite\",\"@id\":\"https:\/\/www.zazito.ooo\/en\/#website\",\"url\":\"https:\/\/www.zazito.ooo\/en\/\",\"name\":\"Zazito.ooo\",\"description\":\"origin\u00e1lne escape games v Bratislave\",\"publisher\":{\"@id\":\"https:\/\/www.zazito.ooo\/en\/#organization\"},\"potentialAction\":[{\"@type\":\"SearchAction\",\"target\":{\"@type\":\"EntryPoint\",\"urlTemplate\":\"https:\/\/www.zazito.ooo\/en\/?s={search_term_string}\"},\"query-input\":{\"@type\":\"PropertyValueSpecification\",\"valueRequired\":true,\"valueName\":\"search_term_string\"}}],\"inLanguage\":\"en-US\"},{\"@type\":\"Organization\",\"@id\":\"https:\/\/www.zazito.ooo\/en\/#organization\",\"name\":\"Zazito, s.r.o.\",\"url\":\"https:\/\/www.zazito.ooo\/en\/\",\"logo\":{\"@type\":\"ImageObject\",\"inLanguage\":\"en-US\",\"@id\":\"https:\/\/www.zazito.ooo\/en\/#\/schema\/logo\/image\/\",\"url\":\"https:\/\/www.zazito.ooo\/wp-content\/uploads\/2019\/08\/zazito_logo.jpg\",\"contentUrl\":\"https:\/\/www.zazito.ooo\/wp-content\/uploads\/2019\/08\/zazito_logo.jpg\",\"width\":1080,\"height\":1080,\"caption\":\"Zazito, s.r.o.\"},\"image\":{\"@id\":\"https:\/\/www.zazito.ooo\/en\/#\/schema\/logo\/image\/\"},\"sameAs\":[\"https:\/\/www.facebook.com\/zazitooo\/\",\"https:\/\/www.instagram.com\/zazito.ooo\/?hl=sk\"]}]}<\/script>\n<!-- \/ Yoast SEO plugin. -->","yoast_head_json":{"title":"Dar\u010dekov\u00fd poukaz - Divn\u00e1 Bratislava - Zazito.ooo","description":"Darujte poukaz na escape hru Divn\u00e1 Bratislava svojim kolegom \u010di kamo\u0161om. Objavte spolu divn\u00e9 z\u00e1kutia mesta.","robots":{"index":"index","follow":"follow","max-snippet":"max-snippet:-1","max-image-preview":"max-image-preview:large","max-video-preview":"max-video-preview:-1"},"canonical":"https:\/\/www.zazito.ooo\/en\/hra\/divna-bratislava-darcek\/","og_locale":"en_US","og_type":"article","og_title":"Dar\u010dekov\u00fd poukaz - Divn\u00e1 Bratislava - Zazito.ooo","og_description":"Darujte poukaz na escape hru Divn\u00e1 Bratislava svojim kolegom \u010di kamo\u0161om. Objavte spolu divn\u00e9 z\u00e1kutia mesta.","og_url":"https:\/\/www.zazito.ooo\/en\/hra\/divna-bratislava-darcek\/","og_site_name":"Zazito.ooo","article_publisher":"https:\/\/www.facebook.com\/zazitooo\/","article_modified_time":"2020-02-14T12:39:07+00:00","og_image":[{"width":1654,"height":788,"url":"https:\/\/www.zazito.ooo\/wp-content\/uploads\/2019\/06\/dar_bratislava.jpg","type":"image\/jpeg"}],"twitter_card":"summary_large_image","schema":{"@context":"https:\/\/schema.org","@graph":[{"@type":"WebPage","@id":"https:\/\/www.zazito.ooo\/en\/hra\/divna-bratislava-darcek\/","url":"https:\/\/www.zazito.ooo\/en\/hra\/divna-bratislava-darcek\/","name":"Dar\u010dekov\u00fd poukaz - Divn\u00e1 Bratislava - Zazito.ooo","isPartOf":{"@id":"https:\/\/www.zazito.ooo\/en\/#website"},"primaryImageOfPage":{"@id":"https:\/\/www.zazito.ooo\/en\/hra\/divna-bratislava-darcek\/#primaryimage"},"image":{"@id":"https:\/\/www.zazito.ooo\/en\/hra\/divna-bratislava-darcek\/#primaryimage"},"thumbnailUrl":"https:\/\/www.zazito.ooo\/wp-content\/uploads\/2019\/06\/dar_bratislava.jpg","datePublished":"2019-06-13T21:47:49+00:00","dateModified":"2020-02-14T12:39:07+00:00","description":"Darujte poukaz na escape hru Divn\u00e1 Bratislava svojim kolegom \u010di kamo\u0161om. Objavte spolu divn\u00e9 z\u00e1kutia mesta.","breadcrumb":{"@id":"https:\/\/www.zazito.ooo\/en\/hra\/divna-bratislava-darcek\/#breadcrumb"},"inLanguage":"en-US","potentialAction":[{"@type":"ReadAction","target":["https:\/\/www.zazito.ooo\/en\/hra\/divna-bratislava-darcek\/"]}]},{"@type":"ImageObject","inLanguage":"en-US","@id":"https:\/\/www.zazito.ooo\/en\/hra\/divna-bratislava-darcek\/#primaryimage","url":"https:\/\/www.zazito.ooo\/wp-content\/uploads\/2019\/06\/dar_bratislava.jpg","contentUrl":"https:\/\/www.zazito.ooo\/wp-content\/uploads\/2019\/06\/dar_bratislava.jpg","width":1654,"height":788,"caption":"Escape room Bratislava - dar\u010dekov\u00fd poukaz - Divn\u00e1 Bratislava | zazito.ooo"},{"@type":"BreadcrumbList","@id":"https:\/\/www.zazito.ooo\/en\/hra\/divna-bratislava-darcek\/#breadcrumb","itemListElement":[{"@type":"ListItem","position":1,"name":"Home","item":"https:\/\/www.zazito.ooo\/"},{"@type":"ListItem","position":2,"name":"Obchod","item":"https:\/\/www.zazito.ooo\/obchod\/"},{"@type":"ListItem","position":3,"name":"Dar\u010dekov\u00fd poukaz &#8211; Divn\u00e1 Bratislava"}]},{"@type":"WebSite","@id":"https:\/\/www.zazito.ooo\/en\/#website","url":"https:\/\/www.zazito.ooo\/en\/","name":"Zazito.ooo","description":"origin\u00e1lne escape games v Bratislave","publisher":{"@id":"https:\/\/www.zazito.ooo\/en\/#organization"},"potentialAction":[{"@type":"SearchAction","target":{"@type":"EntryPoint","urlTemplate":"https:\/\/www.zazito.ooo\/en\/?s={search_term_string}"},"query-input":{"@type":"PropertyValueSpecification","valueRequired":true,"valueName":"search_term_string"}}],"inLanguage":"en-US"},{"@type":"Organization","@id":"https:\/\/www.zazito.ooo\/en\/#organization","name":"Zazito, s.r.o.","url":"https:\/\/www.zazito.ooo\/en\/","logo":{"@type":"ImageObject","inLanguage":"en-US","@id":"https:\/\/www.zazito.ooo\/en\/#\/schema\/logo\/image\/","url":"https:\/\/www.zazito.ooo\/wp-content\/uploads\/2019\/08\/zazito_logo.jpg","contentUrl":"https:\/\/www.zazito.ooo\/wp-content\/uploads\/2019\/08\/zazito_logo.jpg","width":1080,"height":1080,"caption":"Zazito, s.r.o."},"image":{"@id":"https:\/\/www.zazito.ooo\/en\/#\/schema\/logo\/image\/"},"sameAs":["https:\/\/www.facebook.com\/zazitooo\/","https:\/\/www.instagram.com\/zazito.ooo\/?hl=sk"]}]}},"_links":{"self":[{"href":"https:\/\/www.zazito.ooo\/en\/wp-json\/wp\/v2\/product\/195","targetHints":{"allow":["GET"]}}],"collection":[{"href":"https:\/\/www.zazito.ooo\/en\/wp-json\/wp\/v2\/product"}],"about":[{"href":"https:\/\/www.zazito.ooo\/en\/wp-json\/wp\/v2\/types\/product"}],"replies":[{"embeddable":true,"href":"https:\/\/www.zazito.ooo\/en\/wp-json\/wp\/v2\/comments?post=195"}],"wp:featuredmedia":[{"embeddable":true,"href":"https:\/\/www.zazito.ooo\/en\/wp-json\/wp\/v2\/media\/235"}],"wp:attachment":[{"href":"https:\/\/www.zazito.ooo\/en\/wp-json\/wp\/v2\/media?parent=195"}],"wp:term":[{"taxonomy":"product_brand","embeddable":true,"href":"https:\/\/www.zazito.ooo\/en\/wp-json\/wp\/v2\/product_brand?post=195"},{"taxonomy":"product_cat","embeddable":true,"href":"https:\/\/www.zazito.ooo\/en\/wp-json\/wp\/v2\/product_cat?post=195"},{"taxonomy":"product_tag","embeddable":true,"href":"https:\/\/www.zazito.ooo\/en\/wp-json\/wp\/v2\/product_tag?post=195"}],"curies":[{"name":"wp","href":"https:\/\/api.w.org\/{rel}","templated":true}]}}