{"id":15168,"date":"2020-11-12T14:30:12","date_gmt":"2020-11-12T13:30:12","guid":{"rendered":"https:\/\/www.zazito.ooo\/?post_type=product&#038;p=15168"},"modified":"2025-11-24T02:24:39","modified_gmt":"2025-11-24T01:24:39","slug":"hra-stopy-dominika-dana","status":"publish","type":"product","link":"https:\/\/www.zazito.ooo\/en\/hra\/hra-stopy-dominika-dana\/","title":{"rendered":"Stopy Dominika D\u00e1na"},"content":{"rendered":"<h4><span style=\"color: #808080;\">Mestsk\u00e1 hra na mot\u00edvy kn\u00edh Dominika D\u00e1na<\/span><\/h4>\n<p><strong>Sk\u00faste sa v\u017ei\u0165 do \u00falohy vra\u017ed\u00e1rov a vyrie\u0161i\u0165 z\u00e1hadn\u00e9 zmiznutie mladej \u017eeny.<\/strong> N\u00e1jdete ju iba v\u010faka spolupr\u00e1ci, dedukcii a logike. Budete sa musie\u0165 osobne vybra\u0165 do ul\u00edc N\u00e1\u0161ho Mesta a tam p\u00e1tra\u0165 po t\u00fdch spr\u00e1vnych STOP\u00c1CH.<\/p>\n<p>Hra sa odohr\u00e1va v uliciach Bratislavy v \u0161ir\u0161om centre. Celkov\u00fd \u010das potrebn\u00fd na hru je\u00a0pribli\u017ene 140 min\u00fat.<\/p>\n<p>P\u00e1tranie je mo\u017en\u00e9 rozlo\u017ei\u0165 aj na viac dn\u00ed.<\/p>\n<div>Hru dok\u00e1\u017eu hra\u0165 aj \u00fapln\u00ed neznalci diela Dominika D\u00e1na.<\/div>\n<div>Fan\u00fa\u0161ikovia ale ur\u010dite n\u00e1jdu ve\u013ea skryt\u00fdch odkazov na pero autora detekt\u00edvok<\/div>\n<p><strong>Hru je mo\u017en\u00e9 hra\u0165 denne v \u010dasoch 11:00 \u2013 22:00<\/strong><br \/>\n<strong>OD 8.9 Do 12.9 prebieha \u00fadr\u017eba hry, pros\u00edm vyberte si na Hru in\u00fd term\u00edn<\/strong><\/p>\n<h2 style=\"margin-top: 20px; margin-bottom: 5px;\">Pomoc s rie\u0161en\u00edm najdete na www.zazito.ooo\/stopyddpomoc<\/h2>\n<ul>\n<li>&#8211;<strong> <a href=\"https:\/\/www.zazito.ooo\/wp-content\/uploads\/2020\/11\/Krauzova-Anal\u00fdza.pdf\">Krauzova Anal\u00fdza<\/a><\/strong><\/li>\n<li>&#8211; <strong><a href=\"https:\/\/www.zazito.ooo\/wp-content\/uploads\/2020\/11\/Mapa-SDD.pdf\">Mapa SDD<\/a><\/strong><\/li>\n<\/ul>","protected":false},"excerpt":{"rendered":"<h3><\/h3>\n<h3>Hru je mo\u017en\u00e9 hra\u0165 denne od 11:00-22:00<\/h3>\n<h3>Cena: <del>49,90<\/del> 39,90<\/h3>\n<h5>nie je mo\u017en\u00e9 uplatni\u0165 \u010fal\u0161ie z\u013eavy<\/h5>","protected":false},"featured_media":56767,"comment_status":"open","ping_status":"closed","template":"","meta":[],"product_brand":[],"product_cat":[15,28],"product_tag":[],"class_list":{"0":"post-15168","1":"product","2":"type-product","3":"status-publish","4":"has-post-thumbnail","6":"product_cat-hry","7":"product_cat-mestske-hry","9":"first","10":"instock","11":"virtual","12":"taxable","13":"purchasable","14":"product-type-simple"},"yoast_head":"<!-- This site is optimized with the Yoast SEO plugin v27.2 - https:\/\/yoast.com\/product\/yoast-seo-wordpress\/ -->\n<title>Stopy Dominika D\u00e1na | Zazito.ooo<\/title>\n<meta name=\"robots\" content=\"index, follow, max-snippet:-1, max-image-preview:large, max-video-preview:-1\" \/>\n<link rel=\"canonical\" href=\"https:\/\/www.zazito.ooo\/en\/hra\/hra-stopy-dominika-dana\/\" \/>\n<meta property=\"og:locale\" content=\"en_US\" \/>\n<meta property=\"og:type\" content=\"article\" \/>\n<meta property=\"og:title\" content=\"Stopy Dominika D\u00e1na | Zazito.ooo\" \/>\n<meta property=\"og:description\" content=\"Hru je mo\u017en\u00e9 hra\u0165 denne od 11:00-22:00 Cena: 49,90 39,90 nie je mo\u017en\u00e9 uplatni\u0165 \u010fal\u0161ie z\u013eavy\" \/>\n<meta property=\"og:url\" content=\"https:\/\/www.zazito.ooo\/en\/hra\/hra-stopy-dominika-dana\/\" \/>\n<meta property=\"og:site_name\" content=\"Zazito.ooo\" \/>\n<meta property=\"article:publisher\" content=\"https:\/\/www.facebook.com\/zazitooo\/\" \/>\n<meta property=\"article:modified_time\" content=\"2025-11-24T01:24:39+00:00\" \/>\n<meta property=\"og:image\" content=\"https:\/\/www.zazito.ooo\/wp-content\/uploads\/2020\/11\/UVOD-FOTOstopy-dominika-dana1-zazito.ooo_-scaled.webp\" \/>\n\t<meta property=\"og:image:width\" content=\"2560\" \/>\n\t<meta property=\"og:image:height\" content=\"1546\" \/>\n\t<meta property=\"og:image:type\" content=\"image\/webp\" \/>\n<meta name=\"twitter:card\" content=\"summary_large_image\" \/>\n<meta name=\"twitter:label1\" content=\"Est. reading time\" \/>\n\t<meta name=\"twitter:data1\" content=\"1 minute\" \/>\n<script type=\"application\/ld+json\" class=\"yoast-schema-graph\">{\"@context\":\"https:\/\/schema.org\",\"@graph\":[{\"@type\":\"WebPage\",\"@id\":\"https:\/\/www.zazito.ooo\/en\/hra\/hra-stopy-dominika-dana\/\",\"url\":\"https:\/\/www.zazito.ooo\/en\/hra\/hra-stopy-dominika-dana\/\",\"name\":\"Stopy Dominika D\u00e1na | Zazito.ooo\",\"isPartOf\":{\"@id\":\"https:\/\/www.zazito.ooo\/en\/#website\"},\"primaryImageOfPage\":{\"@id\":\"https:\/\/www.zazito.ooo\/en\/hra\/hra-stopy-dominika-dana\/#primaryimage\"},\"image\":{\"@id\":\"https:\/\/www.zazito.ooo\/en\/hra\/hra-stopy-dominika-dana\/#primaryimage\"},\"thumbnailUrl\":\"https:\/\/www.zazito.ooo\/wp-content\/uploads\/2020\/11\/UVOD-FOTOstopy-dominika-dana1-zazito.ooo_-scaled.webp\",\"datePublished\":\"2020-11-12T13:30:12+00:00\",\"dateModified\":\"2025-11-24T01:24:39+00:00\",\"breadcrumb\":{\"@id\":\"https:\/\/www.zazito.ooo\/en\/hra\/hra-stopy-dominika-dana\/#breadcrumb\"},\"inLanguage\":\"en-US\",\"potentialAction\":[{\"@type\":\"ReadAction\",\"target\":[\"https:\/\/www.zazito.ooo\/en\/hra\/hra-stopy-dominika-dana\/\"]}]},{\"@type\":\"ImageObject\",\"inLanguage\":\"en-US\",\"@id\":\"https:\/\/www.zazito.ooo\/en\/hra\/hra-stopy-dominika-dana\/#primaryimage\",\"url\":\"https:\/\/www.zazito.ooo\/wp-content\/uploads\/2020\/11\/UVOD-FOTOstopy-dominika-dana1-zazito.ooo_-scaled.webp\",\"contentUrl\":\"https:\/\/www.zazito.ooo\/wp-content\/uploads\/2020\/11\/UVOD-FOTOstopy-dominika-dana1-zazito.ooo_-scaled.webp\",\"width\":2560,\"height\":1546,\"caption\":\"stopy-dominika-dana\"},{\"@type\":\"BreadcrumbList\",\"@id\":\"https:\/\/www.zazito.ooo\/en\/hra\/hra-stopy-dominika-dana\/#breadcrumb\",\"itemListElement\":[{\"@type\":\"ListItem\",\"position\":1,\"name\":\"Home\",\"item\":\"https:\/\/www.zazito.ooo\/\"},{\"@type\":\"ListItem\",\"position\":2,\"name\":\"Obchod\",\"item\":\"https:\/\/www.zazito.ooo\/obchod\/\"},{\"@type\":\"ListItem\",\"position\":3,\"name\":\"Stopy Dominika D\u00e1na\"}]},{\"@type\":\"WebSite\",\"@id\":\"https:\/\/www.zazito.ooo\/en\/#website\",\"url\":\"https:\/\/www.zazito.ooo\/en\/\",\"name\":\"Zazito.ooo\",\"description\":\"origin\u00e1lne escape games v Bratislave\",\"publisher\":{\"@id\":\"https:\/\/www.zazito.ooo\/en\/#organization\"},\"potentialAction\":[{\"@type\":\"SearchAction\",\"target\":{\"@type\":\"EntryPoint\",\"urlTemplate\":\"https:\/\/www.zazito.ooo\/en\/?s={search_term_string}\"},\"query-input\":{\"@type\":\"PropertyValueSpecification\",\"valueRequired\":true,\"valueName\":\"search_term_string\"}}],\"inLanguage\":\"en-US\"},{\"@type\":\"Organization\",\"@id\":\"https:\/\/www.zazito.ooo\/en\/#organization\",\"name\":\"Zazito, s.r.o.\",\"url\":\"https:\/\/www.zazito.ooo\/en\/\",\"logo\":{\"@type\":\"ImageObject\",\"inLanguage\":\"en-US\",\"@id\":\"https:\/\/www.zazito.ooo\/en\/#\/schema\/logo\/image\/\",\"url\":\"https:\/\/www.zazito.ooo\/wp-content\/uploads\/2019\/08\/zazito_logo.jpg\",\"contentUrl\":\"https:\/\/www.zazito.ooo\/wp-content\/uploads\/2019\/08\/zazito_logo.jpg\",\"width\":1080,\"height\":1080,\"caption\":\"Zazito, s.r.o.\"},\"image\":{\"@id\":\"https:\/\/www.zazito.ooo\/en\/#\/schema\/logo\/image\/\"},\"sameAs\":[\"https:\/\/www.facebook.com\/zazitooo\/\",\"https:\/\/www.instagram.com\/zazito.ooo\/?hl=sk\"]}]}<\/script>\n<!-- \/ Yoast SEO plugin. -->","yoast_head_json":{"title":"Stopy Dominika D\u00e1na | Zazito.ooo","robots":{"index":"index","follow":"follow","max-snippet":"max-snippet:-1","max-image-preview":"max-image-preview:large","max-video-preview":"max-video-preview:-1"},"canonical":"https:\/\/www.zazito.ooo\/en\/hra\/hra-stopy-dominika-dana\/","og_locale":"en_US","og_type":"article","og_title":"Stopy Dominika D\u00e1na | Zazito.ooo","og_description":"Hru je mo\u017en\u00e9 hra\u0165 denne od 11:00-22:00 Cena: 49,90 39,90 nie je mo\u017en\u00e9 uplatni\u0165 \u010fal\u0161ie z\u013eavy","og_url":"https:\/\/www.zazito.ooo\/en\/hra\/hra-stopy-dominika-dana\/","og_site_name":"Zazito.ooo","article_publisher":"https:\/\/www.facebook.com\/zazitooo\/","article_modified_time":"2025-11-24T01:24:39+00:00","og_image":[{"width":2560,"height":1546,"url":"https:\/\/www.zazito.ooo\/wp-content\/uploads\/2020\/11\/UVOD-FOTOstopy-dominika-dana1-zazito.ooo_-scaled.webp","type":"image\/webp"}],"twitter_card":"summary_large_image","twitter_misc":{"Est. reading time":"1 minute"},"schema":{"@context":"https:\/\/schema.org","@graph":[{"@type":"WebPage","@id":"https:\/\/www.zazito.ooo\/en\/hra\/hra-stopy-dominika-dana\/","url":"https:\/\/www.zazito.ooo\/en\/hra\/hra-stopy-dominika-dana\/","name":"Stopy Dominika D\u00e1na | Zazito.ooo","isPartOf":{"@id":"https:\/\/www.zazito.ooo\/en\/#website"},"primaryImageOfPage":{"@id":"https:\/\/www.zazito.ooo\/en\/hra\/hra-stopy-dominika-dana\/#primaryimage"},"image":{"@id":"https:\/\/www.zazito.ooo\/en\/hra\/hra-stopy-dominika-dana\/#primaryimage"},"thumbnailUrl":"https:\/\/www.zazito.ooo\/wp-content\/uploads\/2020\/11\/UVOD-FOTOstopy-dominika-dana1-zazito.ooo_-scaled.webp","datePublished":"2020-11-12T13:30:12+00:00","dateModified":"2025-11-24T01:24:39+00:00","breadcrumb":{"@id":"https:\/\/www.zazito.ooo\/en\/hra\/hra-stopy-dominika-dana\/#breadcrumb"},"inLanguage":"en-US","potentialAction":[{"@type":"ReadAction","target":["https:\/\/www.zazito.ooo\/en\/hra\/hra-stopy-dominika-dana\/"]}]},{"@type":"ImageObject","inLanguage":"en-US","@id":"https:\/\/www.zazito.ooo\/en\/hra\/hra-stopy-dominika-dana\/#primaryimage","url":"https:\/\/www.zazito.ooo\/wp-content\/uploads\/2020\/11\/UVOD-FOTOstopy-dominika-dana1-zazito.ooo_-scaled.webp","contentUrl":"https:\/\/www.zazito.ooo\/wp-content\/uploads\/2020\/11\/UVOD-FOTOstopy-dominika-dana1-zazito.ooo_-scaled.webp","width":2560,"height":1546,"caption":"stopy-dominika-dana"},{"@type":"BreadcrumbList","@id":"https:\/\/www.zazito.ooo\/en\/hra\/hra-stopy-dominika-dana\/#breadcrumb","itemListElement":[{"@type":"ListItem","position":1,"name":"Home","item":"https:\/\/www.zazito.ooo\/"},{"@type":"ListItem","position":2,"name":"Obchod","item":"https:\/\/www.zazito.ooo\/obchod\/"},{"@type":"ListItem","position":3,"name":"Stopy Dominika D\u00e1na"}]},{"@type":"WebSite","@id":"https:\/\/www.zazito.ooo\/en\/#website","url":"https:\/\/www.zazito.ooo\/en\/","name":"Zazito.ooo","description":"origin\u00e1lne escape games v Bratislave","publisher":{"@id":"https:\/\/www.zazito.ooo\/en\/#organization"},"potentialAction":[{"@type":"SearchAction","target":{"@type":"EntryPoint","urlTemplate":"https:\/\/www.zazito.ooo\/en\/?s={search_term_string}"},"query-input":{"@type":"PropertyValueSpecification","valueRequired":true,"valueName":"search_term_string"}}],"inLanguage":"en-US"},{"@type":"Organization","@id":"https:\/\/www.zazito.ooo\/en\/#organization","name":"Zazito, s.r.o.","url":"https:\/\/www.zazito.ooo\/en\/","logo":{"@type":"ImageObject","inLanguage":"en-US","@id":"https:\/\/www.zazito.ooo\/en\/#\/schema\/logo\/image\/","url":"https:\/\/www.zazito.ooo\/wp-content\/uploads\/2019\/08\/zazito_logo.jpg","contentUrl":"https:\/\/www.zazito.ooo\/wp-content\/uploads\/2019\/08\/zazito_logo.jpg","width":1080,"height":1080,"caption":"Zazito, s.r.o."},"image":{"@id":"https:\/\/www.zazito.ooo\/en\/#\/schema\/logo\/image\/"},"sameAs":["https:\/\/www.facebook.com\/zazitooo\/","https:\/\/www.instagram.com\/zazito.ooo\/?hl=sk"]}]}},"_links":{"self":[{"href":"https:\/\/www.zazito.ooo\/en\/wp-json\/wp\/v2\/product\/15168","targetHints":{"allow":["GET"]}}],"collection":[{"href":"https:\/\/www.zazito.ooo\/en\/wp-json\/wp\/v2\/product"}],"about":[{"href":"https:\/\/www.zazito.ooo\/en\/wp-json\/wp\/v2\/types\/product"}],"replies":[{"embeddable":true,"href":"https:\/\/www.zazito.ooo\/en\/wp-json\/wp\/v2\/comments?post=15168"}],"wp:featuredmedia":[{"embeddable":true,"href":"https:\/\/www.zazito.ooo\/en\/wp-json\/wp\/v2\/media\/56767"}],"wp:attachment":[{"href":"https:\/\/www.zazito.ooo\/en\/wp-json\/wp\/v2\/media?parent=15168"}],"wp:term":[{"taxonomy":"product_brand","embeddable":true,"href":"https:\/\/www.zazito.ooo\/en\/wp-json\/wp\/v2\/product_brand?post=15168"},{"taxonomy":"product_cat","embeddable":true,"href":"https:\/\/www.zazito.ooo\/en\/wp-json\/wp\/v2\/product_cat?post=15168"},{"taxonomy":"product_tag","embeddable":true,"href":"https:\/\/www.zazito.ooo\/en\/wp-json\/wp\/v2\/product_tag?post=15168"}],"curies":[{"name":"wp","href":"https:\/\/api.w.org\/{rel}","templated":true}]}}