{"id":15,"date":"2019-06-10T18:00:25","date_gmt":"2019-06-10T16:00:25","guid":{"rendered":"https:\/\/www.new.zazito.ooo\/?post_type=product&#038;p=15"},"modified":"2026-04-21T18:39:19","modified_gmt":"2026-04-21T16:39:19","slug":"divna-bratislava","status":"publish","type":"product","link":"https:\/\/www.zazito.ooo\/en\/hra\/divna-bratislava\/","title":{"rendered":"Divn\u00e1 Bratislava"},"content":{"rendered":"<div class=\"flex h-svh w-screen flex-col\">\n<div class=\"relative z-0 flex min-h-0 w-full flex-1\">\n<div class=\"relative flex min-h-0 w-full flex-1\">\n<div class=\"@container\/main relative flex min-w-0 flex-1 flex-col -translate-y-[calc(env(safe-area-inset-bottom,0px)\/2)] pt-[calc(env(safe-area-inset-bottom,0px)\/2)]\">\n<div class=\"@w-sm\/main:[scrollbar-gutter:var(--stage-scroll-gutter)] touch:[scrollbar-width:none] group\/scroll-root relative flex min-h-0 min-w-0 flex-1 flex-col [scrollbar-gutter:stable] not-print:overflow-x-clip not-print:overflow-y-auto group-data-stream-active\/scroll-root:[overflow-anchor:none] scroll-pt-(--header-height) [--sticky-padding-top:var(--header-height)] [--sticky-padding-bottom:0px] [--scroll-root-safe-area-inset-top:calc(var(--sticky-padding-top)+env(safe-area-inset-top,0px))] [--scroll-root-safe-area-inset-bottom:calc(var(--sticky-padding-bottom)+var(--screen-keyboard-height,0px)+env(safe-area-inset-bottom,0px))] [--scroll-root-safe-area-height:calc(100lvh-var(--scroll-root-safe-area-inset-top)-var(--scroll-root-safe-area-inset-bottom))] has-data-[fixed-header=less-than-xl]:@w-xl\/main:scroll-pt-0 has-data-[fixed-header=less-than-xl]:@w-xl\/main:[--sticky-padding-top:0px] has-data-[fixed-header=less-than-xxl]:@w-2xl\/main:scroll-pt-0 has-data-[fixed-header=less-than-xxl]:@w-2xl\/main:[--sticky-padding-top:0px]\" data-scroll-root=\"\" data-scroll-from-top=\"\"><main id=\"main\" class=\"min-h-0 flex-1\"><\/p>\n<div id=\"thread\" class=\"group\/thread flex flex-col min-h-full\">\n<div class=\"composer-parent flex flex-1 flex-col focus-visible:outline-0\" role=\"presentation\">\n<div class=\"relative basis-auto flex-col -mb-(--composer-overlap-px) pb-(--composer-overlap-px) [--composer-overlap-px:28px] grow flex\">\n<div class=\"flex flex-col text-sm pb-25\">\n<section class=\"text-token-text-primary w-full focus:outline-none [--shadow-height:45px] has-data-writing-block:pointer-events-none has-data-writing-block:-mt-(--shadow-height) has-data-writing-block:pt-(--shadow-height) [&amp;:has([data-writing-block])&gt;*]:pointer-events-auto scroll-mt-[calc(var(--header-height)+min(200px,max(70px,20svh)))]\" dir=\"auto\" data-turn-id=\"request-WEB:89c9da07-8ed2-4d54-bd61-b0510eca0298-22\" data-testid=\"conversation-turn-6\" data-scroll-anchor=\"true\" data-turn=\"assistant\">\n<div class=\"text-base my-auto mx-auto pb-10 [--thread-content-margin:var(--thread-content-margin-xs,calc(var(--spacing)*4))] @w-sm\/main:[--thread-content-margin:var(--thread-content-margin-sm,calc(var(--spacing)*6))] @w-lg\/main:[--thread-content-margin:var(--thread-content-margin-lg,calc(var(--spacing)*16))] px-(--thread-content-margin)\">\n<div class=\"[--thread-content-max-width:40rem] @w-lg\/main:[--thread-content-max-width:48rem] mx-auto max-w-(--thread-content-max-width) flex-1 group\/turn-messages focus-visible:outline-hidden relative flex w-full min-w-0 flex-col agent-turn\">\n<div class=\"flex max-w-full flex-col gap-4 grow\">\n<div class=\"min-h-8 text-message relative flex w-full flex-col items-end gap-2 text-start break-words whitespace-normal outline-none keyboard-focused:focus-ring [.text-message+&amp;]:mt-1\" dir=\"auto\" tabindex=\"0\" data-message-author-role=\"assistant\" data-message-id=\"eb7fb3df-6474-43d2-a4b0-579a56360c43\" data-message-model-slug=\"gpt-5-3\" data-turn-start-message=\"true\">\n<div class=\"flex w-full flex-col gap-1 empty:hidden\">\n<div class=\"markdown prose dark:prose-invert w-full wrap-break-word light markdown-new-styling\">\n<h3 data-section-id=\"12raf4t\" data-start=\"0\" data-end=\"50\">Mestsk\u00e1 hra spojen\u00e1 s escape room v Bratislave<\/h3>\n<p data-start=\"52\" data-end=\"433\">Pr\u00ed\u010fte objavi\u0165 <strong data-start=\"67\" data-end=\"87\">Divn\u00fa Bratislavu<\/strong> a za\u017eite hlavn\u00e9 mesto sp\u00f4sobom, ak\u00fd v be\u017enom sprievodcovi nen\u00e1jdete. Zabudnite na klasick\u00e9 prech\u00e1dzky po pamiatkach a vydajte sa na dobrodru\u017en\u00fa v\u00fdpravu pln\u00fa tajomstiev, ind\u00edci\u00ed a logick\u00fdch \u00faloh. \u010cakaj\u00fa v\u00e1s zn\u00e1me miesta aj nen\u00e1padn\u00e9 uli\u010dky historick\u00e9ho centra, ktor\u00e9 denne m\u00ed\u0148aj\u00fa stovky \u013eud\u00ed bez toho, aby tu\u0161ili, ak\u00e9 pr\u00edbehy sa za nimi skr\u00fdvaj\u00fa.<\/p>\n<p data-start=\"435\" data-end=\"746\">Po\u010das hry sa stanete s\u00fa\u010das\u0165ou pr\u00edbehu, v ktorom mus\u00edte postupne odha\u013eova\u0165 \u010fal\u0161ie stopy, rie\u0161i\u0165 \u00falohy a z\u00edskava\u0165 inform\u00e1cie ved\u00face k cie\u013eu. Ka\u017ed\u00e1 spr\u00e1vna odpove\u010f v\u00e1s posunie \u010falej a otvor\u00ed nov\u00fa \u010das\u0165 cesty mestom. Na konci v\u00e1s \u010dak\u00e1 fin\u00e1lne miesto \u2013 to zvl\u00e1\u0161tne, tajomn\u00e9 a divn\u00e9 miesto, kde v\u0161etko do seba zapadne.<\/p>\n<p data-start=\"748\" data-end=\"1054\">T\u00e1to origin\u00e1lna hra v sebe sp\u00e1ja prvky <strong data-start=\"787\" data-end=\"803\">mestskej hry<\/strong>, <strong data-start=\"805\" data-end=\"820\">escape room<\/strong>, <strong data-start=\"822\" data-end=\"837\">geocachingu<\/strong> a interakt\u00edvneho objavovania mesta. Nejde len o oby\u010dajn\u00fa prech\u00e1dzku Bratislavou. Je to z\u00e1\u017eitok, pri ktorom mus\u00edte prem\u00fd\u0161\u013ea\u0165, spolupracova\u0165, orientova\u0165 sa v meste a v\u0161\u00edma\u0165 si detaily, ktor\u00e9 by ste si inokedy nev\u0161imli.<\/p>\n<p data-start=\"1056\" data-end=\"1283\">Hra je ide\u00e1lna pre dvojice, partie priate\u013eov, rodiny, turistov aj firemn\u00e9 t\u00edmy. V\u00fdborne funguje ako netradi\u010dn\u00fd program na v\u00edkend, teambuilding, oslavu alebo ako origin\u00e1lny dar\u010dek pre ka\u017ed\u00e9ho, kto m\u00e1 r\u00e1d h\u00e1danky a dobrodru\u017estvo.<\/p>\n<p data-start=\"1285\" data-end=\"1470\">Na splnenie celej misie m\u00e1te <strong data-start=\"1314\" data-end=\"1327\">180 min\u00fat<\/strong>. Po\u010das tohto \u010dasu mus\u00edte zvl\u00e1dnu\u0165 trasu mestom, vyrie\u0161i\u0165 v\u0161etky \u00falohy a dosta\u0165 sa a\u017e do fin\u00e1le. Tempo si ur\u010dujete sami, no \u010das ne\u00faprosne be\u017e\u00ed.<\/p>\n<p data-start=\"1472\" data-end=\"1856\">Hru si u\u017eij\u00fa aj t\u00ed, ktor\u00ed nie s\u00fa z Bratislavy. Pr\u00e1ve naopak \u2013 pre n\u00e1v\u0161tevn\u00edkov mesta je to skvel\u00e1 pr\u00edle\u017eitos\u0165 spozna\u0165 Bratislavu z \u00faplne in\u00e9ho uhla poh\u013eadu. Ak mesto nepozn\u00e1te v\u00f4bec, odpor\u00fa\u010dame si pred hrou pozrie\u0165 mapu a z\u00e1kladn\u00e9 orienta\u010dn\u00e9 body ako <strong data-start=\"1723\" data-end=\"1744\">Bratislavsk\u00fd hrad<\/strong>, <strong data-start=\"1746\" data-end=\"1762\">N\u00e1mestie SNP<\/strong>, <strong data-start=\"1764\" data-end=\"1783\">Hlavn\u00e9 n\u00e1mestie<\/strong>, <strong data-start=\"1785\" data-end=\"1812\">Hviezdoslavovo n\u00e1mestie<\/strong>, <strong data-start=\"1814\" data-end=\"1833\">D\u00f3m sv. Martina<\/strong> a <strong data-start=\"1836\" data-end=\"1855\">Michalsk\u00fa br\u00e1nu<\/strong>.<\/p>\n<p data-start=\"1858\" data-end=\"2044\" data-is-last-node=\"\" data-is-only-node=\"\"><strong data-start=\"1858\" data-end=\"1878\">Divn\u00e1 Bratislava<\/strong> je mestsk\u00e1 hra, pri ktorej sa mesto st\u00e1va va\u0161\u00edm ihriskom, ulice skr\u00fd\u0161ou ind\u00edci\u00ed a vy hlavn\u00fdmi hrdinami vlastn\u00e9ho dobrodru\u017estva. Sta\u010d\u00ed vyrazi\u0165 do ul\u00edc a za\u010da\u0165 p\u00e1tra\u0165.<\/p>\n<\/div>\n<\/div>\n<\/div>\n<\/div>\n<div class=\"z-0 flex min-h-[46px] justify-start\"><\/div>\n<\/div>\n<\/div>\n<\/section>\n<\/div>\n<\/div>\n<\/div>\n<\/div>\n<p><\/main><\/div>\n<\/div>\n<\/div>\n<\/div>\n<\/div>\n","protected":false},"excerpt":{"rendered":"<p>Mestsk\u00e1 hra spojen\u00e1 s escape room v Bratislave Pr\u00ed\u010fte objavi\u0165 Divn\u00fa Bratislavu a za\u017eite hlavn\u00e9 mesto sp\u00f4sobom, ak\u00fd v be\u017enom sprievodcovi nen\u00e1jdete. Zabudnite na klasick\u00e9 prech\u00e1dzky po pamiatkach a vydajte sa na dobrodru\u017en\u00fa v\u00fdpravu pln\u00fa tajomstiev, ind\u00edci\u00ed a logick\u00fdch \u00faloh. \u010cakaj\u00fa v\u00e1s zn\u00e1me miesta aj nen\u00e1padn\u00e9 uli\u010dky historick\u00e9ho centra, ktor\u00e9 denne m\u00ed\u0148aj\u00fa stovky \u013eud\u00ed bez&hellip;<\/p>","protected":false},"featured_media":56703,"comment_status":"open","ping_status":"closed","template":"","meta":[],"product_brand":[],"product_cat":[15,28],"product_tag":[],"class_list":{"0":"post-15","1":"product","2":"type-product","3":"status-publish","4":"has-post-thumbnail","6":"product_cat-hry","7":"product_cat-mestske-hry","9":"first","10":"instock","11":"virtual","12":"taxable","13":"product-type-simple"},"yoast_head":"<!-- This site is optimized with the Yoast SEO plugin v27.2 - https:\/\/yoast.com\/product\/yoast-seo-wordpress\/ -->\n<title>Divn\u00e1 Bratislava - mestsk\u00e1 outdoor adventure hra | Zazito.ooo<\/title>\n<meta name=\"description\" content=\"Spoznajte hist\u00f3riu a z\u00e1kutia Bratislavy netradi\u010dne. Vysk\u00fa\u0161ajte na\u0161u mestsk\u00fa hru Divn\u00e1 Bratislava s prvkami geocachingu a \u00fanikovej miestnosti. Viac na webe.\" \/>\n<meta name=\"robots\" content=\"index, follow, max-snippet:-1, max-image-preview:large, max-video-preview:-1\" \/>\n<link rel=\"canonical\" href=\"https:\/\/www.zazito.ooo\/en\/hra\/divna-bratislava\/\" \/>\n<meta property=\"og:locale\" content=\"en_US\" \/>\n<meta property=\"og:type\" content=\"article\" \/>\n<meta property=\"og:title\" content=\"Divn\u00e1 Bratislava - mestsk\u00e1 outdoor adventure hra | Zazito.ooo\" \/>\n<meta property=\"og:description\" content=\"Spoznajte hist\u00f3riu a z\u00e1kutia Bratislavy netradi\u010dne. Vysk\u00fa\u0161ajte na\u0161u mestsk\u00fa hru Divn\u00e1 Bratislava s prvkami geocachingu a \u00fanikovej miestnosti. Viac na webe.\" \/>\n<meta property=\"og:url\" content=\"https:\/\/www.zazito.ooo\/en\/hra\/divna-bratislava\/\" \/>\n<meta property=\"og:site_name\" content=\"Zazito.ooo\" \/>\n<meta property=\"article:publisher\" content=\"https:\/\/www.facebook.com\/zazitooo\/\" \/>\n<meta property=\"article:modified_time\" content=\"2026-04-21T16:39:19+00:00\" \/>\n<meta property=\"og:image\" content=\"https:\/\/www.zazito.ooo\/wp-content\/uploads\/2024\/01\/zazito-img-landscape-divna-bratislava-1.webp\" \/>\n\t<meta property=\"og:image:width\" content=\"1920\" \/>\n\t<meta property=\"og:image:height\" content=\"1080\" \/>\n\t<meta property=\"og:image:type\" content=\"image\/webp\" \/>\n<meta name=\"twitter:card\" content=\"summary_large_image\" \/>\n<meta name=\"twitter:label1\" content=\"Est. reading time\" \/>\n\t<meta name=\"twitter:data1\" content=\"2 minutes\" \/>\n<script type=\"application\/ld+json\" class=\"yoast-schema-graph\">{\"@context\":\"https:\/\/schema.org\",\"@graph\":[{\"@type\":\"WebPage\",\"@id\":\"https:\/\/www.zazito.ooo\/en\/hra\/divna-bratislava\/\",\"url\":\"https:\/\/www.zazito.ooo\/en\/hra\/divna-bratislava\/\",\"name\":\"Divn\u00e1 Bratislava - mestsk\u00e1 outdoor adventure hra | Zazito.ooo\",\"isPartOf\":{\"@id\":\"https:\/\/www.zazito.ooo\/en\/#website\"},\"primaryImageOfPage\":{\"@id\":\"https:\/\/www.zazito.ooo\/en\/hra\/divna-bratislava\/#primaryimage\"},\"image\":{\"@id\":\"https:\/\/www.zazito.ooo\/en\/hra\/divna-bratislava\/#primaryimage\"},\"thumbnailUrl\":\"https:\/\/www.zazito.ooo\/wp-content\/uploads\/2024\/01\/zazito-img-landscape-divna-bratislava-1.webp\",\"datePublished\":\"2019-06-10T16:00:25+00:00\",\"dateModified\":\"2026-04-21T16:39:19+00:00\",\"description\":\"Spoznajte hist\u00f3riu a z\u00e1kutia Bratislavy netradi\u010dne. Vysk\u00fa\u0161ajte na\u0161u mestsk\u00fa hru Divn\u00e1 Bratislava s prvkami geocachingu a \u00fanikovej miestnosti. Viac na webe.\",\"breadcrumb\":{\"@id\":\"https:\/\/www.zazito.ooo\/en\/hra\/divna-bratislava\/#breadcrumb\"},\"inLanguage\":\"en-US\",\"potentialAction\":[{\"@type\":\"ReadAction\",\"target\":[\"https:\/\/www.zazito.ooo\/en\/hra\/divna-bratislava\/\"]}]},{\"@type\":\"ImageObject\",\"inLanguage\":\"en-US\",\"@id\":\"https:\/\/www.zazito.ooo\/en\/hra\/divna-bratislava\/#primaryimage\",\"url\":\"https:\/\/www.zazito.ooo\/wp-content\/uploads\/2024\/01\/zazito-img-landscape-divna-bratislava-1.webp\",\"contentUrl\":\"https:\/\/www.zazito.ooo\/wp-content\/uploads\/2024\/01\/zazito-img-landscape-divna-bratislava-1.webp\",\"width\":1920,\"height\":1080,\"caption\":\"divny-bus\"},{\"@type\":\"BreadcrumbList\",\"@id\":\"https:\/\/www.zazito.ooo\/en\/hra\/divna-bratislava\/#breadcrumb\",\"itemListElement\":[{\"@type\":\"ListItem\",\"position\":1,\"name\":\"Home\",\"item\":\"https:\/\/www.zazito.ooo\/\"},{\"@type\":\"ListItem\",\"position\":2,\"name\":\"Obchod\",\"item\":\"https:\/\/www.zazito.ooo\/obchod\/\"},{\"@type\":\"ListItem\",\"position\":3,\"name\":\"Divn\u00e1 Bratislava\"}]},{\"@type\":\"WebSite\",\"@id\":\"https:\/\/www.zazito.ooo\/en\/#website\",\"url\":\"https:\/\/www.zazito.ooo\/en\/\",\"name\":\"Zazito.ooo\",\"description\":\"origin\u00e1lne escape games v Bratislave\",\"publisher\":{\"@id\":\"https:\/\/www.zazito.ooo\/en\/#organization\"},\"potentialAction\":[{\"@type\":\"SearchAction\",\"target\":{\"@type\":\"EntryPoint\",\"urlTemplate\":\"https:\/\/www.zazito.ooo\/en\/?s={search_term_string}\"},\"query-input\":{\"@type\":\"PropertyValueSpecification\",\"valueRequired\":true,\"valueName\":\"search_term_string\"}}],\"inLanguage\":\"en-US\"},{\"@type\":\"Organization\",\"@id\":\"https:\/\/www.zazito.ooo\/en\/#organization\",\"name\":\"Zazito, s.r.o.\",\"url\":\"https:\/\/www.zazito.ooo\/en\/\",\"logo\":{\"@type\":\"ImageObject\",\"inLanguage\":\"en-US\",\"@id\":\"https:\/\/www.zazito.ooo\/en\/#\/schema\/logo\/image\/\",\"url\":\"https:\/\/www.zazito.ooo\/wp-content\/uploads\/2019\/08\/zazito_logo.jpg\",\"contentUrl\":\"https:\/\/www.zazito.ooo\/wp-content\/uploads\/2019\/08\/zazito_logo.jpg\",\"width\":1080,\"height\":1080,\"caption\":\"Zazito, s.r.o.\"},\"image\":{\"@id\":\"https:\/\/www.zazito.ooo\/en\/#\/schema\/logo\/image\/\"},\"sameAs\":[\"https:\/\/www.facebook.com\/zazitooo\/\",\"https:\/\/www.instagram.com\/zazito.ooo\/?hl=sk\"]}]}<\/script>\n<!-- \/ Yoast SEO plugin. -->","yoast_head_json":{"title":"Divn\u00e1 Bratislava - mestsk\u00e1 outdoor adventure hra | Zazito.ooo","description":"Spoznajte hist\u00f3riu a z\u00e1kutia Bratislavy netradi\u010dne. Vysk\u00fa\u0161ajte na\u0161u mestsk\u00fa hru Divn\u00e1 Bratislava s prvkami geocachingu a \u00fanikovej miestnosti. Viac na webe.","robots":{"index":"index","follow":"follow","max-snippet":"max-snippet:-1","max-image-preview":"max-image-preview:large","max-video-preview":"max-video-preview:-1"},"canonical":"https:\/\/www.zazito.ooo\/en\/hra\/divna-bratislava\/","og_locale":"en_US","og_type":"article","og_title":"Divn\u00e1 Bratislava - mestsk\u00e1 outdoor adventure hra | Zazito.ooo","og_description":"Spoznajte hist\u00f3riu a z\u00e1kutia Bratislavy netradi\u010dne. Vysk\u00fa\u0161ajte na\u0161u mestsk\u00fa hru Divn\u00e1 Bratislava s prvkami geocachingu a \u00fanikovej miestnosti. Viac na webe.","og_url":"https:\/\/www.zazito.ooo\/en\/hra\/divna-bratislava\/","og_site_name":"Zazito.ooo","article_publisher":"https:\/\/www.facebook.com\/zazitooo\/","article_modified_time":"2026-04-21T16:39:19+00:00","og_image":[{"width":1920,"height":1080,"url":"https:\/\/www.zazito.ooo\/wp-content\/uploads\/2024\/01\/zazito-img-landscape-divna-bratislava-1.webp","type":"image\/webp"}],"twitter_card":"summary_large_image","twitter_misc":{"Est. reading time":"2 minutes"},"schema":{"@context":"https:\/\/schema.org","@graph":[{"@type":"WebPage","@id":"https:\/\/www.zazito.ooo\/en\/hra\/divna-bratislava\/","url":"https:\/\/www.zazito.ooo\/en\/hra\/divna-bratislava\/","name":"Divn\u00e1 Bratislava - mestsk\u00e1 outdoor adventure hra | Zazito.ooo","isPartOf":{"@id":"https:\/\/www.zazito.ooo\/en\/#website"},"primaryImageOfPage":{"@id":"https:\/\/www.zazito.ooo\/en\/hra\/divna-bratislava\/#primaryimage"},"image":{"@id":"https:\/\/www.zazito.ooo\/en\/hra\/divna-bratislava\/#primaryimage"},"thumbnailUrl":"https:\/\/www.zazito.ooo\/wp-content\/uploads\/2024\/01\/zazito-img-landscape-divna-bratislava-1.webp","datePublished":"2019-06-10T16:00:25+00:00","dateModified":"2026-04-21T16:39:19+00:00","description":"Spoznajte hist\u00f3riu a z\u00e1kutia Bratislavy netradi\u010dne. Vysk\u00fa\u0161ajte na\u0161u mestsk\u00fa hru Divn\u00e1 Bratislava s prvkami geocachingu a \u00fanikovej miestnosti. Viac na webe.","breadcrumb":{"@id":"https:\/\/www.zazito.ooo\/en\/hra\/divna-bratislava\/#breadcrumb"},"inLanguage":"en-US","potentialAction":[{"@type":"ReadAction","target":["https:\/\/www.zazito.ooo\/en\/hra\/divna-bratislava\/"]}]},{"@type":"ImageObject","inLanguage":"en-US","@id":"https:\/\/www.zazito.ooo\/en\/hra\/divna-bratislava\/#primaryimage","url":"https:\/\/www.zazito.ooo\/wp-content\/uploads\/2024\/01\/zazito-img-landscape-divna-bratislava-1.webp","contentUrl":"https:\/\/www.zazito.ooo\/wp-content\/uploads\/2024\/01\/zazito-img-landscape-divna-bratislava-1.webp","width":1920,"height":1080,"caption":"divny-bus"},{"@type":"BreadcrumbList","@id":"https:\/\/www.zazito.ooo\/en\/hra\/divna-bratislava\/#breadcrumb","itemListElement":[{"@type":"ListItem","position":1,"name":"Home","item":"https:\/\/www.zazito.ooo\/"},{"@type":"ListItem","position":2,"name":"Obchod","item":"https:\/\/www.zazito.ooo\/obchod\/"},{"@type":"ListItem","position":3,"name":"Divn\u00e1 Bratislava"}]},{"@type":"WebSite","@id":"https:\/\/www.zazito.ooo\/en\/#website","url":"https:\/\/www.zazito.ooo\/en\/","name":"Zazito.ooo","description":"origin\u00e1lne escape games v Bratislave","publisher":{"@id":"https:\/\/www.zazito.ooo\/en\/#organization"},"potentialAction":[{"@type":"SearchAction","target":{"@type":"EntryPoint","urlTemplate":"https:\/\/www.zazito.ooo\/en\/?s={search_term_string}"},"query-input":{"@type":"PropertyValueSpecification","valueRequired":true,"valueName":"search_term_string"}}],"inLanguage":"en-US"},{"@type":"Organization","@id":"https:\/\/www.zazito.ooo\/en\/#organization","name":"Zazito, s.r.o.","url":"https:\/\/www.zazito.ooo\/en\/","logo":{"@type":"ImageObject","inLanguage":"en-US","@id":"https:\/\/www.zazito.ooo\/en\/#\/schema\/logo\/image\/","url":"https:\/\/www.zazito.ooo\/wp-content\/uploads\/2019\/08\/zazito_logo.jpg","contentUrl":"https:\/\/www.zazito.ooo\/wp-content\/uploads\/2019\/08\/zazito_logo.jpg","width":1080,"height":1080,"caption":"Zazito, s.r.o."},"image":{"@id":"https:\/\/www.zazito.ooo\/en\/#\/schema\/logo\/image\/"},"sameAs":["https:\/\/www.facebook.com\/zazitooo\/","https:\/\/www.instagram.com\/zazito.ooo\/?hl=sk"]}]}},"_links":{"self":[{"href":"https:\/\/www.zazito.ooo\/en\/wp-json\/wp\/v2\/product\/15","targetHints":{"allow":["GET"]}}],"collection":[{"href":"https:\/\/www.zazito.ooo\/en\/wp-json\/wp\/v2\/product"}],"about":[{"href":"https:\/\/www.zazito.ooo\/en\/wp-json\/wp\/v2\/types\/product"}],"replies":[{"embeddable":true,"href":"https:\/\/www.zazito.ooo\/en\/wp-json\/wp\/v2\/comments?post=15"}],"wp:featuredmedia":[{"embeddable":true,"href":"https:\/\/www.zazito.ooo\/en\/wp-json\/wp\/v2\/media\/56703"}],"wp:attachment":[{"href":"https:\/\/www.zazito.ooo\/en\/wp-json\/wp\/v2\/media?parent=15"}],"wp:term":[{"taxonomy":"product_brand","embeddable":true,"href":"https:\/\/www.zazito.ooo\/en\/wp-json\/wp\/v2\/product_brand?post=15"},{"taxonomy":"product_cat","embeddable":true,"href":"https:\/\/www.zazito.ooo\/en\/wp-json\/wp\/v2\/product_cat?post=15"},{"taxonomy":"product_tag","embeddable":true,"href":"https:\/\/www.zazito.ooo\/en\/wp-json\/wp\/v2\/product_tag?post=15"}],"curies":[{"name":"wp","href":"https:\/\/api.w.org\/{rel}","templated":true}]}}