{"id":128,"date":"2019-06-12T17:36:45","date_gmt":"2019-06-12T15:36:45","guid":{"rendered":"https:\/\/www.new.zazito.ooo\/?post_type=product&#038;p=128"},"modified":"2026-04-21T18:44:30","modified_gmt":"2026-04-21T16:44:30","slug":"fantom-bratislavy","status":"publish","type":"product","link":"https:\/\/www.zazito.ooo\/en\/hra\/fantom-bratislavy\/","title":{"rendered":"Fant\u00f3m Bratislavy"},"content":{"rendered":"<div class=\"flex flex-col text-sm pb-25\">\n<section class=\"text-token-text-primary w-full focus:outline-none [--shadow-height:45px] has-data-writing-block:pointer-events-none has-data-writing-block:-mt-(--shadow-height) has-data-writing-block:pt-(--shadow-height) [&amp;:has([data-writing-block])&gt;*]:pointer-events-auto scroll-mt-[calc(var(--header-height)+min(200px,max(70px,20svh)))]\" dir=\"auto\" data-turn-id=\"request-WEB:89c9da07-8ed2-4d54-bd61-b0510eca0298-24\" data-testid=\"conversation-turn-10\" data-scroll-anchor=\"true\" data-turn=\"assistant\">\n<div class=\"text-base my-auto mx-auto pb-10 [--thread-content-margin:var(--thread-content-margin-xs,calc(var(--spacing)*4))] @w-sm\/main:[--thread-content-margin:var(--thread-content-margin-sm,calc(var(--spacing)*6))] @w-lg\/main:[--thread-content-margin:var(--thread-content-margin-lg,calc(var(--spacing)*16))] px-(--thread-content-margin)\">\n<div class=\"[--thread-content-max-width:40rem] @w-lg\/main:[--thread-content-max-width:48rem] mx-auto max-w-(--thread-content-max-width) flex-1 group\/turn-messages focus-visible:outline-hidden relative flex w-full min-w-0 flex-col agent-turn\">\n<div class=\"flex max-w-full flex-col gap-4 grow\">\n<div class=\"min-h-8 text-message relative flex w-full flex-col items-end gap-2 text-start break-words whitespace-normal outline-none keyboard-focused:focus-ring [.text-message+&amp;]:mt-1\" dir=\"auto\" tabindex=\"0\" data-message-author-role=\"assistant\" data-message-id=\"4d167555-a7cc-476b-b050-7dcc0cd04e28\" data-message-model-slug=\"gpt-5-3\" data-turn-start-message=\"true\">\n<div class=\"flex w-full flex-col gap-1 empty:hidden\">\n<div class=\"markdown prose dark:prose-invert w-full wrap-break-word light markdown-new-styling\">\n<h3 data-section-id=\"1c21pic\" data-start=\"0\" data-end=\"36\">Mestsk\u00e1 outdoor hra v Bratislave<\/h3>\n<p data-start=\"38\" data-end=\"302\">Tajn\u00e9 slu\u017eby ho h\u013eadaj\u00fa u\u017e cel\u00e9 mesiace. Objavil sa vo viacer\u00fdch eur\u00f3pskych mest\u00e1ch, v\u017edy v\u0161ak zmizol sk\u00f4r, ne\u017e ho stihli zadr\u017ea\u0165. Men\u00ed vzh\u013ead, pohybuje sa nen\u00e1padne a dokonale pozn\u00e1 mestsk\u00e9 prostredie. Teraz m\u00e1me potvrden\u00e9, \u017ee <strong data-start=\"266\" data-end=\"301\">pr\u00e1ve dnes doraz\u00ed do Bratislavy<\/strong>.<\/p>\n<p data-start=\"304\" data-end=\"676\">Pod\u013ea na\u0161ich inform\u00e1ci\u00ed sa m\u00e1 u\u017e o <strong data-start=\"339\" data-end=\"352\">120 min\u00fat<\/strong> v centre mesta stretn\u00fa\u0165 so svojou spojkou. Cel\u00e9 Star\u00e9 Mesto je pod doh\u013eadom a jednotliv\u00e9 zlo\u017eky s\u00fa pripraven\u00e9 zasiahnu\u0165. Napriek tomu potrebujeme pomoc zvonku. Fant\u00f3m toti\u017e kedysi p\u00f4sobil v na\u0161ich radoch a presne vie, ako pracujeme. Pozn\u00e1 na\u0161e postupy, vie sa strati\u0165 v dave a unikn\u00fa\u0165 aj zdanlivo bezv\u00fdchodiskovej situ\u00e1cii.<\/p>\n<p data-start=\"678\" data-end=\"699\">Preto nastupujete vy.<\/p>\n<p data-start=\"701\" data-end=\"988\">Va\u0161ou \u00falohou nie je rie\u0161i\u0165 h\u00e1danky ani plni\u0165 klasick\u00e9 stanovi\u0161tia. <strong data-start=\"768\" data-end=\"856\">Va\u0161ou jedinou misiou je chyti\u0165 \u017eiv\u00e9ho \u010dloveka, ktor\u00fd sa pohybuje ulicami Bratislavy.<\/strong> Fant\u00f3m je skuto\u010dn\u00fd hr\u00e1\u010d v ter\u00e9ne, ktor\u00fd sa sna\u017e\u00ed unika\u0165, meni\u0165 smer a vyu\u017ei\u0165 ka\u017ed\u00fa pr\u00edle\u017eitos\u0165, aby sa dostal na miesto stretnutia.<\/p>\n<p data-start=\"990\" data-end=\"1164\">Budete sa pohybova\u0165 priamo v uliciach Star\u00e9ho Mesta, sledova\u0165 jeho pohyb, takticky sa rozhodova\u0165, spolupracova\u0165 v t\u00edme a pok\u00fa\u0161a\u0165 sa ho zadr\u017ea\u0165 sk\u00f4r, ne\u017e uplynie \u010dasov\u00fd limit.<\/p>\n<p data-start=\"1166\" data-end=\"1224\">Toto nie je escape room. Toto nie je oby\u010dajn\u00e1 mestsk\u00e1 hra.<\/p>\n<p data-start=\"1226\" data-end=\"1341\">Je to <strong data-start=\"1232\" data-end=\"1281\">\u017eiv\u00e1 nah\u00e1\u0148a\u010dka v re\u00e1lnych uliciach Bratislavy<\/strong>, kde proti v\u00e1m stoj\u00ed inteligentn\u00fd protivn\u00edk z m\u00e4sa a kost\u00ed.<\/p>\n<p data-start=\"1343\" data-end=\"1429\">Ka\u017ed\u00e1 uli\u010dka m\u00f4\u017ee rozhodn\u00fa\u0165. Ka\u017ed\u00e9 zdr\u017eanie hr\u00e1 v jeho prospech. Ka\u017ed\u00e1 min\u00fata sa r\u00e1ta.<\/p>\n<p data-start=\"1431\" data-end=\"1484\" data-is-last-node=\"\" data-is-only-node=\"\"><strong data-start=\"1431\" data-end=\"1484\" data-is-last-node=\"\">Dok\u00e1\u017eete fant\u00f3ma chyti\u0165 sk\u00f4r, ne\u017e zmizne v meste?<\/strong><\/p>\n<\/div>\n<\/div>\n<\/div>\n<\/div>\n<div class=\"mt-3 w-full empty:hidden\"><\/div>\n<\/div>\n<\/div>\n<\/section>\n<\/div>\n<p><strong><span style=\"color: #ff0000;\">Nejde o escape room ani o klasick\u00fa mestsk\u00fa hru. <\/span><\/strong><span style=\"color: #ff0000;\"><strong>Pozri pravidl\u00e1<\/strong>..<\/span><\/p>\n","protected":false},"excerpt":{"rendered":"<p>Mestsk\u00e1 outdoor hra v Bratislave Tajn\u00e9 slu\u017eby ho h\u013eadaj\u00fa u\u017e cel\u00e9 mesiace. Objavil sa vo viacer\u00fdch eur\u00f3pskych mest\u00e1ch, v\u017edy v\u0161ak zmizol sk\u00f4r, ne\u017e ho stihli zadr\u017ea\u0165. Men\u00ed vzh\u013ead, pohybuje sa nen\u00e1padne a dokonale pozn\u00e1 mestsk\u00e9 prostredie. Teraz m\u00e1me potvrden\u00e9, \u017ee pr\u00e1ve dnes doraz\u00ed do Bratislavy. Pod\u013ea na\u0161ich inform\u00e1ci\u00ed sa m\u00e1 u\u017e o 120 min\u00fat v&hellip;<\/p>","protected":false},"featured_media":130,"comment_status":"open","ping_status":"closed","template":"","meta":[],"product_brand":[],"product_cat":[15,28],"product_tag":[],"class_list":{"0":"post-128","1":"product","2":"type-product","3":"status-publish","4":"has-post-thumbnail","6":"product_cat-hry","7":"product_cat-mestske-hry","9":"first","10":"instock","11":"virtual","12":"taxable","13":"purchasable","14":"product-type-simple"},"yoast_head":"<!-- This site is optimized with the Yoast SEO plugin v27.2 - https:\/\/yoast.com\/product\/yoast-seo-wordpress\/ -->\n<title>Fant\u00f3m Bratislavy - mestsk\u00e1 outdoor hra | Zazito.ooo<\/title>\n<meta name=\"description\" content=\"Outdoorov\u00e1 hra Fant\u00f3m Bratislavy z v\u00e1s sprav\u00ed miestnych detekt\u00edvov. Pom\u00f4\u017ete n\u00e1m dolapi\u0165 fant\u00f3ma a zabavte sa!\" \/>\n<meta name=\"robots\" content=\"index, follow, max-snippet:-1, max-image-preview:large, max-video-preview:-1\" \/>\n<link rel=\"canonical\" href=\"https:\/\/www.zazito.ooo\/en\/hra\/fantom-bratislavy\/\" \/>\n<meta property=\"og:locale\" content=\"en_US\" \/>\n<meta property=\"og:type\" content=\"article\" \/>\n<meta property=\"og:title\" content=\"Fant\u00f3m Bratislavy - mestsk\u00e1 outdoor hra | Zazito.ooo\" \/>\n<meta property=\"og:description\" content=\"Outdoorov\u00e1 hra Fant\u00f3m Bratislavy z v\u00e1s sprav\u00ed miestnych detekt\u00edvov. Pom\u00f4\u017ete n\u00e1m dolapi\u0165 fant\u00f3ma a zabavte sa!\" \/>\n<meta property=\"og:url\" content=\"https:\/\/www.zazito.ooo\/en\/hra\/fantom-bratislavy\/\" \/>\n<meta property=\"og:site_name\" content=\"Zazito.ooo\" \/>\n<meta property=\"article:publisher\" content=\"https:\/\/www.facebook.com\/zazitooo\/\" \/>\n<meta property=\"article:modified_time\" content=\"2026-04-21T16:44:30+00:00\" \/>\n<meta property=\"og:image\" content=\"https:\/\/www.zazito.ooo\/wp-content\/uploads\/2019\/06\/zazito.ooo_fantom_bratislavi_tn-731x1024.jpg\" \/>\n\t<meta property=\"og:image:width\" content=\"731\" \/>\n\t<meta property=\"og:image:height\" content=\"1024\" \/>\n\t<meta property=\"og:image:type\" content=\"image\/jpeg\" \/>\n<meta name=\"twitter:card\" content=\"summary_large_image\" \/>\n<meta name=\"twitter:label1\" content=\"Est. reading time\" \/>\n\t<meta name=\"twitter:data1\" content=\"2 minutes\" \/>\n<script type=\"application\/ld+json\" class=\"yoast-schema-graph\">{\"@context\":\"https:\/\/schema.org\",\"@graph\":[{\"@type\":\"WebPage\",\"@id\":\"https:\/\/www.zazito.ooo\/en\/hra\/fantom-bratislavy\/\",\"url\":\"https:\/\/www.zazito.ooo\/en\/hra\/fantom-bratislavy\/\",\"name\":\"Fant\u00f3m Bratislavy - mestsk\u00e1 outdoor hra | Zazito.ooo\",\"isPartOf\":{\"@id\":\"https:\/\/www.zazito.ooo\/en\/#website\"},\"primaryImageOfPage\":{\"@id\":\"https:\/\/www.zazito.ooo\/en\/hra\/fantom-bratislavy\/#primaryimage\"},\"image\":{\"@id\":\"https:\/\/www.zazito.ooo\/en\/hra\/fantom-bratislavy\/#primaryimage\"},\"thumbnailUrl\":\"https:\/\/www.zazito.ooo\/wp-content\/uploads\/2019\/06\/zazito.ooo_fantom_bratislavi_tn.jpg\",\"datePublished\":\"2019-06-12T15:36:45+00:00\",\"dateModified\":\"2026-04-21T16:44:30+00:00\",\"description\":\"Outdoorov\u00e1 hra Fant\u00f3m Bratislavy z v\u00e1s sprav\u00ed miestnych detekt\u00edvov. Pom\u00f4\u017ete n\u00e1m dolapi\u0165 fant\u00f3ma a zabavte sa!\",\"breadcrumb\":{\"@id\":\"https:\/\/www.zazito.ooo\/en\/hra\/fantom-bratislavy\/#breadcrumb\"},\"inLanguage\":\"en-US\",\"potentialAction\":[{\"@type\":\"ReadAction\",\"target\":[\"https:\/\/www.zazito.ooo\/en\/hra\/fantom-bratislavy\/\"]}]},{\"@type\":\"ImageObject\",\"inLanguage\":\"en-US\",\"@id\":\"https:\/\/www.zazito.ooo\/en\/hra\/fantom-bratislavy\/#primaryimage\",\"url\":\"https:\/\/www.zazito.ooo\/wp-content\/uploads\/2019\/06\/zazito.ooo_fantom_bratislavi_tn.jpg\",\"contentUrl\":\"https:\/\/www.zazito.ooo\/wp-content\/uploads\/2019\/06\/zazito.ooo_fantom_bratislavi_tn.jpg\",\"width\":1920,\"height\":2689,\"caption\":\"EVENTY A TEAMBUILDING - escape room Bratislava - Fant\u00f3m Bratislavy | zazito.ooo\"},{\"@type\":\"BreadcrumbList\",\"@id\":\"https:\/\/www.zazito.ooo\/en\/hra\/fantom-bratislavy\/#breadcrumb\",\"itemListElement\":[{\"@type\":\"ListItem\",\"position\":1,\"name\":\"Home\",\"item\":\"https:\/\/www.zazito.ooo\/\"},{\"@type\":\"ListItem\",\"position\":2,\"name\":\"Obchod\",\"item\":\"https:\/\/www.zazito.ooo\/obchod\/\"},{\"@type\":\"ListItem\",\"position\":3,\"name\":\"Fant\u00f3m Bratislavy\"}]},{\"@type\":\"WebSite\",\"@id\":\"https:\/\/www.zazito.ooo\/en\/#website\",\"url\":\"https:\/\/www.zazito.ooo\/en\/\",\"name\":\"Zazito.ooo\",\"description\":\"origin\u00e1lne escape games v Bratislave\",\"publisher\":{\"@id\":\"https:\/\/www.zazito.ooo\/en\/#organization\"},\"potentialAction\":[{\"@type\":\"SearchAction\",\"target\":{\"@type\":\"EntryPoint\",\"urlTemplate\":\"https:\/\/www.zazito.ooo\/en\/?s={search_term_string}\"},\"query-input\":{\"@type\":\"PropertyValueSpecification\",\"valueRequired\":true,\"valueName\":\"search_term_string\"}}],\"inLanguage\":\"en-US\"},{\"@type\":\"Organization\",\"@id\":\"https:\/\/www.zazito.ooo\/en\/#organization\",\"name\":\"Zazito, s.r.o.\",\"url\":\"https:\/\/www.zazito.ooo\/en\/\",\"logo\":{\"@type\":\"ImageObject\",\"inLanguage\":\"en-US\",\"@id\":\"https:\/\/www.zazito.ooo\/en\/#\/schema\/logo\/image\/\",\"url\":\"https:\/\/www.zazito.ooo\/wp-content\/uploads\/2019\/08\/zazito_logo.jpg\",\"contentUrl\":\"https:\/\/www.zazito.ooo\/wp-content\/uploads\/2019\/08\/zazito_logo.jpg\",\"width\":1080,\"height\":1080,\"caption\":\"Zazito, s.r.o.\"},\"image\":{\"@id\":\"https:\/\/www.zazito.ooo\/en\/#\/schema\/logo\/image\/\"},\"sameAs\":[\"https:\/\/www.facebook.com\/zazitooo\/\",\"https:\/\/www.instagram.com\/zazito.ooo\/?hl=sk\"]}]}<\/script>\n<!-- \/ Yoast SEO plugin. -->","yoast_head_json":{"title":"Fant\u00f3m Bratislavy - mestsk\u00e1 outdoor hra | Zazito.ooo","description":"Outdoorov\u00e1 hra Fant\u00f3m Bratislavy z v\u00e1s sprav\u00ed miestnych detekt\u00edvov. Pom\u00f4\u017ete n\u00e1m dolapi\u0165 fant\u00f3ma a zabavte sa!","robots":{"index":"index","follow":"follow","max-snippet":"max-snippet:-1","max-image-preview":"max-image-preview:large","max-video-preview":"max-video-preview:-1"},"canonical":"https:\/\/www.zazito.ooo\/en\/hra\/fantom-bratislavy\/","og_locale":"en_US","og_type":"article","og_title":"Fant\u00f3m Bratislavy - mestsk\u00e1 outdoor hra | Zazito.ooo","og_description":"Outdoorov\u00e1 hra Fant\u00f3m Bratislavy z v\u00e1s sprav\u00ed miestnych detekt\u00edvov. Pom\u00f4\u017ete n\u00e1m dolapi\u0165 fant\u00f3ma a zabavte sa!","og_url":"https:\/\/www.zazito.ooo\/en\/hra\/fantom-bratislavy\/","og_site_name":"Zazito.ooo","article_publisher":"https:\/\/www.facebook.com\/zazitooo\/","article_modified_time":"2026-04-21T16:44:30+00:00","og_image":[{"width":731,"height":1024,"url":"https:\/\/www.zazito.ooo\/wp-content\/uploads\/2019\/06\/zazito.ooo_fantom_bratislavi_tn-731x1024.jpg","type":"image\/jpeg"}],"twitter_card":"summary_large_image","twitter_misc":{"Est. reading time":"2 minutes"},"schema":{"@context":"https:\/\/schema.org","@graph":[{"@type":"WebPage","@id":"https:\/\/www.zazito.ooo\/en\/hra\/fantom-bratislavy\/","url":"https:\/\/www.zazito.ooo\/en\/hra\/fantom-bratislavy\/","name":"Fant\u00f3m Bratislavy - mestsk\u00e1 outdoor hra | Zazito.ooo","isPartOf":{"@id":"https:\/\/www.zazito.ooo\/en\/#website"},"primaryImageOfPage":{"@id":"https:\/\/www.zazito.ooo\/en\/hra\/fantom-bratislavy\/#primaryimage"},"image":{"@id":"https:\/\/www.zazito.ooo\/en\/hra\/fantom-bratislavy\/#primaryimage"},"thumbnailUrl":"https:\/\/www.zazito.ooo\/wp-content\/uploads\/2019\/06\/zazito.ooo_fantom_bratislavi_tn.jpg","datePublished":"2019-06-12T15:36:45+00:00","dateModified":"2026-04-21T16:44:30+00:00","description":"Outdoorov\u00e1 hra Fant\u00f3m Bratislavy z v\u00e1s sprav\u00ed miestnych detekt\u00edvov. Pom\u00f4\u017ete n\u00e1m dolapi\u0165 fant\u00f3ma a zabavte sa!","breadcrumb":{"@id":"https:\/\/www.zazito.ooo\/en\/hra\/fantom-bratislavy\/#breadcrumb"},"inLanguage":"en-US","potentialAction":[{"@type":"ReadAction","target":["https:\/\/www.zazito.ooo\/en\/hra\/fantom-bratislavy\/"]}]},{"@type":"ImageObject","inLanguage":"en-US","@id":"https:\/\/www.zazito.ooo\/en\/hra\/fantom-bratislavy\/#primaryimage","url":"https:\/\/www.zazito.ooo\/wp-content\/uploads\/2019\/06\/zazito.ooo_fantom_bratislavi_tn.jpg","contentUrl":"https:\/\/www.zazito.ooo\/wp-content\/uploads\/2019\/06\/zazito.ooo_fantom_bratislavi_tn.jpg","width":1920,"height":2689,"caption":"EVENTY A TEAMBUILDING - escape room Bratislava - Fant\u00f3m Bratislavy | zazito.ooo"},{"@type":"BreadcrumbList","@id":"https:\/\/www.zazito.ooo\/en\/hra\/fantom-bratislavy\/#breadcrumb","itemListElement":[{"@type":"ListItem","position":1,"name":"Home","item":"https:\/\/www.zazito.ooo\/"},{"@type":"ListItem","position":2,"name":"Obchod","item":"https:\/\/www.zazito.ooo\/obchod\/"},{"@type":"ListItem","position":3,"name":"Fant\u00f3m Bratislavy"}]},{"@type":"WebSite","@id":"https:\/\/www.zazito.ooo\/en\/#website","url":"https:\/\/www.zazito.ooo\/en\/","name":"Zazito.ooo","description":"origin\u00e1lne escape games v Bratislave","publisher":{"@id":"https:\/\/www.zazito.ooo\/en\/#organization"},"potentialAction":[{"@type":"SearchAction","target":{"@type":"EntryPoint","urlTemplate":"https:\/\/www.zazito.ooo\/en\/?s={search_term_string}"},"query-input":{"@type":"PropertyValueSpecification","valueRequired":true,"valueName":"search_term_string"}}],"inLanguage":"en-US"},{"@type":"Organization","@id":"https:\/\/www.zazito.ooo\/en\/#organization","name":"Zazito, s.r.o.","url":"https:\/\/www.zazito.ooo\/en\/","logo":{"@type":"ImageObject","inLanguage":"en-US","@id":"https:\/\/www.zazito.ooo\/en\/#\/schema\/logo\/image\/","url":"https:\/\/www.zazito.ooo\/wp-content\/uploads\/2019\/08\/zazito_logo.jpg","contentUrl":"https:\/\/www.zazito.ooo\/wp-content\/uploads\/2019\/08\/zazito_logo.jpg","width":1080,"height":1080,"caption":"Zazito, s.r.o."},"image":{"@id":"https:\/\/www.zazito.ooo\/en\/#\/schema\/logo\/image\/"},"sameAs":["https:\/\/www.facebook.com\/zazitooo\/","https:\/\/www.instagram.com\/zazito.ooo\/?hl=sk"]}]}},"_links":{"self":[{"href":"https:\/\/www.zazito.ooo\/en\/wp-json\/wp\/v2\/product\/128","targetHints":{"allow":["GET"]}}],"collection":[{"href":"https:\/\/www.zazito.ooo\/en\/wp-json\/wp\/v2\/product"}],"about":[{"href":"https:\/\/www.zazito.ooo\/en\/wp-json\/wp\/v2\/types\/product"}],"replies":[{"embeddable":true,"href":"https:\/\/www.zazito.ooo\/en\/wp-json\/wp\/v2\/comments?post=128"}],"wp:featuredmedia":[{"embeddable":true,"href":"https:\/\/www.zazito.ooo\/en\/wp-json\/wp\/v2\/media\/130"}],"wp:attachment":[{"href":"https:\/\/www.zazito.ooo\/en\/wp-json\/wp\/v2\/media?parent=128"}],"wp:term":[{"taxonomy":"product_brand","embeddable":true,"href":"https:\/\/www.zazito.ooo\/en\/wp-json\/wp\/v2\/product_brand?post=128"},{"taxonomy":"product_cat","embeddable":true,"href":"https:\/\/www.zazito.ooo\/en\/wp-json\/wp\/v2\/product_cat?post=128"},{"taxonomy":"product_tag","embeddable":true,"href":"https:\/\/www.zazito.ooo\/en\/wp-json\/wp\/v2\/product_tag?post=128"}],"curies":[{"name":"wp","href":"https:\/\/api.w.org\/{rel}","templated":true}]}}