{"id":121,"date":"2019-06-12T17:32:18","date_gmt":"2019-06-12T15:32:18","guid":{"rendered":"https:\/\/www.new.zazito.ooo\/?post_type=product&#038;p=121"},"modified":"2025-04-17T10:18:15","modified_gmt":"2025-04-17T08:18:15","slug":"divny-dom","status":"publish","type":"product","link":"https:\/\/www.zazito.ooo\/en\/hra\/divny-dom\/","title":{"rendered":"Divn\u00fd dom"},"content":{"rendered":"<h4><span style=\"color: #808080;\">Escape hra v Petr\u017ealke<\/span><\/h4>\n<p>V tomto dome, \u010di sk\u00f4r chatke, <strong>uprostred najv\u00e4\u010d\u0161ieho bratislavsk\u00e9ho s\u00eddliska<\/strong> \u017eila v pren\u00e1jme e\u0161te doned\u00e1vna mlad\u00e1 rodina svoj pokojn\u00fd \u017eivot. V dome zostali zariaden\u00e9 izby, odostlan\u00e1 postie\u013eka v detskej izbi\u010dke\u2026<\/p>\n<p>&nbsp;<\/p>\n<p><strong>Pr\u00ed\u010fte zisti\u0165, pre\u010do je tento dom uprostred Petr\u017ealky divn\u00fd, a \u010do sa v \u0148om mohlo sta\u0165!<\/strong><\/p>\n<p>M\u00e1te 90 min\u00fat, v ktor\u00fdch sa ocitnete v miestnostiach <strong>Divn\u00e9ho domu<\/strong>. Va\u0161a \u00faloha je jasn\u00e1 &#8211; <strong>DOSTA\u0164 SA VON!!!<\/strong> Ale aj to NEMUS\u00cd STA\u010cI\u0164&#8230;<br \/>\nHra je zalo\u017een\u00e1 na princ\u00edpoch PC hier \u201c<strong>room escape<\/strong>\u201d s pridan\u00edm mysteri\u00f3znych a unreality prvkov.<\/p>","protected":false},"excerpt":{"rendered":"<p>Escape hra v Petr\u017ealke V tomto dome, \u010di sk\u00f4r chatke, uprostred najv\u00e4\u010d\u0161ieho bratislavsk\u00e9ho s\u00eddliska \u017eila v pren\u00e1jme e\u0161te doned\u00e1vna mlad\u00e1 rodina svoj pokojn\u00fd \u017eivot. V dome zostali zariaden\u00e9 izby, odostlan\u00e1 postie\u013eka v detskej izbi\u010dke\u2026 &nbsp; Pr\u00ed\u010fte zisti\u0165, pre\u010do je tento dom uprostred Petr\u017ealky divn\u00fd, a \u010do sa v \u0148om mohlo sta\u0165! M\u00e1te 90 min\u00fat, v&hellip;<\/p>","protected":false},"featured_media":56784,"comment_status":"open","ping_status":"closed","template":"","meta":[],"product_brand":[],"product_cat":[15,27],"product_tag":[],"class_list":{"0":"post-121","1":"product","2":"type-product","3":"status-publish","4":"has-post-thumbnail","6":"product_cat-hry","7":"product_cat-klasicke-escape-hry","9":"first","10":"instock","11":"virtual","12":"taxable","13":"purchasable","14":"product-type-simple"},"yoast_head":"<!-- This site is optimized with the Yoast SEO plugin v27.2 - https:\/\/yoast.com\/product\/yoast-seo-wordpress\/ -->\n<title>Divn\u00fd dom - escape room Bratislava - Petr\u017ealka | Zazito.ooo<\/title>\n<meta name=\"description\" content=\"\u010co sa stalo v tomto divnom dome uprostred Petr\u017ealky a ako sa z neho dosta\u0165 von? Pr\u00ed\u010fte to zisti\u0165! Rezervujte si escape room Divn\u00fd dom cez n\u00e1\u0161 web.\" \/>\n<meta name=\"robots\" content=\"index, follow, max-snippet:-1, max-image-preview:large, max-video-preview:-1\" \/>\n<link rel=\"canonical\" href=\"https:\/\/www.zazito.ooo\/en\/hra\/divny-dom\/\" \/>\n<meta property=\"og:locale\" content=\"en_US\" \/>\n<meta property=\"og:type\" content=\"article\" \/>\n<meta property=\"og:title\" content=\"Divn\u00fd dom - escape room Bratislava - Petr\u017ealka | Zazito.ooo\" \/>\n<meta property=\"og:description\" content=\"\u010co sa stalo v tomto divnom dome uprostred Petr\u017ealky a ako sa z neho dosta\u0165 von? Pr\u00ed\u010fte to zisti\u0165! Rezervujte si escape room Divn\u00fd dom cez n\u00e1\u0161 web.\" \/>\n<meta property=\"og:url\" content=\"https:\/\/www.zazito.ooo\/en\/hra\/divny-dom\/\" \/>\n<meta property=\"og:site_name\" content=\"Zazito.ooo\" \/>\n<meta property=\"article:publisher\" content=\"https:\/\/www.facebook.com\/zazitooo\/\" \/>\n<meta property=\"article:modified_time\" content=\"2025-04-17T08:18:15+00:00\" \/>\n<meta property=\"og:image\" content=\"https:\/\/www.zazito.ooo\/wp-content\/uploads\/2019\/06\/Divny-dom.webp\" \/>\n\t<meta property=\"og:image:width\" content=\"960\" \/>\n\t<meta property=\"og:image:height\" content=\"540\" \/>\n\t<meta property=\"og:image:type\" content=\"image\/webp\" \/>\n<meta name=\"twitter:card\" content=\"summary_large_image\" \/>\n<meta name=\"twitter:label1\" content=\"Est. reading time\" \/>\n\t<meta name=\"twitter:data1\" content=\"1 minute\" \/>\n<script type=\"application\/ld+json\" class=\"yoast-schema-graph\">{\"@context\":\"https:\/\/schema.org\",\"@graph\":[{\"@type\":\"WebPage\",\"@id\":\"https:\/\/www.zazito.ooo\/en\/hra\/divny-dom\/\",\"url\":\"https:\/\/www.zazito.ooo\/en\/hra\/divny-dom\/\",\"name\":\"Divn\u00fd dom - escape room Bratislava - Petr\u017ealka | Zazito.ooo\",\"isPartOf\":{\"@id\":\"https:\/\/www.zazito.ooo\/en\/#website\"},\"primaryImageOfPage\":{\"@id\":\"https:\/\/www.zazito.ooo\/en\/hra\/divny-dom\/#primaryimage\"},\"image\":{\"@id\":\"https:\/\/www.zazito.ooo\/en\/hra\/divny-dom\/#primaryimage\"},\"thumbnailUrl\":\"https:\/\/www.zazito.ooo\/wp-content\/uploads\/2019\/06\/Divny-dom.webp\",\"datePublished\":\"2019-06-12T15:32:18+00:00\",\"dateModified\":\"2025-04-17T08:18:15+00:00\",\"description\":\"\u010co sa stalo v tomto divnom dome uprostred Petr\u017ealky a ako sa z neho dosta\u0165 von? Pr\u00ed\u010fte to zisti\u0165! Rezervujte si escape room Divn\u00fd dom cez n\u00e1\u0161 web.\",\"breadcrumb\":{\"@id\":\"https:\/\/www.zazito.ooo\/en\/hra\/divny-dom\/#breadcrumb\"},\"inLanguage\":\"en-US\",\"potentialAction\":[{\"@type\":\"ReadAction\",\"target\":[\"https:\/\/www.zazito.ooo\/en\/hra\/divny-dom\/\"]}]},{\"@type\":\"ImageObject\",\"inLanguage\":\"en-US\",\"@id\":\"https:\/\/www.zazito.ooo\/en\/hra\/divny-dom\/#primaryimage\",\"url\":\"https:\/\/www.zazito.ooo\/wp-content\/uploads\/2019\/06\/Divny-dom.webp\",\"contentUrl\":\"https:\/\/www.zazito.ooo\/wp-content\/uploads\/2019\/06\/Divny-dom.webp\",\"width\":960,\"height\":540,\"caption\":\"escape room\"},{\"@type\":\"BreadcrumbList\",\"@id\":\"https:\/\/www.zazito.ooo\/en\/hra\/divny-dom\/#breadcrumb\",\"itemListElement\":[{\"@type\":\"ListItem\",\"position\":1,\"name\":\"Home\",\"item\":\"https:\/\/www.zazito.ooo\/\"},{\"@type\":\"ListItem\",\"position\":2,\"name\":\"Obchod\",\"item\":\"https:\/\/www.zazito.ooo\/obchod\/\"},{\"@type\":\"ListItem\",\"position\":3,\"name\":\"Divn\u00fd dom\"}]},{\"@type\":\"WebSite\",\"@id\":\"https:\/\/www.zazito.ooo\/en\/#website\",\"url\":\"https:\/\/www.zazito.ooo\/en\/\",\"name\":\"Zazito.ooo\",\"description\":\"origin\u00e1lne escape games v Bratislave\",\"publisher\":{\"@id\":\"https:\/\/www.zazito.ooo\/en\/#organization\"},\"potentialAction\":[{\"@type\":\"SearchAction\",\"target\":{\"@type\":\"EntryPoint\",\"urlTemplate\":\"https:\/\/www.zazito.ooo\/en\/?s={search_term_string}\"},\"query-input\":{\"@type\":\"PropertyValueSpecification\",\"valueRequired\":true,\"valueName\":\"search_term_string\"}}],\"inLanguage\":\"en-US\"},{\"@type\":\"Organization\",\"@id\":\"https:\/\/www.zazito.ooo\/en\/#organization\",\"name\":\"Zazito, s.r.o.\",\"url\":\"https:\/\/www.zazito.ooo\/en\/\",\"logo\":{\"@type\":\"ImageObject\",\"inLanguage\":\"en-US\",\"@id\":\"https:\/\/www.zazito.ooo\/en\/#\/schema\/logo\/image\/\",\"url\":\"https:\/\/www.zazito.ooo\/wp-content\/uploads\/2019\/08\/zazito_logo.jpg\",\"contentUrl\":\"https:\/\/www.zazito.ooo\/wp-content\/uploads\/2019\/08\/zazito_logo.jpg\",\"width\":1080,\"height\":1080,\"caption\":\"Zazito, s.r.o.\"},\"image\":{\"@id\":\"https:\/\/www.zazito.ooo\/en\/#\/schema\/logo\/image\/\"},\"sameAs\":[\"https:\/\/www.facebook.com\/zazitooo\/\",\"https:\/\/www.instagram.com\/zazito.ooo\/?hl=sk\"]}]}<\/script>\n<!-- \/ Yoast SEO plugin. -->","yoast_head_json":{"title":"Divn\u00fd dom - escape room Bratislava - Petr\u017ealka | Zazito.ooo","description":"\u010co sa stalo v tomto divnom dome uprostred Petr\u017ealky a ako sa z neho dosta\u0165 von? Pr\u00ed\u010fte to zisti\u0165! Rezervujte si escape room Divn\u00fd dom cez n\u00e1\u0161 web.","robots":{"index":"index","follow":"follow","max-snippet":"max-snippet:-1","max-image-preview":"max-image-preview:large","max-video-preview":"max-video-preview:-1"},"canonical":"https:\/\/www.zazito.ooo\/en\/hra\/divny-dom\/","og_locale":"en_US","og_type":"article","og_title":"Divn\u00fd dom - escape room Bratislava - Petr\u017ealka | Zazito.ooo","og_description":"\u010co sa stalo v tomto divnom dome uprostred Petr\u017ealky a ako sa z neho dosta\u0165 von? Pr\u00ed\u010fte to zisti\u0165! Rezervujte si escape room Divn\u00fd dom cez n\u00e1\u0161 web.","og_url":"https:\/\/www.zazito.ooo\/en\/hra\/divny-dom\/","og_site_name":"Zazito.ooo","article_publisher":"https:\/\/www.facebook.com\/zazitooo\/","article_modified_time":"2025-04-17T08:18:15+00:00","og_image":[{"width":960,"height":540,"url":"https:\/\/www.zazito.ooo\/wp-content\/uploads\/2019\/06\/Divny-dom.webp","type":"image\/webp"}],"twitter_card":"summary_large_image","twitter_misc":{"Est. reading time":"1 minute"},"schema":{"@context":"https:\/\/schema.org","@graph":[{"@type":"WebPage","@id":"https:\/\/www.zazito.ooo\/en\/hra\/divny-dom\/","url":"https:\/\/www.zazito.ooo\/en\/hra\/divny-dom\/","name":"Divn\u00fd dom - escape room Bratislava - Petr\u017ealka | Zazito.ooo","isPartOf":{"@id":"https:\/\/www.zazito.ooo\/en\/#website"},"primaryImageOfPage":{"@id":"https:\/\/www.zazito.ooo\/en\/hra\/divny-dom\/#primaryimage"},"image":{"@id":"https:\/\/www.zazito.ooo\/en\/hra\/divny-dom\/#primaryimage"},"thumbnailUrl":"https:\/\/www.zazito.ooo\/wp-content\/uploads\/2019\/06\/Divny-dom.webp","datePublished":"2019-06-12T15:32:18+00:00","dateModified":"2025-04-17T08:18:15+00:00","description":"\u010co sa stalo v tomto divnom dome uprostred Petr\u017ealky a ako sa z neho dosta\u0165 von? Pr\u00ed\u010fte to zisti\u0165! Rezervujte si escape room Divn\u00fd dom cez n\u00e1\u0161 web.","breadcrumb":{"@id":"https:\/\/www.zazito.ooo\/en\/hra\/divny-dom\/#breadcrumb"},"inLanguage":"en-US","potentialAction":[{"@type":"ReadAction","target":["https:\/\/www.zazito.ooo\/en\/hra\/divny-dom\/"]}]},{"@type":"ImageObject","inLanguage":"en-US","@id":"https:\/\/www.zazito.ooo\/en\/hra\/divny-dom\/#primaryimage","url":"https:\/\/www.zazito.ooo\/wp-content\/uploads\/2019\/06\/Divny-dom.webp","contentUrl":"https:\/\/www.zazito.ooo\/wp-content\/uploads\/2019\/06\/Divny-dom.webp","width":960,"height":540,"caption":"escape room"},{"@type":"BreadcrumbList","@id":"https:\/\/www.zazito.ooo\/en\/hra\/divny-dom\/#breadcrumb","itemListElement":[{"@type":"ListItem","position":1,"name":"Home","item":"https:\/\/www.zazito.ooo\/"},{"@type":"ListItem","position":2,"name":"Obchod","item":"https:\/\/www.zazito.ooo\/obchod\/"},{"@type":"ListItem","position":3,"name":"Divn\u00fd dom"}]},{"@type":"WebSite","@id":"https:\/\/www.zazito.ooo\/en\/#website","url":"https:\/\/www.zazito.ooo\/en\/","name":"Zazito.ooo","description":"origin\u00e1lne escape games v Bratislave","publisher":{"@id":"https:\/\/www.zazito.ooo\/en\/#organization"},"potentialAction":[{"@type":"SearchAction","target":{"@type":"EntryPoint","urlTemplate":"https:\/\/www.zazito.ooo\/en\/?s={search_term_string}"},"query-input":{"@type":"PropertyValueSpecification","valueRequired":true,"valueName":"search_term_string"}}],"inLanguage":"en-US"},{"@type":"Organization","@id":"https:\/\/www.zazito.ooo\/en\/#organization","name":"Zazito, s.r.o.","url":"https:\/\/www.zazito.ooo\/en\/","logo":{"@type":"ImageObject","inLanguage":"en-US","@id":"https:\/\/www.zazito.ooo\/en\/#\/schema\/logo\/image\/","url":"https:\/\/www.zazito.ooo\/wp-content\/uploads\/2019\/08\/zazito_logo.jpg","contentUrl":"https:\/\/www.zazito.ooo\/wp-content\/uploads\/2019\/08\/zazito_logo.jpg","width":1080,"height":1080,"caption":"Zazito, s.r.o."},"image":{"@id":"https:\/\/www.zazito.ooo\/en\/#\/schema\/logo\/image\/"},"sameAs":["https:\/\/www.facebook.com\/zazitooo\/","https:\/\/www.instagram.com\/zazito.ooo\/?hl=sk"]}]}},"_links":{"self":[{"href":"https:\/\/www.zazito.ooo\/en\/wp-json\/wp\/v2\/product\/121","targetHints":{"allow":["GET"]}}],"collection":[{"href":"https:\/\/www.zazito.ooo\/en\/wp-json\/wp\/v2\/product"}],"about":[{"href":"https:\/\/www.zazito.ooo\/en\/wp-json\/wp\/v2\/types\/product"}],"replies":[{"embeddable":true,"href":"https:\/\/www.zazito.ooo\/en\/wp-json\/wp\/v2\/comments?post=121"}],"wp:featuredmedia":[{"embeddable":true,"href":"https:\/\/www.zazito.ooo\/en\/wp-json\/wp\/v2\/media\/56784"}],"wp:attachment":[{"href":"https:\/\/www.zazito.ooo\/en\/wp-json\/wp\/v2\/media?parent=121"}],"wp:term":[{"taxonomy":"product_brand","embeddable":true,"href":"https:\/\/www.zazito.ooo\/en\/wp-json\/wp\/v2\/product_brand?post=121"},{"taxonomy":"product_cat","embeddable":true,"href":"https:\/\/www.zazito.ooo\/en\/wp-json\/wp\/v2\/product_cat?post=121"},{"taxonomy":"product_tag","embeddable":true,"href":"https:\/\/www.zazito.ooo\/en\/wp-json\/wp\/v2\/product_tag?post=121"}],"curies":[{"name":"wp","href":"https:\/\/api.w.org\/{rel}","templated":true}]}}