{"id":114,"date":"2019-06-12T17:29:07","date_gmt":"2019-06-12T15:29:07","guid":{"rendered":"https:\/\/www.new.zazito.ooo\/?post_type=product&#038;p=114"},"modified":"2026-01-12T16:24:41","modified_gmt":"2026-01-12T15:24:41","slug":"divny-bus","status":"publish","type":"product","link":"https:\/\/www.zazito.ooo\/en\/hra\/divny-bus\/","title":{"rendered":"strange bus"},"content":{"rendered":"<div dir=\"auto\">V\u00e1\u017een\u00ed z\u00e1kazn\u00edci,<\/div>\n<div dir=\"auto\">z d\u00f4vodu zl\u00e9ho technick\u00e9ho stavu escape hry Divn\u00fd autobus a z\u00e1rove\u0148 nutnosti vynalo\u017eenia neprimerane vysok\u00fdch n\u00e1kladov na \u010fal\u0161\u00ed pren\u00e1jom pozemku sme boli n\u00faten\u00ed t\u00fato hru s platnos\u0165ou od dne\u0161n\u00e9ho d\u0148a ukon\u010di\u0165.<\/div>\n<div dir=\"auto\">Toto rozhodnutie nebolo jednoduch\u00e9, no bezpe\u010dnos\u0165 hr\u00e1\u010dov a zachovanie kvality na\u0161ich hier s\u00fa pre n\u00e1s absol\u00fatnou prioritou.<\/div>\n<div dir=\"auto\">Radi by sme v\u00e1s v\u0161ak uistili, \u017ee \u017eiadny zak\u00fapen\u00fd poukaz alebo voucher neprepadne.<\/div>\n<div dir=\"auto\">V\u0161etci z\u00e1kazn\u00edci, ktor\u00ed vlastnia:dar\u010dekov\u00fd poukaz,voucher zo Z\u013eavomatu, alebo in\u00fd platn\u00fd vstup na hru Divn\u00fd autobus,<\/div>\n<div dir=\"auto\">m\u00f4\u017eu tento poukaz bez ak\u00fdchko\u013evek doplatkov vyu\u017ei\u0165 na ktor\u00fako\u013evek in\u00fa escape hru z na\u0161ej ponuky.<\/div>\n<div dir=\"auto\">V pr\u00edpade ot\u00e1zok alebo rezerv\u00e1cie n\u00e1hradn\u00e9ho term\u00ednu n\u00e1s nev\u00e1hajte kontaktova\u0165 e-mailom alebo prostredn\u00edctvom na\u0161ej webovej str\u00e1nky.<\/div>\n<div dir=\"auto\">\u010eakujeme za pochopenie a va\u0161u priaze\u0148.<\/div>","protected":false},"excerpt":{"rendered":"<p>V\u00e1\u017een\u00ed z\u00e1kazn\u00edci, z d\u00f4vodu zl\u00e9ho technick\u00e9ho stavu escape hry Divn\u00fd autobus a z\u00e1rove\u0148 nutnosti vynalo\u017eenia neprimerane vysok\u00fdch n\u00e1kladov na \u010fal\u0161\u00ed pren\u00e1jom pozemku sme boli n\u00faten\u00ed t\u00fato hru s platnos\u0165ou od dne\u0161n\u00e9ho d\u0148a ukon\u010di\u0165. Toto rozhodnutie nebolo jednoduch\u00e9, no bezpe\u010dnos\u0165 hr\u00e1\u010dov a zachovanie kvality na\u0161ich hier s\u00fa pre n\u00e1s absol\u00fatnou prioritou. Radi by sme v\u00e1s v\u0161ak&hellip;<\/p>","protected":false},"featured_media":56794,"comment_status":"open","ping_status":"closed","template":"","meta":[],"product_brand":[],"product_cat":[15,27,30],"product_tag":[],"class_list":{"0":"post-114","1":"product","2":"type-product","3":"status-publish","4":"has-post-thumbnail","6":"product_cat-hry","7":"product_cat-klasicke-escape-hry","8":"product_cat-mozne-hrat-v-anglictine","10":"first","11":"outofstock","12":"virtual","13":"taxable","14":"purchasable","15":"product-type-simple"},"yoast_head":"<!-- This site is optimized with the Yoast SEO plugin v27.2 - https:\/\/yoast.com\/product\/yoast-seo-wordpress\/ -->\n<title>Divn\u00fd bus - escape hra Bratislava | Zazito.ooo<\/title>\n<meta name=\"description\" content=\"Podar\u00ed sa v\u00e1m unikn\u00fa\u0165 z dvojposchodov\u00e9ho autobusu? Vysk\u00fa\u0161ajte na\u0161u origin\u00e1lnu escapu room s jedine\u010dnou atmosf\u00e9rou. Rezervujte si term\u00edn online cez n\u00e1\u0161 web.\" \/>\n<meta name=\"robots\" content=\"index, follow, max-snippet:-1, max-image-preview:large, max-video-preview:-1\" \/>\n<link rel=\"canonical\" href=\"https:\/\/www.zazito.ooo\/en\/hra\/divny-bus\/\" \/>\n<meta property=\"og:locale\" content=\"en_US\" \/>\n<meta property=\"og:type\" content=\"article\" \/>\n<meta property=\"og:title\" content=\"Divn\u00fd bus - escape hra Bratislava | Zazito.ooo\" \/>\n<meta property=\"og:description\" content=\"Podar\u00ed sa v\u00e1m unikn\u00fa\u0165 z dvojposchodov\u00e9ho autobusu? Vysk\u00fa\u0161ajte na\u0161u origin\u00e1lnu escapu room s jedine\u010dnou atmosf\u00e9rou. Rezervujte si term\u00edn online cez n\u00e1\u0161 web.\" \/>\n<meta property=\"og:url\" content=\"https:\/\/www.zazito.ooo\/en\/hra\/divny-bus\/\" \/>\n<meta property=\"og:site_name\" content=\"Zazito.ooo\" \/>\n<meta property=\"article:publisher\" content=\"https:\/\/www.facebook.com\/zazitooo\/\" \/>\n<meta property=\"article:modified_time\" content=\"2026-01-12T15:24:41+00:00\" \/>\n<meta property=\"og:image\" content=\"https:\/\/www.zazito.ooo\/wp-content\/uploads\/2019\/06\/zazito-img-landscape-divny-bus-2.webp\" \/>\n\t<meta property=\"og:image:width\" content=\"1920\" \/>\n\t<meta property=\"og:image:height\" content=\"1080\" \/>\n\t<meta property=\"og:image:type\" content=\"image\/webp\" \/>\n<meta name=\"twitter:card\" content=\"summary_large_image\" \/>\n<meta name=\"twitter:label1\" content=\"Est. reading time\" \/>\n\t<meta name=\"twitter:data1\" content=\"1 minute\" \/>\n<script type=\"application\/ld+json\" class=\"yoast-schema-graph\">{\"@context\":\"https:\/\/schema.org\",\"@graph\":[{\"@type\":\"WebPage\",\"@id\":\"https:\/\/www.zazito.ooo\/en\/hra\/divny-bus\/\",\"url\":\"https:\/\/www.zazito.ooo\/en\/hra\/divny-bus\/\",\"name\":\"Divn\u00fd bus - escape hra Bratislava | Zazito.ooo\",\"isPartOf\":{\"@id\":\"https:\/\/www.zazito.ooo\/en\/#website\"},\"primaryImageOfPage\":{\"@id\":\"https:\/\/www.zazito.ooo\/en\/hra\/divny-bus\/#primaryimage\"},\"image\":{\"@id\":\"https:\/\/www.zazito.ooo\/en\/hra\/divny-bus\/#primaryimage\"},\"thumbnailUrl\":\"https:\/\/www.zazito.ooo\/wp-content\/uploads\/2019\/06\/zazito-img-landscape-divny-bus-2.webp\",\"datePublished\":\"2019-06-12T15:29:07+00:00\",\"dateModified\":\"2026-01-12T15:24:41+00:00\",\"description\":\"Podar\u00ed sa v\u00e1m unikn\u00fa\u0165 z dvojposchodov\u00e9ho autobusu? Vysk\u00fa\u0161ajte na\u0161u origin\u00e1lnu escapu room s jedine\u010dnou atmosf\u00e9rou. Rezervujte si term\u00edn online cez n\u00e1\u0161 web.\",\"breadcrumb\":{\"@id\":\"https:\/\/www.zazito.ooo\/en\/hra\/divny-bus\/#breadcrumb\"},\"inLanguage\":\"en-US\",\"potentialAction\":[{\"@type\":\"ReadAction\",\"target\":[\"https:\/\/www.zazito.ooo\/en\/hra\/divny-bus\/\"]}]},{\"@type\":\"ImageObject\",\"inLanguage\":\"en-US\",\"@id\":\"https:\/\/www.zazito.ooo\/en\/hra\/divny-bus\/#primaryimage\",\"url\":\"https:\/\/www.zazito.ooo\/wp-content\/uploads\/2019\/06\/zazito-img-landscape-divny-bus-2.webp\",\"contentUrl\":\"https:\/\/www.zazito.ooo\/wp-content\/uploads\/2019\/06\/zazito-img-landscape-divny-bus-2.webp\",\"width\":1920,\"height\":1080,\"caption\":\"divny bus- escape bus\"},{\"@type\":\"BreadcrumbList\",\"@id\":\"https:\/\/www.zazito.ooo\/en\/hra\/divny-bus\/#breadcrumb\",\"itemListElement\":[{\"@type\":\"ListItem\",\"position\":1,\"name\":\"Home\",\"item\":\"https:\/\/www.zazito.ooo\/\"},{\"@type\":\"ListItem\",\"position\":2,\"name\":\"Obchod\",\"item\":\"https:\/\/www.zazito.ooo\/obchod\/\"},{\"@type\":\"ListItem\",\"position\":3,\"name\":\"Divn\u00fd bus\"}]},{\"@type\":\"WebSite\",\"@id\":\"https:\/\/www.zazito.ooo\/en\/#website\",\"url\":\"https:\/\/www.zazito.ooo\/en\/\",\"name\":\"Zazito.ooo\",\"description\":\"origin\u00e1lne escape games v Bratislave\",\"publisher\":{\"@id\":\"https:\/\/www.zazito.ooo\/en\/#organization\"},\"potentialAction\":[{\"@type\":\"SearchAction\",\"target\":{\"@type\":\"EntryPoint\",\"urlTemplate\":\"https:\/\/www.zazito.ooo\/en\/?s={search_term_string}\"},\"query-input\":{\"@type\":\"PropertyValueSpecification\",\"valueRequired\":true,\"valueName\":\"search_term_string\"}}],\"inLanguage\":\"en-US\"},{\"@type\":\"Organization\",\"@id\":\"https:\/\/www.zazito.ooo\/en\/#organization\",\"name\":\"Zazito, s.r.o.\",\"url\":\"https:\/\/www.zazito.ooo\/en\/\",\"logo\":{\"@type\":\"ImageObject\",\"inLanguage\":\"en-US\",\"@id\":\"https:\/\/www.zazito.ooo\/en\/#\/schema\/logo\/image\/\",\"url\":\"https:\/\/www.zazito.ooo\/wp-content\/uploads\/2019\/08\/zazito_logo.jpg\",\"contentUrl\":\"https:\/\/www.zazito.ooo\/wp-content\/uploads\/2019\/08\/zazito_logo.jpg\",\"width\":1080,\"height\":1080,\"caption\":\"Zazito, s.r.o.\"},\"image\":{\"@id\":\"https:\/\/www.zazito.ooo\/en\/#\/schema\/logo\/image\/\"},\"sameAs\":[\"https:\/\/www.facebook.com\/zazitooo\/\",\"https:\/\/www.instagram.com\/zazito.ooo\/?hl=sk\"]}]}<\/script>\n<!-- \/ Yoast SEO plugin. -->","yoast_head_json":{"title":"Divn\u00fd bus - escape hra Bratislava | Zazito.ooo","description":"Podar\u00ed sa v\u00e1m unikn\u00fa\u0165 z dvojposchodov\u00e9ho autobusu? Vysk\u00fa\u0161ajte na\u0161u origin\u00e1lnu escapu room s jedine\u010dnou atmosf\u00e9rou. Rezervujte si term\u00edn online cez n\u00e1\u0161 web.","robots":{"index":"index","follow":"follow","max-snippet":"max-snippet:-1","max-image-preview":"max-image-preview:large","max-video-preview":"max-video-preview:-1"},"canonical":"https:\/\/www.zazito.ooo\/en\/hra\/divny-bus\/","og_locale":"en_US","og_type":"article","og_title":"Divn\u00fd bus - escape hra Bratislava | Zazito.ooo","og_description":"Podar\u00ed sa v\u00e1m unikn\u00fa\u0165 z dvojposchodov\u00e9ho autobusu? Vysk\u00fa\u0161ajte na\u0161u origin\u00e1lnu escapu room s jedine\u010dnou atmosf\u00e9rou. Rezervujte si term\u00edn online cez n\u00e1\u0161 web.","og_url":"https:\/\/www.zazito.ooo\/en\/hra\/divny-bus\/","og_site_name":"Zazito.ooo","article_publisher":"https:\/\/www.facebook.com\/zazitooo\/","article_modified_time":"2026-01-12T15:24:41+00:00","og_image":[{"width":1920,"height":1080,"url":"https:\/\/www.zazito.ooo\/wp-content\/uploads\/2019\/06\/zazito-img-landscape-divny-bus-2.webp","type":"image\/webp"}],"twitter_card":"summary_large_image","twitter_misc":{"Est. reading time":"1 minute"},"schema":{"@context":"https:\/\/schema.org","@graph":[{"@type":"WebPage","@id":"https:\/\/www.zazito.ooo\/en\/hra\/divny-bus\/","url":"https:\/\/www.zazito.ooo\/en\/hra\/divny-bus\/","name":"Divn\u00fd bus - escape hra Bratislava | Zazito.ooo","isPartOf":{"@id":"https:\/\/www.zazito.ooo\/en\/#website"},"primaryImageOfPage":{"@id":"https:\/\/www.zazito.ooo\/en\/hra\/divny-bus\/#primaryimage"},"image":{"@id":"https:\/\/www.zazito.ooo\/en\/hra\/divny-bus\/#primaryimage"},"thumbnailUrl":"https:\/\/www.zazito.ooo\/wp-content\/uploads\/2019\/06\/zazito-img-landscape-divny-bus-2.webp","datePublished":"2019-06-12T15:29:07+00:00","dateModified":"2026-01-12T15:24:41+00:00","description":"Podar\u00ed sa v\u00e1m unikn\u00fa\u0165 z dvojposchodov\u00e9ho autobusu? Vysk\u00fa\u0161ajte na\u0161u origin\u00e1lnu escapu room s jedine\u010dnou atmosf\u00e9rou. Rezervujte si term\u00edn online cez n\u00e1\u0161 web.","breadcrumb":{"@id":"https:\/\/www.zazito.ooo\/en\/hra\/divny-bus\/#breadcrumb"},"inLanguage":"en-US","potentialAction":[{"@type":"ReadAction","target":["https:\/\/www.zazito.ooo\/en\/hra\/divny-bus\/"]}]},{"@type":"ImageObject","inLanguage":"en-US","@id":"https:\/\/www.zazito.ooo\/en\/hra\/divny-bus\/#primaryimage","url":"https:\/\/www.zazito.ooo\/wp-content\/uploads\/2019\/06\/zazito-img-landscape-divny-bus-2.webp","contentUrl":"https:\/\/www.zazito.ooo\/wp-content\/uploads\/2019\/06\/zazito-img-landscape-divny-bus-2.webp","width":1920,"height":1080,"caption":"divny bus- escape bus"},{"@type":"BreadcrumbList","@id":"https:\/\/www.zazito.ooo\/en\/hra\/divny-bus\/#breadcrumb","itemListElement":[{"@type":"ListItem","position":1,"name":"Home","item":"https:\/\/www.zazito.ooo\/"},{"@type":"ListItem","position":2,"name":"Obchod","item":"https:\/\/www.zazito.ooo\/obchod\/"},{"@type":"ListItem","position":3,"name":"Divn\u00fd bus"}]},{"@type":"WebSite","@id":"https:\/\/www.zazito.ooo\/en\/#website","url":"https:\/\/www.zazito.ooo\/en\/","name":"Zazito.ooo","description":"origin\u00e1lne escape games v Bratislave","publisher":{"@id":"https:\/\/www.zazito.ooo\/en\/#organization"},"potentialAction":[{"@type":"SearchAction","target":{"@type":"EntryPoint","urlTemplate":"https:\/\/www.zazito.ooo\/en\/?s={search_term_string}"},"query-input":{"@type":"PropertyValueSpecification","valueRequired":true,"valueName":"search_term_string"}}],"inLanguage":"en-US"},{"@type":"Organization","@id":"https:\/\/www.zazito.ooo\/en\/#organization","name":"Zazito, s.r.o.","url":"https:\/\/www.zazito.ooo\/en\/","logo":{"@type":"ImageObject","inLanguage":"en-US","@id":"https:\/\/www.zazito.ooo\/en\/#\/schema\/logo\/image\/","url":"https:\/\/www.zazito.ooo\/wp-content\/uploads\/2019\/08\/zazito_logo.jpg","contentUrl":"https:\/\/www.zazito.ooo\/wp-content\/uploads\/2019\/08\/zazito_logo.jpg","width":1080,"height":1080,"caption":"Zazito, s.r.o."},"image":{"@id":"https:\/\/www.zazito.ooo\/en\/#\/schema\/logo\/image\/"},"sameAs":["https:\/\/www.facebook.com\/zazitooo\/","https:\/\/www.instagram.com\/zazito.ooo\/?hl=sk"]}]}},"_links":{"self":[{"href":"https:\/\/www.zazito.ooo\/en\/wp-json\/wp\/v2\/product\/114","targetHints":{"allow":["GET"]}}],"collection":[{"href":"https:\/\/www.zazito.ooo\/en\/wp-json\/wp\/v2\/product"}],"about":[{"href":"https:\/\/www.zazito.ooo\/en\/wp-json\/wp\/v2\/types\/product"}],"replies":[{"embeddable":true,"href":"https:\/\/www.zazito.ooo\/en\/wp-json\/wp\/v2\/comments?post=114"}],"wp:featuredmedia":[{"embeddable":true,"href":"https:\/\/www.zazito.ooo\/en\/wp-json\/wp\/v2\/media\/56794"}],"wp:attachment":[{"href":"https:\/\/www.zazito.ooo\/en\/wp-json\/wp\/v2\/media?parent=114"}],"wp:term":[{"taxonomy":"product_brand","embeddable":true,"href":"https:\/\/www.zazito.ooo\/en\/wp-json\/wp\/v2\/product_brand?post=114"},{"taxonomy":"product_cat","embeddable":true,"href":"https:\/\/www.zazito.ooo\/en\/wp-json\/wp\/v2\/product_cat?post=114"},{"taxonomy":"product_tag","embeddable":true,"href":"https:\/\/www.zazito.ooo\/en\/wp-json\/wp\/v2\/product_tag?post=114"}],"curies":[{"name":"wp","href":"https:\/\/api.w.org\/{rel}","templated":true}]}}