{"id":102,"date":"2019-06-12T13:22:53","date_gmt":"2019-06-12T11:22:53","guid":{"rendered":"https:\/\/www.new.zazito.ooo\/?post_type=product&#038;p=102"},"modified":"2025-11-24T02:29:32","modified_gmt":"2025-11-24T01:29:32","slug":"divne-dupa","status":"publish","type":"product","link":"https:\/\/www.zazito.ooo\/en\/hra\/divne-dupa\/","title":{"rendered":"Divn\u00e9 d\u00fap\u00e4"},"content":{"rendered":"<h4><span style=\"color: #808080;\">Escape room<\/span><\/h4>\n<p>\u010carodejn\u00edk \u017eij\u00faci v <strong>Divnom d\u00fap\u00e4ti<\/strong>, ob\u010das nech\u00e1 svoje <strong>bratislavsk\u00e9 d\u00fap\u00e4<\/strong> opusten\u00e9, ale m\u00f4\u017ee sa kedyko\u013evek objavi\u0165! Pre nezvan\u00fdch host\u00ed si prichystal \u010dary a m\u00e1giu. <strong>Dostanete sa cez jeho kliatby?<\/strong><\/p>\n<p>&nbsp;<\/p>\n<p>Jedna miestnos\u0165, jeden pr\u00edbeh, jedna partia a jedin\u00e1 mo\u017enos\u0165 \u00faniku pred divotvorn\u00fdm \u010darodejom okupuj\u00facim svoje <strong>Divn\u00e9 d\u00fap\u00e4<\/strong>. Nech\u00e1te sa vydesi\u0165 na smr\u0165 alebo zabojujete a prem\u00f4\u017eete mocn\u00e9 k\u00fazla n\u00e1\u0161ho \u010darodeja a dostanete sa z jeho d\u00fap\u00e4\u0165a?<\/p>\n<p><strong>Nov\u00e1 escape hra v\u00e1s a va\u0161u partiu zabav\u00ed.<\/strong><\/p>","protected":false},"excerpt":{"rendered":"<p>Escape room \u010carodejn\u00edk \u017eij\u00faci v Divnom d\u00fap\u00e4ti, ob\u010das nech\u00e1 svoje bratislavsk\u00e9 d\u00fap\u00e4 opusten\u00e9, ale m\u00f4\u017ee sa kedyko\u013evek objavi\u0165! Pre nezvan\u00fdch host\u00ed si prichystal \u010dary a m\u00e1giu. Dostanete sa cez jeho kliatby? &nbsp; Jedna miestnos\u0165, jeden pr\u00edbeh, jedna partia a jedin\u00e1 mo\u017enos\u0165 \u00faniku pred divotvorn\u00fdm \u010darodejom okupuj\u00facim svoje Divn\u00e9 d\u00fap\u00e4. Nech\u00e1te sa vydesi\u0165 na smr\u0165 alebo&hellip;<\/p>","protected":false},"featured_media":103,"comment_status":"open","ping_status":"closed","template":"","meta":[],"product_brand":[],"product_cat":[15,27],"product_tag":[],"class_list":{"0":"post-102","1":"product","2":"type-product","3":"status-publish","4":"has-post-thumbnail","6":"product_cat-hry","7":"product_cat-klasicke-escape-hry","9":"first","10":"instock","11":"virtual","12":"taxable","13":"purchasable","14":"product-type-simple"},"yoast_head":"<!-- This site is optimized with the Yoast SEO plugin v27.2 - https:\/\/yoast.com\/product\/yoast-seo-wordpress\/ -->\n<title>Divn\u00e9 d\u00fap\u00e4 \u010darodejn\u00edka - escape room Bratislava | Zazito.ooo<\/title>\n<meta name=\"description\" content=\"Dok\u00e1\u017eete prem\u00f4c\u0165 mocn\u00e9ho \u010darodejn\u00edka a unikn\u00fa\u0165 mu? Otestujte sa v na\u0161ej \u00fanikovej hre Divn\u00e9 d\u00fap\u00e4. Rezervujte si term\u00edn cez n\u00e1\u0161 online syst\u00e9m.\" \/>\n<meta name=\"robots\" content=\"index, follow, max-snippet:-1, max-image-preview:large, max-video-preview:-1\" \/>\n<link rel=\"canonical\" href=\"https:\/\/www.zazito.ooo\/en\/hra\/divne-dupa\/\" \/>\n<meta property=\"og:locale\" content=\"en_US\" \/>\n<meta property=\"og:type\" content=\"article\" \/>\n<meta property=\"og:title\" content=\"Divn\u00e9 d\u00fap\u00e4 \u010darodejn\u00edka - escape room Bratislava | Zazito.ooo\" \/>\n<meta property=\"og:description\" content=\"Dok\u00e1\u017eete prem\u00f4c\u0165 mocn\u00e9ho \u010darodejn\u00edka a unikn\u00fa\u0165 mu? Otestujte sa v na\u0161ej \u00fanikovej hre Divn\u00e9 d\u00fap\u00e4. Rezervujte si term\u00edn cez n\u00e1\u0161 online syst\u00e9m.\" \/>\n<meta property=\"og:url\" content=\"https:\/\/www.zazito.ooo\/en\/hra\/divne-dupa\/\" \/>\n<meta property=\"og:site_name\" content=\"Zazito.ooo\" \/>\n<meta property=\"article:publisher\" content=\"https:\/\/www.facebook.com\/zazitooo\/\" \/>\n<meta property=\"article:modified_time\" content=\"2025-11-24T01:29:32+00:00\" \/>\n<meta property=\"og:image\" content=\"https:\/\/www.zazito.ooo\/wp-content\/uploads\/2019\/06\/zazito.ooo_divne_dupa1_tn.jpg\" \/>\n\t<meta property=\"og:image:width\" content=\"1920\" \/>\n\t<meta property=\"og:image:height\" content=\"1440\" \/>\n\t<meta property=\"og:image:type\" content=\"image\/jpeg\" \/>\n<meta name=\"twitter:card\" content=\"summary_large_image\" \/>\n<meta name=\"twitter:label1\" content=\"Est. reading time\" \/>\n\t<meta name=\"twitter:data1\" content=\"1 minute\" \/>\n<script type=\"application\/ld+json\" class=\"yoast-schema-graph\">{\"@context\":\"https:\/\/schema.org\",\"@graph\":[{\"@type\":\"WebPage\",\"@id\":\"https:\/\/www.zazito.ooo\/en\/hra\/divne-dupa\/\",\"url\":\"https:\/\/www.zazito.ooo\/en\/hra\/divne-dupa\/\",\"name\":\"Divn\u00e9 d\u00fap\u00e4 \u010darodejn\u00edka - escape room Bratislava | Zazito.ooo\",\"isPartOf\":{\"@id\":\"https:\/\/www.zazito.ooo\/en\/#website\"},\"primaryImageOfPage\":{\"@id\":\"https:\/\/www.zazito.ooo\/en\/hra\/divne-dupa\/#primaryimage\"},\"image\":{\"@id\":\"https:\/\/www.zazito.ooo\/en\/hra\/divne-dupa\/#primaryimage\"},\"thumbnailUrl\":\"https:\/\/www.zazito.ooo\/wp-content\/uploads\/2019\/06\/zazito.ooo_divne_dupa1_tn.jpg\",\"datePublished\":\"2019-06-12T11:22:53+00:00\",\"dateModified\":\"2025-11-24T01:29:32+00:00\",\"description\":\"Dok\u00e1\u017eete prem\u00f4c\u0165 mocn\u00e9ho \u010darodejn\u00edka a unikn\u00fa\u0165 mu? Otestujte sa v na\u0161ej \u00fanikovej hre Divn\u00e9 d\u00fap\u00e4. Rezervujte si term\u00edn cez n\u00e1\u0161 online syst\u00e9m.\",\"breadcrumb\":{\"@id\":\"https:\/\/www.zazito.ooo\/en\/hra\/divne-dupa\/#breadcrumb\"},\"inLanguage\":\"en-US\",\"potentialAction\":[{\"@type\":\"ReadAction\",\"target\":[\"https:\/\/www.zazito.ooo\/en\/hra\/divne-dupa\/\"]}]},{\"@type\":\"ImageObject\",\"inLanguage\":\"en-US\",\"@id\":\"https:\/\/www.zazito.ooo\/en\/hra\/divne-dupa\/#primaryimage\",\"url\":\"https:\/\/www.zazito.ooo\/wp-content\/uploads\/2019\/06\/zazito.ooo_divne_dupa1_tn.jpg\",\"contentUrl\":\"https:\/\/www.zazito.ooo\/wp-content\/uploads\/2019\/06\/zazito.ooo_divne_dupa1_tn.jpg\",\"width\":1920,\"height\":1440,\"caption\":\"EVENTY A TEAMBUILDING - escape room Bratislava - Divn\u00e9 d\u00fap\u00e4 | zazito.ooo\"},{\"@type\":\"BreadcrumbList\",\"@id\":\"https:\/\/www.zazito.ooo\/en\/hra\/divne-dupa\/#breadcrumb\",\"itemListElement\":[{\"@type\":\"ListItem\",\"position\":1,\"name\":\"Home\",\"item\":\"https:\/\/www.zazito.ooo\/\"},{\"@type\":\"ListItem\",\"position\":2,\"name\":\"Obchod\",\"item\":\"https:\/\/www.zazito.ooo\/obchod\/\"},{\"@type\":\"ListItem\",\"position\":3,\"name\":\"Divn\u00e9 d\u00fap\u00e4\"}]},{\"@type\":\"WebSite\",\"@id\":\"https:\/\/www.zazito.ooo\/en\/#website\",\"url\":\"https:\/\/www.zazito.ooo\/en\/\",\"name\":\"Zazito.ooo\",\"description\":\"origin\u00e1lne escape games v Bratislave\",\"publisher\":{\"@id\":\"https:\/\/www.zazito.ooo\/en\/#organization\"},\"potentialAction\":[{\"@type\":\"SearchAction\",\"target\":{\"@type\":\"EntryPoint\",\"urlTemplate\":\"https:\/\/www.zazito.ooo\/en\/?s={search_term_string}\"},\"query-input\":{\"@type\":\"PropertyValueSpecification\",\"valueRequired\":true,\"valueName\":\"search_term_string\"}}],\"inLanguage\":\"en-US\"},{\"@type\":\"Organization\",\"@id\":\"https:\/\/www.zazito.ooo\/en\/#organization\",\"name\":\"Zazito, s.r.o.\",\"url\":\"https:\/\/www.zazito.ooo\/en\/\",\"logo\":{\"@type\":\"ImageObject\",\"inLanguage\":\"en-US\",\"@id\":\"https:\/\/www.zazito.ooo\/en\/#\/schema\/logo\/image\/\",\"url\":\"https:\/\/www.zazito.ooo\/wp-content\/uploads\/2019\/08\/zazito_logo.jpg\",\"contentUrl\":\"https:\/\/www.zazito.ooo\/wp-content\/uploads\/2019\/08\/zazito_logo.jpg\",\"width\":1080,\"height\":1080,\"caption\":\"Zazito, s.r.o.\"},\"image\":{\"@id\":\"https:\/\/www.zazito.ooo\/en\/#\/schema\/logo\/image\/\"},\"sameAs\":[\"https:\/\/www.facebook.com\/zazitooo\/\",\"https:\/\/www.instagram.com\/zazito.ooo\/?hl=sk\"]}]}<\/script>\n<!-- \/ Yoast SEO plugin. -->","yoast_head_json":{"title":"Divn\u00e9 d\u00fap\u00e4 \u010darodejn\u00edka - escape room Bratislava | Zazito.ooo","description":"Dok\u00e1\u017eete prem\u00f4c\u0165 mocn\u00e9ho \u010darodejn\u00edka a unikn\u00fa\u0165 mu? Otestujte sa v na\u0161ej \u00fanikovej hre Divn\u00e9 d\u00fap\u00e4. Rezervujte si term\u00edn cez n\u00e1\u0161 online syst\u00e9m.","robots":{"index":"index","follow":"follow","max-snippet":"max-snippet:-1","max-image-preview":"max-image-preview:large","max-video-preview":"max-video-preview:-1"},"canonical":"https:\/\/www.zazito.ooo\/en\/hra\/divne-dupa\/","og_locale":"en_US","og_type":"article","og_title":"Divn\u00e9 d\u00fap\u00e4 \u010darodejn\u00edka - escape room Bratislava | Zazito.ooo","og_description":"Dok\u00e1\u017eete prem\u00f4c\u0165 mocn\u00e9ho \u010darodejn\u00edka a unikn\u00fa\u0165 mu? Otestujte sa v na\u0161ej \u00fanikovej hre Divn\u00e9 d\u00fap\u00e4. Rezervujte si term\u00edn cez n\u00e1\u0161 online syst\u00e9m.","og_url":"https:\/\/www.zazito.ooo\/en\/hra\/divne-dupa\/","og_site_name":"Zazito.ooo","article_publisher":"https:\/\/www.facebook.com\/zazitooo\/","article_modified_time":"2025-11-24T01:29:32+00:00","og_image":[{"width":1920,"height":1440,"url":"https:\/\/www.zazito.ooo\/wp-content\/uploads\/2019\/06\/zazito.ooo_divne_dupa1_tn.jpg","type":"image\/jpeg"}],"twitter_card":"summary_large_image","twitter_misc":{"Est. reading time":"1 minute"},"schema":{"@context":"https:\/\/schema.org","@graph":[{"@type":"WebPage","@id":"https:\/\/www.zazito.ooo\/en\/hra\/divne-dupa\/","url":"https:\/\/www.zazito.ooo\/en\/hra\/divne-dupa\/","name":"Divn\u00e9 d\u00fap\u00e4 \u010darodejn\u00edka - escape room Bratislava | Zazito.ooo","isPartOf":{"@id":"https:\/\/www.zazito.ooo\/en\/#website"},"primaryImageOfPage":{"@id":"https:\/\/www.zazito.ooo\/en\/hra\/divne-dupa\/#primaryimage"},"image":{"@id":"https:\/\/www.zazito.ooo\/en\/hra\/divne-dupa\/#primaryimage"},"thumbnailUrl":"https:\/\/www.zazito.ooo\/wp-content\/uploads\/2019\/06\/zazito.ooo_divne_dupa1_tn.jpg","datePublished":"2019-06-12T11:22:53+00:00","dateModified":"2025-11-24T01:29:32+00:00","description":"Dok\u00e1\u017eete prem\u00f4c\u0165 mocn\u00e9ho \u010darodejn\u00edka a unikn\u00fa\u0165 mu? Otestujte sa v na\u0161ej \u00fanikovej hre Divn\u00e9 d\u00fap\u00e4. Rezervujte si term\u00edn cez n\u00e1\u0161 online syst\u00e9m.","breadcrumb":{"@id":"https:\/\/www.zazito.ooo\/en\/hra\/divne-dupa\/#breadcrumb"},"inLanguage":"en-US","potentialAction":[{"@type":"ReadAction","target":["https:\/\/www.zazito.ooo\/en\/hra\/divne-dupa\/"]}]},{"@type":"ImageObject","inLanguage":"en-US","@id":"https:\/\/www.zazito.ooo\/en\/hra\/divne-dupa\/#primaryimage","url":"https:\/\/www.zazito.ooo\/wp-content\/uploads\/2019\/06\/zazito.ooo_divne_dupa1_tn.jpg","contentUrl":"https:\/\/www.zazito.ooo\/wp-content\/uploads\/2019\/06\/zazito.ooo_divne_dupa1_tn.jpg","width":1920,"height":1440,"caption":"EVENTY A TEAMBUILDING - escape room Bratislava - Divn\u00e9 d\u00fap\u00e4 | zazito.ooo"},{"@type":"BreadcrumbList","@id":"https:\/\/www.zazito.ooo\/en\/hra\/divne-dupa\/#breadcrumb","itemListElement":[{"@type":"ListItem","position":1,"name":"Home","item":"https:\/\/www.zazito.ooo\/"},{"@type":"ListItem","position":2,"name":"Obchod","item":"https:\/\/www.zazito.ooo\/obchod\/"},{"@type":"ListItem","position":3,"name":"Divn\u00e9 d\u00fap\u00e4"}]},{"@type":"WebSite","@id":"https:\/\/www.zazito.ooo\/en\/#website","url":"https:\/\/www.zazito.ooo\/en\/","name":"Zazito.ooo","description":"origin\u00e1lne escape games v Bratislave","publisher":{"@id":"https:\/\/www.zazito.ooo\/en\/#organization"},"potentialAction":[{"@type":"SearchAction","target":{"@type":"EntryPoint","urlTemplate":"https:\/\/www.zazito.ooo\/en\/?s={search_term_string}"},"query-input":{"@type":"PropertyValueSpecification","valueRequired":true,"valueName":"search_term_string"}}],"inLanguage":"en-US"},{"@type":"Organization","@id":"https:\/\/www.zazito.ooo\/en\/#organization","name":"Zazito, s.r.o.","url":"https:\/\/www.zazito.ooo\/en\/","logo":{"@type":"ImageObject","inLanguage":"en-US","@id":"https:\/\/www.zazito.ooo\/en\/#\/schema\/logo\/image\/","url":"https:\/\/www.zazito.ooo\/wp-content\/uploads\/2019\/08\/zazito_logo.jpg","contentUrl":"https:\/\/www.zazito.ooo\/wp-content\/uploads\/2019\/08\/zazito_logo.jpg","width":1080,"height":1080,"caption":"Zazito, s.r.o."},"image":{"@id":"https:\/\/www.zazito.ooo\/en\/#\/schema\/logo\/image\/"},"sameAs":["https:\/\/www.facebook.com\/zazitooo\/","https:\/\/www.instagram.com\/zazito.ooo\/?hl=sk"]}]}},"_links":{"self":[{"href":"https:\/\/www.zazito.ooo\/en\/wp-json\/wp\/v2\/product\/102","targetHints":{"allow":["GET"]}}],"collection":[{"href":"https:\/\/www.zazito.ooo\/en\/wp-json\/wp\/v2\/product"}],"about":[{"href":"https:\/\/www.zazito.ooo\/en\/wp-json\/wp\/v2\/types\/product"}],"replies":[{"embeddable":true,"href":"https:\/\/www.zazito.ooo\/en\/wp-json\/wp\/v2\/comments?post=102"}],"wp:featuredmedia":[{"embeddable":true,"href":"https:\/\/www.zazito.ooo\/en\/wp-json\/wp\/v2\/media\/103"}],"wp:attachment":[{"href":"https:\/\/www.zazito.ooo\/en\/wp-json\/wp\/v2\/media?parent=102"}],"wp:term":[{"taxonomy":"product_brand","embeddable":true,"href":"https:\/\/www.zazito.ooo\/en\/wp-json\/wp\/v2\/product_brand?post=102"},{"taxonomy":"product_cat","embeddable":true,"href":"https:\/\/www.zazito.ooo\/en\/wp-json\/wp\/v2\/product_cat?post=102"},{"taxonomy":"product_tag","embeddable":true,"href":"https:\/\/www.zazito.ooo\/en\/wp-json\/wp\/v2\/product_tag?post=102"}],"curies":[{"name":"wp","href":"https:\/\/api.w.org\/{rel}","templated":true}]}}