{"id":843,"date":"2019-07-02T23:15:25","date_gmt":"2019-07-02T21:15:25","guid":{"rendered":"https:\/\/www.new.zazito.ooo\/?page_id=843"},"modified":"2024-12-05T14:11:57","modified_gmt":"2024-12-05T13:11:57","slug":"hry-na-kluc","status":"publish","type":"page","link":"https:\/\/www.zazito.ooo\/en\/hry-na-kluc\/","title":{"rendered":"HRY NA K\u013d\u00da\u010c"},"content":{"rendered":"<div data-elementor-type=\"wp-page\" data-elementor-id=\"843\" class=\"elementor elementor-843\" data-elementor-post-type=\"page\">\n\t\t\t\t\t\t<section class=\"elementor-section elementor-top-section elementor-element elementor-element-1bbd6f9 elementor-section-boxed elementor-section-height-default elementor-section-height-default\" data-id=\"1bbd6f9\" data-element_type=\"section\" data-e-type=\"section\">\n\t\t\t\t\t\t<div class=\"elementor-container elementor-column-gap-default\">\n\t\t\t\t\t<div class=\"elementor-column elementor-col-100 elementor-top-column elementor-element elementor-element-731c80b\" data-id=\"731c80b\" data-element_type=\"column\" data-e-type=\"column\">\n\t\t\t<div class=\"elementor-widget-wrap elementor-element-populated\">\n\t\t\t\t\t\t<div class=\"elementor-element elementor-element-81d3b5d elementor-hidden-desktop elementor-hidden-tablet elementor-hidden-mobile elementor-widget elementor-widget-heading\" data-id=\"81d3b5d\" data-element_type=\"widget\" data-e-type=\"widget\" data-widget_type=\"heading.default\">\n\t\t\t\t<div class=\"elementor-widget-container\">\n\t\t\t\t\t<h1 class=\"elementor-heading-title elementor-size-default\">Hry na kl\u00fa\u010d<\/h1>\t\t\t\t<\/div>\n\t\t\t\t<\/div>\n\t\t\t\t\t<\/div>\n\t\t<\/div>\n\t\t\t\t\t<\/div>\n\t\t<\/section>\n\t\t\t\t<section class=\"elementor-section elementor-top-section elementor-element elementor-element-5d18f4c6 elementor-section-boxed elementor-section-height-default elementor-section-height-default\" data-id=\"5d18f4c6\" data-element_type=\"section\" data-e-type=\"section\">\n\t\t\t\t\t\t<div class=\"elementor-container elementor-column-gap-default\">\n\t\t\t\t\t<div class=\"elementor-column elementor-col-100 elementor-top-column elementor-element elementor-element-5e24ebc6\" data-id=\"5e24ebc6\" data-element_type=\"column\" data-e-type=\"column\">\n\t\t\t<div class=\"elementor-widget-wrap elementor-element-populated\">\n\t\t\t\t\t\t<div class=\"elementor-element elementor-element-334cfc0c elementor-widget elementor-widget-text-editor\" data-id=\"334cfc0c\" data-element_type=\"widget\" data-e-type=\"widget\" data-widget_type=\"text-editor.default\">\n\t\t\t\t<div class=\"elementor-widget-container\">\n\t\t\t\t\t\t\t\t\t<p>Kongresov\u00e1 miestnos\u0165, zasada\u010dka \u010di bar\u2026 to s\u00fa len niektor\u00e9 z miest, kde sme pre na\u0161ich klientov pripravovali origin\u00e1lne <strong>escape room<\/strong> hry. Na\u0161a flexibilita a kreat\u00edvny pr\u00edstup n\u00e1m umo\u017e\u0148uj\u00fa prisp\u00f4sobi\u0165 tieto hry ak\u00e9muko\u013evek prostrediu, \u010d\u00edm zabezpe\u010dujeme jedine\u010dn\u00fd z\u00e1\u017eitok pre ka\u017ed\u00fa firmu \u010di skupinu. Jedn\u00fdm z na\u0161ich najob\u013e\u00fabenej\u0161\u00edch konceptov bola napr\u00edklad escape room s t\u00e9mou vra\u017edy v hotelovej izbe. T\u00e1to hra sa odohr\u00e1vala v autenticky upravenej miestnosti, kde \u00fa\u010dastn\u00edci museli vyu\u017e\u00edva\u0165 svoje schopnosti a spolupr\u00e1cu na to, aby rozl\u00faskli z\u00e1hadu a unikli z miestnosti v stanovenom \u010dase.<\/p>\n<p><strong>Escape hry na k\u013e\u00fa\u010d<\/strong> s\u00fa na\u0161a \u0161pecialita. Na\u0161\u00edm cie\u013eom je vytv\u00e1ra\u0165 hry, ktor\u00e9 s\u00fa prisp\u00f4soben\u00e9 va\u0161im potreb\u00e1m a po\u017eiadavk\u00e1m, \u010di u\u017e ide o firemn\u00e9 teambuildingy, oslavy, alebo in\u00e9 pr\u00edle\u017eitosti.<\/p>\n<p>Ka\u017ed\u00e1 hra je navrhnut\u00e1 tak, aby \u00fa\u010dastn\u00edci museli zapoji\u0165 logick\u00e9 myslenie, \u0161ikovnos\u0165, koncentr\u00e1ciu a v neposlednom rade aj dobr\u00fa pam\u00e4\u0165. Na\u0161e hry nie s\u00fa len o z\u00e1bave, ale aj o rozvoji t\u00edmovej spolupr\u00e1ce a kreativity. S\u00fa ide\u00e1lnym sp\u00f4sobom, ako sa odreagova\u0165 a z\u00e1rove\u0148 sa nau\u010di\u0165 nie\u010do nov\u00e9 o sebe a svojom t\u00edme. Viac info telefonicky alebo mailom.<\/p>\n<div>\n<div>\n<p><a href=\"\/en\/_wp_link_placeholder\/\" data-wplink-edit=\"true\">+421 908 828 141<\/a><\/p>\n<\/div>\n<div>\n<p><a href=\"mailto: info@zazito.ooo\">info@zazito.ooo<\/a><\/p>\n<\/div>\n<\/div>\t\t\t\t\t\t\t\t<\/div>\n\t\t\t\t<\/div>\n\t\t\t\t\t<\/div>\n\t\t<\/div>\n\t\t\t\t\t<\/div>\n\t\t<\/section>\n\t\t\t\t<section class=\"elementor-section elementor-top-section elementor-element elementor-element-6232940 elementor-section-boxed elementor-section-height-default elementor-section-height-default\" data-id=\"6232940\" data-element_type=\"section\" data-e-type=\"section\">\n\t\t\t\t\t\t<div class=\"elementor-container elementor-column-gap-default\">\n\t\t\t\t\t<div class=\"elementor-column elementor-col-100 elementor-top-column elementor-element elementor-element-b1b5b81\" data-id=\"b1b5b81\" data-element_type=\"column\" data-e-type=\"column\">\n\t\t\t<div class=\"elementor-widget-wrap elementor-element-populated\">\n\t\t\t\t\t\t<div class=\"elementor-element elementor-element-b2038e0 elementor-hidden-desktop elementor-hidden-tablet elementor-hidden-mobile elementor-widget elementor-widget-text-editor\" data-id=\"b2038e0\" data-element_type=\"widget\" data-e-type=\"widget\" data-widget_type=\"text-editor.default\">\n\t\t\t\t<div class=\"elementor-widget-container\">\n\t\t\t\t\t\t\t\t\t<p>Po\u010das hry sa \u00fa\u010dastn\u00edci ocitn\u00fa v situ\u00e1ci\u00e1ch, kde bud\u00fa musie\u0165 rie\u0161i\u0165 r\u00f4zne h\u00e1danky, analyzova\u0165 stopy a rozhodova\u0165 sa pod \u010dasov\u00fdm tlakom. Ka\u017ed\u00e1 \u00faloha je starostlivo navrhnut\u00e1 tak, aby \u00fa\u010dastn\u00edkov don\u00fatila prem\u00fd\u0161\u013ea\u0165 inovat\u00edvne a spolupracova\u0165, \u010do je k\u013e\u00fa\u010dov\u00e9 pre \u00faspe\u0161n\u00e9 dokon\u010denie hry.<\/p><p>Na konci ka\u017edej <strong>escape hry<\/strong> si \u00fa\u010dastn\u00edci odnes\u00fa nielen pocit v\u00ed\u0165azstva, ale aj bal\u00ed\u010dek vtipn\u00fdch z\u00e1\u017eitkov, ktor\u00e9 si bud\u00fa dlho pam\u00e4ta\u0165. Hry s\u00fa z\u00e1bavn\u00fdm a interakt\u00edvnym sp\u00f4sobom, ako str\u00e1vi\u0165 \u010das s kamar\u00e1tmi \u010di kolegami, a z\u00e1rove\u0148 poskytn\u00fa pr\u00edle\u017eitos\u0165 na z\u00edskanie nov\u00fdch vedomost\u00ed, ktor\u00e9 m\u00f4\u017eu by\u0165 u\u017eito\u010dn\u00e9 aj v re\u00e1lnom \u017eivote.<\/p><p>Vytv\u00e1rame z\u00e1\u017eitky, ktor\u00e9 sp\u00e1jaj\u00fa \u013eud\u00ed a umo\u017e\u0148uj\u00fa im r\u00e1s\u0165 \u2013 a pr\u00e1ve preto s\u00fa na\u0161e <strong>hry na k\u013e\u00fa\u010d<\/strong> jedine\u010dn\u00fdm rie\u0161en\u00edm pre ka\u017ed\u00e9ho, kto h\u013ead\u00e1 z\u00e1bavu s pridanou hodnotou.<\/p>\t\t\t\t\t\t\t\t<\/div>\n\t\t\t\t<\/div>\n\t\t\t\t\t<\/div>\n\t\t<\/div>\n\t\t\t\t\t<\/div>\n\t\t<\/section>\n\t\t\t\t<section class=\"elementor-section elementor-top-section elementor-element elementor-element-6fbd890 elementor-section-boxed elementor-section-height-default elementor-section-height-default\" data-id=\"6fbd890\" data-element_type=\"section\" data-e-type=\"section\">\n\t\t\t\t\t\t<div class=\"elementor-container elementor-column-gap-default\">\n\t\t\t\t\t<div class=\"elementor-column elementor-col-100 elementor-top-column elementor-element elementor-element-d092b75\" data-id=\"d092b75\" data-element_type=\"column\" data-e-type=\"column\">\n\t\t\t<div class=\"elementor-widget-wrap\">\n\t\t\t\t\t\t\t<\/div>\n\t\t<\/div>\n\t\t\t\t\t<\/div>\n\t\t<\/section>\n\t\t\t\t<section class=\"elementor-section elementor-top-section elementor-element elementor-element-7fdc9d3 elementor-section-boxed elementor-section-height-default elementor-section-height-default\" data-id=\"7fdc9d3\" data-element_type=\"section\" data-e-type=\"section\">\n\t\t\t\t\t\t<div class=\"elementor-container elementor-column-gap-default\">\n\t\t\t\t\t<div class=\"elementor-column elementor-col-100 elementor-top-column elementor-element elementor-element-82ae7ce\" data-id=\"82ae7ce\" data-element_type=\"column\" data-e-type=\"column\">\n\t\t\t<div class=\"elementor-widget-wrap elementor-element-populated\">\n\t\t\t\t\t\t<div class=\"elementor-element elementor-element-61fd5dd elementor-hidden-desktop elementor-hidden-tablet elementor-hidden-mobile elementor-widget elementor-widget-heading\" data-id=\"61fd5dd\" data-element_type=\"widget\" data-e-type=\"widget\" data-widget_type=\"heading.default\">\n\t\t\t\t<div class=\"elementor-widget-container\">\n\t\t\t\t\t<h2 class=\"elementor-heading-title elementor-size-default\"><a href=\"https:\/\/www.zazito.ooo\/en\/?gclid=CjwKCAjw_4S3BhAAEiwA_64Yhstu1N5aR_FZDZLJmw1VbuGWgm-5JJG5n3IUECVu5NjivauvQlmvdhoCnCcQAvD_BwE\">\u0161ifrova\u010dky<\/a><\/h2>\t\t\t\t<\/div>\n\t\t\t\t<\/div>\n\t\t\t\t<div class=\"elementor-element elementor-element-44e8327 elementor-hidden-desktop elementor-hidden-tablet elementor-hidden-mobile elementor-widget elementor-widget-heading\" data-id=\"44e8327\" data-element_type=\"widget\" data-e-type=\"widget\" data-widget_type=\"heading.default\">\n\t\t\t\t<div class=\"elementor-widget-container\">\n\t\t\t\t\t<h2 class=\"elementor-heading-title elementor-size-default\">hry na kl\u00fa\u010d<\/h2>\t\t\t\t<\/div>\n\t\t\t\t<\/div>\n\t\t\t\t\t<\/div>\n\t\t<\/div>\n\t\t\t\t\t<\/div>\n\t\t<\/section>\n\t\t\t\t<\/div>","protected":false},"excerpt":{"rendered":"<p>Hry na kl\u00fa\u010d Kongresov\u00e1 miestnos\u0165, zasada\u010dka \u010di bar\u2026 to s\u00fa len niektor\u00e9 z miest, kde sme pre na\u0161ich klientov pripravovali origin\u00e1lne escape room hry. Na\u0161a flexibilita a kreat\u00edvny pr\u00edstup n\u00e1m umo\u017e\u0148uj\u00fa prisp\u00f4sobi\u0165 tieto hry ak\u00e9muko\u013evek prostrediu, \u010d\u00edm zabezpe\u010dujeme jedine\u010dn\u00fd z\u00e1\u017eitok pre ka\u017ed\u00fa firmu \u010di skupinu. Jedn\u00fdm z na\u0161ich najob\u013e\u00fabenej\u0161\u00edch konceptov bola napr\u00edklad escape room s&hellip;<\/p>","protected":false},"author":1,"featured_media":56635,"parent":0,"menu_order":0,"comment_status":"closed","ping_status":"closed","template":"","meta":{"footnotes":""},"class_list":["post-843","page","type-page","status-publish","has-post-thumbnail","hentry"],"yoast_head":"<!-- This site is optimized with the Yoast SEO plugin v27.2 - https:\/\/yoast.com\/product\/yoast-seo-wordpress\/ -->\n<title>hry na kl\u00fa\u010d - Zazito.ooo<\/title>\n<meta name=\"description\" content=\"hry na kl\u00fa\u010d. Obr\u00e1\u0165te sa na n\u00e1s s konkr\u00e9tnou predstavou o t\u00e9me a mieste escape hry. Agent\u00fara Za\u017eito.ooo pre v\u00e1s priprav\u00ed jedine\u010dn\u00e9 hry na k\u013e\u00fa\u010d.\" \/>\n<meta name=\"robots\" content=\"index, follow, max-snippet:-1, max-image-preview:large, max-video-preview:-1\" \/>\n<link rel=\"canonical\" href=\"https:\/\/www.zazito.ooo\/en\/hry-na-kluc\/\" \/>\n<meta property=\"og:locale\" content=\"en_US\" \/>\n<meta property=\"og:type\" content=\"article\" \/>\n<meta property=\"og:title\" content=\"hry na kl\u00fa\u010d - Zazito.ooo\" \/>\n<meta property=\"og:description\" content=\"hry na kl\u00fa\u010d. Obr\u00e1\u0165te sa na n\u00e1s s konkr\u00e9tnou predstavou o t\u00e9me a mieste escape hry. Agent\u00fara Za\u017eito.ooo pre v\u00e1s priprav\u00ed jedine\u010dn\u00e9 hry na k\u013e\u00fa\u010d.\" \/>\n<meta property=\"og:url\" content=\"https:\/\/www.zazito.ooo\/en\/hry-na-kluc\/\" \/>\n<meta property=\"og:site_name\" content=\"Zazito.ooo\" \/>\n<meta property=\"article:publisher\" content=\"https:\/\/www.facebook.com\/zazitooo\/\" \/>\n<meta property=\"article:modified_time\" content=\"2024-12-05T13:11:57+00:00\" \/>\n<meta property=\"og:image\" content=\"https:\/\/www.zazito.ooo\/wp-content\/uploads\/2024\/07\/04_Hry_na_kluc_tn.webp\" \/>\n\t<meta property=\"og:image:width\" content=\"1920\" \/>\n\t<meta property=\"og:image:height\" content=\"1080\" \/>\n\t<meta property=\"og:image:type\" content=\"image\/webp\" \/>\n<meta name=\"twitter:card\" content=\"summary_large_image\" \/>\n<meta name=\"twitter:label1\" content=\"Est. reading time\" \/>\n\t<meta name=\"twitter:data1\" content=\"2 minutes\" \/>\n<script type=\"application\/ld+json\" class=\"yoast-schema-graph\">{\"@context\":\"https:\/\/schema.org\",\"@graph\":[{\"@type\":\"WebPage\",\"@id\":\"https:\/\/www.zazito.ooo\/en\/hry-na-kluc\/\",\"url\":\"https:\/\/www.zazito.ooo\/en\/hry-na-kluc\/\",\"name\":\"hry na kl\u00fa\u010d - Zazito.ooo\",\"isPartOf\":{\"@id\":\"https:\/\/www.zazito.ooo\/en\/#website\"},\"primaryImageOfPage\":{\"@id\":\"https:\/\/www.zazito.ooo\/en\/hry-na-kluc\/#primaryimage\"},\"image\":{\"@id\":\"https:\/\/www.zazito.ooo\/en\/hry-na-kluc\/#primaryimage\"},\"thumbnailUrl\":\"https:\/\/www.zazito.ooo\/wp-content\/uploads\/2024\/07\/04_Hry_na_kluc_tn.webp\",\"datePublished\":\"2019-07-02T21:15:25+00:00\",\"dateModified\":\"2024-12-05T13:11:57+00:00\",\"description\":\"hry na kl\u00fa\u010d. Obr\u00e1\u0165te sa na n\u00e1s s konkr\u00e9tnou predstavou o t\u00e9me a mieste escape hry. Agent\u00fara Za\u017eito.ooo pre v\u00e1s priprav\u00ed jedine\u010dn\u00e9 hry na k\u013e\u00fa\u010d.\",\"breadcrumb\":{\"@id\":\"https:\/\/www.zazito.ooo\/en\/hry-na-kluc\/#breadcrumb\"},\"inLanguage\":\"en-US\",\"potentialAction\":[{\"@type\":\"ReadAction\",\"target\":[\"https:\/\/www.zazito.ooo\/en\/hry-na-kluc\/\"]}]},{\"@type\":\"ImageObject\",\"inLanguage\":\"en-US\",\"@id\":\"https:\/\/www.zazito.ooo\/en\/hry-na-kluc\/#primaryimage\",\"url\":\"https:\/\/www.zazito.ooo\/wp-content\/uploads\/2024\/07\/04_Hry_na_kluc_tn.webp\",\"contentUrl\":\"https:\/\/www.zazito.ooo\/wp-content\/uploads\/2024\/07\/04_Hry_na_kluc_tn.webp\",\"width\":1920,\"height\":1080,\"caption\":\"hry na kl\u00fa\u010d\"},{\"@type\":\"BreadcrumbList\",\"@id\":\"https:\/\/www.zazito.ooo\/en\/hry-na-kluc\/#breadcrumb\",\"itemListElement\":[{\"@type\":\"ListItem\",\"position\":1,\"name\":\"Home\",\"item\":\"https:\/\/www.zazito.ooo\/\"},{\"@type\":\"ListItem\",\"position\":2,\"name\":\"HRY NA K\u013d\u00da\u010c\"}]},{\"@type\":\"WebSite\",\"@id\":\"https:\/\/www.zazito.ooo\/en\/#website\",\"url\":\"https:\/\/www.zazito.ooo\/en\/\",\"name\":\"Zazito.ooo\",\"description\":\"origin\u00e1lne escape games v Bratislave\",\"publisher\":{\"@id\":\"https:\/\/www.zazito.ooo\/en\/#organization\"},\"potentialAction\":[{\"@type\":\"SearchAction\",\"target\":{\"@type\":\"EntryPoint\",\"urlTemplate\":\"https:\/\/www.zazito.ooo\/en\/?s={search_term_string}\"},\"query-input\":{\"@type\":\"PropertyValueSpecification\",\"valueRequired\":true,\"valueName\":\"search_term_string\"}}],\"inLanguage\":\"en-US\"},{\"@type\":\"Organization\",\"@id\":\"https:\/\/www.zazito.ooo\/en\/#organization\",\"name\":\"Zazito, s.r.o.\",\"url\":\"https:\/\/www.zazito.ooo\/en\/\",\"logo\":{\"@type\":\"ImageObject\",\"inLanguage\":\"en-US\",\"@id\":\"https:\/\/www.zazito.ooo\/en\/#\/schema\/logo\/image\/\",\"url\":\"https:\/\/www.zazito.ooo\/wp-content\/uploads\/2019\/08\/zazito_logo.jpg\",\"contentUrl\":\"https:\/\/www.zazito.ooo\/wp-content\/uploads\/2019\/08\/zazito_logo.jpg\",\"width\":1080,\"height\":1080,\"caption\":\"Zazito, s.r.o.\"},\"image\":{\"@id\":\"https:\/\/www.zazito.ooo\/en\/#\/schema\/logo\/image\/\"},\"sameAs\":[\"https:\/\/www.facebook.com\/zazitooo\/\",\"https:\/\/www.instagram.com\/zazito.ooo\/?hl=sk\"]}]}<\/script>\n<!-- \/ Yoast SEO plugin. -->","yoast_head_json":{"title":"hry na kl\u00fa\u010d - Zazito.ooo","description":"hry na kl\u00fa\u010d. Obr\u00e1\u0165te sa na n\u00e1s s konkr\u00e9tnou predstavou o t\u00e9me a mieste escape hry. Agent\u00fara Za\u017eito.ooo pre v\u00e1s priprav\u00ed jedine\u010dn\u00e9 hry na k\u013e\u00fa\u010d.","robots":{"index":"index","follow":"follow","max-snippet":"max-snippet:-1","max-image-preview":"max-image-preview:large","max-video-preview":"max-video-preview:-1"},"canonical":"https:\/\/www.zazito.ooo\/en\/hry-na-kluc\/","og_locale":"en_US","og_type":"article","og_title":"hry na kl\u00fa\u010d - Zazito.ooo","og_description":"hry na kl\u00fa\u010d. Obr\u00e1\u0165te sa na n\u00e1s s konkr\u00e9tnou predstavou o t\u00e9me a mieste escape hry. Agent\u00fara Za\u017eito.ooo pre v\u00e1s priprav\u00ed jedine\u010dn\u00e9 hry na k\u013e\u00fa\u010d.","og_url":"https:\/\/www.zazito.ooo\/en\/hry-na-kluc\/","og_site_name":"Zazito.ooo","article_publisher":"https:\/\/www.facebook.com\/zazitooo\/","article_modified_time":"2024-12-05T13:11:57+00:00","og_image":[{"width":1920,"height":1080,"url":"https:\/\/www.zazito.ooo\/wp-content\/uploads\/2024\/07\/04_Hry_na_kluc_tn.webp","type":"image\/webp"}],"twitter_card":"summary_large_image","twitter_misc":{"Est. reading time":"2 minutes"},"schema":{"@context":"https:\/\/schema.org","@graph":[{"@type":"WebPage","@id":"https:\/\/www.zazito.ooo\/en\/hry-na-kluc\/","url":"https:\/\/www.zazito.ooo\/en\/hry-na-kluc\/","name":"hry na kl\u00fa\u010d - Zazito.ooo","isPartOf":{"@id":"https:\/\/www.zazito.ooo\/en\/#website"},"primaryImageOfPage":{"@id":"https:\/\/www.zazito.ooo\/en\/hry-na-kluc\/#primaryimage"},"image":{"@id":"https:\/\/www.zazito.ooo\/en\/hry-na-kluc\/#primaryimage"},"thumbnailUrl":"https:\/\/www.zazito.ooo\/wp-content\/uploads\/2024\/07\/04_Hry_na_kluc_tn.webp","datePublished":"2019-07-02T21:15:25+00:00","dateModified":"2024-12-05T13:11:57+00:00","description":"hry na kl\u00fa\u010d. Obr\u00e1\u0165te sa na n\u00e1s s konkr\u00e9tnou predstavou o t\u00e9me a mieste escape hry. Agent\u00fara Za\u017eito.ooo pre v\u00e1s priprav\u00ed jedine\u010dn\u00e9 hry na k\u013e\u00fa\u010d.","breadcrumb":{"@id":"https:\/\/www.zazito.ooo\/en\/hry-na-kluc\/#breadcrumb"},"inLanguage":"en-US","potentialAction":[{"@type":"ReadAction","target":["https:\/\/www.zazito.ooo\/en\/hry-na-kluc\/"]}]},{"@type":"ImageObject","inLanguage":"en-US","@id":"https:\/\/www.zazito.ooo\/en\/hry-na-kluc\/#primaryimage","url":"https:\/\/www.zazito.ooo\/wp-content\/uploads\/2024\/07\/04_Hry_na_kluc_tn.webp","contentUrl":"https:\/\/www.zazito.ooo\/wp-content\/uploads\/2024\/07\/04_Hry_na_kluc_tn.webp","width":1920,"height":1080,"caption":"hry na kl\u00fa\u010d"},{"@type":"BreadcrumbList","@id":"https:\/\/www.zazito.ooo\/en\/hry-na-kluc\/#breadcrumb","itemListElement":[{"@type":"ListItem","position":1,"name":"Home","item":"https:\/\/www.zazito.ooo\/"},{"@type":"ListItem","position":2,"name":"HRY NA K\u013d\u00da\u010c"}]},{"@type":"WebSite","@id":"https:\/\/www.zazito.ooo\/en\/#website","url":"https:\/\/www.zazito.ooo\/en\/","name":"Zazito.ooo","description":"origin\u00e1lne escape games v Bratislave","publisher":{"@id":"https:\/\/www.zazito.ooo\/en\/#organization"},"potentialAction":[{"@type":"SearchAction","target":{"@type":"EntryPoint","urlTemplate":"https:\/\/www.zazito.ooo\/en\/?s={search_term_string}"},"query-input":{"@type":"PropertyValueSpecification","valueRequired":true,"valueName":"search_term_string"}}],"inLanguage":"en-US"},{"@type":"Organization","@id":"https:\/\/www.zazito.ooo\/en\/#organization","name":"Zazito, s.r.o.","url":"https:\/\/www.zazito.ooo\/en\/","logo":{"@type":"ImageObject","inLanguage":"en-US","@id":"https:\/\/www.zazito.ooo\/en\/#\/schema\/logo\/image\/","url":"https:\/\/www.zazito.ooo\/wp-content\/uploads\/2019\/08\/zazito_logo.jpg","contentUrl":"https:\/\/www.zazito.ooo\/wp-content\/uploads\/2019\/08\/zazito_logo.jpg","width":1080,"height":1080,"caption":"Zazito, s.r.o."},"image":{"@id":"https:\/\/www.zazito.ooo\/en\/#\/schema\/logo\/image\/"},"sameAs":["https:\/\/www.facebook.com\/zazitooo\/","https:\/\/www.instagram.com\/zazito.ooo\/?hl=sk"]}]}},"_links":{"self":[{"href":"https:\/\/www.zazito.ooo\/en\/wp-json\/wp\/v2\/pages\/843","targetHints":{"allow":["GET"]}}],"collection":[{"href":"https:\/\/www.zazito.ooo\/en\/wp-json\/wp\/v2\/pages"}],"about":[{"href":"https:\/\/www.zazito.ooo\/en\/wp-json\/wp\/v2\/types\/page"}],"author":[{"embeddable":true,"href":"https:\/\/www.zazito.ooo\/en\/wp-json\/wp\/v2\/users\/1"}],"replies":[{"embeddable":true,"href":"https:\/\/www.zazito.ooo\/en\/wp-json\/wp\/v2\/comments?post=843"}],"version-history":[{"count":32,"href":"https:\/\/www.zazito.ooo\/en\/wp-json\/wp\/v2\/pages\/843\/revisions"}],"predecessor-version":[{"id":58460,"href":"https:\/\/www.zazito.ooo\/en\/wp-json\/wp\/v2\/pages\/843\/revisions\/58460"}],"wp:featuredmedia":[{"embeddable":true,"href":"https:\/\/www.zazito.ooo\/en\/wp-json\/wp\/v2\/media\/56635"}],"wp:attachment":[{"href":"https:\/\/www.zazito.ooo\/en\/wp-json\/wp\/v2\/media?parent=843"}],"curies":[{"name":"wp","href":"https:\/\/api.w.org\/{rel}","templated":true}]}}