{"id":835,"date":"2019-07-02T22:42:29","date_gmt":"2019-07-02T20:42:29","guid":{"rendered":"https:\/\/www.new.zazito.ooo\/?page_id=835"},"modified":"2024-10-11T15:59:54","modified_gmt":"2024-10-11T13:59:54","slug":"escape-privesy","status":"publish","type":"page","link":"https:\/\/www.zazito.ooo\/en\/escape-privesy\/","title":{"rendered":"Escape pr\u00edvesy"},"content":{"rendered":"<div data-elementor-type=\"wp-page\" data-elementor-id=\"835\" class=\"elementor elementor-835\" data-elementor-post-type=\"page\">\n\t\t\t\t\t\t<section class=\"elementor-section elementor-top-section elementor-element elementor-element-ed5d521 elementor-section-boxed elementor-section-height-default elementor-section-height-default\" data-id=\"ed5d521\" data-element_type=\"section\" data-e-type=\"section\">\n\t\t\t\t\t\t<div class=\"elementor-container elementor-column-gap-default\">\n\t\t\t\t\t<div class=\"elementor-column elementor-col-100 elementor-top-column elementor-element elementor-element-7dab971\" data-id=\"7dab971\" data-element_type=\"column\" data-e-type=\"column\">\n\t\t\t<div class=\"elementor-widget-wrap elementor-element-populated\">\n\t\t\t\t\t\t<div class=\"elementor-element elementor-element-852cb66 elementor-hidden-desktop elementor-hidden-tablet elementor-hidden-mobile elementor-widget elementor-widget-heading\" data-id=\"852cb66\" data-element_type=\"widget\" data-e-type=\"widget\" data-widget_type=\"heading.default\">\n\t\t\t\t<div class=\"elementor-widget-container\">\n\t\t\t\t\t<h1 class=\"elementor-heading-title elementor-size-default\">Escape pr\u00edvesy<\/h1>\t\t\t\t<\/div>\n\t\t\t\t<\/div>\n\t\t\t\t\t<\/div>\n\t\t<\/div>\n\t\t\t\t\t<\/div>\n\t\t<\/section>\n\t\t\t\t<section class=\"elementor-section elementor-top-section elementor-element elementor-element-f310b7a elementor-section-boxed elementor-section-height-default elementor-section-height-default\" data-id=\"f310b7a\" data-element_type=\"section\" data-e-type=\"section\">\n\t\t\t\t\t\t<div class=\"elementor-container elementor-column-gap-default\">\n\t\t\t\t\t<div class=\"elementor-column elementor-col-100 elementor-top-column elementor-element elementor-element-da55ac5\" data-id=\"da55ac5\" data-element_type=\"column\" data-e-type=\"column\">\n\t\t\t<div class=\"elementor-widget-wrap elementor-element-populated\">\n\t\t\t\t\t\t<div class=\"elementor-element elementor-element-69217131 elementor-widget elementor-widget-text-editor\" data-id=\"69217131\" data-element_type=\"widget\" data-e-type=\"widget\" data-widget_type=\"text-editor.default\">\n\t\t\t\t<div class=\"elementor-widget-container\">\n\t\t\t\t\t\t\t\t\t<p>\u00a0<\/p>\n<p>Urobte va\u0161e podujatie jedine\u010dn\u00e9 a v\u00fdnimo\u010dn\u00e9 s na\u0161\u00edm unik\u00e1tnym escape room z\u00e1\u017eitkom vo forme <strong>escape pr\u00edvesu<\/strong>! Escape room sa stal modern\u00fdm fenom\u00e9nom, ktor\u00fd obohacuje r\u00f4zne typy akci\u00ed a my v\u00e1m prin\u00e1\u0161ame t\u00fato inovat\u00edvnu hru priamo na va\u0161e miesto. Na\u0161a ponuka <strong>escape pr\u00edvesov<\/strong> je ide\u00e1lnym rie\u0161en\u00edm pre festivaly, firemn\u00e9 akcie,\u00a0<a href=\"https:\/\/www.zazito.ooo\/en\/teambuildingy\/\" target=\"_blank\" rel=\"noopener\">teambuildingy<\/a> alebo ak\u00fako\u013evek in\u00fa udalos\u0165, kde chcete svojim hos\u0165om poskytn\u00fa\u0165 nie\u010do skuto\u010dne \u0161peci\u00e1lne.<\/p>\n<p>Tento mobiln\u00fd escape room pr\u00edves m\u00f4\u017eeme pristavi\u0165 na ak\u00e9ko\u013evek miesto, ktor\u00e9 si vyberiete, a prisp\u00f4sobi\u0165 ho tak, aby sa dokonale hodil do va\u0161ej akcie. Ka\u017ed\u00e1 hra v na\u0161ich escape pr\u00edvesoch je sledovan\u00e1 oper\u00e1torom cez kamery, ktor\u00fd je v\u017edy pripraven\u00fd poskytn\u00fa\u0165 pomoc a nasmerova\u0165 hr\u00e1\u010dov, ak to bude potrebn\u00e9. To zabezpe\u010duje, \u017ee v\u0161etci \u00fa\u010dastn\u00edci bud\u00fa ma\u0165 hladk\u00fd a bezprobl\u00e9mov\u00fd z\u00e1\u017eitok.<\/p>\n<p>Okrem toho vieme prisp\u00f4sobi\u0165 \u00falohy a t\u00e9mu escape hry v pr\u00edvesoch pod\u013ea va\u0161ich po\u017eiadaviek, aby sa presne hodili na va\u0161e podujatie. \u010ci u\u017e potrebujete t\u00e9mu zameran\u00fa na\u00a0<a href=\"https:\/\/www.zazito.ooo\/en\/teambuildingy\/\" target=\"_blank\" rel=\"noopener\">firemn\u00fd svet<\/a>, z\u00e1bavn\u00e9 prvky pre festival alebo nie\u010do \u00faplne in\u00e9, sme pripraven\u00ed upravi\u0165 hru tak, aby splnila va\u0161e o\u010dak\u00e1vania.<\/p>\n<p>Escape room v pr\u00edvesoch je navrhnut\u00fd pre t\u00edm 2-4 hr\u00e1\u010dov a trv\u00e1 15 \u2013 20 min\u00fat, \u010do umo\u017e\u0148uje r\u00fdchle a intenz\u00edvne hern\u00e9 sk\u00fasenosti. Po\u010das 120 min\u00fat m\u00f4\u017eeme zabezpe\u010di\u0165, aby hru odohralo a\u017e 6 t\u00edmov, \u010do znamen\u00e1, \u017ee celkovo a\u017e 24 \u013eud\u00ed sa m\u00f4\u017ee z\u00fa\u010dastni\u0165 tejto z\u00e1bavnej aktivity v priebehu jedn\u00e9ho \u010dasov\u00e9ho bloku.<\/p>\n<p>OBJEDN\u00c1VKY telefonicky alebo mailom:<\/p>\n<div class=\"sads\">\n<p>+421 908 828 141<\/p>\n<\/div>\n<div class=\"sads\"><i class=\"fa fa-envelope-o\"><\/i>\n<p class=\"fmail\"><a href=\"mailto: info@zazito.ooo\">info@zazito.ooo<\/a><\/p>\n<\/div>\n<p>\u00a0<\/p>\n<p><\/p>\t\t\t\t\t\t\t\t<\/div>\n\t\t\t\t<\/div>\n\t\t\t\t\t<\/div>\n\t\t<\/div>\n\t\t\t\t\t<\/div>\n\t\t<\/section>\n\t\t\t\t<section class=\"elementor-section elementor-top-section elementor-element elementor-element-70d0372 elementor-section-boxed elementor-section-height-default elementor-section-height-default\" data-id=\"70d0372\" data-element_type=\"section\" data-e-type=\"section\">\n\t\t\t\t\t\t<div class=\"elementor-container elementor-column-gap-default\">\n\t\t\t\t\t<div class=\"elementor-column elementor-col-100 elementor-top-column elementor-element elementor-element-a19fa4e\" data-id=\"a19fa4e\" data-element_type=\"column\" data-e-type=\"column\">\n\t\t\t<div class=\"elementor-widget-wrap elementor-element-populated\">\n\t\t\t\t\t\t<div class=\"elementor-element elementor-element-d0e0b8f elementor-hidden-desktop elementor-hidden-tablet elementor-hidden-mobile elementor-widget elementor-widget-text-editor\" data-id=\"d0e0b8f\" data-element_type=\"widget\" data-e-type=\"widget\" data-widget_type=\"text-editor.default\">\n\t\t\t\t<div class=\"elementor-widget-container\">\n\t\t\t\t\t\t\t\t\t<p>Nechajte n\u00e1s prida\u0165 do va\u0161ej akcie \u0161tipku nap\u00e4tia a z\u00e1bavy s na\u0161\u00edm jedine\u010dn\u00fdm escape room pr\u00edvesom a vytvorte nezabudnute\u013en\u00fd\u00a0<a href=\"https:\/\/www.zazito.ooo\/en\/\" target=\"_blank\" rel=\"noopener\">z\u00e1\u017eitok<\/a> pre v\u0161etk\u00fdch \u00fa\u010dastn\u00edkov! A nezabudnite, \u017ee cel\u00fa t\u00fato z\u00e1bavu m\u00f4\u017eete za\u017ei\u0165 s na\u0161imi slu\u017ebami na platforme <strong>zazito.ooo<\/strong>. Escape pr\u00edvesy s\u00fa proste TOP!<\/p>\t\t\t\t\t\t\t\t<\/div>\n\t\t\t\t<\/div>\n\t\t\t\t\t<\/div>\n\t\t<\/div>\n\t\t\t\t\t<\/div>\n\t\t<\/section>\n\t\t\t\t<\/div>","protected":false},"excerpt":{"rendered":"<p>Escape pr\u00edvesy &nbsp; Urobte va\u0161e podujatie jedine\u010dn\u00e9 a v\u00fdnimo\u010dn\u00e9 s na\u0161\u00edm unik\u00e1tnym escape room z\u00e1\u017eitkom vo forme escape pr\u00edvesu! Escape room sa stal modern\u00fdm fenom\u00e9nom, ktor\u00fd obohacuje r\u00f4zne typy akci\u00ed a my v\u00e1m prin\u00e1\u0161ame t\u00fato inovat\u00edvnu hru priamo na va\u0161e miesto. Na\u0161a ponuka escape pr\u00edvesov je ide\u00e1lnym rie\u0161en\u00edm pre festivaly, firemn\u00e9 akcie,\u00a0teambuildingy alebo ak\u00fako\u013evek in\u00fa&hellip;<\/p>","protected":false},"author":1,"featured_media":56634,"parent":0,"menu_order":0,"comment_status":"closed","ping_status":"closed","template":"","meta":{"footnotes":""},"class_list":["post-835","page","type-page","status-publish","has-post-thumbnail","hentry"],"yoast_head":"<!-- This site is optimized with the Yoast SEO plugin v27.2 - https:\/\/yoast.com\/product\/yoast-seo-wordpress\/ -->\n<title>Escape pr\u00edvesy - Zazito.ooo<\/title>\n<meta name=\"description\" content=\"Escape pr\u00edvesy s\u00fa dokonal\u00e1 atrakcia a fenom\u00e9nom s\u00fa\u010dasnosti \u2013 Escape room v podobe pr\u00edvesu je pripraven\u00fd pre v\u00e1\u0161 festival, event, teambuilding\u2026\" \/>\n<meta name=\"robots\" content=\"index, follow, max-snippet:-1, max-image-preview:large, max-video-preview:-1\" \/>\n<link rel=\"canonical\" href=\"https:\/\/www.zazito.ooo\/en\/escape-privesy\/\" \/>\n<meta property=\"og:locale\" content=\"en_US\" \/>\n<meta property=\"og:type\" content=\"article\" \/>\n<meta property=\"og:title\" content=\"Escape pr\u00edvesy - Zazito.ooo\" \/>\n<meta property=\"og:description\" content=\"Escape pr\u00edvesy s\u00fa dokonal\u00e1 atrakcia a fenom\u00e9nom s\u00fa\u010dasnosti \u2013 Escape room v podobe pr\u00edvesu je pripraven\u00fd pre v\u00e1\u0161 festival, event, teambuilding\u2026\" \/>\n<meta property=\"og:url\" content=\"https:\/\/www.zazito.ooo\/en\/escape-privesy\/\" \/>\n<meta property=\"og:site_name\" content=\"Zazito.ooo\" \/>\n<meta property=\"article:publisher\" content=\"https:\/\/www.facebook.com\/zazitooo\/\" \/>\n<meta property=\"article:modified_time\" content=\"2024-10-11T13:59:54+00:00\" \/>\n<meta property=\"og:image\" content=\"https:\/\/www.zazito.ooo\/wp-content\/uploads\/2024\/07\/02_Escape_privesy_tn.webp\" \/>\n\t<meta property=\"og:image:width\" content=\"1920\" \/>\n\t<meta property=\"og:image:height\" content=\"1440\" \/>\n\t<meta property=\"og:image:type\" content=\"image\/webp\" \/>\n<meta name=\"twitter:card\" content=\"summary_large_image\" \/>\n<meta name=\"twitter:label1\" content=\"Est. reading time\" \/>\n\t<meta name=\"twitter:data1\" content=\"2 minutes\" \/>\n<script type=\"application\/ld+json\" class=\"yoast-schema-graph\">{\"@context\":\"https:\/\/schema.org\",\"@graph\":[{\"@type\":\"WebPage\",\"@id\":\"https:\/\/www.zazito.ooo\/en\/escape-privesy\/\",\"url\":\"https:\/\/www.zazito.ooo\/en\/escape-privesy\/\",\"name\":\"Escape pr\u00edvesy - Zazito.ooo\",\"isPartOf\":{\"@id\":\"https:\/\/www.zazito.ooo\/en\/#website\"},\"primaryImageOfPage\":{\"@id\":\"https:\/\/www.zazito.ooo\/en\/escape-privesy\/#primaryimage\"},\"image\":{\"@id\":\"https:\/\/www.zazito.ooo\/en\/escape-privesy\/#primaryimage\"},\"thumbnailUrl\":\"https:\/\/www.zazito.ooo\/wp-content\/uploads\/2024\/07\/02_Escape_privesy_tn.webp\",\"datePublished\":\"2019-07-02T20:42:29+00:00\",\"dateModified\":\"2024-10-11T13:59:54+00:00\",\"description\":\"Escape pr\u00edvesy s\u00fa dokonal\u00e1 atrakcia a fenom\u00e9nom s\u00fa\u010dasnosti \u2013 Escape room v podobe pr\u00edvesu je pripraven\u00fd pre v\u00e1\u0161 festival, event, teambuilding\u2026\",\"breadcrumb\":{\"@id\":\"https:\/\/www.zazito.ooo\/en\/escape-privesy\/#breadcrumb\"},\"inLanguage\":\"en-US\",\"potentialAction\":[{\"@type\":\"ReadAction\",\"target\":[\"https:\/\/www.zazito.ooo\/en\/escape-privesy\/\"]}]},{\"@type\":\"ImageObject\",\"inLanguage\":\"en-US\",\"@id\":\"https:\/\/www.zazito.ooo\/en\/escape-privesy\/#primaryimage\",\"url\":\"https:\/\/www.zazito.ooo\/wp-content\/uploads\/2024\/07\/02_Escape_privesy_tn.webp\",\"contentUrl\":\"https:\/\/www.zazito.ooo\/wp-content\/uploads\/2024\/07\/02_Escape_privesy_tn.webp\",\"width\":1920,\"height\":1440,\"caption\":\"z\u00e1\u017eitkov\u00e9 hry, mestsk\u00e9 hry, escape room, rozb\u00edjacia miestnos\u0165, mystery dinner, online hry, \u0161ifrova\u010dky, escape pr\u00edves a chata\"},{\"@type\":\"BreadcrumbList\",\"@id\":\"https:\/\/www.zazito.ooo\/en\/escape-privesy\/#breadcrumb\",\"itemListElement\":[{\"@type\":\"ListItem\",\"position\":1,\"name\":\"Home\",\"item\":\"https:\/\/www.zazito.ooo\/\"},{\"@type\":\"ListItem\",\"position\":2,\"name\":\"Escape pr\u00edvesy\"}]},{\"@type\":\"WebSite\",\"@id\":\"https:\/\/www.zazito.ooo\/en\/#website\",\"url\":\"https:\/\/www.zazito.ooo\/en\/\",\"name\":\"Zazito.ooo\",\"description\":\"origin\u00e1lne escape games v Bratislave\",\"publisher\":{\"@id\":\"https:\/\/www.zazito.ooo\/en\/#organization\"},\"potentialAction\":[{\"@type\":\"SearchAction\",\"target\":{\"@type\":\"EntryPoint\",\"urlTemplate\":\"https:\/\/www.zazito.ooo\/en\/?s={search_term_string}\"},\"query-input\":{\"@type\":\"PropertyValueSpecification\",\"valueRequired\":true,\"valueName\":\"search_term_string\"}}],\"inLanguage\":\"en-US\"},{\"@type\":\"Organization\",\"@id\":\"https:\/\/www.zazito.ooo\/en\/#organization\",\"name\":\"Zazito, s.r.o.\",\"url\":\"https:\/\/www.zazito.ooo\/en\/\",\"logo\":{\"@type\":\"ImageObject\",\"inLanguage\":\"en-US\",\"@id\":\"https:\/\/www.zazito.ooo\/en\/#\/schema\/logo\/image\/\",\"url\":\"https:\/\/www.zazito.ooo\/wp-content\/uploads\/2019\/08\/zazito_logo.jpg\",\"contentUrl\":\"https:\/\/www.zazito.ooo\/wp-content\/uploads\/2019\/08\/zazito_logo.jpg\",\"width\":1080,\"height\":1080,\"caption\":\"Zazito, s.r.o.\"},\"image\":{\"@id\":\"https:\/\/www.zazito.ooo\/en\/#\/schema\/logo\/image\/\"},\"sameAs\":[\"https:\/\/www.facebook.com\/zazitooo\/\",\"https:\/\/www.instagram.com\/zazito.ooo\/?hl=sk\"]}]}<\/script>\n<!-- \/ Yoast SEO plugin. -->","yoast_head_json":{"title":"Escape pr\u00edvesy - Zazito.ooo","description":"Escape pr\u00edvesy s\u00fa dokonal\u00e1 atrakcia a fenom\u00e9nom s\u00fa\u010dasnosti \u2013 Escape room v podobe pr\u00edvesu je pripraven\u00fd pre v\u00e1\u0161 festival, event, teambuilding\u2026","robots":{"index":"index","follow":"follow","max-snippet":"max-snippet:-1","max-image-preview":"max-image-preview:large","max-video-preview":"max-video-preview:-1"},"canonical":"https:\/\/www.zazito.ooo\/en\/escape-privesy\/","og_locale":"en_US","og_type":"article","og_title":"Escape pr\u00edvesy - Zazito.ooo","og_description":"Escape pr\u00edvesy s\u00fa dokonal\u00e1 atrakcia a fenom\u00e9nom s\u00fa\u010dasnosti \u2013 Escape room v podobe pr\u00edvesu je pripraven\u00fd pre v\u00e1\u0161 festival, event, teambuilding\u2026","og_url":"https:\/\/www.zazito.ooo\/en\/escape-privesy\/","og_site_name":"Zazito.ooo","article_publisher":"https:\/\/www.facebook.com\/zazitooo\/","article_modified_time":"2024-10-11T13:59:54+00:00","og_image":[{"width":1920,"height":1440,"url":"https:\/\/www.zazito.ooo\/wp-content\/uploads\/2024\/07\/02_Escape_privesy_tn.webp","type":"image\/webp"}],"twitter_card":"summary_large_image","twitter_misc":{"Est. reading time":"2 minutes"},"schema":{"@context":"https:\/\/schema.org","@graph":[{"@type":"WebPage","@id":"https:\/\/www.zazito.ooo\/en\/escape-privesy\/","url":"https:\/\/www.zazito.ooo\/en\/escape-privesy\/","name":"Escape pr\u00edvesy - Zazito.ooo","isPartOf":{"@id":"https:\/\/www.zazito.ooo\/en\/#website"},"primaryImageOfPage":{"@id":"https:\/\/www.zazito.ooo\/en\/escape-privesy\/#primaryimage"},"image":{"@id":"https:\/\/www.zazito.ooo\/en\/escape-privesy\/#primaryimage"},"thumbnailUrl":"https:\/\/www.zazito.ooo\/wp-content\/uploads\/2024\/07\/02_Escape_privesy_tn.webp","datePublished":"2019-07-02T20:42:29+00:00","dateModified":"2024-10-11T13:59:54+00:00","description":"Escape pr\u00edvesy s\u00fa dokonal\u00e1 atrakcia a fenom\u00e9nom s\u00fa\u010dasnosti \u2013 Escape room v podobe pr\u00edvesu je pripraven\u00fd pre v\u00e1\u0161 festival, event, teambuilding\u2026","breadcrumb":{"@id":"https:\/\/www.zazito.ooo\/en\/escape-privesy\/#breadcrumb"},"inLanguage":"en-US","potentialAction":[{"@type":"ReadAction","target":["https:\/\/www.zazito.ooo\/en\/escape-privesy\/"]}]},{"@type":"ImageObject","inLanguage":"en-US","@id":"https:\/\/www.zazito.ooo\/en\/escape-privesy\/#primaryimage","url":"https:\/\/www.zazito.ooo\/wp-content\/uploads\/2024\/07\/02_Escape_privesy_tn.webp","contentUrl":"https:\/\/www.zazito.ooo\/wp-content\/uploads\/2024\/07\/02_Escape_privesy_tn.webp","width":1920,"height":1440,"caption":"z\u00e1\u017eitkov\u00e9 hry, mestsk\u00e9 hry, escape room, rozb\u00edjacia miestnos\u0165, mystery dinner, online hry, \u0161ifrova\u010dky, escape pr\u00edves a chata"},{"@type":"BreadcrumbList","@id":"https:\/\/www.zazito.ooo\/en\/escape-privesy\/#breadcrumb","itemListElement":[{"@type":"ListItem","position":1,"name":"Home","item":"https:\/\/www.zazito.ooo\/"},{"@type":"ListItem","position":2,"name":"Escape pr\u00edvesy"}]},{"@type":"WebSite","@id":"https:\/\/www.zazito.ooo\/en\/#website","url":"https:\/\/www.zazito.ooo\/en\/","name":"Zazito.ooo","description":"origin\u00e1lne escape games v Bratislave","publisher":{"@id":"https:\/\/www.zazito.ooo\/en\/#organization"},"potentialAction":[{"@type":"SearchAction","target":{"@type":"EntryPoint","urlTemplate":"https:\/\/www.zazito.ooo\/en\/?s={search_term_string}"},"query-input":{"@type":"PropertyValueSpecification","valueRequired":true,"valueName":"search_term_string"}}],"inLanguage":"en-US"},{"@type":"Organization","@id":"https:\/\/www.zazito.ooo\/en\/#organization","name":"Zazito, s.r.o.","url":"https:\/\/www.zazito.ooo\/en\/","logo":{"@type":"ImageObject","inLanguage":"en-US","@id":"https:\/\/www.zazito.ooo\/en\/#\/schema\/logo\/image\/","url":"https:\/\/www.zazito.ooo\/wp-content\/uploads\/2019\/08\/zazito_logo.jpg","contentUrl":"https:\/\/www.zazito.ooo\/wp-content\/uploads\/2019\/08\/zazito_logo.jpg","width":1080,"height":1080,"caption":"Zazito, s.r.o."},"image":{"@id":"https:\/\/www.zazito.ooo\/en\/#\/schema\/logo\/image\/"},"sameAs":["https:\/\/www.facebook.com\/zazitooo\/","https:\/\/www.instagram.com\/zazito.ooo\/?hl=sk"]}]}},"_links":{"self":[{"href":"https:\/\/www.zazito.ooo\/en\/wp-json\/wp\/v2\/pages\/835","targetHints":{"allow":["GET"]}}],"collection":[{"href":"https:\/\/www.zazito.ooo\/en\/wp-json\/wp\/v2\/pages"}],"about":[{"href":"https:\/\/www.zazito.ooo\/en\/wp-json\/wp\/v2\/types\/page"}],"author":[{"embeddable":true,"href":"https:\/\/www.zazito.ooo\/en\/wp-json\/wp\/v2\/users\/1"}],"replies":[{"embeddable":true,"href":"https:\/\/www.zazito.ooo\/en\/wp-json\/wp\/v2\/comments?post=835"}],"version-history":[{"count":34,"href":"https:\/\/www.zazito.ooo\/en\/wp-json\/wp\/v2\/pages\/835\/revisions"}],"predecessor-version":[{"id":57868,"href":"https:\/\/www.zazito.ooo\/en\/wp-json\/wp\/v2\/pages\/835\/revisions\/57868"}],"wp:featuredmedia":[{"embeddable":true,"href":"https:\/\/www.zazito.ooo\/en\/wp-json\/wp\/v2\/media\/56634"}],"wp:attachment":[{"href":"https:\/\/www.zazito.ooo\/en\/wp-json\/wp\/v2\/media?parent=835"}],"curies":[{"name":"wp","href":"https:\/\/api.w.org\/{rel}","templated":true}]}}