{"id":587,"date":"2019-06-26T16:28:55","date_gmt":"2019-06-26T14:28:55","guid":{"rendered":"https:\/\/www.new.zazito.ooo\/?page_id=587"},"modified":"2024-09-10T12:15:52","modified_gmt":"2024-09-10T10:15:52","slug":"teambuilding-bratislava-zazito-ooo","status":"publish","type":"page","link":"https:\/\/www.zazito.ooo\/en\/teambuilding-bratislava-zazito-ooo\/","title":{"rendered":"EVENTY A TEAMBUILDING"},"content":{"rendered":"<div data-elementor-type=\"wp-page\" data-elementor-id=\"587\" class=\"elementor elementor-587\" data-elementor-post-type=\"page\">\n\t\t\t\t\t\t<section class=\"elementor-section elementor-top-section elementor-element elementor-element-f60521e elementor-section-boxed elementor-section-height-default elementor-section-height-default\" data-id=\"f60521e\" data-element_type=\"section\" data-e-type=\"section\">\n\t\t\t\t\t\t<div class=\"elementor-container elementor-column-gap-default\">\n\t\t\t\t\t<div class=\"elementor-column elementor-col-100 elementor-top-column elementor-element elementor-element-a86544d\" data-id=\"a86544d\" data-element_type=\"column\" data-e-type=\"column\">\n\t\t\t<div class=\"elementor-widget-wrap elementor-element-populated\">\n\t\t\t\t\t\t<div class=\"elementor-element elementor-element-b0a59a1 elementor-hidden-desktop elementor-hidden-tablet elementor-hidden-mobile elementor-widget elementor-widget-heading\" data-id=\"b0a59a1\" data-element_type=\"widget\" data-e-type=\"widget\" data-widget_type=\"heading.default\">\n\t\t\t\t<div class=\"elementor-widget-container\">\n\t\t\t\t\t<h1 class=\"elementor-heading-title elementor-size-default\">Eventy a teambuilding<\/h1>\t\t\t\t<\/div>\n\t\t\t\t<\/div>\n\t\t\t\t\t<\/div>\n\t\t<\/div>\n\t\t\t\t\t<\/div>\n\t\t<\/section>\n\t\t\t\t<section class=\"elementor-section elementor-top-section elementor-element elementor-element-8130e30 elementor-section-boxed elementor-section-height-default elementor-section-height-default\" data-id=\"8130e30\" data-element_type=\"section\" data-e-type=\"section\">\n\t\t\t\t\t\t<div class=\"elementor-container elementor-column-gap-default\">\n\t\t\t\t\t<div class=\"elementor-column elementor-col-100 elementor-top-column elementor-element elementor-element-335cb15\" data-id=\"335cb15\" data-element_type=\"column\" data-e-type=\"column\">\n\t\t\t<div class=\"elementor-widget-wrap elementor-element-populated\">\n\t\t\t\t\t\t<div class=\"elementor-element elementor-element-d4037bf elementor-widget elementor-widget-text-editor\" data-id=\"d4037bf\" data-element_type=\"widget\" data-e-type=\"widget\" data-widget_type=\"text-editor.default\">\n\t\t\t\t<div class=\"elementor-widget-container\">\n\t\t\t\t\t\t\t\t\t<p>Z\u00e1\u017eitkov\u00e9 eventy a teambuilding so spolo\u010dnos\u0165ou Zazito.ooo<\/p><p>Ak h\u013ead\u00e1te origin\u00e1lny sp\u00f4sob, ako posilni\u0165 t\u00edmov\u00e9ho ducha a z\u00e1rove\u0148 pon\u00faknu\u0165 va\u0161im zamestnancom nezabudnute\u013en\u00fd z\u00e1\u017eitok, eventy a teambuildingy so spolo\u010dnos\u0165ou Zazito.ooo s\u00fa tou spr\u00e1vnou vo\u013ebou. Na\u0161a firma sa \u0161pecializuje na tvorbu jedine\u010dn\u00fdch z\u00e1\u017eitkov, ktor\u00e9 nielen zabavia, ale aj preh\u013abia spolupr\u00e1cu a komunik\u00e1ciu medzi \u010dlenmi t\u00edmu.<\/p><h3>Pre\u010do pr\u00e1ve Zazito.ooo?<\/h3><p>V dne\u0161nej dobe sa \u010doraz viac spolo\u010dnost\u00ed obracia k netradi\u010dn\u00fdm form\u00e1m teambuildingov, aby pomohli svojim zamestnancom zvl\u00e1da\u0165 n\u00e1ro\u010dn\u00e9 pracovn\u00e9 prostredie a podporili ich motiv\u00e1ciu. Zazito.ooo pon\u00faka \u0161irok\u00fa \u0161k\u00e1lu z\u00e1\u017eitkov\u00fdch eventov a aktiv\u00edt, ktor\u00e9 s\u00fa prisp\u00f4soben\u00e9 potreb\u00e1m ka\u017edej firmy. Okrem klasick\u00fdch teambuildingov m\u00e1me v ponuke aj netradi\u010dn\u00e9 aktivity, ako s\u00fa <strong>mystery dinner<\/strong>, kde sa \u00fa\u010dastn\u00edci pri ve\u010deri zapoja do rie\u0161enia z\u00e1had, alebo <strong>escape room<\/strong> \u2013 miestnos\u0165 pln\u00e1 h\u00e1daniek, z ktorej sa t\u00edm mus\u00ed dosta\u0165 v stanovenom \u010dase.<\/p><p>Pre firmy, ktor\u00e9 h\u013eadaj\u00fa mobiln\u00e9 rie\u0161enia, pon\u00fakame <a href=\"https:\/\/www.zazito.ooo\/en\/hra\/divny-bus\/\" target=\"_blank\" rel=\"noopener\">escape autobus<\/a> a <a href=\"https:\/\/www.zazito.ooo\/en\/escape-privesy\/\" target=\"_blank\" rel=\"noopener\">escape pr\u00edves<\/a>, \u010do s\u00fa mobiln\u00e9 verzie escape roomov, ktor\u00e9 vieme priviez\u0165 priamo k v\u00e1m. Ak m\u00e1te radi v\u00fdzvy vo vo\u013enom priestore, na\u0161i klienti si ob\u013e\u00fabili aj r\u00f4zne <strong>mestsk\u00e9 hry a \u0161ifrova\u010dky<\/strong>, ktor\u00e9 prebiehaj\u00fa v exteri\u00e9ri a kombinuj\u00fa pozn\u00e1vanie miest s rie\u0161en\u00edm \u00faloh. Pre t\u00edmy, ktor\u00e9 preferuj\u00fa virtu\u00e1lny svet, m\u00e1me aj <strong>online hry<\/strong>, ktor\u00e9 pon\u00fakaj\u00fa podobn\u00fd z\u00e1\u017eitok na dia\u013eku, ide\u00e1lne pre hybridn\u00e9 t\u00edmy alebo medzin\u00e1rodn\u00e9 spolo\u010dnosti.<\/p><h3>Teambuildingy na mieru<\/h3><p>Ka\u017ed\u00e1 firma m\u00e1 in\u00e9 ciele a hodnoty, preto pon\u00fakame mo\u017enos\u0165 vytvori\u0165\u00a0<a href=\"https:\/\/www.zazito.ooo\/en\/teambuildingy\/\" target=\"_blank\" rel=\"noopener\">teambuildingov\u00e9<\/a> aktivity na mieru. Na\u0161i odborn\u00edci v\u00e1m pom\u00f4\u017eu vybra\u0165 ten spr\u00e1vny mix hier, \u00faloh a v\u00fdziev, ktor\u00e9 nielen zabavia, ale aj podporia zlep\u0161enie komunika\u010dn\u00fdch schopnost\u00ed, rie\u0161enie probl\u00e9mov a budovanie d\u00f4very medzi zamestnancami.<\/p><h3>Z\u00e1\u017eitkov\u00e9 eventy pre ka\u017ed\u00fa pr\u00edle\u017eitos\u0165<\/h3><p>Okrem teambuildingov organizujeme aj firemn\u00e9 eventy na r\u00f4zne pr\u00edle\u017eitosti. \u010ci u\u017e ide o oslavy \u00faspechov, koncoro\u010dn\u00e9 stretnutia alebo konferencie,\u00a0<a href=\"https:\/\/www.zazito.ooo\/en\/\" target=\"_blank\" rel=\"noopener\">Zazito.ooo<\/a> prin\u00e1\u0161a programy, ktor\u00e9 zaru\u010dia v\u00fdnimo\u010dn\u00fa atmosf\u00e9ru a spomienky, na ktor\u00e9 va\u0161i zamestnanci nezabudn\u00fa.<\/p><p>So spolo\u010dnos\u0165ou Zazito.ooo z\u00edskate partnera, ktor\u00fd v\u00e1m pom\u00f4\u017ee vytvori\u0165 jedine\u010dn\u00e9 z\u00e1\u017eitky, ktor\u00e9 zanechaj\u00fa hlbok\u00fd dojem a bud\u00fa posil\u0148ova\u0165 v\u00e1\u0161 t\u00edm aj po skon\u010den\u00ed eventu. Nechajte n\u00e1s zmeni\u0165 va\u0161e firemn\u00e9 akcie na nezabudnute\u013en\u00e9 z\u00e1\u017eitky!<\/p>\t\t\t\t\t\t\t\t<\/div>\n\t\t\t\t<\/div>\n\t\t\t\t\t<\/div>\n\t\t<\/div>\n\t\t\t\t\t<\/div>\n\t\t<\/section>\n\t\t\t\t<section class=\"elementor-section elementor-top-section elementor-element elementor-element-04e123a elementor-section-boxed elementor-section-height-default elementor-section-height-default\" data-id=\"04e123a\" data-element_type=\"section\" data-e-type=\"section\">\n\t\t\t\t\t\t<div class=\"elementor-container elementor-column-gap-default\">\n\t\t\t\t\t<div class=\"elementor-column elementor-col-25 elementor-top-column elementor-element elementor-element-7669510\" data-id=\"7669510\" data-element_type=\"column\" data-e-type=\"column\">\n\t\t\t<div class=\"elementor-widget-wrap elementor-element-populated\">\n\t\t\t\t\t\t<div class=\"elementor-element elementor-element-cdf303a elementor-widget elementor-widget-image\" data-id=\"cdf303a\" data-element_type=\"widget\" data-e-type=\"widget\" data-widget_type=\"image.default\">\n\t\t\t\t<div class=\"elementor-widget-container\">\n\t\t\t\t\t\t\t\t\t\t\t\t\t\t\t<img fetchpriority=\"high\" decoding=\"async\" width=\"800\" height=\"450\" src=\"https:\/\/www.zazito.ooo\/wp-content\/uploads\/2019\/06\/P1420705-1024x576.webp\" class=\"attachment-large size-large wp-image-56793\" alt=\"Escape bus pre eventy\" srcset=\"https:\/\/www.zazito.ooo\/wp-content\/uploads\/2019\/06\/P1420705-1024x576.webp 1024w, https:\/\/www.zazito.ooo\/wp-content\/uploads\/2019\/06\/P1420705-300x169.webp 300w, https:\/\/www.zazito.ooo\/wp-content\/uploads\/2019\/06\/P1420705-768x432.webp 768w, https:\/\/www.zazito.ooo\/wp-content\/uploads\/2019\/06\/P1420705-1536x864.webp 1536w, https:\/\/www.zazito.ooo\/wp-content\/uploads\/2019\/06\/P1420705-2048x1152.webp 2048w, https:\/\/www.zazito.ooo\/wp-content\/uploads\/2019\/06\/P1420705-18x10.webp 18w, https:\/\/www.zazito.ooo\/wp-content\/uploads\/2019\/06\/P1420705-466x262.webp 466w, https:\/\/www.zazito.ooo\/wp-content\/uploads\/2019\/06\/P1420705-600x338.webp 600w, https:\/\/www.zazito.ooo\/wp-content\/uploads\/2019\/06\/P1420705-107x60.webp 107w, https:\/\/www.zazito.ooo\/wp-content\/uploads\/2019\/06\/P1420705-160x90.webp 160w\" sizes=\"(max-width: 800px) 100vw, 800px\" \/>\t\t\t\t\t\t\t\t\t\t\t\t\t\t\t<\/div>\n\t\t\t\t<\/div>\n\t\t\t\t\t<\/div>\n\t\t<\/div>\n\t\t\t\t<div class=\"elementor-column elementor-col-25 elementor-top-column elementor-element elementor-element-4a2029c\" data-id=\"4a2029c\" data-element_type=\"column\" data-e-type=\"column\">\n\t\t\t<div class=\"elementor-widget-wrap elementor-element-populated\">\n\t\t\t\t\t\t<div class=\"elementor-element elementor-element-131be75 elementor-widget elementor-widget-image\" data-id=\"131be75\" data-element_type=\"widget\" data-e-type=\"widget\" data-widget_type=\"image.default\">\n\t\t\t\t<div class=\"elementor-widget-container\">\n\t\t\t\t\t\t\t\t\t\t\t\t\t\t\t<img decoding=\"async\" width=\"800\" height=\"600\" src=\"https:\/\/www.zazito.ooo\/wp-content\/uploads\/2024\/07\/02_Escape_privesy_tn-1024x768.webp\" class=\"attachment-large size-large wp-image-56634\" alt=\"Escape room a escape pr\u00edves pre teambuilding\" srcset=\"https:\/\/www.zazito.ooo\/wp-content\/uploads\/2024\/07\/02_Escape_privesy_tn-1024x768.webp 1024w, https:\/\/www.zazito.ooo\/wp-content\/uploads\/2024\/07\/02_Escape_privesy_tn-300x225.webp 300w, https:\/\/www.zazito.ooo\/wp-content\/uploads\/2024\/07\/02_Escape_privesy_tn-768x576.webp 768w, https:\/\/www.zazito.ooo\/wp-content\/uploads\/2024\/07\/02_Escape_privesy_tn-1536x1152.webp 1536w, https:\/\/www.zazito.ooo\/wp-content\/uploads\/2024\/07\/02_Escape_privesy_tn-16x12.webp 16w, https:\/\/www.zazito.ooo\/wp-content\/uploads\/2024\/07\/02_Escape_privesy_tn-404x303.webp 404w, https:\/\/www.zazito.ooo\/wp-content\/uploads\/2024\/07\/02_Escape_privesy_tn-600x450.webp 600w, https:\/\/www.zazito.ooo\/wp-content\/uploads\/2024\/07\/02_Escape_privesy_tn-80x60.webp 80w, https:\/\/www.zazito.ooo\/wp-content\/uploads\/2024\/07\/02_Escape_privesy_tn-120x90.webp 120w, https:\/\/www.zazito.ooo\/wp-content\/uploads\/2024\/07\/02_Escape_privesy_tn.webp 1920w\" sizes=\"(max-width: 800px) 100vw, 800px\" \/>\t\t\t\t\t\t\t\t\t\t\t\t\t\t\t<\/div>\n\t\t\t\t<\/div>\n\t\t\t\t\t<\/div>\n\t\t<\/div>\n\t\t\t\t<div class=\"elementor-column elementor-col-25 elementor-top-column elementor-element elementor-element-007350a\" data-id=\"007350a\" data-element_type=\"column\" data-e-type=\"column\">\n\t\t\t<div class=\"elementor-widget-wrap elementor-element-populated\">\n\t\t\t\t\t\t<div class=\"elementor-element elementor-element-73120a0 elementor-widget elementor-widget-image\" data-id=\"73120a0\" data-element_type=\"widget\" data-e-type=\"widget\" data-widget_type=\"image.default\">\n\t\t\t\t<div class=\"elementor-widget-container\">\n\t\t\t\t\t\t\t\t\t\t\t\t\t\t\t<img decoding=\"async\" width=\"800\" height=\"534\" src=\"https:\/\/www.zazito.ooo\/wp-content\/uploads\/2021\/11\/Hricka-Production-NOC-DEMONOV-100-1024x683.webp\" class=\"attachment-large size-large wp-image-56750\" alt=\"Zazitkove hry pre teambuilding\" srcset=\"https:\/\/www.zazito.ooo\/wp-content\/uploads\/2021\/11\/Hricka-Production-NOC-DEMONOV-100-1024x683.webp 1024w, https:\/\/www.zazito.ooo\/wp-content\/uploads\/2021\/11\/Hricka-Production-NOC-DEMONOV-100-300x200.webp 300w, https:\/\/www.zazito.ooo\/wp-content\/uploads\/2021\/11\/Hricka-Production-NOC-DEMONOV-100-768x512.webp 768w, https:\/\/www.zazito.ooo\/wp-content\/uploads\/2021\/11\/Hricka-Production-NOC-DEMONOV-100-1536x1024.webp 1536w, https:\/\/www.zazito.ooo\/wp-content\/uploads\/2021\/11\/Hricka-Production-NOC-DEMONOV-100-2048x1365.webp 2048w, https:\/\/www.zazito.ooo\/wp-content\/uploads\/2021\/11\/Hricka-Production-NOC-DEMONOV-100-18x12.webp 18w, https:\/\/www.zazito.ooo\/wp-content\/uploads\/2021\/11\/Hricka-Production-NOC-DEMONOV-100-455x303.webp 455w, https:\/\/www.zazito.ooo\/wp-content\/uploads\/2021\/11\/Hricka-Production-NOC-DEMONOV-100-600x400.webp 600w, https:\/\/www.zazito.ooo\/wp-content\/uploads\/2021\/11\/Hricka-Production-NOC-DEMONOV-100-90x60.webp 90w, https:\/\/www.zazito.ooo\/wp-content\/uploads\/2021\/11\/Hricka-Production-NOC-DEMONOV-100-135x90.webp 135w\" sizes=\"(max-width: 800px) 100vw, 800px\" \/>\t\t\t\t\t\t\t\t\t\t\t\t\t\t\t<\/div>\n\t\t\t\t<\/div>\n\t\t\t\t\t<\/div>\n\t\t<\/div>\n\t\t\t\t<div class=\"elementor-column elementor-col-25 elementor-top-column elementor-element elementor-element-7c10700\" data-id=\"7c10700\" data-element_type=\"column\" data-e-type=\"column\">\n\t\t\t<div class=\"elementor-widget-wrap elementor-element-populated\">\n\t\t\t\t\t\t<div class=\"elementor-element elementor-element-8e2af12 elementor-widget elementor-widget-image\" data-id=\"8e2af12\" data-element_type=\"widget\" data-e-type=\"widget\" data-widget_type=\"image.default\">\n\t\t\t\t<div class=\"elementor-widget-container\">\n\t\t\t\t\t\t\t\t\t\t\t\t\t\t\t<img loading=\"lazy\" decoding=\"async\" width=\"800\" height=\"530\" src=\"https:\/\/www.zazito.ooo\/wp-content\/uploads\/2021\/11\/UnosViliama4-1-1024x678.webp\" class=\"attachment-large size-large wp-image-56766\" alt=\"Mestsk\u00e9 hry teambuilding\" srcset=\"https:\/\/www.zazito.ooo\/wp-content\/uploads\/2021\/11\/UnosViliama4-1-1024x678.webp 1024w, https:\/\/www.zazito.ooo\/wp-content\/uploads\/2021\/11\/UnosViliama4-1-300x199.webp 300w, https:\/\/www.zazito.ooo\/wp-content\/uploads\/2021\/11\/UnosViliama4-1-768x509.webp 768w, https:\/\/www.zazito.ooo\/wp-content\/uploads\/2021\/11\/UnosViliama4-1-18x12.webp 18w, https:\/\/www.zazito.ooo\/wp-content\/uploads\/2021\/11\/UnosViliama4-1-604x400.webp 604w, https:\/\/www.zazito.ooo\/wp-content\/uploads\/2021\/11\/UnosViliama4-1-458x303.webp 458w, https:\/\/www.zazito.ooo\/wp-content\/uploads\/2021\/11\/UnosViliama4-1-600x397.webp 600w, https:\/\/www.zazito.ooo\/wp-content\/uploads\/2021\/11\/UnosViliama4-1-91x60.webp 91w, https:\/\/www.zazito.ooo\/wp-content\/uploads\/2021\/11\/UnosViliama4-1-136x90.webp 136w, https:\/\/www.zazito.ooo\/wp-content\/uploads\/2021\/11\/UnosViliama4-1.webp 1030w\" sizes=\"(max-width: 800px) 100vw, 800px\" \/>\t\t\t\t\t\t\t\t\t\t\t\t\t\t\t<\/div>\n\t\t\t\t<\/div>\n\t\t\t\t\t<\/div>\n\t\t<\/div>\n\t\t\t\t\t<\/div>\n\t\t<\/section>\n\t\t\t\t<section class=\"elementor-section elementor-top-section elementor-element elementor-element-f6efbe2 elementor-section-boxed elementor-section-height-default elementor-section-height-default\" data-id=\"f6efbe2\" data-element_type=\"section\" data-e-type=\"section\">\n\t\t\t\t\t\t<div class=\"elementor-container elementor-column-gap-default\">\n\t\t\t\t\t<div class=\"elementor-column elementor-col-100 elementor-top-column elementor-element elementor-element-7e400c6\" data-id=\"7e400c6\" data-element_type=\"column\" data-e-type=\"column\">\n\t\t\t<div class=\"elementor-widget-wrap elementor-element-populated\">\n\t\t\t\t\t\t<div class=\"elementor-element elementor-element-1c4948a elementor-hidden-desktop elementor-hidden-tablet elementor-hidden-mobile elementor-widget elementor-widget-heading\" data-id=\"1c4948a\" data-element_type=\"widget\" data-e-type=\"widget\" data-widget_type=\"heading.default\">\n\t\t\t\t<div class=\"elementor-widget-container\">\n\t\t\t\t\t<h2 class=\"elementor-heading-title elementor-size-default\">teambuilding<\/h2>\t\t\t\t<\/div>\n\t\t\t\t<\/div>\n\t\t\t\t\t<\/div>\n\t\t<\/div>\n\t\t\t\t\t<\/div>\n\t\t<\/section>\n\t\t\t\t<\/div>","protected":false},"excerpt":{"rendered":"<p>Eventy a teambuilding Z\u00e1\u017eitkov\u00e9 eventy a teambuilding so spolo\u010dnos\u0165ou Zazito.ooo Ak h\u013ead\u00e1te origin\u00e1lny sp\u00f4sob, ako posilni\u0165 t\u00edmov\u00e9ho ducha a z\u00e1rove\u0148 pon\u00faknu\u0165 va\u0161im zamestnancom nezabudnute\u013en\u00fd z\u00e1\u017eitok, eventy a teambuildingy so spolo\u010dnos\u0165ou Zazito.ooo s\u00fa tou spr\u00e1vnou vo\u013ebou. Na\u0161a firma sa \u0161pecializuje na tvorbu jedine\u010dn\u00fdch z\u00e1\u017eitkov, ktor\u00e9 nielen zabavia, ale aj preh\u013abia spolupr\u00e1cu a komunik\u00e1ciu medzi \u010dlenmi t\u00edmu.&hellip;<\/p>","protected":false},"author":1,"featured_media":56791,"parent":0,"menu_order":0,"comment_status":"closed","ping_status":"closed","template":"","meta":{"footnotes":""},"class_list":["post-587","page","type-page","status-publish","has-post-thumbnail","hentry"],"yoast_head":"<!-- This site is optimized with the Yoast SEO plugin v27.2 - https:\/\/yoast.com\/product\/yoast-seo-wordpress\/ -->\n<title>EVENTY A TEAMBUILDING | Zazito.ooo<\/title>\n<meta name=\"description\" content=\"Eventy a teambuilding pre firmy a spolo\u010dnosti. Na\u0161e hry zabavia pracovn\u00fd kolekt\u00edv a spestria ka\u017ed\u00fd event. Sk\u00faste to s nami!\" \/>\n<meta name=\"robots\" content=\"index, follow, max-snippet:-1, max-image-preview:large, max-video-preview:-1\" \/>\n<link rel=\"canonical\" href=\"https:\/\/www.zazito.ooo\/en\/teambuilding-bratislava-zazito-ooo\/\" \/>\n<meta property=\"og:locale\" content=\"en_US\" \/>\n<meta property=\"og:type\" content=\"article\" \/>\n<meta property=\"og:title\" content=\"EVENTY A TEAMBUILDING | Zazito.ooo\" \/>\n<meta property=\"og:description\" content=\"Eventy a teambuilding pre firmy a spolo\u010dnosti. Na\u0161e hry zabavia pracovn\u00fd kolekt\u00edv a spestria ka\u017ed\u00fd event. Sk\u00faste to s nami!\" \/>\n<meta property=\"og:url\" content=\"https:\/\/www.zazito.ooo\/en\/teambuilding-bratislava-zazito-ooo\/\" \/>\n<meta property=\"og:site_name\" content=\"Zazito.ooo\" \/>\n<meta property=\"article:publisher\" content=\"https:\/\/www.facebook.com\/zazitooo\/\" \/>\n<meta property=\"article:modified_time\" content=\"2024-09-10T10:15:52+00:00\" \/>\n<meta property=\"og:image\" content=\"https:\/\/www.zazito.ooo\/wp-content\/uploads\/2019\/06\/divny-bus-zazito.ooo6_-1-scaled.webp\" \/>\n\t<meta property=\"og:image:width\" content=\"1920\" \/>\n\t<meta property=\"og:image:height\" content=\"2560\" \/>\n\t<meta property=\"og:image:type\" content=\"image\/webp\" \/>\n<meta name=\"twitter:card\" content=\"summary_large_image\" \/>\n<meta name=\"twitter:label1\" content=\"Est. reading time\" \/>\n\t<meta name=\"twitter:data1\" content=\"3 minutes\" \/>\n<script type=\"application\/ld+json\" class=\"yoast-schema-graph\">{\"@context\":\"https:\/\/schema.org\",\"@graph\":[{\"@type\":\"WebPage\",\"@id\":\"https:\/\/www.zazito.ooo\/en\/teambuilding-bratislava-zazito-ooo\/\",\"url\":\"https:\/\/www.zazito.ooo\/en\/teambuilding-bratislava-zazito-ooo\/\",\"name\":\"EVENTY A TEAMBUILDING | Zazito.ooo\",\"isPartOf\":{\"@id\":\"https:\/\/www.zazito.ooo\/en\/#website\"},\"primaryImageOfPage\":{\"@id\":\"https:\/\/www.zazito.ooo\/en\/teambuilding-bratislava-zazito-ooo\/#primaryimage\"},\"image\":{\"@id\":\"https:\/\/www.zazito.ooo\/en\/teambuilding-bratislava-zazito-ooo\/#primaryimage\"},\"thumbnailUrl\":\"https:\/\/www.zazito.ooo\/wp-content\/uploads\/2019\/06\/divny-bus-zazito.ooo6_-1-scaled.webp\",\"datePublished\":\"2019-06-26T14:28:55+00:00\",\"dateModified\":\"2024-09-10T10:15:52+00:00\",\"description\":\"Eventy a teambuilding pre firmy a spolo\u010dnosti. Na\u0161e hry zabavia pracovn\u00fd kolekt\u00edv a spestria ka\u017ed\u00fd event. Sk\u00faste to s nami!\",\"breadcrumb\":{\"@id\":\"https:\/\/www.zazito.ooo\/en\/teambuilding-bratislava-zazito-ooo\/#breadcrumb\"},\"inLanguage\":\"en-US\",\"potentialAction\":[{\"@type\":\"ReadAction\",\"target\":[\"https:\/\/www.zazito.ooo\/en\/teambuilding-bratislava-zazito-ooo\/\"]}]},{\"@type\":\"ImageObject\",\"inLanguage\":\"en-US\",\"@id\":\"https:\/\/www.zazito.ooo\/en\/teambuilding-bratislava-zazito-ooo\/#primaryimage\",\"url\":\"https:\/\/www.zazito.ooo\/wp-content\/uploads\/2019\/06\/divny-bus-zazito.ooo6_-1-scaled.webp\",\"contentUrl\":\"https:\/\/www.zazito.ooo\/wp-content\/uploads\/2019\/06\/divny-bus-zazito.ooo6_-1-scaled.webp\",\"width\":1920,\"height\":2560,\"caption\":\"Eventy a teambuildingy\"},{\"@type\":\"BreadcrumbList\",\"@id\":\"https:\/\/www.zazito.ooo\/en\/teambuilding-bratislava-zazito-ooo\/#breadcrumb\",\"itemListElement\":[{\"@type\":\"ListItem\",\"position\":1,\"name\":\"Home\",\"item\":\"https:\/\/www.zazito.ooo\/\"},{\"@type\":\"ListItem\",\"position\":2,\"name\":\"EVENTY A TEAMBUILDING\"}]},{\"@type\":\"WebSite\",\"@id\":\"https:\/\/www.zazito.ooo\/en\/#website\",\"url\":\"https:\/\/www.zazito.ooo\/en\/\",\"name\":\"Zazito.ooo\",\"description\":\"origin\u00e1lne escape games v Bratislave\",\"publisher\":{\"@id\":\"https:\/\/www.zazito.ooo\/en\/#organization\"},\"potentialAction\":[{\"@type\":\"SearchAction\",\"target\":{\"@type\":\"EntryPoint\",\"urlTemplate\":\"https:\/\/www.zazito.ooo\/en\/?s={search_term_string}\"},\"query-input\":{\"@type\":\"PropertyValueSpecification\",\"valueRequired\":true,\"valueName\":\"search_term_string\"}}],\"inLanguage\":\"en-US\"},{\"@type\":\"Organization\",\"@id\":\"https:\/\/www.zazito.ooo\/en\/#organization\",\"name\":\"Zazito, s.r.o.\",\"url\":\"https:\/\/www.zazito.ooo\/en\/\",\"logo\":{\"@type\":\"ImageObject\",\"inLanguage\":\"en-US\",\"@id\":\"https:\/\/www.zazito.ooo\/en\/#\/schema\/logo\/image\/\",\"url\":\"https:\/\/www.zazito.ooo\/wp-content\/uploads\/2019\/08\/zazito_logo.jpg\",\"contentUrl\":\"https:\/\/www.zazito.ooo\/wp-content\/uploads\/2019\/08\/zazito_logo.jpg\",\"width\":1080,\"height\":1080,\"caption\":\"Zazito, s.r.o.\"},\"image\":{\"@id\":\"https:\/\/www.zazito.ooo\/en\/#\/schema\/logo\/image\/\"},\"sameAs\":[\"https:\/\/www.facebook.com\/zazitooo\/\",\"https:\/\/www.instagram.com\/zazito.ooo\/?hl=sk\"]}]}<\/script>\n<!-- \/ Yoast SEO plugin. -->","yoast_head_json":{"title":"EVENTY A TEAMBUILDING | Zazito.ooo","description":"Eventy a teambuilding pre firmy a spolo\u010dnosti. Na\u0161e hry zabavia pracovn\u00fd kolekt\u00edv a spestria ka\u017ed\u00fd event. Sk\u00faste to s nami!","robots":{"index":"index","follow":"follow","max-snippet":"max-snippet:-1","max-image-preview":"max-image-preview:large","max-video-preview":"max-video-preview:-1"},"canonical":"https:\/\/www.zazito.ooo\/en\/teambuilding-bratislava-zazito-ooo\/","og_locale":"en_US","og_type":"article","og_title":"EVENTY A TEAMBUILDING | Zazito.ooo","og_description":"Eventy a teambuilding pre firmy a spolo\u010dnosti. Na\u0161e hry zabavia pracovn\u00fd kolekt\u00edv a spestria ka\u017ed\u00fd event. Sk\u00faste to s nami!","og_url":"https:\/\/www.zazito.ooo\/en\/teambuilding-bratislava-zazito-ooo\/","og_site_name":"Zazito.ooo","article_publisher":"https:\/\/www.facebook.com\/zazitooo\/","article_modified_time":"2024-09-10T10:15:52+00:00","og_image":[{"width":1920,"height":2560,"url":"https:\/\/www.zazito.ooo\/wp-content\/uploads\/2019\/06\/divny-bus-zazito.ooo6_-1-scaled.webp","type":"image\/webp"}],"twitter_card":"summary_large_image","twitter_misc":{"Est. reading time":"3 minutes"},"schema":{"@context":"https:\/\/schema.org","@graph":[{"@type":"WebPage","@id":"https:\/\/www.zazito.ooo\/en\/teambuilding-bratislava-zazito-ooo\/","url":"https:\/\/www.zazito.ooo\/en\/teambuilding-bratislava-zazito-ooo\/","name":"EVENTY A TEAMBUILDING | Zazito.ooo","isPartOf":{"@id":"https:\/\/www.zazito.ooo\/en\/#website"},"primaryImageOfPage":{"@id":"https:\/\/www.zazito.ooo\/en\/teambuilding-bratislava-zazito-ooo\/#primaryimage"},"image":{"@id":"https:\/\/www.zazito.ooo\/en\/teambuilding-bratislava-zazito-ooo\/#primaryimage"},"thumbnailUrl":"https:\/\/www.zazito.ooo\/wp-content\/uploads\/2019\/06\/divny-bus-zazito.ooo6_-1-scaled.webp","datePublished":"2019-06-26T14:28:55+00:00","dateModified":"2024-09-10T10:15:52+00:00","description":"Eventy a teambuilding pre firmy a spolo\u010dnosti. Na\u0161e hry zabavia pracovn\u00fd kolekt\u00edv a spestria ka\u017ed\u00fd event. Sk\u00faste to s nami!","breadcrumb":{"@id":"https:\/\/www.zazito.ooo\/en\/teambuilding-bratislava-zazito-ooo\/#breadcrumb"},"inLanguage":"en-US","potentialAction":[{"@type":"ReadAction","target":["https:\/\/www.zazito.ooo\/en\/teambuilding-bratislava-zazito-ooo\/"]}]},{"@type":"ImageObject","inLanguage":"en-US","@id":"https:\/\/www.zazito.ooo\/en\/teambuilding-bratislava-zazito-ooo\/#primaryimage","url":"https:\/\/www.zazito.ooo\/wp-content\/uploads\/2019\/06\/divny-bus-zazito.ooo6_-1-scaled.webp","contentUrl":"https:\/\/www.zazito.ooo\/wp-content\/uploads\/2019\/06\/divny-bus-zazito.ooo6_-1-scaled.webp","width":1920,"height":2560,"caption":"Eventy a teambuildingy"},{"@type":"BreadcrumbList","@id":"https:\/\/www.zazito.ooo\/en\/teambuilding-bratislava-zazito-ooo\/#breadcrumb","itemListElement":[{"@type":"ListItem","position":1,"name":"Home","item":"https:\/\/www.zazito.ooo\/"},{"@type":"ListItem","position":2,"name":"EVENTY A TEAMBUILDING"}]},{"@type":"WebSite","@id":"https:\/\/www.zazito.ooo\/en\/#website","url":"https:\/\/www.zazito.ooo\/en\/","name":"Zazito.ooo","description":"origin\u00e1lne escape games v Bratislave","publisher":{"@id":"https:\/\/www.zazito.ooo\/en\/#organization"},"potentialAction":[{"@type":"SearchAction","target":{"@type":"EntryPoint","urlTemplate":"https:\/\/www.zazito.ooo\/en\/?s={search_term_string}"},"query-input":{"@type":"PropertyValueSpecification","valueRequired":true,"valueName":"search_term_string"}}],"inLanguage":"en-US"},{"@type":"Organization","@id":"https:\/\/www.zazito.ooo\/en\/#organization","name":"Zazito, s.r.o.","url":"https:\/\/www.zazito.ooo\/en\/","logo":{"@type":"ImageObject","inLanguage":"en-US","@id":"https:\/\/www.zazito.ooo\/en\/#\/schema\/logo\/image\/","url":"https:\/\/www.zazito.ooo\/wp-content\/uploads\/2019\/08\/zazito_logo.jpg","contentUrl":"https:\/\/www.zazito.ooo\/wp-content\/uploads\/2019\/08\/zazito_logo.jpg","width":1080,"height":1080,"caption":"Zazito, s.r.o."},"image":{"@id":"https:\/\/www.zazito.ooo\/en\/#\/schema\/logo\/image\/"},"sameAs":["https:\/\/www.facebook.com\/zazitooo\/","https:\/\/www.instagram.com\/zazito.ooo\/?hl=sk"]}]}},"_links":{"self":[{"href":"https:\/\/www.zazito.ooo\/en\/wp-json\/wp\/v2\/pages\/587","targetHints":{"allow":["GET"]}}],"collection":[{"href":"https:\/\/www.zazito.ooo\/en\/wp-json\/wp\/v2\/pages"}],"about":[{"href":"https:\/\/www.zazito.ooo\/en\/wp-json\/wp\/v2\/types\/page"}],"author":[{"embeddable":true,"href":"https:\/\/www.zazito.ooo\/en\/wp-json\/wp\/v2\/users\/1"}],"replies":[{"embeddable":true,"href":"https:\/\/www.zazito.ooo\/en\/wp-json\/wp\/v2\/comments?post=587"}],"version-history":[{"count":24,"href":"https:\/\/www.zazito.ooo\/en\/wp-json\/wp\/v2\/pages\/587\/revisions"}],"predecessor-version":[{"id":57376,"href":"https:\/\/www.zazito.ooo\/en\/wp-json\/wp\/v2\/pages\/587\/revisions\/57376"}],"wp:featuredmedia":[{"embeddable":true,"href":"https:\/\/www.zazito.ooo\/en\/wp-json\/wp\/v2\/media\/56791"}],"wp:attachment":[{"href":"https:\/\/www.zazito.ooo\/en\/wp-json\/wp\/v2\/media?parent=587"}],"curies":[{"name":"wp","href":"https:\/\/api.w.org\/{rel}","templated":true}]}}