{"id":55768,"date":"2024-05-07T14:39:30","date_gmt":"2024-05-07T12:39:30","guid":{"rendered":"https:\/\/www.zazito.ooo\/?page_id=55768"},"modified":"2025-04-17T16:54:54","modified_gmt":"2025-04-17T14:54:54","slug":"nasi-klienti","status":"publish","type":"page","link":"https:\/\/www.zazito.ooo\/en\/nasi-klienti\/","title":{"rendered":"Na\u0161i klienti"},"content":{"rendered":"<div data-elementor-type=\"wp-page\" data-elementor-id=\"55768\" class=\"elementor elementor-55768\" data-elementor-post-type=\"page\">\n\t\t\t\t\t\t<section class=\"elementor-section elementor-top-section elementor-element elementor-element-2b71715 elementor-section-boxed elementor-section-height-default elementor-section-height-default\" data-id=\"2b71715\" data-element_type=\"section\" data-e-type=\"section\">\n\t\t\t\t\t\t<div class=\"elementor-container elementor-column-gap-default\">\n\t\t\t\t\t<div class=\"elementor-column elementor-col-100 elementor-top-column elementor-element elementor-element-a8e0593\" data-id=\"a8e0593\" data-element_type=\"column\" data-e-type=\"column\">\n\t\t\t<div class=\"elementor-widget-wrap elementor-element-populated\">\n\t\t\t\t\t\t<div class=\"elementor-element elementor-element-0681ad2 elementor-widget elementor-widget-image\" data-id=\"0681ad2\" data-element_type=\"widget\" data-e-type=\"widget\" data-widget_type=\"image.default\">\n\t\t\t\t<div class=\"elementor-widget-container\">\n\t\t\t\t\t\t\t\t\t\t\t\t\t\t\t<img fetchpriority=\"high\" decoding=\"async\" width=\"600\" height=\"470\" src=\"https:\/\/www.zazito.ooo\/wp-content\/uploads\/2024\/05\/NoveTipTopLoga-2-600x470-1.png\" class=\"attachment-large size-large wp-image-55764\" alt=\"\" srcset=\"https:\/\/www.zazito.ooo\/wp-content\/uploads\/2024\/05\/NoveTipTopLoga-2-600x470-1.png 600w, https:\/\/www.zazito.ooo\/wp-content\/uploads\/2024\/05\/NoveTipTopLoga-2-600x470-1-300x235.png 300w, https:\/\/www.zazito.ooo\/wp-content\/uploads\/2024\/05\/NoveTipTopLoga-2-600x470-1-15x12.png 15w, https:\/\/www.zazito.ooo\/wp-content\/uploads\/2024\/05\/NoveTipTopLoga-2-600x470-1-387x303.png 387w, https:\/\/www.zazito.ooo\/wp-content\/uploads\/2024\/05\/NoveTipTopLoga-2-600x470-1-77x60.png 77w, https:\/\/www.zazito.ooo\/wp-content\/uploads\/2024\/05\/NoveTipTopLoga-2-600x470-1-115x90.png 115w\" sizes=\"(max-width: 600px) 100vw, 600px\" \/>\t\t\t\t\t\t\t\t\t\t\t\t\t\t\t<\/div>\n\t\t\t\t<\/div>\n\t\t\t\t\t<\/div>\n\t\t<\/div>\n\t\t\t\t\t<\/div>\n\t\t<\/section>\n\t\t\t\t<\/div>","protected":false},"excerpt":{"rendered":"","protected":false},"author":4,"featured_media":0,"parent":0,"menu_order":0,"comment_status":"closed","ping_status":"closed","template":"","meta":{"footnotes":""},"class_list":["post-55768","page","type-page","status-publish","hentry"],"yoast_head":"<!-- This site is optimized with the Yoast SEO plugin v27.2 - https:\/\/yoast.com\/product\/yoast-seo-wordpress\/ -->\n<title>Klienti zazito.ooo<\/title>\n<meta name=\"description\" content=\"Klienti zazito.ooo - DELL, IBM, HENKEL, AXA, SHELL, FIGARO, SIEMENS, AMAZON, TESCO, LENOVO, \u010cSOB, SLOVENSK\u00c1 SPORITE\u013dNA a in\u00fd\" \/>\n<meta name=\"robots\" content=\"index, follow, max-snippet:-1, max-image-preview:large, max-video-preview:-1\" \/>\n<link rel=\"canonical\" href=\"https:\/\/www.zazito.ooo\/en\/nasi-klienti\/\" \/>\n<meta property=\"og:locale\" content=\"en_US\" \/>\n<meta property=\"og:type\" content=\"article\" \/>\n<meta property=\"og:title\" content=\"Klienti zazito.ooo\" \/>\n<meta property=\"og:description\" content=\"Klienti zazito.ooo - DELL, IBM, HENKEL, AXA, SHELL, FIGARO, SIEMENS, AMAZON, TESCO, LENOVO, \u010cSOB, SLOVENSK\u00c1 SPORITE\u013dNA a in\u00fd\" \/>\n<meta property=\"og:url\" content=\"https:\/\/www.zazito.ooo\/en\/nasi-klienti\/\" \/>\n<meta property=\"og:site_name\" content=\"Zazito.ooo\" \/>\n<meta property=\"article:publisher\" content=\"https:\/\/www.facebook.com\/zazitooo\/\" \/>\n<meta property=\"article:modified_time\" content=\"2025-04-17T14:54:54+00:00\" \/>\n<meta property=\"og:image\" content=\"https:\/\/www.zazito.ooo\/wp-content\/uploads\/2024\/05\/NoveTipTopLoga-2-600x470-1.png\" \/>\n\t<meta property=\"og:image:width\" content=\"600\" \/>\n\t<meta property=\"og:image:height\" content=\"470\" \/>\n\t<meta property=\"og:image:type\" content=\"image\/png\" \/>\n<meta name=\"twitter:card\" content=\"summary_large_image\" \/>\n<meta name=\"twitter:label1\" content=\"Est. reading time\" \/>\n\t<meta name=\"twitter:data1\" content=\"1 minute\" \/>\n<script type=\"application\/ld+json\" class=\"yoast-schema-graph\">{\"@context\":\"https:\/\/schema.org\",\"@graph\":[{\"@type\":\"WebPage\",\"@id\":\"https:\/\/www.zazito.ooo\/en\/nasi-klienti\/\",\"url\":\"https:\/\/www.zazito.ooo\/en\/nasi-klienti\/\",\"name\":\"Klienti zazito.ooo\",\"isPartOf\":{\"@id\":\"https:\/\/www.zazito.ooo\/en\/#website\"},\"primaryImageOfPage\":{\"@id\":\"https:\/\/www.zazito.ooo\/en\/nasi-klienti\/#primaryimage\"},\"image\":{\"@id\":\"https:\/\/www.zazito.ooo\/en\/nasi-klienti\/#primaryimage\"},\"thumbnailUrl\":\"https:\/\/www.zazito.ooo\/wp-content\/uploads\/2024\/05\/NoveTipTopLoga-2-600x470-1.png\",\"datePublished\":\"2024-05-07T12:39:30+00:00\",\"dateModified\":\"2025-04-17T14:54:54+00:00\",\"description\":\"Klienti zazito.ooo - DELL, IBM, HENKEL, AXA, SHELL, FIGARO, SIEMENS, AMAZON, TESCO, LENOVO, \u010cSOB, SLOVENSK\u00c1 SPORITE\u013dNA a in\u00fd\",\"breadcrumb\":{\"@id\":\"https:\/\/www.zazito.ooo\/en\/nasi-klienti\/#breadcrumb\"},\"inLanguage\":\"en-US\",\"potentialAction\":[{\"@type\":\"ReadAction\",\"target\":[\"https:\/\/www.zazito.ooo\/en\/nasi-klienti\/\"]}]},{\"@type\":\"ImageObject\",\"inLanguage\":\"en-US\",\"@id\":\"https:\/\/www.zazito.ooo\/en\/nasi-klienti\/#primaryimage\",\"url\":\"https:\/\/www.zazito.ooo\/wp-content\/uploads\/2024\/05\/NoveTipTopLoga-2-600x470-1.png\",\"contentUrl\":\"https:\/\/www.zazito.ooo\/wp-content\/uploads\/2024\/05\/NoveTipTopLoga-2-600x470-1.png\"},{\"@type\":\"BreadcrumbList\",\"@id\":\"https:\/\/www.zazito.ooo\/en\/nasi-klienti\/#breadcrumb\",\"itemListElement\":[{\"@type\":\"ListItem\",\"position\":1,\"name\":\"Home\",\"item\":\"https:\/\/www.zazito.ooo\/\"},{\"@type\":\"ListItem\",\"position\":2,\"name\":\"Na\u0161i klienti\"}]},{\"@type\":\"WebSite\",\"@id\":\"https:\/\/www.zazito.ooo\/en\/#website\",\"url\":\"https:\/\/www.zazito.ooo\/en\/\",\"name\":\"Zazito.ooo\",\"description\":\"origin\u00e1lne escape games v Bratislave\",\"publisher\":{\"@id\":\"https:\/\/www.zazito.ooo\/en\/#organization\"},\"potentialAction\":[{\"@type\":\"SearchAction\",\"target\":{\"@type\":\"EntryPoint\",\"urlTemplate\":\"https:\/\/www.zazito.ooo\/en\/?s={search_term_string}\"},\"query-input\":{\"@type\":\"PropertyValueSpecification\",\"valueRequired\":true,\"valueName\":\"search_term_string\"}}],\"inLanguage\":\"en-US\"},{\"@type\":\"Organization\",\"@id\":\"https:\/\/www.zazito.ooo\/en\/#organization\",\"name\":\"Zazito, s.r.o.\",\"url\":\"https:\/\/www.zazito.ooo\/en\/\",\"logo\":{\"@type\":\"ImageObject\",\"inLanguage\":\"en-US\",\"@id\":\"https:\/\/www.zazito.ooo\/en\/#\/schema\/logo\/image\/\",\"url\":\"https:\/\/www.zazito.ooo\/wp-content\/uploads\/2019\/08\/zazito_logo.jpg\",\"contentUrl\":\"https:\/\/www.zazito.ooo\/wp-content\/uploads\/2019\/08\/zazito_logo.jpg\",\"width\":1080,\"height\":1080,\"caption\":\"Zazito, s.r.o.\"},\"image\":{\"@id\":\"https:\/\/www.zazito.ooo\/en\/#\/schema\/logo\/image\/\"},\"sameAs\":[\"https:\/\/www.facebook.com\/zazitooo\/\",\"https:\/\/www.instagram.com\/zazito.ooo\/?hl=sk\"]}]}<\/script>\n<!-- \/ Yoast SEO plugin. -->","yoast_head_json":{"title":"Klienti zazito.ooo","description":"Klienti zazito.ooo - DELL, IBM, HENKEL, AXA, SHELL, FIGARO, SIEMENS, AMAZON, TESCO, LENOVO, \u010cSOB, SLOVENSK\u00c1 SPORITE\u013dNA a in\u00fd","robots":{"index":"index","follow":"follow","max-snippet":"max-snippet:-1","max-image-preview":"max-image-preview:large","max-video-preview":"max-video-preview:-1"},"canonical":"https:\/\/www.zazito.ooo\/en\/nasi-klienti\/","og_locale":"en_US","og_type":"article","og_title":"Klienti zazito.ooo","og_description":"Klienti zazito.ooo - DELL, IBM, HENKEL, AXA, SHELL, FIGARO, SIEMENS, AMAZON, TESCO, LENOVO, \u010cSOB, SLOVENSK\u00c1 SPORITE\u013dNA a in\u00fd","og_url":"https:\/\/www.zazito.ooo\/en\/nasi-klienti\/","og_site_name":"Zazito.ooo","article_publisher":"https:\/\/www.facebook.com\/zazitooo\/","article_modified_time":"2025-04-17T14:54:54+00:00","og_image":[{"width":600,"height":470,"url":"https:\/\/www.zazito.ooo\/wp-content\/uploads\/2024\/05\/NoveTipTopLoga-2-600x470-1.png","type":"image\/png"}],"twitter_card":"summary_large_image","twitter_misc":{"Est. reading time":"1 minute"},"schema":{"@context":"https:\/\/schema.org","@graph":[{"@type":"WebPage","@id":"https:\/\/www.zazito.ooo\/en\/nasi-klienti\/","url":"https:\/\/www.zazito.ooo\/en\/nasi-klienti\/","name":"Klienti zazito.ooo","isPartOf":{"@id":"https:\/\/www.zazito.ooo\/en\/#website"},"primaryImageOfPage":{"@id":"https:\/\/www.zazito.ooo\/en\/nasi-klienti\/#primaryimage"},"image":{"@id":"https:\/\/www.zazito.ooo\/en\/nasi-klienti\/#primaryimage"},"thumbnailUrl":"https:\/\/www.zazito.ooo\/wp-content\/uploads\/2024\/05\/NoveTipTopLoga-2-600x470-1.png","datePublished":"2024-05-07T12:39:30+00:00","dateModified":"2025-04-17T14:54:54+00:00","description":"Klienti zazito.ooo - DELL, IBM, HENKEL, AXA, SHELL, FIGARO, SIEMENS, AMAZON, TESCO, LENOVO, \u010cSOB, SLOVENSK\u00c1 SPORITE\u013dNA a in\u00fd","breadcrumb":{"@id":"https:\/\/www.zazito.ooo\/en\/nasi-klienti\/#breadcrumb"},"inLanguage":"en-US","potentialAction":[{"@type":"ReadAction","target":["https:\/\/www.zazito.ooo\/en\/nasi-klienti\/"]}]},{"@type":"ImageObject","inLanguage":"en-US","@id":"https:\/\/www.zazito.ooo\/en\/nasi-klienti\/#primaryimage","url":"https:\/\/www.zazito.ooo\/wp-content\/uploads\/2024\/05\/NoveTipTopLoga-2-600x470-1.png","contentUrl":"https:\/\/www.zazito.ooo\/wp-content\/uploads\/2024\/05\/NoveTipTopLoga-2-600x470-1.png"},{"@type":"BreadcrumbList","@id":"https:\/\/www.zazito.ooo\/en\/nasi-klienti\/#breadcrumb","itemListElement":[{"@type":"ListItem","position":1,"name":"Home","item":"https:\/\/www.zazito.ooo\/"},{"@type":"ListItem","position":2,"name":"Na\u0161i klienti"}]},{"@type":"WebSite","@id":"https:\/\/www.zazito.ooo\/en\/#website","url":"https:\/\/www.zazito.ooo\/en\/","name":"Zazito.ooo","description":"origin\u00e1lne escape games v Bratislave","publisher":{"@id":"https:\/\/www.zazito.ooo\/en\/#organization"},"potentialAction":[{"@type":"SearchAction","target":{"@type":"EntryPoint","urlTemplate":"https:\/\/www.zazito.ooo\/en\/?s={search_term_string}"},"query-input":{"@type":"PropertyValueSpecification","valueRequired":true,"valueName":"search_term_string"}}],"inLanguage":"en-US"},{"@type":"Organization","@id":"https:\/\/www.zazito.ooo\/en\/#organization","name":"Zazito, s.r.o.","url":"https:\/\/www.zazito.ooo\/en\/","logo":{"@type":"ImageObject","inLanguage":"en-US","@id":"https:\/\/www.zazito.ooo\/en\/#\/schema\/logo\/image\/","url":"https:\/\/www.zazito.ooo\/wp-content\/uploads\/2019\/08\/zazito_logo.jpg","contentUrl":"https:\/\/www.zazito.ooo\/wp-content\/uploads\/2019\/08\/zazito_logo.jpg","width":1080,"height":1080,"caption":"Zazito, s.r.o."},"image":{"@id":"https:\/\/www.zazito.ooo\/en\/#\/schema\/logo\/image\/"},"sameAs":["https:\/\/www.facebook.com\/zazitooo\/","https:\/\/www.instagram.com\/zazito.ooo\/?hl=sk"]}]}},"_links":{"self":[{"href":"https:\/\/www.zazito.ooo\/en\/wp-json\/wp\/v2\/pages\/55768","targetHints":{"allow":["GET"]}}],"collection":[{"href":"https:\/\/www.zazito.ooo\/en\/wp-json\/wp\/v2\/pages"}],"about":[{"href":"https:\/\/www.zazito.ooo\/en\/wp-json\/wp\/v2\/types\/page"}],"author":[{"embeddable":true,"href":"https:\/\/www.zazito.ooo\/en\/wp-json\/wp\/v2\/users\/4"}],"replies":[{"embeddable":true,"href":"https:\/\/www.zazito.ooo\/en\/wp-json\/wp\/v2\/comments?post=55768"}],"version-history":[{"count":3,"href":"https:\/\/www.zazito.ooo\/en\/wp-json\/wp\/v2\/pages\/55768\/revisions"}],"predecessor-version":[{"id":60022,"href":"https:\/\/www.zazito.ooo\/en\/wp-json\/wp\/v2\/pages\/55768\/revisions\/60022"}],"wp:attachment":[{"href":"https:\/\/www.zazito.ooo\/en\/wp-json\/wp\/v2\/media?parent=55768"}],"curies":[{"name":"wp","href":"https:\/\/api.w.org\/{rel}","templated":true}]}}