{"id":54358,"date":"2024-01-12T21:15:15","date_gmt":"2024-01-12T20:15:15","guid":{"rendered":"https:\/\/www.zazito.ooo\/?page_id=54358"},"modified":"2025-04-17T09:23:53","modified_gmt":"2025-04-17T07:23:53","slug":"teambuildingy","status":"publish","type":"page","link":"https:\/\/www.zazito.ooo\/en\/teambuildingy\/","title":{"rendered":"Teambuilding"},"content":{"rendered":"<div data-elementor-type=\"wp-page\" data-elementor-id=\"54358\" class=\"elementor elementor-54358\" data-elementor-post-type=\"page\">\n\t\t\t\t<div class=\"elementor-element elementor-element-05cab0b e-flex e-con-boxed e-con e-parent\" data-id=\"05cab0b\" data-element_type=\"container\" data-e-type=\"container\" data-settings=\"{&quot;background_background&quot;:&quot;classic&quot;}\">\n\t\t\t\t\t<div class=\"e-con-inner\">\n\t\t\t\t<div class=\"elementor-element elementor-element-ac927ae elementor-widget-mobile__width-initial elementor-widget elementor-widget-heading\" data-id=\"ac927ae\" data-element_type=\"widget\" data-e-type=\"widget\" data-widget_type=\"heading.default\">\n\t\t\t\t<div class=\"elementor-widget-container\">\n\t\t\t\t\t<h2 class=\"elementor-heading-title elementor-size-default\">Teambuildingy<\/h2>\t\t\t\t<\/div>\n\t\t\t\t<\/div>\n\t\t\t\t\t<\/div>\n\t\t\t\t<\/div>\n\t\t\t\t<section class=\"elementor-section elementor-top-section elementor-element elementor-element-5975173 elementor-section-full_width elementor-section-height-default elementor-section-height-default\" data-id=\"5975173\" data-element_type=\"section\" data-e-type=\"section\">\n\t\t\t\t\t\t<div class=\"elementor-container elementor-column-gap-default\">\n\t\t\t\t\t<div class=\"elementor-column elementor-col-50 elementor-top-column elementor-element elementor-element-fae3846\" data-id=\"fae3846\" data-element_type=\"column\" data-e-type=\"column\">\n\t\t\t<div class=\"elementor-widget-wrap elementor-element-populated\">\n\t\t\t\t\t\t<div class=\"elementor-element elementor-element-bc64037 elementor-flip-box--effect-push elementor-flip-box--direction-up elementor-widget elementor-widget-flip-box\" data-id=\"bc64037\" data-element_type=\"widget\" data-e-type=\"widget\" data-widget_type=\"flip-box.default\">\n\t\t\t\t<div class=\"elementor-widget-container\">\n\t\t\t\t\t\t\t<div class=\"elementor-flip-box\" tabindex=\"0\">\n\t\t\t<div class=\"elementor-flip-box__layer elementor-flip-box__front\">\n\t\t\t\t<div class=\"elementor-flip-box__layer__overlay\">\n\t\t\t\t\t<div class=\"elementor-flip-box__layer__inner\">\n\t\t\t\t\t\t\t\t\t\t\t\t\t<div class=\"elementor-icon-wrapper elementor-view-framed elementor-shape-circle\">\n\t\t\t\t\t\t\t\t<div class=\"elementor-icon\">\n\t\t\t\t\t\t\t\t\t<i class=\"fas fa-search\"><\/i>\t\t\t\t\t\t\t\t<\/div>\n\t\t\t\t\t\t\t<\/div>\n\t\t\t\t\t\t\n\t\t\t\t\t\t\t\t\t\t\t\t\t<h3 class=\"elementor-flip-box__layer__title\">\n\t\t\t\t\t\t\t\tESCAPE CENTRUM MU\u0160TOV\u00c1\t\t\t\t\t\t\t<\/h3>\n\t\t\t\t\t\t\n\t\t\t\t\t\t\t\t\t\t\t<\/div>\n\t\t\t\t<\/div>\n\t\t\t<\/div>\n\t\t\t<a class=\"elementor-flip-box__layer elementor-flip-box__back\" href=\"https:\/\/www.zazito.ooo\/en\/escape-centrum-mustova\/\">\n\t\t\t<div class=\"elementor-flip-box__layer__overlay\">\n\t\t\t\t<div class=\"elementor-flip-box__layer__inner\">\n\t\t\t\t\t\t\t\t\t\t\t<h3 class=\"elementor-flip-box__layer__title\">\n\t\t\t\t\t\t\tESCAPE CENTRUM MU\u0160TOV\u00c1 - Vchod cez AVT Servis\t\t\t\t\t\t<\/h3>\n\t\t\t\t\t\n\t\t\t\t\t\t\t\t\t\t\t<div class=\"elementor-flip-box__layer__description\">\n\t\t\t\t\t\t\tEscape teambuilding je najlep\u0161\u00ed teambuilding A\u017e 21 kolegov v jednom \u010dase na jednom mieste v troch r\u00f4znych escape roomkach. 90-120min\t\t\t\t\t\t<\/div>\n\t\t\t\t\t\n\t\t\t\t\t\t\t\t\t\t\t<span class=\"elementor-flip-box__button elementor-button elementor-size-xs\">\n\t\t\t\t\t\t\tZobrazi\u0165\t\t\t\t\t\t<\/span>\n\t\t\t\t\t\t\t\t<\/div>\n\t\t<\/div>\n\t\t<\/a>\n\t\t<\/div>\n\t\t\t\t\t\t<\/div>\n\t\t\t\t<\/div>\n\t\t\t\t\t<\/div>\n\t\t<\/div>\n\t\t\t\t<div class=\"elementor-column elementor-col-50 elementor-top-column elementor-element elementor-element-3b16b73\" data-id=\"3b16b73\" data-element_type=\"column\" data-e-type=\"column\">\n\t\t\t<div class=\"elementor-widget-wrap elementor-element-populated\">\n\t\t\t\t\t\t<div class=\"elementor-element elementor-element-19cd073 elementor-flip-box--effect-push elementor-flip-box--direction-up elementor-widget elementor-widget-flip-box\" data-id=\"19cd073\" data-element_type=\"widget\" data-e-type=\"widget\" data-widget_type=\"flip-box.default\">\n\t\t\t\t<div class=\"elementor-widget-container\">\n\t\t\t\t\t\t\t<div class=\"elementor-flip-box\" tabindex=\"0\">\n\t\t\t<div class=\"elementor-flip-box__layer elementor-flip-box__front\">\n\t\t\t\t<div class=\"elementor-flip-box__layer__overlay\">\n\t\t\t\t\t<div class=\"elementor-flip-box__layer__inner\">\n\t\t\t\t\t\t\t\t\t\t\t\t\t<div class=\"elementor-icon-wrapper elementor-view-framed elementor-shape-circle\">\n\t\t\t\t\t\t\t\t<div class=\"elementor-icon\">\n\t\t\t\t\t\t\t\t\t<i class=\"fas fa-search\"><\/i>\t\t\t\t\t\t\t\t<\/div>\n\t\t\t\t\t\t\t<\/div>\n\t\t\t\t\t\t\n\t\t\t\t\t\t\t\t\t\t\t\t\t<h3 class=\"elementor-flip-box__layer__title\">\n\t\t\t\t\t\t\t\tESCAPE PR\u00cdVES\t\t\t\t\t\t\t<\/h3>\n\t\t\t\t\t\t\n\t\t\t\t\t\t\t\t\t\t\t<\/div>\n\t\t\t\t<\/div>\n\t\t\t<\/div>\n\t\t\t<a class=\"elementor-flip-box__layer elementor-flip-box__back\" href=\"https:\/\/www.zazito.ooo\/en\/escape-privesy\/\">\n\t\t\t<div class=\"elementor-flip-box__layer__overlay\">\n\t\t\t\t<div class=\"elementor-flip-box__layer__inner\">\n\t\t\t\t\t\t\t\t\t\t\t<h3 class=\"elementor-flip-box__layer__title\">\n\t\t\t\t\t\t\tESCAPE PR\u00cdVES\t\t\t\t\t\t<\/h3>\n\t\t\t\t\t\n\t\t\t\t\t\t\t\t\t\t\t<div class=\"elementor-flip-box__layer__description\">\n\t\t\t\t\t\t\tS divn\u00fdm pr\u00edvesom pr\u00eddeme na V\u00e1\u0161 festival, event, teambuilding\u2026 a spestr\u00edme Va\u0161e podujatie.\t\t\t\t\t\t<\/div>\n\t\t\t\t\t\n\t\t\t\t\t\t\t\t\t\t\t<span class=\"elementor-flip-box__button elementor-button elementor-size-xs\">\n\t\t\t\t\t\t\tZobrazi\u0165\t\t\t\t\t\t<\/span>\n\t\t\t\t\t\t\t\t<\/div>\n\t\t<\/div>\n\t\t<\/a>\n\t\t<\/div>\n\t\t\t\t\t\t<\/div>\n\t\t\t\t<\/div>\n\t\t\t\t\t<\/div>\n\t\t<\/div>\n\t\t\t\t\t<\/div>\n\t\t<\/section>\n\t\t\t\t<section class=\"elementor-section elementor-top-section elementor-element elementor-element-f87e7bb elementor-section-full_width elementor-section-height-default elementor-section-height-default\" data-id=\"f87e7bb\" data-element_type=\"section\" data-e-type=\"section\" data-settings=\"{&quot;shape_divider_bottom&quot;:&quot;pyramids&quot;}\">\n\t\t\t\t\t<div class=\"elementor-shape elementor-shape-bottom\" aria-hidden=\"true\" data-negative=\"false\">\n\t\t\t<svg xmlns=\"http:\/\/www.w3.org\/2000\/svg\" viewbox=\"0 0 1000 100\" preserveaspectratio=\"none\">\n\t<path class=\"elementor-shape-fill\" d=\"M761.9,44.1L643.1,27.2L333.8,98L0,3.8V0l1000,0v3.9\"\/>\n<\/svg>\t\t<\/div>\n\t\t\t\t\t<div class=\"elementor-container elementor-column-gap-default\">\n\t\t\t\t\t<div class=\"elementor-column elementor-col-33 elementor-top-column elementor-element elementor-element-756523a\" data-id=\"756523a\" data-element_type=\"column\" data-e-type=\"column\">\n\t\t\t<div class=\"elementor-widget-wrap elementor-element-populated\">\n\t\t\t\t\t\t<div class=\"elementor-element elementor-element-6ed5a5c elementor-flip-box--effect-push elementor-flip-box--direction-up elementor-widget elementor-widget-flip-box\" data-id=\"6ed5a5c\" data-element_type=\"widget\" data-e-type=\"widget\" data-widget_type=\"flip-box.default\">\n\t\t\t\t<div class=\"elementor-widget-container\">\n\t\t\t\t\t\t\t<div class=\"elementor-flip-box\" tabindex=\"0\">\n\t\t\t<div class=\"elementor-flip-box__layer elementor-flip-box__front\">\n\t\t\t\t<div class=\"elementor-flip-box__layer__overlay\">\n\t\t\t\t\t<div class=\"elementor-flip-box__layer__inner\">\n\t\t\t\t\t\t\t\t\t\t\t\t\t<div class=\"elementor-icon-wrapper elementor-view-framed elementor-shape-circle\">\n\t\t\t\t\t\t\t\t<div class=\"elementor-icon\">\n\t\t\t\t\t\t\t\t\t<i class=\"fas fa-search\"><\/i>\t\t\t\t\t\t\t\t<\/div>\n\t\t\t\t\t\t\t<\/div>\n\t\t\t\t\t\t\n\t\t\t\t\t\t\t\t\t\t\t\t\t<h3 class=\"elementor-flip-box__layer__title\">\n\t\t\t\t\t\t\t\tCity game\t\t\t\t\t\t\t<\/h3>\n\t\t\t\t\t\t\n\t\t\t\t\t\t\t\t\t\t\t<\/div>\n\t\t\t\t<\/div>\n\t\t\t<\/div>\n\t\t\t<a class=\"elementor-flip-box__layer elementor-flip-box__back\" href=\"https:\/\/www.zazito.ooo\/en\/city-game-kategorie\/\">\n\t\t\t<div class=\"elementor-flip-box__layer__overlay\">\n\t\t\t\t<div class=\"elementor-flip-box__layer__inner\">\n\t\t\t\t\t\t\t\t\t\t\t<h3 class=\"elementor-flip-box__layer__title\">\n\t\t\t\t\t\t\tCity game\t\t\t\t\t\t<\/h3>\n\t\t\t\t\t\n\t\t\t\t\t\t\t\t\t\t\t<div class=\"elementor-flip-box__layer__description\">\n\t\t\t\t\t\t\tTen najlep\u0161\u00ed teambuilding v meste.\t\t\t\t\t\t<\/div>\n\t\t\t\t\t\n\t\t\t\t\t\t\t\t\t\t\t<span class=\"elementor-flip-box__button elementor-button elementor-size-xs\">\n\t\t\t\t\t\t\tZobrazi\u0165\t\t\t\t\t\t<\/span>\n\t\t\t\t\t\t\t\t<\/div>\n\t\t<\/div>\n\t\t<\/a>\n\t\t<\/div>\n\t\t\t\t\t\t<\/div>\n\t\t\t\t<\/div>\n\t\t\t\t\t<\/div>\n\t\t<\/div>\n\t\t\t\t<div class=\"elementor-column elementor-col-33 elementor-top-column elementor-element elementor-element-8d4e692\" data-id=\"8d4e692\" data-element_type=\"column\" data-e-type=\"column\">\n\t\t\t<div class=\"elementor-widget-wrap elementor-element-populated\">\n\t\t\t\t\t\t<div class=\"elementor-element elementor-element-8a6428d elementor-flip-box--effect-push elementor-flip-box--direction-up elementor-widget elementor-widget-flip-box\" data-id=\"8a6428d\" data-element_type=\"widget\" data-e-type=\"widget\" data-widget_type=\"flip-box.default\">\n\t\t\t\t<div class=\"elementor-widget-container\">\n\t\t\t\t\t\t\t<div class=\"elementor-flip-box\" tabindex=\"0\">\n\t\t\t<div class=\"elementor-flip-box__layer elementor-flip-box__front\">\n\t\t\t\t<div class=\"elementor-flip-box__layer__overlay\">\n\t\t\t\t\t<div class=\"elementor-flip-box__layer__inner\">\n\t\t\t\t\t\t\t\t\t\t\t\t\t<div class=\"elementor-icon-wrapper elementor-view-framed elementor-shape-circle\">\n\t\t\t\t\t\t\t\t<div class=\"elementor-icon\">\n\t\t\t\t\t\t\t\t\t<i class=\"fas fa-search\"><\/i>\t\t\t\t\t\t\t\t<\/div>\n\t\t\t\t\t\t\t<\/div>\n\t\t\t\t\t\t\n\t\t\t\t\t\t\t\t\t\t\t\t\t<h3 class=\"elementor-flip-box__layer__title\">\n\t\t\t\t\t\t\t\thry na kl\u00fa\u010d \/ \u0161ifrova\u010dky\t\t\t\t\t\t\t<\/h3>\n\t\t\t\t\t\t\n\t\t\t\t\t\t\t\t\t\t\t<\/div>\n\t\t\t\t<\/div>\n\t\t\t<\/div>\n\t\t\t<a class=\"elementor-flip-box__layer elementor-flip-box__back\" href=\"https:\/\/www.zazito.ooo\/en\/hry-na-kluc\/\">\n\t\t\t<div class=\"elementor-flip-box__layer__overlay\">\n\t\t\t\t<div class=\"elementor-flip-box__layer__inner\">\n\t\t\t\t\t\t\t\t\t\t\t<h3 class=\"elementor-flip-box__layer__title\">\n\t\t\t\t\t\t\thry na kl\u00fa\u010d \/ \u0161ifrova\u010dky\t\t\t\t\t\t<\/h3>\n\t\t\t\t\t\n\t\t\t\t\t\t\t\t\t\t\t<div class=\"elementor-flip-box__layer__description\">\n\t\t\t\t\t\t\tEscape hra v hotelovej izbe alebo hororov\u00fd prechod lesom\t\t\t\t\t\t<\/div>\n\t\t\t\t\t\n\t\t\t\t\t\t\t\t\t\t\t<span class=\"elementor-flip-box__button elementor-button elementor-size-xs\">\n\t\t\t\t\t\t\tZobrazi\u0165\t\t\t\t\t\t<\/span>\n\t\t\t\t\t\t\t\t<\/div>\n\t\t<\/div>\n\t\t<\/a>\n\t\t<\/div>\n\t\t\t\t\t\t<\/div>\n\t\t\t\t<\/div>\n\t\t\t\t\t<\/div>\n\t\t<\/div>\n\t\t\t\t<div class=\"elementor-column elementor-col-33 elementor-top-column elementor-element elementor-element-90825b5\" data-id=\"90825b5\" data-element_type=\"column\" data-e-type=\"column\">\n\t\t\t<div class=\"elementor-widget-wrap elementor-element-populated\">\n\t\t\t\t\t\t<div class=\"elementor-element elementor-element-ed459bd elementor-flip-box--effect-push elementor-flip-box--direction-up elementor-widget elementor-widget-flip-box\" data-id=\"ed459bd\" data-element_type=\"widget\" data-e-type=\"widget\" data-widget_type=\"flip-box.default\">\n\t\t\t\t<div class=\"elementor-widget-container\">\n\t\t\t\t\t\t\t<div class=\"elementor-flip-box\" tabindex=\"0\">\n\t\t\t<div class=\"elementor-flip-box__layer elementor-flip-box__front\">\n\t\t\t\t<div class=\"elementor-flip-box__layer__overlay\">\n\t\t\t\t\t<div class=\"elementor-flip-box__layer__inner\">\n\t\t\t\t\t\t\t\t\t\t\t\t\t<div class=\"elementor-icon-wrapper elementor-view-framed elementor-shape-circle\">\n\t\t\t\t\t\t\t\t<div class=\"elementor-icon\">\n\t\t\t\t\t\t\t\t\t<i class=\"fas fa-search\"><\/i>\t\t\t\t\t\t\t\t<\/div>\n\t\t\t\t\t\t\t<\/div>\n\t\t\t\t\t\t\n\t\t\t\t\t\t\t\t\t\t\t\t\t<h3 class=\"elementor-flip-box__layer__title\">\n\t\t\t\t\t\t\t\tMYSTERY DINNER\t\t\t\t\t\t\t<\/h3>\n\t\t\t\t\t\t\n\t\t\t\t\t\t\t\t\t\t\t<\/div>\n\t\t\t\t<\/div>\n\t\t\t<\/div>\n\t\t\t<a class=\"elementor-flip-box__layer elementor-flip-box__back\" href=\"https:\/\/www.zazito.ooo\/en\/mystery-dinner-vrazda-u-batu\/\">\n\t\t\t<div class=\"elementor-flip-box__layer__overlay\">\n\t\t\t\t<div class=\"elementor-flip-box__layer__inner\">\n\t\t\t\t\t\t\t\t\t\t\t<h3 class=\"elementor-flip-box__layer__title\">\n\t\t\t\t\t\t\tMYSTERY DINNER\t\t\t\t\t\t<\/h3>\n\t\t\t\t\t\n\t\t\t\t\t\t\t\t\t\t\t<div class=\"elementor-flip-box__layer__description\">\n\t\t\t\t\t\t\tExperience for yourself what it's like to be a detective, a passionate actress or a sports talent. Can you solve the crime while keeping your personal secrets?\t\t\t\t\t\t<\/div>\n\t\t\t\t\t\n\t\t\t\t\t\t\t\t\t\t\t<span class=\"elementor-flip-box__button elementor-button elementor-size-xs\">\n\t\t\t\t\t\t\tZobrazi\u0165 hru\t\t\t\t\t\t<\/span>\n\t\t\t\t\t\t\t\t<\/div>\n\t\t<\/div>\n\t\t<\/a>\n\t\t<\/div>\n\t\t\t\t\t\t<\/div>\n\t\t\t\t<\/div>\n\t\t\t\t\t<\/div>\n\t\t<\/div>\n\t\t\t\t\t<\/div>\n\t\t<\/section>\n\t\t<div class=\"elementor-element elementor-element-32a2c50 e-flex e-con-boxed e-con e-parent\" data-id=\"32a2c50\" data-element_type=\"container\" data-e-type=\"container\" data-settings=\"{&quot;background_background&quot;:&quot;classic&quot;,&quot;shape_divider_bottom&quot;:&quot;tilt&quot;}\">\n\t\t\t\t\t<div class=\"e-con-inner\">\n\t\t\t\t<div class=\"elementor-shape elementor-shape-bottom\" aria-hidden=\"true\" data-negative=\"false\">\n\t\t\t<svg xmlns=\"http:\/\/www.w3.org\/2000\/svg\" viewbox=\"0 0 1000 100\" preserveaspectratio=\"none\">\n\t<path class=\"elementor-shape-fill\" d=\"M0,6V0h1000v100L0,6z\"\/>\n<\/svg>\t\t<\/div>\n\t\t\t\t<div class=\"elementor-element elementor-element-fafd39d elementor-widget__width-initial elementor-widget elementor-widget-text-editor\" data-id=\"fafd39d\" data-element_type=\"widget\" data-e-type=\"widget\" data-widget_type=\"text-editor.default\">\n\t\t\t\t<div class=\"elementor-widget-container\">\n\t\t\t\t\t\t\t\t\t<p>Ka\u017ed\u00fd pracovn\u00fd kolekt\u00edv si zasl\u00fa\u017ei raz za \u010das za\u017ei\u0165 par\u00e1dny teambuilding. Ve\u010f medzi\u013eudsk\u00e9 vz\u0165ahy sa neposil\u0148uj\u00fa len pri poh\u00e1ri osvie\u017euj\u00faceho n\u00e1poja, ale aj pri z\u00e1bavn\u00fdch hr\u00e1ch pre kolekt\u00edvy. Agent\u00fara Za\u017eito v\u00e1m v\u00a0r\u00e1mci teambuildingu v\u00a0Bratislave pon\u00faka mo\u017enos\u0165 zabavi\u0165 sa v\u00a0priestoroch, ktor\u00e9 si sami zvol\u00edte, a\u00a0pokojne si n\u00e1s m\u00f4\u017eete zavola\u0165 aj na v\u00e1\u0161 event \u010di festival. Vytvor\u00edme pre v\u00e1s hru vo va\u0161om meste, v\u00a0akejko\u013evek miestnosti i\u00a0stra\u0161idelnom lese. S\u00a0nami sa na jednom mieste zabavia aj ve\u013ek\u00e9 pracovn\u00e9 kolekt\u00edvy, a\u00a0to a\u017e v\u00a0\u0161tyroch r\u00f4znych hr\u00e1ch. Eventy a\u00a0teambuildingy bud\u00fa v\u010faka n\u00e1m nezabudnute\u013en\u00fdm z\u00e1\u017eitkom.<\/p>\t\t\t\t\t\t\t\t<\/div>\n\t\t\t\t<\/div>\n\t\t\t\t\t<\/div>\n\t\t\t\t<\/div>\n\t\t\t\t<\/div>","protected":false},"excerpt":{"rendered":"<p>Teambuildingy ESCAPE CENTRUM MU\u0160TOV\u00c1 ESCAPE CENTRUM MU\u0160TOV\u00c1 &#8211; Vchod cez AVT Servis Escape teambuilding je najlep\u0161\u00ed teambuilding A\u017e 21 kolegov v jednom \u010dase na jednom mieste v troch r\u00f4znych escape roomkach. 90-120min Zobrazi\u0165 ESCAPE PR\u00cdVES ESCAPE PR\u00cdVES S divn\u00fdm pr\u00edvesom pr\u00eddeme na V\u00e1\u0161 festival, event, teambuilding\u2026 a spestr\u00edme Va\u0161e podujatie. Zobrazi\u0165 City game City game&hellip;<\/p>","protected":false},"author":4,"featured_media":0,"parent":0,"menu_order":0,"comment_status":"closed","ping_status":"closed","template":"","meta":{"footnotes":""},"class_list":["post-54358","page","type-page","status-publish","hentry"],"yoast_head":"<!-- This site is optimized with the Yoast SEO plugin v27.2 - https:\/\/yoast.com\/product\/yoast-seo-wordpress\/ -->\n<title>Teambuilding - Zazito.ooo<\/title>\n<meta name=\"robots\" content=\"index, follow, max-snippet:-1, max-image-preview:large, max-video-preview:-1\" \/>\n<link rel=\"canonical\" href=\"https:\/\/www.zazito.ooo\/en\/teambuildingy\/\" \/>\n<meta property=\"og:locale\" content=\"en_US\" \/>\n<meta property=\"og:type\" content=\"article\" \/>\n<meta property=\"og:title\" content=\"Teambuilding - Zazito.ooo\" \/>\n<meta property=\"og:description\" content=\"Teambuildingy ESCAPE CENTRUM MU\u0160TOV\u00c1 ESCAPE CENTRUM MU\u0160TOV\u00c1 &#8211; Vchod cez AVT Servis Escape teambuilding je najlep\u0161\u00ed teambuilding A\u017e 21 kolegov v jednom \u010dase na jednom mieste v troch r\u00f4znych escape roomkach. 90-120min Zobrazi\u0165 ESCAPE PR\u00cdVES ESCAPE PR\u00cdVES S divn\u00fdm pr\u00edvesom pr\u00eddeme na V\u00e1\u0161 festival, event, teambuilding\u2026 a spestr\u00edme Va\u0161e podujatie. Zobrazi\u0165 City game City game&hellip;\" \/>\n<meta property=\"og:url\" content=\"https:\/\/www.zazito.ooo\/en\/teambuildingy\/\" \/>\n<meta property=\"og:site_name\" content=\"Zazito.ooo\" \/>\n<meta property=\"article:publisher\" content=\"https:\/\/www.facebook.com\/zazitooo\/\" \/>\n<meta property=\"article:modified_time\" content=\"2025-04-17T07:23:53+00:00\" \/>\n<meta name=\"twitter:card\" content=\"summary_large_image\" \/>\n<meta name=\"twitter:label1\" content=\"Est. reading time\" \/>\n\t<meta name=\"twitter:data1\" content=\"2 minutes\" \/>\n<script type=\"application\/ld+json\" class=\"yoast-schema-graph\">{\"@context\":\"https:\/\/schema.org\",\"@graph\":[{\"@type\":\"WebPage\",\"@id\":\"https:\/\/www.zazito.ooo\/en\/teambuildingy\/\",\"url\":\"https:\/\/www.zazito.ooo\/en\/teambuildingy\/\",\"name\":\"Teambuilding - Zazito.ooo\",\"isPartOf\":{\"@id\":\"https:\/\/www.zazito.ooo\/en\/#website\"},\"datePublished\":\"2024-01-12T20:15:15+00:00\",\"dateModified\":\"2025-04-17T07:23:53+00:00\",\"breadcrumb\":{\"@id\":\"https:\/\/www.zazito.ooo\/en\/teambuildingy\/#breadcrumb\"},\"inLanguage\":\"en-US\",\"potentialAction\":[{\"@type\":\"ReadAction\",\"target\":[\"https:\/\/www.zazito.ooo\/en\/teambuildingy\/\"]}]},{\"@type\":\"BreadcrumbList\",\"@id\":\"https:\/\/www.zazito.ooo\/en\/teambuildingy\/#breadcrumb\",\"itemListElement\":[{\"@type\":\"ListItem\",\"position\":1,\"name\":\"Home\",\"item\":\"https:\/\/www.zazito.ooo\/\"},{\"@type\":\"ListItem\",\"position\":2,\"name\":\"Teambuilding\"}]},{\"@type\":\"WebSite\",\"@id\":\"https:\/\/www.zazito.ooo\/en\/#website\",\"url\":\"https:\/\/www.zazito.ooo\/en\/\",\"name\":\"Zazito.ooo\",\"description\":\"origin\u00e1lne escape games v Bratislave\",\"publisher\":{\"@id\":\"https:\/\/www.zazito.ooo\/en\/#organization\"},\"potentialAction\":[{\"@type\":\"SearchAction\",\"target\":{\"@type\":\"EntryPoint\",\"urlTemplate\":\"https:\/\/www.zazito.ooo\/en\/?s={search_term_string}\"},\"query-input\":{\"@type\":\"PropertyValueSpecification\",\"valueRequired\":true,\"valueName\":\"search_term_string\"}}],\"inLanguage\":\"en-US\"},{\"@type\":\"Organization\",\"@id\":\"https:\/\/www.zazito.ooo\/en\/#organization\",\"name\":\"Zazito, s.r.o.\",\"url\":\"https:\/\/www.zazito.ooo\/en\/\",\"logo\":{\"@type\":\"ImageObject\",\"inLanguage\":\"en-US\",\"@id\":\"https:\/\/www.zazito.ooo\/en\/#\/schema\/logo\/image\/\",\"url\":\"https:\/\/www.zazito.ooo\/wp-content\/uploads\/2019\/08\/zazito_logo.jpg\",\"contentUrl\":\"https:\/\/www.zazito.ooo\/wp-content\/uploads\/2019\/08\/zazito_logo.jpg\",\"width\":1080,\"height\":1080,\"caption\":\"Zazito, s.r.o.\"},\"image\":{\"@id\":\"https:\/\/www.zazito.ooo\/en\/#\/schema\/logo\/image\/\"},\"sameAs\":[\"https:\/\/www.facebook.com\/zazitooo\/\",\"https:\/\/www.instagram.com\/zazito.ooo\/?hl=sk\"]}]}<\/script>\n<!-- \/ Yoast SEO plugin. -->","yoast_head_json":{"title":"Teambuilding - Zazito.ooo","robots":{"index":"index","follow":"follow","max-snippet":"max-snippet:-1","max-image-preview":"max-image-preview:large","max-video-preview":"max-video-preview:-1"},"canonical":"https:\/\/www.zazito.ooo\/en\/teambuildingy\/","og_locale":"en_US","og_type":"article","og_title":"Teambuilding - Zazito.ooo","og_description":"Teambuildingy ESCAPE CENTRUM MU\u0160TOV\u00c1 ESCAPE CENTRUM MU\u0160TOV\u00c1 &#8211; Vchod cez AVT Servis Escape teambuilding je najlep\u0161\u00ed teambuilding A\u017e 21 kolegov v jednom \u010dase na jednom mieste v troch r\u00f4znych escape roomkach. 90-120min Zobrazi\u0165 ESCAPE PR\u00cdVES ESCAPE PR\u00cdVES S divn\u00fdm pr\u00edvesom pr\u00eddeme na V\u00e1\u0161 festival, event, teambuilding\u2026 a spestr\u00edme Va\u0161e podujatie. Zobrazi\u0165 City game City game&hellip;","og_url":"https:\/\/www.zazito.ooo\/en\/teambuildingy\/","og_site_name":"Zazito.ooo","article_publisher":"https:\/\/www.facebook.com\/zazitooo\/","article_modified_time":"2025-04-17T07:23:53+00:00","twitter_card":"summary_large_image","twitter_misc":{"Est. reading time":"2 minutes"},"schema":{"@context":"https:\/\/schema.org","@graph":[{"@type":"WebPage","@id":"https:\/\/www.zazito.ooo\/en\/teambuildingy\/","url":"https:\/\/www.zazito.ooo\/en\/teambuildingy\/","name":"Teambuilding - Zazito.ooo","isPartOf":{"@id":"https:\/\/www.zazito.ooo\/en\/#website"},"datePublished":"2024-01-12T20:15:15+00:00","dateModified":"2025-04-17T07:23:53+00:00","breadcrumb":{"@id":"https:\/\/www.zazito.ooo\/en\/teambuildingy\/#breadcrumb"},"inLanguage":"en-US","potentialAction":[{"@type":"ReadAction","target":["https:\/\/www.zazito.ooo\/en\/teambuildingy\/"]}]},{"@type":"BreadcrumbList","@id":"https:\/\/www.zazito.ooo\/en\/teambuildingy\/#breadcrumb","itemListElement":[{"@type":"ListItem","position":1,"name":"Home","item":"https:\/\/www.zazito.ooo\/"},{"@type":"ListItem","position":2,"name":"Teambuilding"}]},{"@type":"WebSite","@id":"https:\/\/www.zazito.ooo\/en\/#website","url":"https:\/\/www.zazito.ooo\/en\/","name":"Zazito.ooo","description":"origin\u00e1lne escape games v Bratislave","publisher":{"@id":"https:\/\/www.zazito.ooo\/en\/#organization"},"potentialAction":[{"@type":"SearchAction","target":{"@type":"EntryPoint","urlTemplate":"https:\/\/www.zazito.ooo\/en\/?s={search_term_string}"},"query-input":{"@type":"PropertyValueSpecification","valueRequired":true,"valueName":"search_term_string"}}],"inLanguage":"en-US"},{"@type":"Organization","@id":"https:\/\/www.zazito.ooo\/en\/#organization","name":"Zazito, s.r.o.","url":"https:\/\/www.zazito.ooo\/en\/","logo":{"@type":"ImageObject","inLanguage":"en-US","@id":"https:\/\/www.zazito.ooo\/en\/#\/schema\/logo\/image\/","url":"https:\/\/www.zazito.ooo\/wp-content\/uploads\/2019\/08\/zazito_logo.jpg","contentUrl":"https:\/\/www.zazito.ooo\/wp-content\/uploads\/2019\/08\/zazito_logo.jpg","width":1080,"height":1080,"caption":"Zazito, s.r.o."},"image":{"@id":"https:\/\/www.zazito.ooo\/en\/#\/schema\/logo\/image\/"},"sameAs":["https:\/\/www.facebook.com\/zazitooo\/","https:\/\/www.instagram.com\/zazito.ooo\/?hl=sk"]}]}},"_links":{"self":[{"href":"https:\/\/www.zazito.ooo\/en\/wp-json\/wp\/v2\/pages\/54358","targetHints":{"allow":["GET"]}}],"collection":[{"href":"https:\/\/www.zazito.ooo\/en\/wp-json\/wp\/v2\/pages"}],"about":[{"href":"https:\/\/www.zazito.ooo\/en\/wp-json\/wp\/v2\/types\/page"}],"author":[{"embeddable":true,"href":"https:\/\/www.zazito.ooo\/en\/wp-json\/wp\/v2\/users\/4"}],"replies":[{"embeddable":true,"href":"https:\/\/www.zazito.ooo\/en\/wp-json\/wp\/v2\/comments?post=54358"}],"version-history":[{"count":18,"href":"https:\/\/www.zazito.ooo\/en\/wp-json\/wp\/v2\/pages\/54358\/revisions"}],"predecessor-version":[{"id":59936,"href":"https:\/\/www.zazito.ooo\/en\/wp-json\/wp\/v2\/pages\/54358\/revisions\/59936"}],"wp:attachment":[{"href":"https:\/\/www.zazito.ooo\/en\/wp-json\/wp\/v2\/media?parent=54358"}],"curies":[{"name":"wp","href":"https:\/\/api.w.org\/{rel}","templated":true}]}}