{"id":52870,"date":"2023-08-01T17:16:47","date_gmt":"2023-08-01T15:16:47","guid":{"rendered":"https:\/\/www.zazito.ooo\/?page_id=52870"},"modified":"2026-03-13T19:47:40","modified_gmt":"2026-03-13T18:47:40","slug":"zazitkove-hry","status":"publish","type":"page","link":"https:\/\/www.zazito.ooo\/en\/zazitkove-hry\/","title":{"rendered":"Z\u00c1\u017dITKOV\u00c9 HRY"},"content":{"rendered":"<div data-elementor-type=\"wp-page\" data-elementor-id=\"52870\" class=\"elementor elementor-52870\" data-elementor-post-type=\"page\">\n\t\t\t\t<div class=\"elementor-element elementor-element-57ef5b4 e-flex e-con-boxed e-con e-parent\" data-id=\"57ef5b4\" data-element_type=\"container\" data-e-type=\"container\" data-settings=\"{&quot;background_background&quot;:&quot;classic&quot;}\">\n\t\t\t\t\t<div class=\"e-con-inner\">\n\t\t\t\t<div class=\"elementor-element elementor-element-0fa0727 elementor-widget elementor-widget-heading\" data-id=\"0fa0727\" data-element_type=\"widget\" data-e-type=\"widget\" data-widget_type=\"heading.default\">\n\t\t\t\t<div class=\"elementor-widget-container\">\n\t\t\t\t\t<h2 class=\"elementor-heading-title elementor-size-default\">Mystery dinner<\/h2>\t\t\t\t<\/div>\n\t\t\t\t<\/div>\n\t\t<div class=\"elementor-element elementor-element-5fa3e5d e-grid e-con-full e-con e-child\" data-id=\"5fa3e5d\" data-element_type=\"container\" data-e-type=\"container\">\n\t\t<div class=\"elementor-element elementor-element-e0af3a3 e-con-full e-flex e-con e-child\" data-id=\"e0af3a3\" data-element_type=\"container\" data-e-type=\"container\" data-settings=\"{&quot;background_background&quot;:&quot;classic&quot;}\">\n\t\t\t\t<div class=\"elementor-element elementor-element-e5336be elementor-widget elementor-widget-heading\" data-id=\"e5336be\" data-element_type=\"widget\" data-e-type=\"widget\" data-widget_type=\"heading.default\">\n\t\t\t\t<div class=\"elementor-widget-container\">\n\t\t\t\t\t<h2 class=\"elementor-heading-title elementor-size-default\">Vra\u017eda u Ba\u0165u<\/h2>\t\t\t\t<\/div>\n\t\t\t\t<\/div>\n\t\t\t\t<div class=\"elementor-element elementor-element-e2276c9 elementor-widget elementor-widget-image\" data-id=\"e2276c9\" data-element_type=\"widget\" data-e-type=\"widget\" data-widget_type=\"image.default\">\n\t\t\t\t<div class=\"elementor-widget-container\">\n\t\t\t\t\t\t\t\t\t\t\t\t\t\t\t<img fetchpriority=\"high\" decoding=\"async\" width=\"800\" height=\"480\" src=\"https:\/\/www.zazito.ooo\/wp-content\/uploads\/2024\/01\/cropped-Bata-279-1024x614.webp\" class=\"attachment-large size-large wp-image-56719\" alt=\"Vrazda u Batu mystery dinner\" srcset=\"https:\/\/www.zazito.ooo\/wp-content\/uploads\/2024\/01\/cropped-Bata-279-1024x614.webp 1024w, https:\/\/www.zazito.ooo\/wp-content\/uploads\/2024\/01\/cropped-Bata-279-300x180.webp 300w, https:\/\/www.zazito.ooo\/wp-content\/uploads\/2024\/01\/cropped-Bata-279-768x461.webp 768w, https:\/\/www.zazito.ooo\/wp-content\/uploads\/2024\/01\/cropped-Bata-279-1536x922.webp 1536w, https:\/\/www.zazito.ooo\/wp-content\/uploads\/2024\/01\/cropped-Bata-279-18x12.webp 18w, https:\/\/www.zazito.ooo\/wp-content\/uploads\/2024\/01\/cropped-Bata-279-466x280.webp 466w, https:\/\/www.zazito.ooo\/wp-content\/uploads\/2024\/01\/cropped-Bata-279-600x360.webp 600w, https:\/\/www.zazito.ooo\/wp-content\/uploads\/2024\/01\/cropped-Bata-279-100x60.webp 100w, https:\/\/www.zazito.ooo\/wp-content\/uploads\/2024\/01\/cropped-Bata-279-150x90.webp 150w, https:\/\/www.zazito.ooo\/wp-content\/uploads\/2024\/01\/cropped-Bata-279.webp 2000w\" sizes=\"(max-width: 800px) 100vw, 800px\" \/>\t\t\t\t\t\t\t\t\t\t\t\t\t\t\t<\/div>\n\t\t\t\t<\/div>\n\t\t\t\t<div class=\"elementor-element elementor-element-808731e elementor-align-right elementor-widget elementor-widget-button\" data-id=\"808731e\" data-element_type=\"widget\" data-e-type=\"widget\" data-widget_type=\"button.default\">\n\t\t\t\t<div class=\"elementor-widget-container\">\n\t\t\t\t\t\t\t\t\t<div class=\"elementor-button-wrapper\">\n\t\t\t\t\t<a class=\"elementor-button elementor-button-link elementor-size-sm\" href=\"https:\/\/www.zazito.ooo\/en\/mystery-dinner-vrazda-u-batu\/\">\n\t\t\t\t\t\t<span class=\"elementor-button-content-wrapper\">\n\t\t\t\t\t\t\t\t\t<span class=\"elementor-button-text\">Zobrazi\u0165<\/span>\n\t\t\t\t\t<\/span>\n\t\t\t\t\t<\/a>\n\t\t\t\t<\/div>\n\t\t\t\t\t\t\t\t<\/div>\n\t\t\t\t<\/div>\n\t\t\t\t<\/div>\n\t\t<div class=\"elementor-element elementor-element-5865dcf e-con-full e-flex e-con e-child\" data-id=\"5865dcf\" data-element_type=\"container\" data-e-type=\"container\" data-settings=\"{&quot;background_background&quot;:&quot;classic&quot;}\">\n\t\t\t\t<div class=\"elementor-element elementor-element-17de86f elementor-widget elementor-widget-heading\" data-id=\"17de86f\" data-element_type=\"widget\" data-e-type=\"widget\" data-widget_type=\"heading.default\">\n\t\t\t\t<div class=\"elementor-widget-container\">\n\t\t\t\t\t<h2 class=\"elementor-heading-title elementor-size-default\">Noc d\u00e9monov<\/h2>\t\t\t\t<\/div>\n\t\t\t\t<\/div>\n\t\t\t\t<div class=\"elementor-element elementor-element-406d1cb elementor-widget elementor-widget-image\" data-id=\"406d1cb\" data-element_type=\"widget\" data-e-type=\"widget\" data-widget_type=\"image.default\">\n\t\t\t\t<div class=\"elementor-widget-container\">\n\t\t\t\t\t\t\t\t\t\t\t\t\t\t\t<img decoding=\"async\" width=\"800\" height=\"534\" src=\"https:\/\/www.zazito.ooo\/wp-content\/uploads\/2021\/11\/Hricka-Production-NOC-DEMONOV-100-1024x683.jpg\" class=\"attachment-large size-large wp-image-53118\" alt=\"Noc demonov\" srcset=\"https:\/\/www.zazito.ooo\/wp-content\/uploads\/2021\/11\/Hricka-Production-NOC-DEMONOV-100-1024x683.jpg 1024w, https:\/\/www.zazito.ooo\/wp-content\/uploads\/2021\/11\/Hricka-Production-NOC-DEMONOV-100-300x200.jpg 300w, https:\/\/www.zazito.ooo\/wp-content\/uploads\/2021\/11\/Hricka-Production-NOC-DEMONOV-100-768x512.jpg 768w, https:\/\/www.zazito.ooo\/wp-content\/uploads\/2021\/11\/Hricka-Production-NOC-DEMONOV-100-1536x1024.jpg 1536w, https:\/\/www.zazito.ooo\/wp-content\/uploads\/2021\/11\/Hricka-Production-NOC-DEMONOV-100-2048x1365.jpg 2048w, https:\/\/www.zazito.ooo\/wp-content\/uploads\/2021\/11\/Hricka-Production-NOC-DEMONOV-100-455x303.jpg 455w, https:\/\/www.zazito.ooo\/wp-content\/uploads\/2021\/11\/Hricka-Production-NOC-DEMONOV-100-600x400.jpg 600w, https:\/\/www.zazito.ooo\/wp-content\/uploads\/2021\/11\/Hricka-Production-NOC-DEMONOV-100-90x60.jpg 90w, https:\/\/www.zazito.ooo\/wp-content\/uploads\/2021\/11\/Hricka-Production-NOC-DEMONOV-100-135x90.jpg 135w\" sizes=\"(max-width: 800px) 100vw, 800px\" \/>\t\t\t\t\t\t\t\t\t\t\t\t\t\t\t<\/div>\n\t\t\t\t<\/div>\n\t\t\t\t<div class=\"elementor-element elementor-element-b2e86e9 elementor-align-right elementor-widget elementor-widget-button\" data-id=\"b2e86e9\" data-element_type=\"widget\" data-e-type=\"widget\" data-widget_type=\"button.default\">\n\t\t\t\t<div class=\"elementor-widget-container\">\n\t\t\t\t\t\t\t\t\t<div class=\"elementor-button-wrapper\">\n\t\t\t\t\t<a class=\"elementor-button elementor-button-link elementor-size-sm\" href=\"https:\/\/www.zazito.ooo\/en\/mystery-dinner-noc-demonov\/\">\n\t\t\t\t\t\t<span class=\"elementor-button-content-wrapper\">\n\t\t\t\t\t\t\t\t\t<span class=\"elementor-button-text\">Zobrazi\u0165<\/span>\n\t\t\t\t\t<\/span>\n\t\t\t\t\t<\/a>\n\t\t\t\t<\/div>\n\t\t\t\t\t\t\t\t<\/div>\n\t\t\t\t<\/div>\n\t\t\t\t<\/div>\n\t\t<div class=\"elementor-element elementor-element-b9df9de e-con-full e-flex e-con e-child\" data-id=\"b9df9de\" data-element_type=\"container\" data-e-type=\"container\" data-settings=\"{&quot;background_background&quot;:&quot;classic&quot;}\">\n\t\t\t\t<div class=\"elementor-element elementor-element-24143dd elementor-widget elementor-widget-heading\" data-id=\"24143dd\" data-element_type=\"widget\" data-e-type=\"widget\" data-widget_type=\"heading.default\">\n\t\t\t\t<div class=\"elementor-widget-container\">\n\t\t\t\t\t<h2 class=\"elementor-heading-title elementor-size-default\">Meste\u010dko Vivilo Nero\u200b<\/h2>\t\t\t\t<\/div>\n\t\t\t\t<\/div>\n\t\t\t\t<div class=\"elementor-element elementor-element-6070565 elementor-widget elementor-widget-image\" data-id=\"6070565\" data-element_type=\"widget\" data-e-type=\"widget\" data-widget_type=\"image.default\">\n\t\t\t\t<div class=\"elementor-widget-container\">\n\t\t\t\t\t\t\t\t\t\t\t\t\t\t\t<img decoding=\"async\" width=\"800\" height=\"534\" src=\"https:\/\/www.zazito.ooo\/wp-content\/uploads\/2026\/02\/ChatGPT-Image-6.-2.-2026-10_21_53-1024x683.png\" class=\"attachment-large size-large wp-image-61992\" alt=\"\" srcset=\"https:\/\/www.zazito.ooo\/wp-content\/uploads\/2026\/02\/ChatGPT-Image-6.-2.-2026-10_21_53-1024x683.png 1024w, https:\/\/www.zazito.ooo\/wp-content\/uploads\/2026\/02\/ChatGPT-Image-6.-2.-2026-10_21_53-300x200.png 300w, https:\/\/www.zazito.ooo\/wp-content\/uploads\/2026\/02\/ChatGPT-Image-6.-2.-2026-10_21_53-768x512.png 768w, https:\/\/www.zazito.ooo\/wp-content\/uploads\/2026\/02\/ChatGPT-Image-6.-2.-2026-10_21_53-18x12.png 18w, https:\/\/www.zazito.ooo\/wp-content\/uploads\/2026\/02\/ChatGPT-Image-6.-2.-2026-10_21_53-600x400.png 600w, https:\/\/www.zazito.ooo\/wp-content\/uploads\/2026\/02\/ChatGPT-Image-6.-2.-2026-10_21_53.png 1536w\" sizes=\"(max-width: 800px) 100vw, 800px\" \/>\t\t\t\t\t\t\t\t\t\t\t\t\t\t\t<\/div>\n\t\t\t\t<\/div>\n\t\t\t\t<div class=\"elementor-element elementor-element-1580de2 elementor-align-right elementor-widget elementor-widget-button\" data-id=\"1580de2\" data-element_type=\"widget\" data-e-type=\"widget\" data-widget_type=\"button.default\">\n\t\t\t\t<div class=\"elementor-widget-container\">\n\t\t\t\t\t\t\t\t\t<div class=\"elementor-button-wrapper\">\n\t\t\t\t\t<a class=\"elementor-button elementor-button-link elementor-size-sm\" href=\"https:\/\/www.zazito.ooo\/en\/mystery-dinner-mafia\/\">\n\t\t\t\t\t\t<span class=\"elementor-button-content-wrapper\">\n\t\t\t\t\t\t\t\t\t<span class=\"elementor-button-text\">Zobrazi\u0165<\/span>\n\t\t\t\t\t<\/span>\n\t\t\t\t\t<\/a>\n\t\t\t\t<\/div>\n\t\t\t\t\t\t\t\t<\/div>\n\t\t\t\t<\/div>\n\t\t\t\t<\/div>\n\t\t\t\t<\/div>\n\t\t\t\t\t<\/div>\n\t\t\t\t<\/div>\n\t\t\t\t<\/div>","protected":false},"excerpt":{"rendered":"<p>Mystery dinner Vra\u017eda u Ba\u0165u Zobrazi\u0165 Noc d\u00e9monov Zobrazi\u0165 Meste\u010dko Vivilo Nero\u200b Zobrazi\u0165<\/p>","protected":false},"author":4,"featured_media":0,"parent":0,"menu_order":0,"comment_status":"closed","ping_status":"closed","template":"","meta":{"footnotes":""},"class_list":["post-52870","page","type-page","status-publish","hentry"],"yoast_head":"<!-- This site is optimized with the Yoast SEO plugin v27.2 - https:\/\/yoast.com\/product\/yoast-seo-wordpress\/ -->\n<title>Z\u00c1\u017dITKOV\u00c9 HRY - Zazito.ooo<\/title>\n<meta name=\"robots\" content=\"index, follow, max-snippet:-1, max-image-preview:large, max-video-preview:-1\" \/>\n<link rel=\"canonical\" href=\"https:\/\/www.zazito.ooo\/en\/zazitkove-hry\/\" \/>\n<meta property=\"og:locale\" content=\"en_US\" \/>\n<meta property=\"og:type\" content=\"article\" \/>\n<meta property=\"og:title\" content=\"Z\u00c1\u017dITKOV\u00c9 HRY - Zazito.ooo\" \/>\n<meta property=\"og:description\" content=\"Mystery dinner Vra\u017eda u Ba\u0165u Zobrazi\u0165 Noc d\u00e9monov Zobrazi\u0165 Meste\u010dko Vivilo Nero\u200b Zobrazi\u0165\" \/>\n<meta property=\"og:url\" content=\"https:\/\/www.zazito.ooo\/en\/zazitkove-hry\/\" \/>\n<meta property=\"og:site_name\" content=\"Zazito.ooo\" \/>\n<meta property=\"article:publisher\" content=\"https:\/\/www.facebook.com\/zazitooo\/\" \/>\n<meta property=\"article:modified_time\" content=\"2026-03-13T18:47:40+00:00\" \/>\n<meta property=\"og:image\" content=\"https:\/\/www.zazito.ooo\/wp-content\/uploads\/2024\/01\/cropped-Bata-279.webp\" \/>\n\t<meta property=\"og:image:width\" content=\"2000\" \/>\n\t<meta property=\"og:image:height\" content=\"1200\" \/>\n\t<meta property=\"og:image:type\" content=\"image\/webp\" \/>\n<meta name=\"twitter:card\" content=\"summary_large_image\" \/>\n<meta name=\"twitter:label1\" content=\"Est. reading time\" \/>\n\t<meta name=\"twitter:data1\" content=\"1 minute\" \/>\n<script type=\"application\/ld+json\" class=\"yoast-schema-graph\">{\"@context\":\"https:\/\/schema.org\",\"@graph\":[{\"@type\":\"WebPage\",\"@id\":\"https:\/\/www.zazito.ooo\/en\/zazitkove-hry\/\",\"url\":\"https:\/\/www.zazito.ooo\/en\/zazitkove-hry\/\",\"name\":\"Z\u00c1\u017dITKOV\u00c9 HRY - Zazito.ooo\",\"isPartOf\":{\"@id\":\"https:\/\/www.zazito.ooo\/en\/#website\"},\"primaryImageOfPage\":{\"@id\":\"https:\/\/www.zazito.ooo\/en\/zazitkove-hry\/#primaryimage\"},\"image\":{\"@id\":\"https:\/\/www.zazito.ooo\/en\/zazitkove-hry\/#primaryimage\"},\"thumbnailUrl\":\"https:\/\/www.zazito.ooo\/wp-content\/uploads\/2024\/01\/cropped-Bata-279-1024x614.webp\",\"datePublished\":\"2023-08-01T15:16:47+00:00\",\"dateModified\":\"2026-03-13T18:47:40+00:00\",\"breadcrumb\":{\"@id\":\"https:\/\/www.zazito.ooo\/en\/zazitkove-hry\/#breadcrumb\"},\"inLanguage\":\"en-US\",\"potentialAction\":[{\"@type\":\"ReadAction\",\"target\":[\"https:\/\/www.zazito.ooo\/en\/zazitkove-hry\/\"]}]},{\"@type\":\"ImageObject\",\"inLanguage\":\"en-US\",\"@id\":\"https:\/\/www.zazito.ooo\/en\/zazitkove-hry\/#primaryimage\",\"url\":\"https:\/\/www.zazito.ooo\/wp-content\/uploads\/2024\/01\/cropped-Bata-279-1024x614.webp\",\"contentUrl\":\"https:\/\/www.zazito.ooo\/wp-content\/uploads\/2024\/01\/cropped-Bata-279-1024x614.webp\"},{\"@type\":\"BreadcrumbList\",\"@id\":\"https:\/\/www.zazito.ooo\/en\/zazitkove-hry\/#breadcrumb\",\"itemListElement\":[{\"@type\":\"ListItem\",\"position\":1,\"name\":\"Home\",\"item\":\"https:\/\/www.zazito.ooo\/\"},{\"@type\":\"ListItem\",\"position\":2,\"name\":\"Z\u00c1\u017dITKOV\u00c9 HRY\"}]},{\"@type\":\"WebSite\",\"@id\":\"https:\/\/www.zazito.ooo\/en\/#website\",\"url\":\"https:\/\/www.zazito.ooo\/en\/\",\"name\":\"Zazito.ooo\",\"description\":\"origin\u00e1lne escape games v Bratislave\",\"publisher\":{\"@id\":\"https:\/\/www.zazito.ooo\/en\/#organization\"},\"potentialAction\":[{\"@type\":\"SearchAction\",\"target\":{\"@type\":\"EntryPoint\",\"urlTemplate\":\"https:\/\/www.zazito.ooo\/en\/?s={search_term_string}\"},\"query-input\":{\"@type\":\"PropertyValueSpecification\",\"valueRequired\":true,\"valueName\":\"search_term_string\"}}],\"inLanguage\":\"en-US\"},{\"@type\":\"Organization\",\"@id\":\"https:\/\/www.zazito.ooo\/en\/#organization\",\"name\":\"Zazito, s.r.o.\",\"url\":\"https:\/\/www.zazito.ooo\/en\/\",\"logo\":{\"@type\":\"ImageObject\",\"inLanguage\":\"en-US\",\"@id\":\"https:\/\/www.zazito.ooo\/en\/#\/schema\/logo\/image\/\",\"url\":\"https:\/\/www.zazito.ooo\/wp-content\/uploads\/2019\/08\/zazito_logo.jpg\",\"contentUrl\":\"https:\/\/www.zazito.ooo\/wp-content\/uploads\/2019\/08\/zazito_logo.jpg\",\"width\":1080,\"height\":1080,\"caption\":\"Zazito, s.r.o.\"},\"image\":{\"@id\":\"https:\/\/www.zazito.ooo\/en\/#\/schema\/logo\/image\/\"},\"sameAs\":[\"https:\/\/www.facebook.com\/zazitooo\/\",\"https:\/\/www.instagram.com\/zazito.ooo\/?hl=sk\"]}]}<\/script>\n<!-- \/ Yoast SEO plugin. -->","yoast_head_json":{"title":"Z\u00c1\u017dITKOV\u00c9 HRY - Zazito.ooo","robots":{"index":"index","follow":"follow","max-snippet":"max-snippet:-1","max-image-preview":"max-image-preview:large","max-video-preview":"max-video-preview:-1"},"canonical":"https:\/\/www.zazito.ooo\/en\/zazitkove-hry\/","og_locale":"en_US","og_type":"article","og_title":"Z\u00c1\u017dITKOV\u00c9 HRY - Zazito.ooo","og_description":"Mystery dinner Vra\u017eda u Ba\u0165u Zobrazi\u0165 Noc d\u00e9monov Zobrazi\u0165 Meste\u010dko Vivilo Nero\u200b Zobrazi\u0165","og_url":"https:\/\/www.zazito.ooo\/en\/zazitkove-hry\/","og_site_name":"Zazito.ooo","article_publisher":"https:\/\/www.facebook.com\/zazitooo\/","article_modified_time":"2026-03-13T18:47:40+00:00","og_image":[{"width":2000,"height":1200,"url":"https:\/\/www.zazito.ooo\/wp-content\/uploads\/2024\/01\/cropped-Bata-279.webp","type":"image\/webp"}],"twitter_card":"summary_large_image","twitter_misc":{"Est. reading time":"1 minute"},"schema":{"@context":"https:\/\/schema.org","@graph":[{"@type":"WebPage","@id":"https:\/\/www.zazito.ooo\/en\/zazitkove-hry\/","url":"https:\/\/www.zazito.ooo\/en\/zazitkove-hry\/","name":"Z\u00c1\u017dITKOV\u00c9 HRY - Zazito.ooo","isPartOf":{"@id":"https:\/\/www.zazito.ooo\/en\/#website"},"primaryImageOfPage":{"@id":"https:\/\/www.zazito.ooo\/en\/zazitkove-hry\/#primaryimage"},"image":{"@id":"https:\/\/www.zazito.ooo\/en\/zazitkove-hry\/#primaryimage"},"thumbnailUrl":"https:\/\/www.zazito.ooo\/wp-content\/uploads\/2024\/01\/cropped-Bata-279-1024x614.webp","datePublished":"2023-08-01T15:16:47+00:00","dateModified":"2026-03-13T18:47:40+00:00","breadcrumb":{"@id":"https:\/\/www.zazito.ooo\/en\/zazitkove-hry\/#breadcrumb"},"inLanguage":"en-US","potentialAction":[{"@type":"ReadAction","target":["https:\/\/www.zazito.ooo\/en\/zazitkove-hry\/"]}]},{"@type":"ImageObject","inLanguage":"en-US","@id":"https:\/\/www.zazito.ooo\/en\/zazitkove-hry\/#primaryimage","url":"https:\/\/www.zazito.ooo\/wp-content\/uploads\/2024\/01\/cropped-Bata-279-1024x614.webp","contentUrl":"https:\/\/www.zazito.ooo\/wp-content\/uploads\/2024\/01\/cropped-Bata-279-1024x614.webp"},{"@type":"BreadcrumbList","@id":"https:\/\/www.zazito.ooo\/en\/zazitkove-hry\/#breadcrumb","itemListElement":[{"@type":"ListItem","position":1,"name":"Home","item":"https:\/\/www.zazito.ooo\/"},{"@type":"ListItem","position":2,"name":"Z\u00c1\u017dITKOV\u00c9 HRY"}]},{"@type":"WebSite","@id":"https:\/\/www.zazito.ooo\/en\/#website","url":"https:\/\/www.zazito.ooo\/en\/","name":"Zazito.ooo","description":"origin\u00e1lne escape games v Bratislave","publisher":{"@id":"https:\/\/www.zazito.ooo\/en\/#organization"},"potentialAction":[{"@type":"SearchAction","target":{"@type":"EntryPoint","urlTemplate":"https:\/\/www.zazito.ooo\/en\/?s={search_term_string}"},"query-input":{"@type":"PropertyValueSpecification","valueRequired":true,"valueName":"search_term_string"}}],"inLanguage":"en-US"},{"@type":"Organization","@id":"https:\/\/www.zazito.ooo\/en\/#organization","name":"Zazito, s.r.o.","url":"https:\/\/www.zazito.ooo\/en\/","logo":{"@type":"ImageObject","inLanguage":"en-US","@id":"https:\/\/www.zazito.ooo\/en\/#\/schema\/logo\/image\/","url":"https:\/\/www.zazito.ooo\/wp-content\/uploads\/2019\/08\/zazito_logo.jpg","contentUrl":"https:\/\/www.zazito.ooo\/wp-content\/uploads\/2019\/08\/zazito_logo.jpg","width":1080,"height":1080,"caption":"Zazito, s.r.o."},"image":{"@id":"https:\/\/www.zazito.ooo\/en\/#\/schema\/logo\/image\/"},"sameAs":["https:\/\/www.facebook.com\/zazitooo\/","https:\/\/www.instagram.com\/zazito.ooo\/?hl=sk"]}]}},"_links":{"self":[{"href":"https:\/\/www.zazito.ooo\/en\/wp-json\/wp\/v2\/pages\/52870","targetHints":{"allow":["GET"]}}],"collection":[{"href":"https:\/\/www.zazito.ooo\/en\/wp-json\/wp\/v2\/pages"}],"about":[{"href":"https:\/\/www.zazito.ooo\/en\/wp-json\/wp\/v2\/types\/page"}],"author":[{"embeddable":true,"href":"https:\/\/www.zazito.ooo\/en\/wp-json\/wp\/v2\/users\/4"}],"replies":[{"embeddable":true,"href":"https:\/\/www.zazito.ooo\/en\/wp-json\/wp\/v2\/comments?post=52870"}],"version-history":[{"count":33,"href":"https:\/\/www.zazito.ooo\/en\/wp-json\/wp\/v2\/pages\/52870\/revisions"}],"predecessor-version":[{"id":62158,"href":"https:\/\/www.zazito.ooo\/en\/wp-json\/wp\/v2\/pages\/52870\/revisions\/62158"}],"wp:attachment":[{"href":"https:\/\/www.zazito.ooo\/en\/wp-json\/wp\/v2\/media?parent=52870"}],"curies":[{"name":"wp","href":"https:\/\/api.w.org\/{rel}","templated":true}]}}