{"id":275,"date":"2019-06-17T23:45:11","date_gmt":"2019-06-17T21:45:11","guid":{"rendered":"https:\/\/www.new.zazito.ooo\/?page_id=275"},"modified":"2024-09-10T12:21:13","modified_gmt":"2024-09-10T10:21:13","slug":"gdpr","status":"publish","type":"page","link":"https:\/\/www.zazito.ooo\/en\/gdpr\/","title":{"rendered":"GDPR"},"content":{"rendered":"<p><strong>INFORM\u00c1CIE O SPRACOVAN\u00cd OSOBN\u00ddCH \u00daDAJOV<\/strong><\/p>\r\n\r\n\r\n\r\n<p>V s\u00favislosti so spracovan\u00edm osobn\u00fdch \u00fadajov, V\u00e1m v zmysle \u010dl. 13 Nariadenia Eur\u00f3pskeho parlamentu a Rady E\u00da 2016\/679 (GDPR) z 27. apr\u00edla 2016 o ochrane fyzick\u00fdch os\u00f4b pri spracovan\u00ed osobn\u00fdch \u00fadajov a vo\u013enom pohybe tak\u00fdchto \u00fadajov, poskytujeme nasleduj\u00face inform\u00e1cie.<\/p>\r\n\r\n\r\n\r\n<p><strong>KTO JE PREV\u00c1DZKOVATE\u013d<\/strong><\/p>\r\n\r\n\r\n\r\n<p>Prev\u00e1dzkovate\u013eom, ktor\u00fd ur\u010dil \u00fa\u010dely a prostriedky spracovan\u00ed va\u0161ich osobn\u00fdch \u00fadajov je spolo\u010dnos\u0165: \u030c Zazito.ooo s.r.o., so s\u00eddlom Slia\u010dska 10, I\u010cO:50044176 , DI\u010c:2120165267 , I\u010c DPH:SK2120165267 , zap\u00edsan\u00e1 v obchodnom registri XYZ<\/p>\r\n\r\n\r\n\r\n<p>M\u00f4\u017eete sa na n\u00e1s obr\u00e1ti\u0165\u030c telefonicky na \u010d\u00edsle +421908828141, p\u00edsomne na adrese zazito.ooo, Slia\u010dska 10, 83102 Bratislava, alebo e-mailom info@zazito.ooo<\/p>\r\n\r\n\r\n\r\n<p><strong>ROZSAH OSOBN\u00ddCH \u00daDAJOV<\/strong><\/p>\r\n\r\n\r\n\r\n<p>Minimalizujeme rozsah osobn\u00fdch \u00fadajov, ktor\u00e9 spracov\u00e1vame, tak aby posta\u010dovali na kvalitn\u00e9 splnenie slu\u017eieb, ktor\u00e9 od n\u00e1s o\u010dak\u00e1vate, tak aby sme splnili z\u00e1konn\u00e9 povinnosti, a tak aby sme chr\u00e1nili na\u0161e opr\u00e1vnen\u00e9 z\u00e1ujmy. Spracov\u00e1vame ako osobn\u00e9 \u00fadaje na\u0161ich z\u00e1kazn\u00edkov, ako aj osobn\u00e9 \u00fadaje na\u0161ich potenci\u00e1lnych z\u00e1kazn\u00edkov, ktor\u00ed n\u00e1m na to dali s\u00fahlas. Spracov\u00e1vame tieto kateg\u00f3rie osobn\u00fdch \u00fadajov:<\/p>\r\n\r\n\r\n\r\n<ul class=\"wp-block-list\">\r\n<li>Z\u00e1kladn\u00e9 \u00fadaje, ktor\u00fdmi s\u00fa va\u0161e meno a priezvisko, adresa bydliska, pr\u00edpadne I\u010cO, ak ste podnikate\u013e \u2013 fyzick\u00e1 osoba (\u017eivnostn\u00edk).<\/li>\r\n<li>Kontaktn\u00e9 \u00fadaje, ktor\u00fdmi s\u00fa V\u00e1\u0161 e-mail, telef\u00f3nne \u010d\u00edslo, alebo kontaktn\u00e1 adresa.<\/li>\r\n<li>Inform\u00e1cie o vyu\u017e\u00edvan\u00ed na\u0161ich produktov a slu\u017eieb, o produktoch, ktor\u00e9 ste si zak\u00fapili, alebo zva\u017eujete ich n\u00e1kup. Inform\u00e1cie o vyu\u017e\u00edvan\u00ed n\u00e1\u0161ho eshopu, informa\u010dn\u00e9ho newslettera a podobne.<\/li>\r\n<li>Z\u00e1znamy e-mailovej a chatovej komunik\u00e1cie, z\u00e1znamy telefon\u00e1tov, pr\u00edpadne in\u00fa komunik\u00e1ciu s vami v elektronickej, alebo p\u00edsomnej podobe.<\/li>\r\n<li>Transak\u010dn\u00e9 \u00fadaje, predov\u0161etk\u00fdm inform\u00e1cie o va\u0161ich platb\u00e1ch a platobn\u00fdch met\u00f3dach.<\/li>\r\n<li>Geolokaliza\u010dn\u00e9 \u00fadaje, ide o geografick\u00e9 \u00fadaje z webov\u00e9ho prehliada\u010da po\u010d\u00edta\u010da alebo z mobiln\u00fdch aplik\u00e1ci\u00ed.<\/li>\r\n<\/ul>\r\n\r\n\r\n\r\n<p><strong>\u00da\u010cELY SPRACOVANIA OSOBN\u00ddCH \u00daDAJOV<\/strong><\/p>\r\n\r\n\r\n\r\n<p>Va\u0161e osobn\u00e9 \u00fadaje spracov\u00e1vame predov\u0161etk\u00fdm pre potrebu uzatv\u00e1rania k\u00fapnych zml\u00fav, ktor\u00fdch predmetom je dod\u00e1vka n\u00e1\u0161ho tovaru a slu\u017eieb. T\u00e1to \u010dinnos\u0165 zah\u0155\u0148a predov\u0161etk\u00fdm, pr\u00edjem a spracovanie objedn\u00e1vok, vystavovanie fakt\u00far a da\u0148ov\u00fdch dokladov, evidenciu platieb, odosielanie tovaru na zvolen\u00fa adresu pod.<\/p>\r\n\r\n\r\n\r\n<p>Pre riadne splnenie si v\u0161etk\u00fdch z\u00e1konn\u00fdch povinnost\u00ed, spracov\u00e1vame osobn\u00e9 \u00fadaje aj pre \u00fa\u010dely vedenie \u00fa\u010dtovn\u00edctva, spr\u00e1vy registrat\u00fary, \u010di vybavovania reklam\u00e1ci\u00ed a s\u0165a\u017enost\u00ed.<\/p>\r\n\r\n\r\n\r\n<p>V niektor\u00fdch pr\u00edpadoch je potrebn\u00e9 osobn\u00e9 \u00fadaje spracova\u0165 aj na \u00fa\u010dely s\u00fadnych sporov a mimos\u00fadneho vym\u00e1hania poh\u013ead\u00e1vok.<\/p>\r\n\r\n\r\n\r\n<p>Va\u0161e osobn\u00e9 \u00fadaje spracov\u00e1vame aj na \u00fa\u010dely informovania o na\u0161ich produktoch a slu\u017eb\u00e1ch v r\u00e1mci priameho marketingu.<\/p>\r\n\r\n\r\n\r\n<p><strong>PR\u00c1VNE Z\u00c1KLADY SPRACOV\u00c1VANIA OSOBN\u00ddCH \u00daDAJOV<\/strong><\/p>\r\n\r\n\r\n\r\n<p>Va\u0161e osobn\u00e9 \u00fadaje spracov\u00e1vame v s\u00falade so z\u00e1konom, iba na z\u00e1klade pr\u00e1vnych z\u00e1kladov pr\u00edpadoch ke\u010f:<\/p>\r\n\r\n\r\n\r\n<ul class=\"wp-block-list\">\r\n<li>Je spracov\u00e1vanie osobn\u00fdch \u00fadajov nevyhnutn\u00e9 pre splnenie zmluvy (napr\u00edklad k\u00fapnej zmluvy) a vy ste zmluvnou stranou, alebo ste n\u00e1s po\u017eiadali o vykonanie opatren\u00ed pred uzatvoren\u00edm zmluvy (napr\u00edklad registr\u00e1ciou do e-shopu, vytvorenie ponuky).<\/li>\r\n<li>Alebo je spracovanie va\u0161ich osobn\u00fdch \u00fadajov nevyhnutn\u00e9 v r\u00e1mci n\u00e1\u0161ho opr\u00e1vnen\u00e9ho z\u00e1ujmu, ktor\u00e9 sledujeme a n\u00edm je predov\u0161etk\u00fdm ponuka a predaj tovaru a slu\u017eieb na\u0161im z\u00e1kazn\u00edkom.<\/li>\r\n<li>Alebo ste n\u00e1m udelili v\u00e1\u0161 s\u00fahlas na jeden, alebo viacer\u00e9 \u00fa\u010dely. Tie m\u00f4\u017eu zah\u0155\u0148a\u0165 najm\u00e4 \u010dinnosti spojen\u00e9 s ponukou tovaru slu\u017eieb, alebo spracovanie s cie\u013eom prisp\u00f4sobi\u0165 ponuku va\u0161im o\u010dak\u00e1vaniam.<\/li>\r\n<\/ul>\r\n\r\n\r\n\r\n<p><strong>KATEG\u00d3RIE PR\u00cdJEMCOV<\/strong><\/p>\r\n\r\n\r\n\r\n<ul class=\"wp-block-list\">\r\n<li>Osobn\u00e9 \u00fadaje m\u00f4\u017eu by\u0165 pri spracovan\u00ed poskytnut\u00e9 nasleduj\u00facim kateg\u00f3ri\u00e1m pr\u00edjemcov:<\/li>\r\n<li>Kuri\u00e9rske a prepravn\u00e9 spolo\u010dnosti<\/li>\r\n<li>Marketingov\u00e9 agent\u00fary a call centr\u00e1<\/li>\r\n<li>Poskytovatelia IT slu\u017eieb a telekomunika\u010dn\u00fd oper\u00e1tori Advok\u00e1tske a pr\u00e1vne kancel\u00e1rie<\/li>\r\n<li>Znalci a s\u00fadny znalci<\/li>\r\n<li>Inkasn\u00e9 spolo\u010dnosti a exek\u00fatori<\/li>\r\n<li>S\u00fady a org\u00e1ny \u010dinn\u00e9 v trestnom konan\u00ed<\/li>\r\n<li>\u00da\u010dtovn\u00e9 kancel\u00e1rie, aud\u00edtori a da\u0148ov\u00fd poradcovia<\/li>\r\n<\/ul>\r\n\r\n\r\n\r\n<p><strong>DOBA USCHOV\u00c1VANIA OSOBN\u00ddCH \u00daDAJOV.<\/strong><\/p>\r\n\r\n\r\n\r\n<ul class=\"wp-block-list\">\r\n<li>V pr\u00edpade s\u00fahlasu dotknutej osoby, budeme va\u0161e \u00fadaje spracov\u00e1va\u0165 do doby, ne\u017e svoj s\u00fahlas neodvol\u00e1te<\/li>\r\n<li>V pr\u00edpade opr\u00e1vnen\u00e9ho z\u00e1ujmu, budeme va\u0161e osobn\u00e9 \u00fadaje spracov\u00e1va\u0165, pokia\u013e nebudete spracovaniu namieta\u0165, po dobu ktor\u00e1 je opodstatnen\u00e1 vzh\u013eadom k \u017eivotn\u00e9mu cyklu, zak\u00fapen\u00e9ho produktu alebo slu\u017eby, aby sme v\u00e1m mohli pon\u00faka\u0165 a poskytova\u0165 s\u00favisiace produkty a slu\u017eby.<\/li>\r\n<li>V pr\u00edpade plnenia zmluvy budeme va\u0161e osobn\u00e9 \u00fadaje spracov\u00e1va\u0165 po dobu, po\u010das ktorej trv\u00e1 zmluvn\u00fd vz\u0165ah, vr\u00e1tane z\u00e1ruky a reklama\u010dn\u00fdch podmienok<\/li>\r\n<li>V pr\u00edpade plnenia z\u00e1konnej povinnosti, budeme va\u0161e osobn\u00e9 \u00fadaje spracov\u00e1va\u0165 po dobu, ktor\u00fa n\u00e1m uklad\u00e1 z\u00e1kon. V pr\u00edpade z\u00e1kona o \u00fa\u010dtovn\u00edctve, z\u00e1kona o DPH a pod. m\u00f4\u017ee by\u0165 lehota 10 rokov.<\/li>\r\n<\/ul>\r\n\r\n\r\n\r\n<p><strong>VA\u0160E PR\u00c1VA AKO DOTKNUT\u00ddCH OS\u00d4B<\/strong><\/p>\r\n\r\n\r\n\r\n<p>Pri spracovan\u00ed va\u0161ich osobn\u00fdch \u00fadajov sme pripraven\u00fd vykon\u00e1va\u0165 Va\u0161e pr\u00e1va.<\/p>\r\n\r\n\r\n\r\n<ul class=\"wp-block-list\">\r\n<li>M\u00e1te <strong>pr\u00e1vo na pr\u00edstup ku svojim osobn\u00fdm \u00fadajom<\/strong>, ako aj pr\u00e1vo vedie\u0165 na ak\u00fd \u00fa\u010del s\u00fa spracov\u00e1van\u00e9, kto s\u00fa pr\u00edjemcovia va\u0161ich osobn\u00fdch \u00fadajov, ak\u00e1 je doba spracovania.<\/li>\r\n<li>M\u00e1te <strong>pr\u00e1vo na opravu<\/strong>, pokia\u013e s\u00fa va\u0161e osobn\u00e9 \u00fadaje nespr\u00e1vne alebo sa zmenili, kontaktuje n\u00e1s, oprav\u00edme ich.<\/li>\r\n<li>M\u00e1te <strong>pr\u00e1vo na v\u00fdmaz<\/strong> osobn\u00fdch \u00fadajov, pokia\u013e s\u00fa nespr\u00e1vne, alebo spracovan\u00e9 nez\u00e1konne.<\/li>\r\n<li>Ak s\u00fa va\u0161e osobn\u00e9 \u00fadaje spracovan\u00e9 na z\u00e1klade s\u00fahlasu, m\u00e1te pr\u00e1vo ho kedyko\u013evek svoj <strong>s\u00fahlas odvola\u0165<\/strong>, bez toho, aby to malo vplyv na z\u00e1konnos\u0165 spracovania zalo\u017een\u00e9ho na s\u00fahlase udelenom pred jeho odvolan\u00edm.<\/li>\r\n<li>M\u00e1te <strong>pr\u00e1vo na obmedzenie spracovania<\/strong>, pokia\u013e si \u017eel\u00e1te budeme \u00fadaje spracov\u00e1va\u0165 iba na najnutnej\u0161ie z\u00e1konn\u00e9 d\u00f4vody, alebo v\u00f4bec.<\/li>\r\n<li>M\u00e1te <strong>pr\u00e1vo namieta\u0165 a na automatizovan\u00e9 individu\u00e1lne rozhodovanie<\/strong>, pokia\u013e zist\u00edte, alebo si mysl\u00edte, \u017ee toto spracovanie je nez\u00e1konn\u00e9, alebo v rozpore s va\u0161imi pr\u00e1vami.<\/li>\r\n<li>M\u00e1te <strong>pr\u00e1vo na prenos \u00fadajov<\/strong>, ak si \u017eel\u00e1te prenies\u0165 ich<\/li>\r\n<li>k in\u00e9mu prev\u00e1dzkovate\u013eovi, poskytneme v\u00e1m ich v zodpovedaj\u00facom form\u00e1te, ak tomu nebud\u00fa br\u00e1ni\u0165 in\u00e9 technick\u00e9, alebo z\u00e1konn\u00e9 prek\u00e1\u017eky.<\/li>\r\n<li>Rovnako tie\u017e <strong>pr\u00e1vo poda\u0165 s\u0165a\u017enos\u0165 dozorn\u00e9mu org\u00e1nu<\/strong>, ktor\u00fdm je \u00darad pre ochranu osobn\u00fdch \u00fadajov Slovenskej republiky, so s\u00eddlom Hrani\u010dn\u00e1 12, 820 07 Bratislava 27, Slovensk\u00e1 republika, I\u010cO: 36 064 220, tel. \u010d.: +421 2 32313220, https:\/\/dataprotection.gov.sk\/uoou\/<\/li>\r\n<\/ul>\r\n\r\n\r\n\r\n<p><strong>KDE A AKO M\u00d4\u017dETE SVOJE PR\u00c1VA UPLATNI\u0164<\/strong><\/p>\r\n\r\n\r\n\r\n<p>Va\u0161e pr\u00e1va m\u00f4\u017eete uplatni\u0165 zavolan\u00edm na telef\u00f3nne \u010d\u00edslo +421908828141,p\u00edsomne: zazito.ooo, Slia\u010dska 10, 83102 Bratislava, alebo e-mailom info@zazito.ooo<\/p>\r\n\r\n\r\n\r\n<p>Na va\u0161u \u017eiados\u0165 odpovieme bezplatne v lehote do 30 dn\u00ed. V pr\u00edpade zlo\u017eitosti, alebo ve\u013ek\u00e9ho po\u010dtu \u017eiadost\u00ed sme opr\u00e1vnen\u00fd t\u00fato lehotu pred\u013a\u017ei\u0165 o \u010fal\u0161\u00edch 60 dn\u00ed. Pokia\u013e k tomu d\u00f4jde budeme V\u00e1s o tom, aj o d\u00f4vodoch informova\u0165.<\/p>\r\n\r\n\r\n\r\n<p>Ak bude, ale va\u0161a \u017eiados\u0165 zjavne neod\u00f4vodnen\u00e1, alebo opakovan\u00e1, sme opr\u00e1vnen\u00fd \u00fa\u010dtova\u0165 si primeran\u00fd administrat\u00edvny poplatok na pokrytie n\u00e1kladov spojen\u00fdch s poskytnut\u00edm tejto slu\u017eby.<\/p>\r\n\r\n\r\n\r\n<p><strong>KONTAKT INFORM\u00c1CIE<\/strong><\/p>\r\n\r\n\r\n\r\n<p>M\u00f4\u017eete sa na n\u00e1s obr\u00e1ti\u0165 telefonicky na \u010d\u00edsle +421908828141, p\u00edsomne na adrese zazito.ooo, Slia\u010dska 10, 83102 Bratislava, alebo e-mailom info@zazito.ooo<\/p>","protected":false},"excerpt":{"rendered":"<p>INFORM\u00c1CIE O SPRACOVAN\u00cd OSOBN\u00ddCH \u00daDAJOV V s\u00favislosti so spracovan\u00edm osobn\u00fdch \u00fadajov, V\u00e1m v zmysle \u010dl. 13 Nariadenia Eur\u00f3pskeho parlamentu a Rady E\u00da 2016\/679 (GDPR) z 27. apr\u00edla 2016 o ochrane fyzick\u00fdch os\u00f4b pri spracovan\u00ed osobn\u00fdch \u00fadajov a vo\u013enom pohybe tak\u00fdchto \u00fadajov, poskytujeme nasleduj\u00face inform\u00e1cie. KTO JE PREV\u00c1DZKOVATE\u013d Prev\u00e1dzkovate\u013eom, ktor\u00fd ur\u010dil \u00fa\u010dely a prostriedky spracovan\u00ed va\u0161ich&hellip;<\/p>","protected":false},"author":1,"featured_media":57377,"parent":0,"menu_order":0,"comment_status":"closed","ping_status":"closed","template":"","meta":{"footnotes":""},"class_list":["post-275","page","type-page","status-publish","has-post-thumbnail","hentry"],"yoast_head":"<!-- This site is optimized with the Yoast SEO plugin v27.2 - https:\/\/yoast.com\/product\/yoast-seo-wordpress\/ -->\n<title>GDPR - Zazito.ooo<\/title>\n<meta name=\"description\" content=\"GDPR - INFORM\u00c1CIE O SPRACOVAN\u00cd OSOBN\u00ddCH \u00daDAJOVV s\u00favislosti so spracovan\u00edm osobn\u00fdch \u00fadajov, V\u00e1m v zmysle \u010dl. 13 Nariadenia EP a Rady E\u00da\" \/>\n<meta name=\"robots\" content=\"index, follow, max-snippet:-1, max-image-preview:large, max-video-preview:-1\" \/>\n<link rel=\"canonical\" href=\"https:\/\/www.zazito.ooo\/en\/gdpr\/\" \/>\n<meta property=\"og:locale\" content=\"en_US\" \/>\n<meta property=\"og:type\" content=\"article\" \/>\n<meta property=\"og:title\" content=\"GDPR - Zazito.ooo\" \/>\n<meta property=\"og:description\" content=\"GDPR - INFORM\u00c1CIE O SPRACOVAN\u00cd OSOBN\u00ddCH \u00daDAJOVV s\u00favislosti so spracovan\u00edm osobn\u00fdch \u00fadajov, V\u00e1m v zmysle \u010dl. 13 Nariadenia EP a Rady E\u00da\" \/>\n<meta property=\"og:url\" content=\"https:\/\/www.zazito.ooo\/en\/gdpr\/\" \/>\n<meta property=\"og:site_name\" content=\"Zazito.ooo\" \/>\n<meta property=\"article:publisher\" content=\"https:\/\/www.facebook.com\/zazitooo\/\" \/>\n<meta property=\"article:modified_time\" content=\"2024-09-10T10:21:13+00:00\" \/>\n<meta property=\"og:image\" content=\"https:\/\/www.zazito.ooo\/wp-content\/uploads\/2024\/09\/GDPR.webp\" \/>\n\t<meta property=\"og:image:width\" content=\"1000\" \/>\n\t<meta property=\"og:image:height\" content=\"667\" \/>\n\t<meta property=\"og:image:type\" content=\"image\/webp\" \/>\n<meta name=\"twitter:card\" content=\"summary_large_image\" \/>\n<meta name=\"twitter:label1\" content=\"Est. reading time\" \/>\n\t<meta name=\"twitter:data1\" content=\"6 minutes\" \/>\n<script type=\"application\/ld+json\" class=\"yoast-schema-graph\">{\"@context\":\"https:\/\/schema.org\",\"@graph\":[{\"@type\":\"WebPage\",\"@id\":\"https:\/\/www.zazito.ooo\/en\/gdpr\/\",\"url\":\"https:\/\/www.zazito.ooo\/en\/gdpr\/\",\"name\":\"GDPR - Zazito.ooo\",\"isPartOf\":{\"@id\":\"https:\/\/www.zazito.ooo\/en\/#website\"},\"primaryImageOfPage\":{\"@id\":\"https:\/\/www.zazito.ooo\/en\/gdpr\/#primaryimage\"},\"image\":{\"@id\":\"https:\/\/www.zazito.ooo\/en\/gdpr\/#primaryimage\"},\"thumbnailUrl\":\"https:\/\/www.zazito.ooo\/wp-content\/uploads\/2024\/09\/GDPR.webp\",\"datePublished\":\"2019-06-17T21:45:11+00:00\",\"dateModified\":\"2024-09-10T10:21:13+00:00\",\"description\":\"GDPR - INFORM\u00c1CIE O SPRACOVAN\u00cd OSOBN\u00ddCH \u00daDAJOVV s\u00favislosti so spracovan\u00edm osobn\u00fdch \u00fadajov, V\u00e1m v zmysle \u010dl. 13 Nariadenia EP a Rady E\u00da\",\"breadcrumb\":{\"@id\":\"https:\/\/www.zazito.ooo\/en\/gdpr\/#breadcrumb\"},\"inLanguage\":\"en-US\",\"potentialAction\":[{\"@type\":\"ReadAction\",\"target\":[\"https:\/\/www.zazito.ooo\/en\/gdpr\/\"]}]},{\"@type\":\"ImageObject\",\"inLanguage\":\"en-US\",\"@id\":\"https:\/\/www.zazito.ooo\/en\/gdpr\/#primaryimage\",\"url\":\"https:\/\/www.zazito.ooo\/wp-content\/uploads\/2024\/09\/GDPR.webp\",\"contentUrl\":\"https:\/\/www.zazito.ooo\/wp-content\/uploads\/2024\/09\/GDPR.webp\",\"width\":1000,\"height\":667,\"caption\":\"\u00fadajov GDPR\"},{\"@type\":\"BreadcrumbList\",\"@id\":\"https:\/\/www.zazito.ooo\/en\/gdpr\/#breadcrumb\",\"itemListElement\":[{\"@type\":\"ListItem\",\"position\":1,\"name\":\"Home\",\"item\":\"https:\/\/www.zazito.ooo\/\"},{\"@type\":\"ListItem\",\"position\":2,\"name\":\"GDPR\"}]},{\"@type\":\"WebSite\",\"@id\":\"https:\/\/www.zazito.ooo\/en\/#website\",\"url\":\"https:\/\/www.zazito.ooo\/en\/\",\"name\":\"Zazito.ooo\",\"description\":\"origin\u00e1lne escape games v Bratislave\",\"publisher\":{\"@id\":\"https:\/\/www.zazito.ooo\/en\/#organization\"},\"potentialAction\":[{\"@type\":\"SearchAction\",\"target\":{\"@type\":\"EntryPoint\",\"urlTemplate\":\"https:\/\/www.zazito.ooo\/en\/?s={search_term_string}\"},\"query-input\":{\"@type\":\"PropertyValueSpecification\",\"valueRequired\":true,\"valueName\":\"search_term_string\"}}],\"inLanguage\":\"en-US\"},{\"@type\":\"Organization\",\"@id\":\"https:\/\/www.zazito.ooo\/en\/#organization\",\"name\":\"Zazito, s.r.o.\",\"url\":\"https:\/\/www.zazito.ooo\/en\/\",\"logo\":{\"@type\":\"ImageObject\",\"inLanguage\":\"en-US\",\"@id\":\"https:\/\/www.zazito.ooo\/en\/#\/schema\/logo\/image\/\",\"url\":\"https:\/\/www.zazito.ooo\/wp-content\/uploads\/2019\/08\/zazito_logo.jpg\",\"contentUrl\":\"https:\/\/www.zazito.ooo\/wp-content\/uploads\/2019\/08\/zazito_logo.jpg\",\"width\":1080,\"height\":1080,\"caption\":\"Zazito, s.r.o.\"},\"image\":{\"@id\":\"https:\/\/www.zazito.ooo\/en\/#\/schema\/logo\/image\/\"},\"sameAs\":[\"https:\/\/www.facebook.com\/zazitooo\/\",\"https:\/\/www.instagram.com\/zazito.ooo\/?hl=sk\"]}]}<\/script>\n<!-- \/ Yoast SEO plugin. -->","yoast_head_json":{"title":"GDPR - Zazito.ooo","description":"GDPR - INFORM\u00c1CIE O SPRACOVAN\u00cd OSOBN\u00ddCH \u00daDAJOVV s\u00favislosti so spracovan\u00edm osobn\u00fdch \u00fadajov, V\u00e1m v zmysle \u010dl. 13 Nariadenia EP a Rady E\u00da","robots":{"index":"index","follow":"follow","max-snippet":"max-snippet:-1","max-image-preview":"max-image-preview:large","max-video-preview":"max-video-preview:-1"},"canonical":"https:\/\/www.zazito.ooo\/en\/gdpr\/","og_locale":"en_US","og_type":"article","og_title":"GDPR - Zazito.ooo","og_description":"GDPR - INFORM\u00c1CIE O SPRACOVAN\u00cd OSOBN\u00ddCH \u00daDAJOVV s\u00favislosti so spracovan\u00edm osobn\u00fdch \u00fadajov, V\u00e1m v zmysle \u010dl. 13 Nariadenia EP a Rady E\u00da","og_url":"https:\/\/www.zazito.ooo\/en\/gdpr\/","og_site_name":"Zazito.ooo","article_publisher":"https:\/\/www.facebook.com\/zazitooo\/","article_modified_time":"2024-09-10T10:21:13+00:00","og_image":[{"width":1000,"height":667,"url":"https:\/\/www.zazito.ooo\/wp-content\/uploads\/2024\/09\/GDPR.webp","type":"image\/webp"}],"twitter_card":"summary_large_image","twitter_misc":{"Est. reading time":"6 minutes"},"schema":{"@context":"https:\/\/schema.org","@graph":[{"@type":"WebPage","@id":"https:\/\/www.zazito.ooo\/en\/gdpr\/","url":"https:\/\/www.zazito.ooo\/en\/gdpr\/","name":"GDPR - Zazito.ooo","isPartOf":{"@id":"https:\/\/www.zazito.ooo\/en\/#website"},"primaryImageOfPage":{"@id":"https:\/\/www.zazito.ooo\/en\/gdpr\/#primaryimage"},"image":{"@id":"https:\/\/www.zazito.ooo\/en\/gdpr\/#primaryimage"},"thumbnailUrl":"https:\/\/www.zazito.ooo\/wp-content\/uploads\/2024\/09\/GDPR.webp","datePublished":"2019-06-17T21:45:11+00:00","dateModified":"2024-09-10T10:21:13+00:00","description":"GDPR - INFORM\u00c1CIE O SPRACOVAN\u00cd OSOBN\u00ddCH \u00daDAJOVV s\u00favislosti so spracovan\u00edm osobn\u00fdch \u00fadajov, V\u00e1m v zmysle \u010dl. 13 Nariadenia EP a Rady E\u00da","breadcrumb":{"@id":"https:\/\/www.zazito.ooo\/en\/gdpr\/#breadcrumb"},"inLanguage":"en-US","potentialAction":[{"@type":"ReadAction","target":["https:\/\/www.zazito.ooo\/en\/gdpr\/"]}]},{"@type":"ImageObject","inLanguage":"en-US","@id":"https:\/\/www.zazito.ooo\/en\/gdpr\/#primaryimage","url":"https:\/\/www.zazito.ooo\/wp-content\/uploads\/2024\/09\/GDPR.webp","contentUrl":"https:\/\/www.zazito.ooo\/wp-content\/uploads\/2024\/09\/GDPR.webp","width":1000,"height":667,"caption":"\u00fadajov GDPR"},{"@type":"BreadcrumbList","@id":"https:\/\/www.zazito.ooo\/en\/gdpr\/#breadcrumb","itemListElement":[{"@type":"ListItem","position":1,"name":"Home","item":"https:\/\/www.zazito.ooo\/"},{"@type":"ListItem","position":2,"name":"GDPR"}]},{"@type":"WebSite","@id":"https:\/\/www.zazito.ooo\/en\/#website","url":"https:\/\/www.zazito.ooo\/en\/","name":"Zazito.ooo","description":"origin\u00e1lne escape games v Bratislave","publisher":{"@id":"https:\/\/www.zazito.ooo\/en\/#organization"},"potentialAction":[{"@type":"SearchAction","target":{"@type":"EntryPoint","urlTemplate":"https:\/\/www.zazito.ooo\/en\/?s={search_term_string}"},"query-input":{"@type":"PropertyValueSpecification","valueRequired":true,"valueName":"search_term_string"}}],"inLanguage":"en-US"},{"@type":"Organization","@id":"https:\/\/www.zazito.ooo\/en\/#organization","name":"Zazito, s.r.o.","url":"https:\/\/www.zazito.ooo\/en\/","logo":{"@type":"ImageObject","inLanguage":"en-US","@id":"https:\/\/www.zazito.ooo\/en\/#\/schema\/logo\/image\/","url":"https:\/\/www.zazito.ooo\/wp-content\/uploads\/2019\/08\/zazito_logo.jpg","contentUrl":"https:\/\/www.zazito.ooo\/wp-content\/uploads\/2019\/08\/zazito_logo.jpg","width":1080,"height":1080,"caption":"Zazito, s.r.o."},"image":{"@id":"https:\/\/www.zazito.ooo\/en\/#\/schema\/logo\/image\/"},"sameAs":["https:\/\/www.facebook.com\/zazitooo\/","https:\/\/www.instagram.com\/zazito.ooo\/?hl=sk"]}]}},"_links":{"self":[{"href":"https:\/\/www.zazito.ooo\/en\/wp-json\/wp\/v2\/pages\/275","targetHints":{"allow":["GET"]}}],"collection":[{"href":"https:\/\/www.zazito.ooo\/en\/wp-json\/wp\/v2\/pages"}],"about":[{"href":"https:\/\/www.zazito.ooo\/en\/wp-json\/wp\/v2\/types\/page"}],"author":[{"embeddable":true,"href":"https:\/\/www.zazito.ooo\/en\/wp-json\/wp\/v2\/users\/1"}],"replies":[{"embeddable":true,"href":"https:\/\/www.zazito.ooo\/en\/wp-json\/wp\/v2\/comments?post=275"}],"version-history":[{"count":1,"href":"https:\/\/www.zazito.ooo\/en\/wp-json\/wp\/v2\/pages\/275\/revisions"}],"predecessor-version":[{"id":57378,"href":"https:\/\/www.zazito.ooo\/en\/wp-json\/wp\/v2\/pages\/275\/revisions\/57378"}],"wp:featuredmedia":[{"embeddable":true,"href":"https:\/\/www.zazito.ooo\/en\/wp-json\/wp\/v2\/media\/57377"}],"wp:attachment":[{"href":"https:\/\/www.zazito.ooo\/en\/wp-json\/wp\/v2\/media?parent=275"}],"curies":[{"name":"wp","href":"https:\/\/api.w.org\/{rel}","templated":true}]}}