{"id":25451,"date":"2021-11-28T00:41:30","date_gmt":"2021-11-27T23:41:30","guid":{"rendered":"https:\/\/www.zazito.ooo\/?page_id=25451"},"modified":"2025-04-17T09:44:36","modified_gmt":"2025-04-17T07:44:36","slug":"remote-scavenger-hunt","status":"publish","type":"page","link":"https:\/\/www.zazito.ooo\/en\/online-hry\/remote-scavenger-hunt\/","title":{"rendered":"Remote Scavenger Hunt"},"content":{"rendered":"<div data-elementor-type=\"wp-page\" data-elementor-id=\"25451\" class=\"elementor elementor-25451\" data-elementor-post-type=\"page\">\n\t\t\t\t<div class=\"elementor-element elementor-element-4293ab0 e-flex e-con-boxed e-con e-parent\" data-id=\"4293ab0\" data-element_type=\"container\" data-e-type=\"container\" data-settings=\"{&quot;background_background&quot;:&quot;classic&quot;}\">\n\t\t\t\t\t<div class=\"e-con-inner\">\n\t\t\t\t<div class=\"elementor-element elementor-element-b9c60b2 elementor-widget-mobile__width-initial elementor-widget elementor-widget-heading\" data-id=\"b9c60b2\" data-element_type=\"widget\" data-e-type=\"widget\" data-widget_type=\"heading.default\">\n\t\t\t\t<div class=\"elementor-widget-container\">\n\t\t\t\t\t<h2 class=\"elementor-heading-title elementor-size-default\">Remote Scavenger Hunt<\/h2>\t\t\t\t<\/div>\n\t\t\t\t<\/div>\n\t\t\t\t<div class=\"elementor-element elementor-element-099e6a0 elementor-widget__width-initial elementor-widget elementor-widget-text-editor\" data-id=\"099e6a0\" data-element_type=\"widget\" data-e-type=\"widget\" data-widget_type=\"text-editor.default\">\n\t\t\t\t<div class=\"elementor-widget-container\">\n\t\t\t\t\t\t\t\t\t<h5>DO YOU KNOW WHAT FUN YOU HAVE AT HOME?<\/h5><p>Even at home, you can play this action-packed game in which you and your team complete action tasks and hunt for various interesting items. Can you, for example, together and without much discussion, gather items for even the wildest letters of the alphabet, or uncover what items are hidden in a children's song? Or even all hold hands in a video chat from a distance? In this unconventional game, you will (in smaller teams or all together) complete tasks assigned by us from the comfort of your home. Thanks to the game, you'll get to know each other better, discover something new about yourselves, or even practice remote collaboration.<\/p><p>This team activity is focused on quick decision-making, estimating your colleagues, and it also tests your knowledge of your own apartment. You will definitely have a good laugh, compete well, and uncover many interesting facts. The game is undemanding in terms of thinking and is suitable even after a tough day at work when you just want to relax and have fun.<\/p><p>\u00a0The tasks are divided into search, individual, and group tasks. You solve them in teams of about 5-15 players, which still allows active participation and enjoyment. Teams can be rotated between rounds so that everyone is part of different teams and has fun with a larger number of colleagues and friends.<\/p><ul><li><h4>Game Dynamics: 4\/5<\/h4><\/li><li><h4>Physical Difficulty: 2\/5<\/h4><\/li><li><h4>Intellectual Difficulty: 2\/5<\/h4><\/li><li><h4>Team Collaboration: 4\/5<\/h4><\/li><li><h4>Team Communication: 1-4\/5<\/h4><\/li><\/ul><p>\u00a0<\/p><h5>Price per Player:<\/h5><p>\u20ac14 (excluding VAT) for 60 minutes<br \/>\u20ac19 (excluding VAT) for 90 minutes<\/p><h5>Capacity:<\/h5><p>200 players<br \/>(played in teams of about 5-15 players)<\/p><h5>Characteristics<\/h5><ul><li>Communication game<\/li><li>Fun game<\/li><\/ul><p>\u00a0<\/p><h5>Game Environment:<\/h5><p>Online video chat via Zoom or according to client's preferences<\/p><h5>Game Duration:<\/h5><p>Approximately two hours<br \/>(depends on the skill of the specific group)<\/p><p>\u00a0<\/p><p><a class=\"calltlacitko\" href=\"\/en\/kontakt\/\">Contact us if you are interested in the game<\/a><\/p><p>\u00a0<\/p>\t\t\t\t\t\t\t\t<\/div>\n\t\t\t\t<\/div>\n\t\t\t\t\t<\/div>\n\t\t\t\t<\/div>\n\t\t\t\t<\/div>","protected":false},"excerpt":{"rendered":"<p>Remote Scavenger Hunt Viete, \u010do v\u0161etko z\u00e1bavn\u00e9 mate doma? Aj doma si m\u00f4\u017eete zahra\u0165 t\u00fato ak\u010dn\u00fa hru pri ktorej so svoj\u00edm t\u00edmom pln\u00edte ak\u010dn\u00e9 \u00falohy a zh\u00e1\u0148ate r\u00f4znorod\u00e9 zauj\u00edmavosti. Dok\u00e1\u017eete napr. spolo\u010dne bez ve\u013ek\u00e9ho dohadovania zhroma\u017edi\u0165 predmety aj na tie najdivokej\u0161ie p\u00edsmen\u00e1 abedecy alebo odhali\u0165 ak\u00e9 veci sa skr\u00fdvaj\u00fa v detskej pesni\u010dke? \u010ci dokonca si&hellip;<\/p>","protected":false},"author":8,"featured_media":0,"parent":25326,"menu_order":0,"comment_status":"closed","ping_status":"closed","template":"","meta":{"footnotes":""},"class_list":["post-25451","page","type-page","status-publish","hentry"],"yoast_head":"<!-- This site is optimized with the Yoast SEO plugin v27.2 - https:\/\/yoast.com\/product\/yoast-seo-wordpress\/ -->\n<title>Remote Scavenger Hunt - Bratislava - Zazito.ooo<\/title>\n<meta name=\"robots\" content=\"index, follow, max-snippet:-1, max-image-preview:large, max-video-preview:-1\" \/>\n<link rel=\"canonical\" href=\"https:\/\/www.zazito.ooo\/en\/online-hry\/remote-scavenger-hunt\/\" \/>\n<meta property=\"og:locale\" content=\"en_US\" \/>\n<meta property=\"og:type\" content=\"article\" \/>\n<meta property=\"og:title\" content=\"Remote Scavenger Hunt - Bratislava - Zazito.ooo\" \/>\n<meta property=\"og:description\" content=\"Remote Scavenger Hunt Viete, \u010do v\u0161etko z\u00e1bavn\u00e9 mate doma? Aj doma si m\u00f4\u017eete zahra\u0165 t\u00fato ak\u010dn\u00fa hru pri ktorej so svoj\u00edm t\u00edmom pln\u00edte ak\u010dn\u00e9 \u00falohy a zh\u00e1\u0148ate r\u00f4znorod\u00e9 zauj\u00edmavosti. Dok\u00e1\u017eete napr. spolo\u010dne bez ve\u013ek\u00e9ho dohadovania zhroma\u017edi\u0165 predmety aj na tie najdivokej\u0161ie p\u00edsmen\u00e1 abedecy alebo odhali\u0165 ak\u00e9 veci sa skr\u00fdvaj\u00fa v detskej pesni\u010dke? \u010ci dokonca si&hellip;\" \/>\n<meta property=\"og:url\" content=\"https:\/\/www.zazito.ooo\/en\/online-hry\/remote-scavenger-hunt\/\" \/>\n<meta property=\"og:site_name\" content=\"Zazito.ooo\" \/>\n<meta property=\"article:publisher\" content=\"https:\/\/www.facebook.com\/zazitooo\/\" \/>\n<meta property=\"article:modified_time\" content=\"2025-04-17T07:44:36+00:00\" \/>\n<meta name=\"twitter:card\" content=\"summary_large_image\" \/>\n<meta name=\"twitter:label1\" content=\"Est. reading time\" \/>\n\t<meta name=\"twitter:data1\" content=\"2 minutes\" \/>\n<script type=\"application\/ld+json\" class=\"yoast-schema-graph\">{\"@context\":\"https:\/\/schema.org\",\"@graph\":[{\"@type\":\"WebPage\",\"@id\":\"https:\/\/www.zazito.ooo\/en\/online-hry\/remote-scavenger-hunt\/\",\"url\":\"https:\/\/www.zazito.ooo\/en\/online-hry\/remote-scavenger-hunt\/\",\"name\":\"Remote Scavenger Hunt - Bratislava - Zazito.ooo\",\"isPartOf\":{\"@id\":\"https:\/\/www.zazito.ooo\/en\/#website\"},\"datePublished\":\"2021-11-27T23:41:30+00:00\",\"dateModified\":\"2025-04-17T07:44:36+00:00\",\"breadcrumb\":{\"@id\":\"https:\/\/www.zazito.ooo\/en\/online-hry\/remote-scavenger-hunt\/#breadcrumb\"},\"inLanguage\":\"en-US\",\"potentialAction\":[{\"@type\":\"ReadAction\",\"target\":[\"https:\/\/www.zazito.ooo\/en\/online-hry\/remote-scavenger-hunt\/\"]}]},{\"@type\":\"BreadcrumbList\",\"@id\":\"https:\/\/www.zazito.ooo\/en\/online-hry\/remote-scavenger-hunt\/#breadcrumb\",\"itemListElement\":[{\"@type\":\"ListItem\",\"position\":1,\"name\":\"Home\",\"item\":\"https:\/\/www.zazito.ooo\/\"},{\"@type\":\"ListItem\",\"position\":2,\"name\":\"Online HRY &#8211; Online Teambuilding\",\"item\":\"https:\/\/www.zazito.ooo\/online-hry\/\"},{\"@type\":\"ListItem\",\"position\":3,\"name\":\"Remote Scavenger Hunt\"}]},{\"@type\":\"WebSite\",\"@id\":\"https:\/\/www.zazito.ooo\/en\/#website\",\"url\":\"https:\/\/www.zazito.ooo\/en\/\",\"name\":\"Zazito.ooo\",\"description\":\"origin\u00e1lne escape games v Bratislave\",\"publisher\":{\"@id\":\"https:\/\/www.zazito.ooo\/en\/#organization\"},\"potentialAction\":[{\"@type\":\"SearchAction\",\"target\":{\"@type\":\"EntryPoint\",\"urlTemplate\":\"https:\/\/www.zazito.ooo\/en\/?s={search_term_string}\"},\"query-input\":{\"@type\":\"PropertyValueSpecification\",\"valueRequired\":true,\"valueName\":\"search_term_string\"}}],\"inLanguage\":\"en-US\"},{\"@type\":\"Organization\",\"@id\":\"https:\/\/www.zazito.ooo\/en\/#organization\",\"name\":\"Zazito, s.r.o.\",\"url\":\"https:\/\/www.zazito.ooo\/en\/\",\"logo\":{\"@type\":\"ImageObject\",\"inLanguage\":\"en-US\",\"@id\":\"https:\/\/www.zazito.ooo\/en\/#\/schema\/logo\/image\/\",\"url\":\"https:\/\/www.zazito.ooo\/wp-content\/uploads\/2019\/08\/zazito_logo.jpg\",\"contentUrl\":\"https:\/\/www.zazito.ooo\/wp-content\/uploads\/2019\/08\/zazito_logo.jpg\",\"width\":1080,\"height\":1080,\"caption\":\"Zazito, s.r.o.\"},\"image\":{\"@id\":\"https:\/\/www.zazito.ooo\/en\/#\/schema\/logo\/image\/\"},\"sameAs\":[\"https:\/\/www.facebook.com\/zazitooo\/\",\"https:\/\/www.instagram.com\/zazito.ooo\/?hl=sk\"]}]}<\/script>\n<!-- \/ Yoast SEO plugin. -->","yoast_head_json":{"title":"Remote Scavenger Hunt - Bratislava - Zazito.ooo","robots":{"index":"index","follow":"follow","max-snippet":"max-snippet:-1","max-image-preview":"max-image-preview:large","max-video-preview":"max-video-preview:-1"},"canonical":"https:\/\/www.zazito.ooo\/en\/online-hry\/remote-scavenger-hunt\/","og_locale":"en_US","og_type":"article","og_title":"Remote Scavenger Hunt - Bratislava - Zazito.ooo","og_description":"Remote Scavenger Hunt Viete, \u010do v\u0161etko z\u00e1bavn\u00e9 mate doma? Aj doma si m\u00f4\u017eete zahra\u0165 t\u00fato ak\u010dn\u00fa hru pri ktorej so svoj\u00edm t\u00edmom pln\u00edte ak\u010dn\u00e9 \u00falohy a zh\u00e1\u0148ate r\u00f4znorod\u00e9 zauj\u00edmavosti. Dok\u00e1\u017eete napr. spolo\u010dne bez ve\u013ek\u00e9ho dohadovania zhroma\u017edi\u0165 predmety aj na tie najdivokej\u0161ie p\u00edsmen\u00e1 abedecy alebo odhali\u0165 ak\u00e9 veci sa skr\u00fdvaj\u00fa v detskej pesni\u010dke? \u010ci dokonca si&hellip;","og_url":"https:\/\/www.zazito.ooo\/en\/online-hry\/remote-scavenger-hunt\/","og_site_name":"Zazito.ooo","article_publisher":"https:\/\/www.facebook.com\/zazitooo\/","article_modified_time":"2025-04-17T07:44:36+00:00","twitter_card":"summary_large_image","twitter_misc":{"Est. reading time":"2 minutes"},"schema":{"@context":"https:\/\/schema.org","@graph":[{"@type":"WebPage","@id":"https:\/\/www.zazito.ooo\/en\/online-hry\/remote-scavenger-hunt\/","url":"https:\/\/www.zazito.ooo\/en\/online-hry\/remote-scavenger-hunt\/","name":"Remote Scavenger Hunt - Bratislava - Zazito.ooo","isPartOf":{"@id":"https:\/\/www.zazito.ooo\/en\/#website"},"datePublished":"2021-11-27T23:41:30+00:00","dateModified":"2025-04-17T07:44:36+00:00","breadcrumb":{"@id":"https:\/\/www.zazito.ooo\/en\/online-hry\/remote-scavenger-hunt\/#breadcrumb"},"inLanguage":"en-US","potentialAction":[{"@type":"ReadAction","target":["https:\/\/www.zazito.ooo\/en\/online-hry\/remote-scavenger-hunt\/"]}]},{"@type":"BreadcrumbList","@id":"https:\/\/www.zazito.ooo\/en\/online-hry\/remote-scavenger-hunt\/#breadcrumb","itemListElement":[{"@type":"ListItem","position":1,"name":"Home","item":"https:\/\/www.zazito.ooo\/"},{"@type":"ListItem","position":2,"name":"Online HRY &#8211; Online Teambuilding","item":"https:\/\/www.zazito.ooo\/online-hry\/"},{"@type":"ListItem","position":3,"name":"Remote Scavenger Hunt"}]},{"@type":"WebSite","@id":"https:\/\/www.zazito.ooo\/en\/#website","url":"https:\/\/www.zazito.ooo\/en\/","name":"Zazito.ooo","description":"origin\u00e1lne escape games v Bratislave","publisher":{"@id":"https:\/\/www.zazito.ooo\/en\/#organization"},"potentialAction":[{"@type":"SearchAction","target":{"@type":"EntryPoint","urlTemplate":"https:\/\/www.zazito.ooo\/en\/?s={search_term_string}"},"query-input":{"@type":"PropertyValueSpecification","valueRequired":true,"valueName":"search_term_string"}}],"inLanguage":"en-US"},{"@type":"Organization","@id":"https:\/\/www.zazito.ooo\/en\/#organization","name":"Zazito, s.r.o.","url":"https:\/\/www.zazito.ooo\/en\/","logo":{"@type":"ImageObject","inLanguage":"en-US","@id":"https:\/\/www.zazito.ooo\/en\/#\/schema\/logo\/image\/","url":"https:\/\/www.zazito.ooo\/wp-content\/uploads\/2019\/08\/zazito_logo.jpg","contentUrl":"https:\/\/www.zazito.ooo\/wp-content\/uploads\/2019\/08\/zazito_logo.jpg","width":1080,"height":1080,"caption":"Zazito, s.r.o."},"image":{"@id":"https:\/\/www.zazito.ooo\/en\/#\/schema\/logo\/image\/"},"sameAs":["https:\/\/www.facebook.com\/zazitooo\/","https:\/\/www.instagram.com\/zazito.ooo\/?hl=sk"]}]}},"_links":{"self":[{"href":"https:\/\/www.zazito.ooo\/en\/wp-json\/wp\/v2\/pages\/25451","targetHints":{"allow":["GET"]}}],"collection":[{"href":"https:\/\/www.zazito.ooo\/en\/wp-json\/wp\/v2\/pages"}],"about":[{"href":"https:\/\/www.zazito.ooo\/en\/wp-json\/wp\/v2\/types\/page"}],"author":[{"embeddable":true,"href":"https:\/\/www.zazito.ooo\/en\/wp-json\/wp\/v2\/users\/8"}],"replies":[{"embeddable":true,"href":"https:\/\/www.zazito.ooo\/en\/wp-json\/wp\/v2\/comments?post=25451"}],"version-history":[{"count":6,"href":"https:\/\/www.zazito.ooo\/en\/wp-json\/wp\/v2\/pages\/25451\/revisions"}],"predecessor-version":[{"id":59963,"href":"https:\/\/www.zazito.ooo\/en\/wp-json\/wp\/v2\/pages\/25451\/revisions\/59963"}],"up":[{"embeddable":true,"href":"https:\/\/www.zazito.ooo\/en\/wp-json\/wp\/v2\/pages\/25326"}],"wp:attachment":[{"href":"https:\/\/www.zazito.ooo\/en\/wp-json\/wp\/v2\/media?parent=25451"}],"curies":[{"name":"wp","href":"https:\/\/api.w.org\/{rel}","templated":true}]}}