{"id":25444,"date":"2021-11-28T00:36:02","date_gmt":"2021-11-27T23:36:02","guid":{"rendered":"https:\/\/www.zazito.ooo\/?page_id=25444"},"modified":"2025-04-17T09:48:04","modified_gmt":"2025-04-17T07:48:04","slug":"interaktivny-kviz","status":"publish","type":"page","link":"https:\/\/www.zazito.ooo\/en\/online-hry\/interaktivny-kviz\/","title":{"rendered":"Interakt\u00edvny kv\u00edz"},"content":{"rendered":"<div data-elementor-type=\"wp-page\" data-elementor-id=\"25444\" class=\"elementor elementor-25444\" data-elementor-post-type=\"page\">\n\t\t\t\t<div class=\"elementor-element elementor-element-01c7d8d e-flex e-con-boxed e-con e-parent\" data-id=\"01c7d8d\" data-element_type=\"container\" data-e-type=\"container\" data-settings=\"{&quot;background_background&quot;:&quot;classic&quot;}\">\n\t\t\t\t\t<div class=\"e-con-inner\">\n\t\t\t\t<div class=\"elementor-element elementor-element-bd443af elementor-widget-mobile__width-initial elementor-widget elementor-widget-heading\" data-id=\"bd443af\" data-element_type=\"widget\" data-e-type=\"widget\" data-widget_type=\"heading.default\">\n\t\t\t\t<div class=\"elementor-widget-container\">\n\t\t\t\t\t<h2 class=\"elementor-heading-title elementor-size-default\">Interakt\u00edvny kv\u00edz<\/h2>\t\t\t\t<\/div>\n\t\t\t\t<\/div>\n\t\t\t\t<div class=\"elementor-element elementor-element-2abb109 elementor-widget__width-initial elementor-widget elementor-widget-text-editor\" data-id=\"2abb109\" data-element_type=\"widget\" data-e-type=\"widget\" data-widget_type=\"text-editor.default\">\n\t\t\t\t<div class=\"elementor-widget-container\">\n\t\t\t\t\t\t\t\t\t<h5>Intelektu\u00e1lna v\u00fdzva<\/h5><p>Zabavte sa a preverte svoje vedomosti a \u0161ikovnos\u0165 pri interakt\u00edvnych \u00faloh\u00e1ch v Online kv\u00edze. Pom\u00f4\u017ee komunik\u00e1cia v t\u00edme, spolupr\u00e1ca, ale aj dobr\u00fd odhad. Pripravili sme pre v\u00e1s mno\u017estvo \u00faloh, na ktor\u00e9 v\u00e1m bude sta\u010di\u0165 v\u00e1\u0161 po\u010d\u00edta\u010d a nieko\u013eko predmetov be\u017ene sa vyskytuj\u00facich v dom\u00e1cnosti \u2013 zauj\u00edmav\u00e9 ot\u00e1zky zameran\u00e9 na vedomosti z r\u00f4znych oborov, \u00falohy na empatiu\/znalos\u0165 svojich kolegov, \u010di interakt\u00edvne \u00falohy. Ot\u00e1zky a \u00falohy vieme prisp\u00f4sobi\u0165 pod\u013ea po\u017eiadaviek jednak tematicky, ale aj \u010di maj\u00fa by\u0165 viac vedomostn\u00e9, z\u00e1bavn\u00e9 alebo interakt\u00edvne.<\/p><p>Pr\u00edklady:<\/p><ul><li><strong>Interakt\u00edvne<\/strong> &#8211; Ako r\u00fdchlo zje \u010dlen v\u00e1\u0161ho t\u00edmu vopred ur\u010den\u00fa dobrotku? Kto ako prv\u00fd zap\u00e1li z\u00e1palku jednou rukou? Ko\u013eko r\u00fak sa spolu zdvihne, ak sa ka\u017ed\u00fd m\u00f4\u017ee rozhodn\u00fa\u0165, \u010di zdvihne 0, 1 \u010di 2?<\/li><li><strong>Vedomostn\u00e9<\/strong> &#8211; spoznajte piese\u0148 a jej autora (70.roky, rock, viano\u010dn\u00e9 a podobne)<\/li><li><strong>\u0160peci\u00e1lne<\/strong> &#8211; kto ako prv\u00fd odhal\u00ed skryt\u00fa inform\u00e1ciu v tajomnom kr\u00e1tkom pr\u00edbehu kv\u00edzmajstra?<\/li><\/ul><p>\u00a0<\/p><ul><li><h4>Game Dynamics: 2\/5<\/h4><\/li><li><h4>Physical Difficulty: 1\/5<\/h4><\/li><li><h4>Intellectual Difficulty: 4\/5<\/h4><\/li><li><h4>2\/5 Spolupr\u00e1ca v t\u00edme<\/h4><\/li><li><h4>4\/5 Komunik\u00e1cia v t\u00edme<\/h4><\/li><\/ul><p>\u00a0<\/p><h5>Price per Player:<\/h5><p>\u20ac14 (excluding VAT) for 60 minutes<br \/>18\u20ac bez dph (90 min)<\/p><h5>Capacity:<\/h5><p>200 players<br \/>(mo\u017enos\u0165 hra\u0165 po t\u00edmoch aj v\u0161etci spolu naraz)<\/p><h5>Characteristics<\/h5><ul><li>intelektu\u00e1lna hra<\/li><li>interakt\u00edvna hra<\/li><li>t\u00e9matick\u00e1 hra<\/li><li>hra na \u0161ikovnos\u0165 a vynaliezavos\u0165<\/li><\/ul><p>\u00a0<\/p><h5>Game Environment:<\/h5><p>Online video chat via Zoom or according to client's preferences<\/p><h5>Game Duration:<\/h5><p>1-2 hodiny<\/p><p>\u00a0<\/p><p><a class=\"calltlacitko\" href=\"\/en\/kontakt\/\">Contact us if you are interested in the game<\/a><\/p><p>\u00a0<\/p>\t\t\t\t\t\t\t\t<\/div>\n\t\t\t\t<\/div>\n\t\t\t\t\t<\/div>\n\t\t\t\t<\/div>\n\t\t\t\t<\/div>","protected":false},"excerpt":{"rendered":"<p>Interakt\u00edvny kv\u00edz Intelektu\u00e1lna v\u00fdzva Zabavte sa a preverte svoje vedomosti a \u0161ikovnos\u0165 pri interakt\u00edvnych \u00faloh\u00e1ch v Online kv\u00edze. Pom\u00f4\u017ee komunik\u00e1cia v t\u00edme, spolupr\u00e1ca, ale aj dobr\u00fd odhad. Pripravili sme pre v\u00e1s mno\u017estvo \u00faloh, na ktor\u00e9 v\u00e1m bude sta\u010di\u0165 v\u00e1\u0161 po\u010d\u00edta\u010d a nieko\u013eko predmetov be\u017ene sa vyskytuj\u00facich v dom\u00e1cnosti \u2013 zauj\u00edmav\u00e9 ot\u00e1zky zameran\u00e9 na vedomosti z&hellip;<\/p>","protected":false},"author":8,"featured_media":0,"parent":25326,"menu_order":0,"comment_status":"closed","ping_status":"closed","template":"","meta":{"footnotes":""},"class_list":["post-25444","page","type-page","status-publish","hentry"],"yoast_head":"<!-- This site is optimized with the Yoast SEO plugin v27.2 - https:\/\/yoast.com\/product\/yoast-seo-wordpress\/ -->\n<title>Interakt\u00edvny kv\u00edz - Bratislava - Zazito.ooo<\/title>\n<meta name=\"robots\" content=\"index, follow, max-snippet:-1, max-image-preview:large, max-video-preview:-1\" \/>\n<link rel=\"canonical\" href=\"https:\/\/www.zazito.ooo\/en\/online-hry\/interaktivny-kviz\/\" \/>\n<meta property=\"og:locale\" content=\"en_US\" \/>\n<meta property=\"og:type\" content=\"article\" \/>\n<meta property=\"og:title\" content=\"Interakt\u00edvny kv\u00edz - Bratislava - Zazito.ooo\" \/>\n<meta property=\"og:description\" content=\"Interakt\u00edvny kv\u00edz Intelektu\u00e1lna v\u00fdzva Zabavte sa a preverte svoje vedomosti a \u0161ikovnos\u0165 pri interakt\u00edvnych \u00faloh\u00e1ch v Online kv\u00edze. Pom\u00f4\u017ee komunik\u00e1cia v t\u00edme, spolupr\u00e1ca, ale aj dobr\u00fd odhad. Pripravili sme pre v\u00e1s mno\u017estvo \u00faloh, na ktor\u00e9 v\u00e1m bude sta\u010di\u0165 v\u00e1\u0161 po\u010d\u00edta\u010d a nieko\u013eko predmetov be\u017ene sa vyskytuj\u00facich v dom\u00e1cnosti \u2013 zauj\u00edmav\u00e9 ot\u00e1zky zameran\u00e9 na vedomosti z&hellip;\" \/>\n<meta property=\"og:url\" content=\"https:\/\/www.zazito.ooo\/en\/online-hry\/interaktivny-kviz\/\" \/>\n<meta property=\"og:site_name\" content=\"Zazito.ooo\" \/>\n<meta property=\"article:publisher\" content=\"https:\/\/www.facebook.com\/zazitooo\/\" \/>\n<meta property=\"article:modified_time\" content=\"2025-04-17T07:48:04+00:00\" \/>\n<meta name=\"twitter:card\" content=\"summary_large_image\" \/>\n<meta name=\"twitter:label1\" content=\"Est. reading time\" \/>\n\t<meta name=\"twitter:data1\" content=\"2 minutes\" \/>\n<script type=\"application\/ld+json\" class=\"yoast-schema-graph\">{\"@context\":\"https:\/\/schema.org\",\"@graph\":[{\"@type\":\"WebPage\",\"@id\":\"https:\/\/www.zazito.ooo\/en\/online-hry\/interaktivny-kviz\/\",\"url\":\"https:\/\/www.zazito.ooo\/en\/online-hry\/interaktivny-kviz\/\",\"name\":\"Interakt\u00edvny kv\u00edz - Bratislava - Zazito.ooo\",\"isPartOf\":{\"@id\":\"https:\/\/www.zazito.ooo\/en\/#website\"},\"datePublished\":\"2021-11-27T23:36:02+00:00\",\"dateModified\":\"2025-04-17T07:48:04+00:00\",\"breadcrumb\":{\"@id\":\"https:\/\/www.zazito.ooo\/en\/online-hry\/interaktivny-kviz\/#breadcrumb\"},\"inLanguage\":\"en-US\",\"potentialAction\":[{\"@type\":\"ReadAction\",\"target\":[\"https:\/\/www.zazito.ooo\/en\/online-hry\/interaktivny-kviz\/\"]}]},{\"@type\":\"BreadcrumbList\",\"@id\":\"https:\/\/www.zazito.ooo\/en\/online-hry\/interaktivny-kviz\/#breadcrumb\",\"itemListElement\":[{\"@type\":\"ListItem\",\"position\":1,\"name\":\"Home\",\"item\":\"https:\/\/www.zazito.ooo\/\"},{\"@type\":\"ListItem\",\"position\":2,\"name\":\"Online HRY &#8211; Online Teambuilding\",\"item\":\"https:\/\/www.zazito.ooo\/online-hry\/\"},{\"@type\":\"ListItem\",\"position\":3,\"name\":\"Interakt\u00edvny kv\u00edz\"}]},{\"@type\":\"WebSite\",\"@id\":\"https:\/\/www.zazito.ooo\/en\/#website\",\"url\":\"https:\/\/www.zazito.ooo\/en\/\",\"name\":\"Zazito.ooo\",\"description\":\"origin\u00e1lne escape games v Bratislave\",\"publisher\":{\"@id\":\"https:\/\/www.zazito.ooo\/en\/#organization\"},\"potentialAction\":[{\"@type\":\"SearchAction\",\"target\":{\"@type\":\"EntryPoint\",\"urlTemplate\":\"https:\/\/www.zazito.ooo\/en\/?s={search_term_string}\"},\"query-input\":{\"@type\":\"PropertyValueSpecification\",\"valueRequired\":true,\"valueName\":\"search_term_string\"}}],\"inLanguage\":\"en-US\"},{\"@type\":\"Organization\",\"@id\":\"https:\/\/www.zazito.ooo\/en\/#organization\",\"name\":\"Zazito, s.r.o.\",\"url\":\"https:\/\/www.zazito.ooo\/en\/\",\"logo\":{\"@type\":\"ImageObject\",\"inLanguage\":\"en-US\",\"@id\":\"https:\/\/www.zazito.ooo\/en\/#\/schema\/logo\/image\/\",\"url\":\"https:\/\/www.zazito.ooo\/wp-content\/uploads\/2019\/08\/zazito_logo.jpg\",\"contentUrl\":\"https:\/\/www.zazito.ooo\/wp-content\/uploads\/2019\/08\/zazito_logo.jpg\",\"width\":1080,\"height\":1080,\"caption\":\"Zazito, s.r.o.\"},\"image\":{\"@id\":\"https:\/\/www.zazito.ooo\/en\/#\/schema\/logo\/image\/\"},\"sameAs\":[\"https:\/\/www.facebook.com\/zazitooo\/\",\"https:\/\/www.instagram.com\/zazito.ooo\/?hl=sk\"]}]}<\/script>\n<!-- \/ Yoast SEO plugin. -->","yoast_head_json":{"title":"Interakt\u00edvny kv\u00edz - Bratislava - Zazito.ooo","robots":{"index":"index","follow":"follow","max-snippet":"max-snippet:-1","max-image-preview":"max-image-preview:large","max-video-preview":"max-video-preview:-1"},"canonical":"https:\/\/www.zazito.ooo\/en\/online-hry\/interaktivny-kviz\/","og_locale":"en_US","og_type":"article","og_title":"Interakt\u00edvny kv\u00edz - Bratislava - Zazito.ooo","og_description":"Interakt\u00edvny kv\u00edz Intelektu\u00e1lna v\u00fdzva Zabavte sa a preverte svoje vedomosti a \u0161ikovnos\u0165 pri interakt\u00edvnych \u00faloh\u00e1ch v Online kv\u00edze. Pom\u00f4\u017ee komunik\u00e1cia v t\u00edme, spolupr\u00e1ca, ale aj dobr\u00fd odhad. Pripravili sme pre v\u00e1s mno\u017estvo \u00faloh, na ktor\u00e9 v\u00e1m bude sta\u010di\u0165 v\u00e1\u0161 po\u010d\u00edta\u010d a nieko\u013eko predmetov be\u017ene sa vyskytuj\u00facich v dom\u00e1cnosti \u2013 zauj\u00edmav\u00e9 ot\u00e1zky zameran\u00e9 na vedomosti z&hellip;","og_url":"https:\/\/www.zazito.ooo\/en\/online-hry\/interaktivny-kviz\/","og_site_name":"Zazito.ooo","article_publisher":"https:\/\/www.facebook.com\/zazitooo\/","article_modified_time":"2025-04-17T07:48:04+00:00","twitter_card":"summary_large_image","twitter_misc":{"Est. reading time":"2 minutes"},"schema":{"@context":"https:\/\/schema.org","@graph":[{"@type":"WebPage","@id":"https:\/\/www.zazito.ooo\/en\/online-hry\/interaktivny-kviz\/","url":"https:\/\/www.zazito.ooo\/en\/online-hry\/interaktivny-kviz\/","name":"Interakt\u00edvny kv\u00edz - Bratislava - Zazito.ooo","isPartOf":{"@id":"https:\/\/www.zazito.ooo\/en\/#website"},"datePublished":"2021-11-27T23:36:02+00:00","dateModified":"2025-04-17T07:48:04+00:00","breadcrumb":{"@id":"https:\/\/www.zazito.ooo\/en\/online-hry\/interaktivny-kviz\/#breadcrumb"},"inLanguage":"en-US","potentialAction":[{"@type":"ReadAction","target":["https:\/\/www.zazito.ooo\/en\/online-hry\/interaktivny-kviz\/"]}]},{"@type":"BreadcrumbList","@id":"https:\/\/www.zazito.ooo\/en\/online-hry\/interaktivny-kviz\/#breadcrumb","itemListElement":[{"@type":"ListItem","position":1,"name":"Home","item":"https:\/\/www.zazito.ooo\/"},{"@type":"ListItem","position":2,"name":"Online HRY &#8211; Online Teambuilding","item":"https:\/\/www.zazito.ooo\/online-hry\/"},{"@type":"ListItem","position":3,"name":"Interakt\u00edvny kv\u00edz"}]},{"@type":"WebSite","@id":"https:\/\/www.zazito.ooo\/en\/#website","url":"https:\/\/www.zazito.ooo\/en\/","name":"Zazito.ooo","description":"origin\u00e1lne escape games v Bratislave","publisher":{"@id":"https:\/\/www.zazito.ooo\/en\/#organization"},"potentialAction":[{"@type":"SearchAction","target":{"@type":"EntryPoint","urlTemplate":"https:\/\/www.zazito.ooo\/en\/?s={search_term_string}"},"query-input":{"@type":"PropertyValueSpecification","valueRequired":true,"valueName":"search_term_string"}}],"inLanguage":"en-US"},{"@type":"Organization","@id":"https:\/\/www.zazito.ooo\/en\/#organization","name":"Zazito, s.r.o.","url":"https:\/\/www.zazito.ooo\/en\/","logo":{"@type":"ImageObject","inLanguage":"en-US","@id":"https:\/\/www.zazito.ooo\/en\/#\/schema\/logo\/image\/","url":"https:\/\/www.zazito.ooo\/wp-content\/uploads\/2019\/08\/zazito_logo.jpg","contentUrl":"https:\/\/www.zazito.ooo\/wp-content\/uploads\/2019\/08\/zazito_logo.jpg","width":1080,"height":1080,"caption":"Zazito, s.r.o."},"image":{"@id":"https:\/\/www.zazito.ooo\/en\/#\/schema\/logo\/image\/"},"sameAs":["https:\/\/www.facebook.com\/zazitooo\/","https:\/\/www.instagram.com\/zazito.ooo\/?hl=sk"]}]}},"_links":{"self":[{"href":"https:\/\/www.zazito.ooo\/en\/wp-json\/wp\/v2\/pages\/25444","targetHints":{"allow":["GET"]}}],"collection":[{"href":"https:\/\/www.zazito.ooo\/en\/wp-json\/wp\/v2\/pages"}],"about":[{"href":"https:\/\/www.zazito.ooo\/en\/wp-json\/wp\/v2\/types\/page"}],"author":[{"embeddable":true,"href":"https:\/\/www.zazito.ooo\/en\/wp-json\/wp\/v2\/users\/8"}],"replies":[{"embeddable":true,"href":"https:\/\/www.zazito.ooo\/en\/wp-json\/wp\/v2\/comments?post=25444"}],"version-history":[{"count":3,"href":"https:\/\/www.zazito.ooo\/en\/wp-json\/wp\/v2\/pages\/25444\/revisions"}],"predecessor-version":[{"id":59972,"href":"https:\/\/www.zazito.ooo\/en\/wp-json\/wp\/v2\/pages\/25444\/revisions\/59972"}],"up":[{"embeddable":true,"href":"https:\/\/www.zazito.ooo\/en\/wp-json\/wp\/v2\/pages\/25326"}],"wp:attachment":[{"href":"https:\/\/www.zazito.ooo\/en\/wp-json\/wp\/v2\/media?parent=25444"}],"curies":[{"name":"wp","href":"https:\/\/api.w.org\/{rel}","templated":true}]}}