{"id":25440,"date":"2021-11-28T00:27:42","date_gmt":"2021-11-27T23:27:42","guid":{"rendered":"https:\/\/www.zazito.ooo\/?page_id=25440"},"modified":"2025-04-17T09:46:04","modified_gmt":"2025-04-17T07:46:04","slug":"online-mystery-dinner","status":"publish","type":"page","link":"https:\/\/www.zazito.ooo\/en\/online-hry\/online-mystery-dinner\/","title":{"rendered":"Online Mystery Dinner"},"content":{"rendered":"<div data-elementor-type=\"wp-page\" data-elementor-id=\"25440\" class=\"elementor elementor-25440\" data-elementor-post-type=\"page\">\n\t\t\t\t<div class=\"elementor-element elementor-element-5910ea2 e-flex e-con-boxed e-con e-parent\" data-id=\"5910ea2\" data-element_type=\"container\" data-e-type=\"container\" data-settings=\"{&quot;background_background&quot;:&quot;classic&quot;}\">\n\t\t\t\t\t<div class=\"e-con-inner\">\n\t\t\t\t<div class=\"elementor-element elementor-element-c9ccd9a elementor-widget-mobile__width-initial elementor-widget elementor-widget-heading\" data-id=\"c9ccd9a\" data-element_type=\"widget\" data-e-type=\"widget\" data-widget_type=\"heading.default\">\n\t\t\t\t<div class=\"elementor-widget-container\">\n\t\t\t\t\t<h2 class=\"elementor-heading-title elementor-size-default\">Online Mystery Dinner<\/h2>\t\t\t\t<\/div>\n\t\t\t\t<\/div>\n\t\t\t\t<div class=\"elementor-element elementor-element-e094b22 elementor-widget__width-initial elementor-widget elementor-widget-text-editor\" data-id=\"e094b22\" data-element_type=\"widget\" data-e-type=\"widget\" data-widget_type=\"text-editor.default\">\n\t\t\t\t<div class=\"elementor-widget-container\">\n\t\t\t\t\t\t\t\t\t<h5>Prepracovan\u00fd pr\u00edbeh a st\u00fdlov\u00e9 rekvizity<\/h5><p>Vzru\u0161uj\u00faca detekt\u00edvna hra pre t\u00edmy 7-13 hr\u00e1\u010dov teraz aj v online forme. Sta\u0148te sa detekt\u00edvom \u010di v\u00e1\u0161nivou here\u010dkou a ok\u00faste atmosf\u00e9ru prvej republiky, pr\u00edpadne up\u00edrom \u010di vlkodlakom v temnej\u0161ej t\u00e9me.<\/p><p>Va\u0161im cie\u013eom je vc\u00edti\u0165 sa do Sherlocka Holmesa \u010di sle\u010dny Marplovej vy\u0161etri\u0165 kuri\u00f3zny zlo\u010din. Ka\u017ed\u00fd hr\u00e1\u010d zohr\u00e1va vlastn\u00fa \u00falohu v pr\u00edbehu, ka\u017ed\u00fd je podozriv\u00fd. Nikto v\u0161ak zo za\u010diatku nevie, kto je vinn\u00fd. Zist\u00edte to postupn\u00fdm spovedan\u00edm ostatn\u00fdch post\u00e1v a sp\u00e1jan\u00edm inform\u00e1cii. Vyu\u017eijete pri tom najm\u00e4 sp\u00e1janie logick\u00fdch s\u00favislost\u00ed, kreativitu a komunika\u010dn\u00e9 zru\u010dnosti. Ak sa navy\u0161e naozaj v\u017eijete do svojich post\u00e1v, z\u00e1bavu m\u00e1te zaru\u010den\u00fa. Ka\u017ed\u00fd z nich hr\u00e1 za jednu postavu, ku ktorej dostane sadu kr\u00e1snych tematick\u00fdch rekviz\u00edt a stru\u010dn\u00fd popis inform\u00e1cii. Hra je veden\u00e1 sk\u00fasen\u00fdm gamemasterom. Komu sa podar\u00ed odhali\u0165 p\u00e1chate\u013ea a zisti\u0165, \u010do sa presne stalo?<\/p><ul><li><h4>Game Dynamics: 2\/5<\/h4><\/li><li><h4>0\/5 Fyzick\u00e1 n\u00e1ro\u010dnos\u0165<\/h4><\/li><li><h4>3\/5 Intelektu\u00e1lna n\u00e1ro\u010dnos\u0165<\/h4><\/li><li><h4>Team Collaboration: 3\/5<\/h4><\/li><li><h4>5\/5 Komunik\u00e1cia v t\u00edme<\/h4><\/li><\/ul><p>\u00a0<\/p><h5>Price per Player:<\/h5><p>14\u20ac bez dph (120 min\u00fat)<\/p><h5>T\u00e9my hry:<\/h5><p>Vra\u017eda u Ba\u0165u a Noc D\u00e9monov.<\/p><p>V oboch hr\u00e1ch sa vy\u0161etruje zlo\u010din, kto z pr\u00edtomn\u00fdch mohol ma\u0165 mot\u00edv? V\u017eite sa na do zauj\u00edmav\u00fdch post\u00e1v a zabudnite na chv\u00ed\u013eu na probl\u00e9my.<\/p><h5>Capacity:<\/h5><p>max. 150 hr\u00e1\u010dov<br \/>(7-13 hr\u00e1\u010dov v 12 hern\u00fdch t\u00edmoch)<\/p><h5>Characteristics<\/h5><ul><li>detekt\u00edvna hra<\/li><li>roleplay hra<\/li><\/ul><p>\u00a0<\/p><h5>Game Environment:<\/h5><p>Online video chat via Zoom or according to client's preferences<\/p><h5>Game Duration:<\/h5><p>2-3 hodiny<br \/>(v z\u00e1vislosti od skupiny a prest\u00e1vok)<\/p><p>\u00a0<\/p><p><a class=\"calltlacitko\" href=\"\/en\/kontakt\/\">Contact us if you are interested in the game<\/a><\/p><p>\u00a0<\/p>\t\t\t\t\t\t\t\t<\/div>\n\t\t\t\t<\/div>\n\t\t\t\t\t<\/div>\n\t\t\t\t<\/div>\n\t\t\t\t<\/div>","protected":false},"excerpt":{"rendered":"<p>Online Mystery Dinner Prepracovan\u00fd pr\u00edbeh a st\u00fdlov\u00e9 rekvizity Vzru\u0161uj\u00faca detekt\u00edvna hra pre t\u00edmy 7-13 hr\u00e1\u010dov teraz aj v online forme. Sta\u0148te sa detekt\u00edvom \u010di v\u00e1\u0161nivou here\u010dkou a ok\u00faste atmosf\u00e9ru prvej republiky, pr\u00edpadne up\u00edrom \u010di vlkodlakom v temnej\u0161ej t\u00e9me. Va\u0161im cie\u013eom je vc\u00edti\u0165 sa do Sherlocka Holmesa \u010di sle\u010dny Marplovej vy\u0161etri\u0165 kuri\u00f3zny zlo\u010din. Ka\u017ed\u00fd hr\u00e1\u010d zohr\u00e1va&hellip;<\/p>","protected":false},"author":8,"featured_media":0,"parent":25326,"menu_order":0,"comment_status":"closed","ping_status":"closed","template":"","meta":{"footnotes":""},"class_list":["post-25440","page","type-page","status-publish","hentry"],"yoast_head":"<!-- This site is optimized with the Yoast SEO plugin v27.2 - https:\/\/yoast.com\/product\/yoast-seo-wordpress\/ -->\n<title>Online Mystery Dinner - Bratislava - Zazito.ooo<\/title>\n<meta name=\"robots\" content=\"index, follow, max-snippet:-1, max-image-preview:large, max-video-preview:-1\" \/>\n<link rel=\"canonical\" href=\"https:\/\/www.zazito.ooo\/en\/online-hry\/online-mystery-dinner\/\" \/>\n<meta property=\"og:locale\" content=\"en_US\" \/>\n<meta property=\"og:type\" content=\"article\" \/>\n<meta property=\"og:title\" content=\"Online Mystery Dinner - Bratislava - Zazito.ooo\" \/>\n<meta property=\"og:description\" content=\"Online Mystery Dinner Prepracovan\u00fd pr\u00edbeh a st\u00fdlov\u00e9 rekvizity Vzru\u0161uj\u00faca detekt\u00edvna hra pre t\u00edmy 7-13 hr\u00e1\u010dov teraz aj v online forme. Sta\u0148te sa detekt\u00edvom \u010di v\u00e1\u0161nivou here\u010dkou a ok\u00faste atmosf\u00e9ru prvej republiky, pr\u00edpadne up\u00edrom \u010di vlkodlakom v temnej\u0161ej t\u00e9me. Va\u0161im cie\u013eom je vc\u00edti\u0165 sa do Sherlocka Holmesa \u010di sle\u010dny Marplovej vy\u0161etri\u0165 kuri\u00f3zny zlo\u010din. Ka\u017ed\u00fd hr\u00e1\u010d zohr\u00e1va&hellip;\" \/>\n<meta property=\"og:url\" content=\"https:\/\/www.zazito.ooo\/en\/online-hry\/online-mystery-dinner\/\" \/>\n<meta property=\"og:site_name\" content=\"Zazito.ooo\" \/>\n<meta property=\"article:publisher\" content=\"https:\/\/www.facebook.com\/zazitooo\/\" \/>\n<meta property=\"article:modified_time\" content=\"2025-04-17T07:46:04+00:00\" \/>\n<meta name=\"twitter:card\" content=\"summary_large_image\" \/>\n<meta name=\"twitter:label1\" content=\"Est. reading time\" \/>\n\t<meta name=\"twitter:data1\" content=\"2 minutes\" \/>\n<script type=\"application\/ld+json\" class=\"yoast-schema-graph\">{\"@context\":\"https:\/\/schema.org\",\"@graph\":[{\"@type\":\"WebPage\",\"@id\":\"https:\/\/www.zazito.ooo\/en\/online-hry\/online-mystery-dinner\/\",\"url\":\"https:\/\/www.zazito.ooo\/en\/online-hry\/online-mystery-dinner\/\",\"name\":\"Online Mystery Dinner - Bratislava - Zazito.ooo\",\"isPartOf\":{\"@id\":\"https:\/\/www.zazito.ooo\/en\/#website\"},\"datePublished\":\"2021-11-27T23:27:42+00:00\",\"dateModified\":\"2025-04-17T07:46:04+00:00\",\"breadcrumb\":{\"@id\":\"https:\/\/www.zazito.ooo\/en\/online-hry\/online-mystery-dinner\/#breadcrumb\"},\"inLanguage\":\"en-US\",\"potentialAction\":[{\"@type\":\"ReadAction\",\"target\":[\"https:\/\/www.zazito.ooo\/en\/online-hry\/online-mystery-dinner\/\"]}]},{\"@type\":\"BreadcrumbList\",\"@id\":\"https:\/\/www.zazito.ooo\/en\/online-hry\/online-mystery-dinner\/#breadcrumb\",\"itemListElement\":[{\"@type\":\"ListItem\",\"position\":1,\"name\":\"Home\",\"item\":\"https:\/\/www.zazito.ooo\/\"},{\"@type\":\"ListItem\",\"position\":2,\"name\":\"Online HRY &#8211; Online Teambuilding\",\"item\":\"https:\/\/www.zazito.ooo\/online-hry\/\"},{\"@type\":\"ListItem\",\"position\":3,\"name\":\"Online Mystery Dinner\"}]},{\"@type\":\"WebSite\",\"@id\":\"https:\/\/www.zazito.ooo\/en\/#website\",\"url\":\"https:\/\/www.zazito.ooo\/en\/\",\"name\":\"Zazito.ooo\",\"description\":\"origin\u00e1lne escape games v Bratislave\",\"publisher\":{\"@id\":\"https:\/\/www.zazito.ooo\/en\/#organization\"},\"potentialAction\":[{\"@type\":\"SearchAction\",\"target\":{\"@type\":\"EntryPoint\",\"urlTemplate\":\"https:\/\/www.zazito.ooo\/en\/?s={search_term_string}\"},\"query-input\":{\"@type\":\"PropertyValueSpecification\",\"valueRequired\":true,\"valueName\":\"search_term_string\"}}],\"inLanguage\":\"en-US\"},{\"@type\":\"Organization\",\"@id\":\"https:\/\/www.zazito.ooo\/en\/#organization\",\"name\":\"Zazito, s.r.o.\",\"url\":\"https:\/\/www.zazito.ooo\/en\/\",\"logo\":{\"@type\":\"ImageObject\",\"inLanguage\":\"en-US\",\"@id\":\"https:\/\/www.zazito.ooo\/en\/#\/schema\/logo\/image\/\",\"url\":\"https:\/\/www.zazito.ooo\/wp-content\/uploads\/2019\/08\/zazito_logo.jpg\",\"contentUrl\":\"https:\/\/www.zazito.ooo\/wp-content\/uploads\/2019\/08\/zazito_logo.jpg\",\"width\":1080,\"height\":1080,\"caption\":\"Zazito, s.r.o.\"},\"image\":{\"@id\":\"https:\/\/www.zazito.ooo\/en\/#\/schema\/logo\/image\/\"},\"sameAs\":[\"https:\/\/www.facebook.com\/zazitooo\/\",\"https:\/\/www.instagram.com\/zazito.ooo\/?hl=sk\"]}]}<\/script>\n<!-- \/ Yoast SEO plugin. -->","yoast_head_json":{"title":"Online Mystery Dinner - Bratislava - Zazito.ooo","robots":{"index":"index","follow":"follow","max-snippet":"max-snippet:-1","max-image-preview":"max-image-preview:large","max-video-preview":"max-video-preview:-1"},"canonical":"https:\/\/www.zazito.ooo\/en\/online-hry\/online-mystery-dinner\/","og_locale":"en_US","og_type":"article","og_title":"Online Mystery Dinner - Bratislava - Zazito.ooo","og_description":"Online Mystery Dinner Prepracovan\u00fd pr\u00edbeh a st\u00fdlov\u00e9 rekvizity Vzru\u0161uj\u00faca detekt\u00edvna hra pre t\u00edmy 7-13 hr\u00e1\u010dov teraz aj v online forme. Sta\u0148te sa detekt\u00edvom \u010di v\u00e1\u0161nivou here\u010dkou a ok\u00faste atmosf\u00e9ru prvej republiky, pr\u00edpadne up\u00edrom \u010di vlkodlakom v temnej\u0161ej t\u00e9me. Va\u0161im cie\u013eom je vc\u00edti\u0165 sa do Sherlocka Holmesa \u010di sle\u010dny Marplovej vy\u0161etri\u0165 kuri\u00f3zny zlo\u010din. Ka\u017ed\u00fd hr\u00e1\u010d zohr\u00e1va&hellip;","og_url":"https:\/\/www.zazito.ooo\/en\/online-hry\/online-mystery-dinner\/","og_site_name":"Zazito.ooo","article_publisher":"https:\/\/www.facebook.com\/zazitooo\/","article_modified_time":"2025-04-17T07:46:04+00:00","twitter_card":"summary_large_image","twitter_misc":{"Est. reading time":"2 minutes"},"schema":{"@context":"https:\/\/schema.org","@graph":[{"@type":"WebPage","@id":"https:\/\/www.zazito.ooo\/en\/online-hry\/online-mystery-dinner\/","url":"https:\/\/www.zazito.ooo\/en\/online-hry\/online-mystery-dinner\/","name":"Online Mystery Dinner - Bratislava - Zazito.ooo","isPartOf":{"@id":"https:\/\/www.zazito.ooo\/en\/#website"},"datePublished":"2021-11-27T23:27:42+00:00","dateModified":"2025-04-17T07:46:04+00:00","breadcrumb":{"@id":"https:\/\/www.zazito.ooo\/en\/online-hry\/online-mystery-dinner\/#breadcrumb"},"inLanguage":"en-US","potentialAction":[{"@type":"ReadAction","target":["https:\/\/www.zazito.ooo\/en\/online-hry\/online-mystery-dinner\/"]}]},{"@type":"BreadcrumbList","@id":"https:\/\/www.zazito.ooo\/en\/online-hry\/online-mystery-dinner\/#breadcrumb","itemListElement":[{"@type":"ListItem","position":1,"name":"Home","item":"https:\/\/www.zazito.ooo\/"},{"@type":"ListItem","position":2,"name":"Online HRY &#8211; Online Teambuilding","item":"https:\/\/www.zazito.ooo\/online-hry\/"},{"@type":"ListItem","position":3,"name":"Online Mystery Dinner"}]},{"@type":"WebSite","@id":"https:\/\/www.zazito.ooo\/en\/#website","url":"https:\/\/www.zazito.ooo\/en\/","name":"Zazito.ooo","description":"origin\u00e1lne escape games v Bratislave","publisher":{"@id":"https:\/\/www.zazito.ooo\/en\/#organization"},"potentialAction":[{"@type":"SearchAction","target":{"@type":"EntryPoint","urlTemplate":"https:\/\/www.zazito.ooo\/en\/?s={search_term_string}"},"query-input":{"@type":"PropertyValueSpecification","valueRequired":true,"valueName":"search_term_string"}}],"inLanguage":"en-US"},{"@type":"Organization","@id":"https:\/\/www.zazito.ooo\/en\/#organization","name":"Zazito, s.r.o.","url":"https:\/\/www.zazito.ooo\/en\/","logo":{"@type":"ImageObject","inLanguage":"en-US","@id":"https:\/\/www.zazito.ooo\/en\/#\/schema\/logo\/image\/","url":"https:\/\/www.zazito.ooo\/wp-content\/uploads\/2019\/08\/zazito_logo.jpg","contentUrl":"https:\/\/www.zazito.ooo\/wp-content\/uploads\/2019\/08\/zazito_logo.jpg","width":1080,"height":1080,"caption":"Zazito, s.r.o."},"image":{"@id":"https:\/\/www.zazito.ooo\/en\/#\/schema\/logo\/image\/"},"sameAs":["https:\/\/www.facebook.com\/zazitooo\/","https:\/\/www.instagram.com\/zazito.ooo\/?hl=sk"]}]}},"_links":{"self":[{"href":"https:\/\/www.zazito.ooo\/en\/wp-json\/wp\/v2\/pages\/25440","targetHints":{"allow":["GET"]}}],"collection":[{"href":"https:\/\/www.zazito.ooo\/en\/wp-json\/wp\/v2\/pages"}],"about":[{"href":"https:\/\/www.zazito.ooo\/en\/wp-json\/wp\/v2\/types\/page"}],"author":[{"embeddable":true,"href":"https:\/\/www.zazito.ooo\/en\/wp-json\/wp\/v2\/users\/8"}],"replies":[{"embeddable":true,"href":"https:\/\/www.zazito.ooo\/en\/wp-json\/wp\/v2\/comments?post=25440"}],"version-history":[{"count":3,"href":"https:\/\/www.zazito.ooo\/en\/wp-json\/wp\/v2\/pages\/25440\/revisions"}],"predecessor-version":[{"id":59969,"href":"https:\/\/www.zazito.ooo\/en\/wp-json\/wp\/v2\/pages\/25440\/revisions\/59969"}],"up":[{"embeddable":true,"href":"https:\/\/www.zazito.ooo\/en\/wp-json\/wp\/v2\/pages\/25326"}],"wp:attachment":[{"href":"https:\/\/www.zazito.ooo\/en\/wp-json\/wp\/v2\/media?parent=25440"}],"curies":[{"name":"wp","href":"https:\/\/api.w.org\/{rel}","templated":true}]}}