{"id":25404,"date":"2021-11-27T23:58:55","date_gmt":"2021-11-27T22:58:55","guid":{"rendered":"https:\/\/www.zazito.ooo\/?page_id=25404"},"modified":"2025-04-17T09:44:39","modified_gmt":"2025-04-17T07:44:39","slug":"virtual-treasure-hunt","status":"publish","type":"page","link":"https:\/\/www.zazito.ooo\/en\/online-hry\/virtual-treasure-hunt\/","title":{"rendered":"Virtual Treasure Hunt"},"content":{"rendered":"<div data-elementor-type=\"wp-page\" data-elementor-id=\"25404\" class=\"elementor elementor-25404\" data-elementor-post-type=\"page\">\n\t\t\t\t<div class=\"elementor-element elementor-element-6788941 e-flex e-con-boxed e-con e-parent\" data-id=\"6788941\" data-element_type=\"container\" data-e-type=\"container\" data-settings=\"{&quot;background_background&quot;:&quot;classic&quot;}\">\n\t\t\t\t\t<div class=\"e-con-inner\">\n\t\t\t\t<div class=\"elementor-element elementor-element-9cf2fba elementor-widget-mobile__width-initial elementor-widget elementor-widget-heading\" data-id=\"9cf2fba\" data-element_type=\"widget\" data-e-type=\"widget\" data-widget_type=\"heading.default\">\n\t\t\t\t<div class=\"elementor-widget-container\">\n\t\t\t\t\t<h2 class=\"elementor-heading-title elementor-size-default\">Virtual Treasure Hunt<\/h2>\t\t\t\t<\/div>\n\t\t\t\t<\/div>\n\t\t\t\t<div class=\"elementor-element elementor-element-7d06941 elementor-widget__width-initial elementor-widget elementor-widget-text-editor\" data-id=\"7d06941\" data-element_type=\"widget\" data-e-type=\"widget\" data-widget_type=\"text-editor.default\">\n\t\t\t\t<div class=\"elementor-widget-container\">\n\t\t\t\t\t\t\t\t\t<h5>ENCRYPTED PATH TO THE TREASURE<\/h5><p>A team-based online game that fosters imagination, logical thinking, and effective brainstorming. During the game, you'll solve logical puzzles and secret clues that gradually reveal the location of the treasure on a map and how to obtain it. It involves intriguing brain teasers and captivating challenges that don't require special knowledge or experience, just a desire to explore, teamwork, and a pinch of creative thinking.<\/p><p>Virtual Treasure Hunt is ideal if you have colleagues with a positive attitude toward logical tasks, who enjoy a bit of head-scratching and relish the joy of finding solutions. Some general knowledge may come in handy, as it's occasionally used in the tasks. The next cryptic explanation is probably a nice puzzle with a touch according to your preferences. The solutions you obtain from the tasks will be used as clues and associations that will lead you to the treasure.<\/p><ul><li><h4>Game Dynamics: 2\/5<\/h4><\/li><li><h4>Physical Difficulty: 1\/5<\/h4><\/li><li><h4>Intellectual Difficulty: 4\/5<\/h4><\/li><li><h4>Team Collaboration: 3\/5<\/h4><\/li><li><h4>Team Communication: 3\/5<\/h4><\/li><\/ul><h5>Price per Player:<\/h5><p>\u20ac16 (excluding VAT) for up to 120 minutes<\/p><h5>Capacity:<\/h5><p>200 players<br \/>(played in teams of approximately 5-8 players)<\/p><h5>Characteristics<\/h5><ul><li>Cipher game<\/li><li>Logical game<\/li><\/ul><h5>Game Environment:<\/h5><p>Online video chat via Zoom or according to client's preferences<\/p><h5>Game Duration:<\/h5><p>Approximately two hours<br \/>(depends on the skill of the specific group)<\/p><p><a class=\"calltlacitko\" href=\"\/en\/kontakt\/\">Contact us if you are interested in the game<\/a><\/p>\t\t\t\t\t\t\t\t<\/div>\n\t\t\t\t<\/div>\n\t\t\t\t\t<\/div>\n\t\t\t\t<\/div>\n\t\t\t\t<\/div>","protected":false},"excerpt":{"rendered":"<p>Virtual Treasure Hunt Za\u0161ifrovan\u00e1 cesta k pokladu T\u00edmov\u00e1 online hra, ktor\u00e1 rozv\u00edja predstavivos\u0165, logick\u00e9 myslenie a efekt\u00edvny brainstorming. Po\u010das hry rie\u0161ite logick\u00e9 \u00falohy a tajn\u00e9 odkazy, ktor\u00e9 v\u00e1m postupne odha\u013euj\u00fa, kde na mape sa nach\u00e1dza poklad a ako ho z\u00edska\u0165. Ide o zauj\u00edmav\u00e9 hlavolamy, p\u00fatav\u00e9 \u00falohy, ktor\u00e9 nevy\u017eaduj\u00fa \u0161peci\u00e1lne znalosti ani sk\u00fasenosti, len chu\u0165 objavova\u0165,&hellip;<\/p>","protected":false},"author":8,"featured_media":0,"parent":25326,"menu_order":0,"comment_status":"closed","ping_status":"closed","template":"","meta":{"footnotes":""},"class_list":["post-25404","page","type-page","status-publish","hentry"],"yoast_head":"<!-- This site is optimized with the Yoast SEO plugin v27.2 - https:\/\/yoast.com\/product\/yoast-seo-wordpress\/ -->\n<title>Virtual Treasure Hunt - Bratislava - Zazito.ooo<\/title>\n<meta name=\"robots\" content=\"index, follow, max-snippet:-1, max-image-preview:large, max-video-preview:-1\" \/>\n<link rel=\"canonical\" href=\"https:\/\/www.zazito.ooo\/en\/online-hry\/virtual-treasure-hunt\/\" \/>\n<meta property=\"og:locale\" content=\"en_US\" \/>\n<meta property=\"og:type\" content=\"article\" \/>\n<meta property=\"og:title\" content=\"Virtual Treasure Hunt - Bratislava - Zazito.ooo\" \/>\n<meta property=\"og:description\" content=\"Virtual Treasure Hunt Za\u0161ifrovan\u00e1 cesta k pokladu T\u00edmov\u00e1 online hra, ktor\u00e1 rozv\u00edja predstavivos\u0165, logick\u00e9 myslenie a efekt\u00edvny brainstorming. Po\u010das hry rie\u0161ite logick\u00e9 \u00falohy a tajn\u00e9 odkazy, ktor\u00e9 v\u00e1m postupne odha\u013euj\u00fa, kde na mape sa nach\u00e1dza poklad a ako ho z\u00edska\u0165. Ide o zauj\u00edmav\u00e9 hlavolamy, p\u00fatav\u00e9 \u00falohy, ktor\u00e9 nevy\u017eaduj\u00fa \u0161peci\u00e1lne znalosti ani sk\u00fasenosti, len chu\u0165 objavova\u0165,&hellip;\" \/>\n<meta property=\"og:url\" content=\"https:\/\/www.zazito.ooo\/en\/online-hry\/virtual-treasure-hunt\/\" \/>\n<meta property=\"og:site_name\" content=\"Zazito.ooo\" \/>\n<meta property=\"article:publisher\" content=\"https:\/\/www.facebook.com\/zazitooo\/\" \/>\n<meta property=\"article:modified_time\" content=\"2025-04-17T07:44:39+00:00\" \/>\n<meta name=\"twitter:card\" content=\"summary_large_image\" \/>\n<meta name=\"twitter:label1\" content=\"Est. reading time\" \/>\n\t<meta name=\"twitter:data1\" content=\"2 minutes\" \/>\n<script type=\"application\/ld+json\" class=\"yoast-schema-graph\">{\"@context\":\"https:\/\/schema.org\",\"@graph\":[{\"@type\":\"WebPage\",\"@id\":\"https:\/\/www.zazito.ooo\/en\/online-hry\/virtual-treasure-hunt\/\",\"url\":\"https:\/\/www.zazito.ooo\/en\/online-hry\/virtual-treasure-hunt\/\",\"name\":\"Virtual Treasure Hunt - Bratislava - Zazito.ooo\",\"isPartOf\":{\"@id\":\"https:\/\/www.zazito.ooo\/en\/#website\"},\"datePublished\":\"2021-11-27T22:58:55+00:00\",\"dateModified\":\"2025-04-17T07:44:39+00:00\",\"breadcrumb\":{\"@id\":\"https:\/\/www.zazito.ooo\/en\/online-hry\/virtual-treasure-hunt\/#breadcrumb\"},\"inLanguage\":\"en-US\",\"potentialAction\":[{\"@type\":\"ReadAction\",\"target\":[\"https:\/\/www.zazito.ooo\/en\/online-hry\/virtual-treasure-hunt\/\"]}]},{\"@type\":\"BreadcrumbList\",\"@id\":\"https:\/\/www.zazito.ooo\/en\/online-hry\/virtual-treasure-hunt\/#breadcrumb\",\"itemListElement\":[{\"@type\":\"ListItem\",\"position\":1,\"name\":\"Home\",\"item\":\"https:\/\/www.zazito.ooo\/\"},{\"@type\":\"ListItem\",\"position\":2,\"name\":\"Online HRY &#8211; Online Teambuilding\",\"item\":\"https:\/\/www.zazito.ooo\/online-hry\/\"},{\"@type\":\"ListItem\",\"position\":3,\"name\":\"Virtual Treasure Hunt\"}]},{\"@type\":\"WebSite\",\"@id\":\"https:\/\/www.zazito.ooo\/en\/#website\",\"url\":\"https:\/\/www.zazito.ooo\/en\/\",\"name\":\"Zazito.ooo\",\"description\":\"origin\u00e1lne escape games v Bratislave\",\"publisher\":{\"@id\":\"https:\/\/www.zazito.ooo\/en\/#organization\"},\"potentialAction\":[{\"@type\":\"SearchAction\",\"target\":{\"@type\":\"EntryPoint\",\"urlTemplate\":\"https:\/\/www.zazito.ooo\/en\/?s={search_term_string}\"},\"query-input\":{\"@type\":\"PropertyValueSpecification\",\"valueRequired\":true,\"valueName\":\"search_term_string\"}}],\"inLanguage\":\"en-US\"},{\"@type\":\"Organization\",\"@id\":\"https:\/\/www.zazito.ooo\/en\/#organization\",\"name\":\"Zazito, s.r.o.\",\"url\":\"https:\/\/www.zazito.ooo\/en\/\",\"logo\":{\"@type\":\"ImageObject\",\"inLanguage\":\"en-US\",\"@id\":\"https:\/\/www.zazito.ooo\/en\/#\/schema\/logo\/image\/\",\"url\":\"https:\/\/www.zazito.ooo\/wp-content\/uploads\/2019\/08\/zazito_logo.jpg\",\"contentUrl\":\"https:\/\/www.zazito.ooo\/wp-content\/uploads\/2019\/08\/zazito_logo.jpg\",\"width\":1080,\"height\":1080,\"caption\":\"Zazito, s.r.o.\"},\"image\":{\"@id\":\"https:\/\/www.zazito.ooo\/en\/#\/schema\/logo\/image\/\"},\"sameAs\":[\"https:\/\/www.facebook.com\/zazitooo\/\",\"https:\/\/www.instagram.com\/zazito.ooo\/?hl=sk\"]}]}<\/script>\n<!-- \/ Yoast SEO plugin. -->","yoast_head_json":{"title":"Virtual Treasure Hunt - Bratislava - Zazito.ooo","robots":{"index":"index","follow":"follow","max-snippet":"max-snippet:-1","max-image-preview":"max-image-preview:large","max-video-preview":"max-video-preview:-1"},"canonical":"https:\/\/www.zazito.ooo\/en\/online-hry\/virtual-treasure-hunt\/","og_locale":"en_US","og_type":"article","og_title":"Virtual Treasure Hunt - Bratislava - Zazito.ooo","og_description":"Virtual Treasure Hunt Za\u0161ifrovan\u00e1 cesta k pokladu T\u00edmov\u00e1 online hra, ktor\u00e1 rozv\u00edja predstavivos\u0165, logick\u00e9 myslenie a efekt\u00edvny brainstorming. Po\u010das hry rie\u0161ite logick\u00e9 \u00falohy a tajn\u00e9 odkazy, ktor\u00e9 v\u00e1m postupne odha\u013euj\u00fa, kde na mape sa nach\u00e1dza poklad a ako ho z\u00edska\u0165. Ide o zauj\u00edmav\u00e9 hlavolamy, p\u00fatav\u00e9 \u00falohy, ktor\u00e9 nevy\u017eaduj\u00fa \u0161peci\u00e1lne znalosti ani sk\u00fasenosti, len chu\u0165 objavova\u0165,&hellip;","og_url":"https:\/\/www.zazito.ooo\/en\/online-hry\/virtual-treasure-hunt\/","og_site_name":"Zazito.ooo","article_publisher":"https:\/\/www.facebook.com\/zazitooo\/","article_modified_time":"2025-04-17T07:44:39+00:00","twitter_card":"summary_large_image","twitter_misc":{"Est. reading time":"2 minutes"},"schema":{"@context":"https:\/\/schema.org","@graph":[{"@type":"WebPage","@id":"https:\/\/www.zazito.ooo\/en\/online-hry\/virtual-treasure-hunt\/","url":"https:\/\/www.zazito.ooo\/en\/online-hry\/virtual-treasure-hunt\/","name":"Virtual Treasure Hunt - Bratislava - Zazito.ooo","isPartOf":{"@id":"https:\/\/www.zazito.ooo\/en\/#website"},"datePublished":"2021-11-27T22:58:55+00:00","dateModified":"2025-04-17T07:44:39+00:00","breadcrumb":{"@id":"https:\/\/www.zazito.ooo\/en\/online-hry\/virtual-treasure-hunt\/#breadcrumb"},"inLanguage":"en-US","potentialAction":[{"@type":"ReadAction","target":["https:\/\/www.zazito.ooo\/en\/online-hry\/virtual-treasure-hunt\/"]}]},{"@type":"BreadcrumbList","@id":"https:\/\/www.zazito.ooo\/en\/online-hry\/virtual-treasure-hunt\/#breadcrumb","itemListElement":[{"@type":"ListItem","position":1,"name":"Home","item":"https:\/\/www.zazito.ooo\/"},{"@type":"ListItem","position":2,"name":"Online HRY &#8211; Online Teambuilding","item":"https:\/\/www.zazito.ooo\/online-hry\/"},{"@type":"ListItem","position":3,"name":"Virtual Treasure Hunt"}]},{"@type":"WebSite","@id":"https:\/\/www.zazito.ooo\/en\/#website","url":"https:\/\/www.zazito.ooo\/en\/","name":"Zazito.ooo","description":"origin\u00e1lne escape games v Bratislave","publisher":{"@id":"https:\/\/www.zazito.ooo\/en\/#organization"},"potentialAction":[{"@type":"SearchAction","target":{"@type":"EntryPoint","urlTemplate":"https:\/\/www.zazito.ooo\/en\/?s={search_term_string}"},"query-input":{"@type":"PropertyValueSpecification","valueRequired":true,"valueName":"search_term_string"}}],"inLanguage":"en-US"},{"@type":"Organization","@id":"https:\/\/www.zazito.ooo\/en\/#organization","name":"Zazito, s.r.o.","url":"https:\/\/www.zazito.ooo\/en\/","logo":{"@type":"ImageObject","inLanguage":"en-US","@id":"https:\/\/www.zazito.ooo\/en\/#\/schema\/logo\/image\/","url":"https:\/\/www.zazito.ooo\/wp-content\/uploads\/2019\/08\/zazito_logo.jpg","contentUrl":"https:\/\/www.zazito.ooo\/wp-content\/uploads\/2019\/08\/zazito_logo.jpg","width":1080,"height":1080,"caption":"Zazito, s.r.o."},"image":{"@id":"https:\/\/www.zazito.ooo\/en\/#\/schema\/logo\/image\/"},"sameAs":["https:\/\/www.facebook.com\/zazitooo\/","https:\/\/www.instagram.com\/zazito.ooo\/?hl=sk"]}]}},"_links":{"self":[{"href":"https:\/\/www.zazito.ooo\/en\/wp-json\/wp\/v2\/pages\/25404","targetHints":{"allow":["GET"]}}],"collection":[{"href":"https:\/\/www.zazito.ooo\/en\/wp-json\/wp\/v2\/pages"}],"about":[{"href":"https:\/\/www.zazito.ooo\/en\/wp-json\/wp\/v2\/types\/page"}],"author":[{"embeddable":true,"href":"https:\/\/www.zazito.ooo\/en\/wp-json\/wp\/v2\/users\/8"}],"replies":[{"embeddable":true,"href":"https:\/\/www.zazito.ooo\/en\/wp-json\/wp\/v2\/comments?post=25404"}],"version-history":[{"count":9,"href":"https:\/\/www.zazito.ooo\/en\/wp-json\/wp\/v2\/pages\/25404\/revisions"}],"predecessor-version":[{"id":59966,"href":"https:\/\/www.zazito.ooo\/en\/wp-json\/wp\/v2\/pages\/25404\/revisions\/59966"}],"up":[{"embeddable":true,"href":"https:\/\/www.zazito.ooo\/en\/wp-json\/wp\/v2\/pages\/25326"}],"wp:attachment":[{"href":"https:\/\/www.zazito.ooo\/en\/wp-json\/wp\/v2\/media?parent=25404"}],"curies":[{"name":"wp","href":"https:\/\/api.w.org\/{rel}","templated":true}]}}