{"id":25326,"date":"2021-11-26T16:15:44","date_gmt":"2021-11-26T15:15:44","guid":{"rendered":"https:\/\/www.zazito.ooo\/?page_id=25326"},"modified":"2025-04-17T09:40:23","modified_gmt":"2025-04-17T07:40:23","slug":"online-hry","status":"publish","type":"page","link":"https:\/\/www.zazito.ooo\/en\/online-hry\/","title":{"rendered":"Online HRY  &#8211; Online Teambuilding"},"content":{"rendered":"<div data-elementor-type=\"wp-page\" data-elementor-id=\"25326\" class=\"elementor elementor-25326\" data-elementor-post-type=\"page\">\n\t\t\t\t<div class=\"elementor-element elementor-element-961d119 e-flex e-con-boxed e-con e-parent\" data-id=\"961d119\" data-element_type=\"container\" data-e-type=\"container\" data-settings=\"{&quot;background_background&quot;:&quot;classic&quot;,&quot;shape_divider_bottom&quot;:&quot;pyramids&quot;}\">\n\t\t\t\t\t<div class=\"e-con-inner\">\n\t\t\t\t<div class=\"elementor-shape elementor-shape-bottom\" aria-hidden=\"true\" data-negative=\"false\">\n\t\t\t<svg xmlns=\"http:\/\/www.w3.org\/2000\/svg\" viewbox=\"0 0 1000 100\" preserveaspectratio=\"none\">\n\t<path class=\"elementor-shape-fill\" d=\"M761.9,44.1L643.1,27.2L333.8,98L0,3.8V0l1000,0v3.9\"\/>\n<\/svg>\t\t<\/div>\n\t\t\t\t<div class=\"elementor-element elementor-element-4aa7ca4 elementor-widget-mobile__width-initial elementor-widget elementor-widget-heading\" data-id=\"4aa7ca4\" data-element_type=\"widget\" data-e-type=\"widget\" data-widget_type=\"heading.default\">\n\t\t\t\t<div class=\"elementor-widget-container\">\n\t\t\t\t\t<h2 class=\"elementor-heading-title elementor-size-default\">Online games<\/h2>\t\t\t\t<\/div>\n\t\t\t\t<\/div>\n\t\t<div class=\"elementor-element elementor-element-17ccb7b e-grid e-con-full e-con e-child\" data-id=\"17ccb7b\" data-element_type=\"container\" data-e-type=\"container\">\n\t\t<div class=\"elementor-element elementor-element-56b54cd e-con-full e-flex e-con e-child\" data-id=\"56b54cd\" data-element_type=\"container\" data-e-type=\"container\">\n\t\t\t\t<div class=\"elementor-element elementor-element-ef0dc3a elementor-widget elementor-widget-image\" data-id=\"ef0dc3a\" data-element_type=\"widget\" data-e-type=\"widget\" data-widget_type=\"image.default\">\n\t\t\t\t<div class=\"elementor-widget-container\">\n\t\t\t\t\t\t\t\t\t\t\t\t\t\t\t<img fetchpriority=\"high\" decoding=\"async\" width=\"800\" height=\"449\" src=\"https:\/\/www.zazito.ooo\/wp-content\/uploads\/2021\/11\/virtual-treasure-hunt-1024x575.jpg\" class=\"attachment-large size-large wp-image-25332\" alt=\"zazito.ooo\" srcset=\"https:\/\/www.zazito.ooo\/wp-content\/uploads\/2021\/11\/virtual-treasure-hunt-1024x575.jpg 1024w, https:\/\/www.zazito.ooo\/wp-content\/uploads\/2021\/11\/virtual-treasure-hunt-300x169.jpg 300w, https:\/\/www.zazito.ooo\/wp-content\/uploads\/2021\/11\/virtual-treasure-hunt-768x431.jpg 768w, https:\/\/www.zazito.ooo\/wp-content\/uploads\/2021\/11\/virtual-treasure-hunt-466x262.jpg 466w, https:\/\/www.zazito.ooo\/wp-content\/uploads\/2021\/11\/virtual-treasure-hunt-600x337.jpg 600w, https:\/\/www.zazito.ooo\/wp-content\/uploads\/2021\/11\/virtual-treasure-hunt.jpg 1440w\" sizes=\"(max-width: 800px) 100vw, 800px\" \/>\t\t\t\t\t\t\t\t\t\t\t\t\t\t\t<\/div>\n\t\t\t\t<\/div>\n\t\t\t\t<div class=\"elementor-element elementor-element-d4010d5 elementor-widget elementor-widget-text-editor\" data-id=\"d4010d5\" data-element_type=\"widget\" data-e-type=\"widget\" data-widget_type=\"text-editor.default\">\n\t\t\t\t<div class=\"elementor-widget-container\">\n\t\t\t\t\t\t\t\t\t<h3 class=\"galTitle\"><a href=\"https:\/\/www.zazito.ooo\/en\/online-hry\/virtual-treasure-hunt\/\">Virtual Treasure Hunt<\/a><\/h3>\n<p><a href=\"\/en\/online-hry\/virtual-treasure-hunt\/\">for those who want to crack nice ciphers and grease the brain threads together.<\/a><\/p>\t\t\t\t\t\t\t\t<\/div>\n\t\t\t\t<\/div>\n\t\t\t\t<div class=\"elementor-element elementor-element-c050ae3 elementor-widget elementor-widget-button\" data-id=\"c050ae3\" data-element_type=\"widget\" data-e-type=\"widget\" data-widget_type=\"button.default\">\n\t\t\t\t<div class=\"elementor-widget-container\">\n\t\t\t\t\t\t\t\t\t<div class=\"elementor-button-wrapper\">\n\t\t\t\t\t<a class=\"elementor-button elementor-button-link elementor-size-sm\" href=\"https:\/\/www.zazito.ooo\/en\/online-hry\/virtual-treasure-hunt\/\">\n\t\t\t\t\t\t<span class=\"elementor-button-content-wrapper\">\n\t\t\t\t\t\t\t\t\t<span class=\"elementor-button-text\">Zobrazi\u0165<\/span>\n\t\t\t\t\t<\/span>\n\t\t\t\t\t<\/a>\n\t\t\t\t<\/div>\n\t\t\t\t\t\t\t\t<\/div>\n\t\t\t\t<\/div>\n\t\t\t\t<\/div>\n\t\t<div class=\"elementor-element elementor-element-e9020da e-con-full e-flex e-con e-child\" data-id=\"e9020da\" data-element_type=\"container\" data-e-type=\"container\">\n\t\t\t\t<div class=\"elementor-element elementor-element-5f1c212 elementor-widget elementor-widget-image\" data-id=\"5f1c212\" data-element_type=\"widget\" data-e-type=\"widget\" data-widget_type=\"image.default\">\n\t\t\t\t<div class=\"elementor-widget-container\">\n\t\t\t\t\t\t\t\t\t\t\t\t\t\t\t<img decoding=\"async\" width=\"800\" height=\"449\" src=\"https:\/\/www.zazito.ooo\/wp-content\/uploads\/2021\/11\/remote-scavenger-hunt-1024x575.jpg\" class=\"attachment-large size-large wp-image-25333\" alt=\"zazito.ooo\" srcset=\"https:\/\/www.zazito.ooo\/wp-content\/uploads\/2021\/11\/remote-scavenger-hunt-1024x575.jpg 1024w, https:\/\/www.zazito.ooo\/wp-content\/uploads\/2021\/11\/remote-scavenger-hunt-300x169.jpg 300w, https:\/\/www.zazito.ooo\/wp-content\/uploads\/2021\/11\/remote-scavenger-hunt-768x431.jpg 768w, https:\/\/www.zazito.ooo\/wp-content\/uploads\/2021\/11\/remote-scavenger-hunt-466x262.jpg 466w, https:\/\/www.zazito.ooo\/wp-content\/uploads\/2021\/11\/remote-scavenger-hunt-600x337.jpg 600w, https:\/\/www.zazito.ooo\/wp-content\/uploads\/2021\/11\/remote-scavenger-hunt.jpg 1440w\" sizes=\"(max-width: 800px) 100vw, 800px\" \/>\t\t\t\t\t\t\t\t\t\t\t\t\t\t\t<\/div>\n\t\t\t\t<\/div>\n\t\t\t\t<div class=\"elementor-element elementor-element-92aec88 elementor-widget elementor-widget-text-editor\" data-id=\"92aec88\" data-element_type=\"widget\" data-e-type=\"widget\" data-widget_type=\"text-editor.default\">\n\t\t\t\t<div class=\"elementor-widget-container\">\n\t\t\t\t\t\t\t\t\t<h3 class=\"galTitle\"><a href=\"https:\/\/www.zazito.ooo\/en\/online-hry\/remote-scavenger-hunt\/\">Remote Scavenger Hunt<\/a><\/h3>\n<p class=\"galTag\"><a href=\"\/en\/online-hry\/remote-scavenger-hunt\/\">na z\u00e1bavu a relax pri vtipn\u00fdch \u00faloh\u00e1ch s be\u017en\u00fdmi vecami z dom\u00e1cnosti.<\/a><\/p>\t\t\t\t\t\t\t\t<\/div>\n\t\t\t\t<\/div>\n\t\t\t\t<div class=\"elementor-element elementor-element-36b2cc5 elementor-widget elementor-widget-button\" data-id=\"36b2cc5\" data-element_type=\"widget\" data-e-type=\"widget\" data-widget_type=\"button.default\">\n\t\t\t\t<div class=\"elementor-widget-container\">\n\t\t\t\t\t\t\t\t\t<div class=\"elementor-button-wrapper\">\n\t\t\t\t\t<a class=\"elementor-button elementor-button-link elementor-size-sm\" href=\"https:\/\/www.zazito.ooo\/en\/online-hry\/remote-scavenger-hunt\/\">\n\t\t\t\t\t\t<span class=\"elementor-button-content-wrapper\">\n\t\t\t\t\t\t\t\t\t<span class=\"elementor-button-text\">Zobrazi\u0165<\/span>\n\t\t\t\t\t<\/span>\n\t\t\t\t\t<\/a>\n\t\t\t\t<\/div>\n\t\t\t\t\t\t\t\t<\/div>\n\t\t\t\t<\/div>\n\t\t\t\t<\/div>\n\t\t<div class=\"elementor-element elementor-element-c01e739 e-con-full e-flex e-con e-child\" data-id=\"c01e739\" data-element_type=\"container\" data-e-type=\"container\">\n\t\t\t\t<div class=\"elementor-element elementor-element-a8e158e elementor-widget elementor-widget-image\" data-id=\"a8e158e\" data-element_type=\"widget\" data-e-type=\"widget\" data-widget_type=\"image.default\">\n\t\t\t\t<div class=\"elementor-widget-container\">\n\t\t\t\t\t\t\t\t\t\t\t\t\t\t\t<img decoding=\"async\" width=\"495\" height=\"400\" src=\"https:\/\/www.zazito.ooo\/wp-content\/uploads\/2021\/11\/online-mysterydinner.jpg\" class=\"attachment-large size-large wp-image-25335\" alt=\"zazito.ooo\" srcset=\"https:\/\/www.zazito.ooo\/wp-content\/uploads\/2021\/11\/online-mysterydinner.jpg 495w, https:\/\/www.zazito.ooo\/wp-content\/uploads\/2021\/11\/online-mysterydinner-300x242.jpg 300w, https:\/\/www.zazito.ooo\/wp-content\/uploads\/2021\/11\/online-mysterydinner-375x303.jpg 375w\" sizes=\"(max-width: 495px) 100vw, 495px\" \/>\t\t\t\t\t\t\t\t\t\t\t\t\t\t\t<\/div>\n\t\t\t\t<\/div>\n\t\t\t\t<div class=\"elementor-element elementor-element-b309e3b elementor-widget elementor-widget-text-editor\" data-id=\"b309e3b\" data-element_type=\"widget\" data-e-type=\"widget\" data-widget_type=\"text-editor.default\">\n\t\t\t\t<div class=\"elementor-widget-container\">\n\t\t\t\t\t\t\t\t\t<h3 class=\"galTitle\"><a href=\"https:\/\/www.zazito.ooo\/en\/online-hry\/online-mystery-dinner\/\">Online Mystery Dinner<\/a><\/h3>\n<p class=\"galTag\"><a href=\"\/en\/online-hry\/online-mystery-dinner\/\">pre priaznivcov rie\u0161enia z\u00e1had, pr\u00edjemnej konverz\u00e1cie a prepracovan\u00e9ho pr\u00edbehu.<\/a><\/p>\t\t\t\t\t\t\t\t<\/div>\n\t\t\t\t<\/div>\n\t\t\t\t<div class=\"elementor-element elementor-element-c1decff elementor-widget elementor-widget-button\" data-id=\"c1decff\" data-element_type=\"widget\" data-e-type=\"widget\" data-widget_type=\"button.default\">\n\t\t\t\t<div class=\"elementor-widget-container\">\n\t\t\t\t\t\t\t\t\t<div class=\"elementor-button-wrapper\">\n\t\t\t\t\t<a class=\"elementor-button elementor-button-link elementor-size-sm\" href=\"https:\/\/www.zazito.ooo\/en\/online-hry\/online-mystery-dinner\/\">\n\t\t\t\t\t\t<span class=\"elementor-button-content-wrapper\">\n\t\t\t\t\t\t\t\t\t<span class=\"elementor-button-text\">Zobrazi\u0165<\/span>\n\t\t\t\t\t<\/span>\n\t\t\t\t\t<\/a>\n\t\t\t\t<\/div>\n\t\t\t\t\t\t\t\t<\/div>\n\t\t\t\t<\/div>\n\t\t\t\t<\/div>\n\t\t<div class=\"elementor-element elementor-element-8339404 e-con-full e-flex e-con e-child\" data-id=\"8339404\" data-element_type=\"container\" data-e-type=\"container\">\n\t\t\t\t<div class=\"elementor-element elementor-element-2c5f482 elementor-widget elementor-widget-image\" data-id=\"2c5f482\" data-element_type=\"widget\" data-e-type=\"widget\" data-widget_type=\"image.default\">\n\t\t\t\t<div class=\"elementor-widget-container\">\n\t\t\t\t\t\t\t\t\t\t\t\t\t\t\t<img decoding=\"async\" width=\"495\" height=\"400\" src=\"https:\/\/www.zazito.ooo\/wp-content\/uploads\/2021\/11\/online-mysterydinner.jpg\" class=\"attachment-large size-large wp-image-25335\" alt=\"zazito.ooo\" srcset=\"https:\/\/www.zazito.ooo\/wp-content\/uploads\/2021\/11\/online-mysterydinner.jpg 495w, https:\/\/www.zazito.ooo\/wp-content\/uploads\/2021\/11\/online-mysterydinner-300x242.jpg 300w, https:\/\/www.zazito.ooo\/wp-content\/uploads\/2021\/11\/online-mysterydinner-375x303.jpg 375w\" sizes=\"(max-width: 495px) 100vw, 495px\" \/>\t\t\t\t\t\t\t\t\t\t\t\t\t\t\t<\/div>\n\t\t\t\t<\/div>\n\t\t\t\t<div class=\"elementor-element elementor-element-83a111e elementor-widget elementor-widget-text-editor\" data-id=\"83a111e\" data-element_type=\"widget\" data-e-type=\"widget\" data-widget_type=\"text-editor.default\">\n\t\t\t\t<div class=\"elementor-widget-container\">\n\t\t\t\t\t\t\t\t\t<h3 class=\"galTitle\"><a href=\"https:\/\/www.zazito.ooo\/en\/online-hry\/interaktivny-kviz\/\">Interakt\u00edvny kv\u00edz<\/a><\/h3>\n<p class=\"galTag\"><a href=\"\/en\/online-hry\/interaktivny-kviz\/\">pre t\u00fdch, \u010do chc\u00fa otestova\u0165 svoje vedomosti \u010di zabavi\u0165 sa pri interakt\u00edvnych \u00faloh\u00e1ch.<\/a><\/p>\n<p class=\"galTag\">\u00a0<\/p>\t\t\t\t\t\t\t\t<\/div>\n\t\t\t\t<\/div>\n\t\t\t\t<div class=\"elementor-element elementor-element-65077e4 elementor-widget elementor-widget-button\" data-id=\"65077e4\" data-element_type=\"widget\" data-e-type=\"widget\" data-widget_type=\"button.default\">\n\t\t\t\t<div class=\"elementor-widget-container\">\n\t\t\t\t\t\t\t\t\t<div class=\"elementor-button-wrapper\">\n\t\t\t\t\t<a class=\"elementor-button elementor-button-link elementor-size-sm\" href=\"https:\/\/www.zazito.ooo\/en\/online-hry\/interaktivny-kviz\/\">\n\t\t\t\t\t\t<span class=\"elementor-button-content-wrapper\">\n\t\t\t\t\t\t\t\t\t<span class=\"elementor-button-text\">Zobrazi\u0165<\/span>\n\t\t\t\t\t<\/span>\n\t\t\t\t\t<\/a>\n\t\t\t\t<\/div>\n\t\t\t\t\t\t\t\t<\/div>\n\t\t\t\t<\/div>\n\t\t\t\t<\/div>\n\t\t\t\t<\/div>\n\t\t\t\t\t<\/div>\n\t\t\t\t<\/div>\n\t\t<div class=\"elementor-element elementor-element-eb1e209 e-flex e-con-boxed e-con e-parent\" data-id=\"eb1e209\" data-element_type=\"container\" data-e-type=\"container\" data-settings=\"{&quot;background_background&quot;:&quot;classic&quot;,&quot;shape_divider_bottom&quot;:&quot;tilt&quot;}\">\n\t\t\t\t\t<div class=\"e-con-inner\">\n\t\t\t\t<div class=\"elementor-shape elementor-shape-bottom\" aria-hidden=\"true\" data-negative=\"false\">\n\t\t\t<svg xmlns=\"http:\/\/www.w3.org\/2000\/svg\" viewbox=\"0 0 1000 100\" preserveaspectratio=\"none\">\n\t<path class=\"elementor-shape-fill\" d=\"M0,6V0h1000v100L0,6z\"\/>\n<\/svg>\t\t<\/div>\n\t\t\t\t<div class=\"elementor-element elementor-element-7b7acde elementor-widget__width-initial elementor-widget elementor-widget-text-editor\" data-id=\"7b7acde\" data-element_type=\"widget\" data-e-type=\"widget\" data-widget_type=\"text-editor.default\">\n\t\t\t\t<div class=\"elementor-widget-container\">\n\t\t\t\t\t\t\t\t\t<p><strong>Thanks to modern technology, our online games can be just as fun and stimulating as live ones.<\/strong><br \/><strong>Role play hry s\u00a0h\u013eadan\u00edm vinn\u00edka vo vlastn\u00fdch radoch, logick\u00e9 \u00falohy , \u0161ifrovanie alebo len naozaj dokonal\u00e1 online z\u00e1bava.<\/strong><\/p>\n<p class=\"text-center\"><strong>Does the situation not allow for personal meetings and games, or are some of your colleagues abroad?<\/strong><br \/><strong>Don't despair, we can mute your team even in these situations.<\/strong><\/p>\n<p style=\"text-align: center;\"><strong>Pre viac\u00a0 info n\u00e1s kontaktujte telefonicky alebo mailom:<\/strong><\/p>\n<div class=\"sads\">\n<p style=\"text-align: center;\"><strong>+421 908 828 141<\/strong><\/p>\n<p style=\"text-align: center;\"><strong><a href=\"mailto: info@zazito.ooo\" class=\"fmail\">info@zazito.ooo<\/a><\/strong><\/p>\n<\/div>\t\t\t\t\t\t\t\t<\/div>\n\t\t\t\t<\/div>\n\t\t\t\t\t<\/div>\n\t\t\t\t<\/div>\n\t\t\t\t<\/div>","protected":false},"excerpt":{"rendered":"<p>Online hry Virtual Treasure Hunt pre t\u00fdch, ktor\u00ed chc\u00fa l\u00fa\u0161ti\u0165 pekn\u00e9 \u0161ifry a spolo\u010dne premaza\u0165 mozgov\u00e9 z\u00e1vity. Zobrazi\u0165 Remote Scavenger Hunt na z\u00e1bavu a relax pri vtipn\u00fdch \u00faloh\u00e1ch s be\u017en\u00fdmi vecami z dom\u00e1cnosti. Zobrazi\u0165 Online Mystery Dinner pre priaznivcov rie\u0161enia z\u00e1had, pr\u00edjemnej konverz\u00e1cie a prepracovan\u00e9ho pr\u00edbehu. Zobrazi\u0165 Interakt\u00edvny kv\u00edz pre t\u00fdch, \u010do chc\u00fa otestova\u0165 svoje&hellip;<\/p>","protected":false},"author":8,"featured_media":56641,"parent":0,"menu_order":0,"comment_status":"closed","ping_status":"closed","template":"","meta":{"footnotes":""},"class_list":["post-25326","page","type-page","status-publish","has-post-thumbnail","hentry"],"yoast_head":"<!-- This site is optimized with the Yoast SEO plugin v27.2 - https:\/\/yoast.com\/product\/yoast-seo-wordpress\/ -->\n<title>online hry - Teambuilding Bratislava | Zazito.ooo<\/title>\n<meta name=\"description\" content=\"online hry - Situ\u00e1cia nedovo\u013euje osobn\u00fdm stretnutiam a hr\u00e1m, alebo s\u00fa niektor\u00ed Va\u0161i kolegovia v zahrani\u010d\u00ed?\" \/>\n<meta name=\"robots\" content=\"index, follow, max-snippet:-1, max-image-preview:large, max-video-preview:-1\" \/>\n<link rel=\"canonical\" href=\"https:\/\/www.zazito.ooo\/en\/online-hry\/\" \/>\n<meta property=\"og:locale\" content=\"en_US\" \/>\n<meta property=\"og:type\" content=\"article\" \/>\n<meta property=\"og:title\" content=\"online hry - Teambuilding Bratislava | Zazito.ooo\" \/>\n<meta property=\"og:description\" content=\"online hry - Situ\u00e1cia nedovo\u013euje osobn\u00fdm stretnutiam a hr\u00e1m, alebo s\u00fa niektor\u00ed Va\u0161i kolegovia v zahrani\u010d\u00ed?\" \/>\n<meta property=\"og:url\" content=\"https:\/\/www.zazito.ooo\/en\/online-hry\/\" \/>\n<meta property=\"og:site_name\" content=\"Zazito.ooo\" \/>\n<meta property=\"article:publisher\" content=\"https:\/\/www.facebook.com\/zazitooo\/\" \/>\n<meta property=\"article:modified_time\" content=\"2025-04-17T07:40:23+00:00\" \/>\n<meta property=\"og:image\" content=\"https:\/\/www.zazito.ooo\/wp-content\/uploads\/2024\/07\/interaktivny-kviz.webp\" \/>\n\t<meta property=\"og:image:width\" content=\"495\" \/>\n\t<meta property=\"og:image:height\" content=\"400\" \/>\n\t<meta property=\"og:image:type\" content=\"image\/webp\" \/>\n<meta name=\"twitter:card\" content=\"summary_large_image\" \/>\n<meta name=\"twitter:label1\" content=\"Est. reading time\" \/>\n\t<meta name=\"twitter:data1\" content=\"2 minutes\" \/>\n<script type=\"application\/ld+json\" class=\"yoast-schema-graph\">{\"@context\":\"https:\/\/schema.org\",\"@graph\":[{\"@type\":\"WebPage\",\"@id\":\"https:\/\/www.zazito.ooo\/en\/online-hry\/\",\"url\":\"https:\/\/www.zazito.ooo\/en\/online-hry\/\",\"name\":\"online hry - Teambuilding Bratislava | Zazito.ooo\",\"isPartOf\":{\"@id\":\"https:\/\/www.zazito.ooo\/en\/#website\"},\"primaryImageOfPage\":{\"@id\":\"https:\/\/www.zazito.ooo\/en\/online-hry\/#primaryimage\"},\"image\":{\"@id\":\"https:\/\/www.zazito.ooo\/en\/online-hry\/#primaryimage\"},\"thumbnailUrl\":\"https:\/\/www.zazito.ooo\/wp-content\/uploads\/2024\/07\/interaktivny-kviz.webp\",\"datePublished\":\"2021-11-26T15:15:44+00:00\",\"dateModified\":\"2025-04-17T07:40:23+00:00\",\"description\":\"online hry - Situ\u00e1cia nedovo\u013euje osobn\u00fdm stretnutiam a hr\u00e1m, alebo s\u00fa niektor\u00ed Va\u0161i kolegovia v zahrani\u010d\u00ed?\",\"breadcrumb\":{\"@id\":\"https:\/\/www.zazito.ooo\/en\/online-hry\/#breadcrumb\"},\"inLanguage\":\"en-US\",\"potentialAction\":[{\"@type\":\"ReadAction\",\"target\":[\"https:\/\/www.zazito.ooo\/en\/online-hry\/\"]}]},{\"@type\":\"ImageObject\",\"inLanguage\":\"en-US\",\"@id\":\"https:\/\/www.zazito.ooo\/en\/online-hry\/#primaryimage\",\"url\":\"https:\/\/www.zazito.ooo\/wp-content\/uploads\/2024\/07\/interaktivny-kviz.webp\",\"contentUrl\":\"https:\/\/www.zazito.ooo\/wp-content\/uploads\/2024\/07\/interaktivny-kviz.webp\",\"width\":495,\"height\":400,\"caption\":\"online hry teambuilding\"},{\"@type\":\"BreadcrumbList\",\"@id\":\"https:\/\/www.zazito.ooo\/en\/online-hry\/#breadcrumb\",\"itemListElement\":[{\"@type\":\"ListItem\",\"position\":1,\"name\":\"Home\",\"item\":\"https:\/\/www.zazito.ooo\/\"},{\"@type\":\"ListItem\",\"position\":2,\"name\":\"Online HRY &#8211; Online Teambuilding\"}]},{\"@type\":\"WebSite\",\"@id\":\"https:\/\/www.zazito.ooo\/en\/#website\",\"url\":\"https:\/\/www.zazito.ooo\/en\/\",\"name\":\"Zazito.ooo\",\"description\":\"origin\u00e1lne escape games v Bratislave\",\"publisher\":{\"@id\":\"https:\/\/www.zazito.ooo\/en\/#organization\"},\"potentialAction\":[{\"@type\":\"SearchAction\",\"target\":{\"@type\":\"EntryPoint\",\"urlTemplate\":\"https:\/\/www.zazito.ooo\/en\/?s={search_term_string}\"},\"query-input\":{\"@type\":\"PropertyValueSpecification\",\"valueRequired\":true,\"valueName\":\"search_term_string\"}}],\"inLanguage\":\"en-US\"},{\"@type\":\"Organization\",\"@id\":\"https:\/\/www.zazito.ooo\/en\/#organization\",\"name\":\"Zazito, s.r.o.\",\"url\":\"https:\/\/www.zazito.ooo\/en\/\",\"logo\":{\"@type\":\"ImageObject\",\"inLanguage\":\"en-US\",\"@id\":\"https:\/\/www.zazito.ooo\/en\/#\/schema\/logo\/image\/\",\"url\":\"https:\/\/www.zazito.ooo\/wp-content\/uploads\/2019\/08\/zazito_logo.jpg\",\"contentUrl\":\"https:\/\/www.zazito.ooo\/wp-content\/uploads\/2019\/08\/zazito_logo.jpg\",\"width\":1080,\"height\":1080,\"caption\":\"Zazito, s.r.o.\"},\"image\":{\"@id\":\"https:\/\/www.zazito.ooo\/en\/#\/schema\/logo\/image\/\"},\"sameAs\":[\"https:\/\/www.facebook.com\/zazitooo\/\",\"https:\/\/www.instagram.com\/zazito.ooo\/?hl=sk\"]}]}<\/script>\n<!-- \/ Yoast SEO plugin. -->","yoast_head_json":{"title":"online hry - Teambuilding Bratislava | Zazito.ooo","description":"online hry - Situ\u00e1cia nedovo\u013euje osobn\u00fdm stretnutiam a hr\u00e1m, alebo s\u00fa niektor\u00ed Va\u0161i kolegovia v zahrani\u010d\u00ed?","robots":{"index":"index","follow":"follow","max-snippet":"max-snippet:-1","max-image-preview":"max-image-preview:large","max-video-preview":"max-video-preview:-1"},"canonical":"https:\/\/www.zazito.ooo\/en\/online-hry\/","og_locale":"en_US","og_type":"article","og_title":"online hry - Teambuilding Bratislava | Zazito.ooo","og_description":"online hry - Situ\u00e1cia nedovo\u013euje osobn\u00fdm stretnutiam a hr\u00e1m, alebo s\u00fa niektor\u00ed Va\u0161i kolegovia v zahrani\u010d\u00ed?","og_url":"https:\/\/www.zazito.ooo\/en\/online-hry\/","og_site_name":"Zazito.ooo","article_publisher":"https:\/\/www.facebook.com\/zazitooo\/","article_modified_time":"2025-04-17T07:40:23+00:00","og_image":[{"width":495,"height":400,"url":"https:\/\/www.zazito.ooo\/wp-content\/uploads\/2024\/07\/interaktivny-kviz.webp","type":"image\/webp"}],"twitter_card":"summary_large_image","twitter_misc":{"Est. reading time":"2 minutes"},"schema":{"@context":"https:\/\/schema.org","@graph":[{"@type":"WebPage","@id":"https:\/\/www.zazito.ooo\/en\/online-hry\/","url":"https:\/\/www.zazito.ooo\/en\/online-hry\/","name":"online hry - Teambuilding Bratislava | Zazito.ooo","isPartOf":{"@id":"https:\/\/www.zazito.ooo\/en\/#website"},"primaryImageOfPage":{"@id":"https:\/\/www.zazito.ooo\/en\/online-hry\/#primaryimage"},"image":{"@id":"https:\/\/www.zazito.ooo\/en\/online-hry\/#primaryimage"},"thumbnailUrl":"https:\/\/www.zazito.ooo\/wp-content\/uploads\/2024\/07\/interaktivny-kviz.webp","datePublished":"2021-11-26T15:15:44+00:00","dateModified":"2025-04-17T07:40:23+00:00","description":"online hry - Situ\u00e1cia nedovo\u013euje osobn\u00fdm stretnutiam a hr\u00e1m, alebo s\u00fa niektor\u00ed Va\u0161i kolegovia v zahrani\u010d\u00ed?","breadcrumb":{"@id":"https:\/\/www.zazito.ooo\/en\/online-hry\/#breadcrumb"},"inLanguage":"en-US","potentialAction":[{"@type":"ReadAction","target":["https:\/\/www.zazito.ooo\/en\/online-hry\/"]}]},{"@type":"ImageObject","inLanguage":"en-US","@id":"https:\/\/www.zazito.ooo\/en\/online-hry\/#primaryimage","url":"https:\/\/www.zazito.ooo\/wp-content\/uploads\/2024\/07\/interaktivny-kviz.webp","contentUrl":"https:\/\/www.zazito.ooo\/wp-content\/uploads\/2024\/07\/interaktivny-kviz.webp","width":495,"height":400,"caption":"online hry teambuilding"},{"@type":"BreadcrumbList","@id":"https:\/\/www.zazito.ooo\/en\/online-hry\/#breadcrumb","itemListElement":[{"@type":"ListItem","position":1,"name":"Home","item":"https:\/\/www.zazito.ooo\/"},{"@type":"ListItem","position":2,"name":"Online HRY &#8211; Online Teambuilding"}]},{"@type":"WebSite","@id":"https:\/\/www.zazito.ooo\/en\/#website","url":"https:\/\/www.zazito.ooo\/en\/","name":"Zazito.ooo","description":"origin\u00e1lne escape games v Bratislave","publisher":{"@id":"https:\/\/www.zazito.ooo\/en\/#organization"},"potentialAction":[{"@type":"SearchAction","target":{"@type":"EntryPoint","urlTemplate":"https:\/\/www.zazito.ooo\/en\/?s={search_term_string}"},"query-input":{"@type":"PropertyValueSpecification","valueRequired":true,"valueName":"search_term_string"}}],"inLanguage":"en-US"},{"@type":"Organization","@id":"https:\/\/www.zazito.ooo\/en\/#organization","name":"Zazito, s.r.o.","url":"https:\/\/www.zazito.ooo\/en\/","logo":{"@type":"ImageObject","inLanguage":"en-US","@id":"https:\/\/www.zazito.ooo\/en\/#\/schema\/logo\/image\/","url":"https:\/\/www.zazito.ooo\/wp-content\/uploads\/2019\/08\/zazito_logo.jpg","contentUrl":"https:\/\/www.zazito.ooo\/wp-content\/uploads\/2019\/08\/zazito_logo.jpg","width":1080,"height":1080,"caption":"Zazito, s.r.o."},"image":{"@id":"https:\/\/www.zazito.ooo\/en\/#\/schema\/logo\/image\/"},"sameAs":["https:\/\/www.facebook.com\/zazitooo\/","https:\/\/www.instagram.com\/zazito.ooo\/?hl=sk"]}]}},"_links":{"self":[{"href":"https:\/\/www.zazito.ooo\/en\/wp-json\/wp\/v2\/pages\/25326","targetHints":{"allow":["GET"]}}],"collection":[{"href":"https:\/\/www.zazito.ooo\/en\/wp-json\/wp\/v2\/pages"}],"about":[{"href":"https:\/\/www.zazito.ooo\/en\/wp-json\/wp\/v2\/types\/page"}],"author":[{"embeddable":true,"href":"https:\/\/www.zazito.ooo\/en\/wp-json\/wp\/v2\/users\/8"}],"replies":[{"embeddable":true,"href":"https:\/\/www.zazito.ooo\/en\/wp-json\/wp\/v2\/comments?post=25326"}],"version-history":[{"count":19,"href":"https:\/\/www.zazito.ooo\/en\/wp-json\/wp\/v2\/pages\/25326\/revisions"}],"predecessor-version":[{"id":59951,"href":"https:\/\/www.zazito.ooo\/en\/wp-json\/wp\/v2\/pages\/25326\/revisions\/59951"}],"wp:featuredmedia":[{"embeddable":true,"href":"https:\/\/www.zazito.ooo\/en\/wp-json\/wp\/v2\/media\/56641"}],"wp:attachment":[{"href":"https:\/\/www.zazito.ooo\/en\/wp-json\/wp\/v2\/media?parent=25326"}],"curies":[{"name":"wp","href":"https:\/\/api.w.org\/{rel}","templated":true}]}}