{"id":2,"date":"2019-06-07T18:40:21","date_gmt":"2019-06-07T16:40:21","guid":{"rendered":"https:\/\/www.new.zazito.ooo\/?page_id=2"},"modified":"2025-04-17T16:59:32","modified_gmt":"2025-04-17T14:59:32","slug":"o-nas","status":"publish","type":"page","link":"https:\/\/www.zazito.ooo\/en\/o-nas\/","title":{"rendered":"ABOUT US"},"content":{"rendered":"<div data-elementor-type=\"wp-page\" data-elementor-id=\"2\" class=\"elementor elementor-2\" data-elementor-post-type=\"page\">\n\t\t\t\t<div class=\"elementor-element elementor-element-aaa3125 e-flex e-con-boxed e-con e-parent\" data-id=\"aaa3125\" data-element_type=\"container\" data-e-type=\"container\">\n\t\t\t\t\t<div class=\"e-con-inner\">\n\t\t\t\t<div class=\"elementor-element elementor-element-217db22 elementor-widget__width-initial elementor-widget elementor-widget-text-editor\" data-id=\"217db22\" data-element_type=\"widget\" data-e-type=\"widget\" data-widget_type=\"text-editor.default\">\n\t\t\t\t<div class=\"elementor-widget-container\">\n\t\t\t\t\t\t\t\t\t<div class=\"titleHead\">\n<h1>Ahoj My sme Z\u00e1\u017eitkov\u00e1 agent\u00fara Zazito.ooo<\/h1>\n<\/div>\n<p>Ako <strong>najv\u00e4\u010d\u0161ia z\u00e1\u017eitkov\u00e1 agent\u00fara<\/strong> v\u00e1s prevedieme <strong>dobrodru\u017en\u00fdm &#8222;escape&#8220; svetom hier a z\u00e1bavy<\/strong>. V zazito.ooo sp\u00e1jame mnoh\u00e9 divn\u00e9 projekty, ale predov\u0161etk\u00fdm sa venujeme <strong>vytv\u00e1raniu hier na k\u013e\u00fa\u010d pre <span style=\"color: #e43d4e;\"><a style=\"color: #e43d4e;\" href=\"https:\/\/www.zazito.ooo\/en\/teambuilding-bratislava-zazito-ooo\/\">teambuildingy a eventy<\/a><\/span><\/strong>.<\/p>\t\t\t\t\t\t\t\t<\/div>\n\t\t\t\t<\/div>\n\t\t\t\t\t<\/div>\n\t\t\t\t<\/div>\n\t\t<div class=\"elementor-element elementor-element-793accf e-flex e-con-boxed e-con e-parent\" data-id=\"793accf\" data-element_type=\"container\" data-e-type=\"container\">\n\t\t\t\t\t<div class=\"e-con-inner\">\n\t\t<div class=\"elementor-element elementor-element-5d3dfc0 e-con-full e-flex e-con e-child\" data-id=\"5d3dfc0\" data-element_type=\"container\" data-e-type=\"container\">\n\t\t\t\t<div class=\"elementor-element elementor-element-4af91f9 elementor-widget__width-initial elementor-widget elementor-widget-text-editor\" data-id=\"4af91f9\" data-element_type=\"widget\" data-e-type=\"widget\" data-widget_type=\"text-editor.default\">\n\t\t\t\t<div class=\"elementor-widget-container\">\n\t\t\t\t\t\t\t\t\t<div class=\"titleHead\">\n<div class=\"sectionTitle border\">\n<p>\u00a0<\/p>\n<\/div>\n<h1><!-- \/wp:html --><!-- wp:html --><\/h1>\n<div class=\"row text-center\">\n<div class=\"col-sm-6\">\n<figure class=\"wp-block-image\"><img decoding=\"async\" class=\"wp-image-891\" src=\"https:\/\/www.zazito.ooo\/wp-content\/uploads\/2019\/07\/zazito_bohus_cr_tn.jpg\" alt=\"\" \/>\n<figcaption><strong>BOM<\/strong><br \/>(Bratranec Ondrovej Man\u017eelky)<\/figcaption>\n<\/figure>\n<\/div>\n<\/div>\n<\/div>\t\t\t\t\t\t\t\t<\/div>\n\t\t\t\t<\/div>\n\t\t\t\t<\/div>\n\t\t<div class=\"elementor-element elementor-element-9e42767 e-con-full e-flex e-con e-child\" data-id=\"9e42767\" data-element_type=\"container\" data-e-type=\"container\">\n\t\t\t\t<div class=\"elementor-element elementor-element-c511a27 elementor-widget__width-initial elementor-widget elementor-widget-text-editor\" data-id=\"c511a27\" data-element_type=\"widget\" data-e-type=\"widget\" data-widget_type=\"text-editor.default\">\n\t\t\t\t<div class=\"elementor-widget-container\">\n\t\t\t\t\t\t\t\t\t<div class=\"titleHead\">\n<div class=\"sectionTitle border\">\n<div class=\"col-sm-6\">\u00a0<\/div>\n<div class=\"col-sm-6\">\n<figure class=\"wp-block-image\"><img decoding=\"async\" class=\"wp-image-891\" src=\"https:\/\/www.zazito.ooo\/wp-content\/uploads\/2019\/07\/zazito_ondro_cr_tn.jpg\" alt=\"\" \/>\n<figcaption><strong>MBS<\/strong><br \/>(Man\u017eel Bohu\u0161ovej Sesternice)<\/figcaption>\n<\/figure>\n<\/div>\n<\/div>\n<\/div>\t\t\t\t\t\t\t\t<\/div>\n\t\t\t\t<\/div>\n\t\t\t\t<\/div>\n\t\t\t\t\t<\/div>\n\t\t\t\t<\/div>\n\t\t<div class=\"elementor-element elementor-element-bf79a59 e-flex e-con-boxed e-con e-parent\" data-id=\"bf79a59\" data-element_type=\"container\" data-e-type=\"container\">\n\t\t\t\t\t<div class=\"e-con-inner\">\n\t\t\t\t<div class=\"elementor-element elementor-element-41790d3 elementor-widget__width-initial elementor-widget elementor-widget-text-editor\" data-id=\"41790d3\" data-element_type=\"widget\" data-e-type=\"widget\" data-widget_type=\"text-editor.default\">\n\t\t\t\t<div class=\"elementor-widget-container\">\n\t\t\t\t\t\t\t\t\t<div class=\"titleHead\">\n<p>Ne\u00faspe\u0161n\u00fd \u00fatek z\u00a0<strong>prvej bratislavskej escape roomky<\/strong> bol osudn\u00fdm . Aj ke\u010f sme sa vlastne nedostali von, hra sa n\u00e1m p\u00e1\u010dila a\u00a0okam\u017eite sme rozm\u00fd\u0161\u013eali na ko\u013eko sp\u00f4sobov a\u00a0s\u00a0\u010d\u00edm v\u0161etk\u00fdm by sa dalo v\u00a0podobn\u00fdch miestnostiach vyhra\u0165. S\u00a0vervou sa do prestavby <strong>chatky v\u00a0strede Petr\u017ealky<\/strong> pustila skupinka v\u00a0zlo\u017een\u00ed nad\u0161enec, k\u00fazeln\u00edk, re\u017eis\u00e9r a\u00a0schopn\u00fd remeseln\u00edk.\u00a0Mysleli sme si \u017ee za p\u00e1r mesiacov m\u00e1me hotov\u00fa <strong>druh\u00fa escape room v\u00a0Bratislave<\/strong>. <span style=\"color: #e43d4e;\"><a style=\"color: #e43d4e;\" href=\"https:\/\/www.zazito.ooo\/en\/hra\/divny-dom\/\"><strong>Divn\u00fd dom<\/strong><\/a><\/span> sa dokon\u010doval nakoniec rok v\u00a0zlo\u017een\u00ed nad\u0161enec plus druh\u00fd nad\u0161enec .<\/p>\n<h1><!-- \/wp:paragraph --><!-- wp:paragraph --><\/h1>\n<p>V novembri roku 2014 sme nakoniec po dlhej v\u00fdstavbe otvorili dvere <strong>Divn\u00e9ho domu<\/strong>. Otvorili sme ich aby sme v \u0148om mohli zavrie\u0165 prv\u00fdch escape nad\u0161encov. V roku v ktorom sme pracovali na dokon\u010den\u00ed divn\u00e9ho domu, pri\u0161li n\u00e1pady na \u010fal\u0161ie dve hry <span style=\"color: #e43d4e;\"><a style=\"color: #e43d4e;\" href=\"https:\/\/www.zazito.ooo\/en\/hra\/divna-bratislava\/\"><strong>Divn\u00e1 Bratislava<\/strong><\/a> <\/span>a <span style=\"color: #ff0000;\"><span style=\"color: #e43d4e;\"><a style=\"color: #e43d4e;\" href=\"https:\/\/www.zazito.ooo\/en\/hra\/divna-basa\/\"><strong>Divn\u00e1 basa<\/strong><\/a><\/span><\/span>. Aj vtedy platilo a e\u0161te aj dnes st\u00e1le plat\u00ed \u017ee pri dokon\u010dovan\u00ed jednej hry dost\u00e1vame najlep\u0161ie n\u00e1pady na tvorbu nov\u00fdch.<\/p>\n<h1><!-- \/wp:paragraph --><!-- wp:paragraph --><\/h1>\n<p><strong>Divn\u00fd dom mal hne\u010f od za\u010diatku ne\u010dakan\u00fd \u00faspech<\/strong>, \u010do n\u00e1s nakoplo zrealizova\u0165 u\u017e vymyslen\u00e9 hry. Pod hradom sme na\u0161li \u00fa\u017easn\u00fd priestor pre realiz\u00e1ciu <strong>Divnej Bratislavy<\/strong>. <strong>Outdoorov\u00e1 mestsk\u00e1 hra, <\/strong>ktor\u00e1 v sebe <strong>kombinuje geocaching a escape hry, <\/strong>m\u00e1 ako jedin\u00e1 mestsk\u00e1 hra<strong> v sebe zakomponovan\u00fa klasick\u00fa \u00fanikov\u00fa hru<\/strong>.<\/p>\n<h1><!-- \/wp:paragraph --><!-- wp:paragraph --><\/h1>\n<p>Pre <strong>Divn\u00fa basu<\/strong> sme potrebovali ve\u013emi \u0161pecifick\u00fd priestor. H\u013eadali sme, h\u013eadali a\u017e sme na\u0161li ve\u013ek\u00fa halu. <strong>Na Mu\u0161tovej ulici tak vzniko escape centrum, kde m\u00e1me v s\u00fa\u010dasnosti \u0161tyri hry<\/strong>. Pre deti resp. rodiny s de\u0165mi sme <strong>prisp\u00f4sobili Divn\u00fa Bratislavu<\/strong> a tak vznikli ob\u013e\u00faben\u00e9 <span style=\"color: #e43d4e;\"><a style=\"color: #e43d4e;\" href=\"https:\/\/www.zazito.ooo\/en\/hra\/poklady-divnej-bratislavy\/\"><strong>Poklady Divnej Bratislavy<\/strong><\/a><\/span>.<\/p>\n<h1><!-- \/wp:paragraph --><!-- wp:paragraph --><\/h1>\n<p>Ch\u00fdbala n\u00e1m <strong>klasick\u00e1 jedno-priestorov\u00e1 escape room<\/strong> a tak sme vyu\u017eili ponuku konkurencie na odk\u00fapenie ich hry. Hru sme nakoniec ale aj tak z v\u00e4\u010d\u0161ej \u010dasti prerobili. <span style=\"color: #e43d4e;\"><a style=\"color: #e43d4e;\" href=\"https:\/\/www.zazito.ooo\/en\/hra\/divne-dupa\/\"><strong>Divn\u00e9 d\u00fap\u00e4 \u010darodejn\u00edka<\/strong><\/a><\/span> je klasika v na\u0161om tro\u0161ku netradi\u010dnom preveden\u00ed.<\/p>\n<h1><!-- \/wp:paragraph --><!-- wp:paragraph --><\/h1>\n<p>Ako netradi\u010dn\u00fd marketing pre na\u0161e hry sme si zvolili \u010fal\u0161iu hru, ktorou by sme sa dostali bli\u017e\u0161ie k \u013eu\u010fom. <span style=\"color: #e43d4e;\"><a style=\"color: #e43d4e;\" href=\"https:\/\/www.zazito.ooo\/en\/teambuilding-bratislava-zazito-ooo\/\"><strong>Divn\u00fd escape pr\u00edves<\/strong><\/a><\/span>\u00a0bol <strong>prvou escape hrou na koles\u00e1ch v \u010cesko-Slovensku<\/strong>. Do dne\u0161n\u00e9ho d\u0148a u\u017e pre\u0161iel tis\u00edce kilometrov od Humenn\u00e9ho po Prahu. Boli sme s n\u00edm <strong>na najv\u00e4\u010d\u0161\u00edch festivaloch, firemn\u00fdch akci\u00e1ch aj mal\u00fdch oslav\u00e1ch naroden\u00edn<\/strong>.<\/p>\n<h1><!-- \/wp:paragraph --><!-- wp:paragraph --><\/h1>\n<p>V\u00a0r\u00f4znych krajin\u00e1ch po svete vznikali <strong>netradi\u010dn\u00e9 escape roomky<\/strong> v\u00a0star\u00fdch vag\u00f3noch, star\u00fdch autobusoch \u010di dokonca lietadl\u00e1ch. Po nie\u010dom podobnom sme dlh\u0161ie pokukovali aj my. Na internete sme objavili inzer\u00e1t predaja <strong>prv\u00e9ho dvojposchodov\u00e9ho Neopl\u00e1nu na Slovensku<\/strong>. Autobus o\u00a0dva t\u00fd\u017edne st\u00e1l u\u00a0n\u00e1s na Mu\u0161tovej. V\u00a0<strong>escape autobuse<\/strong> sme sa sna\u017eili pou\u017ei\u0165 \u00falohy ktor\u00e9 s\u00favisia s\u00a0dlhou cestou. <span style=\"color: #e43d4e;\"><a style=\"color: #e43d4e;\" href=\"https:\/\/www.zazito.ooo\/en\/hra\/divny-bus\/\"><strong>Divn\u00fd escape bus<\/strong><\/a><\/span> je zatia\u013e vyvrcholen\u00edm n\u00e1\u0161ho sna\u017eenia po jedine\u010dn\u00fdch a\u00a0netradi\u010dn\u00fdch priestoroch pre na\u0161e hry.<\/p>\n<h1><!-- \/wp:paragraph --><!-- wp:paragraph --><\/h1>\n<p><strong>Viac sme sa tie\u017e za\u010dali venova\u0165 eventom a\u00a0teambuildingom<\/strong>. Pr\u00edvesy u\u017e m\u00e1me dva a\u00a0tvor\u00edme <strong>hry na k\u013e\u00fa\u010d<\/strong>. <strong>Hotelov\u00e9 izby, kongresov\u00e9 miestnosti, mestsk\u00e9 parky tam v\u0161ade sme u\u017e vytv\u00e1rali hry<\/strong>.<\/p>\n<h1><!-- \/wp:paragraph --><!-- wp:paragraph --><\/h1>\n<p>Zn\u00e1my, rodina, kamar\u00e1ti n\u00e1m pom\u00e1haj\u00fa a\u00a0podporuj\u00fa a<\/p>\n<h1><!-- \/wp:paragraph --><!-- wp:paragraph --><\/h1>\n<p>preto sa n\u00e1m veci robia o nie\u010do \u013eah\u0161ie. Po\u010das rokov sme mali ve\u013ek\u00e9 \u0161\u0165astie na spolupracovn\u00edkov. So v\u0161etk\u00fdmi, ktor\u00ed u n\u00e1s dlh\u0161ie robili, gamemastri (obsluha hry), sme st\u00e1le kamar\u00e1ti a na\u010falej ke\u010f to potrebujeme s\u00fa n\u00e1m ochotn\u00ed pom\u00f4c\u0165.<\/p>\n<h1><!-- \/wp:paragraph --><!-- wp:paragraph --><\/h1>\n<p>Ak sa aj na\u010falej \u013eudia bud\u00fa chcie\u0165 necha\u0165 zatv\u00e1ra\u0165 do na\u0161ich hier, <strong>budeme vym\u00fd\u0161\u013ea\u0165 \u010fal\u0161ie a\u00a0\u010fal\u0161ie v\u00fdnimo\u010dn\u00e9 hry v\u00a0netradi\u010dn\u00fdch prostrediach<\/strong>.<\/p>\n<h1><!-- \/wp:paragraph --><!-- wp:paragraph --><\/h1>\n<p>Bohu\u0161 a Ondro<\/p>\n<\/div>\t\t\t\t\t\t\t\t<\/div>\n\t\t\t\t<\/div>\n\t\t\t\t\t<\/div>\n\t\t\t\t<\/div>\n\t\t\t\t<\/div>","protected":false},"excerpt":{"rendered":"<p>Ahoj My sme Z\u00e1\u017eitkov\u00e1 agent\u00fara Zazito.ooo Ako najv\u00e4\u010d\u0161ia z\u00e1\u017eitkov\u00e1 agent\u00fara v\u00e1s prevedieme dobrodru\u017en\u00fdm &#8222;escape&#8220; svetom hier a z\u00e1bavy. V zazito.ooo sp\u00e1jame mnoh\u00e9 divn\u00e9 projekty, ale predov\u0161etk\u00fdm sa venujeme vytv\u00e1raniu hier na k\u013e\u00fa\u010d pre teambuildingy a eventy. \u00a0 BOM(Bratranec Ondrovej Man\u017eelky) \u00a0 MBS(Man\u017eel Bohu\u0161ovej Sesternice) Ne\u00faspe\u0161n\u00fd \u00fatek z\u00a0prvej bratislavskej escape roomky bol osudn\u00fdm . Aj ke\u010f&hellip;<\/p>","protected":false},"author":1,"featured_media":0,"parent":0,"menu_order":0,"comment_status":"closed","ping_status":"open","template":"","meta":{"footnotes":""},"class_list":["post-2","page","type-page","status-publish","hentry"],"yoast_head":"<!-- This site is optimized with the Yoast SEO plugin v27.2 - https:\/\/yoast.com\/product\/yoast-seo-wordpress\/ -->\n<title>Z\u00e1\u017eitkov\u00e1 agent\u00fara - teambuildingov\u00e9 aktivity a eventy | Zazito.ooo<\/title>\n<meta name=\"description\" content=\"Z\u00e1\u017eitkov\u00e1 agent\u00fara sa postar\u00e1 o nezabudnute\u013en\u00fd teambuilding a sprestrenie va\u0161ich eventov. Nev\u00e1hajte a kontaktujte n\u00e1s!\" \/>\n<meta name=\"robots\" content=\"index, follow, max-snippet:-1, max-image-preview:large, max-video-preview:-1\" \/>\n<link rel=\"canonical\" href=\"https:\/\/www.zazito.ooo\/en\/o-nas\/\" \/>\n<meta property=\"og:locale\" content=\"en_US\" \/>\n<meta property=\"og:type\" content=\"article\" \/>\n<meta property=\"og:title\" content=\"Z\u00e1\u017eitkov\u00e1 agent\u00fara - teambuildingov\u00e9 aktivity a eventy | Zazito.ooo\" \/>\n<meta property=\"og:description\" content=\"Z\u00e1\u017eitkov\u00e1 agent\u00fara sa postar\u00e1 o nezabudnute\u013en\u00fd teambuilding a sprestrenie va\u0161ich eventov. Nev\u00e1hajte a kontaktujte n\u00e1s!\" \/>\n<meta property=\"og:url\" content=\"https:\/\/www.zazito.ooo\/en\/o-nas\/\" \/>\n<meta property=\"og:site_name\" content=\"Zazito.ooo\" \/>\n<meta property=\"article:publisher\" content=\"https:\/\/www.facebook.com\/zazitooo\/\" \/>\n<meta property=\"article:modified_time\" content=\"2025-04-17T14:59:32+00:00\" \/>\n<meta property=\"og:image\" content=\"https:\/\/www.zazito.ooo\/wp-content\/uploads\/2019\/07\/zazito_bohus.jpg\" \/>\n\t<meta property=\"og:image:width\" content=\"322\" \/>\n\t<meta property=\"og:image:height\" content=\"419\" \/>\n\t<meta property=\"og:image:type\" content=\"image\/jpeg\" \/>\n<meta name=\"twitter:card\" content=\"summary_large_image\" \/>\n<meta name=\"twitter:label1\" content=\"Est. reading time\" \/>\n\t<meta name=\"twitter:data1\" content=\"4 minutes\" \/>\n<script type=\"application\/ld+json\" class=\"yoast-schema-graph\">{\"@context\":\"https:\/\/schema.org\",\"@graph\":[{\"@type\":\"WebPage\",\"@id\":\"https:\/\/www.zazito.ooo\/en\/o-nas\/\",\"url\":\"https:\/\/www.zazito.ooo\/en\/o-nas\/\",\"name\":\"Z\u00e1\u017eitkov\u00e1 agent\u00fara - teambuildingov\u00e9 aktivity a eventy | Zazito.ooo\",\"isPartOf\":{\"@id\":\"https:\/\/www.zazito.ooo\/en\/#website\"},\"primaryImageOfPage\":{\"@id\":\"https:\/\/www.zazito.ooo\/en\/o-nas\/#primaryimage\"},\"image\":{\"@id\":\"https:\/\/www.zazito.ooo\/en\/o-nas\/#primaryimage\"},\"thumbnailUrl\":\"https:\/\/www.zazito.ooo\/wp-content\/uploads\/2019\/07\/zazito_bohus_cr_tn.jpg\",\"datePublished\":\"2019-06-07T16:40:21+00:00\",\"dateModified\":\"2025-04-17T14:59:32+00:00\",\"description\":\"Z\u00e1\u017eitkov\u00e1 agent\u00fara sa postar\u00e1 o nezabudnute\u013en\u00fd teambuilding a sprestrenie va\u0161ich eventov. Nev\u00e1hajte a kontaktujte n\u00e1s!\",\"breadcrumb\":{\"@id\":\"https:\/\/www.zazito.ooo\/en\/o-nas\/#breadcrumb\"},\"inLanguage\":\"en-US\",\"potentialAction\":[{\"@type\":\"ReadAction\",\"target\":[\"https:\/\/www.zazito.ooo\/en\/o-nas\/\"]}]},{\"@type\":\"ImageObject\",\"inLanguage\":\"en-US\",\"@id\":\"https:\/\/www.zazito.ooo\/en\/o-nas\/#primaryimage\",\"url\":\"https:\/\/www.zazito.ooo\/wp-content\/uploads\/2019\/07\/zazito_bohus_cr_tn.jpg\",\"contentUrl\":\"https:\/\/www.zazito.ooo\/wp-content\/uploads\/2019\/07\/zazito_bohus_cr_tn.jpg\"},{\"@type\":\"BreadcrumbList\",\"@id\":\"https:\/\/www.zazito.ooo\/en\/o-nas\/#breadcrumb\",\"itemListElement\":[{\"@type\":\"ListItem\",\"position\":1,\"name\":\"Home\",\"item\":\"https:\/\/www.zazito.ooo\/\"},{\"@type\":\"ListItem\",\"position\":2,\"name\":\"O n\u00e1s\"}]},{\"@type\":\"WebSite\",\"@id\":\"https:\/\/www.zazito.ooo\/en\/#website\",\"url\":\"https:\/\/www.zazito.ooo\/en\/\",\"name\":\"Zazito.ooo\",\"description\":\"origin\u00e1lne escape games v Bratislave\",\"publisher\":{\"@id\":\"https:\/\/www.zazito.ooo\/en\/#organization\"},\"potentialAction\":[{\"@type\":\"SearchAction\",\"target\":{\"@type\":\"EntryPoint\",\"urlTemplate\":\"https:\/\/www.zazito.ooo\/en\/?s={search_term_string}\"},\"query-input\":{\"@type\":\"PropertyValueSpecification\",\"valueRequired\":true,\"valueName\":\"search_term_string\"}}],\"inLanguage\":\"en-US\"},{\"@type\":\"Organization\",\"@id\":\"https:\/\/www.zazito.ooo\/en\/#organization\",\"name\":\"Zazito, s.r.o.\",\"url\":\"https:\/\/www.zazito.ooo\/en\/\",\"logo\":{\"@type\":\"ImageObject\",\"inLanguage\":\"en-US\",\"@id\":\"https:\/\/www.zazito.ooo\/en\/#\/schema\/logo\/image\/\",\"url\":\"https:\/\/www.zazito.ooo\/wp-content\/uploads\/2019\/08\/zazito_logo.jpg\",\"contentUrl\":\"https:\/\/www.zazito.ooo\/wp-content\/uploads\/2019\/08\/zazito_logo.jpg\",\"width\":1080,\"height\":1080,\"caption\":\"Zazito, s.r.o.\"},\"image\":{\"@id\":\"https:\/\/www.zazito.ooo\/en\/#\/schema\/logo\/image\/\"},\"sameAs\":[\"https:\/\/www.facebook.com\/zazitooo\/\",\"https:\/\/www.instagram.com\/zazito.ooo\/?hl=sk\"]}]}<\/script>\n<!-- \/ Yoast SEO plugin. -->","yoast_head_json":{"title":"Z\u00e1\u017eitkov\u00e1 agent\u00fara - teambuildingov\u00e9 aktivity a eventy | Zazito.ooo","description":"Z\u00e1\u017eitkov\u00e1 agent\u00fara sa postar\u00e1 o nezabudnute\u013en\u00fd teambuilding a sprestrenie va\u0161ich eventov. Nev\u00e1hajte a kontaktujte n\u00e1s!","robots":{"index":"index","follow":"follow","max-snippet":"max-snippet:-1","max-image-preview":"max-image-preview:large","max-video-preview":"max-video-preview:-1"},"canonical":"https:\/\/www.zazito.ooo\/en\/o-nas\/","og_locale":"en_US","og_type":"article","og_title":"Z\u00e1\u017eitkov\u00e1 agent\u00fara - teambuildingov\u00e9 aktivity a eventy | Zazito.ooo","og_description":"Z\u00e1\u017eitkov\u00e1 agent\u00fara sa postar\u00e1 o nezabudnute\u013en\u00fd teambuilding a sprestrenie va\u0161ich eventov. Nev\u00e1hajte a kontaktujte n\u00e1s!","og_url":"https:\/\/www.zazito.ooo\/en\/o-nas\/","og_site_name":"Zazito.ooo","article_publisher":"https:\/\/www.facebook.com\/zazitooo\/","article_modified_time":"2025-04-17T14:59:32+00:00","og_image":[{"width":322,"height":419,"url":"https:\/\/www.zazito.ooo\/wp-content\/uploads\/2019\/07\/zazito_bohus.jpg","type":"image\/jpeg"}],"twitter_card":"summary_large_image","twitter_misc":{"Est. reading time":"4 minutes"},"schema":{"@context":"https:\/\/schema.org","@graph":[{"@type":"WebPage","@id":"https:\/\/www.zazito.ooo\/en\/o-nas\/","url":"https:\/\/www.zazito.ooo\/en\/o-nas\/","name":"Z\u00e1\u017eitkov\u00e1 agent\u00fara - teambuildingov\u00e9 aktivity a eventy | Zazito.ooo","isPartOf":{"@id":"https:\/\/www.zazito.ooo\/en\/#website"},"primaryImageOfPage":{"@id":"https:\/\/www.zazito.ooo\/en\/o-nas\/#primaryimage"},"image":{"@id":"https:\/\/www.zazito.ooo\/en\/o-nas\/#primaryimage"},"thumbnailUrl":"https:\/\/www.zazito.ooo\/wp-content\/uploads\/2019\/07\/zazito_bohus_cr_tn.jpg","datePublished":"2019-06-07T16:40:21+00:00","dateModified":"2025-04-17T14:59:32+00:00","description":"Z\u00e1\u017eitkov\u00e1 agent\u00fara sa postar\u00e1 o nezabudnute\u013en\u00fd teambuilding a sprestrenie va\u0161ich eventov. Nev\u00e1hajte a kontaktujte n\u00e1s!","breadcrumb":{"@id":"https:\/\/www.zazito.ooo\/en\/o-nas\/#breadcrumb"},"inLanguage":"en-US","potentialAction":[{"@type":"ReadAction","target":["https:\/\/www.zazito.ooo\/en\/o-nas\/"]}]},{"@type":"ImageObject","inLanguage":"en-US","@id":"https:\/\/www.zazito.ooo\/en\/o-nas\/#primaryimage","url":"https:\/\/www.zazito.ooo\/wp-content\/uploads\/2019\/07\/zazito_bohus_cr_tn.jpg","contentUrl":"https:\/\/www.zazito.ooo\/wp-content\/uploads\/2019\/07\/zazito_bohus_cr_tn.jpg"},{"@type":"BreadcrumbList","@id":"https:\/\/www.zazito.ooo\/en\/o-nas\/#breadcrumb","itemListElement":[{"@type":"ListItem","position":1,"name":"Home","item":"https:\/\/www.zazito.ooo\/"},{"@type":"ListItem","position":2,"name":"O n\u00e1s"}]},{"@type":"WebSite","@id":"https:\/\/www.zazito.ooo\/en\/#website","url":"https:\/\/www.zazito.ooo\/en\/","name":"Zazito.ooo","description":"origin\u00e1lne escape games v Bratislave","publisher":{"@id":"https:\/\/www.zazito.ooo\/en\/#organization"},"potentialAction":[{"@type":"SearchAction","target":{"@type":"EntryPoint","urlTemplate":"https:\/\/www.zazito.ooo\/en\/?s={search_term_string}"},"query-input":{"@type":"PropertyValueSpecification","valueRequired":true,"valueName":"search_term_string"}}],"inLanguage":"en-US"},{"@type":"Organization","@id":"https:\/\/www.zazito.ooo\/en\/#organization","name":"Zazito, s.r.o.","url":"https:\/\/www.zazito.ooo\/en\/","logo":{"@type":"ImageObject","inLanguage":"en-US","@id":"https:\/\/www.zazito.ooo\/en\/#\/schema\/logo\/image\/","url":"https:\/\/www.zazito.ooo\/wp-content\/uploads\/2019\/08\/zazito_logo.jpg","contentUrl":"https:\/\/www.zazito.ooo\/wp-content\/uploads\/2019\/08\/zazito_logo.jpg","width":1080,"height":1080,"caption":"Zazito, s.r.o."},"image":{"@id":"https:\/\/www.zazito.ooo\/en\/#\/schema\/logo\/image\/"},"sameAs":["https:\/\/www.facebook.com\/zazitooo\/","https:\/\/www.instagram.com\/zazito.ooo\/?hl=sk"]}]}},"_links":{"self":[{"href":"https:\/\/www.zazito.ooo\/en\/wp-json\/wp\/v2\/pages\/2","targetHints":{"allow":["GET"]}}],"collection":[{"href":"https:\/\/www.zazito.ooo\/en\/wp-json\/wp\/v2\/pages"}],"about":[{"href":"https:\/\/www.zazito.ooo\/en\/wp-json\/wp\/v2\/types\/page"}],"author":[{"embeddable":true,"href":"https:\/\/www.zazito.ooo\/en\/wp-json\/wp\/v2\/users\/1"}],"replies":[{"embeddable":true,"href":"https:\/\/www.zazito.ooo\/en\/wp-json\/wp\/v2\/comments?post=2"}],"version-history":[{"count":7,"href":"https:\/\/www.zazito.ooo\/en\/wp-json\/wp\/v2\/pages\/2\/revisions"}],"predecessor-version":[{"id":60025,"href":"https:\/\/www.zazito.ooo\/en\/wp-json\/wp\/v2\/pages\/2\/revisions\/60025"}],"wp:attachment":[{"href":"https:\/\/www.zazito.ooo\/en\/wp-json\/wp\/v2\/media?parent=2"}],"curies":[{"name":"wp","href":"https:\/\/api.w.org\/{rel}","templated":true}]}}